{"id":1264,"date":"2023-10-05T15:37:25","date_gmt":"2023-10-05T15:37:25","guid":{"rendered":"https:\/\/izsekosanasierices.lv\/produktas\/slapta-kamera-wi-fi-laikrodis-belaidis-pakrovejas-garso-kolonele\/"},"modified":"2025-11-19T15:51:13","modified_gmt":"2025-11-19T13:51:13","slug":"pulksteni-iebuveta-slepena-kamera-ar-wifi-bezvadu-ladetajs-audio-skalrunis","status":"publish","type":"product","link":"https:\/\/izsekosanasierices.lv\/et\/produkts\/vaadata-sisseehitatud-salajane-kaamera-wifi-traadita-tuuner-audio-dial\/","title":{"rendered":"Salajane kaamera koos sisseehitatud WiFi-ga | Traadita laadija | Helik\u00f5lar"},"content":{"rendered":"<p><strong>PROMOTION: 32 GB micro SD kingitusena <\/strong><\/p>\n<p><strong>Tehnilised parameetrid:<\/strong><\/p>\n<ul>\n<li>Kaugvideo vaatamine: jah<\/li>\n<li>Video salvestamine koos heliga<\/li>\n<li>Objektiiv: OV9712<\/li>\n<li>Muusika: \u00fchenduvus BLUETOOTHi kaudu<\/li>\n<li>Termomeetriga kell<\/li>\n<li>Juhtmeta laadija<\/li>\n<li>\u00d6\u00f6n\u00e4gemine: 6 m<\/li>\n<li>Pildi kvaliteet: eelvaade - HD 1920*1080<\/li>\n<li>Foto resolutsioon: 1920*1080<\/li>\n<li>Objektiiv: 120-kraadine vaatenurk<\/li>\n<li>Video: 1 h. 360 mb<\/li>\n<li>Kaadrisagedus: 25FPS<\/li>\n<li><em>Push<\/em> teadaanded<\/li>\n<li>M\u00e4lukaardi tugi: 4 GB kuni 128 GB (kaart ei kuulu komplekti)<\/li>\n<li>Videovalve: telefoni v\u00f5i arvutiga (otse\u00fclekanne internetis)<\/li>\n<li>T\u00f6\u00f6aeg: 24 tundi \u00f6\u00f6p\u00e4evas, 7 p\u00e4eva n\u00e4dalas, pideva toiteallikaga.<\/li>\n<li>Liikumistuvastus: jah, digitaalselt<\/li>\n<li>Pakkimisformaat: avi H.264<\/li>\n<li>Video formaat: avi<\/li>\n<li>iOS, Android, Windows, Windows 7\/8\/10<\/li>\n<li>Programm \"<em>TINY CAM<\/em>\"<\/li>\n<li>Toiteallikas: sisemine v\u00f5i v\u00e4line aku; 5 V toitepistikupesa<\/li>\n<li>220v adapter (alaliseks \u00fchendamiseks vooluv\u00f5rku)<\/li>\n<li>Wi-Fi : jah<\/li>\n<li><strong>Garantii 12 kuud<\/strong><\/li>\n<\/ul>\n<p><span style=\"color: #ff0000;\"><strong>Vajad kiiret sama p\u00e4eva (ja n\u00e4dalavahetuse) kohaletoimetamist?  Helistage +37120484176<\/strong><\/span><\/p>\n<p>Kasutamine: teie ohutuse tagamiseks, laste ohutuse tagamiseks.<\/p>\n<p>Kui teie kodus k\u00e4ivad inimesed, keda te veel ei usalda, v\u00f5ib digitaalne lauaarvuti koos salakaameraga olla hea lahendus. Sellised salakaamerad valitakse sageli selleks, et veenduda, et lapsed on turvaliselt ja et majas ei ole murdvargaid.<\/p>\n<p><strong>Funktsionaalne peidetud kaamera<\/strong><\/p>\n<p>Salajase kaamera lauakella on meeldiv kasutada: seda saab kasutada mitte ainult salajase kaamera ja kellana, vaid ka temperatuurim\u00f5\u00f5tjana v\u00f5i k\u00f5larina. Muusika kuulamiseks tuleb vaid \u00fchendada mobiiltelefon (Bluetooth-\u00fchendus). Mugavalt hakkab see peidetud kaamera pildistama siis, kui tuvastatakse liikumine, s\u00e4\u00e4stes seega m\u00e4lukaardil ruumi ja v\u00e4ltides filmimist siis, kui ruumis ei toimu midagi.<\/p>\n<p><strong>Registrite kvaliteedi tagamine<\/strong><\/p>\n<p>Kellasse peidetud kaamera salvestab videot 1920\u00d71080 px resolutsiooniga, nii et teie pildid ja videod on selged. Saate teha nii fotosid kui ka videoid, nii et saate kindlasti soovitud kaadrid. Kaamera objektiivi vaatenurk on kuni 120 kraadi. Kellas peituv kaamera toetab m\u00e4lukaarte vahemikus 4 kuni 128 GB (ei kuulu komplekti), seega saad valida endale sobivaima andmekandja (\u00fche tunni video salvestamiseks m\u00e4lukaardile kulub 360 MB).<\/p>\n<p><strong>Mugav video vaatamine<\/strong><\/p>\n<p>Selle salakaameraga tehtud pilte ja videoid saab laadida arvutisse. Saate ka eemalt j\u00e4lgida videot, et saada vajalikku teavet reaalajas (kellas olev peitkaamera toetab iOS-i, Androidi, Windowsi ja Windows 7\/8\/10). Kaameral on ka \u00f6\u00f6n\u00e4gemise funktsioon, nii et saate videot teha mitte ainult siis, kui on hea valgus (\u00f6\u00f6n\u00e4gemine on v\u00f5imalik kuni 6 meetri kaugusele).<\/p>","protected":false},"excerpt":{"rendered":"<p>Kella korpusesse maskeeritud salajane kaamera. Kellal on traadita laadijad, termomeeter ja helik\u00f5lar. Online-seire kaudu <strong>WiFi<\/strong>. \u00d6\u00f6vaatlusre\u017eiim.<\/p>","protected":false},"featured_media":1642,"template":"","meta":[],"product_brand":[],"product_cat":[330,321,331],"product_tag":[397,332,325,23,333,334,328,29],"class_list":{"0":"post-1264","1":"product","2":"type-product","3":"status-publish","4":"has-post-thumbnail","6":"product_cat-masketas-kameras","7":"product_cat-sleptas-kameras","8":"product_cat-wi-fi-slepenas-kameras","9":"product_tag-audio-skalruni-kamera","10":"product_tag-izsekosanas-iekartas","11":"product_tag-izsekosanas-kamera","12":"product_tag-kamera","13":"product_tag-kameras-pulkstenis","14":"product_tag-masketa-kamera","15":"product_tag-slepena-kamera","16":"product_tag-wi-fi-kamera","18":"first","19":"outofstock","20":"taxable","21":"shipping-taxable","22":"purchasable","23":"product-type-simple"},"yoast_head":"<!-- This site is optimized with the Yoast SEO plugin v27.5 - https:\/\/yoast.com\/product\/yoast-seo-wordpress\/ -->\n<title>Slepen\u0101 kamera ar wifi bezvadu l\u0101d\u0113t\u0101js audio ska\u013crunis<\/title>\n<meta name=\"description\" content=\"Slepena kamera, kas mask\u0113ta pulkste\u0146a korpus\u0101. Pulkstenim ir bezvadu l\u0101d\u0113t\u0101jus, termometrs un audio ska\u013crunis. Uzraudz\u012bba tie\u0161saist\u0113, izmantojot WiFi.\" \/>\n<meta name=\"robots\" content=\"index, follow, max-snippet:-1, max-image-preview:large, max-video-preview:-1\" \/>\n<link rel=\"canonical\" href=\"https:\/\/izsekosanasierices.lv\/et\/produkts\/vaadata-sisseehitatud-salajane-kaamera-wifi-traadita-tuuner-audio-dial\/\" \/>\n<meta property=\"og:locale\" content=\"et_EE\" \/>\n<meta property=\"og:type\" content=\"article\" \/>\n<meta property=\"og:title\" content=\"Slepena kamera, kas mask\u0113ta pulkste\u0146a korpus\u0101 ar ska\u013cruni un kust\u012bbas sensoru\" \/>\n<meta property=\"og:description\" content=\"Slepena kamera, kas mask\u0113ta pulkste\u0146a korpus\u0101. Pulkstenis ietver bezvadu l\u0101d\u0113t\u0101ju, termometru, audio ska\u013cruni Tie\u0161saistes uzraudz\u012bba tie\u0161saist\u0113, izmantojot EI FI. Nakts redzam\u012bba\" \/>\n<meta property=\"og:url\" content=\"https:\/\/izsekosanasierices.lv\/et\/produkts\/vaadata-sisseehitatud-salajane-kaamera-wifi-traadita-tuuner-audio-dial\/\" \/>\n<meta property=\"og:site_name\" content=\"Nr1 Izseko\u0161anas ier\u012bces gps izseko\u0161anas iek\u0101rtas, klaus\u012b\u0161an\u0101s iek\u0101rtas\" \/>\n<meta property=\"article:modified_time\" content=\"2025-11-19T13:51:13+00:00\" \/>\n<meta property=\"og:image\" content=\"https:\/\/rvnski.dev\/sekimoiranga\/wp-content\/uploads\/izsekosanasierices.webp\" \/>\n<meta name=\"twitter:card\" content=\"summary_large_image\" \/>\n<meta name=\"twitter:title\" content=\"Slepena kamera, kas mask\u0113ta pulkste\u0146a korpus\u0101 ar ska\u013cruni un kust\u012bbas sensoru\" \/>\n<meta name=\"twitter:description\" content=\"Slepena kamera, kas mask\u0113ta pulkste\u0146a korpus\u0101. Pulkstenis ietver bezvadu l\u0101d\u0113t\u0101ju, termometru, audio ska\u013cruni Tie\u0161saistes uzraudz\u012bba tie\u0161saist\u0113, izmantojot EI FI. Nakts redzam\u012bba\" \/>\n<meta name=\"twitter:label1\" content=\"Est. reading time\" \/>\n\t<meta name=\"twitter:data1\" content=\"3 minutit\" \/>\n<script type=\"application\/ld+json\" class=\"yoast-schema-graph\">{\"@context\":\"https:\\\/\\\/schema.org\",\"@graph\":[{\"@type\":\"WebPage\",\"@id\":\"https:\\\/\\\/izsekosanasierices.lv\\\/produkts\\\/pulksteni-iebuveta-slepena-kamera-ar-wifi-bezvadu-ladetajs-audio-skalrunis\\\/\",\"url\":\"https:\\\/\\\/izsekosanasierices.lv\\\/produkts\\\/pulksteni-iebuveta-slepena-kamera-ar-wifi-bezvadu-ladetajs-audio-skalrunis\\\/\",\"name\":\"Slepen\u0101 kamera ar wifi bezvadu l\u0101d\u0113t\u0101js audio ska\u013crunis\",\"isPartOf\":{\"@id\":\"https:\\\/\\\/izsekosanasierices.lv\\\/#website\"},\"primaryImageOfPage\":{\"@id\":\"https:\\\/\\\/izsekosanasierices.lv\\\/produkts\\\/pulksteni-iebuveta-slepena-kamera-ar-wifi-bezvadu-ladetajs-audio-skalrunis\\\/#primaryimage\"},\"image\":{\"@id\":\"https:\\\/\\\/izsekosanasierices.lv\\\/produkts\\\/pulksteni-iebuveta-slepena-kamera-ar-wifi-bezvadu-ladetajs-audio-skalrunis\\\/#primaryimage\"},\"thumbnailUrl\":\"https:\\\/\\\/izsekosanasierices.lv\\\/wp-content\\\/uploads\\\/izsekosanasierices-slapta-kamera-wi-fi-laikrodis-belaidis-pakrovejas-garso-kolonele.jpg\",\"datePublished\":\"2023-10-05T15:37:25+00:00\",\"dateModified\":\"2025-11-19T13:51:13+00:00\",\"description\":\"Slepena kamera, kas mask\u0113ta pulkste\u0146a korpus\u0101. Pulkstenim ir bezvadu l\u0101d\u0113t\u0101jus, termometrs un audio ska\u013crunis. Uzraudz\u012bba tie\u0161saist\u0113, izmantojot WiFi.\",\"breadcrumb\":{\"@id\":\"https:\\\/\\\/izsekosanasierices.lv\\\/produkts\\\/pulksteni-iebuveta-slepena-kamera-ar-wifi-bezvadu-ladetajs-audio-skalrunis\\\/#breadcrumb\"},\"inLanguage\":\"et\",\"potentialAction\":[{\"@type\":\"ReadAction\",\"target\":[\"https:\\\/\\\/izsekosanasierices.lv\\\/produkts\\\/pulksteni-iebuveta-slepena-kamera-ar-wifi-bezvadu-ladetajs-audio-skalrunis\\\/\"]}]},{\"@type\":\"ImageObject\",\"inLanguage\":\"et\",\"@id\":\"https:\\\/\\\/izsekosanasierices.lv\\\/produkts\\\/pulksteni-iebuveta-slepena-kamera-ar-wifi-bezvadu-ladetajs-audio-skalrunis\\\/#primaryimage\",\"url\":\"https:\\\/\\\/izsekosanasierices.lv\\\/wp-content\\\/uploads\\\/izsekosanasierices-slapta-kamera-wi-fi-laikrodis-belaidis-pakrovejas-garso-kolonele.jpg\",\"contentUrl\":\"https:\\\/\\\/izsekosanasierices.lv\\\/wp-content\\\/uploads\\\/izsekosanasierices-slapta-kamera-wi-fi-laikrodis-belaidis-pakrovejas-garso-kolonele.jpg\",\"width\":458,\"height\":458,\"caption\":\"Slaptos steb\u0117jimo kameros su WI fi\"},{\"@type\":\"BreadcrumbList\",\"@id\":\"https:\\\/\\\/izsekosanasierices.lv\\\/produkts\\\/pulksteni-iebuveta-slepena-kamera-ar-wifi-bezvadu-ladetajs-audio-skalrunis\\\/#breadcrumb\",\"itemListElement\":[{\"@type\":\"ListItem\",\"position\":1,\"name\":\"S\u0101kums\",\"item\":\"https:\\\/\\\/izsekosanasierices.lv\\\/\"},{\"@type\":\"ListItem\",\"position\":2,\"name\":\"Veikals\",\"item\":\"https:\\\/\\\/izsekosanasierices.lv\\\/veikals\\\/\"},{\"@type\":\"ListItem\",\"position\":3,\"name\":\"Pulksten\u012b ieb\u016bv\u0113ta slepen\u0101 kamera ar WiFi | Bezvadu l\u0101d\u0113t\u0101js | Audio ska\u013crunis\"}]},{\"@type\":\"WebSite\",\"@id\":\"https:\\\/\\\/izsekosanasierices.lv\\\/#website\",\"url\":\"https:\\\/\\\/izsekosanasierices.lv\\\/\",\"name\":\"Nr1 Izseko\u0161anas ier\u012bces gps izseko\u0161anas iek\u0101rtas, klaus\u012b\u0161an\u0101s iek\u0101rtas\",\"description\":\"\",\"potentialAction\":[{\"@type\":\"SearchAction\",\"target\":{\"@type\":\"EntryPoint\",\"urlTemplate\":\"https:\\\/\\\/izsekosanasierices.lv\\\/?s={search_term_string}\"},\"query-input\":{\"@type\":\"PropertyValueSpecification\",\"valueRequired\":true,\"valueName\":\"search_term_string\"}}],\"inLanguage\":\"et\"}]}<\/script>\n<!-- \/ Yoast SEO plugin. -->","yoast_head_json":{"title":"Slepen\u0101 kamera ar wifi bezvadu l\u0101d\u0113t\u0101js audio ska\u013crunis","description":"Slepena kamera, kas mask\u0113ta pulkste\u0146a korpus\u0101. Pulkstenim ir bezvadu l\u0101d\u0113t\u0101jus, termometrs un audio ska\u013crunis. Uzraudz\u012bba tie\u0161saist\u0113, izmantojot WiFi.","robots":{"index":"index","follow":"follow","max-snippet":"max-snippet:-1","max-image-preview":"max-image-preview:large","max-video-preview":"max-video-preview:-1"},"canonical":"https:\/\/izsekosanasierices.lv\/et\/produkts\/vaadata-sisseehitatud-salajane-kaamera-wifi-traadita-tuuner-audio-dial\/","og_locale":"et_EE","og_type":"article","og_title":"Slepena kamera, kas mask\u0113ta pulkste\u0146a korpus\u0101 ar ska\u013cruni un kust\u012bbas sensoru","og_description":"Slepena kamera, kas mask\u0113ta pulkste\u0146a korpus\u0101. Pulkstenis ietver bezvadu l\u0101d\u0113t\u0101ju, termometru, audio ska\u013cruni Tie\u0161saistes uzraudz\u012bba tie\u0161saist\u0113, izmantojot EI FI. Nakts redzam\u012bba","og_url":"https:\/\/izsekosanasierices.lv\/et\/produkts\/vaadata-sisseehitatud-salajane-kaamera-wifi-traadita-tuuner-audio-dial\/","og_site_name":"Nr1 Izseko\u0161anas ier\u012bces gps izseko\u0161anas iek\u0101rtas, klaus\u012b\u0161an\u0101s iek\u0101rtas","article_modified_time":"2025-11-19T13:51:13+00:00","og_image":[{"url":"https:\/\/rvnski.dev\/sekimoiranga\/wp-content\/uploads\/izsekosanasierices.webp","type":"","width":"","height":""}],"twitter_card":"summary_large_image","twitter_title":"Slepena kamera, kas mask\u0113ta pulkste\u0146a korpus\u0101 ar ska\u013cruni un kust\u012bbas sensoru","twitter_description":"Slepena kamera, kas mask\u0113ta pulkste\u0146a korpus\u0101. Pulkstenis ietver bezvadu l\u0101d\u0113t\u0101ju, termometru, audio ska\u013cruni Tie\u0161saistes uzraudz\u012bba tie\u0161saist\u0113, izmantojot EI FI. Nakts redzam\u012bba","twitter_misc":{"Est. reading time":"3 minutit"},"schema":{"@context":"https:\/\/schema.org","@graph":[{"@type":"WebPage","@id":"https:\/\/izsekosanasierices.lv\/produkts\/pulksteni-iebuveta-slepena-kamera-ar-wifi-bezvadu-ladetajs-audio-skalrunis\/","url":"https:\/\/izsekosanasierices.lv\/produkts\/pulksteni-iebuveta-slepena-kamera-ar-wifi-bezvadu-ladetajs-audio-skalrunis\/","name":"Slepen\u0101 kamera ar wifi bezvadu l\u0101d\u0113t\u0101js audio ska\u013crunis","isPartOf":{"@id":"https:\/\/izsekosanasierices.lv\/#website"},"primaryImageOfPage":{"@id":"https:\/\/izsekosanasierices.lv\/produkts\/pulksteni-iebuveta-slepena-kamera-ar-wifi-bezvadu-ladetajs-audio-skalrunis\/#primaryimage"},"image":{"@id":"https:\/\/izsekosanasierices.lv\/produkts\/pulksteni-iebuveta-slepena-kamera-ar-wifi-bezvadu-ladetajs-audio-skalrunis\/#primaryimage"},"thumbnailUrl":"https:\/\/izsekosanasierices.lv\/wp-content\/uploads\/izsekosanasierices-slapta-kamera-wi-fi-laikrodis-belaidis-pakrovejas-garso-kolonele.jpg","datePublished":"2023-10-05T15:37:25+00:00","dateModified":"2025-11-19T13:51:13+00:00","description":"Slepena kamera, kas mask\u0113ta pulkste\u0146a korpus\u0101. Pulkstenim ir bezvadu l\u0101d\u0113t\u0101jus, termometrs un audio ska\u013crunis. Uzraudz\u012bba tie\u0161saist\u0113, izmantojot WiFi.","breadcrumb":{"@id":"https:\/\/izsekosanasierices.lv\/produkts\/pulksteni-iebuveta-slepena-kamera-ar-wifi-bezvadu-ladetajs-audio-skalrunis\/#breadcrumb"},"inLanguage":"et","potentialAction":[{"@type":"ReadAction","target":["https:\/\/izsekosanasierices.lv\/produkts\/pulksteni-iebuveta-slepena-kamera-ar-wifi-bezvadu-ladetajs-audio-skalrunis\/"]}]},{"@type":"ImageObject","inLanguage":"et","@id":"https:\/\/izsekosanasierices.lv\/produkts\/pulksteni-iebuveta-slepena-kamera-ar-wifi-bezvadu-ladetajs-audio-skalrunis\/#primaryimage","url":"https:\/\/izsekosanasierices.lv\/wp-content\/uploads\/izsekosanasierices-slapta-kamera-wi-fi-laikrodis-belaidis-pakrovejas-garso-kolonele.jpg","contentUrl":"https:\/\/izsekosanasierices.lv\/wp-content\/uploads\/izsekosanasierices-slapta-kamera-wi-fi-laikrodis-belaidis-pakrovejas-garso-kolonele.jpg","width":458,"height":458,"caption":"Slaptos steb\u0117jimo kameros su WI fi"},{"@type":"BreadcrumbList","@id":"https:\/\/izsekosanasierices.lv\/produkts\/pulksteni-iebuveta-slepena-kamera-ar-wifi-bezvadu-ladetajs-audio-skalrunis\/#breadcrumb","itemListElement":[{"@type":"ListItem","position":1,"name":"S\u0101kums","item":"https:\/\/izsekosanasierices.lv\/"},{"@type":"ListItem","position":2,"name":"Veikals","item":"https:\/\/izsekosanasierices.lv\/veikals\/"},{"@type":"ListItem","position":3,"name":"Pulksten\u012b ieb\u016bv\u0113ta slepen\u0101 kamera ar WiFi | Bezvadu l\u0101d\u0113t\u0101js | Audio ska\u013crunis"}]},{"@type":"WebSite","@id":"https:\/\/izsekosanasierices.lv\/#website","url":"https:\/\/izsekosanasierices.lv\/","name":"Nr1 Izseko\u0161anas ier\u012bces gps izseko\u0161anas iek\u0101rtas, klaus\u012b\u0161an\u0101s iek\u0101rtas","description":"","potentialAction":[{"@type":"SearchAction","target":{"@type":"EntryPoint","urlTemplate":"https:\/\/izsekosanasierices.lv\/?s={search_term_string}"},"query-input":{"@type":"PropertyValueSpecification","valueRequired":true,"valueName":"search_term_string"}}],"inLanguage":"et"}]}},"_links":{"self":[{"href":"https:\/\/izsekosanasierices.lv\/et\/wp-json\/wp\/v2\/product\/1264","targetHints":{"allow":["GET"]}}],"collection":[{"href":"https:\/\/izsekosanasierices.lv\/et\/wp-json\/wp\/v2\/product"}],"about":[{"href":"https:\/\/izsekosanasierices.lv\/et\/wp-json\/wp\/v2\/types\/product"}],"wp:featuredmedia":[{"embeddable":true,"href":"https:\/\/izsekosanasierices.lv\/et\/wp-json\/wp\/v2\/media\/1642"}],"wp:attachment":[{"href":"https:\/\/izsekosanasierices.lv\/et\/wp-json\/wp\/v2\/media?parent=1264"}],"wp:term":[{"taxonomy":"product_brand","embeddable":true,"href":"https:\/\/izsekosanasierices.lv\/et\/wp-json\/wp\/v2\/product_brand?post=1264"},{"taxonomy":"product_cat","embeddable":true,"href":"https:\/\/izsekosanasierices.lv\/et\/wp-json\/wp\/v2\/product_cat?post=1264"},{"taxonomy":"product_tag","embeddable":true,"href":"https:\/\/izsekosanasierices.lv\/et\/wp-json\/wp\/v2\/product_tag?post=1264"}],"curies":[{"name":"wp","href":"https:\/\/api.w.org\/{rel}","templated":true}]}}