{"id":1265,"date":"2023-10-05T15:37:25","date_gmt":"2023-10-05T15:37:25","guid":{"rendered":"https:\/\/izsekosanasierices.lv\/produktas\/slapta-kamera-uzmaskuota-nuotoliniame-termometre-su-naktiniu-matymu\/"},"modified":"2025-11-19T15:48:36","modified_gmt":"2025-11-19T13:48:36","slug":"talvadibas-termometra-masketa-slepena-kamera-ar-nakts-redzamibas-funkciju","status":"publish","type":"product","link":"https:\/\/izsekosanasierices.lv\/et\/produkts\/talvadibas-termomeeter-maskeeritud-salajane-kaamera-oise-nagemise-funktsiooniga\/","title":{"rendered":"Salajane kaamera \u00f6\u00f6n\u00e4gemisega, mis on maskeeritud kaugtermomeetrisse"},"content":{"rendered":"<h3><strong>Tehnilised parameetrid:<\/strong><\/h3>\n<ul>\n<li>Kaugvideo vaatamine: jah<\/li>\n<li>Video salvestamine koos heliga<\/li>\n<li>Objektiiv: OV9712<\/li>\n<li>\u00d6\u00f6n\u00e4gemine: 3 m<\/li>\n<li>Pildi kvaliteet: eelvaade - HD 1920*1080<\/li>\n<li>Foto resolutsioon: 1920*1080<\/li>\n<li>Objektiiv: 120-kraadine vaatenurk<\/li>\n<li>Video: 1 h 360mb<\/li>\n<li>Kaadrisagedus : 25FPS<\/li>\n<li><span style=\"font-style: normal !msorm;\"><em>Push<\/em><\/span> teadaanded<\/li>\n<li>M\u00e4lukaardi tugi: 4 GB kuni 128 GB (kaart ei kuulu komplekti)<\/li>\n<li>Videovalve: telefoni v\u00f5i arvutiga (otse\u00fclekanne internetis)<\/li>\n<li>T\u00f6\u00f6aeg: 24 tundi \u00f6\u00f6p\u00e4evas, 7 p\u00e4eva n\u00e4dalas, pideva toiteallikaga.<\/li>\n<li>Aku: 3000 mAh<\/li>\n<li>Liikumistuvastus: jah, digitaalselt<\/li>\n<li>Pakkimisformaat: avi H.264<\/li>\n<li>Video formaat: avi<\/li>\n<li>\u00dchilduvus: iOS, Android, Windows<\/li>\n<li>Taotlus: saadaval<\/li>\n<li>Toiteallikas: sisemine v\u00f5i v\u00e4line aku; 5 V toitepistikupesa<\/li>\n<li>Wi-Fi: jah<\/li>\n<li><strong>Garantii 12 kuud<\/strong><\/li>\n<\/ul>\n<p><strong>\u00a0<\/strong><\/p>\n<p><span style=\"color: #ff0000;\"><strong>Vajad kiiret sama p\u00e4eva (ja n\u00e4dalavahetuse) kohaletoimetamist?  Helistage +37120484176<\/strong><\/span><\/p>\n<p>&nbsp;<\/p>\n<p>Kasutamine: teie ohutuse tagamiseks, laste ohutuse tagamiseks.<\/p>\n<p>Kuna kaugjuhitavate termomeetrite kasutamine muutub \u00fcha populaarsemaks, kasutatakse seda peidetud kaamerate varjamiseks. Kaugjuhitav termomeeter koos salakaameraga on \u00fcks parimaid valikuid, kui soovite tagada, et keegi ei kahtlustaks, et te filmite, nii et saate selle turvaliselt erinevatesse ruumidesse j\u00e4tta. Salakaameraid valitakse sageli selleks, et veenduda, et personal on aus, et majahoidja v\u00f5i lapsehoidja on usaldusv\u00e4\u00e4rne jne.<\/p>\n<p>&nbsp;<\/p>\n<p><strong>\u00d6\u00f6vaatlusfunktsioon<\/strong><\/p>\n<p>Varjatud piltide ja videote tegemisel tuleb m\u00f5nikord veenduda, et valgustus on piisavalt hea. Kui see ei ole nii, tehakse m\u00f5nikord kehva kvaliteediga kaadreid. \u00d6\u00f6vaatega peidetud kaamera on alati hea valik, kui soovite filmida mitte ainult p\u00e4eval, vaid ka p\u00e4rast pimedat. \u00d6\u00f6n\u00e4gemisfunktsiooniga kaugkuvarjutuskaameraid ja peegelkaameraid saab kasutada kuni kolme meetri kauguselt, nii et saate olla kindel, et filmimine on katkematu.<\/p>\n<p><strong>\u00a0<\/strong><\/p>\n<p><strong>Video eelvaade<\/strong><\/p>\n<p>Saate salvestatud pilte vaadata oma telefonis v\u00f5i arvutis (kaamera \u00fchildub iOS-i, Androidi, Windowsi ja Windows 7\/8\/10-ga). Selle kaameraga saate <strong>videosalvestus <\/strong>saate vaadata online reaalajas v\u00f5i edastada oma arvutisse. Varjatud kaamera toetab 4 - 128 gigabaidi m\u00e4lukaarte, nii et saate valida teile sobivaima meediumi (tund videot m\u00e4lukaardil n\u00f5uab 360 MB).<\/p>\n<p><strong>\u00a0<\/strong><\/p>\n<p><strong>Lihtne kasutada kaamerat<\/strong><\/p>\n<p>Kuni 120-kraadise vaatenurgaga v\u00f5ite olla kindel, et see kaugtermomeetrisse peidetud salakaamera annab selge ja kvaliteetse pildi. Te ei pea muretsema, et kaamera aku saab halvimal v\u00f5imalikul hetkel t\u00fchjaks, sest see saab voolu pistikupesast. Teie mugavuse huvides on kaameral liikumistuvastuse funktsioon, mis s\u00e4\u00e4stab m\u00e4lukaardi ruumi ja v\u00e4ldib filmimist, kui midagi ei toimu. Kaamera j\u00e4\u00e4dvustab videot kuni 1920\u00d71080 px resolutsiooniga, nii et n\u00e4ete detaile selgelt.<\/p>\n<p>Kui soovite hajutada kahtlusi ja soovite salaja j\u00e4lgida, mida inimesed igal hetkel teevad, on peidetud kaameraga kaugtermomeeter \u00f5ige valik.<\/p>","protected":false},"excerpt":{"rendered":"<p>Sisseehitatud varjatud kambriga termomeeter. \u00d6\u00f6n\u00e4gemine kuni 3 meetri kaugusele. Otsene online-aruandlus. Kvaliteetne videomaterjal. Tasuta kohaletoimetamine.<\/p>","protected":false},"featured_media":1648,"template":"","meta":[],"product_brand":[],"product_cat":[330,321,331],"product_tag":[397,332,325,23,333,334,328,29],"class_list":{"0":"post-1265","1":"product","2":"type-product","3":"status-publish","4":"has-post-thumbnail","6":"product_cat-masketas-kameras","7":"product_cat-sleptas-kameras","8":"product_cat-wi-fi-slepenas-kameras","9":"product_tag-audio-skalruni-kamera","10":"product_tag-izsekosanas-iekartas","11":"product_tag-izsekosanas-kamera","12":"product_tag-kamera","13":"product_tag-kameras-pulkstenis","14":"product_tag-masketa-kamera","15":"product_tag-slepena-kamera","16":"product_tag-wi-fi-kamera","18":"first","19":"outofstock","20":"taxable","21":"shipping-taxable","22":"purchasable","23":"product-type-simple"},"yoast_head":"<!-- This site is optimized with the Yoast SEO plugin v27.5 - https:\/\/yoast.com\/product\/yoast-seo-wordpress\/ -->\n<title>T\u0101lvad\u012bbas termometr\u0101 slepen\u0101 kamera nakts redzam\u012bbas funkciju<\/title>\n<meta name=\"description\" content=\"Termometrs ar ieb\u016bv\u0113tu sl\u0113pto kameru. Nakts redzam\u012bba l\u012bdz 3 metriem. Tie\u0161saistes p\u0101rskats tie\u0161raid\u0113. Augstas kvalit\u0101tes videomateri\u0101li. Bezmaksas pieg\u0101de.\" \/>\n<meta name=\"robots\" content=\"index, follow, max-snippet:-1, max-image-preview:large, max-video-preview:-1\" \/>\n<link rel=\"canonical\" href=\"https:\/\/izsekosanasierices.lv\/et\/produkts\/talvadibas-termomeeter-maskeeritud-salajane-kaamera-oise-nagemise-funktsiooniga\/\" \/>\n<meta property=\"og:locale\" content=\"et_EE\" \/>\n<meta property=\"og:type\" content=\"article\" \/>\n<meta property=\"og:title\" content=\"Termometrs ar sl\u0113pto sl\u0101nek\u013ca nov\u0113ro\u0161anas kameru WI FI\" \/>\n<meta property=\"og:description\" content=\"Termometrs ar ieb\u016bv\u0113tu sl\u0113pto kameru Nakts redzam\u012bba l\u012bdz 3 metriem Tie\u0161saistes p\u0101rskats tie\u0161saist\u0113 Augstas kvalit\u0101tes materi\u0101li Bezmaksas pieg\u0101de\" \/>\n<meta property=\"og:url\" content=\"https:\/\/izsekosanasierices.lv\/et\/produkts\/talvadibas-termomeeter-maskeeritud-salajane-kaamera-oise-nagemise-funktsiooniga\/\" \/>\n<meta property=\"og:site_name\" content=\"Nr1 Izseko\u0161anas ier\u012bces gps izseko\u0161anas iek\u0101rtas, klaus\u012b\u0161an\u0101s iek\u0101rtas\" \/>\n<meta property=\"article:modified_time\" content=\"2025-11-19T13:48:36+00:00\" \/>\n<meta property=\"og:image\" content=\"https:\/\/rvnski.dev\/sekimoiranga\/wp-content\/uploads\/izsekosanasierices.webp\" \/>\n<meta name=\"twitter:card\" content=\"summary_large_image\" \/>\n<meta name=\"twitter:title\" content=\"Termometrs ar sl\u0113pto sl\u0101nek\u013ca nov\u0113ro\u0161anas kameru WI FI\" \/>\n<meta name=\"twitter:description\" content=\"Termometrs ar ieb\u016bv\u0113tu sl\u0113pto kameru Nakts redzam\u012bba l\u012bdz 3 metriem Tie\u0161saistes p\u0101rskats tie\u0161saist\u0113 Augstas kvalit\u0101tes materi\u0101li Bezmaksas pieg\u0101de\" \/>\n<meta name=\"twitter:label1\" content=\"Est. reading time\" \/>\n\t<meta name=\"twitter:data1\" content=\"3 minutit\" \/>\n<script type=\"application\/ld+json\" class=\"yoast-schema-graph\">{\"@context\":\"https:\\\/\\\/schema.org\",\"@graph\":[{\"@type\":\"WebPage\",\"@id\":\"https:\\\/\\\/izsekosanasierices.lv\\\/produkts\\\/talvadibas-termometra-masketa-slepena-kamera-ar-nakts-redzamibas-funkciju\\\/\",\"url\":\"https:\\\/\\\/izsekosanasierices.lv\\\/produkts\\\/talvadibas-termometra-masketa-slepena-kamera-ar-nakts-redzamibas-funkciju\\\/\",\"name\":\"T\u0101lvad\u012bbas termometr\u0101 slepen\u0101 kamera nakts redzam\u012bbas funkciju\",\"isPartOf\":{\"@id\":\"https:\\\/\\\/izsekosanasierices.lv\\\/#website\"},\"primaryImageOfPage\":{\"@id\":\"https:\\\/\\\/izsekosanasierices.lv\\\/produkts\\\/talvadibas-termometra-masketa-slepena-kamera-ar-nakts-redzamibas-funkciju\\\/#primaryimage\"},\"image\":{\"@id\":\"https:\\\/\\\/izsekosanasierices.lv\\\/produkts\\\/talvadibas-termometra-masketa-slepena-kamera-ar-nakts-redzamibas-funkciju\\\/#primaryimage\"},\"thumbnailUrl\":\"https:\\\/\\\/izsekosanasierices.lv\\\/wp-content\\\/uploads\\\/izsekosanasierices-slapta-kamera-uzmaskuota-nuotoliniame-termometre-su-naktiniu-matymu.jpg\",\"datePublished\":\"2023-10-05T15:37:25+00:00\",\"dateModified\":\"2025-11-19T13:48:36+00:00\",\"description\":\"Termometrs ar ieb\u016bv\u0113tu sl\u0113pto kameru. Nakts redzam\u012bba l\u012bdz 3 metriem. Tie\u0161saistes p\u0101rskats tie\u0161raid\u0113. Augstas kvalit\u0101tes videomateri\u0101li. Bezmaksas pieg\u0101de.\",\"breadcrumb\":{\"@id\":\"https:\\\/\\\/izsekosanasierices.lv\\\/produkts\\\/talvadibas-termometra-masketa-slepena-kamera-ar-nakts-redzamibas-funkciju\\\/#breadcrumb\"},\"inLanguage\":\"et\",\"potentialAction\":[{\"@type\":\"ReadAction\",\"target\":[\"https:\\\/\\\/izsekosanasierices.lv\\\/produkts\\\/talvadibas-termometra-masketa-slepena-kamera-ar-nakts-redzamibas-funkciju\\\/\"]}]},{\"@type\":\"ImageObject\",\"inLanguage\":\"et\",\"@id\":\"https:\\\/\\\/izsekosanasierices.lv\\\/produkts\\\/talvadibas-termometra-masketa-slepena-kamera-ar-nakts-redzamibas-funkciju\\\/#primaryimage\",\"url\":\"https:\\\/\\\/izsekosanasierices.lv\\\/wp-content\\\/uploads\\\/izsekosanasierices-slapta-kamera-uzmaskuota-nuotoliniame-termometre-su-naktiniu-matymu.jpg\",\"contentUrl\":\"https:\\\/\\\/izsekosanasierices.lv\\\/wp-content\\\/uploads\\\/izsekosanasierices-slapta-kamera-uzmaskuota-nuotoliniame-termometre-su-naktiniu-matymu.jpg\",\"width\":458,\"height\":458,\"caption\":\"Termometras su slapta steb\u0117jimo kamera ir naktiniu matymu\"},{\"@type\":\"BreadcrumbList\",\"@id\":\"https:\\\/\\\/izsekosanasierices.lv\\\/produkts\\\/talvadibas-termometra-masketa-slepena-kamera-ar-nakts-redzamibas-funkciju\\\/#breadcrumb\",\"itemListElement\":[{\"@type\":\"ListItem\",\"position\":1,\"name\":\"S\u0101kums\",\"item\":\"https:\\\/\\\/izsekosanasierices.lv\\\/\"},{\"@type\":\"ListItem\",\"position\":2,\"name\":\"Veikals\",\"item\":\"https:\\\/\\\/izsekosanasierices.lv\\\/veikals\\\/\"},{\"@type\":\"ListItem\",\"position\":3,\"name\":\"T\u0101lvad\u012bbas termometr\u0101 mask\u0113ta slepen\u0101 kamera ar nakts redzam\u012bbas funkciju\"}]},{\"@type\":\"WebSite\",\"@id\":\"https:\\\/\\\/izsekosanasierices.lv\\\/#website\",\"url\":\"https:\\\/\\\/izsekosanasierices.lv\\\/\",\"name\":\"Nr1 Izseko\u0161anas ier\u012bces gps izseko\u0161anas iek\u0101rtas, klaus\u012b\u0161an\u0101s iek\u0101rtas\",\"description\":\"\",\"potentialAction\":[{\"@type\":\"SearchAction\",\"target\":{\"@type\":\"EntryPoint\",\"urlTemplate\":\"https:\\\/\\\/izsekosanasierices.lv\\\/?s={search_term_string}\"},\"query-input\":{\"@type\":\"PropertyValueSpecification\",\"valueRequired\":true,\"valueName\":\"search_term_string\"}}],\"inLanguage\":\"et\"}]}<\/script>\n<!-- \/ Yoast SEO plugin. -->","yoast_head_json":{"title":"T\u0101lvad\u012bbas termometr\u0101 slepen\u0101 kamera nakts redzam\u012bbas funkciju","description":"Termometrs ar ieb\u016bv\u0113tu sl\u0113pto kameru. Nakts redzam\u012bba l\u012bdz 3 metriem. Tie\u0161saistes p\u0101rskats tie\u0161raid\u0113. Augstas kvalit\u0101tes videomateri\u0101li. Bezmaksas pieg\u0101de.","robots":{"index":"index","follow":"follow","max-snippet":"max-snippet:-1","max-image-preview":"max-image-preview:large","max-video-preview":"max-video-preview:-1"},"canonical":"https:\/\/izsekosanasierices.lv\/et\/produkts\/talvadibas-termomeeter-maskeeritud-salajane-kaamera-oise-nagemise-funktsiooniga\/","og_locale":"et_EE","og_type":"article","og_title":"Termometrs ar sl\u0113pto sl\u0101nek\u013ca nov\u0113ro\u0161anas kameru WI FI","og_description":"Termometrs ar ieb\u016bv\u0113tu sl\u0113pto kameru Nakts redzam\u012bba l\u012bdz 3 metriem Tie\u0161saistes p\u0101rskats tie\u0161saist\u0113 Augstas kvalit\u0101tes materi\u0101li Bezmaksas pieg\u0101de","og_url":"https:\/\/izsekosanasierices.lv\/et\/produkts\/talvadibas-termomeeter-maskeeritud-salajane-kaamera-oise-nagemise-funktsiooniga\/","og_site_name":"Nr1 Izseko\u0161anas ier\u012bces gps izseko\u0161anas iek\u0101rtas, klaus\u012b\u0161an\u0101s iek\u0101rtas","article_modified_time":"2025-11-19T13:48:36+00:00","og_image":[{"url":"https:\/\/rvnski.dev\/sekimoiranga\/wp-content\/uploads\/izsekosanasierices.webp","type":"","width":"","height":""}],"twitter_card":"summary_large_image","twitter_title":"Termometrs ar sl\u0113pto sl\u0101nek\u013ca nov\u0113ro\u0161anas kameru WI FI","twitter_description":"Termometrs ar ieb\u016bv\u0113tu sl\u0113pto kameru Nakts redzam\u012bba l\u012bdz 3 metriem Tie\u0161saistes p\u0101rskats tie\u0161saist\u0113 Augstas kvalit\u0101tes materi\u0101li Bezmaksas pieg\u0101de","twitter_misc":{"Est. reading time":"3 minutit"},"schema":{"@context":"https:\/\/schema.org","@graph":[{"@type":"WebPage","@id":"https:\/\/izsekosanasierices.lv\/produkts\/talvadibas-termometra-masketa-slepena-kamera-ar-nakts-redzamibas-funkciju\/","url":"https:\/\/izsekosanasierices.lv\/produkts\/talvadibas-termometra-masketa-slepena-kamera-ar-nakts-redzamibas-funkciju\/","name":"T\u0101lvad\u012bbas termometr\u0101 slepen\u0101 kamera nakts redzam\u012bbas funkciju","isPartOf":{"@id":"https:\/\/izsekosanasierices.lv\/#website"},"primaryImageOfPage":{"@id":"https:\/\/izsekosanasierices.lv\/produkts\/talvadibas-termometra-masketa-slepena-kamera-ar-nakts-redzamibas-funkciju\/#primaryimage"},"image":{"@id":"https:\/\/izsekosanasierices.lv\/produkts\/talvadibas-termometra-masketa-slepena-kamera-ar-nakts-redzamibas-funkciju\/#primaryimage"},"thumbnailUrl":"https:\/\/izsekosanasierices.lv\/wp-content\/uploads\/izsekosanasierices-slapta-kamera-uzmaskuota-nuotoliniame-termometre-su-naktiniu-matymu.jpg","datePublished":"2023-10-05T15:37:25+00:00","dateModified":"2025-11-19T13:48:36+00:00","description":"Termometrs ar ieb\u016bv\u0113tu sl\u0113pto kameru. Nakts redzam\u012bba l\u012bdz 3 metriem. Tie\u0161saistes p\u0101rskats tie\u0161raid\u0113. Augstas kvalit\u0101tes videomateri\u0101li. Bezmaksas pieg\u0101de.","breadcrumb":{"@id":"https:\/\/izsekosanasierices.lv\/produkts\/talvadibas-termometra-masketa-slepena-kamera-ar-nakts-redzamibas-funkciju\/#breadcrumb"},"inLanguage":"et","potentialAction":[{"@type":"ReadAction","target":["https:\/\/izsekosanasierices.lv\/produkts\/talvadibas-termometra-masketa-slepena-kamera-ar-nakts-redzamibas-funkciju\/"]}]},{"@type":"ImageObject","inLanguage":"et","@id":"https:\/\/izsekosanasierices.lv\/produkts\/talvadibas-termometra-masketa-slepena-kamera-ar-nakts-redzamibas-funkciju\/#primaryimage","url":"https:\/\/izsekosanasierices.lv\/wp-content\/uploads\/izsekosanasierices-slapta-kamera-uzmaskuota-nuotoliniame-termometre-su-naktiniu-matymu.jpg","contentUrl":"https:\/\/izsekosanasierices.lv\/wp-content\/uploads\/izsekosanasierices-slapta-kamera-uzmaskuota-nuotoliniame-termometre-su-naktiniu-matymu.jpg","width":458,"height":458,"caption":"Termometras su slapta steb\u0117jimo kamera ir naktiniu matymu"},{"@type":"BreadcrumbList","@id":"https:\/\/izsekosanasierices.lv\/produkts\/talvadibas-termometra-masketa-slepena-kamera-ar-nakts-redzamibas-funkciju\/#breadcrumb","itemListElement":[{"@type":"ListItem","position":1,"name":"S\u0101kums","item":"https:\/\/izsekosanasierices.lv\/"},{"@type":"ListItem","position":2,"name":"Veikals","item":"https:\/\/izsekosanasierices.lv\/veikals\/"},{"@type":"ListItem","position":3,"name":"T\u0101lvad\u012bbas termometr\u0101 mask\u0113ta slepen\u0101 kamera ar nakts redzam\u012bbas funkciju"}]},{"@type":"WebSite","@id":"https:\/\/izsekosanasierices.lv\/#website","url":"https:\/\/izsekosanasierices.lv\/","name":"Nr1 Izseko\u0161anas ier\u012bces gps izseko\u0161anas iek\u0101rtas, klaus\u012b\u0161an\u0101s iek\u0101rtas","description":"","potentialAction":[{"@type":"SearchAction","target":{"@type":"EntryPoint","urlTemplate":"https:\/\/izsekosanasierices.lv\/?s={search_term_string}"},"query-input":{"@type":"PropertyValueSpecification","valueRequired":true,"valueName":"search_term_string"}}],"inLanguage":"et"}]}},"_links":{"self":[{"href":"https:\/\/izsekosanasierices.lv\/et\/wp-json\/wp\/v2\/product\/1265","targetHints":{"allow":["GET"]}}],"collection":[{"href":"https:\/\/izsekosanasierices.lv\/et\/wp-json\/wp\/v2\/product"}],"about":[{"href":"https:\/\/izsekosanasierices.lv\/et\/wp-json\/wp\/v2\/types\/product"}],"wp:featuredmedia":[{"embeddable":true,"href":"https:\/\/izsekosanasierices.lv\/et\/wp-json\/wp\/v2\/media\/1648"}],"wp:attachment":[{"href":"https:\/\/izsekosanasierices.lv\/et\/wp-json\/wp\/v2\/media?parent=1265"}],"wp:term":[{"taxonomy":"product_brand","embeddable":true,"href":"https:\/\/izsekosanasierices.lv\/et\/wp-json\/wp\/v2\/product_brand?post=1265"},{"taxonomy":"product_cat","embeddable":true,"href":"https:\/\/izsekosanasierices.lv\/et\/wp-json\/wp\/v2\/product_cat?post=1265"},{"taxonomy":"product_tag","embeddable":true,"href":"https:\/\/izsekosanasierices.lv\/et\/wp-json\/wp\/v2\/product_tag?post=1265"}],"curies":[{"name":"wp","href":"https:\/\/api.w.org\/{rel}","templated":true}]}}