{"id":1268,"date":"2023-10-05T15:37:25","date_gmt":"2023-10-05T15:37:25","guid":{"rendered":"https:\/\/izsekosanasierices.lv\/produktas\/nuoma-raksa-idet-selektyvinis-rf-detektorius\/"},"modified":"2025-11-19T16:19:46","modified_gmt":"2025-11-19T14:19:46","slug":"noma-raksa-idet-radiofrekvencu-rf-detektors","status":"publish","type":"product","link":"https:\/\/izsekosanasierices.lv\/et\/produkts\/raksa-idet-raadiosagedusdetektor-rendile\/","title":{"rendered":"NOMA Raksa iDET raadiosagedusdetektor (RF)"},"content":{"rendered":"<h3><strong>\u00dc\u00fcr 60 \u20ac - tagatisraha 690 \u20ac<\/strong><\/h3>\n<h3><strong>Tehnilised parameetrid:<\/strong><\/h3>\n<ul>\n<li>GSM: 850\/ 900E\/ 1800 \/1900<\/li>\n<li>UMTS: 850\/ 900\/ 1800\/ 1900\/ 2100 (3G)<\/li>\n<li>CMDA: 450(A-H) 800\/ 1900<\/li>\n<li>DECT: juhtmeta telefonid<\/li>\n<li>Buetooth seadmed<\/li>\n<li>Wi Fi seadmed<\/li>\n<li>Raadiosaatjad: AM, FM , PM<\/li>\n<li>Digitaalsed saatjad: FSK, PSK ja muud<\/li>\n<li>Saatjaid kuni 10 MHz<\/li>\n<\/ul>\n<p><strong>\u00a0<\/strong><\/p>\n<p><span style=\"color: #ff0000;\"><strong>Vajad kiiret sama p\u00e4eva (ja n\u00e4dalavahetuse) kohaletoimetamist?  Helistage +37120484176<\/strong><\/span><\/p>\n<p>&nbsp;<\/p>\n<p>V\u00e4ga v\u00e4ike ja h\u00f5lpsasti kasutatav detektor GPS-j\u00e4lgimisseadmete ja salakaamerate jaoks.<\/p>\n<p>Detektor skaneerib k\u00f5iki ruumis olevaid lainesagedusi ja teavitab teid helisignaaliga, kui ilmub uus sagedus (nt GSM, WiFi v\u00f5i muu). See v\u00f5ib teid kaitsta inimeste eest, kes on tulnud teie juurde pealtkuulamisseadmetega. See positsioneerija suudab h\u00f5lpsasti leida ka teie autosse peidetud GPS-j\u00e4lgimis- ja GSM-kuulamisseadmeid.<\/p>\n<p>&nbsp;<\/p>\n<p>J\u00e4lgimisre\u017eiim: k\u00f5ik analoog- ja digitaalsignaalid tuvastatakse. Selles re\u017eiimis kuvatakse ekraanil tuvastatud signaalide t\u00e4ielik loetelu, mis on j\u00e4rjestatud sageduse v\u00f5i signaali t\u00fc\u00fcbi j\u00e4rgi.<\/p>\n<p>&nbsp;<\/p>\n<p>Digitaalsignaali j\u00e4lgimine: mobiilsideseadmete (GSM-signaal), nagu GSM 900\/100, UMTS (3G), CDMA450, DECT juhtmeta telefonid, Bluetooth-seadmed, WiFi ja muud raadiosagedusi edastavad seadmed 2,4 GHz (spektris), tuvastamiseks. Selles re\u017eiimis kuvatakse ekraanil k\u00f5ik olemasolevad digitaalsignaalid.<\/p>\n<p>&nbsp;<\/p>\n<p>Palun pange t\u00e4hele: rendi tagatisraha on 600 eurot - tagatisraha tagastatakse toote tagastamisel.<\/p>","protected":false},"excerpt":{"rendered":"<p>Rendihind 60 \u20ac - tagatisraha 630 \u20ac<\/p>\n<p>Tehnilised parameetrid:<br \/>\nGSM: 850\/ 900E\/ 1800 \/1900<br \/>\nUMTS: 850\/ 900\/ 1800\/ 1900\/ 2100 (3G)<br \/>\nCMDA: 450(A-H) 800\/ 1900<br \/>\nDECT: juhtmeta telefonid<br \/>\nBuetooth seadmed<br \/>\nWi Fi seadmed<br \/>\nRaadiosaatjad: AM, FM , PM<br \/>\nDigitaalsed saatjad: FSK, PSK ja muud<br \/>\nSaatjaid kuni 10 MHz<br \/>\nKas vajate kiiret sama p\u00e4eva kohaletoimetamist? (ja n\u00e4dalavahetustel)- helista +37068411114<\/p>\n<p>V\u00e4ga v\u00e4ike ja kergesti kasutatav GPS-kirbu detektor, salajane kaamera detektor<br \/>\nDetektor skaneerib k\u00f5iki ruumis olevaid signaale ja teavitab teid helisignaaliga, kui avastatakse uus signaal (nt GSM, Wi-Fi v\u00f5i muu). See v\u00f5ib teid kaitsta inimeste eest, kes on tulnud teie k\u00f5nele pealtkuulamisseadmetega. Samuti on lihtne leida autosse peidetud GPS-j\u00e4lgimisseadmeid ja gsm-nuhkimisv\u00f5rguid.<\/p>\n<p>J\u00e4lgimisre\u017eiim: k\u00f5ik analoog- ja digitaalsignaalid tuvastatakse. Selles re\u017eiimis kuvatakse ekraanil tuvastatud signaalide t\u00e4ielik nimekiri. Korraldatud sageduse v\u00f5i signaali t\u00fc\u00fcbi j\u00e4rgi.<\/p>\n<p>Digitaalsignaali j\u00e4lgimine: mobiilseadmete tuvastamiseks (GSM-signaal), nt. GSM 900\/1800, UMTS (3G), CDMA450, DECT juhtmeta telefonid, Bluetooth-seadmed, WI-fi ja muud raadiosagedust edastavad seadmed 2,4 GHz (spektri). Selles re\u017eiimis kuvatakse ekraanil k\u00f5ik olemasolevad digitaalsignaalid.<br \/>\nT\u00e4helepanu rendihoius 630eu - tagatisraha tagastatakse tagastamisel.<\/p>","protected":false},"featured_media":1663,"template":"","meta":[],"product_brand":[],"product_cat":[358],"product_tag":[398,158],"class_list":{"0":"post-1268","1":"product","2":"type-product","3":"status-publish","4":"has-post-thumbnail","6":"product_cat-detektori","7":"product_tag-raksa-blusu-detektors","8":"product_tag-raksa-idet","10":"first","11":"instock","12":"taxable","13":"shipping-taxable","14":"purchasable","15":"product-type-simple"},"yoast_head":"<!-- This site is optimized with the Yoast SEO plugin v27.5 - https:\/\/yoast.com\/product\/yoast-seo-wordpress\/ -->\n<title>NOMA Raksa iDET radiofrekven\u010du (RF) detektors<\/title>\n<meta name=\"robots\" content=\"index, follow, max-snippet:-1, max-image-preview:large, max-video-preview:-1\" \/>\n<link rel=\"canonical\" href=\"https:\/\/izsekosanasierices.lv\/et\/produkts\/raksa-idet-raadiosagedusdetektor-rendile\/\" \/>\n<meta property=\"og:locale\" content=\"et_EE\" \/>\n<meta property=\"og:type\" content=\"article\" \/>\n<meta property=\"og:title\" content=\"RENT Raksa iDET selekt\u012bvs RF detektors GSM GPS WI FI BLUETOOTH\" \/>\n<meta property=\"og:description\" content=\"Nomas cena 60 \u20ac - depoz\u012bts 630 \u20acTehniskie parametri:GSM: 850\/ 900E\/ 1800 \/1900UMTS: 850\/ 900\/ 1800\/ 1900\/ 2100 (3G)CMDA: 450(A-H) 800\/ 1900DECT: bezvadu t\u0101lru\u0146iBuetooth ier\u012bcesWi Fi ier\u012bcesRadio raid\u012bt\u0101ji: AM, FM , PMDigit\u0101lie raid\u012bt\u0101ji: FSK, PSK un citiRaid\u012bt\u0101ji l\u012bdz 10 MHzNepiecie\u0161ama \u0101tra pieg\u0101de taj\u0101 pa\u0161\u0101 dien\u0101? (un br\u012bvdien\u0101s)- zvaniet +37068411114\u013boti mazs un viegli lietojams GPS blusu detektors, slepeno kameru detektorsDetektors sken\u0113 visus telp\u0101 eso\u0161os sign\u0101lus un ar ska\u0146as sign\u0101lu inform\u0113, ja par\u0101d\u0101s jauns sign\u0101ls (piem\u0113ram, GSM, Wi-Fi vai cits). Tas var pasarg\u0101t j\u016bs no cilv\u0113kiem, kuri ir ieradu\u0161ies uz j\u016bsu zvanu ar noklaus\u012b\u0161an\u0101s iek\u0101rt\u0101m. Ir ar\u012b viegli atrast automa\u0161\u012bn\u0101 pasl\u0113ptas GPS izseko\u0161anas iek\u0101rtas un gsm sniffing bugs.Uzraudz\u012bbas re\u017e\u012bms: tiek konstat\u0113ti visi analogie un digit\u0101lie sign\u0101li. \u0160aj\u0101 re\u017e\u012bm\u0101 uz ekr\u0101na tiek par\u0101d\u012bts pilns atkl\u0101to sign\u0101lu saraksts. Organiz\u0113ts p\u0113c frekvences vai sign\u0101la veida.Digit\u0101l\u0101 sign\u0101la uzraudz\u012bba: mobilo ier\u012b\u010du (GSM sign\u0101la) atkl\u0101\u0161anai, piem. GSM 900\/1800, UMTS (3G), CDMA450, DECT bezvadu telefoni, Bluetooth ier\u012bces, WI-fi un citas radiofrekven\u010du raido\u0161\u0101s ier\u012bces 2,4 GHz (spektr\u0101). \u0160aj\u0101 re\u017e\u012bm\u0101 ekr\u0101n\u0101 tiek par\u0101d\u012bti visi pieejamie digit\u0101lie sign\u0101li.Uzman\u012bbu nomas depoz\u012bts 630eu - depoz\u012bts tiks atmaks\u0101ts p\u0113c atgrie\u0161an\u0101s.\" \/>\n<meta property=\"og:url\" content=\"https:\/\/izsekosanasierices.lv\/et\/produkts\/raksa-idet-raadiosagedusdetektor-rendile\/\" \/>\n<meta property=\"og:site_name\" content=\"Nr1 Izseko\u0161anas ier\u012bces gps izseko\u0161anas iek\u0101rtas, klaus\u012b\u0161an\u0101s iek\u0101rtas\" \/>\n<meta property=\"article:modified_time\" content=\"2025-11-19T14:19:46+00:00\" \/>\n<meta property=\"og:image\" content=\"https:\/\/rvnski.dev\/sekimoiranga\/wp-content\/uploads\/izsekosanasierices.webp\" \/>\n<meta name=\"twitter:card\" content=\"summary_large_image\" \/>\n<meta name=\"twitter:title\" content=\"RENT Raksa iDET selekt\u012bvs RF detektors GSM GPS WI FI BLUETOOTH\" \/>\n<meta name=\"twitter:description\" content=\"Nomas cena 60 \u20ac - depoz\u012bts 630 \u20ac Tehniskie parametri: GSM: 850\/ 900E\/ 1800 \/1900 UMTS: 850\/ 900\/ 1800\/ 1900\/ 2100 (3G) CMDA: 450(A-H) 800\/ 1900 DECT: bezvadu t\u0101lru\u0146i Buetooth ier\u012bces Wi Fi ier\u012bces Radio raid\u012bt\u0101ji: AM, FM , PM Digit\u0101lie raid\u012bt\u0101ji: FSK, PSK un citi Raid\u012bt\u0101ji l\u012bdz 10 MHz Nepiecie\u0161ama \u0101tra pieg\u0101de taj\u0101 pa\u0161\u0101 dien\u0101? (un br\u012bvdien\u0101s)- zvaniet +37068411114 \u013boti mazs un viegli lietojams GPS blusu detektors, slepeno kameru detektors Detektors sken\u0113 visus telp\u0101 eso\u0161os sign\u0101lus un ar ska\u0146as sign\u0101lu inform\u0113, ja par\u0101d\u0101s jauns sign\u0101ls (piem\u0113ram, GSM, Wi-Fi vai cits). Tas var pasarg\u0101t j\u016bs no cilv\u0113kiem, kuri ir ieradu\u0161ies uz j\u016bsu zvanu ar noklaus\u012b\u0161an\u0101s iek\u0101rt\u0101m. Ir ar\u012b viegli atrast automa\u0161\u012bn\u0101 pasl\u0113ptas GPS izseko\u0161anas iek\u0101rtas un gsm sniffing bugs. Uzraudz\u012bbas re\u017e\u012bms: tiek konstat\u0113ti visi analogie un digit\u0101lie sign\u0101li. \u0160aj\u0101 re\u017e\u012bm\u0101 uz ekr\u0101na tiek par\u0101d\u012bts pilns atkl\u0101to sign\u0101lu saraksts. Organiz\u0113ts p\u0113c frekvences vai sign\u0101la veida. Digit\u0101l\u0101 sign\u0101la uzraudz\u012bba: mobilo ier\u012b\u010du (GSM sign\u0101la) atkl\u0101\u0161anai, piem. GSM 900\/1800, UMTS (3G), CDMA450, DECT bezvadu telefoni, Bluetooth ier\u012bces, WI-fi un citas radiofrekven\u010du raido\u0161\u0101s ier\u012bces 2,4 GHz (spektr\u0101). \u0160aj\u0101 re\u017e\u012bm\u0101 ekr\u0101n\u0101 tiek par\u0101d\u012bti visi pieejamie digit\u0101lie sign\u0101li. Uzman\u012bbu nomas depoz\u012bts 630eu - depoz\u012bts tiks atmaks\u0101ts p\u0113c atgrie\u0161an\u0101s.\" \/>\n<meta name=\"twitter:label1\" content=\"Est. reading time\" \/>\n\t<meta name=\"twitter:data1\" content=\"2 minutit\" \/>\n<script type=\"application\/ld+json\" class=\"yoast-schema-graph\">{\"@context\":\"https:\\\/\\\/schema.org\",\"@graph\":[{\"@type\":\"WebPage\",\"@id\":\"https:\\\/\\\/izsekosanasierices.lv\\\/produkts\\\/noma-raksa-idet-radiofrekvencu-rf-detektors\\\/\",\"url\":\"https:\\\/\\\/izsekosanasierices.lv\\\/produkts\\\/noma-raksa-idet-radiofrekvencu-rf-detektors\\\/\",\"name\":\"NOMA Raksa iDET radiofrekven\u010du (RF) detektors\",\"isPartOf\":{\"@id\":\"https:\\\/\\\/izsekosanasierices.lv\\\/#website\"},\"primaryImageOfPage\":{\"@id\":\"https:\\\/\\\/izsekosanasierices.lv\\\/produkts\\\/noma-raksa-idet-radiofrekvencu-rf-detektors\\\/#primaryimage\"},\"image\":{\"@id\":\"https:\\\/\\\/izsekosanasierices.lv\\\/produkts\\\/noma-raksa-idet-radiofrekvencu-rf-detektors\\\/#primaryimage\"},\"thumbnailUrl\":\"https:\\\/\\\/izsekosanasierices.lv\\\/wp-content\\\/uploads\\\/izsekosanasierices-nuoma-raksa-idet-selektyvinis-rf-detektorius.jpg\",\"datePublished\":\"2023-10-05T15:37:25+00:00\",\"dateModified\":\"2025-11-19T14:19:46+00:00\",\"breadcrumb\":{\"@id\":\"https:\\\/\\\/izsekosanasierices.lv\\\/produkts\\\/noma-raksa-idet-radiofrekvencu-rf-detektors\\\/#breadcrumb\"},\"inLanguage\":\"et\",\"potentialAction\":[{\"@type\":\"ReadAction\",\"target\":[\"https:\\\/\\\/izsekosanasierices.lv\\\/produkts\\\/noma-raksa-idet-radiofrekvencu-rf-detektors\\\/\"]}]},{\"@type\":\"ImageObject\",\"inLanguage\":\"et\",\"@id\":\"https:\\\/\\\/izsekosanasierices.lv\\\/produkts\\\/noma-raksa-idet-radiofrekvencu-rf-detektors\\\/#primaryimage\",\"url\":\"https:\\\/\\\/izsekosanasierices.lv\\\/wp-content\\\/uploads\\\/izsekosanasierices-nuoma-raksa-idet-selektyvinis-rf-detektorius.jpg\",\"contentUrl\":\"https:\\\/\\\/izsekosanasierices.lv\\\/wp-content\\\/uploads\\\/izsekosanasierices-nuoma-raksa-idet-selektyvinis-rf-detektorius.jpg\",\"width\":800,\"height\":800,\"caption\":\"Raksa iDET selektyvinis RF detektorius\"},{\"@type\":\"BreadcrumbList\",\"@id\":\"https:\\\/\\\/izsekosanasierices.lv\\\/produkts\\\/noma-raksa-idet-radiofrekvencu-rf-detektors\\\/#breadcrumb\",\"itemListElement\":[{\"@type\":\"ListItem\",\"position\":1,\"name\":\"S\u0101kums\",\"item\":\"https:\\\/\\\/izsekosanasierices.lv\\\/\"},{\"@type\":\"ListItem\",\"position\":2,\"name\":\"Veikals\",\"item\":\"https:\\\/\\\/izsekosanasierices.lv\\\/veikals\\\/\"},{\"@type\":\"ListItem\",\"position\":3,\"name\":\"NOMA Raksa iDET radiofrekven\u010du (RF) detektors\"}]},{\"@type\":\"WebSite\",\"@id\":\"https:\\\/\\\/izsekosanasierices.lv\\\/#website\",\"url\":\"https:\\\/\\\/izsekosanasierices.lv\\\/\",\"name\":\"Nr1 Izseko\u0161anas ier\u012bces gps izseko\u0161anas iek\u0101rtas, klaus\u012b\u0161an\u0101s iek\u0101rtas\",\"description\":\"\",\"potentialAction\":[{\"@type\":\"SearchAction\",\"target\":{\"@type\":\"EntryPoint\",\"urlTemplate\":\"https:\\\/\\\/izsekosanasierices.lv\\\/?s={search_term_string}\"},\"query-input\":{\"@type\":\"PropertyValueSpecification\",\"valueRequired\":true,\"valueName\":\"search_term_string\"}}],\"inLanguage\":\"et\"}]}<\/script>\n<!-- \/ Yoast SEO plugin. -->","yoast_head_json":{"title":"NOMA Raksa iDET radiofrekven\u010du (RF) detektors","robots":{"index":"index","follow":"follow","max-snippet":"max-snippet:-1","max-image-preview":"max-image-preview:large","max-video-preview":"max-video-preview:-1"},"canonical":"https:\/\/izsekosanasierices.lv\/et\/produkts\/raksa-idet-raadiosagedusdetektor-rendile\/","og_locale":"et_EE","og_type":"article","og_title":"RENT Raksa iDET selekt\u012bvs RF detektors GSM GPS WI FI BLUETOOTH","og_description":"Nomas cena 60 \u20ac - depoz\u012bts 630 \u20acTehniskie parametri:GSM: 850\/ 900E\/ 1800 \/1900UMTS: 850\/ 900\/ 1800\/ 1900\/ 2100 (3G)CMDA: 450(A-H) 800\/ 1900DECT: bezvadu t\u0101lru\u0146iBuetooth ier\u012bcesWi Fi ier\u012bcesRadio raid\u012bt\u0101ji: AM, FM , PMDigit\u0101lie raid\u012bt\u0101ji: FSK, PSK un citiRaid\u012bt\u0101ji l\u012bdz 10 MHzNepiecie\u0161ama \u0101tra pieg\u0101de taj\u0101 pa\u0161\u0101 dien\u0101? (un br\u012bvdien\u0101s)- zvaniet +37068411114\u013boti mazs un viegli lietojams GPS blusu detektors, slepeno kameru detektorsDetektors sken\u0113 visus telp\u0101 eso\u0161os sign\u0101lus un ar ska\u0146as sign\u0101lu inform\u0113, ja par\u0101d\u0101s jauns sign\u0101ls (piem\u0113ram, GSM, Wi-Fi vai cits). Tas var pasarg\u0101t j\u016bs no cilv\u0113kiem, kuri ir ieradu\u0161ies uz j\u016bsu zvanu ar noklaus\u012b\u0161an\u0101s iek\u0101rt\u0101m. Ir ar\u012b viegli atrast automa\u0161\u012bn\u0101 pasl\u0113ptas GPS izseko\u0161anas iek\u0101rtas un gsm sniffing bugs.Uzraudz\u012bbas re\u017e\u012bms: tiek konstat\u0113ti visi analogie un digit\u0101lie sign\u0101li. \u0160aj\u0101 re\u017e\u012bm\u0101 uz ekr\u0101na tiek par\u0101d\u012bts pilns atkl\u0101to sign\u0101lu saraksts. Organiz\u0113ts p\u0113c frekvences vai sign\u0101la veida.Digit\u0101l\u0101 sign\u0101la uzraudz\u012bba: mobilo ier\u012b\u010du (GSM sign\u0101la) atkl\u0101\u0161anai, piem. GSM 900\/1800, UMTS (3G), CDMA450, DECT bezvadu telefoni, Bluetooth ier\u012bces, WI-fi un citas radiofrekven\u010du raido\u0161\u0101s ier\u012bces 2,4 GHz (spektr\u0101). \u0160aj\u0101 re\u017e\u012bm\u0101 ekr\u0101n\u0101 tiek par\u0101d\u012bti visi pieejamie digit\u0101lie sign\u0101li.Uzman\u012bbu nomas depoz\u012bts 630eu - depoz\u012bts tiks atmaks\u0101ts p\u0113c atgrie\u0161an\u0101s.","og_url":"https:\/\/izsekosanasierices.lv\/et\/produkts\/raksa-idet-raadiosagedusdetektor-rendile\/","og_site_name":"Nr1 Izseko\u0161anas ier\u012bces gps izseko\u0161anas iek\u0101rtas, klaus\u012b\u0161an\u0101s iek\u0101rtas","article_modified_time":"2025-11-19T14:19:46+00:00","og_image":[{"url":"https:\/\/rvnski.dev\/sekimoiranga\/wp-content\/uploads\/izsekosanasierices.webp","type":"","width":"","height":""}],"twitter_card":"summary_large_image","twitter_title":"RENT Raksa iDET selekt\u012bvs RF detektors GSM GPS WI FI BLUETOOTH","twitter_description":"Nomas cena 60 \u20ac - depoz\u012bts 630 \u20ac Tehniskie parametri: GSM: 850\/ 900E\/ 1800 \/1900 UMTS: 850\/ 900\/ 1800\/ 1900\/ 2100 (3G) CMDA: 450(A-H) 800\/ 1900 DECT: bezvadu t\u0101lru\u0146i Buetooth ier\u012bces Wi Fi ier\u012bces Radio raid\u012bt\u0101ji: AM, FM , PM Digit\u0101lie raid\u012bt\u0101ji: FSK, PSK un citi Raid\u012bt\u0101ji l\u012bdz 10 MHz Nepiecie\u0161ama \u0101tra pieg\u0101de taj\u0101 pa\u0161\u0101 dien\u0101? (un br\u012bvdien\u0101s)- zvaniet +37068411114 \u013boti mazs un viegli lietojams GPS blusu detektors, slepeno kameru detektors Detektors sken\u0113 visus telp\u0101 eso\u0161os sign\u0101lus un ar ska\u0146as sign\u0101lu inform\u0113, ja par\u0101d\u0101s jauns sign\u0101ls (piem\u0113ram, GSM, Wi-Fi vai cits). Tas var pasarg\u0101t j\u016bs no cilv\u0113kiem, kuri ir ieradu\u0161ies uz j\u016bsu zvanu ar noklaus\u012b\u0161an\u0101s iek\u0101rt\u0101m. Ir ar\u012b viegli atrast automa\u0161\u012bn\u0101 pasl\u0113ptas GPS izseko\u0161anas iek\u0101rtas un gsm sniffing bugs. Uzraudz\u012bbas re\u017e\u012bms: tiek konstat\u0113ti visi analogie un digit\u0101lie sign\u0101li. \u0160aj\u0101 re\u017e\u012bm\u0101 uz ekr\u0101na tiek par\u0101d\u012bts pilns atkl\u0101to sign\u0101lu saraksts. Organiz\u0113ts p\u0113c frekvences vai sign\u0101la veida. Digit\u0101l\u0101 sign\u0101la uzraudz\u012bba: mobilo ier\u012b\u010du (GSM sign\u0101la) atkl\u0101\u0161anai, piem. GSM 900\/1800, UMTS (3G), CDMA450, DECT bezvadu telefoni, Bluetooth ier\u012bces, WI-fi un citas radiofrekven\u010du raido\u0161\u0101s ier\u012bces 2,4 GHz (spektr\u0101). \u0160aj\u0101 re\u017e\u012bm\u0101 ekr\u0101n\u0101 tiek par\u0101d\u012bti visi pieejamie digit\u0101lie sign\u0101li. Uzman\u012bbu nomas depoz\u012bts 630eu - depoz\u012bts tiks atmaks\u0101ts p\u0113c atgrie\u0161an\u0101s.","twitter_misc":{"Est. reading time":"2 minutit"},"schema":{"@context":"https:\/\/schema.org","@graph":[{"@type":"WebPage","@id":"https:\/\/izsekosanasierices.lv\/produkts\/noma-raksa-idet-radiofrekvencu-rf-detektors\/","url":"https:\/\/izsekosanasierices.lv\/produkts\/noma-raksa-idet-radiofrekvencu-rf-detektors\/","name":"NOMA Raksa iDET radiofrekven\u010du (RF) detektors","isPartOf":{"@id":"https:\/\/izsekosanasierices.lv\/#website"},"primaryImageOfPage":{"@id":"https:\/\/izsekosanasierices.lv\/produkts\/noma-raksa-idet-radiofrekvencu-rf-detektors\/#primaryimage"},"image":{"@id":"https:\/\/izsekosanasierices.lv\/produkts\/noma-raksa-idet-radiofrekvencu-rf-detektors\/#primaryimage"},"thumbnailUrl":"https:\/\/izsekosanasierices.lv\/wp-content\/uploads\/izsekosanasierices-nuoma-raksa-idet-selektyvinis-rf-detektorius.jpg","datePublished":"2023-10-05T15:37:25+00:00","dateModified":"2025-11-19T14:19:46+00:00","breadcrumb":{"@id":"https:\/\/izsekosanasierices.lv\/produkts\/noma-raksa-idet-radiofrekvencu-rf-detektors\/#breadcrumb"},"inLanguage":"et","potentialAction":[{"@type":"ReadAction","target":["https:\/\/izsekosanasierices.lv\/produkts\/noma-raksa-idet-radiofrekvencu-rf-detektors\/"]}]},{"@type":"ImageObject","inLanguage":"et","@id":"https:\/\/izsekosanasierices.lv\/produkts\/noma-raksa-idet-radiofrekvencu-rf-detektors\/#primaryimage","url":"https:\/\/izsekosanasierices.lv\/wp-content\/uploads\/izsekosanasierices-nuoma-raksa-idet-selektyvinis-rf-detektorius.jpg","contentUrl":"https:\/\/izsekosanasierices.lv\/wp-content\/uploads\/izsekosanasierices-nuoma-raksa-idet-selektyvinis-rf-detektorius.jpg","width":800,"height":800,"caption":"Raksa iDET selektyvinis RF detektorius"},{"@type":"BreadcrumbList","@id":"https:\/\/izsekosanasierices.lv\/produkts\/noma-raksa-idet-radiofrekvencu-rf-detektors\/#breadcrumb","itemListElement":[{"@type":"ListItem","position":1,"name":"S\u0101kums","item":"https:\/\/izsekosanasierices.lv\/"},{"@type":"ListItem","position":2,"name":"Veikals","item":"https:\/\/izsekosanasierices.lv\/veikals\/"},{"@type":"ListItem","position":3,"name":"NOMA Raksa iDET radiofrekven\u010du (RF) detektors"}]},{"@type":"WebSite","@id":"https:\/\/izsekosanasierices.lv\/#website","url":"https:\/\/izsekosanasierices.lv\/","name":"Nr1 Izseko\u0161anas ier\u012bces gps izseko\u0161anas iek\u0101rtas, klaus\u012b\u0161an\u0101s iek\u0101rtas","description":"","potentialAction":[{"@type":"SearchAction","target":{"@type":"EntryPoint","urlTemplate":"https:\/\/izsekosanasierices.lv\/?s={search_term_string}"},"query-input":{"@type":"PropertyValueSpecification","valueRequired":true,"valueName":"search_term_string"}}],"inLanguage":"et"}]}},"_links":{"self":[{"href":"https:\/\/izsekosanasierices.lv\/et\/wp-json\/wp\/v2\/product\/1268","targetHints":{"allow":["GET"]}}],"collection":[{"href":"https:\/\/izsekosanasierices.lv\/et\/wp-json\/wp\/v2\/product"}],"about":[{"href":"https:\/\/izsekosanasierices.lv\/et\/wp-json\/wp\/v2\/types\/product"}],"wp:featuredmedia":[{"embeddable":true,"href":"https:\/\/izsekosanasierices.lv\/et\/wp-json\/wp\/v2\/media\/1663"}],"wp:attachment":[{"href":"https:\/\/izsekosanasierices.lv\/et\/wp-json\/wp\/v2\/media?parent=1268"}],"wp:term":[{"taxonomy":"product_brand","embeddable":true,"href":"https:\/\/izsekosanasierices.lv\/et\/wp-json\/wp\/v2\/product_brand?post=1268"},{"taxonomy":"product_cat","embeddable":true,"href":"https:\/\/izsekosanasierices.lv\/et\/wp-json\/wp\/v2\/product_cat?post=1268"},{"taxonomy":"product_tag","embeddable":true,"href":"https:\/\/izsekosanasierices.lv\/et\/wp-json\/wp\/v2\/product_tag?post=1268"}],"curies":[{"name":"wp","href":"https:\/\/api.w.org\/{rel}","templated":true}]}}