{"id":1269,"date":"2023-10-05T15:37:25","date_gmt":"2023-10-05T15:37:25","guid":{"rendered":"https:\/\/izsekosanasierices.lv\/produktas\/laikrodis-slapta-stebejimo-kamera-su-wi-fi\/"},"modified":"2025-11-19T17:43:37","modified_gmt":"2025-11-19T15:43:37","slug":"skatities-slepena-noverosanas-kamera-ar-wi-fi","status":"publish","type":"product","link":"https:\/\/izsekosanasierices.lv\/et\/produkts\/vaata-salajast-kaamerat-voi-wi-fi\/","title":{"rendered":"Vaata salajane valvekaamera WI FI-ga"},"content":{"rendered":"<h3><strong>Tehnilised parameetrid:<\/strong><\/h3>\n<h1><\/h1>\n<ul>\n<li>Kaugvideo vaatamine: JAH<\/li>\n<li>Video salvestamine koos heliga<\/li>\n<li>Pildi kvaliteet: eelvaade: HD 1920*1080<\/li>\n<li>Objektiiv: 120 kraadi<\/li>\n<li>Video : 1 h. 360mb<\/li>\n<li>Kaadrisagedus : 20FPS<\/li>\n<li>Kaarditoetus: 4 GB kuni 128 GB (kaart ei kuulu komplekti)<\/li>\n<li>Videovalve: telefoni v\u00f5i arvuti kaudu (otse\u00fclekanne internetis)<\/li>\n<li>Aku kestvus: umbes 3 tundi 24\/7 re\u017eiimis<\/li>\n<li>Aku mahutavus: 2500 mAh<\/li>\n<li>220v adapter (alaliseks \u00fchendamiseks vooluv\u00f5rku)<\/li>\n<li>Liikumistuvastus: JAH, digitaalne<\/li>\n<li>Pakkimisformaat: avi H.264<\/li>\n<li>Video formaat: avi<\/li>\n<li>iOS, Android, Windows, Windows 7\/8\/10<\/li>\n<li>Rakendus: p2pLiveCam<\/li>\n<li>Toiteallikas: sisemine v\u00f5i v\u00e4line aku; 5 V toitepistikupesa.<\/li>\n<li>Wi-Fi : Jah<\/li>\n<li><strong>Garantii 12 kuud.<\/strong><\/li>\n<\/ul>\n<p><span style=\"color: #d0121a;\"><strong>Kas vajate kiiret sama p\u00e4eva kohaletoimetamist? (ja n\u00e4dalavahetustel)- helista +37068411114<\/strong><\/span><\/p>\n<p><span style=\"color: #000000;\">Kasutamine: teie ohutuse tagamiseks, laste ohutuse tagamiseks.<\/span><\/p>\n<p><strong><span lang=\"lt\">Vaata kaamerat koos Wi-Fi-\u00fchendusega<\/span><\/strong><\/p>\n<p><span lang=\"lt\">Kell on \u00fcks neist esemetest, mida on v\u00e4ga lihtne interj\u00f6\u00f6ri lisada, nii et kui m\u00f5tled salakaamera ostmisele, siis on kindlasti hea m\u00f5te valida selline, mis on kella sees maskeeritud. V\u00f5ite olla kindel, et teie alaealised lapsed toas ei saa kunagi teada, et neid j\u00e4lgitakse, nii et saate olla kindel, et teie lapsed on kodus turvaliselt ja ei ole ohus. Salakaameraid v\u00f5ib valida mitmel p\u00f5hjusel: varguste ennetamiseks, t\u00f5endite kogumiseks v\u00f5i lihtsalt selleks, et teada saada, kas teatud isikud on teiega t\u00f5esti ausad. salakaamerat on t\u00f5esti lihtne kasutada, seega pole ime, et see muutub \u00fcha populaarsemaks.<\/span><\/p>\n<p><strong><span lang=\"lt\">Kaugseire<\/span><\/strong><\/p>\n<p><span lang=\"lt\">Lisaks piltide salvestamisele saate neid ka eemalt j\u00e4lgida (arvuti v\u00f5i nutitelefoni kaudu). CCTV-s\u00fcsteemiga \u00fchendudes n\u00e4ete toimuvat reaalajas, kuid kui see ei ole v\u00f5imalik, saate salvestatud andmeid vaadata oma arvutis. Varjatud kaamera on varustatud m\u00e4lukaardiga, mille maht on 4 kuni 128 GB (m\u00e4lukaart ei kuulu komplekti). \u00dche tunni video maht on umbes 360 MB, seega saate salvestada palju, ilma et peaksite kogutud teavet l\u00e4bi vaatama.<\/span><\/p>\n<p><strong><span lang=\"lt\">Kaamera aku<\/span><\/strong><\/p>\n<p><span lang=\"lt\">Kellas on 2500 mAh aku, mis t\u00f6\u00f6tab ootere\u017eiimil umbes 3 tundi, kuid seda saab ka vooluv\u00f5rgust varustada, nii et ei pea muretsema, et kaamera saab halvimal v\u00f5imalikul hetkel t\u00fchjaks.<\/span><\/p>\n<p><strong><span lang=\"lt\">Kvaliteetsed videod<\/span><\/strong><\/p>\n<p><span lang=\"lt\">Eesm\u00e4rk on alati tagada, et kaameraga tehtud videod oleksid v\u00f5imalikult hea kvaliteediga, seega v\u00f5ib see m\u00e4rgkaamerakell olla t\u00f5esti hea valik. Pildid j\u00e4\u00e4dvustatakse HD (1920\u00d71080 px) resolutsioonis ning t\u00e4nu 120-kraadisele objektiivile v\u00f5id olla kindel, et videod on teravad, selged ja kvaliteetsed.<\/span><\/p>\n<p><span lang=\"lt\">Saate osta salakaamerakella t\u00f5esti hea hinnaga ja te ei pea pettuma seadme kvaliteedis (kaamera on garanteeritud).<\/span><\/p>","protected":false},"excerpt":{"rendered":"<p>Secret Camera Wall Clock with WI FI - J\u00e4lgige oma siseruumide vaadet ja j\u00e4\u00e4ge m\u00e4rkamatuks. Otse\u00fclekanne telefoni v\u00f5i arvutisse 24 tundi \u00f6\u00f6p\u00e4evas, 7 p\u00e4eva n\u00e4dalas, 7 p\u00e4eva n\u00e4dalas.<\/p>","protected":false},"featured_media":1677,"template":"","meta":[],"product_brand":[],"product_cat":[330,321,331],"product_tag":[408,332,325,23,333,334,328,29],"class_list":{"0":"post-1269","1":"product","2":"type-product","3":"status-publish","4":"has-post-thumbnail","6":"product_cat-masketas-kameras","7":"product_cat-sleptas-kameras","8":"product_cat-wi-fi-slepenas-kameras","9":"product_tag-gaismekla-kamera","10":"product_tag-izsekosanas-iekartas","11":"product_tag-izsekosanas-kamera","12":"product_tag-kamera","13":"product_tag-kameras-pulkstenis","14":"product_tag-masketa-kamera","15":"product_tag-slepena-kamera","16":"product_tag-wi-fi-kamera","18":"first","19":"instock","20":"taxable","21":"shipping-taxable","22":"purchasable","23":"product-type-simple"},"yoast_head":"<!-- This site is optimized with the Yoast SEO plugin v27.3 - https:\/\/yoast.com\/product\/yoast-seo-wordpress\/ -->\n<title>Sienas pulkstenis ar slepeno kameru un WI FI<\/title>\n<meta name=\"description\" content=\"Slepena kamera Sienas pulkstenis ar WI FI - Iesp\u0113ja uzraudz\u012bt iek\u0161telpu skatu un netikt paman\u012btam. Tie\u0161raide j\u016bsu t\u0101lrun\u012b vai dator\u0101 24 stundas diennakt\u012b, 7 dienas ned\u0113\u013c\u0101, 7 dienas ned\u0113\u013c\u0101\" \/>\n<meta name=\"robots\" content=\"index, follow, max-snippet:-1, max-image-preview:large, max-video-preview:-1\" \/>\n<link rel=\"canonical\" href=\"https:\/\/izsekosanasierices.lv\/et\/produkts\/vaata-salajast-kaamerat-voi-wi-fi\/\" \/>\n<meta property=\"og:locale\" content=\"et_EE\" \/>\n<meta property=\"og:type\" content=\"article\" \/>\n<meta property=\"og:title\" content=\"Sienas pulkstenis ar slepeno kameru un WI FI\" \/>\n<meta property=\"og:description\" content=\"Slepena kamera Sienas pulkstenis ar WI FI - Iesp\u0113ja uzraudz\u012bt iek\u0161telpu skatu un netikt paman\u012btam. Tie\u0161raide j\u016bsu t\u0101lrun\u012b vai dator\u0101 24 stundas diennakt\u012b, 7 dienas ned\u0113\u013c\u0101, 7 dienas ned\u0113\u013c\u0101\" \/>\n<meta property=\"og:url\" content=\"https:\/\/izsekosanasierices.lv\/et\/produkts\/vaata-salajast-kaamerat-voi-wi-fi\/\" \/>\n<meta property=\"og:site_name\" content=\"Nr1 Izseko\u0161anas ier\u012bces gps izseko\u0161anas iek\u0101rtas, klaus\u012b\u0161an\u0101s iek\u0101rtas\" \/>\n<meta property=\"article:modified_time\" content=\"2025-11-19T15:43:37+00:00\" \/>\n<meta property=\"og:image\" content=\"https:\/\/rvnski.dev\/sekimoiranga\/wp-content\/uploads\/izsekosanasierices.webp\" \/>\n<meta name=\"twitter:card\" content=\"summary_large_image\" \/>\n<meta name=\"twitter:title\" content=\"Sienas pulkstenis ar slepeno kameru un WI FI\" \/>\n<meta name=\"twitter:description\" content=\"Slepena kamera Sienas pulkstenis ar WI FI - Iesp\u0113ja uzraudz\u012bt iek\u0161telpu skatu un netikt paman\u012btam. Tie\u0161raide j\u016bsu t\u0101lrun\u012b vai dator\u0101 24 stundas diennakt\u012b, 7 dienas ned\u0113\u013c\u0101, 7 dienas ned\u0113\u013c\u0101\" \/>\n<meta name=\"twitter:label1\" content=\"Est. reading time\" \/>\n\t<meta name=\"twitter:data1\" content=\"3 minutit\" \/>\n<script type=\"application\/ld+json\" class=\"yoast-schema-graph\">{\"@context\":\"https:\\\/\\\/schema.org\",\"@graph\":[{\"@type\":\"WebPage\",\"@id\":\"https:\\\/\\\/izsekosanasierices.lv\\\/produkts\\\/skatities-slepena-noverosanas-kamera-ar-wi-fi\\\/\",\"url\":\"https:\\\/\\\/izsekosanasierices.lv\\\/produkts\\\/skatities-slepena-noverosanas-kamera-ar-wi-fi\\\/\",\"name\":\"Sienas pulkstenis ar slepeno kameru un WI FI\",\"isPartOf\":{\"@id\":\"https:\\\/\\\/izsekosanasierices.lv\\\/#website\"},\"primaryImageOfPage\":{\"@id\":\"https:\\\/\\\/izsekosanasierices.lv\\\/produkts\\\/skatities-slepena-noverosanas-kamera-ar-wi-fi\\\/#primaryimage\"},\"image\":{\"@id\":\"https:\\\/\\\/izsekosanasierices.lv\\\/produkts\\\/skatities-slepena-noverosanas-kamera-ar-wi-fi\\\/#primaryimage\"},\"thumbnailUrl\":\"https:\\\/\\\/izsekosanasierices.lv\\\/wp-content\\\/uploads\\\/izsekosanasierices-liakrodis-slapta-stebejimo-kamera-su-wi-fi.jpg\",\"datePublished\":\"2023-10-05T15:37:25+00:00\",\"dateModified\":\"2025-11-19T15:43:37+00:00\",\"description\":\"Slepena kamera Sienas pulkstenis ar WI FI - Iesp\u0113ja uzraudz\u012bt iek\u0161telpu skatu un netikt paman\u012btam. Tie\u0161raide j\u016bsu t\u0101lrun\u012b vai dator\u0101 24 stundas diennakt\u012b, 7 dienas ned\u0113\u013c\u0101, 7 dienas ned\u0113\u013c\u0101\",\"breadcrumb\":{\"@id\":\"https:\\\/\\\/izsekosanasierices.lv\\\/produkts\\\/skatities-slepena-noverosanas-kamera-ar-wi-fi\\\/#breadcrumb\"},\"inLanguage\":\"et\",\"potentialAction\":[{\"@type\":\"ReadAction\",\"target\":[\"https:\\\/\\\/izsekosanasierices.lv\\\/produkts\\\/skatities-slepena-noverosanas-kamera-ar-wi-fi\\\/\"]}]},{\"@type\":\"ImageObject\",\"inLanguage\":\"et\",\"@id\":\"https:\\\/\\\/izsekosanasierices.lv\\\/produkts\\\/skatities-slepena-noverosanas-kamera-ar-wi-fi\\\/#primaryimage\",\"url\":\"https:\\\/\\\/izsekosanasierices.lv\\\/wp-content\\\/uploads\\\/izsekosanasierices-liakrodis-slapta-stebejimo-kamera-su-wi-fi.jpg\",\"contentUrl\":\"https:\\\/\\\/izsekosanasierices.lv\\\/wp-content\\\/uploads\\\/izsekosanasierices-liakrodis-slapta-stebejimo-kamera-su-wi-fi.jpg\",\"width\":458,\"height\":458,\"caption\":\"Klasikinis sieninis laikrodis su slapta kamera\"},{\"@type\":\"BreadcrumbList\",\"@id\":\"https:\\\/\\\/izsekosanasierices.lv\\\/produkts\\\/skatities-slepena-noverosanas-kamera-ar-wi-fi\\\/#breadcrumb\",\"itemListElement\":[{\"@type\":\"ListItem\",\"position\":1,\"name\":\"S\u0101kums\",\"item\":\"https:\\\/\\\/izsekosanasierices.lv\\\/\"},{\"@type\":\"ListItem\",\"position\":2,\"name\":\"Veikals\",\"item\":\"https:\\\/\\\/izsekosanasierices.lv\\\/veikals\\\/\"},{\"@type\":\"ListItem\",\"position\":3,\"name\":\"Skat\u012bties Slepen\u0101 nov\u0113ro\u0161anas kamera ar WI FI\"}]},{\"@type\":\"WebSite\",\"@id\":\"https:\\\/\\\/izsekosanasierices.lv\\\/#website\",\"url\":\"https:\\\/\\\/izsekosanasierices.lv\\\/\",\"name\":\"Nr1 Izseko\u0161anas ier\u012bces gps izseko\u0161anas iek\u0101rtas, klaus\u012b\u0161an\u0101s iek\u0101rtas\",\"description\":\"\",\"potentialAction\":[{\"@type\":\"SearchAction\",\"target\":{\"@type\":\"EntryPoint\",\"urlTemplate\":\"https:\\\/\\\/izsekosanasierices.lv\\\/?s={search_term_string}\"},\"query-input\":{\"@type\":\"PropertyValueSpecification\",\"valueRequired\":true,\"valueName\":\"search_term_string\"}}],\"inLanguage\":\"et\"}]}<\/script>\n<!-- \/ Yoast SEO plugin. -->","yoast_head_json":{"title":"Sienas pulkstenis ar slepeno kameru un WI FI","description":"Slepena kamera Sienas pulkstenis ar WI FI - Iesp\u0113ja uzraudz\u012bt iek\u0161telpu skatu un netikt paman\u012btam. Tie\u0161raide j\u016bsu t\u0101lrun\u012b vai dator\u0101 24 stundas diennakt\u012b, 7 dienas ned\u0113\u013c\u0101, 7 dienas ned\u0113\u013c\u0101","robots":{"index":"index","follow":"follow","max-snippet":"max-snippet:-1","max-image-preview":"max-image-preview:large","max-video-preview":"max-video-preview:-1"},"canonical":"https:\/\/izsekosanasierices.lv\/et\/produkts\/vaata-salajast-kaamerat-voi-wi-fi\/","og_locale":"et_EE","og_type":"article","og_title":"Sienas pulkstenis ar slepeno kameru un WI FI","og_description":"Slepena kamera Sienas pulkstenis ar WI FI - Iesp\u0113ja uzraudz\u012bt iek\u0161telpu skatu un netikt paman\u012btam. Tie\u0161raide j\u016bsu t\u0101lrun\u012b vai dator\u0101 24 stundas diennakt\u012b, 7 dienas ned\u0113\u013c\u0101, 7 dienas ned\u0113\u013c\u0101","og_url":"https:\/\/izsekosanasierices.lv\/et\/produkts\/vaata-salajast-kaamerat-voi-wi-fi\/","og_site_name":"Nr1 Izseko\u0161anas ier\u012bces gps izseko\u0161anas iek\u0101rtas, klaus\u012b\u0161an\u0101s iek\u0101rtas","article_modified_time":"2025-11-19T15:43:37+00:00","og_image":[{"url":"https:\/\/rvnski.dev\/sekimoiranga\/wp-content\/uploads\/izsekosanasierices.webp","type":"","width":"","height":""}],"twitter_card":"summary_large_image","twitter_title":"Sienas pulkstenis ar slepeno kameru un WI FI","twitter_description":"Slepena kamera Sienas pulkstenis ar WI FI - Iesp\u0113ja uzraudz\u012bt iek\u0161telpu skatu un netikt paman\u012btam. Tie\u0161raide j\u016bsu t\u0101lrun\u012b vai dator\u0101 24 stundas diennakt\u012b, 7 dienas ned\u0113\u013c\u0101, 7 dienas ned\u0113\u013c\u0101","twitter_misc":{"Est. reading time":"3 minutit"},"schema":{"@context":"https:\/\/schema.org","@graph":[{"@type":"WebPage","@id":"https:\/\/izsekosanasierices.lv\/produkts\/skatities-slepena-noverosanas-kamera-ar-wi-fi\/","url":"https:\/\/izsekosanasierices.lv\/produkts\/skatities-slepena-noverosanas-kamera-ar-wi-fi\/","name":"Sienas pulkstenis ar slepeno kameru un WI FI","isPartOf":{"@id":"https:\/\/izsekosanasierices.lv\/#website"},"primaryImageOfPage":{"@id":"https:\/\/izsekosanasierices.lv\/produkts\/skatities-slepena-noverosanas-kamera-ar-wi-fi\/#primaryimage"},"image":{"@id":"https:\/\/izsekosanasierices.lv\/produkts\/skatities-slepena-noverosanas-kamera-ar-wi-fi\/#primaryimage"},"thumbnailUrl":"https:\/\/izsekosanasierices.lv\/wp-content\/uploads\/izsekosanasierices-liakrodis-slapta-stebejimo-kamera-su-wi-fi.jpg","datePublished":"2023-10-05T15:37:25+00:00","dateModified":"2025-11-19T15:43:37+00:00","description":"Slepena kamera Sienas pulkstenis ar WI FI - Iesp\u0113ja uzraudz\u012bt iek\u0161telpu skatu un netikt paman\u012btam. Tie\u0161raide j\u016bsu t\u0101lrun\u012b vai dator\u0101 24 stundas diennakt\u012b, 7 dienas ned\u0113\u013c\u0101, 7 dienas ned\u0113\u013c\u0101","breadcrumb":{"@id":"https:\/\/izsekosanasierices.lv\/produkts\/skatities-slepena-noverosanas-kamera-ar-wi-fi\/#breadcrumb"},"inLanguage":"et","potentialAction":[{"@type":"ReadAction","target":["https:\/\/izsekosanasierices.lv\/produkts\/skatities-slepena-noverosanas-kamera-ar-wi-fi\/"]}]},{"@type":"ImageObject","inLanguage":"et","@id":"https:\/\/izsekosanasierices.lv\/produkts\/skatities-slepena-noverosanas-kamera-ar-wi-fi\/#primaryimage","url":"https:\/\/izsekosanasierices.lv\/wp-content\/uploads\/izsekosanasierices-liakrodis-slapta-stebejimo-kamera-su-wi-fi.jpg","contentUrl":"https:\/\/izsekosanasierices.lv\/wp-content\/uploads\/izsekosanasierices-liakrodis-slapta-stebejimo-kamera-su-wi-fi.jpg","width":458,"height":458,"caption":"Klasikinis sieninis laikrodis su slapta kamera"},{"@type":"BreadcrumbList","@id":"https:\/\/izsekosanasierices.lv\/produkts\/skatities-slepena-noverosanas-kamera-ar-wi-fi\/#breadcrumb","itemListElement":[{"@type":"ListItem","position":1,"name":"S\u0101kums","item":"https:\/\/izsekosanasierices.lv\/"},{"@type":"ListItem","position":2,"name":"Veikals","item":"https:\/\/izsekosanasierices.lv\/veikals\/"},{"@type":"ListItem","position":3,"name":"Skat\u012bties Slepen\u0101 nov\u0113ro\u0161anas kamera ar WI FI"}]},{"@type":"WebSite","@id":"https:\/\/izsekosanasierices.lv\/#website","url":"https:\/\/izsekosanasierices.lv\/","name":"Nr1 Izseko\u0161anas ier\u012bces gps izseko\u0161anas iek\u0101rtas, klaus\u012b\u0161an\u0101s iek\u0101rtas","description":"","potentialAction":[{"@type":"SearchAction","target":{"@type":"EntryPoint","urlTemplate":"https:\/\/izsekosanasierices.lv\/?s={search_term_string}"},"query-input":{"@type":"PropertyValueSpecification","valueRequired":true,"valueName":"search_term_string"}}],"inLanguage":"et"}]}},"_links":{"self":[{"href":"https:\/\/izsekosanasierices.lv\/et\/wp-json\/wp\/v2\/product\/1269","targetHints":{"allow":["GET"]}}],"collection":[{"href":"https:\/\/izsekosanasierices.lv\/et\/wp-json\/wp\/v2\/product"}],"about":[{"href":"https:\/\/izsekosanasierices.lv\/et\/wp-json\/wp\/v2\/types\/product"}],"wp:featuredmedia":[{"embeddable":true,"href":"https:\/\/izsekosanasierices.lv\/et\/wp-json\/wp\/v2\/media\/1677"}],"wp:attachment":[{"href":"https:\/\/izsekosanasierices.lv\/et\/wp-json\/wp\/v2\/media?parent=1269"}],"wp:term":[{"taxonomy":"product_brand","embeddable":true,"href":"https:\/\/izsekosanasierices.lv\/et\/wp-json\/wp\/v2\/product_brand?post=1269"},{"taxonomy":"product_cat","embeddable":true,"href":"https:\/\/izsekosanasierices.lv\/et\/wp-json\/wp\/v2\/product_cat?post=1269"},{"taxonomy":"product_tag","embeddable":true,"href":"https:\/\/izsekosanasierices.lv\/et\/wp-json\/wp\/v2\/product_tag?post=1269"}],"curies":[{"name":"wp","href":"https:\/\/api.w.org\/{rel}","templated":true}]}}