{"id":1270,"date":"2023-10-05T15:37:25","date_gmt":"2023-10-05T15:37:25","guid":{"rendered":"https:\/\/izsekosanasierices.lv\/produktas\/dumu-detektorius-imitacija-slapta-stebejimo-kamera-su-wi-fi\/"},"modified":"2025-11-19T17:54:48","modified_gmt":"2025-11-19T15:54:48","slug":"slepta-noverosanas-kamera-ar-wifi-kas-iebuveta-dumu-detektora-imitacija","status":"publish","type":"product","link":"https:\/\/izsekosanasierices.lv\/et\/produkts\/suitsuanduri-sisseehitatud-wifi-ga-peidetud-kaamera\/","title":{"rendered":"Varjatud j\u00e4lgimiskaamera koos WiFi-\u00fchendusega, mis on ehitatud suitsuanduri replika sisse"},"content":{"rendered":"<h3><strong>Otse online k\u00f5ikjal maailmas <\/strong><\/h3>\n<h3><strong>Tehnilised parameetrid:<\/strong><\/h3>\n<ul>\n<li>Kaugvideo vaatamine: jah<\/li>\n<li>Video salvestamine koos heliga<\/li>\n<li>Pildi kvaliteet: eelvaade - HD 1920*1080<\/li>\n<li>Objektiiv: 90 kraadi<\/li>\n<li>Video : 1h 360mb<\/li>\n<li>Kaadrisagedus : 20 FPS<\/li>\n<li>Videovalve: telefoni v\u00f5i arvutiga (otse\u00fclekanne internetis)<\/li>\n<li>Kaarditoetus: 4 GB kuni 64 GB (kaart ei kuulu komplekti)<\/li>\n<li>Aku kestvus: umbes 1 h kuni 3 h - 24 tundi p\u00e4evas, 7 p\u00e4eva n\u00e4dalas.<\/li>\n<li>Aku mahutavus: 3000 mAh 1h kuni 3h<\/li>\n<li>Adapter: 220v (alaliseks \u00fchendamiseks vooluv\u00f5rku)<\/li>\n<li>Liikumistuvastus: jah, digitaalselt<\/li>\n<li>Pakkimisformaat: avi H.264<\/li>\n<li>Video formaat: avi<\/li>\n<li>iOS, Android, Windows<\/li>\n<li>Programm: saadaval<\/li>\n<li>Toiteallikas: sisemine v\u00f5i v\u00e4line aku; 5 V toitepistikupesa<\/li>\n<li>Wi-Fi : jah<\/li>\n<li><strong>Garantii 12 kuud<\/strong><\/li>\n<\/ul>\n<p><span style=\"color: #ff0000;\"><strong>Vajad kiiret sama p\u00e4eva (ja n\u00e4dalavahetuse) kohaletoimetamist?  Helistage +37120484176<\/strong><\/span><\/p>\n<p>Kasutamine: teie ohutuse tagamiseks, laste ohutuse tagamiseks.<\/p>\n<p><strong>Simuleeritud suitsuandur - varjatud valvekaamera koos <\/strong><strong>WiFi<\/strong><\/p>\n<p>J\u00e4lgimiskaamerate maskeerimine ja alaealiste laste j\u00e4lgimine pole kunagi varem olnud lihtsam - valides erinevate majapidamisobjektide replikaid koos peidetud j\u00e4lgimiskaameratega, saate kogu vajaliku teabe. Suitsuanduri imitatsioon - peidetud kaamera on visuaalselt eristamatu tavalisest suitsuandurist, seega v\u00f5ite olla kindel, et kaamerat ei m\u00e4rgata ja et toas viibivad lapsed k\u00e4ituvad nii, nagu neid ei j\u00e4lgitaks. Kui teil on kahtlusi, kas teie lapsed k\u00e4ituvad ausalt, annab suitsuanduri varjatud kaamera teile vajaliku teabe, et vastavalt tegutseda.<\/p>\n<p><strong>Kaugseire funktsioon<\/strong><\/p>\n<p>Saate kaamera tehtud pilte eemalt vaadata, et te ei j\u00e4\u00e4ks millestki ilma. Ruumis toimuva j\u00e4lgimiseks saate kasutada arvutit v\u00f5i nutitelefoni ja kui see ei ole v\u00f5imalik, saate vaadata salvestatud videoid. Varjatud kaamera kasutab 4-64 GB m\u00e4lukaarti (umbes 360 MB tunnis salvestamise kohta).<\/p>\n<p><strong>Kaamera aku<\/strong><\/p>\n<p>Varjatud kaamera saab toidet aku v\u00f5i vooluv\u00f5rgust. Aku mahutavus on 300 mAh (umbes 8 tundi), nii et selle aja jooksul saab filmida palju materjali. Kui \u00fchendate peidetud kaamera vooluv\u00f5rku, ei pea te muretsema, et see saab k\u00f5ige ebasobivamal hetkel t\u00fchjaks. Sellel peidetud kaameral on ka liikumistuvastuse funktsioon: kaamera hakkab filmima, kui keegi ruumis liigub. See aitab s\u00e4\u00e4sta m\u00e4lukaardil ruumi ja v\u00e4ltida salvestamist siis, kui midagi ei toimu.<\/p>\n<p><strong>Kvaliteetsed videod<\/strong><\/p>\n<p>Kuigi salakaameratesse suhtutakse m\u00f5nikord ikka veel skeptiliselt ja arvatakse, et salvestised ei n\u00e4ita midagi, ei ole see t\u00f5si. Suitsuanduri imitatsioonis olev peidetud kaamera salvestab videot HD-resolutsioonis (1920 \u00d7 1080 px), seega v\u00f5ite olla kindel, et see valik vastab teie ootustele. Peate vaid veenduma, et see peidetud kaamera on paigutatud \u00f5ige nurga all (kaameral on 90-kraadine objektiiv) ja v\u00f5ite olla kindel, et saate selge videomaterjali.<\/p>\n<p>Sellel peidetud kaameral on garantii.<\/p>","protected":false},"excerpt":{"rendered":"<p>Suitsuanduri replika, mis on varustatud varjatud valvekaameraga, mille <strong>WiFi<\/strong>. Live online 24\/7. Koolitus kasutusel.<\/p>","protected":false},"featured_media":1680,"template":"","meta":[],"product_brand":[],"product_cat":[330,321,331],"product_tag":[417,332,325,23,334,328,29],"class_list":{"0":"post-1270","1":"product","2":"type-product","3":"status-publish","4":"has-post-thumbnail","6":"product_cat-masketas-kameras","7":"product_cat-sleptas-kameras","8":"product_cat-wi-fi-slepenas-kameras","9":"product_tag-dumu-detektors","10":"product_tag-izsekosanas-iekartas","11":"product_tag-izsekosanas-kamera","12":"product_tag-kamera","13":"product_tag-masketa-kamera","14":"product_tag-slepena-kamera","15":"product_tag-wi-fi-kamera","17":"first","18":"instock","19":"sale","20":"taxable","21":"shipping-taxable","22":"purchasable","23":"product-type-simple"},"yoast_head":"<!-- This site is optimized with the Yoast SEO plugin v27.5 - https:\/\/yoast.com\/product\/yoast-seo-wordpress\/ -->\n<title>Sl\u0113pta nov\u0113ro\u0161anas kamera ar WiFi kas ieb\u016bv\u0113ta d\u016bmu detektora<\/title>\n<meta name=\"description\" content=\"D\u016bmu detektora imit\u0101cija, kas apr\u012bkota ar slepenu nov\u0113ro\u0161anas kameru ar WiFi. Iesp\u0113ja v\u0113rot tie\u0161raidi tie\u0161saist\u0113 24 \/ 7. Augstas kvalit\u0101tes att\u0113ls. Apm\u0101c\u012bba lieto\u0161an\u0101.\" \/>\n<meta name=\"robots\" content=\"index, follow, max-snippet:-1, max-image-preview:large, max-video-preview:-1\" \/>\n<link rel=\"canonical\" href=\"https:\/\/izsekosanasierices.lv\/et\/produkts\/suitsuanduri-sisseehitatud-wifi-ga-peidetud-kaamera\/\" \/>\n<meta property=\"og:locale\" content=\"et_EE\" \/>\n<meta property=\"og:type\" content=\"article\" \/>\n<meta property=\"og:title\" content=\"D\u016bmu detektora uzst\u0101d\u012b\u0161ana ar sl\u0113pto nov\u0113ro\u0161anas kameru|Sekimoiranga.lt\" \/>\n<meta property=\"og:description\" content=\"D\u016bmu detektora imit\u0101cija T\u0101 ir apr\u012bkota ar slepenu nov\u0113ro\u0161anas kameru ar WI FI, kas \u013caus jums nov\u0113rot tie\u0161raidi tie\u0161saist\u0113 27\/7 Augstas kvalit\u0101tes att\u0113ls. Apm\u0101c\u012bba izmantot\" \/>\n<meta property=\"og:url\" content=\"https:\/\/izsekosanasierices.lv\/et\/produkts\/suitsuanduri-sisseehitatud-wifi-ga-peidetud-kaamera\/\" \/>\n<meta property=\"og:site_name\" content=\"Nr1 Izseko\u0161anas ier\u012bces gps izseko\u0161anas iek\u0101rtas, klaus\u012b\u0161an\u0101s iek\u0101rtas\" \/>\n<meta property=\"article:modified_time\" content=\"2025-11-19T15:54:48+00:00\" \/>\n<meta property=\"og:image\" content=\"https:\/\/rvnski.dev\/sekimoiranga\/wp-content\/uploads\/izsekosanasierices.webp\" \/>\n<meta name=\"twitter:card\" content=\"summary_large_image\" \/>\n<meta name=\"twitter:title\" content=\"D\u016bmu detektora uzst\u0101d\u012b\u0161ana ar sl\u0113pto nov\u0113ro\u0161anas kameru|Sekimoiranga.lt\" \/>\n<meta name=\"twitter:description\" content=\"D\u016bmu detektora imit\u0101cija T\u0101 ir apr\u012bkota ar slepenu nov\u0113ro\u0161anas kameru ar WI FI, kas \u013caus jums nov\u0113rot tie\u0161raidi tie\u0161saist\u0113 27\/7 Augstas kvalit\u0101tes att\u0113ls. Apm\u0101c\u012bba izmantot\" \/>\n<meta name=\"twitter:label1\" content=\"Est. reading time\" \/>\n\t<meta name=\"twitter:data1\" content=\"3 minutit\" \/>\n<script type=\"application\/ld+json\" class=\"yoast-schema-graph\">{\"@context\":\"https:\\\/\\\/schema.org\",\"@graph\":[{\"@type\":\"WebPage\",\"@id\":\"https:\\\/\\\/izsekosanasierices.lv\\\/produkts\\\/slepta-noverosanas-kamera-ar-wifi-kas-iebuveta-dumu-detektora-imitacija\\\/\",\"url\":\"https:\\\/\\\/izsekosanasierices.lv\\\/produkts\\\/slepta-noverosanas-kamera-ar-wifi-kas-iebuveta-dumu-detektora-imitacija\\\/\",\"name\":\"Sl\u0113pta nov\u0113ro\u0161anas kamera ar WiFi kas ieb\u016bv\u0113ta d\u016bmu detektora\",\"isPartOf\":{\"@id\":\"https:\\\/\\\/izsekosanasierices.lv\\\/#website\"},\"primaryImageOfPage\":{\"@id\":\"https:\\\/\\\/izsekosanasierices.lv\\\/produkts\\\/slepta-noverosanas-kamera-ar-wifi-kas-iebuveta-dumu-detektora-imitacija\\\/#primaryimage\"},\"image\":{\"@id\":\"https:\\\/\\\/izsekosanasierices.lv\\\/produkts\\\/slepta-noverosanas-kamera-ar-wifi-kas-iebuveta-dumu-detektora-imitacija\\\/#primaryimage\"},\"thumbnailUrl\":\"https:\\\/\\\/izsekosanasierices.lv\\\/wp-content\\\/uploads\\\/izsekosanasierices-dumu-detektorius-imitacija-slapta-stebejimo-kamera-su-wi-fi.jpg\",\"datePublished\":\"2023-10-05T15:37:25+00:00\",\"dateModified\":\"2025-11-19T15:54:48+00:00\",\"description\":\"D\u016bmu detektora imit\u0101cija, kas apr\u012bkota ar slepenu nov\u0113ro\u0161anas kameru ar WiFi. Iesp\u0113ja v\u0113rot tie\u0161raidi tie\u0161saist\u0113 24 \\\/ 7. Augstas kvalit\u0101tes att\u0113ls. Apm\u0101c\u012bba lieto\u0161an\u0101.\",\"breadcrumb\":{\"@id\":\"https:\\\/\\\/izsekosanasierices.lv\\\/produkts\\\/slepta-noverosanas-kamera-ar-wifi-kas-iebuveta-dumu-detektora-imitacija\\\/#breadcrumb\"},\"inLanguage\":\"et\",\"potentialAction\":[{\"@type\":\"ReadAction\",\"target\":[\"https:\\\/\\\/izsekosanasierices.lv\\\/produkts\\\/slepta-noverosanas-kamera-ar-wifi-kas-iebuveta-dumu-detektora-imitacija\\\/\"]}]},{\"@type\":\"ImageObject\",\"inLanguage\":\"et\",\"@id\":\"https:\\\/\\\/izsekosanasierices.lv\\\/produkts\\\/slepta-noverosanas-kamera-ar-wifi-kas-iebuveta-dumu-detektora-imitacija\\\/#primaryimage\",\"url\":\"https:\\\/\\\/izsekosanasierices.lv\\\/wp-content\\\/uploads\\\/izsekosanasierices-dumu-detektorius-imitacija-slapta-stebejimo-kamera-su-wi-fi.jpg\",\"contentUrl\":\"https:\\\/\\\/izsekosanasierices.lv\\\/wp-content\\\/uploads\\\/izsekosanasierices-dumu-detektorius-imitacija-slapta-stebejimo-kamera-su-wi-fi.jpg\",\"width\":458,\"height\":458,\"caption\":\"Slapta kamera d\u016bm\u0173 detektorius su WI fi\"},{\"@type\":\"BreadcrumbList\",\"@id\":\"https:\\\/\\\/izsekosanasierices.lv\\\/produkts\\\/slepta-noverosanas-kamera-ar-wifi-kas-iebuveta-dumu-detektora-imitacija\\\/#breadcrumb\",\"itemListElement\":[{\"@type\":\"ListItem\",\"position\":1,\"name\":\"S\u0101kums\",\"item\":\"https:\\\/\\\/izsekosanasierices.lv\\\/\"},{\"@type\":\"ListItem\",\"position\":2,\"name\":\"Veikals\",\"item\":\"https:\\\/\\\/izsekosanasierices.lv\\\/veikals\\\/\"},{\"@type\":\"ListItem\",\"position\":3,\"name\":\"Sl\u0113pta nov\u0113ro\u0161anas kamera ar WiFi kas ieb\u016bv\u0113ta d\u016bmu detektora imit\u0101cij\u0101\"}]},{\"@type\":\"WebSite\",\"@id\":\"https:\\\/\\\/izsekosanasierices.lv\\\/#website\",\"url\":\"https:\\\/\\\/izsekosanasierices.lv\\\/\",\"name\":\"Nr1 Izseko\u0161anas ier\u012bces gps izseko\u0161anas iek\u0101rtas, klaus\u012b\u0161an\u0101s iek\u0101rtas\",\"description\":\"\",\"potentialAction\":[{\"@type\":\"SearchAction\",\"target\":{\"@type\":\"EntryPoint\",\"urlTemplate\":\"https:\\\/\\\/izsekosanasierices.lv\\\/?s={search_term_string}\"},\"query-input\":{\"@type\":\"PropertyValueSpecification\",\"valueRequired\":true,\"valueName\":\"search_term_string\"}}],\"inLanguage\":\"et\"}]}<\/script>\n<!-- \/ Yoast SEO plugin. -->","yoast_head_json":{"title":"Sl\u0113pta nov\u0113ro\u0161anas kamera ar WiFi kas ieb\u016bv\u0113ta d\u016bmu detektora","description":"D\u016bmu detektora imit\u0101cija, kas apr\u012bkota ar slepenu nov\u0113ro\u0161anas kameru ar WiFi. Iesp\u0113ja v\u0113rot tie\u0161raidi tie\u0161saist\u0113 24 \/ 7. Augstas kvalit\u0101tes att\u0113ls. Apm\u0101c\u012bba lieto\u0161an\u0101.","robots":{"index":"index","follow":"follow","max-snippet":"max-snippet:-1","max-image-preview":"max-image-preview:large","max-video-preview":"max-video-preview:-1"},"canonical":"https:\/\/izsekosanasierices.lv\/et\/produkts\/suitsuanduri-sisseehitatud-wifi-ga-peidetud-kaamera\/","og_locale":"et_EE","og_type":"article","og_title":"D\u016bmu detektora uzst\u0101d\u012b\u0161ana ar sl\u0113pto nov\u0113ro\u0161anas kameru|Sekimoiranga.lt","og_description":"D\u016bmu detektora imit\u0101cija T\u0101 ir apr\u012bkota ar slepenu nov\u0113ro\u0161anas kameru ar WI FI, kas \u013caus jums nov\u0113rot tie\u0161raidi tie\u0161saist\u0113 27\/7 Augstas kvalit\u0101tes att\u0113ls. Apm\u0101c\u012bba izmantot","og_url":"https:\/\/izsekosanasierices.lv\/et\/produkts\/suitsuanduri-sisseehitatud-wifi-ga-peidetud-kaamera\/","og_site_name":"Nr1 Izseko\u0161anas ier\u012bces gps izseko\u0161anas iek\u0101rtas, klaus\u012b\u0161an\u0101s iek\u0101rtas","article_modified_time":"2025-11-19T15:54:48+00:00","og_image":[{"url":"https:\/\/rvnski.dev\/sekimoiranga\/wp-content\/uploads\/izsekosanasierices.webp","type":"","width":"","height":""}],"twitter_card":"summary_large_image","twitter_title":"D\u016bmu detektora uzst\u0101d\u012b\u0161ana ar sl\u0113pto nov\u0113ro\u0161anas kameru|Sekimoiranga.lt","twitter_description":"D\u016bmu detektora imit\u0101cija T\u0101 ir apr\u012bkota ar slepenu nov\u0113ro\u0161anas kameru ar WI FI, kas \u013caus jums nov\u0113rot tie\u0161raidi tie\u0161saist\u0113 27\/7 Augstas kvalit\u0101tes att\u0113ls. Apm\u0101c\u012bba izmantot","twitter_misc":{"Est. reading time":"3 minutit"},"schema":{"@context":"https:\/\/schema.org","@graph":[{"@type":"WebPage","@id":"https:\/\/izsekosanasierices.lv\/produkts\/slepta-noverosanas-kamera-ar-wifi-kas-iebuveta-dumu-detektora-imitacija\/","url":"https:\/\/izsekosanasierices.lv\/produkts\/slepta-noverosanas-kamera-ar-wifi-kas-iebuveta-dumu-detektora-imitacija\/","name":"Sl\u0113pta nov\u0113ro\u0161anas kamera ar WiFi kas ieb\u016bv\u0113ta d\u016bmu detektora","isPartOf":{"@id":"https:\/\/izsekosanasierices.lv\/#website"},"primaryImageOfPage":{"@id":"https:\/\/izsekosanasierices.lv\/produkts\/slepta-noverosanas-kamera-ar-wifi-kas-iebuveta-dumu-detektora-imitacija\/#primaryimage"},"image":{"@id":"https:\/\/izsekosanasierices.lv\/produkts\/slepta-noverosanas-kamera-ar-wifi-kas-iebuveta-dumu-detektora-imitacija\/#primaryimage"},"thumbnailUrl":"https:\/\/izsekosanasierices.lv\/wp-content\/uploads\/izsekosanasierices-dumu-detektorius-imitacija-slapta-stebejimo-kamera-su-wi-fi.jpg","datePublished":"2023-10-05T15:37:25+00:00","dateModified":"2025-11-19T15:54:48+00:00","description":"D\u016bmu detektora imit\u0101cija, kas apr\u012bkota ar slepenu nov\u0113ro\u0161anas kameru ar WiFi. Iesp\u0113ja v\u0113rot tie\u0161raidi tie\u0161saist\u0113 24 \/ 7. Augstas kvalit\u0101tes att\u0113ls. Apm\u0101c\u012bba lieto\u0161an\u0101.","breadcrumb":{"@id":"https:\/\/izsekosanasierices.lv\/produkts\/slepta-noverosanas-kamera-ar-wifi-kas-iebuveta-dumu-detektora-imitacija\/#breadcrumb"},"inLanguage":"et","potentialAction":[{"@type":"ReadAction","target":["https:\/\/izsekosanasierices.lv\/produkts\/slepta-noverosanas-kamera-ar-wifi-kas-iebuveta-dumu-detektora-imitacija\/"]}]},{"@type":"ImageObject","inLanguage":"et","@id":"https:\/\/izsekosanasierices.lv\/produkts\/slepta-noverosanas-kamera-ar-wifi-kas-iebuveta-dumu-detektora-imitacija\/#primaryimage","url":"https:\/\/izsekosanasierices.lv\/wp-content\/uploads\/izsekosanasierices-dumu-detektorius-imitacija-slapta-stebejimo-kamera-su-wi-fi.jpg","contentUrl":"https:\/\/izsekosanasierices.lv\/wp-content\/uploads\/izsekosanasierices-dumu-detektorius-imitacija-slapta-stebejimo-kamera-su-wi-fi.jpg","width":458,"height":458,"caption":"Slapta kamera d\u016bm\u0173 detektorius su WI fi"},{"@type":"BreadcrumbList","@id":"https:\/\/izsekosanasierices.lv\/produkts\/slepta-noverosanas-kamera-ar-wifi-kas-iebuveta-dumu-detektora-imitacija\/#breadcrumb","itemListElement":[{"@type":"ListItem","position":1,"name":"S\u0101kums","item":"https:\/\/izsekosanasierices.lv\/"},{"@type":"ListItem","position":2,"name":"Veikals","item":"https:\/\/izsekosanasierices.lv\/veikals\/"},{"@type":"ListItem","position":3,"name":"Sl\u0113pta nov\u0113ro\u0161anas kamera ar WiFi kas ieb\u016bv\u0113ta d\u016bmu detektora imit\u0101cij\u0101"}]},{"@type":"WebSite","@id":"https:\/\/izsekosanasierices.lv\/#website","url":"https:\/\/izsekosanasierices.lv\/","name":"Nr1 Izseko\u0161anas ier\u012bces gps izseko\u0161anas iek\u0101rtas, klaus\u012b\u0161an\u0101s iek\u0101rtas","description":"","potentialAction":[{"@type":"SearchAction","target":{"@type":"EntryPoint","urlTemplate":"https:\/\/izsekosanasierices.lv\/?s={search_term_string}"},"query-input":{"@type":"PropertyValueSpecification","valueRequired":true,"valueName":"search_term_string"}}],"inLanguage":"et"}]}},"_links":{"self":[{"href":"https:\/\/izsekosanasierices.lv\/et\/wp-json\/wp\/v2\/product\/1270","targetHints":{"allow":["GET"]}}],"collection":[{"href":"https:\/\/izsekosanasierices.lv\/et\/wp-json\/wp\/v2\/product"}],"about":[{"href":"https:\/\/izsekosanasierices.lv\/et\/wp-json\/wp\/v2\/types\/product"}],"wp:featuredmedia":[{"embeddable":true,"href":"https:\/\/izsekosanasierices.lv\/et\/wp-json\/wp\/v2\/media\/1680"}],"wp:attachment":[{"href":"https:\/\/izsekosanasierices.lv\/et\/wp-json\/wp\/v2\/media?parent=1270"}],"wp:term":[{"taxonomy":"product_brand","embeddable":true,"href":"https:\/\/izsekosanasierices.lv\/et\/wp-json\/wp\/v2\/product_brand?post=1270"},{"taxonomy":"product_cat","embeddable":true,"href":"https:\/\/izsekosanasierices.lv\/et\/wp-json\/wp\/v2\/product_cat?post=1270"},{"taxonomy":"product_tag","embeddable":true,"href":"https:\/\/izsekosanasierices.lv\/et\/wp-json\/wp\/v2\/product_tag?post=1270"}],"curies":[{"name":"wp","href":"https:\/\/api.w.org\/{rel}","templated":true}]}}