{"id":1271,"date":"2023-10-05T15:37:25","date_gmt":"2023-10-05T15:37:25","guid":{"rendered":"https:\/\/izsekosanasierices.lv\/produktas\/pro-gsm-gps-wi-fi-detektorius-1mhz-8000mhz-labai-jautrus\/"},"modified":"2026-04-22T08:09:03","modified_gmt":"2026-04-22T05:09:03","slug":"pro-limena-detektors-gsm-gps-wifi-1mhz-8000-mhz-loti-jutigs","status":"publish","type":"product","link":"https:\/\/izsekosanasierices.lv\/et\/produkts\/pro-limena-detektor-gsm-gps-wifi-1mhz-8000-mhz-loti-jutigs\/","title":{"rendered":"Pro Level Detector | GSM, GPS, WiFi | 1Mhz - 8000 Mhz | K\u00f5rge tundlikkus"},"content":{"rendered":"<h3><strong>Tehnilised parameetrid:<\/strong><\/h3>\n<ul>\n<li>M\u00e4\u00e4ratletav sagedusala: 1 MHz - 8000 MHz<\/li>\n<li>Vastuv\u00f5etavad signaalid: GSM, GPS (tundlik l\u00fchikeste andmepakettide suhtes), traadita raadiov\u00f5rgud, WiFi.<\/li>\n<li>Liiklus : &gt;73Db<\/li>\n<li>H\u00e4ire: LED v\u00f5i helisignaal<\/li>\n<li>Pealtkuulamise ja GPS j\u00e4lgimise detektor<\/li>\n<li>Signaali tugevuse indikaator: 9 valgusdioodi<\/li>\n<li>Lisafunktsioonid: antenn (eemaldatav)<\/li>\n<li>Otsimiskaugus: 5 cm kuni 10 m<\/li>\n<li>Tundlikkuse reguleerimine: jah (v\u00e4ga tundlik)<\/li>\n<li>Toiteallikas: sisemine aku 800 Mah<\/li>\n<li>Korpus: metall<\/li>\n<li>Suurus: 93 mm x 48 mm x 17 mm<\/li>\n<li>Kaal: 300 g<\/li>\n<li>V\u00e4rv: must<\/li>\n<li>Komplektis: detektor, kasutusjuhend, originaalpakend.<\/li>\n<li><strong>Garantii 12 kuud<\/strong><\/li>\n<\/ul>\n<p><span style=\"color: #ff0000;\"><strong>Vajad kiiret sama p\u00e4eva (ja n\u00e4dalavahetuse) kohaletoimetamist?  Helistage +37120484176<\/strong><\/span><\/p>\n<p><strong>T\u00c4HELEPANU: Detektor leiab ainult t\u00f6\u00f6tavaid seadmeid (GSM, GPS, BLAKES, <\/strong>WiFi<strong>).<\/strong><\/p>\n<p><strong>GSMi puhul GPS-tase, <\/strong>WiFi<strong> Detektor, 1Mhz - 8000 Mhz (v\u00e4ga tundlik)<\/strong><\/p>\n<p>Sellel PRO-taseme GSM, GPS, WiFi detektoril on \u00fclik\u00f5rge tundlikkus, mis v\u00f5imaldab h\u00f5lpsasti tuvastada erinevaid pealtkuulamisseadmeid, GPS j\u00e4lgimisseadmeid ja GSM-seadmeid. Teie privaatsuse s\u00e4ilitamiseks on selliste seadmete tuvastamine v\u00e4ga oluline ja see detektoriseade on parim valik.<\/p>\n<p><strong>\u00a0<\/strong><\/p>\n<p><strong>Laiad rakendusv\u00f5imalused<\/strong><\/p>\n<p>On palju erinevaid olukordi, kus teil v\u00f5ib olla vaja tuvastada j\u00e4lgimisseadmeid, ja selleks on detektor \u00f5ige valik. N\u00e4iteks kui soovite veenduda, et teie vestluspartner ei filmi v\u00f5i salvesta vestlust salaja, v\u00f5ib selline detektor olla v\u00e4ga kasulik. Erinevad tundlikud seadmed saab tuvastada vaid m\u00f5ne hetkega, mis v\u00f5imaldab teil v\u00e4ltida eraelu puutumatuse rikkumist.<\/p>\n<p><strong>\u00a0<\/strong><\/p>\n<p><strong>V\u00e4ga tundlik seade<\/strong><\/p>\n<p>PRO-tase GSM, GPS. WiFi detektor t\u00f6\u00f6tab sagedusvahemikus 1 MHz kuni 8000 MHz ja tuvastab GSM ja GPS seadmeid, raadioside <span style=\"font-style: normal !msorm;\"><em>bugus<\/em><\/span> ja WiFi-seadmed. See j\u00e4lgimisseade tuvastab seadmeid 5 cm kuni 10 m kauguselt, seega saab seda kasutada suhteliselt suurtes ruumides. Tundlikkuse seadeid saab reguleerida.<\/p>\n<p><strong>\u00a0<\/strong><\/p>\n<p><strong>Lihtne kasutada<\/strong><\/p>\n<p>J\u00e4lgimisseadme kasutamine on v\u00e4ga lihtne: l\u00fclitate selle sisse ja k\u00f5nnite ruumis ringi, et otsida peidetud seadmeid. Detektor tuvastab ainult t\u00f6\u00f6tavaid seadmeid, seega on soovitav neid \"\u00e4ratada\" ootere\u017eiimilt (erinevad peidetud seadmed reageerivad helile v\u00f5i liikumisele). Seade teavitab teid avastatud seadmetest LED-i v\u00f5i helisignaali abil.<\/p>\n<p><strong>\u00a0<\/strong><\/p>\n<p><strong>Kvaliteet hea hinnaga<\/strong><\/p>\n<p>PRO-taseme GSM, GPS, WiFi detektor m\u00fc\u00fcakse v\u00e4ga hea hinnaga ja selle kvaliteet on suurep\u00e4rane. Sellel seadmel on garantii, nii et kui detektor l\u00e4heb garantiiaja jooksul katki, saate v\u00e4ltida remondikulusid.<\/p>\n<p><strong>\u00a0<\/strong><\/p>\n<p><strong>A<\/strong><b><strong>pr<\/strong><\/b><b><strong>\u012b<\/strong><\/b><b><strong>kojum<\/strong><\/b><strong>\u0101 i<\/strong><b><strong>ek<\/strong><\/b><b><strong>\u013c<\/strong><\/b><b><strong>auts <\/strong><\/b><\/p>\n<p>PRO-taseme GSM-, GPS- ja WiFi-detektoriga on kaasas peidetud seadmeotsija (93 mm x 48 mm x 17 mm, kaal ilma patareideta 300 g), kasutusjuhend ja originaalpakend.<\/p>\n<p>&nbsp;<\/p>\n<p>Kui kahtlustate, et m\u00f5nes ruumis v\u00f5ivad olla peidetud kaamerad v\u00f5i pealtkuulamisseadmed, hajutage oma kahtlused PRO-taseme GSM-, GPS- ja WiFi-detektoriga, mis tuvastab erinevaid peidetud seadmeid vaid m\u00f5ne hetkega.<\/p>","protected":false},"excerpt":{"rendered":"<p>Usaldusv\u00e4\u00e4rne ja v\u00e4ga tundlik detektor seadmete j\u00e4lgimiseks. Avastab GPS-j\u00e4lgimisseadmed, salakaamerad ja mitmesugused pealtkuulamisseadmed. Aomokome kasutamine, tasuta saatmine<\/p>","protected":false},"featured_media":1685,"template":"","meta":[],"product_brand":[],"product_cat":[358],"product_tag":[401,402,403,404,405,406,407],"class_list":{"0":"post-1271","1":"product","2":"type-product","3":"status-publish","4":"has-post-thumbnail","6":"product_cat-detektori","7":"product_tag-blusu-detektors","8":"product_tag-detektors","9":"product_tag-gsm-detektors","10":"product_tag-izsekosanas-ierices-detektors","11":"product_tag-kameras-detektors","12":"product_tag-noverosanas-kameru-detektors","13":"product_tag-sleptas-kameras-detektors","15":"first","16":"instock","17":"taxable","18":"shipping-taxable","19":"purchasable","20":"product-type-simple"},"yoast_head":"<!-- This site is optimized with the Yoast SEO plugin v27.5 - https:\/\/yoast.com\/product\/yoast-seo-wordpress\/ -->\n<title>Pro l\u012bme\u0146a detektors GSM, GPS, WiFi 1Mhz \u2013 8000 Mhz | \u013coti jut\u012bgs<\/title>\n<meta name=\"description\" content=\"Uzticams un \u013coti jut\u012bgs detektors izseko\u0161anas ier\u012b\u010du atra\u0161anai Atrod gps izsekot\u0101jus slepenas kameras un da\u017e\u0101das noklaus\u012b\u0161an\u0101s iek\u0101rtas Vienk\u0101r\u0161a lieto\u0161ana\" \/>\n<meta name=\"robots\" content=\"index, follow, max-snippet:-1, max-image-preview:large, max-video-preview:-1\" \/>\n<link rel=\"canonical\" href=\"https:\/\/izsekosanasierices.lv\/et\/produkts\/pro-limena-detektor-gsm-gps-wifi-1mhz-8000-mhz-loti-jutigs\/\" \/>\n<meta property=\"og:locale\" content=\"et_EE\" \/>\n<meta property=\"og:type\" content=\"article\" \/>\n<meta property=\"og:title\" content=\"PRO DETECTOR atkl\u0101j GSM bugs, GPS izsekot\u0101ji, Wi fi kameras\" \/>\n<meta property=\"og:description\" content=\"Uzticams un \u013coti jut\u012bgs detektors iek\u0101rtu izseko\u0161anai. Atkl\u0101j GPS izsekot\u0101jus, slepenas kameras un da\u017e\u0101das noklaus\u012b\u0161an\u0101s iek\u0101rtas. Aomokome izmantot, bezmaksas pieg\u0101de\" \/>\n<meta property=\"og:url\" content=\"https:\/\/izsekosanasierices.lv\/et\/produkts\/pro-limena-detektor-gsm-gps-wifi-1mhz-8000-mhz-loti-jutigs\/\" \/>\n<meta property=\"og:site_name\" content=\"Nr1 Izseko\u0161anas ier\u012bces gps izseko\u0161anas iek\u0101rtas, klaus\u012b\u0161an\u0101s iek\u0101rtas\" \/>\n<meta property=\"article:modified_time\" content=\"2026-04-22T05:09:03+00:00\" \/>\n<meta property=\"og:image\" content=\"https:\/\/rvnski.dev\/sekimoiranga\/wp-content\/uploads\/izsekosanasierices.webp\" \/>\n<meta name=\"twitter:card\" content=\"summary_large_image\" \/>\n<meta name=\"twitter:title\" content=\"PRO DETECTOR atkl\u0101j GSM bugs, GPS izsekot\u0101ji, Wi fi kameras\" \/>\n<meta name=\"twitter:description\" content=\"Uzticams un \u013coti jut\u012bgs detektors iek\u0101rtu izseko\u0161anai. Atkl\u0101j GPS izsekot\u0101jus, slepenas kameras un da\u017e\u0101das noklaus\u012b\u0161an\u0101s iek\u0101rtas. Aomokome izmantot, bezmaksas pieg\u0101de\" \/>\n<meta name=\"twitter:label1\" content=\"Est. reading time\" \/>\n\t<meta name=\"twitter:data1\" content=\"3 minutit\" \/>\n<script type=\"application\/ld+json\" class=\"yoast-schema-graph\">{\"@context\":\"https:\\\/\\\/schema.org\",\"@graph\":[{\"@type\":\"WebPage\",\"@id\":\"https:\\\/\\\/izsekosanasierices.lv\\\/produkts\\\/pro-limena-detektors-gsm-gps-wifi-1mhz-8000-mhz-loti-jutigs\\\/\",\"url\":\"https:\\\/\\\/izsekosanasierices.lv\\\/produkts\\\/pro-limena-detektors-gsm-gps-wifi-1mhz-8000-mhz-loti-jutigs\\\/\",\"name\":\"Pro l\u012bme\u0146a detektors GSM, GPS, WiFi 1Mhz \u2013 8000 Mhz | \u013coti jut\u012bgs\",\"isPartOf\":{\"@id\":\"https:\\\/\\\/izsekosanasierices.lv\\\/#website\"},\"primaryImageOfPage\":{\"@id\":\"https:\\\/\\\/izsekosanasierices.lv\\\/produkts\\\/pro-limena-detektors-gsm-gps-wifi-1mhz-8000-mhz-loti-jutigs\\\/#primaryimage\"},\"image\":{\"@id\":\"https:\\\/\\\/izsekosanasierices.lv\\\/produkts\\\/pro-limena-detektors-gsm-gps-wifi-1mhz-8000-mhz-loti-jutigs\\\/#primaryimage\"},\"thumbnailUrl\":\"https:\\\/\\\/izsekosanasierices.lv\\\/wp-content\\\/uploads\\\/izsekosanasierices-slaptu-kameru-ir-pasiklausymo-blakiu-detektorius-aptinka-gsm-gps-rd-uhf-5.jpg\",\"datePublished\":\"2023-10-05T15:37:25+00:00\",\"dateModified\":\"2026-04-22T05:09:03+00:00\",\"description\":\"Uzticams un \u013coti jut\u012bgs detektors izseko\u0161anas ier\u012b\u010du atra\u0161anai Atrod gps izsekot\u0101jus slepenas kameras un da\u017e\u0101das noklaus\u012b\u0161an\u0101s iek\u0101rtas Vienk\u0101r\u0161a lieto\u0161ana\",\"breadcrumb\":{\"@id\":\"https:\\\/\\\/izsekosanasierices.lv\\\/produkts\\\/pro-limena-detektors-gsm-gps-wifi-1mhz-8000-mhz-loti-jutigs\\\/#breadcrumb\"},\"inLanguage\":\"et\",\"potentialAction\":[{\"@type\":\"ReadAction\",\"target\":[\"https:\\\/\\\/izsekosanasierices.lv\\\/produkts\\\/pro-limena-detektors-gsm-gps-wifi-1mhz-8000-mhz-loti-jutigs\\\/\"]}]},{\"@type\":\"ImageObject\",\"inLanguage\":\"et\",\"@id\":\"https:\\\/\\\/izsekosanasierices.lv\\\/produkts\\\/pro-limena-detektors-gsm-gps-wifi-1mhz-8000-mhz-loti-jutigs\\\/#primaryimage\",\"url\":\"https:\\\/\\\/izsekosanasierices.lv\\\/wp-content\\\/uploads\\\/izsekosanasierices-slaptu-kameru-ir-pasiklausymo-blakiu-detektorius-aptinka-gsm-gps-rd-uhf-5.jpg\",\"contentUrl\":\"https:\\\/\\\/izsekosanasierices.lv\\\/wp-content\\\/uploads\\\/izsekosanasierices-slaptu-kameru-ir-pasiklausymo-blakiu-detektorius-aptinka-gsm-gps-rd-uhf-5.jpg\",\"width\":1000,\"height\":1000,\"caption\":\"Pasiklausymo blaki\u0173 detektorius RF 1Mhz iki 8Mhz\"},{\"@type\":\"BreadcrumbList\",\"@id\":\"https:\\\/\\\/izsekosanasierices.lv\\\/produkts\\\/pro-limena-detektors-gsm-gps-wifi-1mhz-8000-mhz-loti-jutigs\\\/#breadcrumb\",\"itemListElement\":[{\"@type\":\"ListItem\",\"position\":1,\"name\":\"S\u0101kums\",\"item\":\"https:\\\/\\\/izsekosanasierices.lv\\\/\"},{\"@type\":\"ListItem\",\"position\":2,\"name\":\"Veikals\",\"item\":\"https:\\\/\\\/izsekosanasierices.lv\\\/veikals\\\/\"},{\"@type\":\"ListItem\",\"position\":3,\"name\":\"Pro l\u012bme\u0146a detektors | GSM, GPS, WiFi | 1Mhz \u2013 8000 Mhz | \u013coti jut\u012bgs\"}]},{\"@type\":\"WebSite\",\"@id\":\"https:\\\/\\\/izsekosanasierices.lv\\\/#website\",\"url\":\"https:\\\/\\\/izsekosanasierices.lv\\\/\",\"name\":\"Nr1 Izseko\u0161anas ier\u012bces gps izseko\u0161anas iek\u0101rtas, klaus\u012b\u0161an\u0101s iek\u0101rtas\",\"description\":\"\",\"potentialAction\":[{\"@type\":\"SearchAction\",\"target\":{\"@type\":\"EntryPoint\",\"urlTemplate\":\"https:\\\/\\\/izsekosanasierices.lv\\\/?s={search_term_string}\"},\"query-input\":{\"@type\":\"PropertyValueSpecification\",\"valueRequired\":true,\"valueName\":\"search_term_string\"}}],\"inLanguage\":\"et\"}]}<\/script>\n<!-- \/ Yoast SEO plugin. -->","yoast_head_json":{"title":"Pro l\u012bme\u0146a detektors GSM, GPS, WiFi 1Mhz \u2013 8000 Mhz | \u013coti jut\u012bgs","description":"Uzticams un \u013coti jut\u012bgs detektors izseko\u0161anas ier\u012b\u010du atra\u0161anai Atrod gps izsekot\u0101jus slepenas kameras un da\u017e\u0101das noklaus\u012b\u0161an\u0101s iek\u0101rtas Vienk\u0101r\u0161a lieto\u0161ana","robots":{"index":"index","follow":"follow","max-snippet":"max-snippet:-1","max-image-preview":"max-image-preview:large","max-video-preview":"max-video-preview:-1"},"canonical":"https:\/\/izsekosanasierices.lv\/et\/produkts\/pro-limena-detektor-gsm-gps-wifi-1mhz-8000-mhz-loti-jutigs\/","og_locale":"et_EE","og_type":"article","og_title":"PRO DETECTOR atkl\u0101j GSM bugs, GPS izsekot\u0101ji, Wi fi kameras","og_description":"Uzticams un \u013coti jut\u012bgs detektors iek\u0101rtu izseko\u0161anai. Atkl\u0101j GPS izsekot\u0101jus, slepenas kameras un da\u017e\u0101das noklaus\u012b\u0161an\u0101s iek\u0101rtas. Aomokome izmantot, bezmaksas pieg\u0101de","og_url":"https:\/\/izsekosanasierices.lv\/et\/produkts\/pro-limena-detektor-gsm-gps-wifi-1mhz-8000-mhz-loti-jutigs\/","og_site_name":"Nr1 Izseko\u0161anas ier\u012bces gps izseko\u0161anas iek\u0101rtas, klaus\u012b\u0161an\u0101s iek\u0101rtas","article_modified_time":"2026-04-22T05:09:03+00:00","og_image":[{"url":"https:\/\/rvnski.dev\/sekimoiranga\/wp-content\/uploads\/izsekosanasierices.webp","type":"","width":"","height":""}],"twitter_card":"summary_large_image","twitter_title":"PRO DETECTOR atkl\u0101j GSM bugs, GPS izsekot\u0101ji, Wi fi kameras","twitter_description":"Uzticams un \u013coti jut\u012bgs detektors iek\u0101rtu izseko\u0161anai. Atkl\u0101j GPS izsekot\u0101jus, slepenas kameras un da\u017e\u0101das noklaus\u012b\u0161an\u0101s iek\u0101rtas. Aomokome izmantot, bezmaksas pieg\u0101de","twitter_misc":{"Est. reading time":"3 minutit"},"schema":{"@context":"https:\/\/schema.org","@graph":[{"@type":"WebPage","@id":"https:\/\/izsekosanasierices.lv\/produkts\/pro-limena-detektors-gsm-gps-wifi-1mhz-8000-mhz-loti-jutigs\/","url":"https:\/\/izsekosanasierices.lv\/produkts\/pro-limena-detektors-gsm-gps-wifi-1mhz-8000-mhz-loti-jutigs\/","name":"Pro l\u012bme\u0146a detektors GSM, GPS, WiFi 1Mhz \u2013 8000 Mhz | \u013coti jut\u012bgs","isPartOf":{"@id":"https:\/\/izsekosanasierices.lv\/#website"},"primaryImageOfPage":{"@id":"https:\/\/izsekosanasierices.lv\/produkts\/pro-limena-detektors-gsm-gps-wifi-1mhz-8000-mhz-loti-jutigs\/#primaryimage"},"image":{"@id":"https:\/\/izsekosanasierices.lv\/produkts\/pro-limena-detektors-gsm-gps-wifi-1mhz-8000-mhz-loti-jutigs\/#primaryimage"},"thumbnailUrl":"https:\/\/izsekosanasierices.lv\/wp-content\/uploads\/izsekosanasierices-slaptu-kameru-ir-pasiklausymo-blakiu-detektorius-aptinka-gsm-gps-rd-uhf-5.jpg","datePublished":"2023-10-05T15:37:25+00:00","dateModified":"2026-04-22T05:09:03+00:00","description":"Uzticams un \u013coti jut\u012bgs detektors izseko\u0161anas ier\u012b\u010du atra\u0161anai Atrod gps izsekot\u0101jus slepenas kameras un da\u017e\u0101das noklaus\u012b\u0161an\u0101s iek\u0101rtas Vienk\u0101r\u0161a lieto\u0161ana","breadcrumb":{"@id":"https:\/\/izsekosanasierices.lv\/produkts\/pro-limena-detektors-gsm-gps-wifi-1mhz-8000-mhz-loti-jutigs\/#breadcrumb"},"inLanguage":"et","potentialAction":[{"@type":"ReadAction","target":["https:\/\/izsekosanasierices.lv\/produkts\/pro-limena-detektors-gsm-gps-wifi-1mhz-8000-mhz-loti-jutigs\/"]}]},{"@type":"ImageObject","inLanguage":"et","@id":"https:\/\/izsekosanasierices.lv\/produkts\/pro-limena-detektors-gsm-gps-wifi-1mhz-8000-mhz-loti-jutigs\/#primaryimage","url":"https:\/\/izsekosanasierices.lv\/wp-content\/uploads\/izsekosanasierices-slaptu-kameru-ir-pasiklausymo-blakiu-detektorius-aptinka-gsm-gps-rd-uhf-5.jpg","contentUrl":"https:\/\/izsekosanasierices.lv\/wp-content\/uploads\/izsekosanasierices-slaptu-kameru-ir-pasiklausymo-blakiu-detektorius-aptinka-gsm-gps-rd-uhf-5.jpg","width":1000,"height":1000,"caption":"Pasiklausymo blaki\u0173 detektorius RF 1Mhz iki 8Mhz"},{"@type":"BreadcrumbList","@id":"https:\/\/izsekosanasierices.lv\/produkts\/pro-limena-detektors-gsm-gps-wifi-1mhz-8000-mhz-loti-jutigs\/#breadcrumb","itemListElement":[{"@type":"ListItem","position":1,"name":"S\u0101kums","item":"https:\/\/izsekosanasierices.lv\/"},{"@type":"ListItem","position":2,"name":"Veikals","item":"https:\/\/izsekosanasierices.lv\/veikals\/"},{"@type":"ListItem","position":3,"name":"Pro l\u012bme\u0146a detektors | GSM, GPS, WiFi | 1Mhz \u2013 8000 Mhz | \u013coti jut\u012bgs"}]},{"@type":"WebSite","@id":"https:\/\/izsekosanasierices.lv\/#website","url":"https:\/\/izsekosanasierices.lv\/","name":"Nr1 Izseko\u0161anas ier\u012bces gps izseko\u0161anas iek\u0101rtas, klaus\u012b\u0161an\u0101s iek\u0101rtas","description":"","potentialAction":[{"@type":"SearchAction","target":{"@type":"EntryPoint","urlTemplate":"https:\/\/izsekosanasierices.lv\/?s={search_term_string}"},"query-input":{"@type":"PropertyValueSpecification","valueRequired":true,"valueName":"search_term_string"}}],"inLanguage":"et"}]}},"_links":{"self":[{"href":"https:\/\/izsekosanasierices.lv\/et\/wp-json\/wp\/v2\/product\/1271","targetHints":{"allow":["GET"]}}],"collection":[{"href":"https:\/\/izsekosanasierices.lv\/et\/wp-json\/wp\/v2\/product"}],"about":[{"href":"https:\/\/izsekosanasierices.lv\/et\/wp-json\/wp\/v2\/types\/product"}],"wp:featuredmedia":[{"embeddable":true,"href":"https:\/\/izsekosanasierices.lv\/et\/wp-json\/wp\/v2\/media\/1685"}],"wp:attachment":[{"href":"https:\/\/izsekosanasierices.lv\/et\/wp-json\/wp\/v2\/media?parent=1271"}],"wp:term":[{"taxonomy":"product_brand","embeddable":true,"href":"https:\/\/izsekosanasierices.lv\/et\/wp-json\/wp\/v2\/product_brand?post=1271"},{"taxonomy":"product_cat","embeddable":true,"href":"https:\/\/izsekosanasierices.lv\/et\/wp-json\/wp\/v2\/product_cat?post=1271"},{"taxonomy":"product_tag","embeddable":true,"href":"https:\/\/izsekosanasierices.lv\/et\/wp-json\/wp\/v2\/product_tag?post=1271"}],"curies":[{"name":"wp","href":"https:\/\/api.w.org\/{rel}","templated":true}]}}