{"id":1272,"date":"2023-10-05T15:37:25","date_gmt":"2023-10-05T15:37:25","guid":{"rendered":"https:\/\/izsekosanasierices.lv\/produktas\/blakiu-detektorius-ieskiklis-su-magneto-aptikimo-funkcija\/"},"modified":"2025-11-19T16:01:05","modified_gmt":"2025-11-19T14:01:05","slug":"izsekosanas-iericu-detektors-mekletajs-ar-magneta-noteiksanas-funkciju","status":"publish","type":"product","link":"https:\/\/izsekosanasierices.lv\/et\/produkts\/jalgimisdetektor-koos-magneti-tuvastamise-funktsiooniga\/","title":{"rendered":"J\u00e4lgimisseadme detektor | magnet finder"},"content":{"rendered":"<h3><strong>Tehnilised parameetrid:<\/strong><\/h3>\n<ul>\n<li>M\u00e4\u00e4ratletav sagedusala: 1 MHz - 6500 MHz<\/li>\n<li>Vastuv\u00f5etavad signaalid: GSM, WiFi, BT, FM, VHF, UH<\/li>\n<li>H\u00e4ire: LED v\u00f5i helisignaal<\/li>\n<li>Salajane kaamera detektor<\/li>\n<li>Signaali tugevuse indikaator: 4 valgusdioodi<\/li>\n<li>Lisafunktsioonid: antenn (eemaldatav)<\/li>\n<li>Lisafunktsioonid: antenn magnetite tuvastamiseks<\/li>\n<li>Otsimiskaugus: 5 cm kuni 10 m<\/li>\n<li>Tundlikkuse reguleerimine: jah<\/li>\n<li>Toiteallikas: sisemine laetav aku 800Mah<\/li>\n<li>Korpus: metall<\/li>\n<li>Suurus: 16,5 cm x 10 cm x 3,5 cm<\/li>\n<li>Kaal: 84 g (ilma patareideta)<\/li>\n<li>V\u00e4rv: must<\/li>\n<li>Komplektis: detektor, kasutusjuhend, originaalpakend.<\/li>\n<li><strong>Garantii 12 kuud<\/strong><\/li>\n<\/ul>\n<p><span style=\"color: #ff0000;\"><strong>Vajad kiiret sama p\u00e4eva (ja n\u00e4dalavahetuse) kohaletoimetamist?  Helistage +37120484176<\/strong><\/span><\/p>\n<p><strong>\u00a0<\/strong><\/p>\n<p><strong>T\u00c4HELEPANU : Detektor leiab ainult t\u00f6\u00f6tavaid seadmeid (GSM, GPS, BLAKES, <\/strong>WiFi<strong>).<\/strong><\/p>\n<p><strong>\u00a0<\/strong><\/p>\n<p>J\u00e4lgimisseadmed<strong> Detektor - leidja koos magneti tuvastamise funktsiooniga<\/strong><\/p>\n<p>J\u00e4lgimisandur v\u00f5ib olla kasulik paljudes olukordades, kus soovite s\u00e4ilitada oma privaatsust. T\u00e4nap\u00e4eval, mil huvi erinevate varjatud seadmete vastu kasvab, on tundliku teabe kaitsmine muutunud olulisemaks kui kunagi varem, seega saate j\u00e4lgimisdetektori ostmisega v\u00e4ltida loata vestluste salvestamist v\u00f5i filmimist.<\/p>\n<p><strong>\u00a0<\/strong><\/p>\n<p><strong>Lihtsalt kasutatav seade<\/strong><\/p>\n<p>Magnetic Tracker aitab kiiresti ja lihtsalt leida peidetud kaamerad, pealtkuulamise <span style=\"font-style: normal !msorm;\"><em>bugus<\/em><\/span> ja muud seadmed (detektor tuvastab GSM, WiFi, BT, FM, VHF ja UH signaale). Nagu paljud teisedki j\u00e4lgimisdetektorid, tuvastab see ainult t\u00f6\u00f6tavaid seadmeid, seega on hea m\u00f5te proovida seadmeid ootere\u017eiimist \"\u00e4ratada\" (pealtkuulamisseadmed, peidetud kaamerad ja muud seadmed reageerivad helile v\u00f5i liikumisele). Avastatud seadmetest teavitatakse teid LED-i v\u00f5i helisignaaliga.<\/p>\n<p><strong>\u00a0<\/strong><\/p>\n<p><strong>V\u00e4ga tundlik seade<\/strong><\/p>\n<p>See j\u00e4lgimisseadme detektor tuvastab laia valikut varjatud seadmeid sagedusalas 1 MHz kuni 6500 MHz (seadme tundlikkust saab reguleerida). Varjatud seadmeid saab otsida suhteliselt suurtes ruumides, kuna detektor suudab neid tuvastada 5 cm kuni 10 m kauguselt.<\/p>\n<p><strong>\u00a0<\/strong><\/p>\n<p><strong>Detektori peamised tehnilised andmed<\/strong><\/p>\n<p>Tracker Detector kaalub ilma patareideta vaid 84 g (16,5 cm x 10 cm x 3,5 cm) ja on v\u00e4ga kompaktne. Detektori metallist korpus tagab suure vastupidavuse. Seadmesse on integreeritud sisemine 800 mAh aku. Sellel j\u00e4lgimisseadme detektoril on 4 LED-signaalin\u00e4idikut ja magnetiga tuvastamise antenn (m\u00f5ned peidetud seadmed on kinnitatud magnetitega, seega v\u00f5ib see lisafunktsioon veelgi h\u00f5lbustada erinevate peidetud seadmete tuvastamist).<\/p>\n<p><strong>\u00a0<\/strong><\/p>\n<p><strong>Atraktiivne hind<\/strong><\/p>\n<p>See detektor on suhteliselt odav, nii et paljud inimesed saavad selle endale lubada. Sellel seadmel on garantii, nii et kui detektor l\u00e4heb katki, ei teki teile selle parandamiseks lisakulusid. Komplekti kuuluvad detektor, kasutusjuhend ja originaalpakend.<\/p>\n<p>&nbsp;<\/p>\n<p>Hajutage oma kahtlused: kui kahtlustate, et ruumides on salajasi seadmeid, ostke see j\u00e4lgimisdetektor.<\/p>","protected":false},"excerpt":{"rendered":"<p>J\u00e4lgimisandur magnetituvastusega. Avastab erinevaid j\u00e4lgimisseadmeid, asukoha tuvastamise seadmeid, varjatud kaameraid, GSM-i <span style=\"font-style: normal !msorm;\"><em>bugus<\/em><\/span>.<\/p>","protected":false},"featured_media":1690,"template":"","meta":[],"product_brand":[],"product_cat":[358],"product_tag":[401,402,403,404,405,406,407],"class_list":{"0":"post-1272","1":"product","2":"type-product","3":"status-publish","4":"has-post-thumbnail","6":"product_cat-detektori","7":"product_tag-blusu-detektors","8":"product_tag-detektors","9":"product_tag-gsm-detektors","10":"product_tag-izsekosanas-ierices-detektors","11":"product_tag-kameras-detektors","12":"product_tag-noverosanas-kameru-detektors","13":"product_tag-sleptas-kameras-detektors","15":"first","16":"outofstock","17":"taxable","18":"shipping-taxable","19":"purchasable","20":"product-type-simple"},"yoast_head":"<!-- This site is optimized with the Yoast SEO plugin v27.5 - https:\/\/yoast.com\/product\/yoast-seo-wordpress\/ -->\n<title>Izseko\u0161anas ier\u012b\u010du detektors mekl\u0113t\u0101js ar magn\u0113ta noteik\u0161anas<\/title>\n<meta name=\"description\" content=\"Izseko\u0161anas ier\u012b\u010du detektors ar magn\u0113ta noteik\u0161anas funkciju. Atrod da\u017e\u0101das nov\u0113ro\u0161anas iek\u0101rtas, atra\u0161an\u0101s vietas noteik\u0161anas iek\u0101rtas, slepenas kameras, GSM bugus.\" \/>\n<meta name=\"robots\" content=\"index, follow, max-snippet:-1, max-image-preview:large, max-video-preview:-1\" \/>\n<link rel=\"canonical\" href=\"https:\/\/izsekosanasierices.lv\/et\/produkts\/jalgimisdetektor-koos-magneti-tuvastamise-funktsiooniga\/\" \/>\n<meta property=\"og:locale\" content=\"et_EE\" \/>\n<meta property=\"og:type\" content=\"article\" \/>\n<meta property=\"og:title\" content=\"K\u013c\u016bdu detektors - Atkl\u0101j gps ier\u012bces, gsm k\u013c\u016bdas utt.\" \/>\n<meta property=\"og:description\" content=\"K\u013c\u016bdu detektors slepen\u0101m kamer\u0101m ar magn\u0113ta noteik\u0161anas funkciju. Atkl\u0101j da\u017e\u0101das nov\u0113ro\u0161anas iek\u0101rtas, atra\u0161an\u0101s vietas noteik\u0161anas iek\u0101rtas, slepenas kameras, GSM bugs.\" \/>\n<meta property=\"og:url\" content=\"https:\/\/izsekosanasierices.lv\/et\/produkts\/jalgimisdetektor-koos-magneti-tuvastamise-funktsiooniga\/\" \/>\n<meta property=\"og:site_name\" content=\"Nr1 Izseko\u0161anas ier\u012bces gps izseko\u0161anas iek\u0101rtas, klaus\u012b\u0161an\u0101s iek\u0101rtas\" \/>\n<meta property=\"article:modified_time\" content=\"2025-11-19T14:01:05+00:00\" \/>\n<meta property=\"og:image\" content=\"https:\/\/rvnski.dev\/sekimoiranga\/wp-content\/uploads\/izsekosanasierices.webp\" \/>\n<meta name=\"twitter:card\" content=\"summary_large_image\" \/>\n<meta name=\"twitter:title\" content=\"K\u013c\u016bdu detektors - Atkl\u0101j gps ier\u012bces, gsm k\u013c\u016bdas utt.\" \/>\n<meta name=\"twitter:description\" content=\"K\u013c\u016bdu detektors slepen\u0101m kamer\u0101m ar magn\u0113ta noteik\u0161anas funkciju. Atkl\u0101j da\u017e\u0101das nov\u0113ro\u0161anas iek\u0101rtas, atra\u0161an\u0101s vietas noteik\u0161anas iek\u0101rtas, slepenas kameras, GSM bugs.\" \/>\n<meta name=\"twitter:label1\" content=\"Est. reading time\" \/>\n\t<meta name=\"twitter:data1\" content=\"3 minutit\" \/>\n<script type=\"application\/ld+json\" class=\"yoast-schema-graph\">{\"@context\":\"https:\\\/\\\/schema.org\",\"@graph\":[{\"@type\":\"WebPage\",\"@id\":\"https:\\\/\\\/izsekosanasierices.lv\\\/produkts\\\/izsekosanas-iericu-detektors-mekletajs-ar-magneta-noteiksanas-funkciju\\\/\",\"url\":\"https:\\\/\\\/izsekosanasierices.lv\\\/produkts\\\/izsekosanas-iericu-detektors-mekletajs-ar-magneta-noteiksanas-funkciju\\\/\",\"name\":\"Izseko\u0161anas ier\u012b\u010du detektors mekl\u0113t\u0101js ar magn\u0113ta noteik\u0161anas\",\"isPartOf\":{\"@id\":\"https:\\\/\\\/izsekosanasierices.lv\\\/#website\"},\"primaryImageOfPage\":{\"@id\":\"https:\\\/\\\/izsekosanasierices.lv\\\/produkts\\\/izsekosanas-iericu-detektors-mekletajs-ar-magneta-noteiksanas-funkciju\\\/#primaryimage\"},\"image\":{\"@id\":\"https:\\\/\\\/izsekosanasierices.lv\\\/produkts\\\/izsekosanas-iericu-detektors-mekletajs-ar-magneta-noteiksanas-funkciju\\\/#primaryimage\"},\"thumbnailUrl\":\"https:\\\/\\\/izsekosanasierices.lv\\\/wp-content\\\/uploads\\\/izsekosanasierices-slaptu-kameru-ir-pasiklausymo-blakiu-detektorius-aptinka-gsm-gps-rd-uhf-6.jpg\",\"datePublished\":\"2023-10-05T15:37:25+00:00\",\"dateModified\":\"2025-11-19T14:01:05+00:00\",\"description\":\"Izseko\u0161anas ier\u012b\u010du detektors ar magn\u0113ta noteik\u0161anas funkciju. Atrod da\u017e\u0101das nov\u0113ro\u0161anas iek\u0101rtas, atra\u0161an\u0101s vietas noteik\u0161anas iek\u0101rtas, slepenas kameras, GSM bugus.\",\"breadcrumb\":{\"@id\":\"https:\\\/\\\/izsekosanasierices.lv\\\/produkts\\\/izsekosanas-iericu-detektors-mekletajs-ar-magneta-noteiksanas-funkciju\\\/#breadcrumb\"},\"inLanguage\":\"et\",\"potentialAction\":[{\"@type\":\"ReadAction\",\"target\":[\"https:\\\/\\\/izsekosanasierices.lv\\\/produkts\\\/izsekosanas-iericu-detektors-mekletajs-ar-magneta-noteiksanas-funkciju\\\/\"]}]},{\"@type\":\"ImageObject\",\"inLanguage\":\"et\",\"@id\":\"https:\\\/\\\/izsekosanasierices.lv\\\/produkts\\\/izsekosanas-iericu-detektors-mekletajs-ar-magneta-noteiksanas-funkciju\\\/#primaryimage\",\"url\":\"https:\\\/\\\/izsekosanasierices.lv\\\/wp-content\\\/uploads\\\/izsekosanasierices-slaptu-kameru-ir-pasiklausymo-blakiu-detektorius-aptinka-gsm-gps-rd-uhf-6.jpg\",\"contentUrl\":\"https:\\\/\\\/izsekosanasierices.lv\\\/wp-content\\\/uploads\\\/izsekosanasierices-slaptu-kameru-ir-pasiklausymo-blakiu-detektorius-aptinka-gsm-gps-rd-uhf-6.jpg\",\"width\":800,\"height\":800,\"caption\":\"Blaki\u0173 ie\u0161kiklis\"},{\"@type\":\"BreadcrumbList\",\"@id\":\"https:\\\/\\\/izsekosanasierices.lv\\\/produkts\\\/izsekosanas-iericu-detektors-mekletajs-ar-magneta-noteiksanas-funkciju\\\/#breadcrumb\",\"itemListElement\":[{\"@type\":\"ListItem\",\"position\":1,\"name\":\"S\u0101kums\",\"item\":\"https:\\\/\\\/izsekosanasierices.lv\\\/\"},{\"@type\":\"ListItem\",\"position\":2,\"name\":\"Veikals\",\"item\":\"https:\\\/\\\/izsekosanasierices.lv\\\/veikals\\\/\"},{\"@type\":\"ListItem\",\"position\":3,\"name\":\"Izseko\u0161anas ier\u012b\u010du detektors | mekl\u0113t\u0101js ar magn\u0113ta noteik\u0161anas funkciju\"}]},{\"@type\":\"WebSite\",\"@id\":\"https:\\\/\\\/izsekosanasierices.lv\\\/#website\",\"url\":\"https:\\\/\\\/izsekosanasierices.lv\\\/\",\"name\":\"Nr1 Izseko\u0161anas ier\u012bces gps izseko\u0161anas iek\u0101rtas, klaus\u012b\u0161an\u0101s iek\u0101rtas\",\"description\":\"\",\"potentialAction\":[{\"@type\":\"SearchAction\",\"target\":{\"@type\":\"EntryPoint\",\"urlTemplate\":\"https:\\\/\\\/izsekosanasierices.lv\\\/?s={search_term_string}\"},\"query-input\":{\"@type\":\"PropertyValueSpecification\",\"valueRequired\":true,\"valueName\":\"search_term_string\"}}],\"inLanguage\":\"et\"}]}<\/script>\n<!-- \/ Yoast SEO plugin. -->","yoast_head_json":{"title":"Izseko\u0161anas ier\u012b\u010du detektors mekl\u0113t\u0101js ar magn\u0113ta noteik\u0161anas","description":"Izseko\u0161anas ier\u012b\u010du detektors ar magn\u0113ta noteik\u0161anas funkciju. Atrod da\u017e\u0101das nov\u0113ro\u0161anas iek\u0101rtas, atra\u0161an\u0101s vietas noteik\u0161anas iek\u0101rtas, slepenas kameras, GSM bugus.","robots":{"index":"index","follow":"follow","max-snippet":"max-snippet:-1","max-image-preview":"max-image-preview:large","max-video-preview":"max-video-preview:-1"},"canonical":"https:\/\/izsekosanasierices.lv\/et\/produkts\/jalgimisdetektor-koos-magneti-tuvastamise-funktsiooniga\/","og_locale":"et_EE","og_type":"article","og_title":"K\u013c\u016bdu detektors - Atkl\u0101j gps ier\u012bces, gsm k\u013c\u016bdas utt.","og_description":"K\u013c\u016bdu detektors slepen\u0101m kamer\u0101m ar magn\u0113ta noteik\u0161anas funkciju. Atkl\u0101j da\u017e\u0101das nov\u0113ro\u0161anas iek\u0101rtas, atra\u0161an\u0101s vietas noteik\u0161anas iek\u0101rtas, slepenas kameras, GSM bugs.","og_url":"https:\/\/izsekosanasierices.lv\/et\/produkts\/jalgimisdetektor-koos-magneti-tuvastamise-funktsiooniga\/","og_site_name":"Nr1 Izseko\u0161anas ier\u012bces gps izseko\u0161anas iek\u0101rtas, klaus\u012b\u0161an\u0101s iek\u0101rtas","article_modified_time":"2025-11-19T14:01:05+00:00","og_image":[{"url":"https:\/\/rvnski.dev\/sekimoiranga\/wp-content\/uploads\/izsekosanasierices.webp","type":"","width":"","height":""}],"twitter_card":"summary_large_image","twitter_title":"K\u013c\u016bdu detektors - Atkl\u0101j gps ier\u012bces, gsm k\u013c\u016bdas utt.","twitter_description":"K\u013c\u016bdu detektors slepen\u0101m kamer\u0101m ar magn\u0113ta noteik\u0161anas funkciju. Atkl\u0101j da\u017e\u0101das nov\u0113ro\u0161anas iek\u0101rtas, atra\u0161an\u0101s vietas noteik\u0161anas iek\u0101rtas, slepenas kameras, GSM bugs.","twitter_misc":{"Est. reading time":"3 minutit"},"schema":{"@context":"https:\/\/schema.org","@graph":[{"@type":"WebPage","@id":"https:\/\/izsekosanasierices.lv\/produkts\/izsekosanas-iericu-detektors-mekletajs-ar-magneta-noteiksanas-funkciju\/","url":"https:\/\/izsekosanasierices.lv\/produkts\/izsekosanas-iericu-detektors-mekletajs-ar-magneta-noteiksanas-funkciju\/","name":"Izseko\u0161anas ier\u012b\u010du detektors mekl\u0113t\u0101js ar magn\u0113ta noteik\u0161anas","isPartOf":{"@id":"https:\/\/izsekosanasierices.lv\/#website"},"primaryImageOfPage":{"@id":"https:\/\/izsekosanasierices.lv\/produkts\/izsekosanas-iericu-detektors-mekletajs-ar-magneta-noteiksanas-funkciju\/#primaryimage"},"image":{"@id":"https:\/\/izsekosanasierices.lv\/produkts\/izsekosanas-iericu-detektors-mekletajs-ar-magneta-noteiksanas-funkciju\/#primaryimage"},"thumbnailUrl":"https:\/\/izsekosanasierices.lv\/wp-content\/uploads\/izsekosanasierices-slaptu-kameru-ir-pasiklausymo-blakiu-detektorius-aptinka-gsm-gps-rd-uhf-6.jpg","datePublished":"2023-10-05T15:37:25+00:00","dateModified":"2025-11-19T14:01:05+00:00","description":"Izseko\u0161anas ier\u012b\u010du detektors ar magn\u0113ta noteik\u0161anas funkciju. Atrod da\u017e\u0101das nov\u0113ro\u0161anas iek\u0101rtas, atra\u0161an\u0101s vietas noteik\u0161anas iek\u0101rtas, slepenas kameras, GSM bugus.","breadcrumb":{"@id":"https:\/\/izsekosanasierices.lv\/produkts\/izsekosanas-iericu-detektors-mekletajs-ar-magneta-noteiksanas-funkciju\/#breadcrumb"},"inLanguage":"et","potentialAction":[{"@type":"ReadAction","target":["https:\/\/izsekosanasierices.lv\/produkts\/izsekosanas-iericu-detektors-mekletajs-ar-magneta-noteiksanas-funkciju\/"]}]},{"@type":"ImageObject","inLanguage":"et","@id":"https:\/\/izsekosanasierices.lv\/produkts\/izsekosanas-iericu-detektors-mekletajs-ar-magneta-noteiksanas-funkciju\/#primaryimage","url":"https:\/\/izsekosanasierices.lv\/wp-content\/uploads\/izsekosanasierices-slaptu-kameru-ir-pasiklausymo-blakiu-detektorius-aptinka-gsm-gps-rd-uhf-6.jpg","contentUrl":"https:\/\/izsekosanasierices.lv\/wp-content\/uploads\/izsekosanasierices-slaptu-kameru-ir-pasiklausymo-blakiu-detektorius-aptinka-gsm-gps-rd-uhf-6.jpg","width":800,"height":800,"caption":"Blaki\u0173 ie\u0161kiklis"},{"@type":"BreadcrumbList","@id":"https:\/\/izsekosanasierices.lv\/produkts\/izsekosanas-iericu-detektors-mekletajs-ar-magneta-noteiksanas-funkciju\/#breadcrumb","itemListElement":[{"@type":"ListItem","position":1,"name":"S\u0101kums","item":"https:\/\/izsekosanasierices.lv\/"},{"@type":"ListItem","position":2,"name":"Veikals","item":"https:\/\/izsekosanasierices.lv\/veikals\/"},{"@type":"ListItem","position":3,"name":"Izseko\u0161anas ier\u012b\u010du detektors | mekl\u0113t\u0101js ar magn\u0113ta noteik\u0161anas funkciju"}]},{"@type":"WebSite","@id":"https:\/\/izsekosanasierices.lv\/#website","url":"https:\/\/izsekosanasierices.lv\/","name":"Nr1 Izseko\u0161anas ier\u012bces gps izseko\u0161anas iek\u0101rtas, klaus\u012b\u0161an\u0101s iek\u0101rtas","description":"","potentialAction":[{"@type":"SearchAction","target":{"@type":"EntryPoint","urlTemplate":"https:\/\/izsekosanasierices.lv\/?s={search_term_string}"},"query-input":{"@type":"PropertyValueSpecification","valueRequired":true,"valueName":"search_term_string"}}],"inLanguage":"et"}]}},"_links":{"self":[{"href":"https:\/\/izsekosanasierices.lv\/et\/wp-json\/wp\/v2\/product\/1272","targetHints":{"allow":["GET"]}}],"collection":[{"href":"https:\/\/izsekosanasierices.lv\/et\/wp-json\/wp\/v2\/product"}],"about":[{"href":"https:\/\/izsekosanasierices.lv\/et\/wp-json\/wp\/v2\/types\/product"}],"wp:featuredmedia":[{"embeddable":true,"href":"https:\/\/izsekosanasierices.lv\/et\/wp-json\/wp\/v2\/media\/1690"}],"wp:attachment":[{"href":"https:\/\/izsekosanasierices.lv\/et\/wp-json\/wp\/v2\/media?parent=1272"}],"wp:term":[{"taxonomy":"product_brand","embeddable":true,"href":"https:\/\/izsekosanasierices.lv\/et\/wp-json\/wp\/v2\/product_brand?post=1272"},{"taxonomy":"product_cat","embeddable":true,"href":"https:\/\/izsekosanasierices.lv\/et\/wp-json\/wp\/v2\/product_cat?post=1272"},{"taxonomy":"product_tag","embeddable":true,"href":"https:\/\/izsekosanasierices.lv\/et\/wp-json\/wp\/v2\/product_tag?post=1272"}],"curies":[{"name":"wp","href":"https:\/\/api.w.org\/{rel}","templated":true}]}}