{"id":1273,"date":"2023-10-05T15:37:25","date_gmt":"2023-10-05T15:37:25","guid":{"rendered":"https:\/\/izsekosanasierices.lv\/produktas\/profesionalus-sekimo-irangos-detektorius-aptinka-1mhz-12000mhz\/"},"modified":"2026-03-26T14:38:49","modified_gmt":"2026-03-26T12:38:49","slug":"professional-izsekosanas-iekartu-detektors-nosaka-1mhz-12000mhz","status":"publish","type":"product","link":"https:\/\/izsekosanasierices.lv\/et\/produkts\/professionaalne-jalgimiskaardi-detektor-tuvastab-1mhz-12000mhz\/","title":{"rendered":"PROFESSIONAL J\u00e4lgimisseadmete detektor tuvastab 1mHz - 12000mHz"},"content":{"rendered":"<h3><strong>Tehnilised parameetrid:<\/strong><\/h3>\n<\/p>\n<ul>\n<li>Sagedusvahemik 1MHz-12000MHz<\/li>\n<li>Vastuv\u00f5etavad signaalid: GSM, WIFI BT, FM, VHF, UH<\/li>\n<li>D\u00fcnaamiline otsing :&gt;73Db<\/li>\n<li>Tundlikkus: \u22640,03mw<\/li>\n<li>Varjatud kaamera tuvastamine: JAH<\/li>\n<li>2.4GHZ -Wi fi kaamerad: 25 ruutmeetri suurune ruum (standardkaamera 10mW)<\/li>\n<li>1.2GHZ -Wi fi kaamerad: 25 ruutmeetri suurune ruum (standardkaamera 10mW)<\/li>\n<li>Mobiiltelefonide signaalid: 2G , 3G, 4G: 5-25 ruutmeetrit. Siseruumides<\/li>\n<li>Magnetite tuvastamise tundlikkus: 50mm-150mm<\/li>\n<li>H\u00e4ire: LED ja helisignaal<\/li>\n<li>Salajane kaamera detektor<\/li>\n<li>Signaali tugevuse indikaator: 4 valgusdioodi<\/li>\n<li>Lisafunktsioonid: antenn (eemaldatav)<\/li>\n<li>Lisafunktsioonid: antenn magnetite tuvastamiseks<\/li>\n<li>Tuvastus: 5 cm kuni 10 m<\/li>\n<li>Tundlikkuse kontroll: JAH  <\/li>\n<li>Toiteallikas: sisemine laetav aku 1500Mah<\/li>\n<li>Korpus: metall<\/li>\n<li>Suurus: 125 mm x 52,5 mm x 21,5 mm<\/li>\n<li>Kaal: 145gr<\/li>\n<li>V\u00e4rv: must<\/li>\n<li>Komplektis: detektor, kasutusjuhend, originaalkarp.<\/li>\n<li><strong>Garantii 12 kuud<\/strong><\/li>\n<\/ul>\n<p><span style=\"color:#d0121a;\"><strong>Kas vajate kiiret sama p\u00e4eva kohaletoimetamist? (ja n\u00e4dalavahetustel)- helista +37068411114<\/strong><\/span><\/p>\n<\/p>\n<p><strong>ETTEVAATUST : Detektor tuvastab ainult t\u00f6\u00f6tavad seadmed (GSM, GPS, BLAKES, Wi-FI).<\/strong><\/p>\n<\/p>\n<p><strong><span lang=\"lt\" xml_lang=\"lt\">PROFESSIONAL j\u00e4lgimisseadmete detektor (tuvastab 1mHz - 12000 mHz)<\/span><\/strong><span lang=\"lt\" xml_lang=\"lt\"><\/span><\/p>\n<\/p>\n<p><span lang=\"lt\" xml_lang=\"lt\">J\u00e4lgimisseadmete avastamine v\u00e4ldib alati eraelu puutumatuse rikkumist, mist\u00f5ttu pole ime, et need seadmed \u00e4ratavad \u00fcha suuremat huvi. Professionaalne j\u00e4lgimisdetektor v\u00f5imaldab kiiresti ja t\u00f5husalt tuvastada erinevaid maskeeritud seadmeid, et v\u00e4ltida vestluste salvestamist v\u00f5i filmimist. On palju olukordi, kus j\u00e4lgimisdetektor v\u00f5ib olla kasulik, seega \u00e4rge laske oma privaatsust ohustada ja proovige seda professionaalset seadet.<\/span><\/p>\n<\/p>\n<p><strong><span lang=\"lt\" xml_lang=\"lt\">Erinevate seadmete tuvastamine<\/span><\/strong><span lang=\"lt\" xml_lang=\"lt\"><\/span><\/p>\n<\/p>\n<p><span lang=\"lt\" xml_lang=\"lt\">Professionaalne j\u00e4lgimisseade tuvastab GSM, WIFI BT, FM, VHF ja UH signaale v\u00e4ga laias sagedusvahemikus (1MHz kuni 12000MHz). Seade on \u00e4\u00e4rmiselt k\u00f5rge tundlikkusega (\u22640,03 mw), nii et v\u00f5ite olla kindel, et leiate h\u00f5lpsasti suure hulga tundlikke seadmeid. Professional Tracker Detector tuvastab ka magnetid, mida kasutatakse sageli kirpude v\u00f5i muude j\u00e4lgimisseadmete kinnitamiseks. Varjatud detektorid suudavad tuvastada ainult t\u00f6\u00f6tavaid seadmeid, seega on teil paremad v\u00f5imalused ka nende seadmete avastamiseks.<\/span><\/p>\n<\/p>\n<p><strong><span lang=\"lt\" xml_lang=\"lt\">Lihtsalt kasutatav detektor<\/span><\/strong><span lang=\"lt\" xml_lang=\"lt\"><\/span><\/p>\n<\/p>\n<p><span lang=\"lt\" xml_lang=\"lt\">Professionaalse j\u00e4lgimisseadme kasutamine on v\u00e4ga lihtne: lihtsalt l\u00fclitage seade sisse ja k\u00f5ndige ruumis ringi. On kasulik teada, et m\u00f5ned peidetud seadmed v\u00f5ivad olla ootere\u017eiimis, nii et m\u00fcra v\u00f5i liikumine v\u00f5ib neid \"\u00e4ratada\". Avastatud seadmetest teavitatakse teid valgusdioodi ja helisignaaliga, et saaksite v\u00f5tta asjakohaseid meetmeid. See professionaalne detektor tuvastab laia valikut peidetud seadmeid 5 cm kuni 10 m kauguselt, nii et saate h\u00f5lpsasti leida mitmesuguseid valveseadmeid \u00fcsna suurtes ruumides.<\/span><\/p>\n<\/p>\n<p><strong><span lang=\"lt\" xml_lang=\"lt\">Muud seadme funktsioonid<\/span><\/strong><span lang=\"lt\" xml_lang=\"lt\"><\/span><\/p>\n<\/p>\n<p><span lang=\"lt\" xml_lang=\"lt\">Professional Tracker on v\u00e4ike (125 mm x 52,5 mm x 21,5 mm) ja kaalub ilma akuta vaid 145 grammi. See on varustatud sisemise 1500 mAh akuga, eemaldatava antenniga ja lisaantenniga magnetite tuvastamiseks (magnetite tuvastamise tundlikkus 50-150 mm). Korpus on valmistatud metallist (must).<\/span><\/p>\n<\/p>\n<p><strong><span lang=\"lt\" xml_lang=\"lt\">Detektori seadistamine<\/span><\/strong><span lang=\"lt\" xml_lang=\"lt\"><\/span><\/p>\n<\/p>\n<p><span lang=\"lt\" xml_lang=\"lt\">Professionaalse valveseadme detektoriga on kaasas peidetud seadme leidja, kasutusjuhend ja originaalkarp. Tootel on t\u00e4htajaline garantii, nii et kui seade teatud aja jooksul katki l\u00e4heb, ei l\u00e4he selle parandamine teile midagi maksma.<\/span><\/p>","protected":false},"excerpt":{"rendered":"<p>Kvaliteetne detektor, mis tuvastab GSM-telefone, GPS-j\u00e4lgimisseadmeid ja salakaameraid WI fi. V\u00f5imaldab automaatselt tuvastada j\u00e4lgimisseadmeid.<\/p>","protected":false},"featured_media":1696,"template":"","meta":[],"product_brand":[],"product_cat":[358],"product_tag":[401,402,403,404,405,406,407],"class_list":{"0":"post-1273","1":"product","2":"type-product","3":"status-publish","4":"has-post-thumbnail","6":"product_cat-detektori","7":"product_tag-blusu-detektors","8":"product_tag-detektors","9":"product_tag-gsm-detektors","10":"product_tag-izsekosanas-ierices-detektors","11":"product_tag-kameras-detektors","12":"product_tag-noverosanas-kameru-detektors","13":"product_tag-sleptas-kameras-detektors","15":"first","16":"instock","17":"taxable","18":"shipping-taxable","19":"purchasable","20":"product-type-simple"},"yoast_head":"<!-- This site is optimized with the Yoast SEO plugin v27.5 - https:\/\/yoast.com\/product\/yoast-seo-wordpress\/ -->\n<title>Profesion\u0101ls Blake CCTV detektors nosaka: GPS GSM WI FI<\/title>\n<meta name=\"description\" content=\"Augstas kvalit\u0101tes detektors, kas atkl\u0101j GSM t\u0101lru\u0146us, GPS izseko\u0161anas iek\u0101rtas, k\u0101 ar\u012b slepenas kameras ar WI fi. Sp\u0113ja tikt autom\u0101tiski atkl\u0101tam ar izseko\u0161anas iek\u0101rt\u0101m.\" \/>\n<meta name=\"robots\" content=\"index, follow, max-snippet:-1, max-image-preview:large, max-video-preview:-1\" \/>\n<link rel=\"canonical\" href=\"https:\/\/izsekosanasierices.lv\/et\/produkts\/professionaalne-jalgimiskaardi-detektor-tuvastab-1mhz-12000mhz\/\" \/>\n<meta property=\"og:locale\" content=\"et_EE\" \/>\n<meta property=\"og:type\" content=\"article\" \/>\n<meta property=\"og:title\" content=\"Profesion\u0101ls Blake CCTV detektors nosaka: GPS GSM WI FI\" \/>\n<meta property=\"og:description\" content=\"Augstas kvalit\u0101tes detektors, kas atkl\u0101j GSM t\u0101lru\u0146us, GPS izseko\u0161anas iek\u0101rtas, k\u0101 ar\u012b slepenas kameras ar WI fi. Sp\u0113ja tikt autom\u0101tiski atkl\u0101tam ar izseko\u0161anas iek\u0101rt\u0101m.\" \/>\n<meta property=\"og:url\" content=\"https:\/\/izsekosanasierices.lv\/et\/produkts\/professionaalne-jalgimiskaardi-detektor-tuvastab-1mhz-12000mhz\/\" \/>\n<meta property=\"og:site_name\" content=\"Nr1 Izseko\u0161anas ier\u012bces gps izseko\u0161anas iek\u0101rtas, klaus\u012b\u0161an\u0101s iek\u0101rtas\" \/>\n<meta property=\"article:modified_time\" content=\"2026-03-26T12:38:49+00:00\" \/>\n<meta property=\"og:image\" content=\"https:\/\/rvnski.dev\/sekimoiranga\/wp-content\/uploads\/izsekosanasierices.webp\" \/>\n<meta name=\"twitter:card\" content=\"summary_large_image\" \/>\n<meta name=\"twitter:title\" content=\"Profesion\u0101ls Blake CCTV detektors nosaka: GPS GSM WI FI\" \/>\n<meta name=\"twitter:description\" content=\"Augstas kvalit\u0101tes detektors, kas atkl\u0101j GSM t\u0101lru\u0146us, GPS izseko\u0161anas iek\u0101rtas, k\u0101 ar\u012b slepenas kameras ar WI fi. Sp\u0113ja tikt autom\u0101tiski atkl\u0101tam ar izseko\u0161anas iek\u0101rt\u0101m.\" \/>\n<meta name=\"twitter:label1\" content=\"Est. reading time\" \/>\n\t<meta name=\"twitter:data1\" content=\"3 minutit\" \/>\n<script type=\"application\/ld+json\" class=\"yoast-schema-graph\">{\"@context\":\"https:\\\/\\\/schema.org\",\"@graph\":[{\"@type\":\"WebPage\",\"@id\":\"https:\\\/\\\/izsekosanasierices.lv\\\/produkts\\\/professional-izsekosanas-iekartu-detektors-nosaka-1mhz-12000mhz\\\/\",\"url\":\"https:\\\/\\\/izsekosanasierices.lv\\\/produkts\\\/professional-izsekosanas-iekartu-detektors-nosaka-1mhz-12000mhz\\\/\",\"name\":\"Profesion\u0101ls Blake CCTV detektors nosaka: GPS GSM WI FI\",\"isPartOf\":{\"@id\":\"https:\\\/\\\/izsekosanasierices.lv\\\/#website\"},\"primaryImageOfPage\":{\"@id\":\"https:\\\/\\\/izsekosanasierices.lv\\\/produkts\\\/professional-izsekosanas-iekartu-detektors-nosaka-1mhz-12000mhz\\\/#primaryimage\"},\"image\":{\"@id\":\"https:\\\/\\\/izsekosanasierices.lv\\\/produkts\\\/professional-izsekosanas-iekartu-detektors-nosaka-1mhz-12000mhz\\\/#primaryimage\"},\"thumbnailUrl\":\"https:\\\/\\\/izsekosanasierices.lv\\\/wp-content\\\/uploads\\\/izsekosanasierices-sekimo-irangos-detektorius-aptinka-gps-gsm-wi-fi-kameras-magnetus.jpg\",\"datePublished\":\"2023-10-05T15:37:25+00:00\",\"dateModified\":\"2026-03-26T12:38:49+00:00\",\"description\":\"Augstas kvalit\u0101tes detektors, kas atkl\u0101j GSM t\u0101lru\u0146us, GPS izseko\u0161anas iek\u0101rtas, k\u0101 ar\u012b slepenas kameras ar WI fi. Sp\u0113ja tikt autom\u0101tiski atkl\u0101tam ar izseko\u0161anas iek\u0101rt\u0101m.\",\"breadcrumb\":{\"@id\":\"https:\\\/\\\/izsekosanasierices.lv\\\/produkts\\\/professional-izsekosanas-iekartu-detektors-nosaka-1mhz-12000mhz\\\/#breadcrumb\"},\"inLanguage\":\"et\",\"potentialAction\":[{\"@type\":\"ReadAction\",\"target\":[\"https:\\\/\\\/izsekosanasierices.lv\\\/produkts\\\/professional-izsekosanas-iekartu-detektors-nosaka-1mhz-12000mhz\\\/\"]}]},{\"@type\":\"ImageObject\",\"inLanguage\":\"et\",\"@id\":\"https:\\\/\\\/izsekosanasierices.lv\\\/produkts\\\/professional-izsekosanas-iekartu-detektors-nosaka-1mhz-12000mhz\\\/#primaryimage\",\"url\":\"https:\\\/\\\/izsekosanasierices.lv\\\/wp-content\\\/uploads\\\/izsekosanasierices-sekimo-irangos-detektorius-aptinka-gps-gsm-wi-fi-kameras-magnetus.jpg\",\"contentUrl\":\"https:\\\/\\\/izsekosanasierices.lv\\\/wp-content\\\/uploads\\\/izsekosanasierices-sekimo-irangos-detektorius-aptinka-gps-gsm-wi-fi-kameras-magnetus.jpg\",\"width\":1000,\"height\":1000,\"caption\":\"Sekimo \u012frangos detektorius aptinka - GPS | GSM | Wi FI | KAMERAS |Magnetus\"},{\"@type\":\"BreadcrumbList\",\"@id\":\"https:\\\/\\\/izsekosanasierices.lv\\\/produkts\\\/professional-izsekosanas-iekartu-detektors-nosaka-1mhz-12000mhz\\\/#breadcrumb\",\"itemListElement\":[{\"@type\":\"ListItem\",\"position\":1,\"name\":\"S\u0101kums\",\"item\":\"https:\\\/\\\/izsekosanasierices.lv\\\/\"},{\"@type\":\"ListItem\",\"position\":2,\"name\":\"Veikals\",\"item\":\"https:\\\/\\\/izsekosanasierices.lv\\\/veikals\\\/\"},{\"@type\":\"ListItem\",\"position\":3,\"name\":\"PROFESSIONAL Izseko\u0161anas iek\u0101rtu detektors nosaka 1mHz &#8211; 12000mHz\"}]},{\"@type\":\"WebSite\",\"@id\":\"https:\\\/\\\/izsekosanasierices.lv\\\/#website\",\"url\":\"https:\\\/\\\/izsekosanasierices.lv\\\/\",\"name\":\"Nr1 Izseko\u0161anas ier\u012bces gps izseko\u0161anas iek\u0101rtas, klaus\u012b\u0161an\u0101s iek\u0101rtas\",\"description\":\"\",\"potentialAction\":[{\"@type\":\"SearchAction\",\"target\":{\"@type\":\"EntryPoint\",\"urlTemplate\":\"https:\\\/\\\/izsekosanasierices.lv\\\/?s={search_term_string}\"},\"query-input\":{\"@type\":\"PropertyValueSpecification\",\"valueRequired\":true,\"valueName\":\"search_term_string\"}}],\"inLanguage\":\"et\"}]}<\/script>\n<!-- \/ Yoast SEO plugin. -->","yoast_head_json":{"title":"Profesion\u0101ls Blake CCTV detektors nosaka: GPS GSM WI FI","description":"Augstas kvalit\u0101tes detektors, kas atkl\u0101j GSM t\u0101lru\u0146us, GPS izseko\u0161anas iek\u0101rtas, k\u0101 ar\u012b slepenas kameras ar WI fi. Sp\u0113ja tikt autom\u0101tiski atkl\u0101tam ar izseko\u0161anas iek\u0101rt\u0101m.","robots":{"index":"index","follow":"follow","max-snippet":"max-snippet:-1","max-image-preview":"max-image-preview:large","max-video-preview":"max-video-preview:-1"},"canonical":"https:\/\/izsekosanasierices.lv\/et\/produkts\/professionaalne-jalgimiskaardi-detektor-tuvastab-1mhz-12000mhz\/","og_locale":"et_EE","og_type":"article","og_title":"Profesion\u0101ls Blake CCTV detektors nosaka: GPS GSM WI FI","og_description":"Augstas kvalit\u0101tes detektors, kas atkl\u0101j GSM t\u0101lru\u0146us, GPS izseko\u0161anas iek\u0101rtas, k\u0101 ar\u012b slepenas kameras ar WI fi. Sp\u0113ja tikt autom\u0101tiski atkl\u0101tam ar izseko\u0161anas iek\u0101rt\u0101m.","og_url":"https:\/\/izsekosanasierices.lv\/et\/produkts\/professionaalne-jalgimiskaardi-detektor-tuvastab-1mhz-12000mhz\/","og_site_name":"Nr1 Izseko\u0161anas ier\u012bces gps izseko\u0161anas iek\u0101rtas, klaus\u012b\u0161an\u0101s iek\u0101rtas","article_modified_time":"2026-03-26T12:38:49+00:00","og_image":[{"url":"https:\/\/rvnski.dev\/sekimoiranga\/wp-content\/uploads\/izsekosanasierices.webp","type":"","width":"","height":""}],"twitter_card":"summary_large_image","twitter_title":"Profesion\u0101ls Blake CCTV detektors nosaka: GPS GSM WI FI","twitter_description":"Augstas kvalit\u0101tes detektors, kas atkl\u0101j GSM t\u0101lru\u0146us, GPS izseko\u0161anas iek\u0101rtas, k\u0101 ar\u012b slepenas kameras ar WI fi. Sp\u0113ja tikt autom\u0101tiski atkl\u0101tam ar izseko\u0161anas iek\u0101rt\u0101m.","twitter_misc":{"Est. reading time":"3 minutit"},"schema":{"@context":"https:\/\/schema.org","@graph":[{"@type":"WebPage","@id":"https:\/\/izsekosanasierices.lv\/produkts\/professional-izsekosanas-iekartu-detektors-nosaka-1mhz-12000mhz\/","url":"https:\/\/izsekosanasierices.lv\/produkts\/professional-izsekosanas-iekartu-detektors-nosaka-1mhz-12000mhz\/","name":"Profesion\u0101ls Blake CCTV detektors nosaka: GPS GSM WI FI","isPartOf":{"@id":"https:\/\/izsekosanasierices.lv\/#website"},"primaryImageOfPage":{"@id":"https:\/\/izsekosanasierices.lv\/produkts\/professional-izsekosanas-iekartu-detektors-nosaka-1mhz-12000mhz\/#primaryimage"},"image":{"@id":"https:\/\/izsekosanasierices.lv\/produkts\/professional-izsekosanas-iekartu-detektors-nosaka-1mhz-12000mhz\/#primaryimage"},"thumbnailUrl":"https:\/\/izsekosanasierices.lv\/wp-content\/uploads\/izsekosanasierices-sekimo-irangos-detektorius-aptinka-gps-gsm-wi-fi-kameras-magnetus.jpg","datePublished":"2023-10-05T15:37:25+00:00","dateModified":"2026-03-26T12:38:49+00:00","description":"Augstas kvalit\u0101tes detektors, kas atkl\u0101j GSM t\u0101lru\u0146us, GPS izseko\u0161anas iek\u0101rtas, k\u0101 ar\u012b slepenas kameras ar WI fi. Sp\u0113ja tikt autom\u0101tiski atkl\u0101tam ar izseko\u0161anas iek\u0101rt\u0101m.","breadcrumb":{"@id":"https:\/\/izsekosanasierices.lv\/produkts\/professional-izsekosanas-iekartu-detektors-nosaka-1mhz-12000mhz\/#breadcrumb"},"inLanguage":"et","potentialAction":[{"@type":"ReadAction","target":["https:\/\/izsekosanasierices.lv\/produkts\/professional-izsekosanas-iekartu-detektors-nosaka-1mhz-12000mhz\/"]}]},{"@type":"ImageObject","inLanguage":"et","@id":"https:\/\/izsekosanasierices.lv\/produkts\/professional-izsekosanas-iekartu-detektors-nosaka-1mhz-12000mhz\/#primaryimage","url":"https:\/\/izsekosanasierices.lv\/wp-content\/uploads\/izsekosanasierices-sekimo-irangos-detektorius-aptinka-gps-gsm-wi-fi-kameras-magnetus.jpg","contentUrl":"https:\/\/izsekosanasierices.lv\/wp-content\/uploads\/izsekosanasierices-sekimo-irangos-detektorius-aptinka-gps-gsm-wi-fi-kameras-magnetus.jpg","width":1000,"height":1000,"caption":"Sekimo \u012frangos detektorius aptinka - GPS | GSM | Wi FI | KAMERAS |Magnetus"},{"@type":"BreadcrumbList","@id":"https:\/\/izsekosanasierices.lv\/produkts\/professional-izsekosanas-iekartu-detektors-nosaka-1mhz-12000mhz\/#breadcrumb","itemListElement":[{"@type":"ListItem","position":1,"name":"S\u0101kums","item":"https:\/\/izsekosanasierices.lv\/"},{"@type":"ListItem","position":2,"name":"Veikals","item":"https:\/\/izsekosanasierices.lv\/veikals\/"},{"@type":"ListItem","position":3,"name":"PROFESSIONAL Izseko\u0161anas iek\u0101rtu detektors nosaka 1mHz &#8211; 12000mHz"}]},{"@type":"WebSite","@id":"https:\/\/izsekosanasierices.lv\/#website","url":"https:\/\/izsekosanasierices.lv\/","name":"Nr1 Izseko\u0161anas ier\u012bces gps izseko\u0161anas iek\u0101rtas, klaus\u012b\u0161an\u0101s iek\u0101rtas","description":"","potentialAction":[{"@type":"SearchAction","target":{"@type":"EntryPoint","urlTemplate":"https:\/\/izsekosanasierices.lv\/?s={search_term_string}"},"query-input":{"@type":"PropertyValueSpecification","valueRequired":true,"valueName":"search_term_string"}}],"inLanguage":"et"}]}},"_links":{"self":[{"href":"https:\/\/izsekosanasierices.lv\/et\/wp-json\/wp\/v2\/product\/1273","targetHints":{"allow":["GET"]}}],"collection":[{"href":"https:\/\/izsekosanasierices.lv\/et\/wp-json\/wp\/v2\/product"}],"about":[{"href":"https:\/\/izsekosanasierices.lv\/et\/wp-json\/wp\/v2\/types\/product"}],"wp:featuredmedia":[{"embeddable":true,"href":"https:\/\/izsekosanasierices.lv\/et\/wp-json\/wp\/v2\/media\/1696"}],"wp:attachment":[{"href":"https:\/\/izsekosanasierices.lv\/et\/wp-json\/wp\/v2\/media?parent=1273"}],"wp:term":[{"taxonomy":"product_brand","embeddable":true,"href":"https:\/\/izsekosanasierices.lv\/et\/wp-json\/wp\/v2\/product_brand?post=1273"},{"taxonomy":"product_cat","embeddable":true,"href":"https:\/\/izsekosanasierices.lv\/et\/wp-json\/wp\/v2\/product_cat?post=1273"},{"taxonomy":"product_tag","embeddable":true,"href":"https:\/\/izsekosanasierices.lv\/et\/wp-json\/wp\/v2\/product_tag?post=1273"}],"curies":[{"name":"wp","href":"https:\/\/api.w.org\/{rel}","templated":true}]}}