{"id":1276,"date":"2023-10-05T15:37:25","date_gmt":"2023-10-05T15:37:25","guid":{"rendered":"https:\/\/izsekosanasierices.lv\/produktas\/slapta-kamera-full-hd-uzmaskuota-automobiliniame-rakte-2\/"},"modified":"2025-11-19T15:55:32","modified_gmt":"2025-11-19T13:55:32","slug":"full-hd-slepta-kamera-kas-masketa-automasinas-atslega","status":"publish","type":"product","link":"https:\/\/izsekosanasierices.lv\/et\/produkts\/full-hd-peidetud-kaamera-kes-maskeeritud-auto\/","title":{"rendered":"FULL HD peidetud kaamera, mis on maskeeritud auto v\u00f5tmesse"},"content":{"rendered":"<h3><strong>Tehnilised parameetrid:<\/strong><\/h3>\n<ul>\n<li>M\u00e4lukaardi tugi: micro SD\/SDHC kuni 32 GB (ei kuulu komplekti)<\/li>\n<li>Video salvestamine koos heliga<\/li>\n<li>Salvestuslahutus: Full HD 1920 x 1080 px<\/li>\n<li>Videoformaat: avi | 20 kaadrit sekundis<\/li>\n<li>Pildi resolutsioon: jpeg 2560 x 1440 px<\/li>\n<li>Vaatamisnurk: 60\u00b0<\/li>\n<li>Heli: m\u00fcrasummutusmikrofon<\/li>\n<li>\u00dchendusstandard: USB<\/li>\n<li>Laetav aku: 3,6 V 450 mAh<\/li>\n<li>Aku kestvus: umbes 70 minutit<\/li>\n<li>\u00dchilduvus Windows, Mac OS<\/li>\n<li>T\u00f6\u00f6temperatuur: -10\u00b0C ~ 60\u00b0C<\/li>\n<li>V\u00e4rv: BLACK (must)<\/li>\n<li>Korpus: metall<\/li>\n<li>Kaasas: salajane kaamera v\u00f5tmes, USB-kaabel, kasutusjuhend.<\/li>\n<li><strong>Garantii 12 kuud<\/strong><\/li>\n<\/ul>\n<p><strong>\u00a0<\/strong><\/p>\n<p><span style=\"color: #ff0000;\"><strong>Vajad kiiret sama p\u00e4eva (ja n\u00e4dalavahetuse) kohaletoimetamist?  Helistage +37120484176<\/strong><\/span><\/p>\n<p>Kasutamine: teie ohutuse tagamiseks, laste ohutuse tagamiseks.<\/p>\n<p><strong>\u00a0<\/strong><\/p>\n<p><strong>Kaamera auto v\u00f5ti<\/strong><\/p>\n<p>Salakaamerad v\u00f5ivad olla kasulikud mitmesugustes olukordades, et veenduda, et teatud isikud on ausad ja usaldusv\u00e4\u00e4rsed. Salakaameraga auto v\u00f5ti on kahtlemata \u00fcks parimaid valikuid, kui on vaja v\u00e4lja selgitada, kas inimene on usaldusv\u00e4\u00e4rne: selle v\u00f5ib j\u00e4tta turvaliselt lauale v\u00f5i n\u00e4htavale ja keegi ei kahtle, et te j\u00e4lgite teda. On palju olukordi, kus see kaamera v\u00f5ib olla kasulik: kui soovite veenduda, et ettev\u00f5tte t\u00f6\u00f6tajad on ausad, kui soovite n\u00e4ha, kas lapsehoidja hoolitseb laste eest korralikult jne. Kui teil on mingeid kahtlusi, saate need h\u00f5lpsasti hajutada, ostes salakaamera t\u00f5eliselt soodsa hinnaga ja vajalike tehniliste omadustega, et koguda soovitud teavet.<\/p>\n<p><strong>\u00a0<\/strong><\/p>\n<p><strong>Fotod ja <\/strong><span style=\"font-weight: normal !msorm;\"><strong>videosalvestus<\/strong><\/span><strong> Sissep\u00e4\u00e4s<\/strong><\/p>\n<p>Autov\u00f5tme salakaamera ei v\u00f5ta mitte ainult videot, vaid ka fotosid: video resolutsioon on FULL HD 1920 \u00d7 1080 px ja fotod salvestatakse JPEG formaadis 2560 \u00d7 1440 px. Fotod ja videod salvestatakse kuni 32 GB mahutavusega micro SD\/SDHC-kaardile (kaart ei kuulu komplekti). Kaamera kasutajas\u00f5bralik salvestusjuhtimine v\u00f5imaldab teil teha videoid ja fotosid siis, kui neid k\u00f5ige rohkem vajate. Salvestatud teavet saab edastada arvutisse. USB-\u00fchenduse abil on videote ja fotode edastamine kiire ja lihtne, nii et neid saab igal ajal vaadata. Salajane kaamera autov\u00f5tmes \u00fchildub nii Windowsi kui ka Mac OS operatsioonis\u00fcsteemidega, nii et teabe edastamine on lihtne.<\/p>\n<p><strong>\u00a0<\/strong><\/p>\n<p><strong>Video kvaliteedi tagamine<\/strong><\/p>\n<p>Autov\u00f5tmesse sisseehitatud kaamera on v\u00e4ga v\u00e4ike seade, kuid see pakub t\u00e4iuslikku videokvaliteeti. Salakaamera filmib 60-kraadise nurga all, nii et sa ei pea muretsema kaamera \u00f5ige nurga all paiknemise p\u00e4rast, vaid saad selgeid videoid teha. Selle kaamera mikrofonil on m\u00fcrasummutusfunktsioon, nii et teie videod j\u00e4\u00e4dvustatakse selge heliga.<\/p>\n<p><strong>\u00a0<\/strong><\/p>\n<p><strong>Salajane kaamera aku<\/strong><\/p>\n<p>See kaamera on varustatud 3,6 V 450 mAh akuga, mille aku kestab umbes 70 minutit. Kui teil on konkreetne punkt, kus soovite j\u00e4\u00e4dvustada huvipakkuvat teavet, v\u00f5ite lihtsalt paigutada salakaamera konkreetsesse kohta ruumis ja alustada filmimist. Varjatud kaamera kasutamine v\u00f5ib olla kasulik t\u00f5endite saamiseks loata tegevuse kohta, seega v\u00f5ite seda kasutada ka siis, kui olete ise ruumis.<\/p>\n<p><strong>\u00a0<\/strong><\/p>\n<p><strong>Muu oluline teave<\/strong><\/p>\n<p>Secret Camera Adapteri t\u00f6\u00f6temperatuurivahemik on \u00fcsna lai - see t\u00f6\u00f6tab vahemikus -10 kuni +60 kraadi Celsiuse j\u00e4rgi, seega v\u00f5ite olla kindel, et \u00f5hutemperatuur ei m\u00f5juta teie videosalvestust. Selle salakaamera korpus on valmistatud vastupidavast metallist, seega kestab see kaua. Salakaamera on neutraalse musta v\u00e4rvi ja n\u00e4eb visuaalselt v\u00e4lja sarnane meie tavap\u00e4raselt kasutatavatele autov\u00f5tmetele, nii et keegi ei kahtle, et selle seadmega saab filmida v\u00f5i pildistada. Komplekti kuuluvad autov\u00f5ti, peidetud kaamera, USB-kaabel ja kasutusjuhend.<\/p>\n<p>\u00c4ra lase oma kahtlustel endas peitu pugeda: kui tahad veenduda, et teatud inimesed on sinu usalduse v\u00e4\u00e4rilised, osta salakaameraga autov\u00f5tme. Seda on v\u00e4ga lihtne ja mugav kasutada, nii et isegi kui tehnoloogia ei ole sinu tugevus, ei ole raske seda proovida.<\/p>","protected":false},"excerpt":{"rendered":"<p>Salajase kaameraga auto v\u00f5ti . K\u00f5rge pildikvaliteet. Lihtne kasutada. GARANTII. Tasuta kohaletoimetamine kogu Euroopas. Hind ainult 70 EUR.<\/p>","protected":false},"featured_media":1711,"template":"","meta":[],"product_brand":[],"product_cat":[330,321],"product_tag":[325,23,418,363,419,328],"class_list":{"0":"post-1276","1":"product","2":"type-product","3":"status-publish","4":"has-post-thumbnail","6":"product_cat-masketas-kameras","7":"product_cat-sleptas-kameras","8":"product_tag-izsekosanas-kamera","9":"product_tag-kamera","10":"product_tag-kamera-automasinas-atslega","11":"product_tag-kamera-modinataja","12":"product_tag-kameras-taustins","13":"product_tag-slepena-kamera","15":"first","16":"instock","17":"taxable","18":"shipping-taxable","19":"purchasable","20":"product-type-simple"},"yoast_head":"<!-- This site is optimized with the Yoast SEO plugin v27.5 - https:\/\/yoast.com\/product\/yoast-seo-wordpress\/ -->\n<title>FULL HD sl\u0113pt\u0101 kamera, kas mask\u0113ta automa\u0161\u012bnas atsl\u0113g\u0101<\/title>\n<meta name=\"description\" content=\"Auto atsl\u0113ga ar slepeno kameru . Augsta att\u0113la kvalit\u0101te. Viegli lietojama. GARANTIJA. Bezmaksas pieg\u0101de vis\u0101 Eirop\u0101. Cena tikai 70 EUR.\" \/>\n<meta name=\"robots\" content=\"index, follow, max-snippet:-1, max-image-preview:large, max-video-preview:-1\" \/>\n<link rel=\"canonical\" href=\"https:\/\/izsekosanasierices.lv\/et\/produkts\/full-hd-peidetud-kaamera-kes-maskeeritud-auto\/\" \/>\n<meta property=\"og:locale\" content=\"et_EE\" \/>\n<meta property=\"og:type\" content=\"article\" \/>\n<meta property=\"og:title\" content=\"Mini sl\u0113pt\u0101 kamera, kas mask\u0113ta k\u0101 automa\u0161\u012bnas atsl\u0113ga | Sekimoiranga.lt\" \/>\n<meta property=\"og:description\" content=\"Slepen\u0101s kameras atsl\u0113ga - film\u0113jiet iek\u0161as, augsta att\u0113la kvalit\u0101te. Viegli lietojams GARANTIJA. Bezmaksas pieg\u0101de vis\u0101 Eirop\u0101. Cena tikai 70eu\" \/>\n<meta property=\"og:url\" content=\"https:\/\/izsekosanasierices.lv\/et\/produkts\/full-hd-peidetud-kaamera-kes-maskeeritud-auto\/\" \/>\n<meta property=\"og:site_name\" content=\"Nr1 Izseko\u0161anas ier\u012bces gps izseko\u0161anas iek\u0101rtas, klaus\u012b\u0161an\u0101s iek\u0101rtas\" \/>\n<meta property=\"article:modified_time\" content=\"2025-11-19T13:55:32+00:00\" \/>\n<meta property=\"og:image\" content=\"https:\/\/rvnski.dev\/sekimoiranga\/wp-content\/uploads\/izsekosanasierices.webp\" \/>\n<meta name=\"twitter:card\" content=\"summary_large_image\" \/>\n<meta name=\"twitter:title\" content=\"Mini sl\u0113pt\u0101 kamera, kas mask\u0113ta k\u0101 automa\u0161\u012bnas atsl\u0113ga | Sekimoiranga.lt\" \/>\n<meta name=\"twitter:description\" content=\"Slepen\u0101s kameras atsl\u0113ga - film\u0113jiet iek\u0161as, augsta att\u0113la kvalit\u0101te. Viegli lietojams GARANTIJA. Bezmaksas pieg\u0101de vis\u0101 Eirop\u0101. Cena tikai 70eu\" \/>\n<meta name=\"twitter:label1\" content=\"Est. reading time\" \/>\n\t<meta name=\"twitter:data1\" content=\"4 minutit\" \/>\n<script type=\"application\/ld+json\" class=\"yoast-schema-graph\">{\"@context\":\"https:\\\/\\\/schema.org\",\"@graph\":[{\"@type\":\"WebPage\",\"@id\":\"https:\\\/\\\/izsekosanasierices.lv\\\/produkts\\\/full-hd-slepta-kamera-kas-masketa-automasinas-atslega\\\/\",\"url\":\"https:\\\/\\\/izsekosanasierices.lv\\\/produkts\\\/full-hd-slepta-kamera-kas-masketa-automasinas-atslega\\\/\",\"name\":\"FULL HD sl\u0113pt\u0101 kamera, kas mask\u0113ta automa\u0161\u012bnas atsl\u0113g\u0101\",\"isPartOf\":{\"@id\":\"https:\\\/\\\/izsekosanasierices.lv\\\/#website\"},\"primaryImageOfPage\":{\"@id\":\"https:\\\/\\\/izsekosanasierices.lv\\\/produkts\\\/full-hd-slepta-kamera-kas-masketa-automasinas-atslega\\\/#primaryimage\"},\"image\":{\"@id\":\"https:\\\/\\\/izsekosanasierices.lv\\\/produkts\\\/full-hd-slepta-kamera-kas-masketa-automasinas-atslega\\\/#primaryimage\"},\"thumbnailUrl\":\"https:\\\/\\\/izsekosanasierices.lv\\\/wp-content\\\/uploads\\\/izsekosanasierices-slapta-kamera-full-hd-uzmaskuota-automobiliniame-rakte-6.jpg\",\"datePublished\":\"2023-10-05T15:37:25+00:00\",\"dateModified\":\"2025-11-19T13:55:32+00:00\",\"description\":\"Auto atsl\u0113ga ar slepeno kameru . Augsta att\u0113la kvalit\u0101te. Viegli lietojama. GARANTIJA. Bezmaksas pieg\u0101de vis\u0101 Eirop\u0101. Cena tikai 70 EUR.\",\"breadcrumb\":{\"@id\":\"https:\\\/\\\/izsekosanasierices.lv\\\/produkts\\\/full-hd-slepta-kamera-kas-masketa-automasinas-atslega\\\/#breadcrumb\"},\"inLanguage\":\"et\",\"potentialAction\":[{\"@type\":\"ReadAction\",\"target\":[\"https:\\\/\\\/izsekosanasierices.lv\\\/produkts\\\/full-hd-slepta-kamera-kas-masketa-automasinas-atslega\\\/\"]}]},{\"@type\":\"ImageObject\",\"inLanguage\":\"et\",\"@id\":\"https:\\\/\\\/izsekosanasierices.lv\\\/produkts\\\/full-hd-slepta-kamera-kas-masketa-automasinas-atslega\\\/#primaryimage\",\"url\":\"https:\\\/\\\/izsekosanasierices.lv\\\/wp-content\\\/uploads\\\/izsekosanasierices-slapta-kamera-full-hd-uzmaskuota-automobiliniame-rakte-6.jpg\",\"contentUrl\":\"https:\\\/\\\/izsekosanasierices.lv\\\/wp-content\\\/uploads\\\/izsekosanasierices-slapta-kamera-full-hd-uzmaskuota-automobiliniame-rakte-6.jpg\",\"width\":833,\"height\":689,\"caption\":\"Raktas kamera\"},{\"@type\":\"BreadcrumbList\",\"@id\":\"https:\\\/\\\/izsekosanasierices.lv\\\/produkts\\\/full-hd-slepta-kamera-kas-masketa-automasinas-atslega\\\/#breadcrumb\",\"itemListElement\":[{\"@type\":\"ListItem\",\"position\":1,\"name\":\"S\u0101kums\",\"item\":\"https:\\\/\\\/izsekosanasierices.lv\\\/\"},{\"@type\":\"ListItem\",\"position\":2,\"name\":\"Veikals\",\"item\":\"https:\\\/\\\/izsekosanasierices.lv\\\/veikals\\\/\"},{\"@type\":\"ListItem\",\"position\":3,\"name\":\"FULL HD sl\u0113pt\u0101 kamera, kas mask\u0113ta automa\u0161\u012bnas atsl\u0113g\u0101\"}]},{\"@type\":\"WebSite\",\"@id\":\"https:\\\/\\\/izsekosanasierices.lv\\\/#website\",\"url\":\"https:\\\/\\\/izsekosanasierices.lv\\\/\",\"name\":\"Nr1 Izseko\u0161anas ier\u012bces gps izseko\u0161anas iek\u0101rtas, klaus\u012b\u0161an\u0101s iek\u0101rtas\",\"description\":\"\",\"potentialAction\":[{\"@type\":\"SearchAction\",\"target\":{\"@type\":\"EntryPoint\",\"urlTemplate\":\"https:\\\/\\\/izsekosanasierices.lv\\\/?s={search_term_string}\"},\"query-input\":{\"@type\":\"PropertyValueSpecification\",\"valueRequired\":true,\"valueName\":\"search_term_string\"}}],\"inLanguage\":\"et\"}]}<\/script>\n<!-- \/ Yoast SEO plugin. -->","yoast_head_json":{"title":"FULL HD sl\u0113pt\u0101 kamera, kas mask\u0113ta automa\u0161\u012bnas atsl\u0113g\u0101","description":"Auto atsl\u0113ga ar slepeno kameru . Augsta att\u0113la kvalit\u0101te. Viegli lietojama. GARANTIJA. Bezmaksas pieg\u0101de vis\u0101 Eirop\u0101. Cena tikai 70 EUR.","robots":{"index":"index","follow":"follow","max-snippet":"max-snippet:-1","max-image-preview":"max-image-preview:large","max-video-preview":"max-video-preview:-1"},"canonical":"https:\/\/izsekosanasierices.lv\/et\/produkts\/full-hd-peidetud-kaamera-kes-maskeeritud-auto\/","og_locale":"et_EE","og_type":"article","og_title":"Mini sl\u0113pt\u0101 kamera, kas mask\u0113ta k\u0101 automa\u0161\u012bnas atsl\u0113ga | Sekimoiranga.lt","og_description":"Slepen\u0101s kameras atsl\u0113ga - film\u0113jiet iek\u0161as, augsta att\u0113la kvalit\u0101te. Viegli lietojams GARANTIJA. Bezmaksas pieg\u0101de vis\u0101 Eirop\u0101. Cena tikai 70eu","og_url":"https:\/\/izsekosanasierices.lv\/et\/produkts\/full-hd-peidetud-kaamera-kes-maskeeritud-auto\/","og_site_name":"Nr1 Izseko\u0161anas ier\u012bces gps izseko\u0161anas iek\u0101rtas, klaus\u012b\u0161an\u0101s iek\u0101rtas","article_modified_time":"2025-11-19T13:55:32+00:00","og_image":[{"url":"https:\/\/rvnski.dev\/sekimoiranga\/wp-content\/uploads\/izsekosanasierices.webp","type":"","width":"","height":""}],"twitter_card":"summary_large_image","twitter_title":"Mini sl\u0113pt\u0101 kamera, kas mask\u0113ta k\u0101 automa\u0161\u012bnas atsl\u0113ga | Sekimoiranga.lt","twitter_description":"Slepen\u0101s kameras atsl\u0113ga - film\u0113jiet iek\u0161as, augsta att\u0113la kvalit\u0101te. Viegli lietojams GARANTIJA. Bezmaksas pieg\u0101de vis\u0101 Eirop\u0101. Cena tikai 70eu","twitter_misc":{"Est. reading time":"4 minutit"},"schema":{"@context":"https:\/\/schema.org","@graph":[{"@type":"WebPage","@id":"https:\/\/izsekosanasierices.lv\/produkts\/full-hd-slepta-kamera-kas-masketa-automasinas-atslega\/","url":"https:\/\/izsekosanasierices.lv\/produkts\/full-hd-slepta-kamera-kas-masketa-automasinas-atslega\/","name":"FULL HD sl\u0113pt\u0101 kamera, kas mask\u0113ta automa\u0161\u012bnas atsl\u0113g\u0101","isPartOf":{"@id":"https:\/\/izsekosanasierices.lv\/#website"},"primaryImageOfPage":{"@id":"https:\/\/izsekosanasierices.lv\/produkts\/full-hd-slepta-kamera-kas-masketa-automasinas-atslega\/#primaryimage"},"image":{"@id":"https:\/\/izsekosanasierices.lv\/produkts\/full-hd-slepta-kamera-kas-masketa-automasinas-atslega\/#primaryimage"},"thumbnailUrl":"https:\/\/izsekosanasierices.lv\/wp-content\/uploads\/izsekosanasierices-slapta-kamera-full-hd-uzmaskuota-automobiliniame-rakte-6.jpg","datePublished":"2023-10-05T15:37:25+00:00","dateModified":"2025-11-19T13:55:32+00:00","description":"Auto atsl\u0113ga ar slepeno kameru . Augsta att\u0113la kvalit\u0101te. Viegli lietojama. GARANTIJA. Bezmaksas pieg\u0101de vis\u0101 Eirop\u0101. Cena tikai 70 EUR.","breadcrumb":{"@id":"https:\/\/izsekosanasierices.lv\/produkts\/full-hd-slepta-kamera-kas-masketa-automasinas-atslega\/#breadcrumb"},"inLanguage":"et","potentialAction":[{"@type":"ReadAction","target":["https:\/\/izsekosanasierices.lv\/produkts\/full-hd-slepta-kamera-kas-masketa-automasinas-atslega\/"]}]},{"@type":"ImageObject","inLanguage":"et","@id":"https:\/\/izsekosanasierices.lv\/produkts\/full-hd-slepta-kamera-kas-masketa-automasinas-atslega\/#primaryimage","url":"https:\/\/izsekosanasierices.lv\/wp-content\/uploads\/izsekosanasierices-slapta-kamera-full-hd-uzmaskuota-automobiliniame-rakte-6.jpg","contentUrl":"https:\/\/izsekosanasierices.lv\/wp-content\/uploads\/izsekosanasierices-slapta-kamera-full-hd-uzmaskuota-automobiliniame-rakte-6.jpg","width":833,"height":689,"caption":"Raktas kamera"},{"@type":"BreadcrumbList","@id":"https:\/\/izsekosanasierices.lv\/produkts\/full-hd-slepta-kamera-kas-masketa-automasinas-atslega\/#breadcrumb","itemListElement":[{"@type":"ListItem","position":1,"name":"S\u0101kums","item":"https:\/\/izsekosanasierices.lv\/"},{"@type":"ListItem","position":2,"name":"Veikals","item":"https:\/\/izsekosanasierices.lv\/veikals\/"},{"@type":"ListItem","position":3,"name":"FULL HD sl\u0113pt\u0101 kamera, kas mask\u0113ta automa\u0161\u012bnas atsl\u0113g\u0101"}]},{"@type":"WebSite","@id":"https:\/\/izsekosanasierices.lv\/#website","url":"https:\/\/izsekosanasierices.lv\/","name":"Nr1 Izseko\u0161anas ier\u012bces gps izseko\u0161anas iek\u0101rtas, klaus\u012b\u0161an\u0101s iek\u0101rtas","description":"","potentialAction":[{"@type":"SearchAction","target":{"@type":"EntryPoint","urlTemplate":"https:\/\/izsekosanasierices.lv\/?s={search_term_string}"},"query-input":{"@type":"PropertyValueSpecification","valueRequired":true,"valueName":"search_term_string"}}],"inLanguage":"et"}]}},"_links":{"self":[{"href":"https:\/\/izsekosanasierices.lv\/et\/wp-json\/wp\/v2\/product\/1276","targetHints":{"allow":["GET"]}}],"collection":[{"href":"https:\/\/izsekosanasierices.lv\/et\/wp-json\/wp\/v2\/product"}],"about":[{"href":"https:\/\/izsekosanasierices.lv\/et\/wp-json\/wp\/v2\/types\/product"}],"wp:featuredmedia":[{"embeddable":true,"href":"https:\/\/izsekosanasierices.lv\/et\/wp-json\/wp\/v2\/media\/1711"}],"wp:attachment":[{"href":"https:\/\/izsekosanasierices.lv\/et\/wp-json\/wp\/v2\/media?parent=1276"}],"wp:term":[{"taxonomy":"product_brand","embeddable":true,"href":"https:\/\/izsekosanasierices.lv\/et\/wp-json\/wp\/v2\/product_brand?post=1276"},{"taxonomy":"product_cat","embeddable":true,"href":"https:\/\/izsekosanasierices.lv\/et\/wp-json\/wp\/v2\/product_cat?post=1276"},{"taxonomy":"product_tag","embeddable":true,"href":"https:\/\/izsekosanasierices.lv\/et\/wp-json\/wp\/v2\/product_tag?post=1276"}],"curies":[{"name":"wp","href":"https:\/\/api.w.org\/{rel}","templated":true}]}}