{"id":1277,"date":"2023-10-05T15:37:25","date_gmt":"2023-10-05T15:37:25","guid":{"rendered":"https:\/\/izsekosanasierices.lv\/produktas\/skaitmenine-oru-stotele-su-slapta-wi-fi-kamera\/"},"modified":"2025-11-19T15:26:17","modified_gmt":"2025-11-19T13:26:17","slug":"digitalaja-meteorologiskaja-stacija-iebuveta-slepena-kamera-ar-wifi","status":"publish","type":"product","link":"https:\/\/izsekosanasierices.lv\/et\/produkts\/digitaalne-ilmajaam-mis-on-varustatud-wifi-ga-varjatu-kaameraga\/","title":{"rendered":"Digitaalsesse ilmajaama ehitatud salajane kaamera koos WiFi-\u00fchendusega"},"content":{"rendered":"<p><strong><span style=\"color: #ff0000;\">PROMOTION: 32 GB micro SD kingitusena<\/span> <\/strong><\/p>\n<p><strong>Tehnilised parameetrid:<\/strong><\/p>\n<ul>\n<li>M\u00e4lukaardi tugi: micro SD\/SDHC kuni 128 GB (ei kuulu komplekti)<\/li>\n<li>Salvestuslahutus: Full HD 1920 x 1080 px<\/li>\n<li>Sisemine aku: 1800 mAh (umbes 4 tundi t\u00f6\u00f6aega)<\/li>\n<li>Aku laadimine: umbes 5 tundi<\/li>\n<li>N\u00e4itab v\u00e4listemperatuuri<\/li>\n<li>Saab \u00fchendada alalise toiteallikaga<\/li>\n<li>Videoformaat: avi | 25 kaadrit sekundis<\/li>\n<li>Pildi resolutsioon: jpeg 1920\u00d71080 px<\/li>\n<li>Vaatamisnurk: 120\u00b0<\/li>\n<li>Heli: m\u00fcrasummutusmikrofon<\/li>\n<li>\u00dchendusstandard: USB v\u00f5i v\u00f5rguadapter<\/li>\n<li>\u00d6ine n\u00e4htavus: puudub<\/li>\n<li>Online-seire (mobiilirakenduse kaudu)<\/li>\n<li>Liikumisandur<\/li>\n<li>Pidev videosalvestus<\/li>\n<li>Video kodeerimine : H264<\/li>\n<li>Komplekti kuuluvad: kaamera koos <strong>WiFi<\/strong>, micro SD kaardilugeja, USB-kaabel, toiteallikas<\/li>\n<li>M\u00f5\u00f5tmed: 14,5 x 8,7 x 1,5 cm<\/li>\n<li><strong>Garantii 12 kuud<\/strong><\/li>\n<\/ul>\n<p><strong>\u00a0<\/strong><\/p>\n<p><span style=\"color: #ff0000;\"><strong>Vajad kiiret sama p\u00e4eva (ja n\u00e4dalavahetuse) kohaletoimetamist?  Helistage +37120484176<\/strong><\/span><\/p>\n<p>Kasutamine: teie ohutuse tagamiseks, laste ohutuse tagamiseks.<\/p>\n<p><strong>Ilmajaam varjatud peidetud kaameraga<\/strong><\/p>\n<p>Erinevatesse majapidamisobjektidesse peidetud videokaamerad ei ole t\u00e4nap\u00e4eval kindlasti midagi uut ja nende kasutamine kodus v\u00f5ib olla v\u00e4ga mitmekesine. N\u00e4iteks ilmakaamerasse maskeeritud peidetud kaamera v\u00f5ib olla v\u00e4ga kasulik, kui soovite teada, kas lapsed kodus h\u00e4sti magavad, et kaitsta alaealisi lapsi \u00f5nnetuste eest, et veenduda, et kodu on turvaline ja sissemurdjatest vaba jne. Saate kiiresti ja tasuta teada, kas teatud inimesed, kes teie heaks t\u00f6\u00f6tavad, on t\u00f5esti teie usaldust v\u00e4\u00e4rt, ja see v\u00f5imaldab teil tegutseda. Ilmajaam on \u00fcks neist esemetest, mida v\u00f5ib leida peaaegu igast kodust, nii et j\u00e4lgitavad isikud isegi ei saa aru, et neid filmitakse. On palju erinevaid olukordi, kus see seade v\u00f5ib olla kasulik, nii et kui teil on mingeid kahtlusi, saate need maskeeritud kaameraga hajutada.<\/p>\n<p><strong>Kvaliteetne videosalvestus<\/strong><\/p>\n<p>On levinud m\u00fc\u00fct, et salakaamerad teevad ainult h\u00e4gusaid pilte, mis v\u00f5ivad olla liiga h\u00e4gused, et neist aru saada, kuid see ei vasta t\u00f5ele. Varjatud salakaameraga ilmajaam salvestab videot FULL HD 1920 \u00d7 1080 px resolutsioonis ja v\u00f5ib vajadusel salvestada ka fotosid (JPEG-vormingus, 1280 \u00d7 720 px resolutsioonis). Kuni 120-kraadise vaatenurgaga on salvestatud teave piisavalt selge.<\/p>\n<p><strong>M\u00fcra v\u00e4hendamise funktsioon<\/strong><\/p>\n<p>Ilmajaama peidetud kaamera annab mitte ainult kvaliteetset videot, vaid ka selget audioteavet. Sellel salakaameral on ka m\u00fcrasummutusfunktsioon, mis muudab heliinfo palju selgemaks naabrite m\u00fcra, taustamuusika jms korral. See muudab ruumis toimuvate vestluste m\u00f5istmise lihtsaks.<\/p>\n<p><strong>Kaamera aku<\/strong><\/p>\n<p>Sellel peidetud kaameral on 1800 mAh aku, mille t\u00f6\u00f6aeg on umbes 4 tundi (aku laadimisaeg on umbes 5 tundi). Kui kavatsete eelnevalt kindlaks m\u00e4\u00e4ratud ajal videot filmida, v\u00f5ib aku ooteaeg olla t\u00e4iesti piisav. Alternatiivselt v\u00f5ib seadme \u00fchendada pidevale toiteallikale ja filmida videot pidevalt, .<\/p>\n<p><strong>M\u00e4lukaart<\/strong><\/p>\n<p>Ilmajaama peidetud kaamera kasutab kuni 128 GB suurust micro SD\/SDHC-m\u00e4lukaarti (ei kuulu komplekti). Salvestusi saab edastada USB-\u00fchenduse v\u00f5i kaasasoleva micro SD-kaardilugeja kaudu. Kui m\u00e4lukaardil on ruumi otsas, asendavad uued salvestused vanemaid - nii on tagatud pidev salvestamine.<\/p>\n<p><strong>Veebip\u00f5hine videovalve<\/strong><\/p>\n<p>See salajase kaameraga ilmajaam v\u00f5imaldab salvestatud pilte ka veebis vaadata. Kui soovite teada, mis toimub j\u00e4lgitavas ruumis reaalajas, saate lihtsalt mobiilirakendusse sisse logida ja veenduda, et j\u00e4lgitavad isikud k\u00e4ituvad ausalt.<\/p>\n<p><strong>Liikumisanduriga kaamera<\/strong><\/p>\n<p>Veel \u00fcks oluline \"<em>stealth<\/em>\" kaameral on liikumisandur, mis aitab v\u00e4ltida salvestamist, kui ruumis ei toimu midagi, ja s\u00e4\u00e4stab ruumi m\u00e4lukaardil. Kaamera hakkab salvestama materjali alles siis, kui ruumis toimub liikumine, seni on see ootere\u017eiimil (mis aitab samuti akut s\u00e4\u00e4sta).<\/p>\n<p><strong>Muu oluline teave<\/strong><\/p>\n<p>Varjatud kaameraseadme m\u00f5\u00f5tmed on suhteliselt v\u00e4ikesed, 14,5 \u00d7 8,7 \u00d7 1,5 cm. Pakendis on peidetud kaamera, mis on peidetud ilmajaama, micro SD-kaardi lugeja, USB-kaabel ja toiteallikas. Sellel kaameral on tootja garantii, nii et v\u00f5ite olla kindel, et see kestab t\u00f5esti kaua.<\/p>","protected":false},"excerpt":{"rendered":"<p>Sisseehitatud mikrokaameraga ajajaam. Saate vaadata reaalajas (telefonis, tahvelarvutis) 24\/7 videovalvet ilma katkestusteta. Hea hind.<\/p>","protected":false},"featured_media":1718,"template":"","meta":[],"product_brand":[],"product_cat":[330,321,331],"product_tag":[332,325,23,333,334,328,29],"class_list":{"0":"post-1277","1":"product","2":"type-product","3":"status-publish","4":"has-post-thumbnail","6":"product_cat-masketas-kameras","7":"product_cat-sleptas-kameras","8":"product_cat-wi-fi-slepenas-kameras","9":"product_tag-izsekosanas-iekartas","10":"product_tag-izsekosanas-kamera","11":"product_tag-kamera","12":"product_tag-kameras-pulkstenis","13":"product_tag-masketa-kamera","14":"product_tag-slepena-kamera","15":"product_tag-wi-fi-kamera","17":"first","18":"outofstock","19":"sale","20":"taxable","21":"shipping-taxable","22":"purchasable","23":"product-type-simple"},"yoast_head":"<!-- This site is optimized with the Yoast SEO plugin v27.5 - https:\/\/yoast.com\/product\/yoast-seo-wordpress\/ -->\n<title>Digit\u0101laj\u0101 meteorolo\u0123iskaj\u0101 stacij\u0101 ieb\u016bv\u0113ta slepena kamera ar WiFi<\/title>\n<meta name=\"description\" content=\"Laika stacija ar ieb\u016bv\u0113tu mikrokameru. J\u016bs varat skat\u012bties tie\u0161raidi tie\u0161saist\u0113 (t\u0101lrun\u012b, plan\u0161etdator\u0101) Videonov\u0113ro\u0161ana 24 \/ 7 bez p\u0101rtraukuma. Laba cena.\" \/>\n<meta name=\"robots\" content=\"index, follow, max-snippet:-1, max-image-preview:large, max-video-preview:-1\" \/>\n<link rel=\"canonical\" href=\"https:\/\/izsekosanasierices.lv\/et\/produkts\/digitaalne-ilmajaam-mis-on-varustatud-wifi-ga-varjatu-kaameraga\/\" \/>\n<meta property=\"og:locale\" content=\"et_EE\" \/>\n<meta property=\"og:type\" content=\"article\" \/>\n<meta property=\"og:title\" content=\"Laika stacija ar slepeno kameru un WI Fi moduli | Sekimoiranga.lt\" \/>\n<meta property=\"og:description\" content=\"Laika stacija ar ieb\u016bv\u0113tu mikrokameru. J\u016bs varat skat\u012bties tie\u0161raidi tie\u0161saist\u0113 (t\u0101lrun\u012b, plan\u0161etdator\u0101) Video ierakstu 24\/7 bez p\u0101rtraukuma. Laba cena IZP\u0100RDO\u0161ana\" \/>\n<meta property=\"og:url\" content=\"https:\/\/izsekosanasierices.lv\/et\/produkts\/digitaalne-ilmajaam-mis-on-varustatud-wifi-ga-varjatu-kaameraga\/\" \/>\n<meta property=\"og:site_name\" content=\"Nr1 Izseko\u0161anas ier\u012bces gps izseko\u0161anas iek\u0101rtas, klaus\u012b\u0161an\u0101s iek\u0101rtas\" \/>\n<meta property=\"article:modified_time\" content=\"2025-11-19T13:26:17+00:00\" \/>\n<meta property=\"og:image\" content=\"https:\/\/rvnski.dev\/sekimoiranga\/wp-content\/uploads\/izsekosanasierices.webp\" \/>\n<meta name=\"twitter:card\" content=\"summary_large_image\" \/>\n<meta name=\"twitter:title\" content=\"Laika stacija ar slepeno kameru un WI Fi moduli | Sekimoiranga.lt\" \/>\n<meta name=\"twitter:description\" content=\"Laika stacija ar ieb\u016bv\u0113tu mikrokameru. J\u016bs varat skat\u012bties tie\u0161raidi tie\u0161saist\u0113 (t\u0101lrun\u012b, plan\u0161etdator\u0101) Video ierakstu 24\/7 bez p\u0101rtraukuma. Laba cena IZP\u0100RDO\u0161ana\" \/>\n<meta name=\"twitter:label1\" content=\"Est. reading time\" \/>\n\t<meta name=\"twitter:data1\" content=\"4 minutit\" \/>\n<script type=\"application\/ld+json\" class=\"yoast-schema-graph\">{\"@context\":\"https:\\\/\\\/schema.org\",\"@graph\":[{\"@type\":\"WebPage\",\"@id\":\"https:\\\/\\\/izsekosanasierices.lv\\\/produkts\\\/digitalaja-meteorologiskaja-stacija-iebuveta-slepena-kamera-ar-wifi\\\/\",\"url\":\"https:\\\/\\\/izsekosanasierices.lv\\\/produkts\\\/digitalaja-meteorologiskaja-stacija-iebuveta-slepena-kamera-ar-wifi\\\/\",\"name\":\"Digit\u0101laj\u0101 meteorolo\u0123iskaj\u0101 stacij\u0101 ieb\u016bv\u0113ta slepena kamera ar WiFi\",\"isPartOf\":{\"@id\":\"https:\\\/\\\/izsekosanasierices.lv\\\/#website\"},\"primaryImageOfPage\":{\"@id\":\"https:\\\/\\\/izsekosanasierices.lv\\\/produkts\\\/digitalaja-meteorologiskaja-stacija-iebuveta-slepena-kamera-ar-wifi\\\/#primaryimage\"},\"image\":{\"@id\":\"https:\\\/\\\/izsekosanasierices.lv\\\/produkts\\\/digitalaja-meteorologiskaja-stacija-iebuveta-slepena-kamera-ar-wifi\\\/#primaryimage\"},\"thumbnailUrl\":\"https:\\\/\\\/izsekosanasierices.lv\\\/wp-content\\\/uploads\\\/izsekosanasierices-skaitmenine-oru-stotele-su-slapta-wi-fi-kamera.jpg\",\"datePublished\":\"2023-10-05T15:37:25+00:00\",\"dateModified\":\"2025-11-19T13:26:17+00:00\",\"description\":\"Laika stacija ar ieb\u016bv\u0113tu mikrokameru. J\u016bs varat skat\u012bties tie\u0161raidi tie\u0161saist\u0113 (t\u0101lrun\u012b, plan\u0161etdator\u0101) Videonov\u0113ro\u0161ana 24 \\\/ 7 bez p\u0101rtraukuma. Laba cena.\",\"breadcrumb\":{\"@id\":\"https:\\\/\\\/izsekosanasierices.lv\\\/produkts\\\/digitalaja-meteorologiskaja-stacija-iebuveta-slepena-kamera-ar-wifi\\\/#breadcrumb\"},\"inLanguage\":\"et\",\"potentialAction\":[{\"@type\":\"ReadAction\",\"target\":[\"https:\\\/\\\/izsekosanasierices.lv\\\/produkts\\\/digitalaja-meteorologiskaja-stacija-iebuveta-slepena-kamera-ar-wifi\\\/\"]}]},{\"@type\":\"ImageObject\",\"inLanguage\":\"et\",\"@id\":\"https:\\\/\\\/izsekosanasierices.lv\\\/produkts\\\/digitalaja-meteorologiskaja-stacija-iebuveta-slepena-kamera-ar-wifi\\\/#primaryimage\",\"url\":\"https:\\\/\\\/izsekosanasierices.lv\\\/wp-content\\\/uploads\\\/izsekosanasierices-skaitmenine-oru-stotele-su-slapta-wi-fi-kamera.jpg\",\"contentUrl\":\"https:\\\/\\\/izsekosanasierices.lv\\\/wp-content\\\/uploads\\\/izsekosanasierices-skaitmenine-oru-stotele-su-slapta-wi-fi-kamera.jpg\",\"width\":800,\"height\":800,\"caption\":\"U\u017emaskuota slapta kamera or\u0173 stotel\u0117\"},{\"@type\":\"BreadcrumbList\",\"@id\":\"https:\\\/\\\/izsekosanasierices.lv\\\/produkts\\\/digitalaja-meteorologiskaja-stacija-iebuveta-slepena-kamera-ar-wifi\\\/#breadcrumb\",\"itemListElement\":[{\"@type\":\"ListItem\",\"position\":1,\"name\":\"S\u0101kums\",\"item\":\"https:\\\/\\\/izsekosanasierices.lv\\\/\"},{\"@type\":\"ListItem\",\"position\":2,\"name\":\"Veikals\",\"item\":\"https:\\\/\\\/izsekosanasierices.lv\\\/veikals\\\/\"},{\"@type\":\"ListItem\",\"position\":3,\"name\":\"Digit\u0101laj\u0101 meteorolo\u0123iskaj\u0101 stacij\u0101 ieb\u016bv\u0113ta slepena kamera ar WiFi\"}]},{\"@type\":\"WebSite\",\"@id\":\"https:\\\/\\\/izsekosanasierices.lv\\\/#website\",\"url\":\"https:\\\/\\\/izsekosanasierices.lv\\\/\",\"name\":\"Nr1 Izseko\u0161anas ier\u012bces gps izseko\u0161anas iek\u0101rtas, klaus\u012b\u0161an\u0101s iek\u0101rtas\",\"description\":\"\",\"potentialAction\":[{\"@type\":\"SearchAction\",\"target\":{\"@type\":\"EntryPoint\",\"urlTemplate\":\"https:\\\/\\\/izsekosanasierices.lv\\\/?s={search_term_string}\"},\"query-input\":{\"@type\":\"PropertyValueSpecification\",\"valueRequired\":true,\"valueName\":\"search_term_string\"}}],\"inLanguage\":\"et\"}]}<\/script>\n<!-- \/ Yoast SEO plugin. -->","yoast_head_json":{"title":"Digit\u0101laj\u0101 meteorolo\u0123iskaj\u0101 stacij\u0101 ieb\u016bv\u0113ta slepena kamera ar WiFi","description":"Laika stacija ar ieb\u016bv\u0113tu mikrokameru. J\u016bs varat skat\u012bties tie\u0161raidi tie\u0161saist\u0113 (t\u0101lrun\u012b, plan\u0161etdator\u0101) Videonov\u0113ro\u0161ana 24 \/ 7 bez p\u0101rtraukuma. Laba cena.","robots":{"index":"index","follow":"follow","max-snippet":"max-snippet:-1","max-image-preview":"max-image-preview:large","max-video-preview":"max-video-preview:-1"},"canonical":"https:\/\/izsekosanasierices.lv\/et\/produkts\/digitaalne-ilmajaam-mis-on-varustatud-wifi-ga-varjatu-kaameraga\/","og_locale":"et_EE","og_type":"article","og_title":"Laika stacija ar slepeno kameru un WI Fi moduli | Sekimoiranga.lt","og_description":"Laika stacija ar ieb\u016bv\u0113tu mikrokameru. J\u016bs varat skat\u012bties tie\u0161raidi tie\u0161saist\u0113 (t\u0101lrun\u012b, plan\u0161etdator\u0101) Video ierakstu 24\/7 bez p\u0101rtraukuma. Laba cena IZP\u0100RDO\u0161ana","og_url":"https:\/\/izsekosanasierices.lv\/et\/produkts\/digitaalne-ilmajaam-mis-on-varustatud-wifi-ga-varjatu-kaameraga\/","og_site_name":"Nr1 Izseko\u0161anas ier\u012bces gps izseko\u0161anas iek\u0101rtas, klaus\u012b\u0161an\u0101s iek\u0101rtas","article_modified_time":"2025-11-19T13:26:17+00:00","og_image":[{"url":"https:\/\/rvnski.dev\/sekimoiranga\/wp-content\/uploads\/izsekosanasierices.webp","type":"","width":"","height":""}],"twitter_card":"summary_large_image","twitter_title":"Laika stacija ar slepeno kameru un WI Fi moduli | Sekimoiranga.lt","twitter_description":"Laika stacija ar ieb\u016bv\u0113tu mikrokameru. J\u016bs varat skat\u012bties tie\u0161raidi tie\u0161saist\u0113 (t\u0101lrun\u012b, plan\u0161etdator\u0101) Video ierakstu 24\/7 bez p\u0101rtraukuma. Laba cena IZP\u0100RDO\u0161ana","twitter_misc":{"Est. reading time":"4 minutit"},"schema":{"@context":"https:\/\/schema.org","@graph":[{"@type":"WebPage","@id":"https:\/\/izsekosanasierices.lv\/produkts\/digitalaja-meteorologiskaja-stacija-iebuveta-slepena-kamera-ar-wifi\/","url":"https:\/\/izsekosanasierices.lv\/produkts\/digitalaja-meteorologiskaja-stacija-iebuveta-slepena-kamera-ar-wifi\/","name":"Digit\u0101laj\u0101 meteorolo\u0123iskaj\u0101 stacij\u0101 ieb\u016bv\u0113ta slepena kamera ar WiFi","isPartOf":{"@id":"https:\/\/izsekosanasierices.lv\/#website"},"primaryImageOfPage":{"@id":"https:\/\/izsekosanasierices.lv\/produkts\/digitalaja-meteorologiskaja-stacija-iebuveta-slepena-kamera-ar-wifi\/#primaryimage"},"image":{"@id":"https:\/\/izsekosanasierices.lv\/produkts\/digitalaja-meteorologiskaja-stacija-iebuveta-slepena-kamera-ar-wifi\/#primaryimage"},"thumbnailUrl":"https:\/\/izsekosanasierices.lv\/wp-content\/uploads\/izsekosanasierices-skaitmenine-oru-stotele-su-slapta-wi-fi-kamera.jpg","datePublished":"2023-10-05T15:37:25+00:00","dateModified":"2025-11-19T13:26:17+00:00","description":"Laika stacija ar ieb\u016bv\u0113tu mikrokameru. J\u016bs varat skat\u012bties tie\u0161raidi tie\u0161saist\u0113 (t\u0101lrun\u012b, plan\u0161etdator\u0101) Videonov\u0113ro\u0161ana 24 \/ 7 bez p\u0101rtraukuma. Laba cena.","breadcrumb":{"@id":"https:\/\/izsekosanasierices.lv\/produkts\/digitalaja-meteorologiskaja-stacija-iebuveta-slepena-kamera-ar-wifi\/#breadcrumb"},"inLanguage":"et","potentialAction":[{"@type":"ReadAction","target":["https:\/\/izsekosanasierices.lv\/produkts\/digitalaja-meteorologiskaja-stacija-iebuveta-slepena-kamera-ar-wifi\/"]}]},{"@type":"ImageObject","inLanguage":"et","@id":"https:\/\/izsekosanasierices.lv\/produkts\/digitalaja-meteorologiskaja-stacija-iebuveta-slepena-kamera-ar-wifi\/#primaryimage","url":"https:\/\/izsekosanasierices.lv\/wp-content\/uploads\/izsekosanasierices-skaitmenine-oru-stotele-su-slapta-wi-fi-kamera.jpg","contentUrl":"https:\/\/izsekosanasierices.lv\/wp-content\/uploads\/izsekosanasierices-skaitmenine-oru-stotele-su-slapta-wi-fi-kamera.jpg","width":800,"height":800,"caption":"U\u017emaskuota slapta kamera or\u0173 stotel\u0117"},{"@type":"BreadcrumbList","@id":"https:\/\/izsekosanasierices.lv\/produkts\/digitalaja-meteorologiskaja-stacija-iebuveta-slepena-kamera-ar-wifi\/#breadcrumb","itemListElement":[{"@type":"ListItem","position":1,"name":"S\u0101kums","item":"https:\/\/izsekosanasierices.lv\/"},{"@type":"ListItem","position":2,"name":"Veikals","item":"https:\/\/izsekosanasierices.lv\/veikals\/"},{"@type":"ListItem","position":3,"name":"Digit\u0101laj\u0101 meteorolo\u0123iskaj\u0101 stacij\u0101 ieb\u016bv\u0113ta slepena kamera ar WiFi"}]},{"@type":"WebSite","@id":"https:\/\/izsekosanasierices.lv\/#website","url":"https:\/\/izsekosanasierices.lv\/","name":"Nr1 Izseko\u0161anas ier\u012bces gps izseko\u0161anas iek\u0101rtas, klaus\u012b\u0161an\u0101s iek\u0101rtas","description":"","potentialAction":[{"@type":"SearchAction","target":{"@type":"EntryPoint","urlTemplate":"https:\/\/izsekosanasierices.lv\/?s={search_term_string}"},"query-input":{"@type":"PropertyValueSpecification","valueRequired":true,"valueName":"search_term_string"}}],"inLanguage":"et"}]}},"_links":{"self":[{"href":"https:\/\/izsekosanasierices.lv\/et\/wp-json\/wp\/v2\/product\/1277","targetHints":{"allow":["GET"]}}],"collection":[{"href":"https:\/\/izsekosanasierices.lv\/et\/wp-json\/wp\/v2\/product"}],"about":[{"href":"https:\/\/izsekosanasierices.lv\/et\/wp-json\/wp\/v2\/types\/product"}],"wp:featuredmedia":[{"embeddable":true,"href":"https:\/\/izsekosanasierices.lv\/et\/wp-json\/wp\/v2\/media\/1718"}],"wp:attachment":[{"href":"https:\/\/izsekosanasierices.lv\/et\/wp-json\/wp\/v2\/media?parent=1277"}],"wp:term":[{"taxonomy":"product_brand","embeddable":true,"href":"https:\/\/izsekosanasierices.lv\/et\/wp-json\/wp\/v2\/product_brand?post=1277"},{"taxonomy":"product_cat","embeddable":true,"href":"https:\/\/izsekosanasierices.lv\/et\/wp-json\/wp\/v2\/product_cat?post=1277"},{"taxonomy":"product_tag","embeddable":true,"href":"https:\/\/izsekosanasierices.lv\/et\/wp-json\/wp\/v2\/product_tag?post=1277"}],"curies":[{"name":"wp","href":"https:\/\/api.w.org\/{rel}","templated":true}]}}