{"id":1278,"date":"2023-10-05T15:37:25","date_gmt":"2023-10-05T15:37:25","guid":{"rendered":"https:\/\/izsekosanasierices.lv\/produktas\/wi-fi-modemas-su-slapta-kamera-naktinis-matymas\/"},"modified":"2025-11-19T17:41:46","modified_gmt":"2025-11-19T15:41:46","slug":"wifi-modems-ar-iebuvetu-slepeno-kameru-nakts-redzamibas-rezims","status":"publish","type":"product","link":"https:\/\/izsekosanasierices.lv\/et\/produkts\/wifi-modem-sisseehitatud-salakaamera-oise-nagemise-reziimiga\/","title":{"rendered":"WiFi modem koos sisseehitatud salakaameraga | \u00d6\u00f6n\u00e4gemine"},"content":{"rendered":"<p><strong>PROMOTION: 32 GB micro SD kingitusena <\/strong><\/p>\n<p><strong>Tehnilised parameetrid:<\/strong><\/p>\n<ul>\n<li>M\u00e4lukaardi tugi: micro SD\/SDHC kuni 32 GB (ei kuulu komplekti)<\/li>\n<li>Video salvestamine koos heliga<\/li>\n<li>Salvestuslahutus: Full HD 1920 x 1080 px<\/li>\n<li>Modemi simulatsioon<\/li>\n<li>Videoformaat: avi | 15 kaadrit sekundis<\/li>\n<li>Pildi resolutsioon: jpeg 1280 x 720 px<\/li>\n<li>Vaatamisnurk: 120\u00b0<\/li>\n<li>Heli: m\u00fcrasummutusmikrofon<\/li>\n<li>\u00dchendusstandard: USB<\/li>\n<li>\u00d6ine n\u00e4htavus: 6 meetrit<\/li>\n<li>Online-seire (mobiilirakenduse kaudu)<\/li>\n<li>Liikumisandur<\/li>\n<li>Pidev videosalvestus<\/li>\n<li>Videokodeerimine: H264<\/li>\n<li><strong>Sisaldab<\/strong> kaamera koos <strong>WiFi<\/strong> (imitatsioon), micro SD kaardilugeja, USB-kaabel, toiteallikas<\/li>\n<li>M\u00f5\u00f5tmed: 14,9 x 15,4 x 4,4 cm<\/li>\n<li><strong>Garantii 12 kuud<\/strong><\/li>\n<\/ul>\n<p><span style=\"color: #ff0000;\"><strong>Vajad kiiret sama p\u00e4eva (ja n\u00e4dalavahetuse) kohaletoimetamist?  Helistage +37120484176!<\/strong><\/span><\/p>\n<p>Kasutamine: teie ohutuse tagamiseks, laste ohutuse tagamiseks.<\/p>\n<p><strong>WiFi <\/strong><strong>maskeeritud kaamera ruuteris koos \u00f6\u00f6n\u00e4gemise funktsiooniga ideaalseks koduturvalisuseks<\/strong><\/p>\n<p>Kodu on koht, kus me k\u00f5ik tahame end k\u00f5ige turvalisemalt tunda, kuid see ei ole nii, kui vargad m\u00f5nikord sisse murravad. Ja sageli on alaealised lapsed \u00fcksi kodus, seega on oluline teada, mida nad teevad ilma vanemate juuresolekuta. Veenduge, et majas ei ole k\u00f5rvalisi k\u00fclalisi. Alati ei ole v\u00f5imalik ise kodus olla ja k\u00f5ike j\u00e4lgida, kuid alati v\u00f5ib proovida salakaamerat, et kontrollida erinevate inimeste usaldusv\u00e4\u00e4rsust. \u00dcks parimaid valikuid on <strong>WiFi <\/strong>maskeeritud kaamera ruuterisse, sest inimesed, kes k\u00fclastavad teie maja, ei tea kunagi, et neid j\u00e4lgitakse, ja k\u00e4ituvad nii, nagu oleksid nad \u00fcksi. Kaasaegsetel peidetud kaameratel on suurep\u00e4rased tehnilised omadused, nii et v\u00f5ite olla kindel, et sellise kaamera abil salvestatakse k\u00f5ik v\u00e4ga selgelt, mis aitab teil hiljem teatud otsuseid langetada.<\/p>\n<p><strong>Kvaliteetne video<\/strong><\/p>\n<p>Marsruuterisse peidetud kaamera salvestab videot FULL HD 1920\u00d71080 px resolutsioonis, nii et v\u00f5ite olla kindel, et arvutisse v\u00f5i nutiseadmesse edastatavad pildid on selged ja n\u00e4htavad. Kaameral on ka pildistamisfunktsioon, mis v\u00f5imaldab teha fotosid 1280 \u00d7 720 px resolutsiooniga. Kaamera pildistamisnurk on kuni 120 kraadi, nii et \u00fcksk\u00f5ik kuhu te kaamerat paigutada otsustate ja mis tahes olukorras, saate selge videomaterjali. <strong>WiFi <\/strong>Marsruuteri sisseehitatud kaameral on ka \u00f6\u00f6n\u00e4gemise funktsioon, mis v\u00f5imaldab teha videoid ja fotosid kuni 6 meetri kauguselt.<\/p>\n<p><strong>M\u00fcra v\u00e4hendamise funktsioon<\/strong><\/p>\n<p>Kuigi m\u00f5ned peidetud kaamerad suudavad salvestada ainult videot ilma helita, ei ole see alati piisav, kui teie eesm\u00e4rk on saada v\u00f5imalikult palju teavet selle kohta, mis teie kodus toimub, kui te v\u00e4ljas olete. <strong>WiFi<\/strong> Kindlasti on sobiv lahendus varjatud kaameraga ruuter: sellel on m\u00fcrasummutusfunktsioon, nii et saate selgelt aru mitte ainult visuaalsest teabest, vaid ka helist.<\/p>\n<p><strong>Mugav video vaatamine<\/strong><\/p>\n<p><strong>WiFi\u00a0\u00a0\u00a0 <\/strong>Ruuteri peidetud kaamera toetab kuni 32 GB suuruseid micro SD\/SDHC-kaarte (ei kuulu komplekti), nii et saate valida oma vajadustele sobivaima salvestusvahendi. Videot saab salvestada pidevalt (kui m\u00e4lukaardil on ruumi otsas, asendavad uued salvestused vanemaid). Kaardile salvestatud teavet saab USB-kaabli abil arvutisse edastada. Sellel seadmel on ka micro SD-kaardi lugeja. Kui te mingil p\u00f5hjusel ei saa oodata ja soovite oma videoid v\u00f5imalikult kiiresti n\u00e4ha, saate neid vaadata otse\u00fclekandes: installige mobiilirakendus ja saate igal ajal n\u00e4ha, mis teie kodus toimub.<\/p>\n<p><strong>Liikumisanduriga kaamera<\/strong><\/p>\n<p>Sellel peidetud kaameral on liikumisandur, nii et saate seadistada selle nii, et kaamera hakkab salvestama ainult siis, kui keegi on ruumis. See aitab v\u00e4ltida salvestamist siis, kui midagi ei toimu, ja muudab salvestatud piltide ja videote \u00fclevaatamise palju lihtsamaks. Seega, kui soovite minimeerida salajase salvestamise vaeva, on see \u00fcks parimaid valikuid.<\/p>\n<p><strong>Muu oluline teave<\/strong><\/p>\n<p><strong>WiFi <\/strong>\u00a0marsruuteri koopia m\u00f5\u00f5tmed on 14,9 \u00d7 15,4 \u00d7 4,4 cm ja selle v\u00e4limus on identne tavalise marsruuteri omaga. <strong>WiFi <\/strong>Marsruuter. Seda seadet kasutatakse k\u00f5ige sagedamini kodus lapsehoidjate v\u00f5i teiste majja sisenevate inimeste j\u00e4lgimiseks, kuid see on hea valik ka t\u00f6\u00f6tajate hoolsuskohustuse t\u00e4itmiseks. Lisatud <strong>WiFi <\/strong>marsruuteri j\u00e4ljend, micro SD-kaardi lugeja, USB-kaabel ja toitejuhe. T\u00e4nap\u00e4eval pakutakse seda peidetud kaamerat v\u00e4ga hea hinnaga ja sellega kaasneb ka garantii.<\/p>","protected":false},"excerpt":{"rendered":"<p>See kaamera ei tekita mingit kahtlust, sest see n\u00e4eb v\u00e4lja nagu <strong>WiFi <\/strong>Marsruuter. Liikumise tuvastamine. Reaalajas ja salvestatud kaugvideovalve.<\/p>","protected":false},"featured_media":1722,"template":"","meta":[],"product_brand":[],"product_cat":[330,321,331],"product_tag":[332,325,23,333,334,328,29],"class_list":{"0":"post-1278","1":"product","2":"type-product","3":"status-publish","4":"has-post-thumbnail","6":"product_cat-masketas-kameras","7":"product_cat-sleptas-kameras","8":"product_cat-wi-fi-slepenas-kameras","9":"product_tag-izsekosanas-iekartas","10":"product_tag-izsekosanas-kamera","11":"product_tag-kamera","12":"product_tag-kameras-pulkstenis","13":"product_tag-masketa-kamera","14":"product_tag-slepena-kamera","15":"product_tag-wi-fi-kamera","17":"first","18":"instock","19":"taxable","20":"shipping-taxable","21":"purchasable","22":"product-type-simple"},"yoast_head":"<!-- This site is optimized with the Yoast SEO plugin v27.5 - https:\/\/yoast.com\/product\/yoast-seo-wordpress\/ -->\n<title>Wifi modems ar ieb\u016bv\u0113tu slepeno kameru Nakts redzam\u012bbas re\u017e\u012bms<\/title>\n<meta name=\"description\" content=\"\u0160\u012b kamera nerad\u012bs nek\u0101das aizdomas jo t\u0101 izskat\u0101s t\u0101pat k\u0101 wifi mar\u0161rut\u0113t\u0101js Kust\u012bbas noteik\u0161anas funkcija Video nov\u0113ro\u0161ana att\u0101lin\u0101ti re\u0101llaik\u0101 un ierakst\u0101\" \/>\n<meta name=\"robots\" content=\"index, follow, max-snippet:-1, max-image-preview:large, max-video-preview:-1\" \/>\n<link rel=\"canonical\" href=\"https:\/\/izsekosanasierices.lv\/et\/produkts\/wifi-modem-sisseehitatud-salakaamera-oise-nagemise-reziimiga\/\" \/>\n<meta property=\"og:locale\" content=\"et_EE\" \/>\n<meta property=\"og:type\" content=\"article\" \/>\n<meta property=\"og:title\" content=\"WI FI imit\u0101cijas modems ar slepenu ieb\u016bv\u0113tu kameru\" \/>\n<meta property=\"og:description\" content=\"\u0160\u012b kamera nerad\u012bs nek\u0101das aizdomas, jo t\u0101 izskat\u0101s t\u0101pat k\u0101 WI FI mar\u0161rut\u0113t\u0101js. Kust\u012bbas noteik\u0161ana, mobil\u0101 videonov\u0113ro\u0161ana un videonov\u0113ro\u0161ana. lietotne. Grenad\u012bnas\" \/>\n<meta property=\"og:url\" content=\"https:\/\/izsekosanasierices.lv\/et\/produkts\/wifi-modem-sisseehitatud-salakaamera-oise-nagemise-reziimiga\/\" \/>\n<meta property=\"og:site_name\" content=\"Nr1 Izseko\u0161anas ier\u012bces gps izseko\u0161anas iek\u0101rtas, klaus\u012b\u0161an\u0101s iek\u0101rtas\" \/>\n<meta property=\"article:modified_time\" content=\"2025-11-19T15:41:46+00:00\" \/>\n<meta property=\"og:image\" content=\"https:\/\/rvnski.dev\/sekimoiranga\/wp-content\/uploads\/izsekosanasierices.webp\" \/>\n<meta name=\"twitter:card\" content=\"summary_large_image\" \/>\n<meta name=\"twitter:title\" content=\"WI FI imit\u0101cijas modems ar slepenu ieb\u016bv\u0113tu kameru\" \/>\n<meta name=\"twitter:description\" content=\"\u0160\u012b kamera nerad\u012bs nek\u0101das aizdomas, jo t\u0101 izskat\u0101s t\u0101pat k\u0101 WI FI mar\u0161rut\u0113t\u0101js. Kust\u012bbas noteik\u0161ana, mobil\u0101 videonov\u0113ro\u0161ana un videonov\u0113ro\u0161ana. lietotne. Grenad\u012bnas\" \/>\n<meta name=\"twitter:label1\" content=\"Est. reading time\" \/>\n\t<meta name=\"twitter:data1\" content=\"4 minutit\" \/>\n<script type=\"application\/ld+json\" class=\"yoast-schema-graph\">{\"@context\":\"https:\\\/\\\/schema.org\",\"@graph\":[{\"@type\":\"WebPage\",\"@id\":\"https:\\\/\\\/izsekosanasierices.lv\\\/produkts\\\/wifi-modems-ar-iebuvetu-slepeno-kameru-nakts-redzamibas-rezims\\\/\",\"url\":\"https:\\\/\\\/izsekosanasierices.lv\\\/produkts\\\/wifi-modems-ar-iebuvetu-slepeno-kameru-nakts-redzamibas-rezims\\\/\",\"name\":\"Wifi modems ar ieb\u016bv\u0113tu slepeno kameru Nakts redzam\u012bbas re\u017e\u012bms\",\"isPartOf\":{\"@id\":\"https:\\\/\\\/izsekosanasierices.lv\\\/#website\"},\"primaryImageOfPage\":{\"@id\":\"https:\\\/\\\/izsekosanasierices.lv\\\/produkts\\\/wifi-modems-ar-iebuvetu-slepeno-kameru-nakts-redzamibas-rezims\\\/#primaryimage\"},\"image\":{\"@id\":\"https:\\\/\\\/izsekosanasierices.lv\\\/produkts\\\/wifi-modems-ar-iebuvetu-slepeno-kameru-nakts-redzamibas-rezims\\\/#primaryimage\"},\"thumbnailUrl\":\"https:\\\/\\\/izsekosanasierices.lv\\\/wp-content\\\/uploads\\\/izsekosanasierices-skaitmenine-oru-stotele-su-slapta-wi-fi-kamera-4.jpg\",\"datePublished\":\"2023-10-05T15:37:25+00:00\",\"dateModified\":\"2025-11-19T15:41:46+00:00\",\"description\":\"\u0160\u012b kamera nerad\u012bs nek\u0101das aizdomas jo t\u0101 izskat\u0101s t\u0101pat k\u0101 wifi mar\u0161rut\u0113t\u0101js Kust\u012bbas noteik\u0161anas funkcija Video nov\u0113ro\u0161ana att\u0101lin\u0101ti re\u0101llaik\u0101 un ierakst\u0101\",\"breadcrumb\":{\"@id\":\"https:\\\/\\\/izsekosanasierices.lv\\\/produkts\\\/wifi-modems-ar-iebuvetu-slepeno-kameru-nakts-redzamibas-rezims\\\/#breadcrumb\"},\"inLanguage\":\"et\",\"potentialAction\":[{\"@type\":\"ReadAction\",\"target\":[\"https:\\\/\\\/izsekosanasierices.lv\\\/produkts\\\/wifi-modems-ar-iebuvetu-slepeno-kameru-nakts-redzamibas-rezims\\\/\"]}]},{\"@type\":\"ImageObject\",\"inLanguage\":\"et\",\"@id\":\"https:\\\/\\\/izsekosanasierices.lv\\\/produkts\\\/wifi-modems-ar-iebuvetu-slepeno-kameru-nakts-redzamibas-rezims\\\/#primaryimage\",\"url\":\"https:\\\/\\\/izsekosanasierices.lv\\\/wp-content\\\/uploads\\\/izsekosanasierices-skaitmenine-oru-stotele-su-slapta-wi-fi-kamera-4.jpg\",\"contentUrl\":\"https:\\\/\\\/izsekosanasierices.lv\\\/wp-content\\\/uploads\\\/izsekosanasierices-skaitmenine-oru-stotele-su-slapta-wi-fi-kamera-4.jpg\",\"width\":800,\"height\":800,\"caption\":\"Wi fi modemas slapta kamera\"},{\"@type\":\"BreadcrumbList\",\"@id\":\"https:\\\/\\\/izsekosanasierices.lv\\\/produkts\\\/wifi-modems-ar-iebuvetu-slepeno-kameru-nakts-redzamibas-rezims\\\/#breadcrumb\",\"itemListElement\":[{\"@type\":\"ListItem\",\"position\":1,\"name\":\"S\u0101kums\",\"item\":\"https:\\\/\\\/izsekosanasierices.lv\\\/\"},{\"@type\":\"ListItem\",\"position\":2,\"name\":\"Veikals\",\"item\":\"https:\\\/\\\/izsekosanasierices.lv\\\/veikals\\\/\"},{\"@type\":\"ListItem\",\"position\":3,\"name\":\"WiFi modems ar ieb\u016bv\u0113tu slepeno kameru | Nakts redzam\u012bbas re\u017e\u012bms\"}]},{\"@type\":\"WebSite\",\"@id\":\"https:\\\/\\\/izsekosanasierices.lv\\\/#website\",\"url\":\"https:\\\/\\\/izsekosanasierices.lv\\\/\",\"name\":\"Nr1 Izseko\u0161anas ier\u012bces gps izseko\u0161anas iek\u0101rtas, klaus\u012b\u0161an\u0101s iek\u0101rtas\",\"description\":\"\",\"potentialAction\":[{\"@type\":\"SearchAction\",\"target\":{\"@type\":\"EntryPoint\",\"urlTemplate\":\"https:\\\/\\\/izsekosanasierices.lv\\\/?s={search_term_string}\"},\"query-input\":{\"@type\":\"PropertyValueSpecification\",\"valueRequired\":true,\"valueName\":\"search_term_string\"}}],\"inLanguage\":\"et\"}]}<\/script>\n<!-- \/ Yoast SEO plugin. -->","yoast_head_json":{"title":"Wifi modems ar ieb\u016bv\u0113tu slepeno kameru Nakts redzam\u012bbas re\u017e\u012bms","description":"\u0160\u012b kamera nerad\u012bs nek\u0101das aizdomas jo t\u0101 izskat\u0101s t\u0101pat k\u0101 wifi mar\u0161rut\u0113t\u0101js Kust\u012bbas noteik\u0161anas funkcija Video nov\u0113ro\u0161ana att\u0101lin\u0101ti re\u0101llaik\u0101 un ierakst\u0101","robots":{"index":"index","follow":"follow","max-snippet":"max-snippet:-1","max-image-preview":"max-image-preview:large","max-video-preview":"max-video-preview:-1"},"canonical":"https:\/\/izsekosanasierices.lv\/et\/produkts\/wifi-modem-sisseehitatud-salakaamera-oise-nagemise-reziimiga\/","og_locale":"et_EE","og_type":"article","og_title":"WI FI imit\u0101cijas modems ar slepenu ieb\u016bv\u0113tu kameru","og_description":"\u0160\u012b kamera nerad\u012bs nek\u0101das aizdomas, jo t\u0101 izskat\u0101s t\u0101pat k\u0101 WI FI mar\u0161rut\u0113t\u0101js. Kust\u012bbas noteik\u0161ana, mobil\u0101 videonov\u0113ro\u0161ana un videonov\u0113ro\u0161ana. lietotne. Grenad\u012bnas","og_url":"https:\/\/izsekosanasierices.lv\/et\/produkts\/wifi-modem-sisseehitatud-salakaamera-oise-nagemise-reziimiga\/","og_site_name":"Nr1 Izseko\u0161anas ier\u012bces gps izseko\u0161anas iek\u0101rtas, klaus\u012b\u0161an\u0101s iek\u0101rtas","article_modified_time":"2025-11-19T15:41:46+00:00","og_image":[{"url":"https:\/\/rvnski.dev\/sekimoiranga\/wp-content\/uploads\/izsekosanasierices.webp","type":"","width":"","height":""}],"twitter_card":"summary_large_image","twitter_title":"WI FI imit\u0101cijas modems ar slepenu ieb\u016bv\u0113tu kameru","twitter_description":"\u0160\u012b kamera nerad\u012bs nek\u0101das aizdomas, jo t\u0101 izskat\u0101s t\u0101pat k\u0101 WI FI mar\u0161rut\u0113t\u0101js. Kust\u012bbas noteik\u0161ana, mobil\u0101 videonov\u0113ro\u0161ana un videonov\u0113ro\u0161ana. lietotne. Grenad\u012bnas","twitter_misc":{"Est. reading time":"4 minutit"},"schema":{"@context":"https:\/\/schema.org","@graph":[{"@type":"WebPage","@id":"https:\/\/izsekosanasierices.lv\/produkts\/wifi-modems-ar-iebuvetu-slepeno-kameru-nakts-redzamibas-rezims\/","url":"https:\/\/izsekosanasierices.lv\/produkts\/wifi-modems-ar-iebuvetu-slepeno-kameru-nakts-redzamibas-rezims\/","name":"Wifi modems ar ieb\u016bv\u0113tu slepeno kameru Nakts redzam\u012bbas re\u017e\u012bms","isPartOf":{"@id":"https:\/\/izsekosanasierices.lv\/#website"},"primaryImageOfPage":{"@id":"https:\/\/izsekosanasierices.lv\/produkts\/wifi-modems-ar-iebuvetu-slepeno-kameru-nakts-redzamibas-rezims\/#primaryimage"},"image":{"@id":"https:\/\/izsekosanasierices.lv\/produkts\/wifi-modems-ar-iebuvetu-slepeno-kameru-nakts-redzamibas-rezims\/#primaryimage"},"thumbnailUrl":"https:\/\/izsekosanasierices.lv\/wp-content\/uploads\/izsekosanasierices-skaitmenine-oru-stotele-su-slapta-wi-fi-kamera-4.jpg","datePublished":"2023-10-05T15:37:25+00:00","dateModified":"2025-11-19T15:41:46+00:00","description":"\u0160\u012b kamera nerad\u012bs nek\u0101das aizdomas jo t\u0101 izskat\u0101s t\u0101pat k\u0101 wifi mar\u0161rut\u0113t\u0101js Kust\u012bbas noteik\u0161anas funkcija Video nov\u0113ro\u0161ana att\u0101lin\u0101ti re\u0101llaik\u0101 un ierakst\u0101","breadcrumb":{"@id":"https:\/\/izsekosanasierices.lv\/produkts\/wifi-modems-ar-iebuvetu-slepeno-kameru-nakts-redzamibas-rezims\/#breadcrumb"},"inLanguage":"et","potentialAction":[{"@type":"ReadAction","target":["https:\/\/izsekosanasierices.lv\/produkts\/wifi-modems-ar-iebuvetu-slepeno-kameru-nakts-redzamibas-rezims\/"]}]},{"@type":"ImageObject","inLanguage":"et","@id":"https:\/\/izsekosanasierices.lv\/produkts\/wifi-modems-ar-iebuvetu-slepeno-kameru-nakts-redzamibas-rezims\/#primaryimage","url":"https:\/\/izsekosanasierices.lv\/wp-content\/uploads\/izsekosanasierices-skaitmenine-oru-stotele-su-slapta-wi-fi-kamera-4.jpg","contentUrl":"https:\/\/izsekosanasierices.lv\/wp-content\/uploads\/izsekosanasierices-skaitmenine-oru-stotele-su-slapta-wi-fi-kamera-4.jpg","width":800,"height":800,"caption":"Wi fi modemas slapta kamera"},{"@type":"BreadcrumbList","@id":"https:\/\/izsekosanasierices.lv\/produkts\/wifi-modems-ar-iebuvetu-slepeno-kameru-nakts-redzamibas-rezims\/#breadcrumb","itemListElement":[{"@type":"ListItem","position":1,"name":"S\u0101kums","item":"https:\/\/izsekosanasierices.lv\/"},{"@type":"ListItem","position":2,"name":"Veikals","item":"https:\/\/izsekosanasierices.lv\/veikals\/"},{"@type":"ListItem","position":3,"name":"WiFi modems ar ieb\u016bv\u0113tu slepeno kameru | Nakts redzam\u012bbas re\u017e\u012bms"}]},{"@type":"WebSite","@id":"https:\/\/izsekosanasierices.lv\/#website","url":"https:\/\/izsekosanasierices.lv\/","name":"Nr1 Izseko\u0161anas ier\u012bces gps izseko\u0161anas iek\u0101rtas, klaus\u012b\u0161an\u0101s iek\u0101rtas","description":"","potentialAction":[{"@type":"SearchAction","target":{"@type":"EntryPoint","urlTemplate":"https:\/\/izsekosanasierices.lv\/?s={search_term_string}"},"query-input":{"@type":"PropertyValueSpecification","valueRequired":true,"valueName":"search_term_string"}}],"inLanguage":"et"}]}},"_links":{"self":[{"href":"https:\/\/izsekosanasierices.lv\/et\/wp-json\/wp\/v2\/product\/1278","targetHints":{"allow":["GET"]}}],"collection":[{"href":"https:\/\/izsekosanasierices.lv\/et\/wp-json\/wp\/v2\/product"}],"about":[{"href":"https:\/\/izsekosanasierices.lv\/et\/wp-json\/wp\/v2\/types\/product"}],"wp:featuredmedia":[{"embeddable":true,"href":"https:\/\/izsekosanasierices.lv\/et\/wp-json\/wp\/v2\/media\/1722"}],"wp:attachment":[{"href":"https:\/\/izsekosanasierices.lv\/et\/wp-json\/wp\/v2\/media?parent=1278"}],"wp:term":[{"taxonomy":"product_brand","embeddable":true,"href":"https:\/\/izsekosanasierices.lv\/et\/wp-json\/wp\/v2\/product_brand?post=1278"},{"taxonomy":"product_cat","embeddable":true,"href":"https:\/\/izsekosanasierices.lv\/et\/wp-json\/wp\/v2\/product_cat?post=1278"},{"taxonomy":"product_tag","embeddable":true,"href":"https:\/\/izsekosanasierices.lv\/et\/wp-json\/wp\/v2\/product_tag?post=1278"}],"curies":[{"name":"wp","href":"https:\/\/api.w.org\/{rel}","templated":true}]}}