{"id":1279,"date":"2023-10-05T15:37:25","date_gmt":"2023-10-05T15:37:25","guid":{"rendered":"https:\/\/izsekosanasierices.lv\/produktas\/pro-mini-diktofonas-ypac-mazu-ismatavimu\/"},"modified":"2026-02-04T18:00:41","modified_gmt":"2026-02-04T16:00:41","slug":"pro-serijas-mini-diktofons-ipasi-mazs-izmers","status":"publish","type":"product","link":"https:\/\/izsekosanasierices.lv\/et\/produkts\/pro-seeria-mini-diktofon-ipasi-vaike-suurus\/","title":{"rendered":"PRO seeria mini diktofon - eriti v\u00e4ike suurus"},"content":{"rendered":"<h3><strong>Tehnilised parameetrid:<\/strong><\/h3>\n<ul>\n<li>Kaugus: kuni 6-10 m<\/li>\n<li>Salvestuskvaliteet: 192 kbps<\/li>\n<li>Sisemine m\u00e4lu: 8 GB<\/li>\n<li>T\u00f6\u00f6aeg: umbes 15 tundi (pidev salvestusre\u017eiim)<\/li>\n<li>Seade ei anna helisignaali, kui aku laetuse tase on madal<\/li>\n<li>H\u00e4\u00e4ltuvastus: jah<\/li>\n<li>Pideva salvestamise re\u017eiim: jah<\/li>\n<li>Salvestusformaat: wav<\/li>\n<li>Toetatud s\u00fcsteemid Windows<\/li>\n<li>Korpuse suurus: paksus 5 mm x laius 2,3 mm x pikkus 43 mm<\/li>\n<li><strong>Garantii 12 kuud<\/strong><\/li>\n<\/ul>\n<p><strong>\u00a0<\/strong><\/p>\n<p><span style=\"color: #ff0000;\"><strong>Vajad kiiret sama p\u00e4eva (ja n\u00e4dalavahetuse) kohaletoimetamist? Helistage <\/strong><strong>+<\/strong><strong>37120484176<\/strong><\/span><\/p>\n<p>&nbsp;<\/p>\n<p>Kasutamine: teie ohutuse tagamiseks, laste ohutuse tagamiseks.<\/p>\n<p>Salajasi salvestusi on harrastatud juba pikka aega ja t\u00e4nap\u00e4eval on nende populaarsus m\u00e4rkimisv\u00e4\u00e4rselt kasvanud. See ei ole \u00fcllatav - paljudes olukordades v\u00f5ib see olla vajalik ebaseadusliku tegevuse avastamiseks. Varjatud helisalvesti v\u00f5ib olla hea lahendus - peita see korralikult ja v\u00f5id olla kindel, et ruumis viibijad ei kahtle, et helisalvestusi tehakse salaja.<\/p>\n<p><strong>Lihtne kasutada<\/strong><\/p>\n<p>See minih\u00e4\u00e4lingu salvestaja on v\u00e4ga v\u00e4ike: m\u00f5\u00f5tmetega vaid 2,2 x 4,2 cm ja kaaluga vaid 9 grammi, seega ei ole seda raske peita (n\u00e4iteks v\u00f5ite panna selle v\u00e4ikese lapse jope, m\u00e4nguasjade vms. sisse).<\/p>\n<p><strong>Suur sisem\u00e4lu maht<\/strong><\/p>\n<p>Selle salajase diktofoni teine oluline omadus on selle suur kuni 8 gigabaidi suurune sisem\u00e4lu. Kui seade salvestab ainult heli, mitte videot, ei ole vaja v\u00e4ga suurt m\u00e4lu, kuid piisava m\u00e4lu olemasolu peetakse alati eeliseks: te ei pea muretsema, kas uute salvestuste jaoks on piisavalt ruumi, kustutate vanu andmeid, mis v\u00f5ivad olla veel olulised jne. Kuigi see diktofon v\u00f5imaldab teil teha suurel hulgal salvestusi, ei ole nende valimine keeruline. See aitab teil aega kokku hoida.<\/p>\n<p><strong>K\u00f5rge helikvaliteet<\/strong><\/p>\n<p>Alati on oluline, et heli kvaliteet oleks v\u00f5imalikult hea, seega on see peidetud salvestaja kindlasti \u00fcks parimaid valikuid (heli kvaliteet kuni 192 kbps). Kvaliteetne heli salvestatakse isegi siis, kui heliallikas on diktofonist umbes 10-20 meetri kaugusel, seega ei ole vaja diktofoni kui mikrofoni sisse r\u00e4\u00e4kida. Kvaliteetse salvestuse jaoks on oluline vaid see, et salajane diktofon oleks k\u00f5nelejaga samas ruumis. Et v\u00e4ltida sisutuid salvestusi, peab salajasel diktofonil olema heli tuvastamise funktsioon.<\/p>\n<p><strong>Taskukohane pealtkuulamise seade<\/strong><\/p>\n<p>Sageli arvatakse, et salajased helisalvestid ei ole saadaval, sest need on liiga kallid, kuid selle p\u00e4rast ei ole p\u00f5hjust muretseda - neid varjatud seadmeid m\u00fc\u00fcakse v\u00e4ga soodsate hindadega.<\/p>\n<p><strong>V\u00e4ga lihtne kasutada<\/strong><\/p>\n<p>Seda salajast diktofoni on \u00e4\u00e4rmiselt lihtne kasutada - saate heli salvestamist alustada \u00fche nupuvajutusega, nii et te ei pea olema tehnikas\u00f5ltlane. Igas vanuses inimesed saavad selle salajase diktofoni kasutamist h\u00f5lpsasti \u00f5ppida, isegi kui nad arvavad, et nad on liiga vanad, et kasutada uusimat tehnoloogiat. Kui kahtlustate v\u00f5imalikku pettustegevust, aitab see seade kindlasti selle v\u00e4lja selgitada.<\/p>","protected":false},"excerpt":{"rendered":"<p>PRO salvestaja on v\u00e4ga v\u00e4ike. Seda saab h\u00f5lpsasti oma asjadesse v\u00f5i taskusse peita. See diktofon suudab tuvastada helisid. Me garanteerime kvaliteedi.<\/p>","protected":false},"featured_media":1726,"template":"","meta":[],"product_brand":[],"product_cat":[342,335],"product_tag":[343,344,345,346,347],"class_list":{"0":"post-1279","1":"product","2":"type-product","3":"status-publish","4":"has-post-thumbnail","6":"product_cat-diktofoni","7":"product_cat-noklausisanas-ierices","8":"product_tag-balss-diktofons","9":"product_tag-digitalais-balss-ierakstitajs","10":"product_tag-diktafons","11":"product_tag-mini-diktofons","12":"product_tag-slepenais-ierakstitajs","14":"first","15":"instock","16":"taxable","17":"shipping-taxable","18":"purchasable","19":"product-type-simple"},"yoast_head":"<!-- This site is optimized with the Yoast SEO plugin v27.5 - https:\/\/yoast.com\/product\/yoast-seo-wordpress\/ -->\n<title>PRO s\u0113rijas mini diktofons \u2013 \u012bpa\u0161i mazs izm\u0113rs<\/title>\n<meta name=\"description\" content=\"Pro diktofons ierakst\u012bt\u0101js ir \u013coti mazs. Viegli pasl\u0113ptas j\u016bsu mant\u0101s vai kabat\u0101. Ska\u0146u ieraksta ierakst\u012bt\u0101js dzird\u0113s troksni. M\u0113s garant\u0113jam kvalit\u0101ti\" \/>\n<meta name=\"robots\" content=\"index, follow, max-snippet:-1, max-image-preview:large, max-video-preview:-1\" \/>\n<link rel=\"canonical\" href=\"https:\/\/izsekosanasierices.lv\/et\/produkts\/pro-seeria-mini-diktofon-ipasi-vaike-suurus\/\" \/>\n<meta property=\"og:locale\" content=\"et_EE\" \/>\n<meta property=\"og:type\" content=\"article\" \/>\n<meta property=\"og:title\" content=\"Balss aktiviz\u0113ts slepens ierakst\u012bt\u0101js 8GB 15 h akumulatora darb\u012bbas laiks\" \/>\n<meta property=\"og:description\" content=\"Pro Secret ierakst\u012bt\u0101js ir \u013coti mazs. Viegli pasl\u0113ptas j\u016bsu mant\u0101s vai kabat\u0101. Ska\u0146u ieraksta ierakst\u012bt\u0101js dzird\u0113s troksni. M\u0113s garant\u0113jam kvalit\u0101ti\" \/>\n<meta property=\"og:url\" content=\"https:\/\/izsekosanasierices.lv\/et\/produkts\/pro-seeria-mini-diktofon-ipasi-vaike-suurus\/\" \/>\n<meta property=\"og:site_name\" content=\"Nr1 Izseko\u0161anas ier\u012bces gps izseko\u0161anas iek\u0101rtas, klaus\u012b\u0161an\u0101s iek\u0101rtas\" \/>\n<meta property=\"article:modified_time\" content=\"2026-02-04T16:00:41+00:00\" \/>\n<meta property=\"og:image\" content=\"https:\/\/rvnski.dev\/sekimoiranga\/wp-content\/uploads\/izsekosanasierices.webp\" \/>\n<meta name=\"twitter:card\" content=\"summary_large_image\" \/>\n<meta name=\"twitter:title\" content=\"Balss aktiviz\u0113ts slepens ierakst\u012bt\u0101js 8GB 15 h akumulatora darb\u012bbas laiks\" \/>\n<meta name=\"twitter:description\" content=\"Pro Secret ierakst\u012bt\u0101js ir \u013coti mazs. Viegli pasl\u0113ptas j\u016bsu mant\u0101s vai kabat\u0101. Ska\u0146u ieraksta ierakst\u012bt\u0101js dzird\u0113s troksni. M\u0113s garant\u0113jam kvalit\u0101ti\" \/>\n<meta name=\"twitter:label1\" content=\"Est. reading time\" \/>\n\t<meta name=\"twitter:data1\" content=\"3 minutit\" \/>\n<script type=\"application\/ld+json\" class=\"yoast-schema-graph\">{\"@context\":\"https:\\\/\\\/schema.org\",\"@graph\":[{\"@type\":\"WebPage\",\"@id\":\"https:\\\/\\\/izsekosanasierices.lv\\\/produkts\\\/pro-serijas-mini-diktofons-ipasi-mazs-izmers\\\/\",\"url\":\"https:\\\/\\\/izsekosanasierices.lv\\\/produkts\\\/pro-serijas-mini-diktofons-ipasi-mazs-izmers\\\/\",\"name\":\"PRO s\u0113rijas mini diktofons \u2013 \u012bpa\u0161i mazs izm\u0113rs\",\"isPartOf\":{\"@id\":\"https:\\\/\\\/izsekosanasierices.lv\\\/#website\"},\"primaryImageOfPage\":{\"@id\":\"https:\\\/\\\/izsekosanasierices.lv\\\/produkts\\\/pro-serijas-mini-diktofons-ipasi-mazs-izmers\\\/#primaryimage\"},\"image\":{\"@id\":\"https:\\\/\\\/izsekosanasierices.lv\\\/produkts\\\/pro-serijas-mini-diktofons-ipasi-mazs-izmers\\\/#primaryimage\"},\"thumbnailUrl\":\"https:\\\/\\\/izsekosanasierices.lv\\\/wp-content\\\/uploads\\\/izsekosanasierices-pro-mini-diktofonas-ypac-mazu-ismatavimu-15val-veikianti-baterija.jpg\",\"datePublished\":\"2023-10-05T15:37:25+00:00\",\"dateModified\":\"2026-02-04T16:00:41+00:00\",\"description\":\"Pro diktofons ierakst\u012bt\u0101js ir \u013coti mazs. Viegli pasl\u0113ptas j\u016bsu mant\u0101s vai kabat\u0101. Ska\u0146u ieraksta ierakst\u012bt\u0101js dzird\u0113s troksni. M\u0113s garant\u0113jam kvalit\u0101ti\",\"breadcrumb\":{\"@id\":\"https:\\\/\\\/izsekosanasierices.lv\\\/produkts\\\/pro-serijas-mini-diktofons-ipasi-mazs-izmers\\\/#breadcrumb\"},\"inLanguage\":\"et\",\"potentialAction\":[{\"@type\":\"ReadAction\",\"target\":[\"https:\\\/\\\/izsekosanasierices.lv\\\/produkts\\\/pro-serijas-mini-diktofons-ipasi-mazs-izmers\\\/\"]}]},{\"@type\":\"ImageObject\",\"inLanguage\":\"et\",\"@id\":\"https:\\\/\\\/izsekosanasierices.lv\\\/produkts\\\/pro-serijas-mini-diktofons-ipasi-mazs-izmers\\\/#primaryimage\",\"url\":\"https:\\\/\\\/izsekosanasierices.lv\\\/wp-content\\\/uploads\\\/izsekosanasierices-pro-mini-diktofonas-ypac-mazu-ismatavimu-15val-veikianti-baterija.jpg\",\"contentUrl\":\"https:\\\/\\\/izsekosanasierices.lv\\\/wp-content\\\/uploads\\\/izsekosanasierices-pro-mini-diktofonas-ypac-mazu-ismatavimu-15val-veikianti-baterija.jpg\",\"width\":1384,\"height\":1380,\"caption\":\"Ma\u017eas slaptas diktofonas\"},{\"@type\":\"BreadcrumbList\",\"@id\":\"https:\\\/\\\/izsekosanasierices.lv\\\/produkts\\\/pro-serijas-mini-diktofons-ipasi-mazs-izmers\\\/#breadcrumb\",\"itemListElement\":[{\"@type\":\"ListItem\",\"position\":1,\"name\":\"S\u0101kums\",\"item\":\"https:\\\/\\\/izsekosanasierices.lv\\\/\"},{\"@type\":\"ListItem\",\"position\":2,\"name\":\"Veikals\",\"item\":\"https:\\\/\\\/izsekosanasierices.lv\\\/veikals\\\/\"},{\"@type\":\"ListItem\",\"position\":3,\"name\":\"PRO s\u0113rijas mini diktofons \u2013 \u012bpa\u0161i mazs izm\u0113rs\"}]},{\"@type\":\"WebSite\",\"@id\":\"https:\\\/\\\/izsekosanasierices.lv\\\/#website\",\"url\":\"https:\\\/\\\/izsekosanasierices.lv\\\/\",\"name\":\"Nr1 Izseko\u0161anas ier\u012bces gps izseko\u0161anas iek\u0101rtas, klaus\u012b\u0161an\u0101s iek\u0101rtas\",\"description\":\"\",\"potentialAction\":[{\"@type\":\"SearchAction\",\"target\":{\"@type\":\"EntryPoint\",\"urlTemplate\":\"https:\\\/\\\/izsekosanasierices.lv\\\/?s={search_term_string}\"},\"query-input\":{\"@type\":\"PropertyValueSpecification\",\"valueRequired\":true,\"valueName\":\"search_term_string\"}}],\"inLanguage\":\"et\"}]}<\/script>\n<!-- \/ Yoast SEO plugin. -->","yoast_head_json":{"title":"PRO s\u0113rijas mini diktofons \u2013 \u012bpa\u0161i mazs izm\u0113rs","description":"Pro diktofons ierakst\u012bt\u0101js ir \u013coti mazs. Viegli pasl\u0113ptas j\u016bsu mant\u0101s vai kabat\u0101. Ska\u0146u ieraksta ierakst\u012bt\u0101js dzird\u0113s troksni. M\u0113s garant\u0113jam kvalit\u0101ti","robots":{"index":"index","follow":"follow","max-snippet":"max-snippet:-1","max-image-preview":"max-image-preview:large","max-video-preview":"max-video-preview:-1"},"canonical":"https:\/\/izsekosanasierices.lv\/et\/produkts\/pro-seeria-mini-diktofon-ipasi-vaike-suurus\/","og_locale":"et_EE","og_type":"article","og_title":"Balss aktiviz\u0113ts slepens ierakst\u012bt\u0101js 8GB 15 h akumulatora darb\u012bbas laiks","og_description":"Pro Secret ierakst\u012bt\u0101js ir \u013coti mazs. Viegli pasl\u0113ptas j\u016bsu mant\u0101s vai kabat\u0101. Ska\u0146u ieraksta ierakst\u012bt\u0101js dzird\u0113s troksni. M\u0113s garant\u0113jam kvalit\u0101ti","og_url":"https:\/\/izsekosanasierices.lv\/et\/produkts\/pro-seeria-mini-diktofon-ipasi-vaike-suurus\/","og_site_name":"Nr1 Izseko\u0161anas ier\u012bces gps izseko\u0161anas iek\u0101rtas, klaus\u012b\u0161an\u0101s iek\u0101rtas","article_modified_time":"2026-02-04T16:00:41+00:00","og_image":[{"url":"https:\/\/rvnski.dev\/sekimoiranga\/wp-content\/uploads\/izsekosanasierices.webp","type":"","width":"","height":""}],"twitter_card":"summary_large_image","twitter_title":"Balss aktiviz\u0113ts slepens ierakst\u012bt\u0101js 8GB 15 h akumulatora darb\u012bbas laiks","twitter_description":"Pro Secret ierakst\u012bt\u0101js ir \u013coti mazs. Viegli pasl\u0113ptas j\u016bsu mant\u0101s vai kabat\u0101. Ska\u0146u ieraksta ierakst\u012bt\u0101js dzird\u0113s troksni. M\u0113s garant\u0113jam kvalit\u0101ti","twitter_misc":{"Est. reading time":"3 minutit"},"schema":{"@context":"https:\/\/schema.org","@graph":[{"@type":"WebPage","@id":"https:\/\/izsekosanasierices.lv\/produkts\/pro-serijas-mini-diktofons-ipasi-mazs-izmers\/","url":"https:\/\/izsekosanasierices.lv\/produkts\/pro-serijas-mini-diktofons-ipasi-mazs-izmers\/","name":"PRO s\u0113rijas mini diktofons \u2013 \u012bpa\u0161i mazs izm\u0113rs","isPartOf":{"@id":"https:\/\/izsekosanasierices.lv\/#website"},"primaryImageOfPage":{"@id":"https:\/\/izsekosanasierices.lv\/produkts\/pro-serijas-mini-diktofons-ipasi-mazs-izmers\/#primaryimage"},"image":{"@id":"https:\/\/izsekosanasierices.lv\/produkts\/pro-serijas-mini-diktofons-ipasi-mazs-izmers\/#primaryimage"},"thumbnailUrl":"https:\/\/izsekosanasierices.lv\/wp-content\/uploads\/izsekosanasierices-pro-mini-diktofonas-ypac-mazu-ismatavimu-15val-veikianti-baterija.jpg","datePublished":"2023-10-05T15:37:25+00:00","dateModified":"2026-02-04T16:00:41+00:00","description":"Pro diktofons ierakst\u012bt\u0101js ir \u013coti mazs. Viegli pasl\u0113ptas j\u016bsu mant\u0101s vai kabat\u0101. Ska\u0146u ieraksta ierakst\u012bt\u0101js dzird\u0113s troksni. M\u0113s garant\u0113jam kvalit\u0101ti","breadcrumb":{"@id":"https:\/\/izsekosanasierices.lv\/produkts\/pro-serijas-mini-diktofons-ipasi-mazs-izmers\/#breadcrumb"},"inLanguage":"et","potentialAction":[{"@type":"ReadAction","target":["https:\/\/izsekosanasierices.lv\/produkts\/pro-serijas-mini-diktofons-ipasi-mazs-izmers\/"]}]},{"@type":"ImageObject","inLanguage":"et","@id":"https:\/\/izsekosanasierices.lv\/produkts\/pro-serijas-mini-diktofons-ipasi-mazs-izmers\/#primaryimage","url":"https:\/\/izsekosanasierices.lv\/wp-content\/uploads\/izsekosanasierices-pro-mini-diktofonas-ypac-mazu-ismatavimu-15val-veikianti-baterija.jpg","contentUrl":"https:\/\/izsekosanasierices.lv\/wp-content\/uploads\/izsekosanasierices-pro-mini-diktofonas-ypac-mazu-ismatavimu-15val-veikianti-baterija.jpg","width":1384,"height":1380,"caption":"Ma\u017eas slaptas diktofonas"},{"@type":"BreadcrumbList","@id":"https:\/\/izsekosanasierices.lv\/produkts\/pro-serijas-mini-diktofons-ipasi-mazs-izmers\/#breadcrumb","itemListElement":[{"@type":"ListItem","position":1,"name":"S\u0101kums","item":"https:\/\/izsekosanasierices.lv\/"},{"@type":"ListItem","position":2,"name":"Veikals","item":"https:\/\/izsekosanasierices.lv\/veikals\/"},{"@type":"ListItem","position":3,"name":"PRO s\u0113rijas mini diktofons \u2013 \u012bpa\u0161i mazs izm\u0113rs"}]},{"@type":"WebSite","@id":"https:\/\/izsekosanasierices.lv\/#website","url":"https:\/\/izsekosanasierices.lv\/","name":"Nr1 Izseko\u0161anas ier\u012bces gps izseko\u0161anas iek\u0101rtas, klaus\u012b\u0161an\u0101s iek\u0101rtas","description":"","potentialAction":[{"@type":"SearchAction","target":{"@type":"EntryPoint","urlTemplate":"https:\/\/izsekosanasierices.lv\/?s={search_term_string}"},"query-input":{"@type":"PropertyValueSpecification","valueRequired":true,"valueName":"search_term_string"}}],"inLanguage":"et"}]}},"_links":{"self":[{"href":"https:\/\/izsekosanasierices.lv\/et\/wp-json\/wp\/v2\/product\/1279","targetHints":{"allow":["GET"]}}],"collection":[{"href":"https:\/\/izsekosanasierices.lv\/et\/wp-json\/wp\/v2\/product"}],"about":[{"href":"https:\/\/izsekosanasierices.lv\/et\/wp-json\/wp\/v2\/types\/product"}],"wp:featuredmedia":[{"embeddable":true,"href":"https:\/\/izsekosanasierices.lv\/et\/wp-json\/wp\/v2\/media\/1726"}],"wp:attachment":[{"href":"https:\/\/izsekosanasierices.lv\/et\/wp-json\/wp\/v2\/media?parent=1279"}],"wp:term":[{"taxonomy":"product_brand","embeddable":true,"href":"https:\/\/izsekosanasierices.lv\/et\/wp-json\/wp\/v2\/product_brand?post=1279"},{"taxonomy":"product_cat","embeddable":true,"href":"https:\/\/izsekosanasierices.lv\/et\/wp-json\/wp\/v2\/product_cat?post=1279"},{"taxonomy":"product_tag","embeddable":true,"href":"https:\/\/izsekosanasierices.lv\/et\/wp-json\/wp\/v2\/product_tag?post=1279"}],"curies":[{"name":"wp","href":"https:\/\/api.w.org\/{rel}","templated":true}]}}