{"id":1280,"date":"2023-10-05T15:37:25","date_gmt":"2023-10-05T15:37:25","guid":{"rendered":"https:\/\/izsekosanasierices.lv\/produktas\/uzmaskuotas-slaptas-diktofonas-powerbank-1100val-veikimas\/"},"modified":"2026-03-08T07:18:10","modified_gmt":"2026-03-08T05:18:10","slug":"diktafons-powerbank-kas-var-ierakstit-1100-stundas-bez-uzladesanas","status":"publish","type":"product","link":"https:\/\/izsekosanasierices.lv\/et\/produkts\/elektripanga-diktofon-mis-suudab-salvestada-1100-tundi-ilma-haalestuseta\/","title":{"rendered":"POWERBANK k\u00f5nesalvesti, mis suudab salvestada 1100 tundi ilma laadimiseta"},"content":{"rendered":"<h3><strong>Tehnilised parameetrid:<\/strong><\/h3>\n<ul>\n<li>Kaugus: 6 - 20 m<\/li>\n<li>Magnet: saadaval (saab kinnitada metallpindadele)<\/li>\n<li>Salvestuskvaliteet: 192 kbps<\/li>\n<li>Sisemine m\u00e4lu: 32 GB (400 tundi salvestamist)<\/li>\n<li>T\u00f6\u00f6aeg: umbes 1100 tundi (pidev salvestusre\u017eiim)<\/li>\n<li><em>PowerBank<\/em> aku mahutavus: 8000 mAh<\/li>\n<li>Seade ei anna helisignaali, kui aku laetuse tase on madal<\/li>\n<li>H\u00e4\u00e4ltuvastus: jah<\/li>\n<li>Pideva salvestamise re\u017eiim: jah<\/li>\n<li>Salvestusformaat: wav<\/li>\n<li>Toetatud s\u00fcsteemid Windows<\/li>\n<li>Korpuse suurus: paksus 15 mm x laius 55 mm x pikkus 85 mm<\/li>\n<li><strong>Garantii 12 kuud<\/strong><\/li>\n<\/ul>\n<p><strong>\u00a0<\/strong><\/p>\n<p><span style=\"color: #ff0000;\"><strong>Kui vajate kiiret tarnet samal p\u00e4eval (ka n\u00e4dalavahetustel), helistage palun +371-20484176.<\/strong><\/span><\/p>\n<p>Kasutamine: enda kaitseks, laste kaitseks.<\/p>\n<p><em>PowerBank<\/em> (kaasaskantav v\u00e4line aku) on \u00fcks seadmeid, mida t\u00e4nap\u00e4eval palju kasutatakse. See on loomulik - enamik inimesi kasutab erinevaid seadmeid, mida tuleb aeg-ajalt laadida. Kaasaskantav aku v\u00f5imaldab seda teha ilma pistikupesata - peamine on meeles pidada, et laadida oma <em>PowerBank<\/em>v\u00e4ltida ebameeldivaid \u00fcllatusi. Kuna kaasaskantavad akud muutuvad \u00fcha populaarsemaks, pole ime, et need seadmed sisaldavad varjatud helisalvestid, mis aitavad sujuvalt salvestada helisisu.<\/p>\n<p><strong>Lahendus erinevateks olukordadeks<\/strong><\/p>\n<p>Vajalike t\u00f5endite kogumine ei ole alati lihtne, nii et m\u00f5nikord tuleb kasutada diktofoni. Akuks maskeeritud kaasaskantav diktofon on kindlasti \u00fcks parimaid valikuid, sest vestlusi saab salvestada ilma kahtlusi \u00e4ratamata. <em>PowerBank<\/em> Varjatud diktofoni saab turvaliselt hoida taskus, j\u00e4tta lauale v\u00f5i panna kuhugi mujale, kus seda n\u00e4ha on, sest nagu paljud meist t\u00e4nap\u00e4eval kasutavad, ei \u00e4rata see mingit kahtlust. On palju olukordi, kus see seade v\u00f5ib olla kasulik, nii et kui soovite salvestada teatud vestlusi, v\u00f5ib-olla isegi tundlikke vestlusi, v\u00f5ite kasutada seda seadet.<\/p>\n<p><strong>Lapse ohutuse tagamiseks kergesti peidetavad<\/strong><\/p>\n<p><em>PowerBank<\/em> T\u00e4nu magnetile kleepub maskeeritud helisalvesti kergesti metallpindadele, nii et seda saab varjata igal ajal ja igal pool, kus seda vajate. Kui muretsete, et selle lauale j\u00e4tmine v\u00f5ib tekitada v\u00e4himatki kahtlust, v\u00f5ite selle peita radiaatori taha v\u00f5i kuhugi diskreetsesse kohta.<\/p>\n<p><strong>Ootere\u017eiim<\/strong><\/p>\n<p>Salajase diktofoni valimisel on alati hea m\u00f5te kontrollida, kas seadmel on aku s\u00e4\u00e4stmiseks ootere\u017eiim. V\u00e4lise aku sisse peidetud salajane diktofon v\u00f5ib t\u00f6\u00f6tada kuni 500 p\u00e4eva ja pakkuda kuni 1000 tundi salvestamist.<\/p>\n<p><strong>Kvaliteetne helisalvestus<\/strong><\/p>\n<p>See maskeeritud diktofon aitab teil j\u00e4\u00e4dvustada t\u00f5eliselt kvaliteetseid ja selgeid helisalvestusi, et saaksite neid vaevata kuulata. M\u00f5nikord on salvestatud vestlused halva helikvaliteedi t\u00f5ttu arusaamatud, kuid selle seadmega v\u00f5ite olla kindel, et seda ei juhtu.<\/p>\n<p><strong>Eriti suur mahutavus<\/strong><\/p>\n<p>Selle salajase diktofoni teine eelis on selle tohutu m\u00e4lumaht - kuni 32 gigabaiti. Kuigi sellised parameetrid ei ole t\u00e4nap\u00e4eval enam \u00fcllatavad, v\u00f5ib kogutava teabe hulk olla v\u00e4ga suur, kui tehakse ainult helisalvestusi. Selle seadmega on teil v\u00f5imalus salvestada heli pidevalt (alates 50 db) v\u00f5i kasutada h\u00e4\u00e4ltuvastuse funktsiooni, et salvestada ainult vestlusi.<\/p>\n<p><strong>Lihtne kasutada<\/strong><\/p>\n<p>On levinud m\u00fc\u00fct, et salajasi salvestusseadmeid on \u00fcsna raske kasutada, kuid see ei ole t\u00f5si. <em>PowerBank<\/em> Varjatud diktofon on ideaalne isegi inimestele, kes ei pea end tehnikaga kursis olevaks. Seda salvestajat saab k\u00e4ivitada \u00fche nupuvajutusega, mis teeb selle kasutamise v\u00e4ga lihtsaks.<\/p>\n<p><strong>Telefoni laadimine<\/strong><\/p>\n<p><em>PowerBank<\/em> Varjatud diktofon ei ole kasulik ainult siis, kui soovite salaja vestlusi salvestada: see sobib ka telefoni v\u00f5i muude seadmete laadimiseks (v\u00e4lise aku maht on kuni 8000 mAh). Veenduge vaid, et v\u00e4line aku oleks alati laetud, siis saab see t\u00e4ita topelt\u00fclesandeid: laadijana ja vajadusel ka helisalvestajana.<\/p>\n<p><strong>Kaasaegne disain<\/strong><\/p>\n<p>Esteetiline v\u00e4\u00e4rtus on sageli peamine kaalutlus, kui inimesed valivad seadet, nii et v\u00e4lise aku sisse peidetud diktofon ei valmista ka selles osas pettumust. Sellel on v\u00e4ga tugev ja kaasaegne korpus, mis muudab selle ideaalseks kasutamiseks igal ametialal. Kui arvate, et teil v\u00f5ib olla vaja salvestada heli, on see seade just teie jaoks.<\/p>","protected":false},"excerpt":{"rendered":"<p>Professionaalne diktofon, mis on maskeeritud <em>PowerBank<\/em> aku. V\u00e4ga hea helikvaliteet, lihtne kasutada. Kuni 1100 h. H\u00e4\u00e4leaktiveeritud salvestusfunktsioon.<\/p>","protected":false},"featured_media":1731,"template":"","meta":[],"product_brand":[],"product_cat":[342,335],"product_tag":[343,344,345,346,347],"class_list":{"0":"post-1280","1":"product","2":"type-product","3":"status-publish","4":"has-post-thumbnail","6":"product_cat-diktofoni","7":"product_cat-noklausisanas-ierices","8":"product_tag-balss-diktofons","9":"product_tag-digitalais-balss-ierakstitajs","10":"product_tag-diktafons","11":"product_tag-mini-diktofons","12":"product_tag-slepenais-ierakstitajs","14":"first","15":"instock","16":"sale","17":"taxable","18":"shipping-taxable","19":"purchasable","20":"product-type-simple"},"yoast_head":"<!-- This site is optimized with the Yoast SEO plugin v27.5 - https:\/\/yoast.com\/product\/yoast-seo-wordpress\/ -->\n<title>Diktafons powerbank kas var ierakst\u012bt 1100 stundas bez uzl\u0101d\u0113\u0161anas<\/title>\n<meta name=\"description\" content=\"Diktofons powerbank akumulators loti augsta ska\u0146as kvalit\u0101te viegli lietojams darb\u012bbas laiks l\u012bdz 1100 h Ar balsi aktiviz\u0113jama ieraksta funkcija\" \/>\n<meta name=\"robots\" content=\"index, follow, max-snippet:-1, max-image-preview:large, max-video-preview:-1\" \/>\n<link rel=\"canonical\" href=\"https:\/\/izsekosanasierices.lv\/et\/produkts\/elektripanga-diktofon-mis-suudab-salvestada-1100-tundi-ilma-haalestuseta\/\" \/>\n<meta property=\"og:locale\" content=\"et_EE\" \/>\n<meta property=\"og:type\" content=\"article\" \/>\n<meta property=\"og:title\" content=\"PowerBank Cloaked Secret Dictaphone 32gb 1100Val akumulatora darb\u012bbas laiks\" \/>\n<meta property=\"og:description\" content=\"Profesion\u0101ls diktofons, kas mask\u0113ts PowerBank akumulator\u0101. \u013boti augsta ska\u0146as kvalit\u0101te, viegli lietojams. Veiktsp\u0113ja l\u012bdz 1100h. Ar balsi aktiviz\u0113ti ieraksti\" \/>\n<meta property=\"og:url\" content=\"https:\/\/izsekosanasierices.lv\/et\/produkts\/elektripanga-diktofon-mis-suudab-salvestada-1100-tundi-ilma-haalestuseta\/\" \/>\n<meta property=\"og:site_name\" content=\"Nr1 Izseko\u0161anas ier\u012bces gps izseko\u0161anas iek\u0101rtas, klaus\u012b\u0161an\u0101s iek\u0101rtas\" \/>\n<meta property=\"article:modified_time\" content=\"2026-03-08T05:18:10+00:00\" \/>\n<meta property=\"og:image\" content=\"https:\/\/rvnski.dev\/sekimoiranga\/wp-content\/uploads\/izsekosanasierices.webp\" \/>\n<meta name=\"twitter:card\" content=\"summary_large_image\" \/>\n<meta name=\"twitter:title\" content=\"PowerBank Cloaked Secret Dictaphone 32gb 1100Val akumulatora darb\u012bbas laiks\" \/>\n<meta name=\"twitter:description\" content=\"Profesion\u0101ls diktofons, kas mask\u0113ts PowerBank akumulator\u0101. \u013boti augsta ska\u0146as kvalit\u0101te, viegli lietojams. Veiktsp\u0113ja l\u012bdz 1100h. Ar balsi aktiviz\u0113ti ieraksti\" \/>\n<meta name=\"twitter:label1\" content=\"Est. reading time\" \/>\n\t<meta name=\"twitter:data1\" content=\"4 minutit\" \/>\n<script type=\"application\/ld+json\" class=\"yoast-schema-graph\">{\"@context\":\"https:\\\/\\\/schema.org\",\"@graph\":[{\"@type\":\"WebPage\",\"@id\":\"https:\\\/\\\/izsekosanasierices.lv\\\/produkts\\\/diktafons-powerbank-kas-var-ierakstit-1100-stundas-bez-uzladesanas\\\/\",\"url\":\"https:\\\/\\\/izsekosanasierices.lv\\\/produkts\\\/diktafons-powerbank-kas-var-ierakstit-1100-stundas-bez-uzladesanas\\\/\",\"name\":\"Diktafons powerbank kas var ierakst\u012bt 1100 stundas bez uzl\u0101d\u0113\u0161anas\",\"isPartOf\":{\"@id\":\"https:\\\/\\\/izsekosanasierices.lv\\\/#website\"},\"primaryImageOfPage\":{\"@id\":\"https:\\\/\\\/izsekosanasierices.lv\\\/produkts\\\/diktafons-powerbank-kas-var-ierakstit-1100-stundas-bez-uzladesanas\\\/#primaryimage\"},\"image\":{\"@id\":\"https:\\\/\\\/izsekosanasierices.lv\\\/produkts\\\/diktafons-powerbank-kas-var-ierakstit-1100-stundas-bez-uzladesanas\\\/#primaryimage\"},\"thumbnailUrl\":\"https:\\\/\\\/izsekosanasierices.lv\\\/wp-content\\\/uploads\\\/izsekosanasierices-uzmaskuotas-slaptas-diktofonas-powerbank-1100val-veikimas.jpg\",\"datePublished\":\"2023-10-05T15:37:25+00:00\",\"dateModified\":\"2026-03-08T05:18:10+00:00\",\"description\":\"Diktofons powerbank akumulators loti augsta ska\u0146as kvalit\u0101te viegli lietojams darb\u012bbas laiks l\u012bdz 1100 h Ar balsi aktiviz\u0113jama ieraksta funkcija\",\"breadcrumb\":{\"@id\":\"https:\\\/\\\/izsekosanasierices.lv\\\/produkts\\\/diktafons-powerbank-kas-var-ierakstit-1100-stundas-bez-uzladesanas\\\/#breadcrumb\"},\"inLanguage\":\"et\",\"potentialAction\":[{\"@type\":\"ReadAction\",\"target\":[\"https:\\\/\\\/izsekosanasierices.lv\\\/produkts\\\/diktafons-powerbank-kas-var-ierakstit-1100-stundas-bez-uzladesanas\\\/\"]}]},{\"@type\":\"ImageObject\",\"inLanguage\":\"et\",\"@id\":\"https:\\\/\\\/izsekosanasierices.lv\\\/produkts\\\/diktafons-powerbank-kas-var-ierakstit-1100-stundas-bez-uzladesanas\\\/#primaryimage\",\"url\":\"https:\\\/\\\/izsekosanasierices.lv\\\/wp-content\\\/uploads\\\/izsekosanasierices-uzmaskuotas-slaptas-diktofonas-powerbank-1100val-veikimas.jpg\",\"contentUrl\":\"https:\\\/\\\/izsekosanasierices.lv\\\/wp-content\\\/uploads\\\/izsekosanasierices-uzmaskuotas-slaptas-diktofonas-powerbank-1100val-veikimas.jpg\",\"width\":784,\"height\":860,\"caption\":\"U\u017emaskuotas slaptas diktofonas Power Bank baterijoje\"},{\"@type\":\"BreadcrumbList\",\"@id\":\"https:\\\/\\\/izsekosanasierices.lv\\\/produkts\\\/diktafons-powerbank-kas-var-ierakstit-1100-stundas-bez-uzladesanas\\\/#breadcrumb\",\"itemListElement\":[{\"@type\":\"ListItem\",\"position\":1,\"name\":\"S\u0101kums\",\"item\":\"https:\\\/\\\/izsekosanasierices.lv\\\/\"},{\"@type\":\"ListItem\",\"position\":2,\"name\":\"Veikals\",\"item\":\"https:\\\/\\\/izsekosanasierices.lv\\\/veikals\\\/\"},{\"@type\":\"ListItem\",\"position\":3,\"name\":\"Diktafons POWERBANK kas var ierakst\u012bt 1100 stundas bez uzl\u0101d\u0113\u0161anas\"}]},{\"@type\":\"WebSite\",\"@id\":\"https:\\\/\\\/izsekosanasierices.lv\\\/#website\",\"url\":\"https:\\\/\\\/izsekosanasierices.lv\\\/\",\"name\":\"Nr1 Izseko\u0161anas ier\u012bces gps izseko\u0161anas iek\u0101rtas, klaus\u012b\u0161an\u0101s iek\u0101rtas\",\"description\":\"\",\"potentialAction\":[{\"@type\":\"SearchAction\",\"target\":{\"@type\":\"EntryPoint\",\"urlTemplate\":\"https:\\\/\\\/izsekosanasierices.lv\\\/?s={search_term_string}\"},\"query-input\":{\"@type\":\"PropertyValueSpecification\",\"valueRequired\":true,\"valueName\":\"search_term_string\"}}],\"inLanguage\":\"et\"}]}<\/script>\n<!-- \/ Yoast SEO plugin. -->","yoast_head_json":{"title":"Diktafons powerbank kas var ierakst\u012bt 1100 stundas bez uzl\u0101d\u0113\u0161anas","description":"Diktofons powerbank akumulators loti augsta ska\u0146as kvalit\u0101te viegli lietojams darb\u012bbas laiks l\u012bdz 1100 h Ar balsi aktiviz\u0113jama ieraksta funkcija","robots":{"index":"index","follow":"follow","max-snippet":"max-snippet:-1","max-image-preview":"max-image-preview:large","max-video-preview":"max-video-preview:-1"},"canonical":"https:\/\/izsekosanasierices.lv\/et\/produkts\/elektripanga-diktofon-mis-suudab-salvestada-1100-tundi-ilma-haalestuseta\/","og_locale":"et_EE","og_type":"article","og_title":"PowerBank Cloaked Secret Dictaphone 32gb 1100Val akumulatora darb\u012bbas laiks","og_description":"Profesion\u0101ls diktofons, kas mask\u0113ts PowerBank akumulator\u0101. \u013boti augsta ska\u0146as kvalit\u0101te, viegli lietojams. Veiktsp\u0113ja l\u012bdz 1100h. Ar balsi aktiviz\u0113ti ieraksti","og_url":"https:\/\/izsekosanasierices.lv\/et\/produkts\/elektripanga-diktofon-mis-suudab-salvestada-1100-tundi-ilma-haalestuseta\/","og_site_name":"Nr1 Izseko\u0161anas ier\u012bces gps izseko\u0161anas iek\u0101rtas, klaus\u012b\u0161an\u0101s iek\u0101rtas","article_modified_time":"2026-03-08T05:18:10+00:00","og_image":[{"url":"https:\/\/rvnski.dev\/sekimoiranga\/wp-content\/uploads\/izsekosanasierices.webp","type":"","width":"","height":""}],"twitter_card":"summary_large_image","twitter_title":"PowerBank Cloaked Secret Dictaphone 32gb 1100Val akumulatora darb\u012bbas laiks","twitter_description":"Profesion\u0101ls diktofons, kas mask\u0113ts PowerBank akumulator\u0101. \u013boti augsta ska\u0146as kvalit\u0101te, viegli lietojams. Veiktsp\u0113ja l\u012bdz 1100h. Ar balsi aktiviz\u0113ti ieraksti","twitter_misc":{"Est. reading time":"4 minutit"},"schema":{"@context":"https:\/\/schema.org","@graph":[{"@type":"WebPage","@id":"https:\/\/izsekosanasierices.lv\/produkts\/diktafons-powerbank-kas-var-ierakstit-1100-stundas-bez-uzladesanas\/","url":"https:\/\/izsekosanasierices.lv\/produkts\/diktafons-powerbank-kas-var-ierakstit-1100-stundas-bez-uzladesanas\/","name":"Diktafons powerbank kas var ierakst\u012bt 1100 stundas bez uzl\u0101d\u0113\u0161anas","isPartOf":{"@id":"https:\/\/izsekosanasierices.lv\/#website"},"primaryImageOfPage":{"@id":"https:\/\/izsekosanasierices.lv\/produkts\/diktafons-powerbank-kas-var-ierakstit-1100-stundas-bez-uzladesanas\/#primaryimage"},"image":{"@id":"https:\/\/izsekosanasierices.lv\/produkts\/diktafons-powerbank-kas-var-ierakstit-1100-stundas-bez-uzladesanas\/#primaryimage"},"thumbnailUrl":"https:\/\/izsekosanasierices.lv\/wp-content\/uploads\/izsekosanasierices-uzmaskuotas-slaptas-diktofonas-powerbank-1100val-veikimas.jpg","datePublished":"2023-10-05T15:37:25+00:00","dateModified":"2026-03-08T05:18:10+00:00","description":"Diktofons powerbank akumulators loti augsta ska\u0146as kvalit\u0101te viegli lietojams darb\u012bbas laiks l\u012bdz 1100 h Ar balsi aktiviz\u0113jama ieraksta funkcija","breadcrumb":{"@id":"https:\/\/izsekosanasierices.lv\/produkts\/diktafons-powerbank-kas-var-ierakstit-1100-stundas-bez-uzladesanas\/#breadcrumb"},"inLanguage":"et","potentialAction":[{"@type":"ReadAction","target":["https:\/\/izsekosanasierices.lv\/produkts\/diktafons-powerbank-kas-var-ierakstit-1100-stundas-bez-uzladesanas\/"]}]},{"@type":"ImageObject","inLanguage":"et","@id":"https:\/\/izsekosanasierices.lv\/produkts\/diktafons-powerbank-kas-var-ierakstit-1100-stundas-bez-uzladesanas\/#primaryimage","url":"https:\/\/izsekosanasierices.lv\/wp-content\/uploads\/izsekosanasierices-uzmaskuotas-slaptas-diktofonas-powerbank-1100val-veikimas.jpg","contentUrl":"https:\/\/izsekosanasierices.lv\/wp-content\/uploads\/izsekosanasierices-uzmaskuotas-slaptas-diktofonas-powerbank-1100val-veikimas.jpg","width":784,"height":860,"caption":"U\u017emaskuotas slaptas diktofonas Power Bank baterijoje"},{"@type":"BreadcrumbList","@id":"https:\/\/izsekosanasierices.lv\/produkts\/diktafons-powerbank-kas-var-ierakstit-1100-stundas-bez-uzladesanas\/#breadcrumb","itemListElement":[{"@type":"ListItem","position":1,"name":"S\u0101kums","item":"https:\/\/izsekosanasierices.lv\/"},{"@type":"ListItem","position":2,"name":"Veikals","item":"https:\/\/izsekosanasierices.lv\/veikals\/"},{"@type":"ListItem","position":3,"name":"Diktafons POWERBANK kas var ierakst\u012bt 1100 stundas bez uzl\u0101d\u0113\u0161anas"}]},{"@type":"WebSite","@id":"https:\/\/izsekosanasierices.lv\/#website","url":"https:\/\/izsekosanasierices.lv\/","name":"Nr1 Izseko\u0161anas ier\u012bces gps izseko\u0161anas iek\u0101rtas, klaus\u012b\u0161an\u0101s iek\u0101rtas","description":"","potentialAction":[{"@type":"SearchAction","target":{"@type":"EntryPoint","urlTemplate":"https:\/\/izsekosanasierices.lv\/?s={search_term_string}"},"query-input":{"@type":"PropertyValueSpecification","valueRequired":true,"valueName":"search_term_string"}}],"inLanguage":"et"}]}},"_links":{"self":[{"href":"https:\/\/izsekosanasierices.lv\/et\/wp-json\/wp\/v2\/product\/1280","targetHints":{"allow":["GET"]}}],"collection":[{"href":"https:\/\/izsekosanasierices.lv\/et\/wp-json\/wp\/v2\/product"}],"about":[{"href":"https:\/\/izsekosanasierices.lv\/et\/wp-json\/wp\/v2\/types\/product"}],"wp:featuredmedia":[{"embeddable":true,"href":"https:\/\/izsekosanasierices.lv\/et\/wp-json\/wp\/v2\/media\/1731"}],"wp:attachment":[{"href":"https:\/\/izsekosanasierices.lv\/et\/wp-json\/wp\/v2\/media?parent=1280"}],"wp:term":[{"taxonomy":"product_brand","embeddable":true,"href":"https:\/\/izsekosanasierices.lv\/et\/wp-json\/wp\/v2\/product_brand?post=1280"},{"taxonomy":"product_cat","embeddable":true,"href":"https:\/\/izsekosanasierices.lv\/et\/wp-json\/wp\/v2\/product_cat?post=1280"},{"taxonomy":"product_tag","embeddable":true,"href":"https:\/\/izsekosanasierices.lv\/et\/wp-json\/wp\/v2\/product_tag?post=1280"}],"curies":[{"name":"wp","href":"https:\/\/api.w.org\/{rel}","templated":true}]}}