{"id":1281,"date":"2023-10-05T15:37:25","date_gmt":"2023-10-05T15:37:25","guid":{"rendered":"https:\/\/izsekosanasierices.lv\/produktas\/profesionalus-slaptas-diktofonas-itin-auksta-garso-kokybe\/"},"modified":"2025-11-25T21:47:16","modified_gmt":"2025-11-25T19:47:16","slug":"profesionala-noklausisanas-ierice-ipasi-augsta-skanas-kvalitate","status":"publish","type":"product","link":"https:\/\/izsekosanasierices.lv\/et\/produkts\/professionaalsed-kuulamisseadmed-ja-korge-helikvaliteet\/","title":{"rendered":"Professionaalne kuulamise seade - eriti k\u00f5rge helikvaliteet"},"content":{"rendered":"<h3><strong>Tehnilised parameetrid:<\/strong><\/h3>\n<ul>\n<li>Kaugus: kuni 6-20 m<\/li>\n<li>Salvestuskvaliteet: 192 kbps<\/li>\n<li>Sisemine m\u00e4lu: 8 GB<\/li>\n<li>T\u00f6\u00f6aeg: umbes 60 tundi (pidev salvestusre\u017eiim)<\/li>\n<li>Korpus: alumiinium<\/li>\n<li>Seade ei anna helisignaali, kui aku laetuse tase on madal<\/li>\n<li>H\u00e4\u00e4ltuvastus: jah<\/li>\n<li>Pidev helisalvestus: jah<\/li>\n<li>Salvestusformaat: wav<\/li>\n<li>Toetatud s\u00fcsteemid Windows<\/li>\n<li>Korpuse suurus: paksus 5,5 mm x laius 41,5 mm x pikkus 69 mm<\/li>\n<li><strong>Garantii 12 kuud<\/strong><\/li>\n<\/ul>\n<p><strong>\u00a0<\/strong><\/p>\n<p><span style=\"color: #ff0000;\"><strong>Vajad kiiret sama p\u00e4eva (ja n\u00e4dalavahetuse) kohaletoimetamist? Helistage <\/strong><strong>+<\/strong><strong>37120484176<\/strong><\/span><\/p>\n<p>Kasutamine: enda kaitseks, laste kaitseks.<\/p>\n<p><strong>\u00a0<\/strong><strong>Ootere\u017eiim<\/strong><\/p>\n<p>Varjatud k\u00f5nesalvestajat v\u00f5i pealtkuulamisseadet valides on alati hea m\u00f5te kontrollida, kas seadmel on aku s\u00e4\u00e4stmiseks ootere\u017eiim. See salajane helisalvesti v\u00f5ib t\u00f6\u00f6tada kuni ... p\u00e4eva ootere\u017eiimis ja pakkuda kuni 20 tundi helisalvestust.<\/p>\n<p><strong>\u00a0<\/strong><strong>Kvaliteetsed helisalvestised<\/strong><\/p>\n<p>See maskeeritud diktofon aitab teil j\u00e4\u00e4dvustada t\u00f5eliselt kvaliteetseid ja selgeid helisalvestusi, et saaksite neid vaevata kuulata. M\u00f5nikord on salvestatud vestlused halva helikvaliteedi t\u00f5ttu arusaamatud, kuid selle seadmega v\u00f5ite olla kindel, et seda ei juhtu.<\/p>\n<p><strong>\u00a0<\/strong><strong>Suur m\u00e4lumaht<\/strong><\/p>\n<p>\u00dcks selle salajase diktofoni eeliseid on selle 8 gigabaidi suurune m\u00e4lu. Kuigi see ei ole t\u00e4nap\u00e4eval enam \u00fcllatav, v\u00f5ib v\u00e4lja otsitava teabe hulk olla m\u00e4rkimisv\u00e4\u00e4rne. Selle kuulamisseadmega on v\u00f5imalik salvestada heli pidevalt (alates 50 db) kuni 60 tundi.<\/p>\n<p><strong>Lihtne kasutada<\/strong><\/p>\n<p>On levinud m\u00fc\u00fct, et salajasi helisalvestusseadmeid on raske kasutada, kuid see ei vasta t\u00f5ele. See salajane diktofon on ideaalne isegi inimestele, kes ei pea end tehniliselt vilunud inimeseks. Seda salakirjutajat saab k\u00e4ivitada \u00fche nupuvajutusega, seega on alustamine v\u00e4ga lihtne.<\/p>\n<p><strong>Kaasaegne disain<\/strong><\/p>\n<p>Esteetiline v\u00e4\u00e4rtus on sageli peamine kaalutlus, kui inimesed valivad seadet, nii et see salajane diktofon ei j\u00e4ta teid h\u00e4tta. Sellel on v\u00e4ga tugev ja kaasaegne \u0161assii, mis muudab selle ideaalselt sobivaks igale ametile. Kui te arvate, et teil v\u00f5ib olla vaja salvestada heli, on see seade just teie jaoks.<\/p>\n<p>&nbsp;<\/p>","protected":false},"excerpt":{"rendered":"<p>Professionaalne h\u00e4\u00e4le aktiveerimisega diktofon. 8 gb m\u00e4lu. Lihtsalt peetav helisalvesti. Nupuvajutusega sisse l\u00fclitatav. Ei anna helisignaali.<\/p>","protected":false},"featured_media":1733,"template":"","meta":[],"product_brand":[],"product_cat":[342,335],"product_tag":[343,344,345,346,347],"class_list":{"0":"post-1281","1":"product","2":"type-product","3":"status-publish","4":"has-post-thumbnail","6":"product_cat-diktofoni","7":"product_cat-noklausisanas-ierices","8":"product_tag-balss-diktofons","9":"product_tag-digitalais-balss-ierakstitajs","10":"product_tag-diktafons","11":"product_tag-mini-diktofons","12":"product_tag-slepenais-ierakstitajs","14":"first","15":"instock","16":"taxable","17":"shipping-taxable","18":"purchasable","19":"product-type-simple"},"yoast_head":"<!-- This site is optimized with the Yoast SEO plugin v27.5 - https:\/\/yoast.com\/product\/yoast-seo-wordpress\/ -->\n<title>Profesion\u0101la noklaus\u012b\u0161an\u0101s ier\u012bce \u2013 \u012bpa\u0161i augsta ska\u0146as kvalit\u0101te<\/title>\n<meta name=\"description\" content=\"Profesion\u0101ls diktofons ar balss aktiviz\u0113\u0161anas funkciju. 8 gb atmi\u0146a. Viegli nosl\u0113pjama audio ierakst\u012b\u0161anas ier\u012bce. Iesl\u0113dzama ar piesk\u0101rienu pogai.\" \/>\n<meta name=\"robots\" content=\"index, follow, max-snippet:-1, max-image-preview:large, max-video-preview:-1\" \/>\n<link rel=\"canonical\" href=\"https:\/\/izsekosanasierices.lv\/et\/produkts\/professionaalsed-kuulamisseadmed-ja-korge-helikvaliteet\/\" \/>\n<meta property=\"og:locale\" content=\"et_EE\" \/>\n<meta property=\"og:type\" content=\"article\" \/>\n<meta property=\"og:title\" content=\"Profesion\u0101ls diktofons - 60 stundas. aktiviz\u0113\u0161anas laiks, pamatojoties uz balsi\" \/>\n<meta property=\"og:description\" content=\"Profesion\u0101ls diktofons ar balss aktiviz\u0113\u0161anas funkciju. Viegli sl\u0113pta 8 gb atmi\u0146a. Iesl\u0113dzas ar pogas piesk\u0101rienu, neizdod ska\u0146u\" \/>\n<meta property=\"og:url\" content=\"https:\/\/izsekosanasierices.lv\/et\/produkts\/professionaalsed-kuulamisseadmed-ja-korge-helikvaliteet\/\" \/>\n<meta property=\"og:site_name\" content=\"Nr1 Izseko\u0161anas ier\u012bces gps izseko\u0161anas iek\u0101rtas, klaus\u012b\u0161an\u0101s iek\u0101rtas\" \/>\n<meta property=\"article:modified_time\" content=\"2025-11-25T19:47:16+00:00\" \/>\n<meta property=\"og:image\" content=\"https:\/\/rvnski.dev\/sekimoiranga\/wp-content\/uploads\/izsekosanasierices.webp\" \/>\n<meta name=\"twitter:card\" content=\"summary_large_image\" \/>\n<meta name=\"twitter:title\" content=\"Profesion\u0101ls diktofons - 60 stundas. aktiviz\u0113\u0161anas laiks, pamatojoties uz balsi\" \/>\n<meta name=\"twitter:description\" content=\"Profesion\u0101ls diktofons ar balss aktiviz\u0113\u0161anas funkciju. Viegli sl\u0113pta 8 gb atmi\u0146a. Iesl\u0113dzas ar pogas piesk\u0101rienu, neizdod ska\u0146u\" \/>\n<meta name=\"twitter:label1\" content=\"Est. reading time\" \/>\n\t<meta name=\"twitter:data1\" content=\"2 minutit\" \/>\n<script type=\"application\/ld+json\" class=\"yoast-schema-graph\">{\"@context\":\"https:\\\/\\\/schema.org\",\"@graph\":[{\"@type\":\"WebPage\",\"@id\":\"https:\\\/\\\/izsekosanasierices.lv\\\/produkts\\\/profesionala-noklausisanas-ierice-ipasi-augsta-skanas-kvalitate\\\/\",\"url\":\"https:\\\/\\\/izsekosanasierices.lv\\\/produkts\\\/profesionala-noklausisanas-ierice-ipasi-augsta-skanas-kvalitate\\\/\",\"name\":\"Profesion\u0101la noklaus\u012b\u0161an\u0101s ier\u012bce \u2013 \u012bpa\u0161i augsta ska\u0146as kvalit\u0101te\",\"isPartOf\":{\"@id\":\"https:\\\/\\\/izsekosanasierices.lv\\\/#website\"},\"primaryImageOfPage\":{\"@id\":\"https:\\\/\\\/izsekosanasierices.lv\\\/produkts\\\/profesionala-noklausisanas-ierice-ipasi-augsta-skanas-kvalitate\\\/#primaryimage\"},\"image\":{\"@id\":\"https:\\\/\\\/izsekosanasierices.lv\\\/produkts\\\/profesionala-noklausisanas-ierice-ipasi-augsta-skanas-kvalitate\\\/#primaryimage\"},\"thumbnailUrl\":\"https:\\\/\\\/izsekosanasierices.lv\\\/wp-content\\\/uploads\\\/izsekosanasierices-profesionalus-slaptas-diktofonas-itin-auksta-garso-kokybe.jpg\",\"datePublished\":\"2023-10-05T15:37:25+00:00\",\"dateModified\":\"2025-11-25T19:47:16+00:00\",\"description\":\"Profesion\u0101ls diktofons ar balss aktiviz\u0113\u0161anas funkciju. 8 gb atmi\u0146a. Viegli nosl\u0113pjama audio ierakst\u012b\u0161anas ier\u012bce. Iesl\u0113dzama ar piesk\u0101rienu pogai.\",\"breadcrumb\":{\"@id\":\"https:\\\/\\\/izsekosanasierices.lv\\\/produkts\\\/profesionala-noklausisanas-ierice-ipasi-augsta-skanas-kvalitate\\\/#breadcrumb\"},\"inLanguage\":\"et\",\"potentialAction\":[{\"@type\":\"ReadAction\",\"target\":[\"https:\\\/\\\/izsekosanasierices.lv\\\/produkts\\\/profesionala-noklausisanas-ierice-ipasi-augsta-skanas-kvalitate\\\/\"]}]},{\"@type\":\"ImageObject\",\"inLanguage\":\"et\",\"@id\":\"https:\\\/\\\/izsekosanasierices.lv\\\/produkts\\\/profesionala-noklausisanas-ierice-ipasi-augsta-skanas-kvalitate\\\/#primaryimage\",\"url\":\"https:\\\/\\\/izsekosanasierices.lv\\\/wp-content\\\/uploads\\\/izsekosanasierices-profesionalus-slaptas-diktofonas-itin-auksta-garso-kokybe.jpg\",\"contentUrl\":\"https:\\\/\\\/izsekosanasierices.lv\\\/wp-content\\\/uploads\\\/izsekosanasierices-profesionalus-slaptas-diktofonas-itin-auksta-garso-kokybe.jpg\",\"width\":800,\"height\":800,\"caption\":\"Slaptas diktofonas VOX aktyvuojamas nuo garso\"},{\"@type\":\"BreadcrumbList\",\"@id\":\"https:\\\/\\\/izsekosanasierices.lv\\\/produkts\\\/profesionala-noklausisanas-ierice-ipasi-augsta-skanas-kvalitate\\\/#breadcrumb\",\"itemListElement\":[{\"@type\":\"ListItem\",\"position\":1,\"name\":\"S\u0101kums\",\"item\":\"https:\\\/\\\/izsekosanasierices.lv\\\/\"},{\"@type\":\"ListItem\",\"position\":2,\"name\":\"Veikals\",\"item\":\"https:\\\/\\\/izsekosanasierices.lv\\\/veikals\\\/\"},{\"@type\":\"ListItem\",\"position\":3,\"name\":\"Profesion\u0101la noklaus\u012b\u0161an\u0101s ier\u012bce \u2013 \u012bpa\u0161i augsta ska\u0146as kvalit\u0101te\"}]},{\"@type\":\"WebSite\",\"@id\":\"https:\\\/\\\/izsekosanasierices.lv\\\/#website\",\"url\":\"https:\\\/\\\/izsekosanasierices.lv\\\/\",\"name\":\"Nr1 Izseko\u0161anas ier\u012bces gps izseko\u0161anas iek\u0101rtas, klaus\u012b\u0161an\u0101s iek\u0101rtas\",\"description\":\"\",\"potentialAction\":[{\"@type\":\"SearchAction\",\"target\":{\"@type\":\"EntryPoint\",\"urlTemplate\":\"https:\\\/\\\/izsekosanasierices.lv\\\/?s={search_term_string}\"},\"query-input\":{\"@type\":\"PropertyValueSpecification\",\"valueRequired\":true,\"valueName\":\"search_term_string\"}}],\"inLanguage\":\"et\"}]}<\/script>\n<!-- \/ Yoast SEO plugin. -->","yoast_head_json":{"title":"Profesion\u0101la noklaus\u012b\u0161an\u0101s ier\u012bce \u2013 \u012bpa\u0161i augsta ska\u0146as kvalit\u0101te","description":"Profesion\u0101ls diktofons ar balss aktiviz\u0113\u0161anas funkciju. 8 gb atmi\u0146a. Viegli nosl\u0113pjama audio ierakst\u012b\u0161anas ier\u012bce. Iesl\u0113dzama ar piesk\u0101rienu pogai.","robots":{"index":"index","follow":"follow","max-snippet":"max-snippet:-1","max-image-preview":"max-image-preview:large","max-video-preview":"max-video-preview:-1"},"canonical":"https:\/\/izsekosanasierices.lv\/et\/produkts\/professionaalsed-kuulamisseadmed-ja-korge-helikvaliteet\/","og_locale":"et_EE","og_type":"article","og_title":"Profesion\u0101ls diktofons - 60 stundas. aktiviz\u0113\u0161anas laiks, pamatojoties uz balsi","og_description":"Profesion\u0101ls diktofons ar balss aktiviz\u0113\u0161anas funkciju. Viegli sl\u0113pta 8 gb atmi\u0146a. Iesl\u0113dzas ar pogas piesk\u0101rienu, neizdod ska\u0146u","og_url":"https:\/\/izsekosanasierices.lv\/et\/produkts\/professionaalsed-kuulamisseadmed-ja-korge-helikvaliteet\/","og_site_name":"Nr1 Izseko\u0161anas ier\u012bces gps izseko\u0161anas iek\u0101rtas, klaus\u012b\u0161an\u0101s iek\u0101rtas","article_modified_time":"2025-11-25T19:47:16+00:00","og_image":[{"url":"https:\/\/rvnski.dev\/sekimoiranga\/wp-content\/uploads\/izsekosanasierices.webp","type":"","width":"","height":""}],"twitter_card":"summary_large_image","twitter_title":"Profesion\u0101ls diktofons - 60 stundas. aktiviz\u0113\u0161anas laiks, pamatojoties uz balsi","twitter_description":"Profesion\u0101ls diktofons ar balss aktiviz\u0113\u0161anas funkciju. Viegli sl\u0113pta 8 gb atmi\u0146a. Iesl\u0113dzas ar pogas piesk\u0101rienu, neizdod ska\u0146u","twitter_misc":{"Est. reading time":"2 minutit"},"schema":{"@context":"https:\/\/schema.org","@graph":[{"@type":"WebPage","@id":"https:\/\/izsekosanasierices.lv\/produkts\/profesionala-noklausisanas-ierice-ipasi-augsta-skanas-kvalitate\/","url":"https:\/\/izsekosanasierices.lv\/produkts\/profesionala-noklausisanas-ierice-ipasi-augsta-skanas-kvalitate\/","name":"Profesion\u0101la noklaus\u012b\u0161an\u0101s ier\u012bce \u2013 \u012bpa\u0161i augsta ska\u0146as kvalit\u0101te","isPartOf":{"@id":"https:\/\/izsekosanasierices.lv\/#website"},"primaryImageOfPage":{"@id":"https:\/\/izsekosanasierices.lv\/produkts\/profesionala-noklausisanas-ierice-ipasi-augsta-skanas-kvalitate\/#primaryimage"},"image":{"@id":"https:\/\/izsekosanasierices.lv\/produkts\/profesionala-noklausisanas-ierice-ipasi-augsta-skanas-kvalitate\/#primaryimage"},"thumbnailUrl":"https:\/\/izsekosanasierices.lv\/wp-content\/uploads\/izsekosanasierices-profesionalus-slaptas-diktofonas-itin-auksta-garso-kokybe.jpg","datePublished":"2023-10-05T15:37:25+00:00","dateModified":"2025-11-25T19:47:16+00:00","description":"Profesion\u0101ls diktofons ar balss aktiviz\u0113\u0161anas funkciju. 8 gb atmi\u0146a. Viegli nosl\u0113pjama audio ierakst\u012b\u0161anas ier\u012bce. Iesl\u0113dzama ar piesk\u0101rienu pogai.","breadcrumb":{"@id":"https:\/\/izsekosanasierices.lv\/produkts\/profesionala-noklausisanas-ierice-ipasi-augsta-skanas-kvalitate\/#breadcrumb"},"inLanguage":"et","potentialAction":[{"@type":"ReadAction","target":["https:\/\/izsekosanasierices.lv\/produkts\/profesionala-noklausisanas-ierice-ipasi-augsta-skanas-kvalitate\/"]}]},{"@type":"ImageObject","inLanguage":"et","@id":"https:\/\/izsekosanasierices.lv\/produkts\/profesionala-noklausisanas-ierice-ipasi-augsta-skanas-kvalitate\/#primaryimage","url":"https:\/\/izsekosanasierices.lv\/wp-content\/uploads\/izsekosanasierices-profesionalus-slaptas-diktofonas-itin-auksta-garso-kokybe.jpg","contentUrl":"https:\/\/izsekosanasierices.lv\/wp-content\/uploads\/izsekosanasierices-profesionalus-slaptas-diktofonas-itin-auksta-garso-kokybe.jpg","width":800,"height":800,"caption":"Slaptas diktofonas VOX aktyvuojamas nuo garso"},{"@type":"BreadcrumbList","@id":"https:\/\/izsekosanasierices.lv\/produkts\/profesionala-noklausisanas-ierice-ipasi-augsta-skanas-kvalitate\/#breadcrumb","itemListElement":[{"@type":"ListItem","position":1,"name":"S\u0101kums","item":"https:\/\/izsekosanasierices.lv\/"},{"@type":"ListItem","position":2,"name":"Veikals","item":"https:\/\/izsekosanasierices.lv\/veikals\/"},{"@type":"ListItem","position":3,"name":"Profesion\u0101la noklaus\u012b\u0161an\u0101s ier\u012bce \u2013 \u012bpa\u0161i augsta ska\u0146as kvalit\u0101te"}]},{"@type":"WebSite","@id":"https:\/\/izsekosanasierices.lv\/#website","url":"https:\/\/izsekosanasierices.lv\/","name":"Nr1 Izseko\u0161anas ier\u012bces gps izseko\u0161anas iek\u0101rtas, klaus\u012b\u0161an\u0101s iek\u0101rtas","description":"","potentialAction":[{"@type":"SearchAction","target":{"@type":"EntryPoint","urlTemplate":"https:\/\/izsekosanasierices.lv\/?s={search_term_string}"},"query-input":{"@type":"PropertyValueSpecification","valueRequired":true,"valueName":"search_term_string"}}],"inLanguage":"et"}]}},"_links":{"self":[{"href":"https:\/\/izsekosanasierices.lv\/et\/wp-json\/wp\/v2\/product\/1281","targetHints":{"allow":["GET"]}}],"collection":[{"href":"https:\/\/izsekosanasierices.lv\/et\/wp-json\/wp\/v2\/product"}],"about":[{"href":"https:\/\/izsekosanasierices.lv\/et\/wp-json\/wp\/v2\/types\/product"}],"wp:featuredmedia":[{"embeddable":true,"href":"https:\/\/izsekosanasierices.lv\/et\/wp-json\/wp\/v2\/media\/1733"}],"wp:attachment":[{"href":"https:\/\/izsekosanasierices.lv\/et\/wp-json\/wp\/v2\/media?parent=1281"}],"wp:term":[{"taxonomy":"product_brand","embeddable":true,"href":"https:\/\/izsekosanasierices.lv\/et\/wp-json\/wp\/v2\/product_brand?post=1281"},{"taxonomy":"product_cat","embeddable":true,"href":"https:\/\/izsekosanasierices.lv\/et\/wp-json\/wp\/v2\/product_cat?post=1281"},{"taxonomy":"product_tag","embeddable":true,"href":"https:\/\/izsekosanasierices.lv\/et\/wp-json\/wp\/v2\/product_tag?post=1281"}],"curies":[{"name":"wp","href":"https:\/\/api.w.org\/{rel}","templated":true}]}}