{"id":1282,"date":"2023-10-05T15:37:25","date_gmt":"2023-10-05T15:37:25","guid":{"rendered":"https:\/\/izsekosanasierices.lv\/produktas\/pro-serijos-tusinukas-slaptas-diktofonas-8gb\/"},"modified":"2025-12-04T06:18:47","modified_gmt":"2025-12-04T04:18:47","slug":"pildspalva-masketa-pro-serijas-noklausisanas-ierice-ar-8-gb-lielu-atminu","status":"publish","type":"product","link":"https:\/\/izsekosanasierices.lv\/et\/produkts\/pen-masket-pro-seeriaviisiline-pealtkuulamispliiats-8-gb-maluga\/","title":{"rendered":"PRO-seeria pliiatsiga maskeeritud pealtkuulaja 8 GB m\u00e4luga"},"content":{"rendered":"<h3><strong>Tehnilised parameetrid:<\/strong><\/h3>\n<ul>\n<li>Kaugus: kuni 6-20 m<\/li>\n<li>Salvestuskvaliteet: 192 kbps<\/li>\n<li>Sisemine m\u00e4lu: 8 GB<\/li>\n<li>T\u00f6\u00f6aeg: umbes 20 tundi (pidev salvestusre\u017eiim)<\/li>\n<li>Korpus: alumiinium<\/li>\n<li>Seade ei anna helisignaali, kui aku laetuse tase on madal<\/li>\n<li>H\u00e4\u00e4ltuvastus: jah<\/li>\n<li>Pidev helisalvestus: jah<\/li>\n<li>Salvestusformaat: wav<\/li>\n<li>Toetatud s\u00fcsteemid Windows<\/li>\n<li>T\u00fcnnisuurus: standardne pliiatsi suurus<\/li>\n<li>Garantii 12 kuud<\/li>\n<\/ul>\n<p><strong>\u00a0<\/strong><\/p>\n<p><span style=\"color: #ff0000;\"><strong>Vajad kiiret sama p\u00e4eva (ja n\u00e4dalavahetuse) kohaletoimetamist? Helistage <\/strong><strong>+<\/strong><strong>37120484176<\/strong><\/span><\/p>\n<p>Alati ei ole lihtne vestluse konkreetseid \u00fcksikasju \u00fcles kirjutada ja on v\u00f5imalik, et r\u00e4\u00e4gitu ununeb, eriti kui teave antakse edasi vestluse k\u00e4igus. Kaasaegne tehnoloogia teeb selle aga v\u00e4ga lihtsaks - selle pliiatsidiktofoni abil saate teha erinevaid helisalvestusi m\u00e4rkamatult. Seda seadet saab kasutada v\u00e4ga erinevates olukordades: vestluste salvestamiseks, t\u00f5endite kogumiseks jne. Alati ei ole v\u00f5imalik vestlust salvestada tavalise diktofoniga, seega v\u00f5ib see seade olla hea alternatiiv.<\/p>\n<p><strong>\u00a0<\/strong><strong>Varjatud diktofon<\/strong><\/p>\n<p>V\u00f5ite selle pliiatsi julgelt lauale v\u00f5i mujale j\u00e4tta, kus kavatsete helisalvestust teha. Keegi ei saa kunagi teada, et vestlusi salvestatakse, mis teeb t\u00f5endite kogumise palju lihtsamaks. See pliiatsile paigaldatav helisalvesti ei erine v\u00e4limuselt tavalisest pastapliiatsist, nii et see ei tekita kahtlust.<\/p>\n<p><strong>\u00a0<\/strong><strong>M\u00e4rkamatult v\u00e4ike seade<\/strong><\/p>\n<p>Seda salajast diktofoni saab hoida ka jakitaskus - pastapliiats on \u00fcks neist asjadest, mis ei \u00e4rata kahtlust, nii et isegi kui see peidetud diktofon peaks v\u00e4lja kukkuma, ei tekitaks see teistes mingeid reaktsioone. Kui soovite diktofoni, mis ei tekita kahtlust, v\u00f5ite olla kindel, et pliiatsiks maskeeritud diktofon on kindlasti \u00f5ige valik.<\/p>\n<p><strong>\u00a0<\/strong><strong>Uskumatult selge heli<\/strong><\/p>\n<p>Kuigi v\u00f5ib tunduda, et v\u00e4ike diktofon ei suuda salvestada kvaliteetset heli, ei pruugi see nii olla. See maskeeritud diktofon annab uskumatult selgeid helisalvestusi ja seda kasutavad sageli professionaalid. Helikvaliteet on alati \u00fcks olulisemaid kriteeriume helisalvestaja valimisel, seega vastab see pliiatsi stiilis helisalvesti kindlasti teie ootustele.<\/p>\n<p><strong>\u00a0<\/strong><strong>Suur seadme m\u00e4lumaht<\/strong><\/p>\n<p>See salajane diktofon mahutab oma v\u00e4ikesesse suurusesse \u00fcsna palju m\u00e4lu - kuni 8 gigabaiti. Kuigi see ei ole t\u00e4nap\u00e4eval v\u00e4ga eriline, v\u00f5ib sellise mahutavusega diktofon salvestada kuni 96 tundi heli (neli p\u00e4eva heli). See infokogus on t\u00f5esti muljetavaldav, nii et see v\u00f5ib olla \u00fcks p\u00f5hjustest, miks peaksite kaaluma just seda salvestajat.<\/p>\n<p><strong>\u00a0<\/strong><strong>Heliandurid<\/strong><\/p>\n<p>Helisalvestiste kuulamine on sageli aegan\u00f5udev, mist\u00f5ttu on alati parem v\u00e4ltida sisulist sisu mitteomavaid salvestisi. Sellel pliiatsiga maskeeritud diktofonil on spetsiaalsed andurid, mis suudavad tuvastada helisid, k\u00e4ivitades salvestuse alustamise ainult siis, kui ruumis midagi juhtub. See funktsioon on eriti kasulik, kui soovite koguda teatud t\u00f5endeid ja ei pea leidma v\u00f5imalust salvestusnupu vajutamiseks, kui olete siseruumides.<\/p>\n<p><strong>\u00a0<\/strong><strong>Kiirlaadimine<\/strong><\/p>\n<p>Taaslaetav pliiatsiga salajane diktofon suudab pidevas salvestusre\u017eiimis salvestada kuni 20 tundi heli, nii et te ei pea pidevalt kontrollima, kas see vajab laadimist. Kui teil on vaja seda laadida, saate seda teha v\u00e4ga kiiresti - aku saab t\u00e4is laadida vaid \u00fche tunniga.<\/p>\n<p><strong>\u00a0<\/strong><strong>Kirjete lihtne sorteerimine<\/strong><\/p>\n<p>M\u00f5nikord v\u00f5ib olla \u00fcsna raske valida vajalikke helisalvestisi, seega lihtsa kategoriseerimise abil on lihtsam kuulata vajalikku teavet. Intervjuude kuulamisel saate valida teid huvitavate salvestuste kuup\u00e4eva ja kellaaega, mis muudab asjakohase teabe leidmise palju lihtsamaks.<\/p>\n<p><strong>\u00a0<\/strong><strong>Ulatuslikud kohandamisv\u00f5imalused<\/strong><\/p>\n<p>Pliiatsiks maskeeritud diktofon v\u00f5ib olla kasulik mitmes olukorras: kui soovite avastada t\u00f6\u00f6tajate pettust, kui soovite koguda teatud fakte, kui soovite koguda teavet kohtumenetluse jaoks jne. V\u00f5imalik, et see seade v\u00f5ib olla meile k\u00f5igile teatud olukordades elup\u00e4\u00e4stjaks, seega on mitmeid p\u00f5hjusi, miks peaksite kaaluma selle soetamist.<\/p>","protected":false},"excerpt":{"rendered":"<p>Salajane diktofon, mis on maskeeritud pliiatsiks. Stiilne pliiats, mis ei erine tavalisest pliiatsist. Helisalvestus, 8 gb m\u00e4lu. Tasuta kohaletoimetamine<\/p>","protected":false},"featured_media":1738,"template":"","meta":[],"product_brand":[],"product_cat":[342,335],"product_tag":[343,344,345,346,347],"class_list":{"0":"post-1282","1":"product","2":"type-product","3":"status-publish","4":"has-post-thumbnail","6":"product_cat-diktofoni","7":"product_cat-noklausisanas-ierices","8":"product_tag-balss-diktofons","9":"product_tag-digitalais-balss-ierakstitajs","10":"product_tag-diktafons","11":"product_tag-mini-diktofons","12":"product_tag-slepenais-ierakstitajs","14":"first","15":"instock","16":"taxable","17":"shipping-taxable","18":"purchasable","19":"product-type-simple"},"yoast_head":"<!-- This site is optimized with the Yoast SEO plugin v27.5 - https:\/\/yoast.com\/product\/yoast-seo-wordpress\/ -->\n<title>Pildspalv\u0101 mask\u0113ta s\u0113rijas noklaus\u012b\u0161an\u0101s ier\u012bce ar 8GB lielu atmi\u0146u<\/title>\n<meta name=\"description\" content=\"Slepens diktofons, kas mask\u0113ts k\u0101 pildspalva. Stil\u012bga pildspalva neat\u0161\u0137iras no standarta pildspalvas. Audio ierakst\u012b\u0161ana, 8 gb atmi\u0146a. Bezmaksas pieg\u0101de\" \/>\n<meta name=\"robots\" content=\"index, follow, max-snippet:-1, max-image-preview:large, max-video-preview:-1\" \/>\n<link rel=\"canonical\" href=\"https:\/\/izsekosanasierices.lv\/et\/produkts\/pen-masket-pro-seeriaviisiline-pealtkuulamispliiats-8-gb-maluga\/\" \/>\n<meta property=\"og:locale\" content=\"et_EE\" \/>\n<meta property=\"og:type\" content=\"article\" \/>\n<meta property=\"og:title\" content=\"PRO lod\u012b\u0161u pildspalva ar slepenu ierakst\u012b\u0161anas 8gb gsarso atpaz\u012b\u0161anas funkciju\" \/>\n<meta property=\"og:description\" content=\"Slepens diktofons, kas mask\u0113ts k\u0101 pildspalva. Stil\u012bga pildspalva neat\u0161\u0137iras no standarta pildspalvas. Audio ierakst\u012b\u0161ana, 8 gb atmi\u0146a. Bezmaksas pieg\u0101de\" \/>\n<meta property=\"og:url\" content=\"https:\/\/izsekosanasierices.lv\/et\/produkts\/pen-masket-pro-seeriaviisiline-pealtkuulamispliiats-8-gb-maluga\/\" \/>\n<meta property=\"og:site_name\" content=\"Nr1 Izseko\u0161anas ier\u012bces gps izseko\u0161anas iek\u0101rtas, klaus\u012b\u0161an\u0101s iek\u0101rtas\" \/>\n<meta property=\"article:modified_time\" content=\"2025-12-04T04:18:47+00:00\" \/>\n<meta property=\"og:image\" content=\"https:\/\/rvnski.dev\/sekimoiranga\/wp-content\/uploads\/izsekosanasierices.webp\" \/>\n<meta name=\"twitter:card\" content=\"summary_large_image\" \/>\n<meta name=\"twitter:title\" content=\"PRO lod\u012b\u0161u pildspalva ar slepenu ierakst\u012b\u0161anas 8gb gsarso atpaz\u012b\u0161anas funkciju\" \/>\n<meta name=\"twitter:description\" content=\"Slepens diktofons, kas mask\u0113ts k\u0101 pildspalva. Stil\u012bga pildspalva neat\u0161\u0137iras no standarta pildspalvas. Audio ierakst\u012b\u0161ana, 8 gb atmi\u0146a. Bezmaksas pieg\u0101de\" \/>\n<meta name=\"twitter:label1\" content=\"Est. reading time\" \/>\n\t<meta name=\"twitter:data1\" content=\"4 minutit\" \/>\n<script type=\"application\/ld+json\" class=\"yoast-schema-graph\">{\"@context\":\"https:\\\/\\\/schema.org\",\"@graph\":[{\"@type\":\"WebPage\",\"@id\":\"https:\\\/\\\/izsekosanasierices.lv\\\/produkts\\\/pildspalva-masketa-pro-serijas-noklausisanas-ierice-ar-8-gb-lielu-atminu\\\/\",\"url\":\"https:\\\/\\\/izsekosanasierices.lv\\\/produkts\\\/pildspalva-masketa-pro-serijas-noklausisanas-ierice-ar-8-gb-lielu-atminu\\\/\",\"name\":\"Pildspalv\u0101 mask\u0113ta s\u0113rijas noklaus\u012b\u0161an\u0101s ier\u012bce ar 8GB lielu atmi\u0146u\",\"isPartOf\":{\"@id\":\"https:\\\/\\\/izsekosanasierices.lv\\\/#website\"},\"primaryImageOfPage\":{\"@id\":\"https:\\\/\\\/izsekosanasierices.lv\\\/produkts\\\/pildspalva-masketa-pro-serijas-noklausisanas-ierice-ar-8-gb-lielu-atminu\\\/#primaryimage\"},\"image\":{\"@id\":\"https:\\\/\\\/izsekosanasierices.lv\\\/produkts\\\/pildspalva-masketa-pro-serijas-noklausisanas-ierice-ar-8-gb-lielu-atminu\\\/#primaryimage\"},\"thumbnailUrl\":\"https:\\\/\\\/izsekosanasierices.lv\\\/wp-content\\\/uploads\\\/izsekosanasierices-pro-serijos-tusinukas-diktofonas-8gb-mazu-ismatavimu.jpg\",\"datePublished\":\"2023-10-05T15:37:25+00:00\",\"dateModified\":\"2025-12-04T04:18:47+00:00\",\"description\":\"Slepens diktofons, kas mask\u0113ts k\u0101 pildspalva. Stil\u012bga pildspalva neat\u0161\u0137iras no standarta pildspalvas. Audio ierakst\u012b\u0161ana, 8 gb atmi\u0146a. Bezmaksas pieg\u0101de\",\"breadcrumb\":{\"@id\":\"https:\\\/\\\/izsekosanasierices.lv\\\/produkts\\\/pildspalva-masketa-pro-serijas-noklausisanas-ierice-ar-8-gb-lielu-atminu\\\/#breadcrumb\"},\"inLanguage\":\"et\",\"potentialAction\":[{\"@type\":\"ReadAction\",\"target\":[\"https:\\\/\\\/izsekosanasierices.lv\\\/produkts\\\/pildspalva-masketa-pro-serijas-noklausisanas-ierice-ar-8-gb-lielu-atminu\\\/\"]}]},{\"@type\":\"ImageObject\",\"inLanguage\":\"et\",\"@id\":\"https:\\\/\\\/izsekosanasierices.lv\\\/produkts\\\/pildspalva-masketa-pro-serijas-noklausisanas-ierice-ar-8-gb-lielu-atminu\\\/#primaryimage\",\"url\":\"https:\\\/\\\/izsekosanasierices.lv\\\/wp-content\\\/uploads\\\/izsekosanasierices-pro-serijos-tusinukas-diktofonas-8gb-mazu-ismatavimu.jpg\",\"contentUrl\":\"https:\\\/\\\/izsekosanasierices.lv\\\/wp-content\\\/uploads\\\/izsekosanasierices-pro-serijos-tusinukas-diktofonas-8gb-mazu-ismatavimu.jpg\",\"width\":1000,\"height\":963,\"caption\":\"tu\u0161inukas slaptas diktofonas aktyvuojamas nuo garso\"},{\"@type\":\"BreadcrumbList\",\"@id\":\"https:\\\/\\\/izsekosanasierices.lv\\\/produkts\\\/pildspalva-masketa-pro-serijas-noklausisanas-ierice-ar-8-gb-lielu-atminu\\\/#breadcrumb\",\"itemListElement\":[{\"@type\":\"ListItem\",\"position\":1,\"name\":\"S\u0101kums\",\"item\":\"https:\\\/\\\/izsekosanasierices.lv\\\/\"},{\"@type\":\"ListItem\",\"position\":2,\"name\":\"Veikals\",\"item\":\"https:\\\/\\\/izsekosanasierices.lv\\\/veikals\\\/\"},{\"@type\":\"ListItem\",\"position\":3,\"name\":\"Pildspalv\u0101 mask\u0113ta PRO s\u0113rijas noklaus\u012b\u0161an\u0101s ier\u012bce ar 8 GB lielu atmi\u0146u\"}]},{\"@type\":\"WebSite\",\"@id\":\"https:\\\/\\\/izsekosanasierices.lv\\\/#website\",\"url\":\"https:\\\/\\\/izsekosanasierices.lv\\\/\",\"name\":\"Nr1 Izseko\u0161anas ier\u012bces gps izseko\u0161anas iek\u0101rtas, klaus\u012b\u0161an\u0101s iek\u0101rtas\",\"description\":\"\",\"potentialAction\":[{\"@type\":\"SearchAction\",\"target\":{\"@type\":\"EntryPoint\",\"urlTemplate\":\"https:\\\/\\\/izsekosanasierices.lv\\\/?s={search_term_string}\"},\"query-input\":{\"@type\":\"PropertyValueSpecification\",\"valueRequired\":true,\"valueName\":\"search_term_string\"}}],\"inLanguage\":\"et\"}]}<\/script>\n<!-- \/ Yoast SEO plugin. -->","yoast_head_json":{"title":"Pildspalv\u0101 mask\u0113ta s\u0113rijas noklaus\u012b\u0161an\u0101s ier\u012bce ar 8GB lielu atmi\u0146u","description":"Slepens diktofons, kas mask\u0113ts k\u0101 pildspalva. Stil\u012bga pildspalva neat\u0161\u0137iras no standarta pildspalvas. Audio ierakst\u012b\u0161ana, 8 gb atmi\u0146a. Bezmaksas pieg\u0101de","robots":{"index":"index","follow":"follow","max-snippet":"max-snippet:-1","max-image-preview":"max-image-preview:large","max-video-preview":"max-video-preview:-1"},"canonical":"https:\/\/izsekosanasierices.lv\/et\/produkts\/pen-masket-pro-seeriaviisiline-pealtkuulamispliiats-8-gb-maluga\/","og_locale":"et_EE","og_type":"article","og_title":"PRO lod\u012b\u0161u pildspalva ar slepenu ierakst\u012b\u0161anas 8gb gsarso atpaz\u012b\u0161anas funkciju","og_description":"Slepens diktofons, kas mask\u0113ts k\u0101 pildspalva. Stil\u012bga pildspalva neat\u0161\u0137iras no standarta pildspalvas. Audio ierakst\u012b\u0161ana, 8 gb atmi\u0146a. Bezmaksas pieg\u0101de","og_url":"https:\/\/izsekosanasierices.lv\/et\/produkts\/pen-masket-pro-seeriaviisiline-pealtkuulamispliiats-8-gb-maluga\/","og_site_name":"Nr1 Izseko\u0161anas ier\u012bces gps izseko\u0161anas iek\u0101rtas, klaus\u012b\u0161an\u0101s iek\u0101rtas","article_modified_time":"2025-12-04T04:18:47+00:00","og_image":[{"url":"https:\/\/rvnski.dev\/sekimoiranga\/wp-content\/uploads\/izsekosanasierices.webp","type":"","width":"","height":""}],"twitter_card":"summary_large_image","twitter_title":"PRO lod\u012b\u0161u pildspalva ar slepenu ierakst\u012b\u0161anas 8gb gsarso atpaz\u012b\u0161anas funkciju","twitter_description":"Slepens diktofons, kas mask\u0113ts k\u0101 pildspalva. Stil\u012bga pildspalva neat\u0161\u0137iras no standarta pildspalvas. Audio ierakst\u012b\u0161ana, 8 gb atmi\u0146a. Bezmaksas pieg\u0101de","twitter_misc":{"Est. reading time":"4 minutit"},"schema":{"@context":"https:\/\/schema.org","@graph":[{"@type":"WebPage","@id":"https:\/\/izsekosanasierices.lv\/produkts\/pildspalva-masketa-pro-serijas-noklausisanas-ierice-ar-8-gb-lielu-atminu\/","url":"https:\/\/izsekosanasierices.lv\/produkts\/pildspalva-masketa-pro-serijas-noklausisanas-ierice-ar-8-gb-lielu-atminu\/","name":"Pildspalv\u0101 mask\u0113ta s\u0113rijas noklaus\u012b\u0161an\u0101s ier\u012bce ar 8GB lielu atmi\u0146u","isPartOf":{"@id":"https:\/\/izsekosanasierices.lv\/#website"},"primaryImageOfPage":{"@id":"https:\/\/izsekosanasierices.lv\/produkts\/pildspalva-masketa-pro-serijas-noklausisanas-ierice-ar-8-gb-lielu-atminu\/#primaryimage"},"image":{"@id":"https:\/\/izsekosanasierices.lv\/produkts\/pildspalva-masketa-pro-serijas-noklausisanas-ierice-ar-8-gb-lielu-atminu\/#primaryimage"},"thumbnailUrl":"https:\/\/izsekosanasierices.lv\/wp-content\/uploads\/izsekosanasierices-pro-serijos-tusinukas-diktofonas-8gb-mazu-ismatavimu.jpg","datePublished":"2023-10-05T15:37:25+00:00","dateModified":"2025-12-04T04:18:47+00:00","description":"Slepens diktofons, kas mask\u0113ts k\u0101 pildspalva. Stil\u012bga pildspalva neat\u0161\u0137iras no standarta pildspalvas. Audio ierakst\u012b\u0161ana, 8 gb atmi\u0146a. Bezmaksas pieg\u0101de","breadcrumb":{"@id":"https:\/\/izsekosanasierices.lv\/produkts\/pildspalva-masketa-pro-serijas-noklausisanas-ierice-ar-8-gb-lielu-atminu\/#breadcrumb"},"inLanguage":"et","potentialAction":[{"@type":"ReadAction","target":["https:\/\/izsekosanasierices.lv\/produkts\/pildspalva-masketa-pro-serijas-noklausisanas-ierice-ar-8-gb-lielu-atminu\/"]}]},{"@type":"ImageObject","inLanguage":"et","@id":"https:\/\/izsekosanasierices.lv\/produkts\/pildspalva-masketa-pro-serijas-noklausisanas-ierice-ar-8-gb-lielu-atminu\/#primaryimage","url":"https:\/\/izsekosanasierices.lv\/wp-content\/uploads\/izsekosanasierices-pro-serijos-tusinukas-diktofonas-8gb-mazu-ismatavimu.jpg","contentUrl":"https:\/\/izsekosanasierices.lv\/wp-content\/uploads\/izsekosanasierices-pro-serijos-tusinukas-diktofonas-8gb-mazu-ismatavimu.jpg","width":1000,"height":963,"caption":"tu\u0161inukas slaptas diktofonas aktyvuojamas nuo garso"},{"@type":"BreadcrumbList","@id":"https:\/\/izsekosanasierices.lv\/produkts\/pildspalva-masketa-pro-serijas-noklausisanas-ierice-ar-8-gb-lielu-atminu\/#breadcrumb","itemListElement":[{"@type":"ListItem","position":1,"name":"S\u0101kums","item":"https:\/\/izsekosanasierices.lv\/"},{"@type":"ListItem","position":2,"name":"Veikals","item":"https:\/\/izsekosanasierices.lv\/veikals\/"},{"@type":"ListItem","position":3,"name":"Pildspalv\u0101 mask\u0113ta PRO s\u0113rijas noklaus\u012b\u0161an\u0101s ier\u012bce ar 8 GB lielu atmi\u0146u"}]},{"@type":"WebSite","@id":"https:\/\/izsekosanasierices.lv\/#website","url":"https:\/\/izsekosanasierices.lv\/","name":"Nr1 Izseko\u0161anas ier\u012bces gps izseko\u0161anas iek\u0101rtas, klaus\u012b\u0161an\u0101s iek\u0101rtas","description":"","potentialAction":[{"@type":"SearchAction","target":{"@type":"EntryPoint","urlTemplate":"https:\/\/izsekosanasierices.lv\/?s={search_term_string}"},"query-input":{"@type":"PropertyValueSpecification","valueRequired":true,"valueName":"search_term_string"}}],"inLanguage":"et"}]}},"_links":{"self":[{"href":"https:\/\/izsekosanasierices.lv\/et\/wp-json\/wp\/v2\/product\/1282","targetHints":{"allow":["GET"]}}],"collection":[{"href":"https:\/\/izsekosanasierices.lv\/et\/wp-json\/wp\/v2\/product"}],"about":[{"href":"https:\/\/izsekosanasierices.lv\/et\/wp-json\/wp\/v2\/types\/product"}],"wp:featuredmedia":[{"embeddable":true,"href":"https:\/\/izsekosanasierices.lv\/et\/wp-json\/wp\/v2\/media\/1738"}],"wp:attachment":[{"href":"https:\/\/izsekosanasierices.lv\/et\/wp-json\/wp\/v2\/media?parent=1282"}],"wp:term":[{"taxonomy":"product_brand","embeddable":true,"href":"https:\/\/izsekosanasierices.lv\/et\/wp-json\/wp\/v2\/product_brand?post=1282"},{"taxonomy":"product_cat","embeddable":true,"href":"https:\/\/izsekosanasierices.lv\/et\/wp-json\/wp\/v2\/product_cat?post=1282"},{"taxonomy":"product_tag","embeddable":true,"href":"https:\/\/izsekosanasierices.lv\/et\/wp-json\/wp\/v2\/product_tag?post=1282"}],"curies":[{"name":"wp","href":"https:\/\/api.w.org\/{rel}","templated":true}]}}