{"id":1284,"date":"2023-10-05T15:37:25","date_gmt":"2023-10-05T15:37:25","guid":{"rendered":"https:\/\/izsekosanasierices.lv\/produktas\/telefono-pakrovejas-su-gps-ir-pasiklausymo-funkcija\/"},"modified":"2025-12-29T15:19:41","modified_gmt":"2025-12-29T13:19:41","slug":"talruna-ladetajs-ar-gps-izsekosanas-un-noklausisanas-funkciju","status":"publish","type":"product","link":"https:\/\/izsekosanasierices.lv\/et\/produkts\/talruna-ladetaj-koos-gps-jalgimise-ja-kuulamise-funktsiooniga\/","title":{"rendered":"T\u0101lru\u0146a l\u0101d\u0113t\u0101js ar GPS izseko\u0161anas"},"content":{"rendered":"<h3><strong>Tehnilised parameetrid:<\/strong><\/h3>\n<ul>\n<li>\u00dchenduvus: GPS \/ GSM \/ GPRS<\/li>\n<li>USB: 2 USB-liitmikku<\/li>\n<li>Ei tekita mingit heli<\/li>\n<li>V\u00e4rv: must\/valge<\/li>\n<li>GPS-moodul: 10 m t\u00e4psus<\/li>\n<li>GSM-sagedused: 850 \/ 900 \/ 1800 \/ 1900 MHz<\/li>\n<li>Laadimine: 3,7 V \/ USB<\/li>\n<li>Patarei: sisemine aku (umbes 2-3 tundi, kui see on lahti \u00fchendatud).<\/li>\n<li>T\u00f6\u00f6temperatuur: -20 kuni +55 kraadi<\/li>\n<li>Kaal: 30 g<\/li>\n<li>Sisaldab: GPS-seiret ja kasutusjuhendit<\/li>\n<li><strong>Garantii 12 kuud<\/strong><\/li>\n<\/ul>\n<p><strong>Vajad kiiret sama p\u00e4eva (ja n\u00e4dalavahetuse) kohaletoimetamist? Helistage +37<\/strong><strong>120484176<\/strong><\/p>\n<h3>Kasutamine: teie auto ja asjade ohutuse tagamiseks.<\/h3>\n<p><strong>Autosisene mobiiltelefonilaadija, millel on sisseehitatud GPS asukoha m\u00e4\u00e4ramine ja pealtkuulamine (vargusevastane).<\/strong><\/p>\n<p>Elus on olukordi, kus on vaja olla t\u00e4helepanelik ja teada oma auto asukohta: kuigi kaubanduses on saadaval erinevaid seadmeid, mis v\u00f5imaldavad m\u00e4rkamatult heli ja videot salvestada, on m\u00f5nikord kasulikum kuulata vestlusi reaalajas, et aidata teil oma autot \u00fcles leida. GPS-positsioneerimise ja autos viibivate inimeste vestluste pealtkuulamise v\u00f5imalusega autosisene mobiiltelefonilaadija v\u00f5ib olla kasulik lahendus, kui soovite oma autot turvaliselt hoida.<\/p>\n<p>Seda asukohatuvastusega mobiiltelefoni laadijat saab kasutada paljudes olukordades: kui t\u00f6\u00f6tajad kasutavad teie autot ettev\u00f5tte t\u00f6\u00f6\u00fclesannete t\u00e4itmiseks, kui lasete oma lastel v\u00f5i abikaasal kasutada oma s\u00f5idukit jne. See on ideaalne ka siis, kui soovite oma auto asukohta kiiremini teada saada ja teada saada, kes seda parajasti kasutab. Selle seadme rakendused on t\u00f5esti laiad, nii et see vastab kindlasti teie vajadustele.<\/p>\n<p><strong>Auto liikumise j\u00e4lgimine<\/strong><\/p>\n<p>GPS-positsioneerimine v\u00f5imaldab j\u00e4lgida, kus autoga s\u00f5idetakse, ja kuulata, mis autos toimub. See teave v\u00f5ib olla oluline ka siis, kui soovite end kaitsta v\u00f5imalike \u00f5nnetuste eest (n\u00e4iteks kui te ei ole kindel, kus on teie alaealised lapsed).<\/p>\n<p><strong>T\u00f5hus s\u00f5idukiotsing<\/strong><\/p>\n<p>On palju olukordi, kus soovite teada oma auto asukohta. Enamik meist on harjunud suhtlema telefoni teel, kuid m\u00f5nikord juhtub, et t\u00f6\u00f6taja v\u00f5i laps on j\u00e4tnud oma telefoni koju v\u00f5i kontorisse. Kui soovite teada, kus teie s\u00f5iduk on, v\u00f5ite kasutada asukohafunktsiooni ja saate vajaliku teabe kiiresti teada. M\u00f5nel juhul v\u00f5ib s\u00f5iduki asukoha j\u00e4lgimine olla kasulik ka varguse korral - saate kiiresti teada oma auto t\u00e4pse asukoha, mis aitab teil v\u00f5imalikke vargaid \u00fcles leida.<\/p>\n<p><strong>H\u00e4sti maskeeritud seade<\/strong><\/p>\n<p>Autotelefoni laadija ei tekita kahtlusi: see on t\u00e4pselt sama v\u00e4limusega kui seadmed, mida kasutate iga p\u00e4ev. Kui j\u00e4tate oma seadme autosse, v\u00f5ite olla kindel, et keegi ei saa teie telefonile helistada (liin on alati h\u00f5ivatud). Enne seadme kasutamist antakse teile oma telefoninumber, nii et kui te helistate, saate kuulata, mis autos toimub.<\/p>\n<p><strong>Lihtne kasutada<\/strong><\/p>\n<p>Seadet on v\u00e4ga lihtne kasutada: piisab SIM-kaardi sisestamisest ja seade on kohe kasutusvalmis. Lisades seadmesse oma telefoninumbri, saate tagada, et ainult teie saate autos peetavaid vestlusi kuulata ja j\u00e4lgida s\u00f5iduki liikumist. Seadme seadistamine ei v\u00f5ta rohkem kui paar minutit, nii et olete kiiresti k\u00e4ivitatud ja saate vajaliku teabe k\u00e4tte. Kui m\u00f5tlete, kas see seade on investeeringut v\u00e4\u00e4rt: n\u00fc\u00fcd saate seda osta t\u00f5eliselt hea hinnaga ja s\u00e4\u00e4sta raha. \u00c4ra k\u00f5hkle ja kasuta seda suurep\u00e4rast pakkumist kohe!<\/p>","protected":false},"excerpt":{"rendered":"<p>Telefoni laadijal on sisseehitatud GPS-positsioneerimisseade. Sellel GPS-j\u00e4lgimisseadmel on funktsioon, mis v\u00f5imaldab teil kuulata autos toimuvaid vestlusi. Kasutage SIM-kaardiga.<\/p>","protected":false},"featured_media":1747,"template":"","meta":[],"product_brand":[],"product_cat":[357,336,335],"product_tag":[370,422,423,371,372,332,338],"class_list":{"0":"post-1284","1":"product","2":"type-product","3":"status-publish","4":"has-post-thumbnail","6":"product_cat-gps-izsekosanas-ierice","7":"product_cat-gsm-noklausisanas-iekartas-blakes","8":"product_cat-noklausisanas-ierices","9":"product_tag-automasinas-gps-izsekotajs","10":"product_tag-gps-blusa","11":"product_tag-gps-izsekosana","12":"product_tag-gps-izsekosanas-iekartas","13":"product_tag-gps-izsekotajs","14":"product_tag-izsekosanas-iekartas","15":"product_tag-noklausisanas-iekartas","17":"first","18":"instock","19":"taxable","20":"shipping-taxable","21":"purchasable","22":"product-type-simple"},"yoast_head":"<!-- This site is optimized with the Yoast SEO plugin v27.3 - https:\/\/yoast.com\/product\/yoast-seo-wordpress\/ -->\n<title>T\u0101lru\u0146a l\u0101d\u0113t\u0101js ar GPS izseko\u0161anas un noklaus\u012b\u0161an\u0101s funkciju<\/title>\n<meta name=\"description\" content=\"T\u0101lru\u0146a l\u0101d\u0113t\u0101j\u0101 ieb\u016bv\u0113ta GPS izseko\u0161anas ier\u012bce. \u0160im GPS izsekot\u0101jam ir funkcija, kas \u013cauj noklaus\u012bties sarunas automa\u0161\u012bn\u0101. Lieto\u0161ana ar SIM karti.\" \/>\n<meta name=\"robots\" content=\"index, follow, max-snippet:-1, max-image-preview:large, max-video-preview:-1\" \/>\n<link rel=\"canonical\" href=\"https:\/\/izsekosanasierices.lv\/et\/produkts\/talruna-ladetaj-koos-gps-jalgimise-ja-kuulamise-funktsiooniga\/\" \/>\n<meta property=\"og:locale\" content=\"et_EE\" \/>\n<meta property=\"og:type\" content=\"article\" \/>\n<meta property=\"og:title\" content=\"T\u0101lru\u0146a l\u0101d\u0113t\u0101js ar GPS atra\u0161an\u0101s vietas noteik\u0161anas un noklaus\u012b\u0161an\u0101s funkciju\" \/>\n<meta property=\"og:description\" content=\"T\u0101lru\u0146a l\u0101d\u0113t\u0101j\u0101 ieb\u016bv\u0113ts Gps izsekot\u0101js. \u0160im GPS izsekot\u0101jam ir klaus\u012b\u0161an\u0101s funkcija, t\u0101p\u0113c varat noklaus\u012bties sarunas automa\u0161\u012bn\u0101. Lieto\u0161anai ar sim\" \/>\n<meta property=\"og:url\" content=\"https:\/\/izsekosanasierices.lv\/et\/produkts\/talruna-ladetaj-koos-gps-jalgimise-ja-kuulamise-funktsiooniga\/\" \/>\n<meta property=\"og:site_name\" content=\"Nr1 Izseko\u0161anas ier\u012bces gps izseko\u0161anas iek\u0101rtas, klaus\u012b\u0161an\u0101s iek\u0101rtas\" \/>\n<meta property=\"article:modified_time\" content=\"2025-12-29T13:19:41+00:00\" \/>\n<meta property=\"og:image\" content=\"https:\/\/rvnski.dev\/sekimoiranga\/wp-content\/uploads\/izsekosanasierices.webp\" \/>\n<meta name=\"twitter:card\" content=\"summary_large_image\" \/>\n<meta name=\"twitter:title\" content=\"T\u0101lru\u0146a l\u0101d\u0113t\u0101js ar GPS atra\u0161an\u0101s vietas noteik\u0161anas un noklaus\u012b\u0161an\u0101s funkciju\" \/>\n<meta name=\"twitter:description\" content=\"T\u0101lru\u0146a l\u0101d\u0113t\u0101j\u0101 ieb\u016bv\u0113ts Gps izsekot\u0101js. \u0160im GPS izsekot\u0101jam ir klaus\u012b\u0161an\u0101s funkcija, t\u0101p\u0113c varat noklaus\u012bties sarunas automa\u0161\u012bn\u0101. Lieto\u0161anai ar sim\" \/>\n<meta name=\"twitter:label1\" content=\"Est. reading time\" \/>\n\t<meta name=\"twitter:data1\" content=\"3 minutit\" \/>\n<script type=\"application\/ld+json\" class=\"yoast-schema-graph\">{\"@context\":\"https:\\\/\\\/schema.org\",\"@graph\":[{\"@type\":\"WebPage\",\"@id\":\"https:\\\/\\\/izsekosanasierices.lv\\\/produkts\\\/talruna-ladetajs-ar-gps-izsekosanas-un-noklausisanas-funkciju\\\/\",\"url\":\"https:\\\/\\\/izsekosanasierices.lv\\\/produkts\\\/talruna-ladetajs-ar-gps-izsekosanas-un-noklausisanas-funkciju\\\/\",\"name\":\"T\u0101lru\u0146a l\u0101d\u0113t\u0101js ar GPS izseko\u0161anas un noklaus\u012b\u0161an\u0101s funkciju\",\"isPartOf\":{\"@id\":\"https:\\\/\\\/izsekosanasierices.lv\\\/#website\"},\"primaryImageOfPage\":{\"@id\":\"https:\\\/\\\/izsekosanasierices.lv\\\/produkts\\\/talruna-ladetajs-ar-gps-izsekosanas-un-noklausisanas-funkciju\\\/#primaryimage\"},\"image\":{\"@id\":\"https:\\\/\\\/izsekosanasierices.lv\\\/produkts\\\/talruna-ladetajs-ar-gps-izsekosanas-un-noklausisanas-funkciju\\\/#primaryimage\"},\"thumbnailUrl\":\"https:\\\/\\\/izsekosanasierices.lv\\\/wp-content\\\/uploads\\\/izsekosanasierices-telefono-pakrovejas-su-gps-ir-pasiklausymo-funkcija.jpg\",\"datePublished\":\"2023-10-05T15:37:25+00:00\",\"dateModified\":\"2025-12-29T13:19:41+00:00\",\"description\":\"T\u0101lru\u0146a l\u0101d\u0113t\u0101j\u0101 ieb\u016bv\u0113ta GPS izseko\u0161anas ier\u012bce. \u0160im GPS izsekot\u0101jam ir funkcija, kas \u013cauj noklaus\u012bties sarunas automa\u0161\u012bn\u0101. Lieto\u0161ana ar SIM karti.\",\"breadcrumb\":{\"@id\":\"https:\\\/\\\/izsekosanasierices.lv\\\/produkts\\\/talruna-ladetajs-ar-gps-izsekosanas-un-noklausisanas-funkciju\\\/#breadcrumb\"},\"inLanguage\":\"et\",\"potentialAction\":[{\"@type\":\"ReadAction\",\"target\":[\"https:\\\/\\\/izsekosanasierices.lv\\\/produkts\\\/talruna-ladetajs-ar-gps-izsekosanas-un-noklausisanas-funkciju\\\/\"]}]},{\"@type\":\"ImageObject\",\"inLanguage\":\"et\",\"@id\":\"https:\\\/\\\/izsekosanasierices.lv\\\/produkts\\\/talruna-ladetajs-ar-gps-izsekosanas-un-noklausisanas-funkciju\\\/#primaryimage\",\"url\":\"https:\\\/\\\/izsekosanasierices.lv\\\/wp-content\\\/uploads\\\/izsekosanasierices-telefono-pakrovejas-su-gps-ir-pasiklausymo-funkcija.jpg\",\"contentUrl\":\"https:\\\/\\\/izsekosanasierices.lv\\\/wp-content\\\/uploads\\\/izsekosanasierices-telefono-pakrovejas-su-gps-ir-pasiklausymo-funkcija.jpg\",\"width\":466,\"height\":461,\"caption\":\"Pakrov\u0117jas su gps imtuvu ir pasiklausymo funkcija\"},{\"@type\":\"BreadcrumbList\",\"@id\":\"https:\\\/\\\/izsekosanasierices.lv\\\/produkts\\\/talruna-ladetajs-ar-gps-izsekosanas-un-noklausisanas-funkciju\\\/#breadcrumb\",\"itemListElement\":[{\"@type\":\"ListItem\",\"position\":1,\"name\":\"S\u0101kums\",\"item\":\"https:\\\/\\\/izsekosanasierices.lv\\\/\"},{\"@type\":\"ListItem\",\"position\":2,\"name\":\"Veikals\",\"item\":\"https:\\\/\\\/izsekosanasierices.lv\\\/veikals\\\/\"},{\"@type\":\"ListItem\",\"position\":3,\"name\":\"T\u0101lru\u0146a l\u0101d\u0113t\u0101js ar GPS izseko\u0161anas\"}]},{\"@type\":\"WebSite\",\"@id\":\"https:\\\/\\\/izsekosanasierices.lv\\\/#website\",\"url\":\"https:\\\/\\\/izsekosanasierices.lv\\\/\",\"name\":\"Nr1 Izseko\u0161anas ier\u012bces gps izseko\u0161anas iek\u0101rtas, klaus\u012b\u0161an\u0101s iek\u0101rtas\",\"description\":\"\",\"potentialAction\":[{\"@type\":\"SearchAction\",\"target\":{\"@type\":\"EntryPoint\",\"urlTemplate\":\"https:\\\/\\\/izsekosanasierices.lv\\\/?s={search_term_string}\"},\"query-input\":{\"@type\":\"PropertyValueSpecification\",\"valueRequired\":true,\"valueName\":\"search_term_string\"}}],\"inLanguage\":\"et\"}]}<\/script>\n<!-- \/ Yoast SEO plugin. -->","yoast_head_json":{"title":"T\u0101lru\u0146a l\u0101d\u0113t\u0101js ar GPS izseko\u0161anas un noklaus\u012b\u0161an\u0101s funkciju","description":"T\u0101lru\u0146a l\u0101d\u0113t\u0101j\u0101 ieb\u016bv\u0113ta GPS izseko\u0161anas ier\u012bce. \u0160im GPS izsekot\u0101jam ir funkcija, kas \u013cauj noklaus\u012bties sarunas automa\u0161\u012bn\u0101. Lieto\u0161ana ar SIM karti.","robots":{"index":"index","follow":"follow","max-snippet":"max-snippet:-1","max-image-preview":"max-image-preview:large","max-video-preview":"max-video-preview:-1"},"canonical":"https:\/\/izsekosanasierices.lv\/et\/produkts\/talruna-ladetaj-koos-gps-jalgimise-ja-kuulamise-funktsiooniga\/","og_locale":"et_EE","og_type":"article","og_title":"T\u0101lru\u0146a l\u0101d\u0113t\u0101js ar GPS atra\u0161an\u0101s vietas noteik\u0161anas un noklaus\u012b\u0161an\u0101s funkciju","og_description":"T\u0101lru\u0146a l\u0101d\u0113t\u0101j\u0101 ieb\u016bv\u0113ts Gps izsekot\u0101js. \u0160im GPS izsekot\u0101jam ir klaus\u012b\u0161an\u0101s funkcija, t\u0101p\u0113c varat noklaus\u012bties sarunas automa\u0161\u012bn\u0101. Lieto\u0161anai ar sim","og_url":"https:\/\/izsekosanasierices.lv\/et\/produkts\/talruna-ladetaj-koos-gps-jalgimise-ja-kuulamise-funktsiooniga\/","og_site_name":"Nr1 Izseko\u0161anas ier\u012bces gps izseko\u0161anas iek\u0101rtas, klaus\u012b\u0161an\u0101s iek\u0101rtas","article_modified_time":"2025-12-29T13:19:41+00:00","og_image":[{"url":"https:\/\/rvnski.dev\/sekimoiranga\/wp-content\/uploads\/izsekosanasierices.webp","type":"","width":"","height":""}],"twitter_card":"summary_large_image","twitter_title":"T\u0101lru\u0146a l\u0101d\u0113t\u0101js ar GPS atra\u0161an\u0101s vietas noteik\u0161anas un noklaus\u012b\u0161an\u0101s funkciju","twitter_description":"T\u0101lru\u0146a l\u0101d\u0113t\u0101j\u0101 ieb\u016bv\u0113ts Gps izsekot\u0101js. \u0160im GPS izsekot\u0101jam ir klaus\u012b\u0161an\u0101s funkcija, t\u0101p\u0113c varat noklaus\u012bties sarunas automa\u0161\u012bn\u0101. Lieto\u0161anai ar sim","twitter_misc":{"Est. reading time":"3 minutit"},"schema":{"@context":"https:\/\/schema.org","@graph":[{"@type":"WebPage","@id":"https:\/\/izsekosanasierices.lv\/produkts\/talruna-ladetajs-ar-gps-izsekosanas-un-noklausisanas-funkciju\/","url":"https:\/\/izsekosanasierices.lv\/produkts\/talruna-ladetajs-ar-gps-izsekosanas-un-noklausisanas-funkciju\/","name":"T\u0101lru\u0146a l\u0101d\u0113t\u0101js ar GPS izseko\u0161anas un noklaus\u012b\u0161an\u0101s funkciju","isPartOf":{"@id":"https:\/\/izsekosanasierices.lv\/#website"},"primaryImageOfPage":{"@id":"https:\/\/izsekosanasierices.lv\/produkts\/talruna-ladetajs-ar-gps-izsekosanas-un-noklausisanas-funkciju\/#primaryimage"},"image":{"@id":"https:\/\/izsekosanasierices.lv\/produkts\/talruna-ladetajs-ar-gps-izsekosanas-un-noklausisanas-funkciju\/#primaryimage"},"thumbnailUrl":"https:\/\/izsekosanasierices.lv\/wp-content\/uploads\/izsekosanasierices-telefono-pakrovejas-su-gps-ir-pasiklausymo-funkcija.jpg","datePublished":"2023-10-05T15:37:25+00:00","dateModified":"2025-12-29T13:19:41+00:00","description":"T\u0101lru\u0146a l\u0101d\u0113t\u0101j\u0101 ieb\u016bv\u0113ta GPS izseko\u0161anas ier\u012bce. \u0160im GPS izsekot\u0101jam ir funkcija, kas \u013cauj noklaus\u012bties sarunas automa\u0161\u012bn\u0101. Lieto\u0161ana ar SIM karti.","breadcrumb":{"@id":"https:\/\/izsekosanasierices.lv\/produkts\/talruna-ladetajs-ar-gps-izsekosanas-un-noklausisanas-funkciju\/#breadcrumb"},"inLanguage":"et","potentialAction":[{"@type":"ReadAction","target":["https:\/\/izsekosanasierices.lv\/produkts\/talruna-ladetajs-ar-gps-izsekosanas-un-noklausisanas-funkciju\/"]}]},{"@type":"ImageObject","inLanguage":"et","@id":"https:\/\/izsekosanasierices.lv\/produkts\/talruna-ladetajs-ar-gps-izsekosanas-un-noklausisanas-funkciju\/#primaryimage","url":"https:\/\/izsekosanasierices.lv\/wp-content\/uploads\/izsekosanasierices-telefono-pakrovejas-su-gps-ir-pasiklausymo-funkcija.jpg","contentUrl":"https:\/\/izsekosanasierices.lv\/wp-content\/uploads\/izsekosanasierices-telefono-pakrovejas-su-gps-ir-pasiklausymo-funkcija.jpg","width":466,"height":461,"caption":"Pakrov\u0117jas su gps imtuvu ir pasiklausymo funkcija"},{"@type":"BreadcrumbList","@id":"https:\/\/izsekosanasierices.lv\/produkts\/talruna-ladetajs-ar-gps-izsekosanas-un-noklausisanas-funkciju\/#breadcrumb","itemListElement":[{"@type":"ListItem","position":1,"name":"S\u0101kums","item":"https:\/\/izsekosanasierices.lv\/"},{"@type":"ListItem","position":2,"name":"Veikals","item":"https:\/\/izsekosanasierices.lv\/veikals\/"},{"@type":"ListItem","position":3,"name":"T\u0101lru\u0146a l\u0101d\u0113t\u0101js ar GPS izseko\u0161anas"}]},{"@type":"WebSite","@id":"https:\/\/izsekosanasierices.lv\/#website","url":"https:\/\/izsekosanasierices.lv\/","name":"Nr1 Izseko\u0161anas ier\u012bces gps izseko\u0161anas iek\u0101rtas, klaus\u012b\u0161an\u0101s iek\u0101rtas","description":"","potentialAction":[{"@type":"SearchAction","target":{"@type":"EntryPoint","urlTemplate":"https:\/\/izsekosanasierices.lv\/?s={search_term_string}"},"query-input":{"@type":"PropertyValueSpecification","valueRequired":true,"valueName":"search_term_string"}}],"inLanguage":"et"}]}},"_links":{"self":[{"href":"https:\/\/izsekosanasierices.lv\/et\/wp-json\/wp\/v2\/product\/1284","targetHints":{"allow":["GET"]}}],"collection":[{"href":"https:\/\/izsekosanasierices.lv\/et\/wp-json\/wp\/v2\/product"}],"about":[{"href":"https:\/\/izsekosanasierices.lv\/et\/wp-json\/wp\/v2\/types\/product"}],"wp:featuredmedia":[{"embeddable":true,"href":"https:\/\/izsekosanasierices.lv\/et\/wp-json\/wp\/v2\/media\/1747"}],"wp:attachment":[{"href":"https:\/\/izsekosanasierices.lv\/et\/wp-json\/wp\/v2\/media?parent=1284"}],"wp:term":[{"taxonomy":"product_brand","embeddable":true,"href":"https:\/\/izsekosanasierices.lv\/et\/wp-json\/wp\/v2\/product_brand?post=1284"},{"taxonomy":"product_cat","embeddable":true,"href":"https:\/\/izsekosanasierices.lv\/et\/wp-json\/wp\/v2\/product_cat?post=1284"},{"taxonomy":"product_tag","embeddable":true,"href":"https:\/\/izsekosanasierices.lv\/et\/wp-json\/wp\/v2\/product_tag?post=1284"}],"curies":[{"name":"wp","href":"https:\/\/api.w.org\/{rel}","templated":true}]}}