{"id":1285,"date":"2023-10-05T15:37:25","date_gmt":"2023-10-05T15:37:25","guid":{"rendered":"https:\/\/izsekosanasierices.lv\/produktas\/mini-gps-seklys-maziausias-rinkoje-pokalbiu-pasiklausymas\/"},"modified":"2026-04-28T23:16:12","modified_gmt":"2026-04-28T20:16:12","slug":"mini-gps-izsekosanas-ierice-mazaka-tirgu-ar-noklausisanas-funkciju","status":"publish","type":"product","link":"https:\/\/izsekosanasierices.lv\/et\/produkts\/mini-gps-jalgimisseade-vaikeste-turgude-jaoks-koos-kuulamisfunktsiooniga\/","title":{"rendered":"Mini GPS-j\u00e4lgimisseade - v\u00e4ikseim turul - pealtkuulamisfunktsiooniga"},"content":{"rendered":"<p><strong>Tehnilised parameetrid:<\/strong><\/p>\n<ul>\n<li>T\u00f6\u00f6temperatuur: -30 C - +65 C<\/li>\n<li>Euroopa server (kvaliteetne, mitte Hiina)<\/li>\n<li>GPS-moodul: U-blox\u00a0<a href=\"https:\/\/www.u-blox.com\/en\/positioning-chips-and-modules\">https:\/\/www.u-blox.com\/en\/positioning-chips-and-modules<\/a><\/li>\n<li>GSM\/GPRS-moodul:<\/li>\n<li>Aku: liitium-ioon (3,7 V 1500 mAh)<\/li>\n<li>Pealtkuulamisfunktsioon (v\u00f5ime kuulata otse\u00fclekandeid)<\/li>\n<li>T\u00f6\u00f6aeg: kuni 14 p\u00e4eva (GSM-une re\u017eiim), teised \u00fctlevad 90 p\u00e4eva. See ei ole v\u00f5imalik, helistage meile ja me \u00fctleme teile.<\/li>\n<li>Tundlikkus: -159 dBm<\/li>\n<li>Koordinaatide viga: mitte rohkem kui 5 meetrit<\/li>\n<li>M\u00f5\u00f5tmed: 28 mm x 20 mm x 48 mm<\/li>\n<li>Kaal: 56 g<\/li>\n<li>Tasuta veebip\u00f5hine seire<\/li>\n<li>Tasuta j\u00e4lgimisrakendus (mobiilirakendus)<\/li>\n<li>Kiirushoiatus: jah<\/li>\n<li>Liikumisandur: jah<\/li>\n<li>Vibratsiooniandur: jah<\/li>\n<li>S\u00fcgav uni: jah<\/li>\n<li>SOS-nupp: ei ole<\/li>\n<li>Pealtkuulamine: jah<\/li>\n<li>GSM pealtkuulamisfunktsioon: jah<\/li>\n<\/ul>\n<p>&nbsp;<\/p>\n<p><strong>Sisaldab:<\/strong><\/p>\n<ul>\n<li>GPS-j\u00e4lgimisseade;<\/li>\n<li>USB-kaabel;<\/li>\n<li>juhised ;<\/li>\n<li>Logi sisse oma profiili (kasutajanimi + parool)<\/li>\n<li>Garantii 12 kuud.<\/li>\n<\/ul>\n<p><strong>\u00a0<\/strong><\/p>\n<p><strong>Vajad kiiret sama p\u00e4eva (ja n\u00e4dalavahetuse) kohaletoimetamist? Helistage +37<\/strong><strong>120484176<\/strong><strong>!<\/strong><\/p>\n<h3>Kasutamine: teie auto ja asjade ohutuse tagamiseks.<\/h3>\n<p><strong>V\u00e4ike GPS j\u00e4lgimisseade koos pealtkuulamisfunktsiooniga<\/strong><\/p>\n<p>GPS-seireseadmed v\u00f5ivad olla kasulikud mitmesugustes olukordades: Alzheimeri t\u00f5ve ja muude haigustega eakate inimeste kaitsmiseks, alaealiste laste kaitsmiseks, auto asukoha j\u00e4lgimiseks jne. Nende seadmete rakendused on t\u00f5esti v\u00e4ga-v\u00e4ga laiad, nii et on m\u00f5istlik, et iga\u00fchel meist on \u00fcks. Eelk\u00f5ige v\u00f5ib v\u00e4ike GPS-j\u00e4lgimisseadme kuulamisfunktsiooniga seade aidata v\u00e4ltida v\u00f5imalikke \u00f5nnetusi ja saada vajalikku teavet, nii et tasub kaaluda selle ostmist.<\/p>\n<p><strong>Kuulata, mis toimub sinu \u00fcmber<\/strong><\/p>\n<p>\u00dcksk\u00f5ik, milleks te otsustate oma GPS-j\u00e4lgijat kasutada, ei saa te mitte ainult oma j\u00e4lgimisseadme asukohta teada, vaid saate ka kuulata, mis teie \u00fcmber toimub. Heliinfo v\u00f5ib olla kasulik mitmetes tavalistes olukordades: veenduda, et teatud isikud k\u00e4ituvad ausalt jne. GPS-j\u00e4lgimisseade aitab alati kaitsta oma vara.<\/p>\n<p><strong>\u00dclimalt v\u00e4ike mini GPS-j\u00e4lgimisseade<\/strong><\/p>\n<p>GPS-j\u00e4lgimisseadme v\u00e4ike suurus v\u00f5imaldab seda h\u00f5lpsamini varjata, mis muudab selle kasutamise palju lihtsamaks. Seda GPS-j\u00e4lgijat saab peita autosse, varguse v\u00e4ltimiseks kinnitada teatud t\u00f6\u00f6vahendite k\u00fclge, paigaldada v\u00e4lisk\u00fctteseadmesse nagu Oras Water jne. Kui otsustate j\u00e4lgida oma s\u00f5iduki liikumisteed, saate hiljem vaadata selle marsruudi ajalugu: see v\u00f5ib olla kasulik, kui soovite teada, kus teie t\u00f6\u00f6auto on k\u00e4inud. Alati on oluline tagada, et t\u00f6\u00f6tajad ei rikuks liiklusreegleid, seega saab see GPS-seireseadme abil saata ka kiiruse\u00fcletamise teateid. Seda saab integreerida t\u00f6\u00f6riistadesse, motorolleritesse jne.<\/p>\n<p><strong>Varguskaitse<\/strong><\/p>\n<p>Kui soovite oma vara kaitsta, v\u00f5ib olla v\u00e4ga kasulik pealtkuulamisfunktsiooniga GPS-seireseadme kasutamine. Seadet ei ole liiga raske peita ja te saate varguse korral j\u00e4lgida, kus teie asjad on. See v\u00f5ib muuta varaste j\u00e4litamise palju lihtsamaks, seega v\u00f5ib GPS-j\u00e4lgimisseade olla ka turvavahendiks.<\/p>\n<p><strong>Laste ja eakate eest hoolitsemine<\/strong><\/p>\n<p>Vanemate jaoks on oluline teada, kus nende alaealised lapsed igal ajal viibivad, ja GPS-seireseadme abil saab seda teavet. Kui laps eksib, on tal palju lihtsam koju tagasi tulla (see v\u00f5ib olla oluline ka dementsete eakate inimeste kaitseks). GPS-j\u00e4lgimisseade aitab kohe: see n\u00e4itab inimeste asukohta v\u00e4ga kiiresti ja t\u00e4pselt.<\/p>\n<p><strong>Loomade leidmine<\/strong><\/p>\n<p>GPS-j\u00e4lgimisseadmeid saab kasutada mitte ainult esemete v\u00f5i inimeste, vaid ka loomade asukoha m\u00e4\u00e4ramiseks. Kui soovite veenduda, et teie lemmikloom on t\u00f5esti turvaliselt, v\u00f5ite sisestada looma kaelarihma v\u00e4ikese GPS-j\u00e4lgimisseadme, mis annab teile teada, kus teie armastatud neljajalgne s\u00f5ber parajasti viibib.<\/p>\n<p><strong>GEO Zone funktsioon<\/strong><\/p>\n<p>Kui soovite olla kindel, et teatud inimesed v\u00f5i loomad viibivad teatud piirkonnas, annab GPS-j\u00e4lgimisseade teile selle teabe. Niipea, kui m\u00e4\u00e4ratletud piirkonna piirid \u00fcletatakse, saate kohe SMS-teate, mis v\u00f5imaldab teil v\u00f5tta teatud meetmeid.<\/p>\n<p><strong>Pikk aku ooteaeg<\/strong><\/p>\n<p>GPS-seiret on v\u00e4ga lihtne kasutada ja sellel on pikk aku (kuni 1050 mAh). See tagab, et saate oma GPS-j\u00e4lgijat kasutada ilma probleemideta ja ei j\u00e4ta midagi olulist vahele. Pealtkuulamisfunktsiooniga GPS-j\u00e4lgimisseadme saate k\u00e4tte v\u00e4ga hea hinnaga, nii et \u00e4rge j\u00e4tke kasutamata v\u00f5imalust, et selgitada v\u00e4lja k\u00f5ik kahtlused v\u00f5i tagada veelgi suurem turvalisus.<\/p>","protected":false},"excerpt":{"rendered":"<p>Mikro-GPS-j\u00e4lgimisseade - lihtne peita oma asjadesse, autosse v\u00f5i mujale. V\u00f5ib kasutada loomade, paatide, pagasi puhul. Kaalub ainult 56 grammi. + tasuta server.<\/p>","protected":false},"featured_media":1752,"template":"","meta":[],"product_brand":[],"product_cat":[357],"product_tag":[370,371,372,374,416],"class_list":{"0":"post-1285","1":"product","2":"type-product","3":"status-publish","4":"has-post-thumbnail","6":"product_cat-gps-izsekosanas-ierice","7":"product_tag-automasinas-gps-izsekotajs","8":"product_tag-gps-izsekosanas-iekartas","9":"product_tag-gps-izsekotajs","10":"product_tag-gps-izsekotajs-automasinai","11":"product_tag-mini-gps-izsekotajs","13":"first","14":"instock","15":"taxable","16":"shipping-taxable","17":"purchasable","18":"product-type-simple"},"yoast_head":"<!-- This site is optimized with the Yoast SEO plugin v27.5 - https:\/\/yoast.com\/product\/yoast-seo-wordpress\/ -->\n<title>Mini GPS izseko\u0161anas ier\u012bce maz\u0101k\u0101 tirg\u016b- noklaus\u012b\u0161an\u0101s funkciju<\/title>\n<meta name=\"description\" content=\"Mikro GPS izseko\u0161anas ier\u012bce viegli pasl\u0113pjama mant\u0101s, automa\u0161\u012bn\u0101 vai jebkur citur Var izmantot dz\u012bvniekiem, laiv\u0101m, bag\u0101\u017eai Sver 56gr. bezmaksas serveris\" \/>\n<meta name=\"robots\" content=\"index, follow, max-snippet:-1, max-image-preview:large, max-video-preview:-1\" \/>\n<link rel=\"canonical\" href=\"https:\/\/izsekosanasierices.lv\/et\/produkts\/mini-gps-jalgimisseade-vaikeste-turgude-jaoks-koos-kuulamisfunktsiooniga\/\" \/>\n<meta property=\"og:locale\" content=\"et_EE\" \/>\n<meta property=\"og:type\" content=\"article\" \/>\n<meta property=\"og:title\" content=\"Mini GPS izseko\u0161anas ier\u012bce ir maz\u0101k\u0101 tirg\u016b ar bezmaksas izseko\u0161anas serveri\" \/>\n<meta property=\"og:description\" content=\"Mikro gps izseko\u0161anas ier\u012bce - viegli pasl\u0113pjama j\u016bsu mant\u0101s, automa\u0161\u012bn\u0101 vai jebkur citur. Var izmantot dz\u012bvniekiem, laiv\u0101m, bag\u0101\u017eai. Sver tikai 56 gramus + bezmaksas serveris\" \/>\n<meta property=\"og:url\" content=\"https:\/\/izsekosanasierices.lv\/et\/produkts\/mini-gps-jalgimisseade-vaikeste-turgude-jaoks-koos-kuulamisfunktsiooniga\/\" \/>\n<meta property=\"og:site_name\" content=\"Nr1 Izseko\u0161anas ier\u012bces gps izseko\u0161anas iek\u0101rtas, klaus\u012b\u0161an\u0101s iek\u0101rtas\" \/>\n<meta property=\"article:modified_time\" content=\"2026-04-28T20:16:12+00:00\" \/>\n<meta property=\"og:image\" content=\"https:\/\/rvnski.dev\/sekimoiranga\/wp-content\/uploads\/izsekosanasierices.webp\" \/>\n<meta name=\"twitter:card\" content=\"summary_large_image\" \/>\n<meta name=\"twitter:title\" content=\"Mini GPS izseko\u0161anas ier\u012bce ir maz\u0101k\u0101 tirg\u016b ar bezmaksas izseko\u0161anas serveri\" \/>\n<meta name=\"twitter:description\" content=\"Mikro gps izseko\u0161anas ier\u012bce - viegli pasl\u0113pjama j\u016bsu mant\u0101s, automa\u0161\u012bn\u0101 vai jebkur citur. Var izmantot dz\u012bvniekiem, laiv\u0101m, bag\u0101\u017eai. Sver tikai 56 gramus + bezmaksas serveris\" \/>\n<meta name=\"twitter:label1\" content=\"Est. reading time\" \/>\n\t<meta name=\"twitter:data1\" content=\"4 minutit\" \/>\n<script type=\"application\/ld+json\" class=\"yoast-schema-graph\">{\"@context\":\"https:\\\/\\\/schema.org\",\"@graph\":[{\"@type\":\"WebPage\",\"@id\":\"https:\\\/\\\/izsekosanasierices.lv\\\/produkts\\\/mini-gps-izsekosanas-ierice-mazaka-tirgu-ar-noklausisanas-funkciju\\\/\",\"url\":\"https:\\\/\\\/izsekosanasierices.lv\\\/produkts\\\/mini-gps-izsekosanas-ierice-mazaka-tirgu-ar-noklausisanas-funkciju\\\/\",\"name\":\"Mini GPS izseko\u0161anas ier\u012bce maz\u0101k\u0101 tirg\u016b- noklaus\u012b\u0161an\u0101s funkciju\",\"isPartOf\":{\"@id\":\"https:\\\/\\\/izsekosanasierices.lv\\\/#website\"},\"primaryImageOfPage\":{\"@id\":\"https:\\\/\\\/izsekosanasierices.lv\\\/produkts\\\/mini-gps-izsekosanas-ierice-mazaka-tirgu-ar-noklausisanas-funkciju\\\/#primaryimage\"},\"image\":{\"@id\":\"https:\\\/\\\/izsekosanasierices.lv\\\/produkts\\\/mini-gps-izsekosanas-ierice-mazaka-tirgu-ar-noklausisanas-funkciju\\\/#primaryimage\"},\"thumbnailUrl\":\"https:\\\/\\\/izsekosanasierices.lv\\\/wp-content\\\/uploads\\\/izsekosanasierices-mikro-gps-sekly-ssveriantis-tik-56-gramus-tinka-automobiliui-zmonems-gyvunams.jpg\",\"datePublished\":\"2023-10-05T15:37:25+00:00\",\"dateModified\":\"2026-04-28T20:16:12+00:00\",\"description\":\"Mikro GPS izseko\u0161anas ier\u012bce viegli pasl\u0113pjama mant\u0101s, automa\u0161\u012bn\u0101 vai jebkur citur Var izmantot dz\u012bvniekiem, laiv\u0101m, bag\u0101\u017eai Sver 56gr. bezmaksas serveris\",\"breadcrumb\":{\"@id\":\"https:\\\/\\\/izsekosanasierices.lv\\\/produkts\\\/mini-gps-izsekosanas-ierice-mazaka-tirgu-ar-noklausisanas-funkciju\\\/#breadcrumb\"},\"inLanguage\":\"et\",\"potentialAction\":[{\"@type\":\"ReadAction\",\"target\":[\"https:\\\/\\\/izsekosanasierices.lv\\\/produkts\\\/mini-gps-izsekosanas-ierice-mazaka-tirgu-ar-noklausisanas-funkciju\\\/\"]}]},{\"@type\":\"ImageObject\",\"inLanguage\":\"et\",\"@id\":\"https:\\\/\\\/izsekosanasierices.lv\\\/produkts\\\/mini-gps-izsekosanas-ierice-mazaka-tirgu-ar-noklausisanas-funkciju\\\/#primaryimage\",\"url\":\"https:\\\/\\\/izsekosanasierices.lv\\\/wp-content\\\/uploads\\\/izsekosanasierices-mikro-gps-sekly-ssveriantis-tik-56-gramus-tinka-automobiliui-zmonems-gyvunams.jpg\",\"contentUrl\":\"https:\\\/\\\/izsekosanasierices.lv\\\/wp-content\\\/uploads\\\/izsekosanasierices-mikro-gps-sekly-ssveriantis-tik-56-gramus-tinka-automobiliui-zmonems-gyvunams.jpg\",\"width\":420,\"height\":490,\"caption\":\"Mini GPS seklys automobiliui motociklui paspirtukui\"},{\"@type\":\"BreadcrumbList\",\"@id\":\"https:\\\/\\\/izsekosanasierices.lv\\\/produkts\\\/mini-gps-izsekosanas-ierice-mazaka-tirgu-ar-noklausisanas-funkciju\\\/#breadcrumb\",\"itemListElement\":[{\"@type\":\"ListItem\",\"position\":1,\"name\":\"S\u0101kums\",\"item\":\"https:\\\/\\\/izsekosanasierices.lv\\\/\"},{\"@type\":\"ListItem\",\"position\":2,\"name\":\"Veikals\",\"item\":\"https:\\\/\\\/izsekosanasierices.lv\\\/veikals\\\/\"},{\"@type\":\"ListItem\",\"position\":3,\"name\":\"Mini GPS izseko\u0161anas ier\u012bce \u2013 maz\u0101k\u0101 tirg\u016b \u2013 ar noklaus\u012b\u0161an\u0101s funkciju\"}]},{\"@type\":\"WebSite\",\"@id\":\"https:\\\/\\\/izsekosanasierices.lv\\\/#website\",\"url\":\"https:\\\/\\\/izsekosanasierices.lv\\\/\",\"name\":\"Nr1 Izseko\u0161anas ier\u012bces gps izseko\u0161anas iek\u0101rtas, klaus\u012b\u0161an\u0101s iek\u0101rtas\",\"description\":\"\",\"potentialAction\":[{\"@type\":\"SearchAction\",\"target\":{\"@type\":\"EntryPoint\",\"urlTemplate\":\"https:\\\/\\\/izsekosanasierices.lv\\\/?s={search_term_string}\"},\"query-input\":{\"@type\":\"PropertyValueSpecification\",\"valueRequired\":true,\"valueName\":\"search_term_string\"}}],\"inLanguage\":\"et\"}]}<\/script>\n<!-- \/ Yoast SEO plugin. -->","yoast_head_json":{"title":"Mini GPS izseko\u0161anas ier\u012bce maz\u0101k\u0101 tirg\u016b- noklaus\u012b\u0161an\u0101s funkciju","description":"Mikro GPS izseko\u0161anas ier\u012bce viegli pasl\u0113pjama mant\u0101s, automa\u0161\u012bn\u0101 vai jebkur citur Var izmantot dz\u012bvniekiem, laiv\u0101m, bag\u0101\u017eai Sver 56gr. bezmaksas serveris","robots":{"index":"index","follow":"follow","max-snippet":"max-snippet:-1","max-image-preview":"max-image-preview:large","max-video-preview":"max-video-preview:-1"},"canonical":"https:\/\/izsekosanasierices.lv\/et\/produkts\/mini-gps-jalgimisseade-vaikeste-turgude-jaoks-koos-kuulamisfunktsiooniga\/","og_locale":"et_EE","og_type":"article","og_title":"Mini GPS izseko\u0161anas ier\u012bce ir maz\u0101k\u0101 tirg\u016b ar bezmaksas izseko\u0161anas serveri","og_description":"Mikro gps izseko\u0161anas ier\u012bce - viegli pasl\u0113pjama j\u016bsu mant\u0101s, automa\u0161\u012bn\u0101 vai jebkur citur. Var izmantot dz\u012bvniekiem, laiv\u0101m, bag\u0101\u017eai. Sver tikai 56 gramus + bezmaksas serveris","og_url":"https:\/\/izsekosanasierices.lv\/et\/produkts\/mini-gps-jalgimisseade-vaikeste-turgude-jaoks-koos-kuulamisfunktsiooniga\/","og_site_name":"Nr1 Izseko\u0161anas ier\u012bces gps izseko\u0161anas iek\u0101rtas, klaus\u012b\u0161an\u0101s iek\u0101rtas","article_modified_time":"2026-04-28T20:16:12+00:00","og_image":[{"url":"https:\/\/rvnski.dev\/sekimoiranga\/wp-content\/uploads\/izsekosanasierices.webp","type":"","width":"","height":""}],"twitter_card":"summary_large_image","twitter_title":"Mini GPS izseko\u0161anas ier\u012bce ir maz\u0101k\u0101 tirg\u016b ar bezmaksas izseko\u0161anas serveri","twitter_description":"Mikro gps izseko\u0161anas ier\u012bce - viegli pasl\u0113pjama j\u016bsu mant\u0101s, automa\u0161\u012bn\u0101 vai jebkur citur. Var izmantot dz\u012bvniekiem, laiv\u0101m, bag\u0101\u017eai. Sver tikai 56 gramus + bezmaksas serveris","twitter_misc":{"Est. reading time":"4 minutit"},"schema":{"@context":"https:\/\/schema.org","@graph":[{"@type":"WebPage","@id":"https:\/\/izsekosanasierices.lv\/produkts\/mini-gps-izsekosanas-ierice-mazaka-tirgu-ar-noklausisanas-funkciju\/","url":"https:\/\/izsekosanasierices.lv\/produkts\/mini-gps-izsekosanas-ierice-mazaka-tirgu-ar-noklausisanas-funkciju\/","name":"Mini GPS izseko\u0161anas ier\u012bce maz\u0101k\u0101 tirg\u016b- noklaus\u012b\u0161an\u0101s funkciju","isPartOf":{"@id":"https:\/\/izsekosanasierices.lv\/#website"},"primaryImageOfPage":{"@id":"https:\/\/izsekosanasierices.lv\/produkts\/mini-gps-izsekosanas-ierice-mazaka-tirgu-ar-noklausisanas-funkciju\/#primaryimage"},"image":{"@id":"https:\/\/izsekosanasierices.lv\/produkts\/mini-gps-izsekosanas-ierice-mazaka-tirgu-ar-noklausisanas-funkciju\/#primaryimage"},"thumbnailUrl":"https:\/\/izsekosanasierices.lv\/wp-content\/uploads\/izsekosanasierices-mikro-gps-sekly-ssveriantis-tik-56-gramus-tinka-automobiliui-zmonems-gyvunams.jpg","datePublished":"2023-10-05T15:37:25+00:00","dateModified":"2026-04-28T20:16:12+00:00","description":"Mikro GPS izseko\u0161anas ier\u012bce viegli pasl\u0113pjama mant\u0101s, automa\u0161\u012bn\u0101 vai jebkur citur Var izmantot dz\u012bvniekiem, laiv\u0101m, bag\u0101\u017eai Sver 56gr. bezmaksas serveris","breadcrumb":{"@id":"https:\/\/izsekosanasierices.lv\/produkts\/mini-gps-izsekosanas-ierice-mazaka-tirgu-ar-noklausisanas-funkciju\/#breadcrumb"},"inLanguage":"et","potentialAction":[{"@type":"ReadAction","target":["https:\/\/izsekosanasierices.lv\/produkts\/mini-gps-izsekosanas-ierice-mazaka-tirgu-ar-noklausisanas-funkciju\/"]}]},{"@type":"ImageObject","inLanguage":"et","@id":"https:\/\/izsekosanasierices.lv\/produkts\/mini-gps-izsekosanas-ierice-mazaka-tirgu-ar-noklausisanas-funkciju\/#primaryimage","url":"https:\/\/izsekosanasierices.lv\/wp-content\/uploads\/izsekosanasierices-mikro-gps-sekly-ssveriantis-tik-56-gramus-tinka-automobiliui-zmonems-gyvunams.jpg","contentUrl":"https:\/\/izsekosanasierices.lv\/wp-content\/uploads\/izsekosanasierices-mikro-gps-sekly-ssveriantis-tik-56-gramus-tinka-automobiliui-zmonems-gyvunams.jpg","width":420,"height":490,"caption":"Mini GPS seklys automobiliui motociklui paspirtukui"},{"@type":"BreadcrumbList","@id":"https:\/\/izsekosanasierices.lv\/produkts\/mini-gps-izsekosanas-ierice-mazaka-tirgu-ar-noklausisanas-funkciju\/#breadcrumb","itemListElement":[{"@type":"ListItem","position":1,"name":"S\u0101kums","item":"https:\/\/izsekosanasierices.lv\/"},{"@type":"ListItem","position":2,"name":"Veikals","item":"https:\/\/izsekosanasierices.lv\/veikals\/"},{"@type":"ListItem","position":3,"name":"Mini GPS izseko\u0161anas ier\u012bce \u2013 maz\u0101k\u0101 tirg\u016b \u2013 ar noklaus\u012b\u0161an\u0101s funkciju"}]},{"@type":"WebSite","@id":"https:\/\/izsekosanasierices.lv\/#website","url":"https:\/\/izsekosanasierices.lv\/","name":"Nr1 Izseko\u0161anas ier\u012bces gps izseko\u0161anas iek\u0101rtas, klaus\u012b\u0161an\u0101s iek\u0101rtas","description":"","potentialAction":[{"@type":"SearchAction","target":{"@type":"EntryPoint","urlTemplate":"https:\/\/izsekosanasierices.lv\/?s={search_term_string}"},"query-input":{"@type":"PropertyValueSpecification","valueRequired":true,"valueName":"search_term_string"}}],"inLanguage":"et"}]}},"_links":{"self":[{"href":"https:\/\/izsekosanasierices.lv\/et\/wp-json\/wp\/v2\/product\/1285","targetHints":{"allow":["GET"]}}],"collection":[{"href":"https:\/\/izsekosanasierices.lv\/et\/wp-json\/wp\/v2\/product"}],"about":[{"href":"https:\/\/izsekosanasierices.lv\/et\/wp-json\/wp\/v2\/types\/product"}],"wp:featuredmedia":[{"embeddable":true,"href":"https:\/\/izsekosanasierices.lv\/et\/wp-json\/wp\/v2\/media\/1752"}],"wp:attachment":[{"href":"https:\/\/izsekosanasierices.lv\/et\/wp-json\/wp\/v2\/media?parent=1285"}],"wp:term":[{"taxonomy":"product_brand","embeddable":true,"href":"https:\/\/izsekosanasierices.lv\/et\/wp-json\/wp\/v2\/product_brand?post=1285"},{"taxonomy":"product_cat","embeddable":true,"href":"https:\/\/izsekosanasierices.lv\/et\/wp-json\/wp\/v2\/product_cat?post=1285"},{"taxonomy":"product_tag","embeddable":true,"href":"https:\/\/izsekosanasierices.lv\/et\/wp-json\/wp\/v2\/product_tag?post=1285"}],"curies":[{"name":"wp","href":"https:\/\/api.w.org\/{rel}","templated":true}]}}