{"id":1286,"date":"2023-10-05T15:37:25","date_gmt":"2023-10-05T15:37:25","guid":{"rendered":"https:\/\/izsekosanasierices.lv\/produktas\/4g-kamera-uzmaskuota-signalizacijos-judesio-daviklyje-su-sim\/"},"modified":"2026-03-19T09:00:11","modified_gmt":"2026-03-19T07:00:11","slug":"4g-kamera-ar-sim-karti-kas-masketa-ka-kustibas-sensors","status":"publish","type":"product","link":"https:\/\/izsekosanasierices.lv\/et\/produkts\/4g-kaamera-koos-sim-kaardiga-mis-on-maskeeritud-liikumisanduriks\/","title":{"rendered":"Liikumisanduriks maskeeritud 4G kaamera koos SIM-kaardiga"},"content":{"rendered":"<h3>Tehnilised parameetrid:<\/h3>\n<ul>\n<li>Kaugvaatamine: jah<\/li>\n<li>Video salvestamine koos heliga<\/li>\n<li>Pildi kvaliteet: eelvaade - FULL HD 1080P,<\/li>\n<li>Salvestuste vaatamine: telefonis, arvutis ja tahvelarvutis<\/li>\n<li>Optika: 3,7 mm<\/li>\n<li>Telefoniteated: jah<\/li>\n<li>SIM-kaardi pesa: jah<\/li>\n<li>\u00d6ine salvestusfunktsioon: jah<\/li>\n<li>Liikumistuvastuse re\u017eiim: jah (digitaalne)<\/li>\n<li>Vaatamisnurk: 90\u00b0<\/li>\n<li>M\u00e4lukaardi tugi: kuni 128 gb (kaart ei kuulu komplekti)<\/li>\n<li>Pakkimisformaat: avi H.264<\/li>\n<li>Toetatud s\u00fcsteemid: iOS, Android, Windows<\/li>\n<li>Mobiilirakendus<\/li>\n<li>Toiteallikas: pistikupesa (5 V)<\/li>\n<li>Wi-Fi: jah<\/li>\n<li>Salvestuse juhtimine: mis tahes nutiseadmest (telefon, arvuti v\u00f5i tahvelarvuti)<\/li>\n<li>Garantii 12 kuud<\/li>\n<\/ul>\n<p><strong>\u00a0<\/strong><\/p>\n<p><span style=\"color: #ff0000;\"><strong>Vajad kiiret sama p\u00e4eva (ja n\u00e4dalavahetuse) kohaletoimetamist?  Helistage +37120484176<\/strong><\/span><\/p>\n<p>&nbsp;<\/p>\n<p><strong>Liikumisanduriks maskeeritud 4G kaamera<\/strong><\/p>\n<p>Varjatud kaamerad v\u00f5ivad olla kasulikud paljudes erinevates olukordades: et veenduda, et ettev\u00f5tte t\u00f6\u00f6tajad k\u00e4ituvad ausalt, et lapsehoidja v\u00f5i muu koju tulev isik k\u00e4itub eetiliselt jne. Liikumisandur koos varjatud 4G-kaameraga on \u00fcks parimaid v\u00f5imalusi, et veenduda, et teatud isikud on t\u00f5esti teie usaldust v\u00e4\u00e4rt. Sellise kaamera saab paigaldada paljudesse ruumidesse, ilma et peaksite muretsema, et teid m\u00e4rgatakse: midagi olulist ei j\u00e4\u00e4 vahele ja saate vaadata videomaterjali siseruumides toimuvast. Kaamera t\u00f6\u00f6tab piiramatul kaugusel, mis muudab selle veelgi t\u00f5husamaks.<\/p>\n<p><strong>V\u00e4ga lihtne kaamera ettevalmistamine<\/strong><\/p>\n<p>Kui olete ostnud oma liikumisanduriga maskeeritud kaamera, saate seda kohe kasutama hakata - see on v\u00e4ga lihtne ja h\u00f5lpsasti seadistatav. Kaameraga sobivad k\u00f5ik SIM-kaardid, seega v\u00f5ite valida mis tahes mobiiliteenuse pakkuja, kes pakub ka mobiilset internetti. V\u00f5ite kasutada liikumisandurit koos peidetud kaameraga ka kohtades, kus puudub WiFi \u00fchendus (nt kaugel asuvas talumajapidamises): peate lihtsalt veenduma, et teie operaator pakub mobiilse interneti teenust.<\/p>\n<p><strong>Piltide reaalajas j\u00e4lgimine<\/strong><\/p>\n<p>M\u00f5ned valvekaamerad v\u00f5imaldavad pilte j\u00e4lgida alles p\u00e4rast nende arvutisse \u00fclekandmist, kuid paljudel juhtudel on eelistatavam salvestada erinevad rikkumised kohe. Seet\u00f5ttu on liikumisanduriks maskeeritud peidetud kaamera suurep\u00e4rane v\u00f5imalus reaalajas videovalveks. Teil tuleb vaid registreeruda spetsiaalsesse rakendusse ja saate vaadata videot \u00fcksk\u00f5ik millisest maailma paigast ja mis kellaaegadel.<\/p>\n<p><strong>Liikumisanduri funktsioon<\/strong><\/p>\n<p>Kaameraliseeritud 4G-kaameraga seadmel on v\u00e4ga kasulik funktsioon - liikumistuvastus. Selle v\u00f5imaluse eeliseks on see, et kui tuvastatakse liikumine, saate teate, mis v\u00f5imaldab teil n\u00e4ha, mis hetkel j\u00e4lgitavas ruumis toimub. Kuigi videovoo j\u00e4lgimine on v\u00f5imalik kogu aeg, ei ole see alati vajalik: pole vaja aega raisata, kui ruumis kedagi ei ole. Teisest k\u00fcljest, kui keegi siseneb ruumidesse, aitab kaamera m\u00f5nel juhul avastada sissetungi v\u00f5i muud loata tegevust. Videosalvestused on piisavad t\u00f5endid \u00f5igusrikkumiste kohta, seega v\u00f5ib varjatud kaamera kasutamine olla kasulik.<\/p>\n<p><strong>M\u00e4lukaardi toetus kuni 128 GB<\/strong><\/p>\n<p>Kaameraga tehtud pilte saab edastada arvutisse, seega on sageli oluline, kui suur on m\u00e4lukaardi maht, mida seade suudab pakkuda. Liikumisanduriga 4G kaamera v\u00f5imaldab kasutada kuni 128 GB mahutavusega micro SD-m\u00e4lukaarte , mis v\u00f5imaldab salvestada suure hulga materjali. Andmeid saab edastada vaid m\u00f5ne hetkega ja vastavalt vajadusele <strong>videod <\/strong>mida saab vaadata ikka ja j\u00e4lle.<\/p>\n<p><strong>Kvaliteetne video j\u00e4\u00e4dvustamine<\/strong><\/p>\n<p>Liikumisandur koos maskeeritud 4G-kaameraga tagab suurep\u00e4rase pildikvaliteedi, nii et v\u00f5ite olla kindel, et kurjategijaid ei ole vajadusel raske tuvastada. \u00dcksk\u00f5ik, milliseid t\u00f5endeid sa ka ei p\u00fc\u00fca koguda, see peidetud kaamera ei j\u00e4ta sind h\u00e4tta.<\/p>\n<p>Turvalisus ei ole kunagi varem olnud lihtsam: peidetud kaamerat on lihtne paigaldada ja pilte saab j\u00e4lgida 24 tundi \u00f6\u00f6p\u00e4evas, 7 p\u00e4eva n\u00e4dalas. Liikumisanduriga sisseehitatud peidetud kaamera saab osta v\u00e4ga hea hinnaga, seega \u00e4rge j\u00e4tke kasutamata v\u00f5imalust oma vara turvalisemaks muuta.<\/p>\n<p>&nbsp;<\/p>","protected":false},"excerpt":{"rendered":"<p>See salajane kaamera sobib kohtadesse, kus puudub internet - maapiirkondade kodudesse. Saate vaadata otse\u00fclekannet. See on h\u00e4sti maskeeritud, ei erine liikumisandurist.<\/p>","protected":false},"featured_media":1756,"template":"","meta":[],"product_brand":[],"product_cat":[322,321,331],"product_tag":[324,325,326,36,327,328,329,32],"class_list":{"0":"post-1286","1":"product","2":"type-product","3":"status-publish","4":"has-post-thumbnail","6":"product_cat-4g-kameras","7":"product_cat-sleptas-kameras","8":"product_cat-wi-fi-slepenas-kameras","9":"product_tag-izlukosanas-kamera","10":"product_tag-izsekosanas-kamera","11":"product_tag-maskesanas-kamera","12":"product_tag-mini-kamera","13":"product_tag-noverosanas-kamera","14":"product_tag-slepena-kamera","15":"product_tag-slepta-noverosanas-kamera","16":"product_tag-wifi-kamera","18":"first","19":"instock","20":"sale","21":"taxable","22":"shipping-taxable","23":"purchasable","24":"product-type-simple"},"yoast_head":"<!-- This site is optimized with the Yoast SEO plugin v27.3 - https:\/\/yoast.com\/product\/yoast-seo-wordpress\/ -->\n<title>4G kamera ar SIM karti, kas mask\u0113ta k\u0101 kust\u012bbas sensors<\/title>\n<meta name=\"description\" content=\"Slepen\u0101 kamera, kas piem\u0113rota viet\u0101m, kur nav interneta, piem\u0113ram, lauku m\u0101j\u0101m Iesp\u0113ja skat\u012bties tie\u0161raidi Labi mask\u0113ta, vizu\u0101li neat\u0161\u0137iras no kust\u012bbas...\" \/>\n<meta name=\"robots\" content=\"index, follow, max-snippet:-1, max-image-preview:large, max-video-preview:-1\" \/>\n<link rel=\"canonical\" href=\"https:\/\/izsekosanasierices.lv\/et\/produkts\/4g-kaamera-koos-sim-kaardiga-mis-on-maskeeritud-liikumisanduriks\/\" \/>\n<meta property=\"og:locale\" content=\"et_EE\" \/>\n<meta property=\"og:type\" content=\"article\" \/>\n<meta property=\"og:title\" content=\"J\u016bdejas sensor\u0101 mask\u0113ta 4G stealth kamera\" \/>\n<meta property=\"og:description\" content=\"\u0160\u012b slepen\u0101 kamera ir piem\u0113rota viet\u0101m, kur nav interneta - lauku m\u0101j\u0101m. Var\u0113siet skat\u012bties tie\u0161raidi. Tas ir labi mask\u0113ts, ne ar ko neat\u0161\u0137iras no kust\u012bbas sensora.\" \/>\n<meta property=\"og:url\" content=\"https:\/\/izsekosanasierices.lv\/et\/produkts\/4g-kaamera-koos-sim-kaardiga-mis-on-maskeeritud-liikumisanduriks\/\" \/>\n<meta property=\"og:site_name\" content=\"Nr1 Izseko\u0161anas ier\u012bces gps izseko\u0161anas iek\u0101rtas, klaus\u012b\u0161an\u0101s iek\u0101rtas\" \/>\n<meta property=\"article:modified_time\" content=\"2026-03-19T07:00:11+00:00\" \/>\n<meta property=\"og:image\" content=\"https:\/\/rvnski.dev\/sekimoiranga\/wp-content\/uploads\/izsekosanasierices.webp\" \/>\n<meta name=\"twitter:card\" content=\"summary_large_image\" \/>\n<meta name=\"twitter:title\" content=\"J\u016bdejas sensor\u0101 mask\u0113ta 4G stealth kamera\" \/>\n<meta name=\"twitter:description\" content=\"\u0160\u012b slepen\u0101 kamera ir piem\u0113rota viet\u0101m, kur nav interneta - lauku m\u0101j\u0101m. Var\u0113siet skat\u012bties tie\u0161raidi. Tas ir labi mask\u0113ts, ne ar ko neat\u0161\u0137iras no kust\u012bbas sensora.\" \/>\n<meta name=\"twitter:label1\" content=\"Est. reading time\" \/>\n\t<meta name=\"twitter:data1\" content=\"4 minutit\" \/>\n<script type=\"application\/ld+json\" class=\"yoast-schema-graph\">{\"@context\":\"https:\\\/\\\/schema.org\",\"@graph\":[{\"@type\":\"WebPage\",\"@id\":\"https:\\\/\\\/izsekosanasierices.lv\\\/produkts\\\/4g-kamera-ar-sim-karti-kas-masketa-ka-kustibas-sensors\\\/\",\"url\":\"https:\\\/\\\/izsekosanasierices.lv\\\/produkts\\\/4g-kamera-ar-sim-karti-kas-masketa-ka-kustibas-sensors\\\/\",\"name\":\"4G kamera ar SIM karti, kas mask\u0113ta k\u0101 kust\u012bbas sensors\",\"isPartOf\":{\"@id\":\"https:\\\/\\\/izsekosanasierices.lv\\\/#website\"},\"primaryImageOfPage\":{\"@id\":\"https:\\\/\\\/izsekosanasierices.lv\\\/produkts\\\/4g-kamera-ar-sim-karti-kas-masketa-ka-kustibas-sensors\\\/#primaryimage\"},\"image\":{\"@id\":\"https:\\\/\\\/izsekosanasierices.lv\\\/produkts\\\/4g-kamera-ar-sim-karti-kas-masketa-ka-kustibas-sensors\\\/#primaryimage\"},\"thumbnailUrl\":\"https:\\\/\\\/izsekosanasierices.lv\\\/wp-content\\\/uploads\\\/izsekosanasierices-4g-kamera-uzmaskuota-signalizacijos-judesio-daviklyje.jpg\",\"datePublished\":\"2023-10-05T15:37:25+00:00\",\"dateModified\":\"2026-03-19T07:00:11+00:00\",\"description\":\"Slepen\u0101 kamera, kas piem\u0113rota viet\u0101m, kur nav interneta, piem\u0113ram, lauku m\u0101j\u0101m Iesp\u0113ja skat\u012bties tie\u0161raidi Labi mask\u0113ta, vizu\u0101li neat\u0161\u0137iras no kust\u012bbas...\",\"breadcrumb\":{\"@id\":\"https:\\\/\\\/izsekosanasierices.lv\\\/produkts\\\/4g-kamera-ar-sim-karti-kas-masketa-ka-kustibas-sensors\\\/#breadcrumb\"},\"inLanguage\":\"et\",\"potentialAction\":[{\"@type\":\"ReadAction\",\"target\":[\"https:\\\/\\\/izsekosanasierices.lv\\\/produkts\\\/4g-kamera-ar-sim-karti-kas-masketa-ka-kustibas-sensors\\\/\"]}]},{\"@type\":\"ImageObject\",\"inLanguage\":\"et\",\"@id\":\"https:\\\/\\\/izsekosanasierices.lv\\\/produkts\\\/4g-kamera-ar-sim-karti-kas-masketa-ka-kustibas-sensors\\\/#primaryimage\",\"url\":\"https:\\\/\\\/izsekosanasierices.lv\\\/wp-content\\\/uploads\\\/izsekosanasierices-4g-kamera-uzmaskuota-signalizacijos-judesio-daviklyje.jpg\",\"contentUrl\":\"https:\\\/\\\/izsekosanasierices.lv\\\/wp-content\\\/uploads\\\/izsekosanasierices-4g-kamera-uzmaskuota-signalizacijos-judesio-daviklyje.jpg\",\"width\":458,\"height\":458,\"caption\":\"sekimo kamera\"},{\"@type\":\"BreadcrumbList\",\"@id\":\"https:\\\/\\\/izsekosanasierices.lv\\\/produkts\\\/4g-kamera-ar-sim-karti-kas-masketa-ka-kustibas-sensors\\\/#breadcrumb\",\"itemListElement\":[{\"@type\":\"ListItem\",\"position\":1,\"name\":\"S\u0101kums\",\"item\":\"https:\\\/\\\/izsekosanasierices.lv\\\/\"},{\"@type\":\"ListItem\",\"position\":2,\"name\":\"Veikals\",\"item\":\"https:\\\/\\\/izsekosanasierices.lv\\\/veikals\\\/\"},{\"@type\":\"ListItem\",\"position\":3,\"name\":\"4G kamera ar SIM karti, kas mask\u0113ta k\u0101 kust\u012bbas sensors\"}]},{\"@type\":\"WebSite\",\"@id\":\"https:\\\/\\\/izsekosanasierices.lv\\\/#website\",\"url\":\"https:\\\/\\\/izsekosanasierices.lv\\\/\",\"name\":\"Nr1 Izseko\u0161anas ier\u012bces gps izseko\u0161anas iek\u0101rtas, klaus\u012b\u0161an\u0101s iek\u0101rtas\",\"description\":\"\",\"potentialAction\":[{\"@type\":\"SearchAction\",\"target\":{\"@type\":\"EntryPoint\",\"urlTemplate\":\"https:\\\/\\\/izsekosanasierices.lv\\\/?s={search_term_string}\"},\"query-input\":{\"@type\":\"PropertyValueSpecification\",\"valueRequired\":true,\"valueName\":\"search_term_string\"}}],\"inLanguage\":\"et\"}]}<\/script>\n<!-- \/ Yoast SEO plugin. -->","yoast_head_json":{"title":"4G kamera ar SIM karti, kas mask\u0113ta k\u0101 kust\u012bbas sensors","description":"Slepen\u0101 kamera, kas piem\u0113rota viet\u0101m, kur nav interneta, piem\u0113ram, lauku m\u0101j\u0101m Iesp\u0113ja skat\u012bties tie\u0161raidi Labi mask\u0113ta, vizu\u0101li neat\u0161\u0137iras no kust\u012bbas...","robots":{"index":"index","follow":"follow","max-snippet":"max-snippet:-1","max-image-preview":"max-image-preview:large","max-video-preview":"max-video-preview:-1"},"canonical":"https:\/\/izsekosanasierices.lv\/et\/produkts\/4g-kaamera-koos-sim-kaardiga-mis-on-maskeeritud-liikumisanduriks\/","og_locale":"et_EE","og_type":"article","og_title":"J\u016bdejas sensor\u0101 mask\u0113ta 4G stealth kamera","og_description":"\u0160\u012b slepen\u0101 kamera ir piem\u0113rota viet\u0101m, kur nav interneta - lauku m\u0101j\u0101m. Var\u0113siet skat\u012bties tie\u0161raidi. Tas ir labi mask\u0113ts, ne ar ko neat\u0161\u0137iras no kust\u012bbas sensora.","og_url":"https:\/\/izsekosanasierices.lv\/et\/produkts\/4g-kaamera-koos-sim-kaardiga-mis-on-maskeeritud-liikumisanduriks\/","og_site_name":"Nr1 Izseko\u0161anas ier\u012bces gps izseko\u0161anas iek\u0101rtas, klaus\u012b\u0161an\u0101s iek\u0101rtas","article_modified_time":"2026-03-19T07:00:11+00:00","og_image":[{"url":"https:\/\/rvnski.dev\/sekimoiranga\/wp-content\/uploads\/izsekosanasierices.webp","type":"","width":"","height":""}],"twitter_card":"summary_large_image","twitter_title":"J\u016bdejas sensor\u0101 mask\u0113ta 4G stealth kamera","twitter_description":"\u0160\u012b slepen\u0101 kamera ir piem\u0113rota viet\u0101m, kur nav interneta - lauku m\u0101j\u0101m. Var\u0113siet skat\u012bties tie\u0161raidi. Tas ir labi mask\u0113ts, ne ar ko neat\u0161\u0137iras no kust\u012bbas sensora.","twitter_misc":{"Est. reading time":"4 minutit"},"schema":{"@context":"https:\/\/schema.org","@graph":[{"@type":"WebPage","@id":"https:\/\/izsekosanasierices.lv\/produkts\/4g-kamera-ar-sim-karti-kas-masketa-ka-kustibas-sensors\/","url":"https:\/\/izsekosanasierices.lv\/produkts\/4g-kamera-ar-sim-karti-kas-masketa-ka-kustibas-sensors\/","name":"4G kamera ar SIM karti, kas mask\u0113ta k\u0101 kust\u012bbas sensors","isPartOf":{"@id":"https:\/\/izsekosanasierices.lv\/#website"},"primaryImageOfPage":{"@id":"https:\/\/izsekosanasierices.lv\/produkts\/4g-kamera-ar-sim-karti-kas-masketa-ka-kustibas-sensors\/#primaryimage"},"image":{"@id":"https:\/\/izsekosanasierices.lv\/produkts\/4g-kamera-ar-sim-karti-kas-masketa-ka-kustibas-sensors\/#primaryimage"},"thumbnailUrl":"https:\/\/izsekosanasierices.lv\/wp-content\/uploads\/izsekosanasierices-4g-kamera-uzmaskuota-signalizacijos-judesio-daviklyje.jpg","datePublished":"2023-10-05T15:37:25+00:00","dateModified":"2026-03-19T07:00:11+00:00","description":"Slepen\u0101 kamera, kas piem\u0113rota viet\u0101m, kur nav interneta, piem\u0113ram, lauku m\u0101j\u0101m Iesp\u0113ja skat\u012bties tie\u0161raidi Labi mask\u0113ta, vizu\u0101li neat\u0161\u0137iras no kust\u012bbas...","breadcrumb":{"@id":"https:\/\/izsekosanasierices.lv\/produkts\/4g-kamera-ar-sim-karti-kas-masketa-ka-kustibas-sensors\/#breadcrumb"},"inLanguage":"et","potentialAction":[{"@type":"ReadAction","target":["https:\/\/izsekosanasierices.lv\/produkts\/4g-kamera-ar-sim-karti-kas-masketa-ka-kustibas-sensors\/"]}]},{"@type":"ImageObject","inLanguage":"et","@id":"https:\/\/izsekosanasierices.lv\/produkts\/4g-kamera-ar-sim-karti-kas-masketa-ka-kustibas-sensors\/#primaryimage","url":"https:\/\/izsekosanasierices.lv\/wp-content\/uploads\/izsekosanasierices-4g-kamera-uzmaskuota-signalizacijos-judesio-daviklyje.jpg","contentUrl":"https:\/\/izsekosanasierices.lv\/wp-content\/uploads\/izsekosanasierices-4g-kamera-uzmaskuota-signalizacijos-judesio-daviklyje.jpg","width":458,"height":458,"caption":"sekimo kamera"},{"@type":"BreadcrumbList","@id":"https:\/\/izsekosanasierices.lv\/produkts\/4g-kamera-ar-sim-karti-kas-masketa-ka-kustibas-sensors\/#breadcrumb","itemListElement":[{"@type":"ListItem","position":1,"name":"S\u0101kums","item":"https:\/\/izsekosanasierices.lv\/"},{"@type":"ListItem","position":2,"name":"Veikals","item":"https:\/\/izsekosanasierices.lv\/veikals\/"},{"@type":"ListItem","position":3,"name":"4G kamera ar SIM karti, kas mask\u0113ta k\u0101 kust\u012bbas sensors"}]},{"@type":"WebSite","@id":"https:\/\/izsekosanasierices.lv\/#website","url":"https:\/\/izsekosanasierices.lv\/","name":"Nr1 Izseko\u0161anas ier\u012bces gps izseko\u0161anas iek\u0101rtas, klaus\u012b\u0161an\u0101s iek\u0101rtas","description":"","potentialAction":[{"@type":"SearchAction","target":{"@type":"EntryPoint","urlTemplate":"https:\/\/izsekosanasierices.lv\/?s={search_term_string}"},"query-input":{"@type":"PropertyValueSpecification","valueRequired":true,"valueName":"search_term_string"}}],"inLanguage":"et"}]}},"_links":{"self":[{"href":"https:\/\/izsekosanasierices.lv\/et\/wp-json\/wp\/v2\/product\/1286","targetHints":{"allow":["GET"]}}],"collection":[{"href":"https:\/\/izsekosanasierices.lv\/et\/wp-json\/wp\/v2\/product"}],"about":[{"href":"https:\/\/izsekosanasierices.lv\/et\/wp-json\/wp\/v2\/types\/product"}],"wp:featuredmedia":[{"embeddable":true,"href":"https:\/\/izsekosanasierices.lv\/et\/wp-json\/wp\/v2\/media\/1756"}],"wp:attachment":[{"href":"https:\/\/izsekosanasierices.lv\/et\/wp-json\/wp\/v2\/media?parent=1286"}],"wp:term":[{"taxonomy":"product_brand","embeddable":true,"href":"https:\/\/izsekosanasierices.lv\/et\/wp-json\/wp\/v2\/product_brand?post=1286"},{"taxonomy":"product_cat","embeddable":true,"href":"https:\/\/izsekosanasierices.lv\/et\/wp-json\/wp\/v2\/product_cat?post=1286"},{"taxonomy":"product_tag","embeddable":true,"href":"https:\/\/izsekosanasierices.lv\/et\/wp-json\/wp\/v2\/product_tag?post=1286"}],"curies":[{"name":"wp","href":"https:\/\/api.w.org\/{rel}","templated":true}]}}