{"id":1287,"date":"2023-10-05T15:37:25","date_gmt":"2023-10-05T15:37:25","guid":{"rendered":"https:\/\/izsekosanasierices.lv\/produktas\/4g-kamera-uzmaskuota-dumu-daviklyje-su-sim\/"},"modified":"2025-11-19T15:54:15","modified_gmt":"2025-11-19T13:54:15","slug":"4g-kamera-ar-sim-karti-kas-masketa-ka-dumu-detektors","status":"publish","type":"product","link":"https:\/\/izsekosanasierices.lv\/et\/produkts\/4g-kaamera-koos-sim-kaardiga-mis-maskeerib-suitsuanduri\/","title":{"rendered":"4G kaamera koos SIM-kaardiga, mis on maskeeritud suitsuanduriks"},"content":{"rendered":"<h3>Tehnilised parameetrid:<\/h3>\n<ul>\n<li>Kaugvaatamine: jah<\/li>\n<li>Video salvestamine koos heliga<\/li>\n<li>Pildi kvaliteet: eelvaade - FULL HD 1080P,<\/li>\n<li>Piltide vaatamine telefonis, arvutis ja tahvelarvutis<\/li>\n<li>Optika: 3,7 mm<\/li>\n<li>Telefoniteated: jah<\/li>\n<li>SIM-kaardi pesa: jah<\/li>\n<li>\u00d6ine salvestusfunktsioon: jah<\/li>\n<li>Liikumistuvastuse re\u017eiim: jah (digitaalne)<\/li>\n<li>Vaatamisnurk: 90\u00b0<\/li>\n<li>M\u00e4lukaardi tugi: kuni 128 gb (kaart ei kuulu komplekti)<\/li>\n<li>Pakkimisformaat: avi H.264<\/li>\n<li>Toetatud s\u00fcsteemid: iOS, Android, Windows\n<ul>\n<li>Mobiilirakendus<\/li>\n<\/ul>\n<\/li>\n<li>Toiteallikas: pistikupesa (5 V)<\/li>\n<li>Wi-Fi: jah<\/li>\n<li>Salvestuse juhtimine: mis tahes nutiseadmest (telefon, arvuti v\u00f5i tahvelarvuti)<\/li>\n<li>Garantii 12 kuud<\/li>\n<\/ul>\n<p><strong>\u00a0<\/strong><\/p>\n<p><span style=\"color: #ff0000;\"><strong>Vajad kiiret sama p\u00e4eva (ja n\u00e4dalavahetuse) kohaletoimetamist?  Helistage +37120484176<\/strong><\/span><\/p>\n<p><strong>\u00a0<\/strong><\/p>\n<p><strong>Suitsuandur koos 4g peidetud kaameraga<\/strong><\/p>\n<p>Turvalisus on k\u00f5igi jaoks oluline, mist\u00f5ttu j\u00e4relevalvekaamerate kasutamine muutub \u00fcha populaarsemaks. Valvekaameratel on palju erinevaid rakendusi: need v\u00f5ivad olla kasulikud paljudes olukordades. M\u00f5nikord on eesm\u00e4rk teha kaamera v\u00f5imalikult varjatult, seega on suitsuandurisse ehitatud peidetud 4G-kaamera v\u00e4ga hea valik. Seda kaamerat saab kasutada peaaegu igas ruumis - suitsuandur ei tekita kindlasti kahtlust.<\/p>\n<p><strong>\u00a0<\/strong><\/p>\n<p><strong>K\u00f5ik SIM-kaardid sobivad kaamera jaoks<\/strong><\/p>\n<p>Viimasel ajal on kasvanud huvi kaamerate SIM-kaartide vastu, mida on v\u00e4ga lihtne ja mugav kasutada: valige konkreetse operaatori SIM-kaart ja alustage videovalvet. Seda kaamerat saab kasutada ka kohtades, kus puudub <strong>WiFi<\/strong> \u00fchendus - oluline on veenduda, et teie valitud SIM-kaardi operaator pakub mobiilset internetti.<\/p>\n<p>&nbsp;<\/p>\n<p><strong>Lai valik rakendusi<\/strong><\/p>\n<p>Suitsuanduri maskeeritud kamber on m\u00f5eldud kasutamiseks siseruumides. Seda seadet saab kasutada teie kodus v\u00f5i aiamajas, kontoris ja mujal. Rakendusi on palju: kaamerat saab kasutada lapsehoidjate v\u00f5i teiste inimeste t\u00f6\u00f6 j\u00e4lgimiseks v\u00f5i kontorites t\u00f6\u00f6tajate aususe kontrollimiseks. Alati ei ole lihtne v\u00e4lja selgitada, kas teatud isikud on t\u00f5esti ausad, seega v\u00f5ib salakaamera pakkuda head lahendust.<\/p>\n<p><strong>\u00a0<\/strong><\/p>\n<p><strong>Lihtne kaamera ettevalmistamine<\/strong><\/p>\n<p>\u00c4rge muretsege, et kaamera sissel\u00fclitamine v\u00f5tab liiga kaua aega: sisestage valitud operaatori SIM-kaart ja nautige kaamera eeliseid. Suitsuandurit koos peidetud 4G-kaameraga saab kasutada kohtades, kus suitsu tuvastamine v\u00f5ib olla kasulik (nt k\u00f6\u00f6k v\u00f5i muud ruumid, kus asuvad v\u00e4\u00e4rtuslikud esemed) - kaamera ei tekita mingit kahtlust.<\/p>\n<p><strong>\u00a0<\/strong><\/p>\n<p><strong>Piiramatu valikuv\u00f5imalus<\/strong><\/p>\n<p>Peidetud 4G-kaameral on ka piiramatu leviala: kus iganes sa ka ei viibiks, saad alati rakendusse sisse logida ja n\u00e4ha, mis toimub j\u00e4lgitavas ruumis. Pilte saab vaadata \u00fcksk\u00f5ik millisest maailma paigast, seega ei pea muretsema, et teises riigis puhkusel olles j\u00e4\u00e4b midagi olulist kahe silma vahele.<\/p>\n<p>&nbsp;<\/p>\n<p><strong>Liikumise tuvastamise funktsioon<\/strong><\/p>\n<p>Kellelgi ei ole aega kogu aeg videoid vaadata, seega on hea m\u00f5te valida liikumistuvastusega varjatud kaamerad. Valides suitsuanduri koos varjatud 4G-kaameraga, saate te teateid, kui ruumis tuvastatakse liikumist: te ei pea pidevalt kontrollima, kas sel hetkel midagi toimub, mis s\u00e4\u00e4stab palju aega.<\/p>\n<p><strong>\u00a0<\/strong><\/p>\n<p><strong>V\u00f5imalus valida suure mahutavusega m\u00e4lukaart<\/strong><\/p>\n<p>Valvekaamera valimisel on sageli oluline kriteerium maksimaalse mahutavusega m\u00e4lukaardi toetus. See 4G <em>stealth<\/em> Kaamera toetab kuni 128 gigabaidi suuruseid micro SD-m\u00e4lukaarte, mis v\u00f5imaldab j\u00e4\u00e4dvustada v\u00e4ga suurt hulka videomaterjali, mida saab arvutisse edastada.<\/p>\n<p>&nbsp;<\/p>\n<p><strong>Hoidke oma ruumid turvaliselt<\/strong><\/p>\n<p>T\u00e4nap\u00e4eval on teie turvalisuse eest hoolitsemine lihtsam kui kunagi varem, sest meil on suur valik seadmeid, mis annavad teile igal ajal teada, mis igas ruumis toimub. Varjatud kaameraga saate vaadata pilte ilma kahtlusi tekitamata, samas kui inimesed sees ei tea, et neid j\u00e4lgitakse, ja k\u00e4ituvad nii, nagu nad on harjunud.<\/p>","protected":false},"excerpt":{"rendered":"<p>Peidetud 4G-kaamera koos SIM-kaardiga. WiFi \u00fchendust ei ole vaja - see t\u00f6\u00f6tab kogu maailmas. K\u00f5rge videokvaliteet, rakendus saadaval. Kiire tarne.<\/p>","protected":false},"featured_media":1759,"template":"","meta":[],"product_brand":[],"product_cat":[322,321,331],"product_tag":[324,325,326,36,327,328,329,32],"class_list":{"0":"post-1287","1":"product","2":"type-product","3":"status-publish","4":"has-post-thumbnail","6":"product_cat-4g-kameras","7":"product_cat-sleptas-kameras","8":"product_cat-wi-fi-slepenas-kameras","9":"product_tag-izlukosanas-kamera","10":"product_tag-izsekosanas-kamera","11":"product_tag-maskesanas-kamera","12":"product_tag-mini-kamera","13":"product_tag-noverosanas-kamera","14":"product_tag-slepena-kamera","15":"product_tag-slepta-noverosanas-kamera","16":"product_tag-wifi-kamera","18":"first","19":"instock","20":"taxable","21":"shipping-taxable","22":"purchasable","23":"product-type-simple"},"yoast_head":"<!-- This site is optimized with the Yoast SEO plugin v27.5 - https:\/\/yoast.com\/product\/yoast-seo-wordpress\/ -->\n<title>4G kamera ar SIM karti, kas mask\u0113ta k\u0101 d\u016bmu detektors<\/title>\n<meta name=\"description\" content=\"Sl\u0113pta 4G kamera ar SIM karti. Nav nepiecie\u0161ams WiFi savienojums \u2013 t\u0101 darbojas vis\u0101 pasaul\u0113. Augsta video kvalit\u0101te, pieejama lietotne. \u0100tra pieg\u0101de.\" \/>\n<meta name=\"robots\" content=\"index, follow, max-snippet:-1, max-image-preview:large, max-video-preview:-1\" \/>\n<link rel=\"canonical\" href=\"https:\/\/izsekosanasierices.lv\/et\/produkts\/4g-kaamera-koos-sim-kaardiga-mis-maskeerib-suitsuanduri\/\" \/>\n<meta property=\"og:locale\" content=\"et_EE\" \/>\n<meta property=\"og:type\" content=\"article\" \/>\n<meta property=\"og:title\" content=\"4G sl\u0113pta kamera, kas mask\u0113ta k\u0101 d\u016bmu detektors - atbalsta WI fi 128gb\" \/>\n<meta property=\"og:description\" content=\"g slepena kamera ar sim karti. Nav nepiecie\u0161ams Wi fi savienojums - darbojas vis\u0101 pasaul\u0113. Augsta video kvalit\u0101te, t\u0101lru\u0146a lietotne. \u0100tra pieg\u0101de\" \/>\n<meta property=\"og:url\" content=\"https:\/\/izsekosanasierices.lv\/et\/produkts\/4g-kaamera-koos-sim-kaardiga-mis-maskeerib-suitsuanduri\/\" \/>\n<meta property=\"og:site_name\" content=\"Nr1 Izseko\u0161anas ier\u012bces gps izseko\u0161anas iek\u0101rtas, klaus\u012b\u0161an\u0101s iek\u0101rtas\" \/>\n<meta property=\"article:modified_time\" content=\"2025-11-19T13:54:15+00:00\" \/>\n<meta property=\"og:image\" content=\"https:\/\/rvnski.dev\/sekimoiranga\/wp-content\/uploads\/izsekosanasierices.webp\" \/>\n<meta name=\"twitter:card\" content=\"summary_large_image\" \/>\n<meta name=\"twitter:title\" content=\"4G sl\u0113pta kamera, kas mask\u0113ta k\u0101 d\u016bmu detektors - atbalsta WI fi 128gb\" \/>\n<meta name=\"twitter:description\" content=\"g slepena kamera ar sim karti. Nav nepiecie\u0161ams Wi fi savienojums - darbojas vis\u0101 pasaul\u0113. Augsta video kvalit\u0101te, t\u0101lru\u0146a lietotne. \u0100tra pieg\u0101de\" \/>\n<meta name=\"twitter:label1\" content=\"Est. reading time\" \/>\n\t<meta name=\"twitter:data1\" content=\"4 minutit\" \/>\n<script type=\"application\/ld+json\" class=\"yoast-schema-graph\">{\"@context\":\"https:\\\/\\\/schema.org\",\"@graph\":[{\"@type\":\"WebPage\",\"@id\":\"https:\\\/\\\/izsekosanasierices.lv\\\/produkts\\\/4g-kamera-ar-sim-karti-kas-masketa-ka-dumu-detektors\\\/\",\"url\":\"https:\\\/\\\/izsekosanasierices.lv\\\/produkts\\\/4g-kamera-ar-sim-karti-kas-masketa-ka-dumu-detektors\\\/\",\"name\":\"4G kamera ar SIM karti, kas mask\u0113ta k\u0101 d\u016bmu detektors\",\"isPartOf\":{\"@id\":\"https:\\\/\\\/izsekosanasierices.lv\\\/#website\"},\"primaryImageOfPage\":{\"@id\":\"https:\\\/\\\/izsekosanasierices.lv\\\/produkts\\\/4g-kamera-ar-sim-karti-kas-masketa-ka-dumu-detektors\\\/#primaryimage\"},\"image\":{\"@id\":\"https:\\\/\\\/izsekosanasierices.lv\\\/produkts\\\/4g-kamera-ar-sim-karti-kas-masketa-ka-dumu-detektors\\\/#primaryimage\"},\"thumbnailUrl\":\"https:\\\/\\\/izsekosanasierices.lv\\\/wp-content\\\/uploads\\\/izsekosanasierices-4g-kamera-uzmaskuota-signalizacijos-dumu-detektoriuje.jpg\",\"datePublished\":\"2023-10-05T15:37:25+00:00\",\"dateModified\":\"2025-11-19T13:54:15+00:00\",\"description\":\"Sl\u0113pta 4G kamera ar SIM karti. Nav nepiecie\u0161ams WiFi savienojums \u2013 t\u0101 darbojas vis\u0101 pasaul\u0113. Augsta video kvalit\u0101te, pieejama lietotne. \u0100tra pieg\u0101de.\",\"breadcrumb\":{\"@id\":\"https:\\\/\\\/izsekosanasierices.lv\\\/produkts\\\/4g-kamera-ar-sim-karti-kas-masketa-ka-dumu-detektors\\\/#breadcrumb\"},\"inLanguage\":\"et\",\"potentialAction\":[{\"@type\":\"ReadAction\",\"target\":[\"https:\\\/\\\/izsekosanasierices.lv\\\/produkts\\\/4g-kamera-ar-sim-karti-kas-masketa-ka-dumu-detektors\\\/\"]}]},{\"@type\":\"ImageObject\",\"inLanguage\":\"et\",\"@id\":\"https:\\\/\\\/izsekosanasierices.lv\\\/produkts\\\/4g-kamera-ar-sim-karti-kas-masketa-ka-dumu-detektors\\\/#primaryimage\",\"url\":\"https:\\\/\\\/izsekosanasierices.lv\\\/wp-content\\\/uploads\\\/izsekosanasierices-4g-kamera-uzmaskuota-signalizacijos-dumu-detektoriuje.jpg\",\"contentUrl\":\"https:\\\/\\\/izsekosanasierices.lv\\\/wp-content\\\/uploads\\\/izsekosanasierices-4g-kamera-uzmaskuota-signalizacijos-dumu-detektoriuje.jpg\",\"width\":598,\"height\":554,\"caption\":\"D\u016bm\u0173 detektorius su slapta kamera veikiantis 4g ry\u0161i\u0173 ( su sim kortele)\"},{\"@type\":\"BreadcrumbList\",\"@id\":\"https:\\\/\\\/izsekosanasierices.lv\\\/produkts\\\/4g-kamera-ar-sim-karti-kas-masketa-ka-dumu-detektors\\\/#breadcrumb\",\"itemListElement\":[{\"@type\":\"ListItem\",\"position\":1,\"name\":\"S\u0101kums\",\"item\":\"https:\\\/\\\/izsekosanasierices.lv\\\/\"},{\"@type\":\"ListItem\",\"position\":2,\"name\":\"Veikals\",\"item\":\"https:\\\/\\\/izsekosanasierices.lv\\\/veikals\\\/\"},{\"@type\":\"ListItem\",\"position\":3,\"name\":\"4G kamera ar SIM karti, kas mask\u0113ta k\u0101 d\u016bmu detektors\"}]},{\"@type\":\"WebSite\",\"@id\":\"https:\\\/\\\/izsekosanasierices.lv\\\/#website\",\"url\":\"https:\\\/\\\/izsekosanasierices.lv\\\/\",\"name\":\"Nr1 Izseko\u0161anas ier\u012bces gps izseko\u0161anas iek\u0101rtas, klaus\u012b\u0161an\u0101s iek\u0101rtas\",\"description\":\"\",\"potentialAction\":[{\"@type\":\"SearchAction\",\"target\":{\"@type\":\"EntryPoint\",\"urlTemplate\":\"https:\\\/\\\/izsekosanasierices.lv\\\/?s={search_term_string}\"},\"query-input\":{\"@type\":\"PropertyValueSpecification\",\"valueRequired\":true,\"valueName\":\"search_term_string\"}}],\"inLanguage\":\"et\"}]}<\/script>\n<!-- \/ Yoast SEO plugin. -->","yoast_head_json":{"title":"4G kamera ar SIM karti, kas mask\u0113ta k\u0101 d\u016bmu detektors","description":"Sl\u0113pta 4G kamera ar SIM karti. Nav nepiecie\u0161ams WiFi savienojums \u2013 t\u0101 darbojas vis\u0101 pasaul\u0113. Augsta video kvalit\u0101te, pieejama lietotne. \u0100tra pieg\u0101de.","robots":{"index":"index","follow":"follow","max-snippet":"max-snippet:-1","max-image-preview":"max-image-preview:large","max-video-preview":"max-video-preview:-1"},"canonical":"https:\/\/izsekosanasierices.lv\/et\/produkts\/4g-kaamera-koos-sim-kaardiga-mis-maskeerib-suitsuanduri\/","og_locale":"et_EE","og_type":"article","og_title":"4G sl\u0113pta kamera, kas mask\u0113ta k\u0101 d\u016bmu detektors - atbalsta WI fi 128gb","og_description":"g slepena kamera ar sim karti. Nav nepiecie\u0161ams Wi fi savienojums - darbojas vis\u0101 pasaul\u0113. Augsta video kvalit\u0101te, t\u0101lru\u0146a lietotne. \u0100tra pieg\u0101de","og_url":"https:\/\/izsekosanasierices.lv\/et\/produkts\/4g-kaamera-koos-sim-kaardiga-mis-maskeerib-suitsuanduri\/","og_site_name":"Nr1 Izseko\u0161anas ier\u012bces gps izseko\u0161anas iek\u0101rtas, klaus\u012b\u0161an\u0101s iek\u0101rtas","article_modified_time":"2025-11-19T13:54:15+00:00","og_image":[{"url":"https:\/\/rvnski.dev\/sekimoiranga\/wp-content\/uploads\/izsekosanasierices.webp","type":"","width":"","height":""}],"twitter_card":"summary_large_image","twitter_title":"4G sl\u0113pta kamera, kas mask\u0113ta k\u0101 d\u016bmu detektors - atbalsta WI fi 128gb","twitter_description":"g slepena kamera ar sim karti. Nav nepiecie\u0161ams Wi fi savienojums - darbojas vis\u0101 pasaul\u0113. Augsta video kvalit\u0101te, t\u0101lru\u0146a lietotne. \u0100tra pieg\u0101de","twitter_misc":{"Est. reading time":"4 minutit"},"schema":{"@context":"https:\/\/schema.org","@graph":[{"@type":"WebPage","@id":"https:\/\/izsekosanasierices.lv\/produkts\/4g-kamera-ar-sim-karti-kas-masketa-ka-dumu-detektors\/","url":"https:\/\/izsekosanasierices.lv\/produkts\/4g-kamera-ar-sim-karti-kas-masketa-ka-dumu-detektors\/","name":"4G kamera ar SIM karti, kas mask\u0113ta k\u0101 d\u016bmu detektors","isPartOf":{"@id":"https:\/\/izsekosanasierices.lv\/#website"},"primaryImageOfPage":{"@id":"https:\/\/izsekosanasierices.lv\/produkts\/4g-kamera-ar-sim-karti-kas-masketa-ka-dumu-detektors\/#primaryimage"},"image":{"@id":"https:\/\/izsekosanasierices.lv\/produkts\/4g-kamera-ar-sim-karti-kas-masketa-ka-dumu-detektors\/#primaryimage"},"thumbnailUrl":"https:\/\/izsekosanasierices.lv\/wp-content\/uploads\/izsekosanasierices-4g-kamera-uzmaskuota-signalizacijos-dumu-detektoriuje.jpg","datePublished":"2023-10-05T15:37:25+00:00","dateModified":"2025-11-19T13:54:15+00:00","description":"Sl\u0113pta 4G kamera ar SIM karti. Nav nepiecie\u0161ams WiFi savienojums \u2013 t\u0101 darbojas vis\u0101 pasaul\u0113. Augsta video kvalit\u0101te, pieejama lietotne. \u0100tra pieg\u0101de.","breadcrumb":{"@id":"https:\/\/izsekosanasierices.lv\/produkts\/4g-kamera-ar-sim-karti-kas-masketa-ka-dumu-detektors\/#breadcrumb"},"inLanguage":"et","potentialAction":[{"@type":"ReadAction","target":["https:\/\/izsekosanasierices.lv\/produkts\/4g-kamera-ar-sim-karti-kas-masketa-ka-dumu-detektors\/"]}]},{"@type":"ImageObject","inLanguage":"et","@id":"https:\/\/izsekosanasierices.lv\/produkts\/4g-kamera-ar-sim-karti-kas-masketa-ka-dumu-detektors\/#primaryimage","url":"https:\/\/izsekosanasierices.lv\/wp-content\/uploads\/izsekosanasierices-4g-kamera-uzmaskuota-signalizacijos-dumu-detektoriuje.jpg","contentUrl":"https:\/\/izsekosanasierices.lv\/wp-content\/uploads\/izsekosanasierices-4g-kamera-uzmaskuota-signalizacijos-dumu-detektoriuje.jpg","width":598,"height":554,"caption":"D\u016bm\u0173 detektorius su slapta kamera veikiantis 4g ry\u0161i\u0173 ( su sim kortele)"},{"@type":"BreadcrumbList","@id":"https:\/\/izsekosanasierices.lv\/produkts\/4g-kamera-ar-sim-karti-kas-masketa-ka-dumu-detektors\/#breadcrumb","itemListElement":[{"@type":"ListItem","position":1,"name":"S\u0101kums","item":"https:\/\/izsekosanasierices.lv\/"},{"@type":"ListItem","position":2,"name":"Veikals","item":"https:\/\/izsekosanasierices.lv\/veikals\/"},{"@type":"ListItem","position":3,"name":"4G kamera ar SIM karti, kas mask\u0113ta k\u0101 d\u016bmu detektors"}]},{"@type":"WebSite","@id":"https:\/\/izsekosanasierices.lv\/#website","url":"https:\/\/izsekosanasierices.lv\/","name":"Nr1 Izseko\u0161anas ier\u012bces gps izseko\u0161anas iek\u0101rtas, klaus\u012b\u0161an\u0101s iek\u0101rtas","description":"","potentialAction":[{"@type":"SearchAction","target":{"@type":"EntryPoint","urlTemplate":"https:\/\/izsekosanasierices.lv\/?s={search_term_string}"},"query-input":{"@type":"PropertyValueSpecification","valueRequired":true,"valueName":"search_term_string"}}],"inLanguage":"et"}]}},"_links":{"self":[{"href":"https:\/\/izsekosanasierices.lv\/et\/wp-json\/wp\/v2\/product\/1287","targetHints":{"allow":["GET"]}}],"collection":[{"href":"https:\/\/izsekosanasierices.lv\/et\/wp-json\/wp\/v2\/product"}],"about":[{"href":"https:\/\/izsekosanasierices.lv\/et\/wp-json\/wp\/v2\/types\/product"}],"wp:featuredmedia":[{"embeddable":true,"href":"https:\/\/izsekosanasierices.lv\/et\/wp-json\/wp\/v2\/media\/1759"}],"wp:attachment":[{"href":"https:\/\/izsekosanasierices.lv\/et\/wp-json\/wp\/v2\/media?parent=1287"}],"wp:term":[{"taxonomy":"product_brand","embeddable":true,"href":"https:\/\/izsekosanasierices.lv\/et\/wp-json\/wp\/v2\/product_brand?post=1287"},{"taxonomy":"product_cat","embeddable":true,"href":"https:\/\/izsekosanasierices.lv\/et\/wp-json\/wp\/v2\/product_cat?post=1287"},{"taxonomy":"product_tag","embeddable":true,"href":"https:\/\/izsekosanasierices.lv\/et\/wp-json\/wp\/v2\/product_tag?post=1287"}],"curies":[{"name":"wp","href":"https:\/\/api.w.org\/{rel}","templated":true}]}}