{"id":1288,"date":"2023-10-05T15:37:25","date_gmt":"2023-10-05T15:37:25","guid":{"rendered":"https:\/\/izsekosanasierices.lv\/produktas\/black-box-slapta-kamera-su-pir-davikliu\/"},"modified":"2025-11-19T15:36:48","modified_gmt":"2025-11-19T13:36:48","slug":"slepta-kamera-black-box-ar-pir-sensoru","status":"publish","type":"product","link":"https:\/\/izsekosanasierices.lv\/et\/produkts\/varjatud-kaamera-must-kast-koos-pir-sensoriga\/","title":{"rendered":"Must BOX peidetud kaamera PIR-anduriga"},"content":{"rendered":"<p><strong>PROMOTION: 32 GB micro SD kingitusena <\/strong><\/p>\n<p><strong>Tehnilised parameetrid:<\/strong><\/p>\n<ul>\n<li>Kaugvideo vaatamine: JAH<\/li>\n<li>Video salvestamine koos heliga<\/li>\n<li>Objektiiv: OV9712 2mpx<\/li>\n<li>\u00d6\u00f6n\u00e4gemine: 5 m<\/li>\n<li>Pildi kvaliteet: eelvaade: HD 1920*1080<\/li>\n<li>Foto resolutsioon: 1920*1080<\/li>\n<li>Objektiiv: 90-kraadine vaatenurk<\/li>\n<li>Video: 1 h. 1 gb<\/li>\n<li>Kaadrisagedus: 25FPS<\/li>\n<li><em>Push<\/em> teadaanded<\/li>\n<li>M\u00e4lukaardi tugi: 4 GB kuni 128 GB (kaart ei kuulu komplekti)<\/li>\n<li>Videovalve: telefoni v\u00f5i arvutiga (otse\u00fclekanne internetis)<\/li>\n<li>T\u00f6\u00f6aeg: 24 tundi \u00f6\u00f6p\u00e4evas, 7 p\u00e4eva n\u00e4dalas, pideva toiteallikaga.<\/li>\n<li>Aku: 5000 mAh (10 tundi ilma vooluta)<\/li>\n<li>Liikumistuvastus: jah<\/li>\n<li>Pakkimisformaat: avi H.264<\/li>\n<li>Video formaat: avi<\/li>\n<li>S\u00fcsteemid: iOS, Android, Windows<\/li>\n<li>Programm: saadaval<\/li>\n<li>Toiteallikas: sisemine v\u00f5i v\u00e4line aku; 5 V toitepistikupesa<\/li>\n<li>Wi-Fi: jah<\/li>\n<li><strong>Garantii 12 kuud<\/strong><\/li>\n<\/ul>\n<p><span style=\"color: #ff0000;\"><strong>Vajad kiiret sama p\u00e4eva (ja n\u00e4dalavahetuse) kohaletoimetamist?  Helistage +37120484176<\/strong><\/span><\/p>\n<p>Kasutamine: enda kaitseks, laste kaitseks.<\/p>\n<p><strong>Varjatud peidetud kaamera, mis t\u00f6\u00f6tab <\/strong><strong>WiFi<\/strong><strong> veebis<\/strong><\/p>\n<p>Varjatud kaamerate kasutamine ei ole t\u00e4nap\u00e4eval uus ja nende rakendused on l\u00f5putud: meil on sageli terviseprobleemidega vanemad, me elame eraldi ja kaamerad v\u00f5imaldavad kaugj\u00e4lgimist. Kaamerad aitavad kaitsta koju j\u00e4etud alaealisi lapsi. N\u00e4htavate kaamerate valimine ei v\u00f5imalda alati v\u00e4lja selgitada, kuidas teatud isikud k\u00e4ituvad, kui neid ei j\u00e4lgita jne. Seet\u00f5ttu v\u00f5ib peidetud kaamera kasutamine olla paljudel juhtudel parim lahendus: see aitab alati saada soovitud teavet v\u00f5i kaitsta ruumides olevaid objekte. Peidetud kaamera, mis t\u00f6\u00f6tab <strong>WiFi<\/strong> v\u00f5rgus, on alati parim valik: seda on v\u00e4ga lihtne kasutada ja seda saab kasutada ka kontorites ja mujal.<\/p>\n<p><strong>Reaalajas j\u00e4lgimine<\/strong><\/p>\n<p>Varjatud kaamera v\u00f5imaldab teil j\u00e4lgida reaalajas tehtud pilte: olenemata sellest, kus te olete, saate igal ajal rakendusse sisse logida, et n\u00e4ha, mis toimub j\u00e4lgitavas keskkonnas. Kui kahtlustate, et ruumis v\u00f5ib toimuda midagi olulist, logige rakendusse sisse. Salakaameral on veel \u00fcks v\u00e4ga oluline funktsioon - PIR-liikumisandur, mis tuvastab liikumise ja teavitab teid s\u00f5numi saatmisega. Te ei pea pidevalt j\u00e4lgima, mis ruumis toimub, sest saate teateid ainult siis, kui j\u00e4lgitavas keskkonnas midagi toimub.<\/p>\n<p><strong>Pidev videosalvestus<\/strong><\/p>\n<p>Kuigi see salajane kaamera t\u00f6\u00f6tab kasutades <strong>WiFi<\/strong> v\u00f5rku ning ootamatute internetikatkestuste korral saate alati n\u00e4ha, mis toimub siseruumides, kui logite rakendusse sisse. Sa ei saa pilte reaalajas vaadata, kuid see ei t\u00e4henda, et j\u00e4\u00e4dvustatud pildid ei j\u00f5uaks sinuni: videosalvestus on pidev, nii et saad need igal ajal arvutisse \u00fcle kanda, et n\u00e4ha, mis toimub vaadeldavas keskkonnas. Varjatud kaamera toetab kuni 128 GB suuruseid micro SD-kaarte, nii et saad salvestada t\u00f5eliselt suuri andmemahte.<\/p>\n<p><strong>V\u00f5imas kaamera aku<\/strong><\/p>\n<p>Varjatud kaameral on eriti v\u00f5imas aku (kuni 5000 mAh), mis suudab salvestada kuni 10 tundi ilma laadimiseta. Kui olete mures, et aku t\u00fchjenemine takistab teil midagi olulist j\u00e4\u00e4dvustamast, saate kaamera vooluv\u00f5rku \u00fchendada ja see salvestab pilte ja videoid 24\/7.<\/p>\n<p><strong>\u00d6\u00f6vaatlusfunktsioon<\/strong><\/p>\n<p>Videosalvestus v\u00f5ib olla kuum teema mitte ainult p\u00e4eval, vaid ka \u00f6\u00f6sel, nii et see peidetud kaamera v\u00f5ib olla hea valik: pimedas suudab kaamera j\u00e4\u00e4dvustada videot 5 meetri raadiuses, nii et sa t\u00f5esti ei j\u00e4ta midagi olulist kahe silma vahele isegi siis, kui valgust ei ole piisavalt palju. Ka pimedas tehtud piltide kvaliteet on piisavalt hea, seega ei ole oluline, kui siseruumides ei ole valgusk\u00fcllane.<\/p>\n<p><strong>K\u00f5rge videokvaliteet<\/strong><\/p>\n<p>Kaamera valimisel on videokvaliteet sageli \u00fcks olulisemaid kriteeriume, seega on see peidetud kaamera \u00fcks parimaid valikuid. Pole vaja muretseda, et videod v\u00f5tavad m\u00e4lukaardil liiga palju ruumi: H.264 videokodeerimine v\u00f5imaldab salvestada teavet s\u00e4\u00e4stlikult (tund videot v\u00f5tab umbes 1 GB m\u00e4lu).<\/p>\n<p><strong>Lai valik rakendusi<\/strong><\/p>\n<p>Varjatud kaamerat saab kasutada mitmel eesm\u00e4rgil: kontrollida, et t\u00f6\u00f6tajad k\u00e4ituksid t\u00f6\u00f6l olles korralikult ja ei harrastaks soovimatut k\u00e4itumist, kontrollida, et teie koju tulev lapsehoidja ei varastaks ja k\u00e4ituks teie lastega korralikult jne. Salakaamerad on kasulikud ka siis, kui soovite teada, mida teie lapsed kodus teevad, v\u00f5i kui soovite veenduda, et teie teine pool on truu.<\/p>\n<p><strong>Osta n\u00fc\u00fcd salajane kaamera!<\/strong><\/p>\n<p>Parem on olla ettevaatlik, kui olla stressis, seega v\u00f5ib salakaamera ostmine olla kasulik paljudes olukordades. T\u00e4nap\u00e4eval on v\u00f5imalik osta peidetud filmimisseadmeid t\u00f5eliselt hea hinnaga, nii et \u00e4rge laske kahtlustel oma meelt vallutada - peidetud kaamera aitab teil saada vajalikku teavet kiiresti ja lihtsalt.<\/p>","protected":false},"excerpt":{"rendered":"<p>K\u00f5rge pildikvaliteediga salajane kaamera. Lihtne kasutada. \u00d6\u00f6vaatlus. Suur valik salakaameraid. Madalad hinnad. Koolitus nende kasutamiseks.<\/p>","protected":false},"featured_media":1760,"template":"","meta":[],"product_brand":[],"product_cat":[330,321,331],"product_tag":[332,325,23,333,334,328,29],"class_list":{"0":"post-1288","1":"product","2":"type-product","3":"status-publish","4":"has-post-thumbnail","6":"product_cat-masketas-kameras","7":"product_cat-sleptas-kameras","8":"product_cat-wi-fi-slepenas-kameras","9":"product_tag-izsekosanas-iekartas","10":"product_tag-izsekosanas-kamera","11":"product_tag-kamera","12":"product_tag-kameras-pulkstenis","13":"product_tag-masketa-kamera","14":"product_tag-slepena-kamera","15":"product_tag-wi-fi-kamera","17":"first","18":"outofstock","19":"taxable","20":"shipping-taxable","21":"purchasable","22":"product-type-simple"},"yoast_head":"<!-- This site is optimized with the Yoast SEO plugin v27.5 - https:\/\/yoast.com\/product\/yoast-seo-wordpress\/ -->\n<title>Sl\u0113pt\u0101 kamera Black BOX ar PIR sensoru<\/title>\n<meta name=\"description\" content=\"Slepen\u0101 kamera ar augstas kvalit\u0101tes att\u0113lu. Viegli lietojama. Nakts redzam\u012bba. Liels slepeno kameru kl\u0101sts. Zemas cenas. Apm\u0101c\u012bba par to, k\u0101 t\u0101s lietot.\" \/>\n<meta name=\"robots\" content=\"index, follow, max-snippet:-1, max-image-preview:large, max-video-preview:-1\" \/>\n<link rel=\"canonical\" href=\"https:\/\/izsekosanasierices.lv\/et\/produkts\/varjatud-kaamera-must-kast-koos-pir-sensoriga\/\" \/>\n<meta property=\"og:locale\" content=\"et_EE\" \/>\n<meta property=\"og:type\" content=\"article\" \/>\n<meta property=\"og:title\" content=\"Black BOX sl\u0113pta kamera ar PIR sensoru ar ilgu kalpo\u0161anas laiku\" \/>\n<meta property=\"og:description\" content=\"Slepen\u0101 kamera ar melno kast\u012bti un augstas kvalit\u0101tes att\u0113lu. Viegli lietojams, nakts redzam\u012bba. Liels slepeno kameru kl\u0101sts. Zemas cenas Apm\u0101c\u012bba par to, k\u0101 lietot\" \/>\n<meta property=\"og:url\" content=\"https:\/\/izsekosanasierices.lv\/et\/produkts\/varjatud-kaamera-must-kast-koos-pir-sensoriga\/\" \/>\n<meta property=\"og:site_name\" content=\"Nr1 Izseko\u0161anas ier\u012bces gps izseko\u0161anas iek\u0101rtas, klaus\u012b\u0161an\u0101s iek\u0101rtas\" \/>\n<meta property=\"article:modified_time\" content=\"2025-11-19T13:36:48+00:00\" \/>\n<meta property=\"og:image\" content=\"https:\/\/rvnski.dev\/sekimoiranga\/wp-content\/uploads\/izsekosanasierices.webp\" \/>\n<meta name=\"twitter:card\" content=\"summary_large_image\" \/>\n<meta name=\"twitter:title\" content=\"Black BOX sl\u0113pta kamera ar PIR sensoru ar ilgu kalpo\u0161anas laiku\" \/>\n<meta name=\"twitter:description\" content=\"Slepen\u0101 kamera ar melno kast\u012bti un augstas kvalit\u0101tes att\u0113lu. Viegli lietojams, nakts redzam\u012bba. Liels slepeno kameru kl\u0101sts. Zemas cenas Apm\u0101c\u012bba par to, k\u0101 lietot\" \/>\n<meta name=\"twitter:label1\" content=\"Est. reading time\" \/>\n\t<meta name=\"twitter:data1\" content=\"4 minutit\" \/>\n<script type=\"application\/ld+json\" class=\"yoast-schema-graph\">{\"@context\":\"https:\\\/\\\/schema.org\",\"@graph\":[{\"@type\":\"WebPage\",\"@id\":\"https:\\\/\\\/izsekosanasierices.lv\\\/produkts\\\/slepta-kamera-black-box-ar-pir-sensoru\\\/\",\"url\":\"https:\\\/\\\/izsekosanasierices.lv\\\/produkts\\\/slepta-kamera-black-box-ar-pir-sensoru\\\/\",\"name\":\"Sl\u0113pt\u0101 kamera Black BOX ar PIR sensoru\",\"isPartOf\":{\"@id\":\"https:\\\/\\\/izsekosanasierices.lv\\\/#website\"},\"primaryImageOfPage\":{\"@id\":\"https:\\\/\\\/izsekosanasierices.lv\\\/produkts\\\/slepta-kamera-black-box-ar-pir-sensoru\\\/#primaryimage\"},\"image\":{\"@id\":\"https:\\\/\\\/izsekosanasierices.lv\\\/produkts\\\/slepta-kamera-black-box-ar-pir-sensoru\\\/#primaryimage\"},\"thumbnailUrl\":\"https:\\\/\\\/izsekosanasierices.lv\\\/wp-content\\\/uploads\\\/izsekosanasierices-black-box-slapta-kamera-su-pir-davikliu.jpg\",\"datePublished\":\"2023-10-05T15:37:25+00:00\",\"dateModified\":\"2025-11-19T13:36:48+00:00\",\"description\":\"Slepen\u0101 kamera ar augstas kvalit\u0101tes att\u0113lu. Viegli lietojama. Nakts redzam\u012bba. Liels slepeno kameru kl\u0101sts. Zemas cenas. Apm\u0101c\u012bba par to, k\u0101 t\u0101s lietot.\",\"breadcrumb\":{\"@id\":\"https:\\\/\\\/izsekosanasierices.lv\\\/produkts\\\/slepta-kamera-black-box-ar-pir-sensoru\\\/#breadcrumb\"},\"inLanguage\":\"et\",\"potentialAction\":[{\"@type\":\"ReadAction\",\"target\":[\"https:\\\/\\\/izsekosanasierices.lv\\\/produkts\\\/slepta-kamera-black-box-ar-pir-sensoru\\\/\"]}]},{\"@type\":\"ImageObject\",\"inLanguage\":\"et\",\"@id\":\"https:\\\/\\\/izsekosanasierices.lv\\\/produkts\\\/slepta-kamera-black-box-ar-pir-sensoru\\\/#primaryimage\",\"url\":\"https:\\\/\\\/izsekosanasierices.lv\\\/wp-content\\\/uploads\\\/izsekosanasierices-black-box-slapta-kamera-su-pir-davikliu.jpg\",\"contentUrl\":\"https:\\\/\\\/izsekosanasierices.lv\\\/wp-content\\\/uploads\\\/izsekosanasierices-black-box-slapta-kamera-su-pir-davikliu.jpg\",\"width\":458,\"height\":458,\"caption\":\"Slapta kamera Seciurity BOX su pir davikliu ir wi fi\"},{\"@type\":\"BreadcrumbList\",\"@id\":\"https:\\\/\\\/izsekosanasierices.lv\\\/produkts\\\/slepta-kamera-black-box-ar-pir-sensoru\\\/#breadcrumb\",\"itemListElement\":[{\"@type\":\"ListItem\",\"position\":1,\"name\":\"S\u0101kums\",\"item\":\"https:\\\/\\\/izsekosanasierices.lv\\\/\"},{\"@type\":\"ListItem\",\"position\":2,\"name\":\"Veikals\",\"item\":\"https:\\\/\\\/izsekosanasierices.lv\\\/veikals\\\/\"},{\"@type\":\"ListItem\",\"position\":3,\"name\":\"Sl\u0113pt\u0101 kamera Black BOX ar PIR sensoru\"}]},{\"@type\":\"WebSite\",\"@id\":\"https:\\\/\\\/izsekosanasierices.lv\\\/#website\",\"url\":\"https:\\\/\\\/izsekosanasierices.lv\\\/\",\"name\":\"Nr1 Izseko\u0161anas ier\u012bces gps izseko\u0161anas iek\u0101rtas, klaus\u012b\u0161an\u0101s iek\u0101rtas\",\"description\":\"\",\"potentialAction\":[{\"@type\":\"SearchAction\",\"target\":{\"@type\":\"EntryPoint\",\"urlTemplate\":\"https:\\\/\\\/izsekosanasierices.lv\\\/?s={search_term_string}\"},\"query-input\":{\"@type\":\"PropertyValueSpecification\",\"valueRequired\":true,\"valueName\":\"search_term_string\"}}],\"inLanguage\":\"et\"}]}<\/script>\n<!-- \/ Yoast SEO plugin. -->","yoast_head_json":{"title":"Sl\u0113pt\u0101 kamera Black BOX ar PIR sensoru","description":"Slepen\u0101 kamera ar augstas kvalit\u0101tes att\u0113lu. Viegli lietojama. Nakts redzam\u012bba. Liels slepeno kameru kl\u0101sts. Zemas cenas. Apm\u0101c\u012bba par to, k\u0101 t\u0101s lietot.","robots":{"index":"index","follow":"follow","max-snippet":"max-snippet:-1","max-image-preview":"max-image-preview:large","max-video-preview":"max-video-preview:-1"},"canonical":"https:\/\/izsekosanasierices.lv\/et\/produkts\/varjatud-kaamera-must-kast-koos-pir-sensoriga\/","og_locale":"et_EE","og_type":"article","og_title":"Black BOX sl\u0113pta kamera ar PIR sensoru ar ilgu kalpo\u0161anas laiku","og_description":"Slepen\u0101 kamera ar melno kast\u012bti un augstas kvalit\u0101tes att\u0113lu. Viegli lietojams, nakts redzam\u012bba. Liels slepeno kameru kl\u0101sts. Zemas cenas Apm\u0101c\u012bba par to, k\u0101 lietot","og_url":"https:\/\/izsekosanasierices.lv\/et\/produkts\/varjatud-kaamera-must-kast-koos-pir-sensoriga\/","og_site_name":"Nr1 Izseko\u0161anas ier\u012bces gps izseko\u0161anas iek\u0101rtas, klaus\u012b\u0161an\u0101s iek\u0101rtas","article_modified_time":"2025-11-19T13:36:48+00:00","og_image":[{"url":"https:\/\/rvnski.dev\/sekimoiranga\/wp-content\/uploads\/izsekosanasierices.webp","type":"","width":"","height":""}],"twitter_card":"summary_large_image","twitter_title":"Black BOX sl\u0113pta kamera ar PIR sensoru ar ilgu kalpo\u0161anas laiku","twitter_description":"Slepen\u0101 kamera ar melno kast\u012bti un augstas kvalit\u0101tes att\u0113lu. Viegli lietojams, nakts redzam\u012bba. Liels slepeno kameru kl\u0101sts. Zemas cenas Apm\u0101c\u012bba par to, k\u0101 lietot","twitter_misc":{"Est. reading time":"4 minutit"},"schema":{"@context":"https:\/\/schema.org","@graph":[{"@type":"WebPage","@id":"https:\/\/izsekosanasierices.lv\/produkts\/slepta-kamera-black-box-ar-pir-sensoru\/","url":"https:\/\/izsekosanasierices.lv\/produkts\/slepta-kamera-black-box-ar-pir-sensoru\/","name":"Sl\u0113pt\u0101 kamera Black BOX ar PIR sensoru","isPartOf":{"@id":"https:\/\/izsekosanasierices.lv\/#website"},"primaryImageOfPage":{"@id":"https:\/\/izsekosanasierices.lv\/produkts\/slepta-kamera-black-box-ar-pir-sensoru\/#primaryimage"},"image":{"@id":"https:\/\/izsekosanasierices.lv\/produkts\/slepta-kamera-black-box-ar-pir-sensoru\/#primaryimage"},"thumbnailUrl":"https:\/\/izsekosanasierices.lv\/wp-content\/uploads\/izsekosanasierices-black-box-slapta-kamera-su-pir-davikliu.jpg","datePublished":"2023-10-05T15:37:25+00:00","dateModified":"2025-11-19T13:36:48+00:00","description":"Slepen\u0101 kamera ar augstas kvalit\u0101tes att\u0113lu. Viegli lietojama. Nakts redzam\u012bba. Liels slepeno kameru kl\u0101sts. Zemas cenas. Apm\u0101c\u012bba par to, k\u0101 t\u0101s lietot.","breadcrumb":{"@id":"https:\/\/izsekosanasierices.lv\/produkts\/slepta-kamera-black-box-ar-pir-sensoru\/#breadcrumb"},"inLanguage":"et","potentialAction":[{"@type":"ReadAction","target":["https:\/\/izsekosanasierices.lv\/produkts\/slepta-kamera-black-box-ar-pir-sensoru\/"]}]},{"@type":"ImageObject","inLanguage":"et","@id":"https:\/\/izsekosanasierices.lv\/produkts\/slepta-kamera-black-box-ar-pir-sensoru\/#primaryimage","url":"https:\/\/izsekosanasierices.lv\/wp-content\/uploads\/izsekosanasierices-black-box-slapta-kamera-su-pir-davikliu.jpg","contentUrl":"https:\/\/izsekosanasierices.lv\/wp-content\/uploads\/izsekosanasierices-black-box-slapta-kamera-su-pir-davikliu.jpg","width":458,"height":458,"caption":"Slapta kamera Seciurity BOX su pir davikliu ir wi fi"},{"@type":"BreadcrumbList","@id":"https:\/\/izsekosanasierices.lv\/produkts\/slepta-kamera-black-box-ar-pir-sensoru\/#breadcrumb","itemListElement":[{"@type":"ListItem","position":1,"name":"S\u0101kums","item":"https:\/\/izsekosanasierices.lv\/"},{"@type":"ListItem","position":2,"name":"Veikals","item":"https:\/\/izsekosanasierices.lv\/veikals\/"},{"@type":"ListItem","position":3,"name":"Sl\u0113pt\u0101 kamera Black BOX ar PIR sensoru"}]},{"@type":"WebSite","@id":"https:\/\/izsekosanasierices.lv\/#website","url":"https:\/\/izsekosanasierices.lv\/","name":"Nr1 Izseko\u0161anas ier\u012bces gps izseko\u0161anas iek\u0101rtas, klaus\u012b\u0161an\u0101s iek\u0101rtas","description":"","potentialAction":[{"@type":"SearchAction","target":{"@type":"EntryPoint","urlTemplate":"https:\/\/izsekosanasierices.lv\/?s={search_term_string}"},"query-input":{"@type":"PropertyValueSpecification","valueRequired":true,"valueName":"search_term_string"}}],"inLanguage":"et"}]}},"_links":{"self":[{"href":"https:\/\/izsekosanasierices.lv\/et\/wp-json\/wp\/v2\/product\/1288","targetHints":{"allow":["GET"]}}],"collection":[{"href":"https:\/\/izsekosanasierices.lv\/et\/wp-json\/wp\/v2\/product"}],"about":[{"href":"https:\/\/izsekosanasierices.lv\/et\/wp-json\/wp\/v2\/types\/product"}],"wp:featuredmedia":[{"embeddable":true,"href":"https:\/\/izsekosanasierices.lv\/et\/wp-json\/wp\/v2\/media\/1760"}],"wp:attachment":[{"href":"https:\/\/izsekosanasierices.lv\/et\/wp-json\/wp\/v2\/media?parent=1288"}],"wp:term":[{"taxonomy":"product_brand","embeddable":true,"href":"https:\/\/izsekosanasierices.lv\/et\/wp-json\/wp\/v2\/product_brand?post=1288"},{"taxonomy":"product_cat","embeddable":true,"href":"https:\/\/izsekosanasierices.lv\/et\/wp-json\/wp\/v2\/product_cat?post=1288"},{"taxonomy":"product_tag","embeddable":true,"href":"https:\/\/izsekosanasierices.lv\/et\/wp-json\/wp\/v2\/product_tag?post=1288"}],"curies":[{"name":"wp","href":"https:\/\/api.w.org\/{rel}","templated":true}]}}