{"id":1292,"date":"2023-10-05T15:37:25","date_gmt":"2023-10-05T15:37:25","guid":{"rendered":"https:\/\/izsekosanasierices.lv\/produktas\/visus-rysius-blokuojantis-deklas-apsauga-nuo-pasiklausymo\/"},"modified":"2026-04-29T19:35:48","modified_gmt":"2026-04-29T16:35:48","slug":"visu-sakaru-blokesanas-ierice-aizsardziba-pret-noklausisanos","status":"publish","type":"product","link":"https:\/\/izsekosanasierices.lv\/et\/produkts\/pealtkuulamiskaitse-kogu-side-puhul\/","title":{"rendered":"K\u00f5iki sidevahendeid blokeeriv seade - pealtkuulamiskaitse"},"content":{"rendered":"<h3><strong>Tehnilised parameetrid:<\/strong><\/h3>\n<ul>\n<li>M\u00f5\u00f5tmed: 19,5 x 10 x 0,5 cm<\/li>\n<li>Side lukustus: GSM, GPS , WiFI, BLUETOOTH, VHF, UHF, 3G, 4G, 5G, KEYLESS GO<\/li>\n<li>Materjal: kunstnahk<\/li>\n<li>Sobib: mobiiltelefonidele, autov\u00f5tmetele<\/li>\n<li>Garantii 6 kuud<\/li>\n<\/ul>\n<p><span style=\"color: #ff0000;\"><strong>Vajad kiiret sama p\u00e4eva (ja n\u00e4dalavahetuse) kohaletoimetamist? Helistage +371-20484176<\/strong><\/span><\/p>\n<p><strong>\u00dchendust blokeeriv mobiiltelefoni \u00fcmbris - kaitse pealtkuulamise ja asukoha m\u00e4\u00e4ramise eest<\/strong><\/p>\n<p>Isiklik ruum on iga\u00fche jaoks oluline ja seda ei ole kunagi tore rikkuda. Kui olete mures, et teie vestlusi v\u00f5idakse pealt kuulata, v\u00f5ite kasutada spetsiaalset seadet, mis aitab teil sellega toime tulla. Mida on vaja teha? Valige \u00fchendust blokeeriv mobiiltelefonikott ja saate t\u00e4ieliku meelerahu, et teie vestlused j\u00e4\u00e4vad privaatsemaks - te ei pea telefoni v\u00e4lja l\u00fclitama ega lahkuma.<\/p>\n<p><strong>See \u00fcmbris sobib erinevatele telefonimudelitele.<\/strong><\/p>\n<p>\u00dchendust lukustava telefonikoti suurus sobib enamikule suurematele mobiiltelefonidele. Kuigi on kartusi, et \u00fchenduslukustus v\u00f5ib teie mobiiltelefoni kahjustada, on need p\u00f5hjendamatud: see \u00fcmbris ei kiirga kahjulikku kiirgust (ainult elektromagnetlaineid). Sellel on kaks taskut: kui panete oma seadme \u00fchte lahtrisse, t\u00f6\u00f6tab telefon tavap\u00e4raselt, kuid kui soovite \u00fchendusi blokeerida, v\u00f5ite valida teise lahtri. Teine eelis on see, et olete kaitstud kahjuliku elektromagnetilise kiirguse eest, kui kasutate telefoni tavare\u017eiimis.<\/p>\n<p><strong>Veelgi rohkem mugavust<\/strong><\/p>\n<p>Tavaliselt peate telefoni v\u00e4lja l\u00fclitama ja aku v\u00e4lja v\u00f5tma, kui soovite v\u00e4ltida pealtkuulamist, kuid \u00fchenduse lukustava \u00fcmbrise puhul ei pea te selle p\u00e4rast muretsema - k\u00f5ik, mida peate tegema, on panna oma mobiilse seadme \u00fcmbrise vastavasse lahtrisse. Selline \u00fcmbris v\u00f5ib pakkuda palju suuremat turvalisust, sest moodsad telefoni j\u00e4lgimisrakendused suudavad seadmeid leida isegi siis, kui seade on v\u00e4lja l\u00fclitatud. Lisaks on m\u00f5nel uuemal telefonil juba eemaldamata akud, mis muudab privaatsuse tagamise keerulisemaks. Kui telefon on v\u00e4lja l\u00fclitatud ja aku eemaldatud, kulub palju aega, enne kui telefon uuesti sisse l\u00fclitub ja k\u00f5nesid vastu v\u00f5tma hakkab (m\u00f5nikord j\u00e4\u00e4vad olulised k\u00f5ned vahele). \u00dchendust lukustav telefonikott teeb asja palju lihtsamaks: kui v\u00f5tate mobiilseadme v\u00e4lja, saate kohe helistada v\u00f5i k\u00f5nesid vastu v\u00f5tta.<\/p>\n<p><strong>Erinevate \u00fchenduste blokeerimine<\/strong><\/p>\n<p>Telefonikate koos kommunikatsioonilukuga on universaalne - see hoiab eemal elektromagnetilise kiirguse (Bluetooth, Wi-Fi, GSM, 3G, 4G, UHF, VHF) ja staatilise elektri. Seet\u00f5ttu saab sideblokeeringuga \u00fcmbrist kasutada mitte ainult mobiilsideseadmete, vaid ka mitmesuguste muude esemete puhul: autoalarm, pangakaart, kiibiga ID-kaart jne. See \u00fcmbris aitab v\u00e4ltida konfidentsiaalse teabe skaneerimist ja kaitseb kiipide v\u00f5imalike staatiliste kahjustuste eest.<\/p>\n<p><strong>Teie ohutus on esmat\u00e4htis<\/strong><\/p>\n<p>T\u00e4nap\u00e4eval, mil tehnoloogiat kasutatakse sageli mitmesuguseks kuritegelikuks tegevuseks, on eriti oluline hoolitseda oma turvalisuse eest. \u00d5nneks ei ole seda nii raske teha, sest \u00fchendust blokeeriva \u00fcmbrise kasutamine t\u00e4hendab, et k\u00f5rvaldate k\u00f5ik v\u00f5imalused, et teie telefon v\u00f5idakse \u00fcles leida, teie \u00fcmbrust pealt kuulata, teie telefoni andmetele ligi p\u00e4\u00e4seda jne. \u00dchendust blokeeriv \u00fcmbris takistab spetsiaalse protokolli abil igasuguse elektromagnetlainete edastamise, nii et nuhkvara ei saa teid enam kahjustada. Kuigi k\u00f5ik ei p\u00f6\u00f6ra oma turvalisusele piisavalt t\u00e4helepanu, peaksid nad seda tegema - t\u00e4nap\u00e4eval on v\u00e4ga lihtne saada rohkem privaatsust.<\/p>\n<p><strong>Ebaseadusliku tegevuse ennetamine<\/strong><\/p>\n<p>Pole saladus, et spionaa\u017e ei ole seaduslik, kuid alati ei ole v\u00f5imalik seda v\u00e4ltida. \u00c4rge laske erinevatel inimestel end kahjustada: kui panete oma mobiilseadme konfidentsiaalsete vestluste ajal \u00fchenduslukku, saate v\u00e4ltida v\u00f5imalikke infolekkeid. V\u00f5ite kasutada ka seda k\u00f5neblokeerijat, kui olete mures j\u00e4lgimise p\u00e4rast - see takistab spioonidel saada teavet teie asukoha kohta.<\/p>","protected":false},"excerpt":{"rendered":"<p>K\u00f5iki sidevahendeid blokeeriv korpus on ideaalne kaitse pealtkuulamise vastu. Kaitske oma vestlusi. See korpus blokeerib GPS-, GSM-, WiFI-, Keyless GO- ja Bluetooth-\u00fchendused.<\/p>","protected":false},"featured_media":1763,"template":"","meta":[],"product_brand":[],"product_cat":[390,359,358,342,336,335,337,379],"product_tag":[393,394,399,400],"class_list":{"0":"post-1292","1":"product","2":"type-product","3":"status-publish","4":"has-post-thumbnail","6":"product_cat-aizsardziba-pret-noklausisanos-un-noverosanu","7":"product_cat-citi-preces","8":"product_cat-detektori","9":"product_cat-diktofoni","10":"product_cat-gsm-noklausisanas-iekartas-blakes","11":"product_cat-noklausisanas-ierices","12":"product_cat-profesionals-noklausisanas-aprikojums","13":"product_cat-rf-noklausisanas-iekartas","14":"product_tag-gps-slapetajs","15":"product_tag-gsm-bloketajs","16":"product_tag-sakaru-blokesanas-paplate","17":"product_tag-sakaru-blokesanas-paplate-talruniem","19":"first","20":"instock","21":"taxable","22":"shipping-taxable","23":"purchasable","24":"product-type-simple"},"yoast_head":"<!-- This site is optimized with the Yoast SEO plugin v27.5 - https:\/\/yoast.com\/product\/yoast-seo-wordpress\/ -->\n<title>Visu sakaru blo\u0137\u0113\u0161anas ier\u012bce \u2013 aizsardz\u012bba pret noklaus\u012b\u0161anos<\/title>\n<meta name=\"description\" content=\"Korpuss kas blo\u0137\u0113 visus sakarus, ir ide\u0101la aizsardz\u012bba pret noklaus\u012b\u0161anos Aizsarg\u0101jiet savas sarunas \u0160is korpuss blo\u0137\u0113 GPS GSM WiFI Keyless GO Bluetooth savienojumus.\" \/>\n<meta name=\"robots\" content=\"index, follow, max-snippet:-1, max-image-preview:large, max-video-preview:-1\" \/>\n<link rel=\"canonical\" href=\"https:\/\/izsekosanasierices.lv\/et\/produkts\/pealtkuulamiskaitse-kogu-side-puhul\/\" \/>\n<meta property=\"og:locale\" content=\"et_EE\" \/>\n<meta property=\"og:type\" content=\"article\" \/>\n<meta property=\"og:title\" content=\"Komunik\u0101cijas blo\u0137\u0113\u0161anas papl\u0101te pret noklaus\u012b\u0161anos\" \/>\n<meta property=\"og:description\" content=\"Korpuss, kas blo\u0137\u0113 visus sakarus, ir ide\u0101la aizsardz\u012bba pret noklaus\u012b\u0161anos. Aizsarg\u0101jiet savas sarunas. Korpuss blo\u0137\u0113 GPS GSM Wi FI Keyless GO Bluwtooth savienojumus\" \/>\n<meta property=\"og:url\" content=\"https:\/\/izsekosanasierices.lv\/et\/produkts\/pealtkuulamiskaitse-kogu-side-puhul\/\" \/>\n<meta property=\"og:site_name\" content=\"Nr1 Izseko\u0161anas ier\u012bces gps izseko\u0161anas iek\u0101rtas, klaus\u012b\u0161an\u0101s iek\u0101rtas\" \/>\n<meta property=\"article:modified_time\" content=\"2026-04-29T16:35:48+00:00\" \/>\n<meta property=\"og:image\" content=\"https:\/\/rvnski.dev\/sekimoiranga\/wp-content\/uploads\/izsekosanasierices.webp\" \/>\n<meta name=\"twitter:card\" content=\"summary_large_image\" \/>\n<meta name=\"twitter:title\" content=\"Komunik\u0101cijas blo\u0137\u0113\u0161anas papl\u0101te pret noklaus\u012b\u0161anos\" \/>\n<meta name=\"twitter:description\" content=\"Korpuss, kas blo\u0137\u0113 visus sakarus, ir ide\u0101la aizsardz\u012bba pret noklaus\u012b\u0161anos. Aizsarg\u0101jiet savas sarunas. Korpuss blo\u0137\u0113 GPS GSM Wi FI Keyless GO Bluwtooth savienojumus\" \/>\n<meta name=\"twitter:label1\" content=\"Est. reading time\" \/>\n\t<meta name=\"twitter:data1\" content=\"4 minutit\" \/>\n<script type=\"application\/ld+json\" class=\"yoast-schema-graph\">{\"@context\":\"https:\\\/\\\/schema.org\",\"@graph\":[{\"@type\":\"WebPage\",\"@id\":\"https:\\\/\\\/izsekosanasierices.lv\\\/produkts\\\/visu-sakaru-blokesanas-ierice-aizsardziba-pret-noklausisanos\\\/\",\"url\":\"https:\\\/\\\/izsekosanasierices.lv\\\/produkts\\\/visu-sakaru-blokesanas-ierice-aizsardziba-pret-noklausisanos\\\/\",\"name\":\"Visu sakaru blo\u0137\u0113\u0161anas ier\u012bce \u2013 aizsardz\u012bba pret noklaus\u012b\u0161anos\",\"isPartOf\":{\"@id\":\"https:\\\/\\\/izsekosanasierices.lv\\\/#website\"},\"primaryImageOfPage\":{\"@id\":\"https:\\\/\\\/izsekosanasierices.lv\\\/produkts\\\/visu-sakaru-blokesanas-ierice-aizsardziba-pret-noklausisanos\\\/#primaryimage\"},\"image\":{\"@id\":\"https:\\\/\\\/izsekosanasierices.lv\\\/produkts\\\/visu-sakaru-blokesanas-ierice-aizsardziba-pret-noklausisanos\\\/#primaryimage\"},\"thumbnailUrl\":\"https:\\\/\\\/izsekosanasierices.lv\\\/wp-content\\\/uploads\\\/izsekosanasierices-visus-rysius-blokuojantis-deklas-apsauga-nuo-pasiklausymo.jpg\",\"datePublished\":\"2023-10-05T15:37:25+00:00\",\"dateModified\":\"2026-04-29T16:35:48+00:00\",\"description\":\"Korpuss kas blo\u0137\u0113 visus sakarus, ir ide\u0101la aizsardz\u012bba pret noklaus\u012b\u0161anos Aizsarg\u0101jiet savas sarunas \u0160is korpuss blo\u0137\u0113 GPS GSM WiFI Keyless GO Bluetooth savienojumus.\",\"breadcrumb\":{\"@id\":\"https:\\\/\\\/izsekosanasierices.lv\\\/produkts\\\/visu-sakaru-blokesanas-ierice-aizsardziba-pret-noklausisanos\\\/#breadcrumb\"},\"inLanguage\":\"et\",\"potentialAction\":[{\"@type\":\"ReadAction\",\"target\":[\"https:\\\/\\\/izsekosanasierices.lv\\\/produkts\\\/visu-sakaru-blokesanas-ierice-aizsardziba-pret-noklausisanos\\\/\"]}]},{\"@type\":\"ImageObject\",\"inLanguage\":\"et\",\"@id\":\"https:\\\/\\\/izsekosanasierices.lv\\\/produkts\\\/visu-sakaru-blokesanas-ierice-aizsardziba-pret-noklausisanos\\\/#primaryimage\",\"url\":\"https:\\\/\\\/izsekosanasierices.lv\\\/wp-content\\\/uploads\\\/izsekosanasierices-visus-rysius-blokuojantis-deklas-apsauga-nuo-pasiklausymo.jpg\",\"contentUrl\":\"https:\\\/\\\/izsekosanasierices.lv\\\/wp-content\\\/uploads\\\/izsekosanasierices-visus-rysius-blokuojantis-deklas-apsauga-nuo-pasiklausymo.jpg\",\"width\":636,\"height\":535,\"caption\":\"Apsauga nuo pasiklausymo telefonui\"},{\"@type\":\"BreadcrumbList\",\"@id\":\"https:\\\/\\\/izsekosanasierices.lv\\\/produkts\\\/visu-sakaru-blokesanas-ierice-aizsardziba-pret-noklausisanos\\\/#breadcrumb\",\"itemListElement\":[{\"@type\":\"ListItem\",\"position\":1,\"name\":\"S\u0101kums\",\"item\":\"https:\\\/\\\/izsekosanasierices.lv\\\/\"},{\"@type\":\"ListItem\",\"position\":2,\"name\":\"Veikals\",\"item\":\"https:\\\/\\\/izsekosanasierices.lv\\\/veikals\\\/\"},{\"@type\":\"ListItem\",\"position\":3,\"name\":\"Visu sakaru blo\u0137\u0113\u0161anas ier\u012bce \u2013 aizsardz\u012bba pret noklaus\u012b\u0161anos\"}]},{\"@type\":\"WebSite\",\"@id\":\"https:\\\/\\\/izsekosanasierices.lv\\\/#website\",\"url\":\"https:\\\/\\\/izsekosanasierices.lv\\\/\",\"name\":\"Nr1 Izseko\u0161anas ier\u012bces gps izseko\u0161anas iek\u0101rtas, klaus\u012b\u0161an\u0101s iek\u0101rtas\",\"description\":\"\",\"potentialAction\":[{\"@type\":\"SearchAction\",\"target\":{\"@type\":\"EntryPoint\",\"urlTemplate\":\"https:\\\/\\\/izsekosanasierices.lv\\\/?s={search_term_string}\"},\"query-input\":{\"@type\":\"PropertyValueSpecification\",\"valueRequired\":true,\"valueName\":\"search_term_string\"}}],\"inLanguage\":\"et\"}]}<\/script>\n<!-- \/ Yoast SEO plugin. -->","yoast_head_json":{"title":"Visu sakaru blo\u0137\u0113\u0161anas ier\u012bce \u2013 aizsardz\u012bba pret noklaus\u012b\u0161anos","description":"Korpuss kas blo\u0137\u0113 visus sakarus, ir ide\u0101la aizsardz\u012bba pret noklaus\u012b\u0161anos Aizsarg\u0101jiet savas sarunas \u0160is korpuss blo\u0137\u0113 GPS GSM WiFI Keyless GO Bluetooth savienojumus.","robots":{"index":"index","follow":"follow","max-snippet":"max-snippet:-1","max-image-preview":"max-image-preview:large","max-video-preview":"max-video-preview:-1"},"canonical":"https:\/\/izsekosanasierices.lv\/et\/produkts\/pealtkuulamiskaitse-kogu-side-puhul\/","og_locale":"et_EE","og_type":"article","og_title":"Komunik\u0101cijas blo\u0137\u0113\u0161anas papl\u0101te pret noklaus\u012b\u0161anos","og_description":"Korpuss, kas blo\u0137\u0113 visus sakarus, ir ide\u0101la aizsardz\u012bba pret noklaus\u012b\u0161anos. Aizsarg\u0101jiet savas sarunas. Korpuss blo\u0137\u0113 GPS GSM Wi FI Keyless GO Bluwtooth savienojumus","og_url":"https:\/\/izsekosanasierices.lv\/et\/produkts\/pealtkuulamiskaitse-kogu-side-puhul\/","og_site_name":"Nr1 Izseko\u0161anas ier\u012bces gps izseko\u0161anas iek\u0101rtas, klaus\u012b\u0161an\u0101s iek\u0101rtas","article_modified_time":"2026-04-29T16:35:48+00:00","og_image":[{"url":"https:\/\/rvnski.dev\/sekimoiranga\/wp-content\/uploads\/izsekosanasierices.webp","type":"","width":"","height":""}],"twitter_card":"summary_large_image","twitter_title":"Komunik\u0101cijas blo\u0137\u0113\u0161anas papl\u0101te pret noklaus\u012b\u0161anos","twitter_description":"Korpuss, kas blo\u0137\u0113 visus sakarus, ir ide\u0101la aizsardz\u012bba pret noklaus\u012b\u0161anos. Aizsarg\u0101jiet savas sarunas. Korpuss blo\u0137\u0113 GPS GSM Wi FI Keyless GO Bluwtooth savienojumus","twitter_misc":{"Est. reading time":"4 minutit"},"schema":{"@context":"https:\/\/schema.org","@graph":[{"@type":"WebPage","@id":"https:\/\/izsekosanasierices.lv\/produkts\/visu-sakaru-blokesanas-ierice-aizsardziba-pret-noklausisanos\/","url":"https:\/\/izsekosanasierices.lv\/produkts\/visu-sakaru-blokesanas-ierice-aizsardziba-pret-noklausisanos\/","name":"Visu sakaru blo\u0137\u0113\u0161anas ier\u012bce \u2013 aizsardz\u012bba pret noklaus\u012b\u0161anos","isPartOf":{"@id":"https:\/\/izsekosanasierices.lv\/#website"},"primaryImageOfPage":{"@id":"https:\/\/izsekosanasierices.lv\/produkts\/visu-sakaru-blokesanas-ierice-aizsardziba-pret-noklausisanos\/#primaryimage"},"image":{"@id":"https:\/\/izsekosanasierices.lv\/produkts\/visu-sakaru-blokesanas-ierice-aizsardziba-pret-noklausisanos\/#primaryimage"},"thumbnailUrl":"https:\/\/izsekosanasierices.lv\/wp-content\/uploads\/izsekosanasierices-visus-rysius-blokuojantis-deklas-apsauga-nuo-pasiklausymo.jpg","datePublished":"2023-10-05T15:37:25+00:00","dateModified":"2026-04-29T16:35:48+00:00","description":"Korpuss kas blo\u0137\u0113 visus sakarus, ir ide\u0101la aizsardz\u012bba pret noklaus\u012b\u0161anos Aizsarg\u0101jiet savas sarunas \u0160is korpuss blo\u0137\u0113 GPS GSM WiFI Keyless GO Bluetooth savienojumus.","breadcrumb":{"@id":"https:\/\/izsekosanasierices.lv\/produkts\/visu-sakaru-blokesanas-ierice-aizsardziba-pret-noklausisanos\/#breadcrumb"},"inLanguage":"et","potentialAction":[{"@type":"ReadAction","target":["https:\/\/izsekosanasierices.lv\/produkts\/visu-sakaru-blokesanas-ierice-aizsardziba-pret-noklausisanos\/"]}]},{"@type":"ImageObject","inLanguage":"et","@id":"https:\/\/izsekosanasierices.lv\/produkts\/visu-sakaru-blokesanas-ierice-aizsardziba-pret-noklausisanos\/#primaryimage","url":"https:\/\/izsekosanasierices.lv\/wp-content\/uploads\/izsekosanasierices-visus-rysius-blokuojantis-deklas-apsauga-nuo-pasiklausymo.jpg","contentUrl":"https:\/\/izsekosanasierices.lv\/wp-content\/uploads\/izsekosanasierices-visus-rysius-blokuojantis-deklas-apsauga-nuo-pasiklausymo.jpg","width":636,"height":535,"caption":"Apsauga nuo pasiklausymo telefonui"},{"@type":"BreadcrumbList","@id":"https:\/\/izsekosanasierices.lv\/produkts\/visu-sakaru-blokesanas-ierice-aizsardziba-pret-noklausisanos\/#breadcrumb","itemListElement":[{"@type":"ListItem","position":1,"name":"S\u0101kums","item":"https:\/\/izsekosanasierices.lv\/"},{"@type":"ListItem","position":2,"name":"Veikals","item":"https:\/\/izsekosanasierices.lv\/veikals\/"},{"@type":"ListItem","position":3,"name":"Visu sakaru blo\u0137\u0113\u0161anas ier\u012bce \u2013 aizsardz\u012bba pret noklaus\u012b\u0161anos"}]},{"@type":"WebSite","@id":"https:\/\/izsekosanasierices.lv\/#website","url":"https:\/\/izsekosanasierices.lv\/","name":"Nr1 Izseko\u0161anas ier\u012bces gps izseko\u0161anas iek\u0101rtas, klaus\u012b\u0161an\u0101s iek\u0101rtas","description":"","potentialAction":[{"@type":"SearchAction","target":{"@type":"EntryPoint","urlTemplate":"https:\/\/izsekosanasierices.lv\/?s={search_term_string}"},"query-input":{"@type":"PropertyValueSpecification","valueRequired":true,"valueName":"search_term_string"}}],"inLanguage":"et"}]}},"_links":{"self":[{"href":"https:\/\/izsekosanasierices.lv\/et\/wp-json\/wp\/v2\/product\/1292","targetHints":{"allow":["GET"]}}],"collection":[{"href":"https:\/\/izsekosanasierices.lv\/et\/wp-json\/wp\/v2\/product"}],"about":[{"href":"https:\/\/izsekosanasierices.lv\/et\/wp-json\/wp\/v2\/types\/product"}],"wp:featuredmedia":[{"embeddable":true,"href":"https:\/\/izsekosanasierices.lv\/et\/wp-json\/wp\/v2\/media\/1763"}],"wp:attachment":[{"href":"https:\/\/izsekosanasierices.lv\/et\/wp-json\/wp\/v2\/media?parent=1292"}],"wp:term":[{"taxonomy":"product_brand","embeddable":true,"href":"https:\/\/izsekosanasierices.lv\/et\/wp-json\/wp\/v2\/product_brand?post=1292"},{"taxonomy":"product_cat","embeddable":true,"href":"https:\/\/izsekosanasierices.lv\/et\/wp-json\/wp\/v2\/product_cat?post=1292"},{"taxonomy":"product_tag","embeddable":true,"href":"https:\/\/izsekosanasierices.lv\/et\/wp-json\/wp\/v2\/product_tag?post=1292"}],"curies":[{"name":"wp","href":"https:\/\/api.w.org\/{rel}","templated":true}]}}