{"id":1293,"date":"2023-10-05T15:37:25","date_gmt":"2023-10-05T15:37:25","guid":{"rendered":"https:\/\/izsekosanasierices.lv\/produktas\/rysius-blokuojantis-deklas-automobilio-raktams-keyless-go\/"},"modified":"2026-01-19T14:23:09","modified_gmt":"2026-01-19T12:23:09","slug":"keyless-go-sakaru-blokesanas-futralis-automasinas-atslegam","status":"publish","type":"product","link":"https:\/\/izsekosanasierices.lv\/et\/produkts\/keyyless-go-side-pad-puhul-auto\/","title":{"rendered":"V\u00f5tmeta GO kommunikatsiooniluku \u00fcmbris autov\u00f5tmete jaoks"},"content":{"rendered":"<h3><strong>Tehnilised parameetrid:<\/strong><\/h3>\n<ul>\n<li>M\u00f5\u00f5tmed: 13,5 x 8,3 x 0,5 cm<\/li>\n<li>Side lukustus: GSM, GPS , Wi-FI, BLUETOOTH, VHF, UHF , 3G, 4G, 5G, KEYLESS GO<\/li>\n<li>Sobib: k\u00f5ikidele v\u00f5tmeta s\u00fc\u00fctega autov\u00f5tmetele<\/li>\n<li>Ka pangakaardid on samuti kaitstud, et v\u00e4ltida andmete lugemist<\/li>\n<li>Materjal: kunstnahk<\/li>\n<li>Sobib: autov\u00f5tmed, v\u00e4ikesed mobiiltelefonid<\/li>\n<li>Garantii 6 kuud<\/li>\n<\/ul>\n<p><span style=\"color: #ff0000;\"><strong>Vajad kiiret sama p\u00e4eva (ja n\u00e4dalavahetuse) kohaletoimetamist? Helistage +371-20484176<\/strong><\/span><\/p>\n<p><strong>\u00dchendust blokeeriv \u00fcmbris autov\u00f5tmete ja v\u00e4ikeste mobiiltelefonide jaoks (pealtkuulamise ja asukoha kaitse).<\/strong><\/p>\n<p>J\u00e4lgimine ei ole kunagi meeldiv, seega tasub m\u00f5elda, mida saate selle v\u00e4ltimiseks teha. Kas olete mures, et teatud rakendused j\u00e4lgivad teie asukohta? Muretsete, et teie s\u00f5iduk v\u00f5idakse varastada? Muretsete, et teie pangakaarti v\u00f5idakse ebaseaduslikult debiteerida? Sulle v\u00f5ib olla kasulik spetsiaalne \u00fchenduse blokeeriv \u00fcmbris, mis on kohandatud autov\u00f5tmetele, v\u00e4ikestele mobiiltelefonidele, pangakaartidele jne. K\u00f5ik, mida peate tegema, on panna need esemed spetsiaalsesse \u00fcmbrikusse ja v\u00f5ite olla kindel, et kogu side on blokeeritud. Teistel inimestel ei ole enam v\u00f5imalik teie vestlusi pealt kuulata ega teie asukoha j\u00e4lgimist j\u00e4lgida, nii et tunnete end palju turvalisemalt.<\/p>\n<p><strong>Kaitse autovarguse eest<\/strong><\/p>\n<p>Iga autojuht soovib oma autot kaitsta, kuid tavaliselt ei piisa ainult h\u00e4iresignaalist. Kahjuks on paljud autovargused <em>Keyless Go<\/em> S\u00fcsteemi kasutamine: vargad kasutavad transponderit, et v\u00f5tta \u00fcles auto v\u00f5tme signaal, mis avab selle lukustuse. Loomulikult on see olukord, mida te tahaksite v\u00e4ltida, ja kommunikatsiooniluku raam aitab seda v\u00e4ltida: kui te ei ole autos, pange v\u00f5ti \u00fcmbrikusse ja pahalased ei saa teie auto v\u00f5tme signaali pealtkuulata. Autovarguse v\u00e4ltimiseks ei ole vaja palju, seega tasub seda v\u00f5imalust kindlasti \u00e4ra kasutada.<\/p>\n<p><strong>Mikrokiibi kaitse<\/strong><\/p>\n<p>\u00dchenduslukuga \u00fcmbrist kasutatakse sageli mitte ainult autov\u00f5tmete, vaid ka pangakaartide ja isikut t\u00f5endavate dokumentide kaitsmiseks. T\u00e4nap\u00e4eval on kontaktivaba maksev\u00f5imalusega pangakaardid \u00fcha enam levinud ja vargad kasutavad neid \u00e4ra. Me k\u00f5ik tahame kaitsta oma pangakontodel olevat raha, seega hoidke oma pangakaarti avalikes kohtades viibides spetsiaalses \u00fcmbrises, et v\u00e4ltida v\u00e4\u00e4rkasutust. Selline \u00fcmbris v\u00f5ib olla kasulik ka ID-kaardi (ja muude kiipkaartide) turvaliseks hoidmiseks (\u00fcmbris aitab kaitsta kiipi kahjustuste eest).<\/p>\n<p><strong>Kaitse pealtkuulamise eest<\/strong><\/p>\n<p>Kui olete kaasatud eravestlusse, mille k\u00e4igus v\u00f5idakse avaldada konfidentsiaalset teavet, on alati hea m\u00f5te telefon v\u00e4lja l\u00fclitada ja selle aku v\u00e4lja v\u00f5tta. Kuigi see tava oli kindlasti aastaid populaarne, ei ole see t\u00e4nap\u00e4eval enam piisavalt t\u00f5hus: k\u00f5igil mobiilseadmetel ei ole eemaldatavaid akusid ja telefoni saab leida ka v\u00e4lja l\u00fclitatud kujul. Telefoni panemine side lukku tagab seega, et keegi ei saa teie k\u00f5nesid ja vestlusi pealt kuulata ega telefoni \u00fcles leida.<\/p>\n<p><strong>Ei ole vaja h\u00e4beneda ettevaatust<\/strong><\/p>\n<p>Kuigi inimesed eeldavad sageli, et keegi ei ole huvitatud konfidentsiaalsetest vestlustest v\u00f5i et keegi ei p\u00fc\u00fca \u00f5ue pargitud s\u00f5idukit varastada, on tegelikkus hoopis teistsugune. Pidage meeles, et ennetamine on alati parim ja t\u00f5husaim abin\u00f5u, seega tasub kindlasti m\u00f5elda m\u00f5ningate ohutusmeetmete peale, et v\u00e4ltida suuremaid \u00f5nnetusi, eriti kui olete mures oma ohutuse ja oma vara turvalisuse p\u00e4rast. \u00dchendusi blokeeriv korpus v\u00f5ib tunduda v\u00e4ike asi, kuid see aitab teil oma vara eest hoolitseda ja takistab konfidentsiaalse teabe lekkimist.<\/p>\n<p>Ostke n\u00fc\u00fcd \u00fchenduse blokeerimise korpus: rakendusi on palju ja eelised on ilmselged. \u00c4rge laske ettevaatamatusel viia suure \u00f5nnetuseni: tasub meeles pidada, et kurjategijad otsivad alati turvas\u00fcsteemides l\u00fcnki ja kui nad leiavad \u00fche, kasutavad nad seda kindlasti \u00e4ra. Kaitsmine infolekete v\u00f5i suurte rahaliste kahjude eest on lihtne.<\/p>","protected":false},"excerpt":{"rendered":"<p>Kaitske oma autot v\u00f5tmeta s\u00fc\u00fctamisega. Sisestades v\u00f5tme \u00fcmbrikusse, ei saa vargad teie autot kaugjuhtimispuldiga k\u00e4ivitada. Kohvrit saab kasutada ka v\u00e4ikese telefoni jaoks.<\/p>","protected":false},"featured_media":1765,"template":"","meta":[],"product_brand":[],"product_cat":[390,359,358,342,336,335,337,379],"product_tag":[392,393,394,399,400],"class_list":{"0":"post-1293","1":"product","2":"type-product","3":"status-publish","4":"has-post-thumbnail","6":"product_cat-aizsardziba-pret-noklausisanos-un-noverosanu","7":"product_cat-citi-preces","8":"product_cat-detektori","9":"product_cat-diktofoni","10":"product_cat-gsm-noklausisanas-iekartas-blakes","11":"product_cat-noklausisanas-ierices","12":"product_cat-profesionals-noklausisanas-aprikojums","13":"product_cat-rf-noklausisanas-iekartas","14":"product_tag-atslegu-aizsardziba","15":"product_tag-gps-slapetajs","16":"product_tag-gsm-bloketajs","17":"product_tag-sakaru-blokesanas-paplate","18":"product_tag-sakaru-blokesanas-paplate-talruniem","20":"first","21":"instock","22":"taxable","23":"shipping-taxable","24":"purchasable","25":"product-type-simple"},"yoast_head":"<!-- This site is optimized with the Yoast SEO plugin v27.5 - https:\/\/yoast.com\/product\/yoast-seo-wordpress\/ -->\n<title>Keyless GO sakaru blo\u0137\u0113\u0161anas futr\u0101lis automa\u0161\u012bnas atsl\u0113g\u0101m<\/title>\n<meta name=\"description\" content=\"Aizsarg\u0101jiet savu automa\u0161\u012bnu kurai ir bezatsl\u0113gas aizdedzes sist\u0113ma. Ievietojot atsl\u0113gu futr\u0101l\u012b zag\u013ci j\u016bsu automa\u0161\u012bnu nevar\u0113s iedarbin\u0101t ar t\u0101lvad\u012bbas pult\" \/>\n<meta name=\"robots\" content=\"index, follow, max-snippet:-1, max-image-preview:large, max-video-preview:-1\" \/>\n<link rel=\"canonical\" href=\"https:\/\/izsekosanasierices.lv\/et\/produkts\/keyyless-go-side-pad-puhul-auto\/\" \/>\n<meta property=\"og:locale\" content=\"et_EE\" \/>\n<meta property=\"og:type\" content=\"article\" \/>\n<meta property=\"og:title\" content=\"Savienojuma blo\u0137\u0113\u0161anas korpuss automa\u0161\u012bnas atsl\u0113g\u0101m ar Keyless GO\" \/>\n<meta property=\"og:description\" content=\"Aizsarg\u0101jiet savu automa\u0161\u012bnu ar bezatsl\u0113gas aizdedzes sist\u0113mu. Ievietojot atsl\u0113gu futr\u0101l\u012b, zag\u013ci nevar\u0113s iedarbin\u0101t j\u016bsu automa\u0161\u012bnu ar t\u0101lvad\u012bbas pulti. Varat ar\u012b izmantot t\u0101lru\u0146a\" \/>\n<meta property=\"og:url\" content=\"https:\/\/izsekosanasierices.lv\/et\/produkts\/keyyless-go-side-pad-puhul-auto\/\" \/>\n<meta property=\"og:site_name\" content=\"Nr1 Izseko\u0161anas ier\u012bces gps izseko\u0161anas iek\u0101rtas, klaus\u012b\u0161an\u0101s iek\u0101rtas\" \/>\n<meta property=\"article:modified_time\" content=\"2026-01-19T12:23:09+00:00\" \/>\n<meta property=\"og:image\" content=\"https:\/\/rvnski.dev\/sekimoiranga\/wp-content\/uploads\/izsekosanasierices.webp\" \/>\n<meta name=\"twitter:card\" content=\"summary_large_image\" \/>\n<meta name=\"twitter:title\" content=\"Savienojuma blo\u0137\u0113\u0161anas korpuss automa\u0161\u012bnas atsl\u0113g\u0101m ar Keyless GO\" \/>\n<meta name=\"twitter:description\" content=\"Aizsarg\u0101jiet savu automa\u0161\u012bnu ar bezatsl\u0113gas aizdedzes sist\u0113mu. Ievietojot atsl\u0113gu futr\u0101l\u012b, zag\u013ci nevar\u0113s iedarbin\u0101t j\u016bsu automa\u0161\u012bnu ar t\u0101lvad\u012bbas pulti. Varat ar\u012b izmantot t\u0101lru\u0146a\" \/>\n<meta name=\"twitter:label1\" content=\"Est. reading time\" \/>\n\t<meta name=\"twitter:data1\" content=\"4 minutit\" \/>\n<script type=\"application\/ld+json\" class=\"yoast-schema-graph\">{\"@context\":\"https:\\\/\\\/schema.org\",\"@graph\":[{\"@type\":\"WebPage\",\"@id\":\"https:\\\/\\\/izsekosanasierices.lv\\\/produkts\\\/keyless-go-sakaru-blokesanas-futralis-automasinas-atslegam\\\/\",\"url\":\"https:\\\/\\\/izsekosanasierices.lv\\\/produkts\\\/keyless-go-sakaru-blokesanas-futralis-automasinas-atslegam\\\/\",\"name\":\"Keyless GO sakaru blo\u0137\u0113\u0161anas futr\u0101lis automa\u0161\u012bnas atsl\u0113g\u0101m\",\"isPartOf\":{\"@id\":\"https:\\\/\\\/izsekosanasierices.lv\\\/#website\"},\"primaryImageOfPage\":{\"@id\":\"https:\\\/\\\/izsekosanasierices.lv\\\/produkts\\\/keyless-go-sakaru-blokesanas-futralis-automasinas-atslegam\\\/#primaryimage\"},\"image\":{\"@id\":\"https:\\\/\\\/izsekosanasierices.lv\\\/produkts\\\/keyless-go-sakaru-blokesanas-futralis-automasinas-atslegam\\\/#primaryimage\"},\"thumbnailUrl\":\"https:\\\/\\\/izsekosanasierices.lv\\\/wp-content\\\/uploads\\\/izsekosanasierices-rysius-blokuojantis-deklas-automobilio-raktams-keyless-go.jpg\",\"datePublished\":\"2023-10-05T15:37:25+00:00\",\"dateModified\":\"2026-01-19T12:23:09+00:00\",\"description\":\"Aizsarg\u0101jiet savu automa\u0161\u012bnu kurai ir bezatsl\u0113gas aizdedzes sist\u0113ma. Ievietojot atsl\u0113gu futr\u0101l\u012b zag\u013ci j\u016bsu automa\u0161\u012bnu nevar\u0113s iedarbin\u0101t ar t\u0101lvad\u012bbas pult\",\"breadcrumb\":{\"@id\":\"https:\\\/\\\/izsekosanasierices.lv\\\/produkts\\\/keyless-go-sakaru-blokesanas-futralis-automasinas-atslegam\\\/#breadcrumb\"},\"inLanguage\":\"et\",\"potentialAction\":[{\"@type\":\"ReadAction\",\"target\":[\"https:\\\/\\\/izsekosanasierices.lv\\\/produkts\\\/keyless-go-sakaru-blokesanas-futralis-automasinas-atslegam\\\/\"]}]},{\"@type\":\"ImageObject\",\"inLanguage\":\"et\",\"@id\":\"https:\\\/\\\/izsekosanasierices.lv\\\/produkts\\\/keyless-go-sakaru-blokesanas-futralis-automasinas-atslegam\\\/#primaryimage\",\"url\":\"https:\\\/\\\/izsekosanasierices.lv\\\/wp-content\\\/uploads\\\/izsekosanasierices-rysius-blokuojantis-deklas-automobilio-raktams-keyless-go.jpg\",\"contentUrl\":\"https:\\\/\\\/izsekosanasierices.lv\\\/wp-content\\\/uploads\\\/izsekosanasierices-rysius-blokuojantis-deklas-automobilio-raktams-keyless-go.jpg\",\"width\":649,\"height\":673,\"caption\":\"D\u0117klas nuo rakto signalo retransliavimo\"},{\"@type\":\"BreadcrumbList\",\"@id\":\"https:\\\/\\\/izsekosanasierices.lv\\\/produkts\\\/keyless-go-sakaru-blokesanas-futralis-automasinas-atslegam\\\/#breadcrumb\",\"itemListElement\":[{\"@type\":\"ListItem\",\"position\":1,\"name\":\"S\u0101kums\",\"item\":\"https:\\\/\\\/izsekosanasierices.lv\\\/\"},{\"@type\":\"ListItem\",\"position\":2,\"name\":\"Veikals\",\"item\":\"https:\\\/\\\/izsekosanasierices.lv\\\/veikals\\\/\"},{\"@type\":\"ListItem\",\"position\":3,\"name\":\"Keyless GO sakaru blo\u0137\u0113\u0161anas futr\u0101lis automa\u0161\u012bnas atsl\u0113g\u0101m\"}]},{\"@type\":\"WebSite\",\"@id\":\"https:\\\/\\\/izsekosanasierices.lv\\\/#website\",\"url\":\"https:\\\/\\\/izsekosanasierices.lv\\\/\",\"name\":\"Nr1 Izseko\u0161anas ier\u012bces gps izseko\u0161anas iek\u0101rtas, klaus\u012b\u0161an\u0101s iek\u0101rtas\",\"description\":\"\",\"potentialAction\":[{\"@type\":\"SearchAction\",\"target\":{\"@type\":\"EntryPoint\",\"urlTemplate\":\"https:\\\/\\\/izsekosanasierices.lv\\\/?s={search_term_string}\"},\"query-input\":{\"@type\":\"PropertyValueSpecification\",\"valueRequired\":true,\"valueName\":\"search_term_string\"}}],\"inLanguage\":\"et\"}]}<\/script>\n<!-- \/ Yoast SEO plugin. -->","yoast_head_json":{"title":"Keyless GO sakaru blo\u0137\u0113\u0161anas futr\u0101lis automa\u0161\u012bnas atsl\u0113g\u0101m","description":"Aizsarg\u0101jiet savu automa\u0161\u012bnu kurai ir bezatsl\u0113gas aizdedzes sist\u0113ma. Ievietojot atsl\u0113gu futr\u0101l\u012b zag\u013ci j\u016bsu automa\u0161\u012bnu nevar\u0113s iedarbin\u0101t ar t\u0101lvad\u012bbas pult","robots":{"index":"index","follow":"follow","max-snippet":"max-snippet:-1","max-image-preview":"max-image-preview:large","max-video-preview":"max-video-preview:-1"},"canonical":"https:\/\/izsekosanasierices.lv\/et\/produkts\/keyyless-go-side-pad-puhul-auto\/","og_locale":"et_EE","og_type":"article","og_title":"Savienojuma blo\u0137\u0113\u0161anas korpuss automa\u0161\u012bnas atsl\u0113g\u0101m ar Keyless GO","og_description":"Aizsarg\u0101jiet savu automa\u0161\u012bnu ar bezatsl\u0113gas aizdedzes sist\u0113mu. Ievietojot atsl\u0113gu futr\u0101l\u012b, zag\u013ci nevar\u0113s iedarbin\u0101t j\u016bsu automa\u0161\u012bnu ar t\u0101lvad\u012bbas pulti. Varat ar\u012b izmantot t\u0101lru\u0146a","og_url":"https:\/\/izsekosanasierices.lv\/et\/produkts\/keyyless-go-side-pad-puhul-auto\/","og_site_name":"Nr1 Izseko\u0161anas ier\u012bces gps izseko\u0161anas iek\u0101rtas, klaus\u012b\u0161an\u0101s iek\u0101rtas","article_modified_time":"2026-01-19T12:23:09+00:00","og_image":[{"url":"https:\/\/rvnski.dev\/sekimoiranga\/wp-content\/uploads\/izsekosanasierices.webp","type":"","width":"","height":""}],"twitter_card":"summary_large_image","twitter_title":"Savienojuma blo\u0137\u0113\u0161anas korpuss automa\u0161\u012bnas atsl\u0113g\u0101m ar Keyless GO","twitter_description":"Aizsarg\u0101jiet savu automa\u0161\u012bnu ar bezatsl\u0113gas aizdedzes sist\u0113mu. Ievietojot atsl\u0113gu futr\u0101l\u012b, zag\u013ci nevar\u0113s iedarbin\u0101t j\u016bsu automa\u0161\u012bnu ar t\u0101lvad\u012bbas pulti. Varat ar\u012b izmantot t\u0101lru\u0146a","twitter_misc":{"Est. reading time":"4 minutit"},"schema":{"@context":"https:\/\/schema.org","@graph":[{"@type":"WebPage","@id":"https:\/\/izsekosanasierices.lv\/produkts\/keyless-go-sakaru-blokesanas-futralis-automasinas-atslegam\/","url":"https:\/\/izsekosanasierices.lv\/produkts\/keyless-go-sakaru-blokesanas-futralis-automasinas-atslegam\/","name":"Keyless GO sakaru blo\u0137\u0113\u0161anas futr\u0101lis automa\u0161\u012bnas atsl\u0113g\u0101m","isPartOf":{"@id":"https:\/\/izsekosanasierices.lv\/#website"},"primaryImageOfPage":{"@id":"https:\/\/izsekosanasierices.lv\/produkts\/keyless-go-sakaru-blokesanas-futralis-automasinas-atslegam\/#primaryimage"},"image":{"@id":"https:\/\/izsekosanasierices.lv\/produkts\/keyless-go-sakaru-blokesanas-futralis-automasinas-atslegam\/#primaryimage"},"thumbnailUrl":"https:\/\/izsekosanasierices.lv\/wp-content\/uploads\/izsekosanasierices-rysius-blokuojantis-deklas-automobilio-raktams-keyless-go.jpg","datePublished":"2023-10-05T15:37:25+00:00","dateModified":"2026-01-19T12:23:09+00:00","description":"Aizsarg\u0101jiet savu automa\u0161\u012bnu kurai ir bezatsl\u0113gas aizdedzes sist\u0113ma. Ievietojot atsl\u0113gu futr\u0101l\u012b zag\u013ci j\u016bsu automa\u0161\u012bnu nevar\u0113s iedarbin\u0101t ar t\u0101lvad\u012bbas pult","breadcrumb":{"@id":"https:\/\/izsekosanasierices.lv\/produkts\/keyless-go-sakaru-blokesanas-futralis-automasinas-atslegam\/#breadcrumb"},"inLanguage":"et","potentialAction":[{"@type":"ReadAction","target":["https:\/\/izsekosanasierices.lv\/produkts\/keyless-go-sakaru-blokesanas-futralis-automasinas-atslegam\/"]}]},{"@type":"ImageObject","inLanguage":"et","@id":"https:\/\/izsekosanasierices.lv\/produkts\/keyless-go-sakaru-blokesanas-futralis-automasinas-atslegam\/#primaryimage","url":"https:\/\/izsekosanasierices.lv\/wp-content\/uploads\/izsekosanasierices-rysius-blokuojantis-deklas-automobilio-raktams-keyless-go.jpg","contentUrl":"https:\/\/izsekosanasierices.lv\/wp-content\/uploads\/izsekosanasierices-rysius-blokuojantis-deklas-automobilio-raktams-keyless-go.jpg","width":649,"height":673,"caption":"D\u0117klas nuo rakto signalo retransliavimo"},{"@type":"BreadcrumbList","@id":"https:\/\/izsekosanasierices.lv\/produkts\/keyless-go-sakaru-blokesanas-futralis-automasinas-atslegam\/#breadcrumb","itemListElement":[{"@type":"ListItem","position":1,"name":"S\u0101kums","item":"https:\/\/izsekosanasierices.lv\/"},{"@type":"ListItem","position":2,"name":"Veikals","item":"https:\/\/izsekosanasierices.lv\/veikals\/"},{"@type":"ListItem","position":3,"name":"Keyless GO sakaru blo\u0137\u0113\u0161anas futr\u0101lis automa\u0161\u012bnas atsl\u0113g\u0101m"}]},{"@type":"WebSite","@id":"https:\/\/izsekosanasierices.lv\/#website","url":"https:\/\/izsekosanasierices.lv\/","name":"Nr1 Izseko\u0161anas ier\u012bces gps izseko\u0161anas iek\u0101rtas, klaus\u012b\u0161an\u0101s iek\u0101rtas","description":"","potentialAction":[{"@type":"SearchAction","target":{"@type":"EntryPoint","urlTemplate":"https:\/\/izsekosanasierices.lv\/?s={search_term_string}"},"query-input":{"@type":"PropertyValueSpecification","valueRequired":true,"valueName":"search_term_string"}}],"inLanguage":"et"}]}},"_links":{"self":[{"href":"https:\/\/izsekosanasierices.lv\/et\/wp-json\/wp\/v2\/product\/1293","targetHints":{"allow":["GET"]}}],"collection":[{"href":"https:\/\/izsekosanasierices.lv\/et\/wp-json\/wp\/v2\/product"}],"about":[{"href":"https:\/\/izsekosanasierices.lv\/et\/wp-json\/wp\/v2\/types\/product"}],"wp:featuredmedia":[{"embeddable":true,"href":"https:\/\/izsekosanasierices.lv\/et\/wp-json\/wp\/v2\/media\/1765"}],"wp:attachment":[{"href":"https:\/\/izsekosanasierices.lv\/et\/wp-json\/wp\/v2\/media?parent=1293"}],"wp:term":[{"taxonomy":"product_brand","embeddable":true,"href":"https:\/\/izsekosanasierices.lv\/et\/wp-json\/wp\/v2\/product_brand?post=1293"},{"taxonomy":"product_cat","embeddable":true,"href":"https:\/\/izsekosanasierices.lv\/et\/wp-json\/wp\/v2\/product_cat?post=1293"},{"taxonomy":"product_tag","embeddable":true,"href":"https:\/\/izsekosanasierices.lv\/et\/wp-json\/wp\/v2\/product_tag?post=1293"}],"curies":[{"name":"wp","href":"https:\/\/api.w.org\/{rel}","templated":true}]}}