{"id":1294,"date":"2023-10-05T15:37:25","date_gmt":"2023-10-05T15:37:25","guid":{"rendered":"https:\/\/izsekosanasierices.lv\/produktas\/naujiena-gps-seklys-su-magnetu-ir-20800mah-galinga-baterija-2\/"},"modified":"2026-04-15T09:50:27","modified_gmt":"2026-04-15T06:50:27","slug":"jauna-gps-izsekosanas-ierice-ar-magnetu-un-20-800-mah-akumulatoru","status":"publish","type":"product","link":"https:\/\/izsekosanasierices.lv\/et\/produkts\/uus-gps-jalgimisseade-koos-magneti-ja-20-800-mah-akuga\/","title":{"rendered":"Uus GPS j\u00e4lgimisseade magnetiga ja 20 800 mAh akuga"},"content":{"rendered":"<h3><strong>Tehnilised parameetrid:<\/strong><\/h3>\n<ul>\n<li>T\u00f6\u00f6temperatuur: -20 C - +65 C<\/li>\n<li>Sisse: 45 s (k\u00fclm), 35 s (soe), 1 s (kuum).<\/li>\n<li>GPS-moodul: U-blox\u00a0<a href=\"https:\/\/www.u-blox.com\/en\/positioning-chips-and-modules\">https:\/\/www.u-blox.com\/en\/positioning-chips-and-modules<\/a><\/li>\n<li>GSM\/GPRS-moodul:<\/li>\n<li>Aku: liitium-ioon (3,7 V 20800 mAh)<\/li>\n<li>Pealtkuulamisfunktsioon (v\u00f5ime kuulata otse\u00fclekandeid)<\/li>\n<li>Eluaeg: kuni 1,5 aastat (GSM puhkere\u017eiim)<\/li>\n<li>Tundlikkus: -159 dBm<\/li>\n<li>Koordinaatide viga: mitte rohkem kui 5 meetrit<\/li>\n<li>M\u00f5\u00f5tmed: 110 mm x 75 mm x 45 mm<\/li>\n<li>Kaal: 550 g<\/li>\n<li>Tasuta veebip\u00f5hine seire<\/li>\n<li>Tasuta j\u00e4lgimisrakendus (mobiilirakendus)<\/li>\n<li>Kiirushoiatus: jah<\/li>\n<li>Liikumisandur: jah<\/li>\n<li>Vibratsiooniandur: jah<\/li>\n<li>S\u00fcgav uni: jah<\/li>\n<li>SOS-nupp: ei ole<\/li>\n<li>Pealtkuulamine: jah<\/li>\n<li>GSM pealtkuulamisfunktsioon: jah<\/li>\n<\/ul>\n<p><strong>Sisaldab:<\/strong><\/p>\n<ul>\n<li>GPS-j\u00e4lgimiss\u00fcsteem;<\/li>\n<li>USB-kaabel;<\/li>\n<li>juhised ;<\/li>\n<li>Logi sisse oma profiili (kasutajanimi + parool)<\/li>\n<li><strong>Garantii 12 kuud.<\/strong><\/li>\n<\/ul>\n<p>&nbsp;<\/p>\n<p><strong>Vajad kiiret sama p\u00e4eva (ja n\u00e4dalavahetuse) kohaletoimetamist?  Helistage +37120484176<\/strong><\/p>\n<p><strong>Professionaalne GPS-j\u00e4lgimisseade, mille aku kestab kuni 1,5 aastat (reaalselt).<\/strong><\/p>\n<p>T\u00e4nap\u00e4eval on saadaval suur valik GPS-seireseadmeid, nii et saate alati valida selle, mis sobib teie isiklikele vajadustele k\u00f5ige paremini. Kui soovite, et teie GPS-j\u00e4lgimisseade t\u00f6\u00f6taks v\u00f5imalikult t\u00e4pselt ja kaua, on hea valik professionaalne j\u00e4lgimisseade, sest see aitab teil j\u00e4lgida j\u00e4lgitavaid objekte t\u00e4psemalt ja kestab kuni 1,5 aastat. Loomulikult ei ole see selle seadme ainus eelis - sellel GPS-j\u00e4lgimisseadmel on palju muid olulisi omadusi.<\/p>\n<p><strong>Professionaalsete GPS-seireseadmete peamised eelised:<\/strong><\/p>\n<ul>\n<li>Kuni 20 800 mAh aku mahutavusega saate olla kindel, et saate oma seadet p\u00e4rast laadimist pikka aega kasutada. Aku kestab kuni 1,5 aastat, nii et kui teil on vaja objekti pikka aega j\u00e4lgida, on see ideaalne lahendus;<\/li>\n<li>Kui ostate professionaalse GPS-j\u00e4lgimisseadme, saate tasuta juurdep\u00e4\u00e4su serverile, kus saate j\u00e4lgida objektide asukohta reaalajas. Saate arvutist v\u00f5i nutitelefonist \u00fchenduse luua ning see aitab teil kiiresti ja lihtsalt v\u00e4lja selgitada, kus asub objekt, mida te parajasti j\u00e4lgite;<\/li>\n<li>saate oma j\u00e4lgimisseadme asukohta mitte ainult serveriga \u00fchendumisel, vaid ka tekstis\u00f5numi teel. GPS-j\u00e4lgimisseadmega on kaasas SIM-kaart, millel on telefoninumber, nii et saate h\u00f5lpsasti teada, kus j\u00e4lgitav objekt asub;<\/li>\n<li>professionaalset GPS-j\u00e4lgimist saab kasutada s\u00f5idukite puhul - m\u00f5nel juhul on oluline kindlaks teha, kas j\u00e4lgitavad s\u00f5idukid \u00fcletavad kiirust. Sama kehtib ka ohutu kiiruse j\u00e4lgimise kohta - kui \u00fcletate kiirusepiirangut, saate teate;<\/li>\n<li>GPS-j\u00e4lgimine v\u00f5imaldab geograafilist kaardistamist - saate teate, kui objekt on v\u00e4ljaspool piire;<\/li>\n<li>V\u00e4ga mugav on saada teateid, kui teie seadme aku on t\u00fchi.<\/li>\n<\/ul>\n<p><strong>Millal ma saan GPS-j\u00e4lgimisseadet kasutada?<\/strong><\/p>\n<ul>\n<li>Kui on p\u00f5hjust j\u00e4lgida isikute viibimist, n\u00e4iteks selleks, et teada saada, kus on laps, et kaitsta m\u00e4luprobleemidega isikuid jne;<\/li>\n<li>S\u00f5iduki asukoha j\u00e4lgimine: ettev\u00f5tte omanikud soovivad sageli v\u00e4ltida ettev\u00f5tte s\u00f5idukite v\u00e4\u00e4rkasutust, seega aitab GPS-positsioneerimisseade teil j\u00e4lgida autode v\u00f5i muude j\u00e4lgitavate s\u00f5idukite asukohta;<\/li>\n<li>Kui soovite kaitsta kalleid esemeid: v\u00f5ite lisada v\u00e4\u00e4rtuslikele esemetele GPS-positsioneerimisseadme ja saada varguse korral kiiresti teada, kus teie asjad on;<\/li>\n<li>Kui soovite j\u00e4lgida kaupade liikumist, \u00fchendage lihtsalt serveriga ja j\u00e4lgige, kus need on;<\/li>\n<li>Kui tahate j\u00e4litada \u00e4ra jooksnud lemmiklooma: kuigi loomad m\u00e4rgistatakse \u00fcha sagedamini spetsiaalsete mikrokiipidega, ei aita see alati (inimene, kes leiab lemmiklooma, ei kontrolli alati mikrokiipi loomaarstikliinikus). Lemmiklooma kaelarihma k\u00fclge saab kinnitada GPS-positsioneerimisseadme, et saaksite kiiresti teada, kus teie lemmikloom on.<\/li>\n<\/ul>\n<p>Loomulikult on palju rohkem olukordi, kus GPS-seireseadmest v\u00f5ib kasu olla, nii et kui soovite j\u00e4lgida inimeste v\u00f5i esemete asukohta, on see suurep\u00e4rane valik. Pika aku kestvusega professionaalne GPS-seireseade on alati hea valik, sest saate pidevalt j\u00e4lgida objekti asukohta ja sellega seotud muutusi.<\/p>","protected":false},"excerpt":{"rendered":"<p>GPS-j\u00e4lgimisseade autodele v\u00f5imsa 20 800 mAh aku ja magnetiga. Otsene j\u00e4lgimine interneti kaudu, GEO tsoon, kiiruse\u00fcletamise hoiatus, l\u00e4bis\u00f5iduandur.<\/p>","protected":false},"featured_media":1768,"template":"","meta":[],"product_brand":[],"product_cat":[357],"product_tag":[370,371,372,373,374],"class_list":{"0":"post-1294","1":"product","2":"type-product","3":"status-publish","4":"has-post-thumbnail","6":"product_cat-gps-izsekosanas-ierice","7":"product_tag-automasinas-gps-izsekotajs","8":"product_tag-gps-izsekosanas-iekartas","9":"product_tag-gps-izsekotajs","10":"product_tag-gps-izsekotajs-ar-magnetu","11":"product_tag-gps-izsekotajs-automasinai","13":"first","14":"instock","15":"sale","16":"taxable","17":"shipping-taxable","18":"purchasable","19":"product-type-simple"},"yoast_head":"<!-- This site is optimized with the Yoast SEO plugin v27.5 - https:\/\/yoast.com\/product\/yoast-seo-wordpress\/ -->\n<title>Jauna GPS izseko\u0161anas ier\u012bce ar magn\u0113tu un 20 800 mAh akum.<\/title>\n<meta name=\"description\" content=\"Automa\u0161\u012bnas Gps izsekot\u0101js ar jaud\u012bgu 20 800Mah akumulatoru un magn\u0113tu Izseko\u0161ana tie\u0161raid\u0113, izmantojot internetu Geo zona \u0101truma p\u0101rsnieg\u0161anas br\u012bdin\u0101jums.\" \/>\n<meta name=\"robots\" content=\"index, follow, max-snippet:-1, max-image-preview:large, max-video-preview:-1\" \/>\n<link rel=\"canonical\" href=\"https:\/\/izsekosanasierices.lv\/et\/produkts\/uus-gps-jalgimisseade-koos-magneti-ja-20-800-mah-akuga\/\" \/>\n<meta property=\"og:locale\" content=\"et_EE\" \/>\n<meta property=\"og:type\" content=\"article\" \/>\n<meta property=\"og:title\" content=\"Jauns GPS izsekot\u0101js ar magn\u0113tu un 20 800Mah akumulatoru 240d.\" \/>\n<meta property=\"og:description\" content=\"Automa\u0161\u012bnas Gps izsekot\u0101js ar jaud\u012bgu 20 800Mah akumulatoru un magn\u0113tu Izseko\u0161ana tie\u0161raid\u0113, izmantojot internetu, Geo zona, \u0101truma p\u0101rsnieg\u0161anas br\u012bdin\u0101jums, nobraukuma sensors cena\" \/>\n<meta property=\"og:url\" content=\"https:\/\/izsekosanasierices.lv\/et\/produkts\/uus-gps-jalgimisseade-koos-magneti-ja-20-800-mah-akuga\/\" \/>\n<meta property=\"og:site_name\" content=\"Nr1 Izseko\u0161anas ier\u012bces gps izseko\u0161anas iek\u0101rtas, klaus\u012b\u0161an\u0101s iek\u0101rtas\" \/>\n<meta property=\"article:modified_time\" content=\"2026-04-15T06:50:27+00:00\" \/>\n<meta property=\"og:image\" content=\"https:\/\/rvnski.dev\/sekimoiranga\/wp-content\/uploads\/izsekosanasierices.webp\" \/>\n<meta name=\"twitter:card\" content=\"summary_large_image\" \/>\n<meta name=\"twitter:title\" content=\"Jauns GPS izsekot\u0101js ar magn\u0113tu un 20 800Mah akumulatoru 240d.\" \/>\n<meta name=\"twitter:description\" content=\"Automa\u0161\u012bnas Gps izsekot\u0101js ar jaud\u012bgu 20 800Mah akumulatoru un magn\u0113tu Izseko\u0161ana tie\u0161raid\u0113, izmantojot internetu, Geo zona, \u0101truma p\u0101rsnieg\u0161anas br\u012bdin\u0101jums, nobraukuma sensors cena\" \/>\n<meta name=\"twitter:label1\" content=\"Est. reading time\" \/>\n\t<meta name=\"twitter:data1\" content=\"4 minutit\" \/>\n<script type=\"application\/ld+json\" class=\"yoast-schema-graph\">{\"@context\":\"https:\\\/\\\/schema.org\",\"@graph\":[{\"@type\":\"WebPage\",\"@id\":\"https:\\\/\\\/izsekosanasierices.lv\\\/produkts\\\/jauna-gps-izsekosanas-ierice-ar-magnetu-un-20-800-mah-akumulatoru\\\/\",\"url\":\"https:\\\/\\\/izsekosanasierices.lv\\\/produkts\\\/jauna-gps-izsekosanas-ierice-ar-magnetu-un-20-800-mah-akumulatoru\\\/\",\"name\":\"Jauna GPS izseko\u0161anas ier\u012bce ar magn\u0113tu un 20 800 mAh akum.\",\"isPartOf\":{\"@id\":\"https:\\\/\\\/izsekosanasierices.lv\\\/#website\"},\"primaryImageOfPage\":{\"@id\":\"https:\\\/\\\/izsekosanasierices.lv\\\/produkts\\\/jauna-gps-izsekosanas-ierice-ar-magnetu-un-20-800-mah-akumulatoru\\\/#primaryimage\"},\"image\":{\"@id\":\"https:\\\/\\\/izsekosanasierices.lv\\\/produkts\\\/jauna-gps-izsekosanas-ierice-ar-magnetu-un-20-800-mah-akumulatoru\\\/#primaryimage\"},\"thumbnailUrl\":\"https:\\\/\\\/izsekosanasierices.lv\\\/wp-content\\\/uploads\\\/izsekosanasierices-naujiena-gps-seklys-su-magnetu-ir-20000mah-galinga-baterija-akcija.jpg\",\"datePublished\":\"2023-10-05T15:37:25+00:00\",\"dateModified\":\"2026-04-15T06:50:27+00:00\",\"description\":\"Automa\u0161\u012bnas Gps izsekot\u0101js ar jaud\u012bgu 20 800Mah akumulatoru un magn\u0113tu Izseko\u0161ana tie\u0161raid\u0113, izmantojot internetu Geo zona \u0101truma p\u0101rsnieg\u0161anas br\u012bdin\u0101jums.\",\"breadcrumb\":{\"@id\":\"https:\\\/\\\/izsekosanasierices.lv\\\/produkts\\\/jauna-gps-izsekosanas-ierice-ar-magnetu-un-20-800-mah-akumulatoru\\\/#breadcrumb\"},\"inLanguage\":\"et\",\"potentialAction\":[{\"@type\":\"ReadAction\",\"target\":[\"https:\\\/\\\/izsekosanasierices.lv\\\/produkts\\\/jauna-gps-izsekosanas-ierice-ar-magnetu-un-20-800-mah-akumulatoru\\\/\"]}]},{\"@type\":\"ImageObject\",\"inLanguage\":\"et\",\"@id\":\"https:\\\/\\\/izsekosanasierices.lv\\\/produkts\\\/jauna-gps-izsekosanas-ierice-ar-magnetu-un-20-800-mah-akumulatoru\\\/#primaryimage\",\"url\":\"https:\\\/\\\/izsekosanasierices.lv\\\/wp-content\\\/uploads\\\/izsekosanasierices-naujiena-gps-seklys-su-magnetu-ir-20000mah-galinga-baterija-akcija.jpg\",\"contentUrl\":\"https:\\\/\\\/izsekosanasierices.lv\\\/wp-content\\\/uploads\\\/izsekosanasierices-naujiena-gps-seklys-su-magnetu-ir-20000mah-galinga-baterija-akcija.jpg\",\"width\":632,\"height\":568,\"caption\":\"GPS izseko\u0161anas ier\u012bce\"},{\"@type\":\"BreadcrumbList\",\"@id\":\"https:\\\/\\\/izsekosanasierices.lv\\\/produkts\\\/jauna-gps-izsekosanas-ierice-ar-magnetu-un-20-800-mah-akumulatoru\\\/#breadcrumb\",\"itemListElement\":[{\"@type\":\"ListItem\",\"position\":1,\"name\":\"S\u0101kums\",\"item\":\"https:\\\/\\\/izsekosanasierices.lv\\\/\"},{\"@type\":\"ListItem\",\"position\":2,\"name\":\"Veikals\",\"item\":\"https:\\\/\\\/izsekosanasierices.lv\\\/veikals\\\/\"},{\"@type\":\"ListItem\",\"position\":3,\"name\":\"Jauna GPS izseko\u0161anas ier\u012bce ar magn\u0113tu un 20 800 mAh akumulatoru\"}]},{\"@type\":\"WebSite\",\"@id\":\"https:\\\/\\\/izsekosanasierices.lv\\\/#website\",\"url\":\"https:\\\/\\\/izsekosanasierices.lv\\\/\",\"name\":\"Nr1 Izseko\u0161anas ier\u012bces gps izseko\u0161anas iek\u0101rtas, klaus\u012b\u0161an\u0101s iek\u0101rtas\",\"description\":\"\",\"potentialAction\":[{\"@type\":\"SearchAction\",\"target\":{\"@type\":\"EntryPoint\",\"urlTemplate\":\"https:\\\/\\\/izsekosanasierices.lv\\\/?s={search_term_string}\"},\"query-input\":{\"@type\":\"PropertyValueSpecification\",\"valueRequired\":true,\"valueName\":\"search_term_string\"}}],\"inLanguage\":\"et\"}]}<\/script>\n<!-- \/ Yoast SEO plugin. -->","yoast_head_json":{"title":"Jauna GPS izseko\u0161anas ier\u012bce ar magn\u0113tu un 20 800 mAh akum.","description":"Automa\u0161\u012bnas Gps izsekot\u0101js ar jaud\u012bgu 20 800Mah akumulatoru un magn\u0113tu Izseko\u0161ana tie\u0161raid\u0113, izmantojot internetu Geo zona \u0101truma p\u0101rsnieg\u0161anas br\u012bdin\u0101jums.","robots":{"index":"index","follow":"follow","max-snippet":"max-snippet:-1","max-image-preview":"max-image-preview:large","max-video-preview":"max-video-preview:-1"},"canonical":"https:\/\/izsekosanasierices.lv\/et\/produkts\/uus-gps-jalgimisseade-koos-magneti-ja-20-800-mah-akuga\/","og_locale":"et_EE","og_type":"article","og_title":"Jauns GPS izsekot\u0101js ar magn\u0113tu un 20 800Mah akumulatoru 240d.","og_description":"Automa\u0161\u012bnas Gps izsekot\u0101js ar jaud\u012bgu 20 800Mah akumulatoru un magn\u0113tu Izseko\u0161ana tie\u0161raid\u0113, izmantojot internetu, Geo zona, \u0101truma p\u0101rsnieg\u0161anas br\u012bdin\u0101jums, nobraukuma sensors cena","og_url":"https:\/\/izsekosanasierices.lv\/et\/produkts\/uus-gps-jalgimisseade-koos-magneti-ja-20-800-mah-akuga\/","og_site_name":"Nr1 Izseko\u0161anas ier\u012bces gps izseko\u0161anas iek\u0101rtas, klaus\u012b\u0161an\u0101s iek\u0101rtas","article_modified_time":"2026-04-15T06:50:27+00:00","og_image":[{"url":"https:\/\/rvnski.dev\/sekimoiranga\/wp-content\/uploads\/izsekosanasierices.webp","type":"","width":"","height":""}],"twitter_card":"summary_large_image","twitter_title":"Jauns GPS izsekot\u0101js ar magn\u0113tu un 20 800Mah akumulatoru 240d.","twitter_description":"Automa\u0161\u012bnas Gps izsekot\u0101js ar jaud\u012bgu 20 800Mah akumulatoru un magn\u0113tu Izseko\u0161ana tie\u0161raid\u0113, izmantojot internetu, Geo zona, \u0101truma p\u0101rsnieg\u0161anas br\u012bdin\u0101jums, nobraukuma sensors cena","twitter_misc":{"Est. reading time":"4 minutit"},"schema":{"@context":"https:\/\/schema.org","@graph":[{"@type":"WebPage","@id":"https:\/\/izsekosanasierices.lv\/produkts\/jauna-gps-izsekosanas-ierice-ar-magnetu-un-20-800-mah-akumulatoru\/","url":"https:\/\/izsekosanasierices.lv\/produkts\/jauna-gps-izsekosanas-ierice-ar-magnetu-un-20-800-mah-akumulatoru\/","name":"Jauna GPS izseko\u0161anas ier\u012bce ar magn\u0113tu un 20 800 mAh akum.","isPartOf":{"@id":"https:\/\/izsekosanasierices.lv\/#website"},"primaryImageOfPage":{"@id":"https:\/\/izsekosanasierices.lv\/produkts\/jauna-gps-izsekosanas-ierice-ar-magnetu-un-20-800-mah-akumulatoru\/#primaryimage"},"image":{"@id":"https:\/\/izsekosanasierices.lv\/produkts\/jauna-gps-izsekosanas-ierice-ar-magnetu-un-20-800-mah-akumulatoru\/#primaryimage"},"thumbnailUrl":"https:\/\/izsekosanasierices.lv\/wp-content\/uploads\/izsekosanasierices-naujiena-gps-seklys-su-magnetu-ir-20000mah-galinga-baterija-akcija.jpg","datePublished":"2023-10-05T15:37:25+00:00","dateModified":"2026-04-15T06:50:27+00:00","description":"Automa\u0161\u012bnas Gps izsekot\u0101js ar jaud\u012bgu 20 800Mah akumulatoru un magn\u0113tu Izseko\u0161ana tie\u0161raid\u0113, izmantojot internetu Geo zona \u0101truma p\u0101rsnieg\u0161anas br\u012bdin\u0101jums.","breadcrumb":{"@id":"https:\/\/izsekosanasierices.lv\/produkts\/jauna-gps-izsekosanas-ierice-ar-magnetu-un-20-800-mah-akumulatoru\/#breadcrumb"},"inLanguage":"et","potentialAction":[{"@type":"ReadAction","target":["https:\/\/izsekosanasierices.lv\/produkts\/jauna-gps-izsekosanas-ierice-ar-magnetu-un-20-800-mah-akumulatoru\/"]}]},{"@type":"ImageObject","inLanguage":"et","@id":"https:\/\/izsekosanasierices.lv\/produkts\/jauna-gps-izsekosanas-ierice-ar-magnetu-un-20-800-mah-akumulatoru\/#primaryimage","url":"https:\/\/izsekosanasierices.lv\/wp-content\/uploads\/izsekosanasierices-naujiena-gps-seklys-su-magnetu-ir-20000mah-galinga-baterija-akcija.jpg","contentUrl":"https:\/\/izsekosanasierices.lv\/wp-content\/uploads\/izsekosanasierices-naujiena-gps-seklys-su-magnetu-ir-20000mah-galinga-baterija-akcija.jpg","width":632,"height":568,"caption":"GPS izseko\u0161anas ier\u012bce"},{"@type":"BreadcrumbList","@id":"https:\/\/izsekosanasierices.lv\/produkts\/jauna-gps-izsekosanas-ierice-ar-magnetu-un-20-800-mah-akumulatoru\/#breadcrumb","itemListElement":[{"@type":"ListItem","position":1,"name":"S\u0101kums","item":"https:\/\/izsekosanasierices.lv\/"},{"@type":"ListItem","position":2,"name":"Veikals","item":"https:\/\/izsekosanasierices.lv\/veikals\/"},{"@type":"ListItem","position":3,"name":"Jauna GPS izseko\u0161anas ier\u012bce ar magn\u0113tu un 20 800 mAh akumulatoru"}]},{"@type":"WebSite","@id":"https:\/\/izsekosanasierices.lv\/#website","url":"https:\/\/izsekosanasierices.lv\/","name":"Nr1 Izseko\u0161anas ier\u012bces gps izseko\u0161anas iek\u0101rtas, klaus\u012b\u0161an\u0101s iek\u0101rtas","description":"","potentialAction":[{"@type":"SearchAction","target":{"@type":"EntryPoint","urlTemplate":"https:\/\/izsekosanasierices.lv\/?s={search_term_string}"},"query-input":{"@type":"PropertyValueSpecification","valueRequired":true,"valueName":"search_term_string"}}],"inLanguage":"et"}]}},"_links":{"self":[{"href":"https:\/\/izsekosanasierices.lv\/et\/wp-json\/wp\/v2\/product\/1294","targetHints":{"allow":["GET"]}}],"collection":[{"href":"https:\/\/izsekosanasierices.lv\/et\/wp-json\/wp\/v2\/product"}],"about":[{"href":"https:\/\/izsekosanasierices.lv\/et\/wp-json\/wp\/v2\/types\/product"}],"wp:featuredmedia":[{"embeddable":true,"href":"https:\/\/izsekosanasierices.lv\/et\/wp-json\/wp\/v2\/media\/1768"}],"wp:attachment":[{"href":"https:\/\/izsekosanasierices.lv\/et\/wp-json\/wp\/v2\/media?parent=1294"}],"wp:term":[{"taxonomy":"product_brand","embeddable":true,"href":"https:\/\/izsekosanasierices.lv\/et\/wp-json\/wp\/v2\/product_brand?post=1294"},{"taxonomy":"product_cat","embeddable":true,"href":"https:\/\/izsekosanasierices.lv\/et\/wp-json\/wp\/v2\/product_cat?post=1294"},{"taxonomy":"product_tag","embeddable":true,"href":"https:\/\/izsekosanasierices.lv\/et\/wp-json\/wp\/v2\/product_tag?post=1294"}],"curies":[{"name":"wp","href":"https:\/\/api.w.org\/{rel}","templated":true}]}}