{"id":1295,"date":"2023-10-05T15:37:25","date_gmt":"2023-10-05T15:37:25","guid":{"rendered":"https:\/\/izsekosanasierices.lv\/produktas\/gps-seklys-su-labai-galingais-magnetais-ir-apsauga-nuo-vandens\/"},"modified":"2026-04-07T13:11:54","modified_gmt":"2026-04-07T10:11:54","slug":"gps-izsekosanas-ierice-ar-loti-specigiem-magnetiem-un-aizsardzibu-pret-udeni","status":"publish","type":"product","link":"https:\/\/izsekosanasierices.lv\/et\/produkts\/gps-jalgimisseade-vaga-eriliste-magnetitega-ja-kaitsega-labiloogi-eest\/","title":{"rendered":"GPS j\u00e4lgimisseade v\u00e4ga tugevate magnetite ja veekaitsega"},"content":{"rendered":"<h3><strong>Tehnilised parameetrid:<\/strong><\/h3>\n<ul>\n<li>T\u00f6\u00f6temperatuur: -30 C - +65 C<\/li>\n<li>Euroopa server ilma h\u00e4ireteta (mitte hiina)<\/li>\n<li>Telefoni pealtkuulamine: saadaval<\/li>\n<li>Eemaldamisandur (saate tekstis\u00f5numi, kui seade on eemaldatud)<\/li>\n<li>Heli puudub<\/li>\n<li>GPS-moodul: U-blox\u00a0<a href=\"https:\/\/www.u-blox.com\/en\/positioning-chips-and-modules\">https:\/\/www.u-blox.com\/en\/positioning-chips-and-modules<\/a><\/li>\n<li>GSM\/GPRS-moodul: jah<\/li>\n<li>Niiskuskaitse: IP65<\/li>\n<li>Aku: liitium-ioon (3,7 V 10400 mAh)<\/li>\n<li>Pealtkuulamisfunktsioon (v\u00f5ime kuulata otse\u00fclekandeid)<\/li>\n<li>Kuni 6 kuud (GSM puhkere\u017eiim)<\/li>\n<li>Tundlikkus: -159 dBm<\/li>\n<li>Koordinaatide viga: mitte rohkem kui 5 meetrit<\/li>\n<li>M\u00f5\u00f5tmed: 70 mm x 20 mm x 100 mm<\/li>\n<li>Kaal: 300 g<\/li>\n<li>Tasuta veebip\u00f5hine seire<\/li>\n<li>Tasuta j\u00e4lgimisrakendus (mobiilirakendus)<\/li>\n<li>Kiirushoiatus : Jah<\/li>\n<li>Liikumisandur: jah<\/li>\n<li>Vibratsiooniandur: jah<\/li>\n<li>S\u00fcgav uni: jah<\/li>\n<li>SOS-nupp: ei ole<\/li>\n<li>Vestluste kuulamine: jah<\/li>\n<\/ul>\n<p><strong>Sisaldab:<\/strong><\/p>\n<ul>\n<li>GPS-j\u00e4lgimisseade;<\/li>\n<li>USB-kaabel;<\/li>\n<li>juhised EN<\/li>\n<li>Logi sisse oma profiili (kasutajanimi + parool)<\/li>\n<li><strong>Garantii 12 kuud.<\/strong><\/li>\n<\/ul>\n<p><strong>Vajad kiiret sama p\u00e4eva (ja n\u00e4dalavahetuse) kohaletoimetamist? Helistage +37<\/strong><strong>120484176<\/strong><strong>!<\/strong><\/p>\n<h3>Kasutamine: teie auto ja asjade ohutuse tagamiseks.<\/h3>\n<p><strong>GPS j\u00e4lgimisseade v\u00f5imsate magnetitega<\/strong><\/p>\n<p>GPS-seireseadmeid kasutatakse v\u00e4ga sageli autode, mootorrataste, quadide, kantavate saunade v\u00f5i mullivannide kaitsmiseks varguste eest. T\u00e4nap\u00e4eval kasvab selliste seadmete kasutamine kiiresti ja see pole ka ime: on hea teada, kus oma auto parasjagu on, ilma teiste abita v\u00f5i kuluta. GPS-j\u00e4lgimisseadmed on suhteliselt odavad, seega on need \u00fcks parimaid vahendeid, mis aitavad teil hajutada kahtlusi v\u00f5i teada saada, kus teie s\u00f5iduk parajasti asub. See v\u00f5ib olla abiks ka varguse korral: vaid m\u00f5ne hetkega saate teada, kus teie auto on.<\/p>\n<p><strong>Kiire ja t\u00f5hus remont<\/strong><\/p>\n<p>GPS-j\u00e4lgimisseadme saab m\u00f5ne hetkega kinnitada eriti tugevate magnetite abil ja v\u00f5ite olla kindel, et see hoiab piisavalt kindlalt. See GPS-j\u00e4lgimisseade paigutatakse autosse nii, et vargad ei saa seda h\u00f5lpsasti \u00fcles leida. GPS-j\u00e4lgimisseade ei tee mingit m\u00fcra, seega ei tekita see seade mingit kahtlust.<\/p>\n<p><strong>Saate j\u00e4lgida, kuhu teie auto s\u00f5idab<\/strong><\/p>\n<p>Kui teie autosse on paigaldatud GPS-seireseade, saate igal ajal kontrollida, kus teie s\u00f5iduk asub. On olemas spetsiaalne autode j\u00e4lgimisrakendus, mis t\u00f6\u00f6tab k\u00f5igis nutitelefonides, nii et saate h\u00f5lpsasti teada, kus ja millal teie s\u00f5iduk on. Samuti saate oma autot j\u00e4lgida spetsiaalse veebisaidi kaudu: j\u00e4lgimisserver on kuni 10 aasta jooksul t\u00e4iesti tasuta.<\/p>\n<p><strong>Eriti suure mahutavusega aku<\/strong><\/p>\n<p>Suurep\u00e4rane on ka see, et selle GPS-j\u00e4lgimisseadme aku on v\u00e4ga v\u00f5imas, nii et te ei pea muretsema selle t\u00fchjenemise p\u00e4rast halvimal v\u00f5imalikul hetkel. Selle 10 400 mAh aku mahutavusega GPS-seirejaam v\u00f5ib t\u00f6\u00f6tada tundide kaupa ilma t\u00e4iendava laadimiseta.<strong>\u00a0<\/strong><\/p>\n<p><strong>Lai valik rakendusi<\/strong><\/p>\n<p>GPS-j\u00e4lgimisseadmeid saab kasutada t\u00f5esti tavalistes olukordades. N\u00e4iteks, et kaitsta oma autot varguse eest... Kui teie s\u00f5iduk varastatakse, saate selle m\u00f5ne hetkega \u00fcles leida, mis teeb politsei t\u00f6\u00f6 palju lihtsamaks. See v\u00f5ib olla oluline, kui s\u00f5iduk antakse \u00fcle t\u00f6\u00f6tajatele jne. Samuti saate teada, kus teie alaealised lapsed k\u00e4ivad ja kas teie t\u00e4iskasvanud lapsed ja eestkostetavad s\u00f5idavad autoga kiirustades. Kui t\u00f6\u00f6tajad kasutavad ettev\u00f5tte omanduses olevat autot, on eriti oluline veenduda, et nad k\u00e4ituvad liikluses korralikult ja ei kahjusta teie ettev\u00f5tte mainet, seega ei tohiks kiiruse \u00fcletamist tolereerida. GPS-j\u00e4lgimisseade aitab ka j\u00e4lgida, kas t\u00f6\u00f6tajad kasutavad autot etten\u00e4htud marsruutidel ja kas nad kasutavad s\u00f5idukit ka isiklikuks otstarbeks. GPS-seireseadme abil saate j\u00e4lgida ka oma lasti. On palju kohandamisv\u00f5imalusi, nii et see aitab t\u00f5esti saada vajalikku teavet paljudes olukordades.<\/p>\n<p><strong>\u00a0<\/strong><\/p>\n<p><strong>Lihtne kasutada<\/strong><\/p>\n<p>Kui ostate selle GPS-j\u00e4lgimisseadme, saate eelnevalt paigaldatud j\u00e4lgimisvahendi, nii et seda on v\u00e4ga lihtne kasutada. Lihtsalt sisestage SIM-kaart ja saate alustada oma s\u00f5iduki v\u00f5i teatud inimeste j\u00e4lgimist. \u00c4rge kahelge: GPS-j\u00e4lgimisseade on \u00fcks t\u00f5husamaid lahendusi vajaliku teabe saamiseks ja seda on lihtne teha!<\/p>","protected":false},"excerpt":{"rendered":"<p>V\u00e4ga tugeva magnetiga GPS-j\u00e4lgimisseade. Kinnitub h\u00f5lpsasti auto alumise k\u00fclje k\u00fclge. Seda ei m\u00f5juta niiskus ja see ei tee h\u00e4\u00e4lt. Tasuta kohaletoimetamine.<\/p>","protected":false},"featured_media":1775,"template":"","meta":[],"product_brand":[],"product_cat":[357],"product_tag":[370,371,372,373,374],"class_list":{"0":"post-1295","1":"product","2":"type-product","3":"status-publish","4":"has-post-thumbnail","6":"product_cat-gps-izsekosanas-ierice","7":"product_tag-automasinas-gps-izsekotajs","8":"product_tag-gps-izsekosanas-iekartas","9":"product_tag-gps-izsekotajs","10":"product_tag-gps-izsekotajs-ar-magnetu","11":"product_tag-gps-izsekotajs-automasinai","13":"first","14":"instock","15":"taxable","16":"shipping-taxable","17":"purchasable","18":"product-type-simple"},"yoast_head":"<!-- This site is optimized with the Yoast SEO plugin v27.5 - https:\/\/yoast.com\/product\/yoast-seo-wordpress\/ -->\n<title>GPS izseko\u0161anas ier\u012bce ar \u013coti sp\u0113c\u012bgiem magn\u0113tiem GPS trekeri<\/title>\n<meta name=\"description\" content=\"GPS izseko\u0161anas ier\u012bce tiek darbin\u0101ta ar akumulatoru Regul\u0113jams laiks, izseko\u0161ana tie\u0161saist\u0113, mobil\u0101 t\u0101lru\u0146a lietotnes Viegla uzst\u0101d\u012b\u0161ana. Eiropas serveris\" \/>\n<meta name=\"robots\" content=\"index, follow, max-snippet:-1, max-image-preview:large, max-video-preview:-1\" \/>\n<link rel=\"canonical\" href=\"https:\/\/izsekosanasierices.lv\/et\/produkts\/gps-jalgimisseade-vaga-eriliste-magnetitega-ja-kaitsega-labiloogi-eest\/\" \/>\n<meta property=\"og:locale\" content=\"et_EE\" \/>\n<meta property=\"og:type\" content=\"article\" \/>\n<meta property=\"og:title\" content=\"GPS izsekot\u0101js ar jaud\u012bgiem magn\u0113tiem un bezmaksas izseko\u0161anas serveri\" \/>\n<meta property=\"og:description\" content=\"GPS izseko\u0161anas iek\u0101rta ar \u013coti sp\u0113c\u012bgu magn\u0113tu. Viegli piestiprin\u0101ms pie automa\u0161\u012bnas apak\u0161\u0113j\u0101s da\u013cas. Tas nebaid\u0101s no mitruma un nerada ska\u0146as. Bezmaksas pieg\u0101de\" \/>\n<meta property=\"og:url\" content=\"https:\/\/izsekosanasierices.lv\/et\/produkts\/gps-jalgimisseade-vaga-eriliste-magnetitega-ja-kaitsega-labiloogi-eest\/\" \/>\n<meta property=\"og:site_name\" content=\"Nr1 Izseko\u0161anas ier\u012bces gps izseko\u0161anas iek\u0101rtas, klaus\u012b\u0161an\u0101s iek\u0101rtas\" \/>\n<meta property=\"article:modified_time\" content=\"2026-04-07T10:11:54+00:00\" \/>\n<meta property=\"og:image\" content=\"https:\/\/rvnski.dev\/sekimoiranga\/wp-content\/uploads\/izsekosanasierices.webp\" \/>\n<meta name=\"twitter:card\" content=\"summary_large_image\" \/>\n<meta name=\"twitter:title\" content=\"GPS izsekot\u0101js ar jaud\u012bgiem magn\u0113tiem un bezmaksas izseko\u0161anas serveri\" \/>\n<meta name=\"twitter:description\" content=\"GPS izseko\u0161anas iek\u0101rta ar \u013coti sp\u0113c\u012bgu magn\u0113tu. Viegli piestiprin\u0101ms pie automa\u0161\u012bnas apak\u0161\u0113j\u0101s da\u013cas. Tas nebaid\u0101s no mitruma un nerada ska\u0146as. Bezmaksas pieg\u0101de\" \/>\n<meta name=\"twitter:label1\" content=\"Est. reading time\" \/>\n\t<meta name=\"twitter:data1\" content=\"4 minutit\" \/>\n<script type=\"application\/ld+json\" class=\"yoast-schema-graph\">{\"@context\":\"https:\\\/\\\/schema.org\",\"@graph\":[{\"@type\":\"WebPage\",\"@id\":\"https:\\\/\\\/izsekosanasierices.lv\\\/produkts\\\/gps-izsekosanas-ierice-ar-loti-specigiem-magnetiem-un-aizsardzibu-pret-udeni\\\/\",\"url\":\"https:\\\/\\\/izsekosanasierices.lv\\\/produkts\\\/gps-izsekosanas-ierice-ar-loti-specigiem-magnetiem-un-aizsardzibu-pret-udeni\\\/\",\"name\":\"GPS izseko\u0161anas ier\u012bce ar \u013coti sp\u0113c\u012bgiem magn\u0113tiem GPS trekeri\",\"isPartOf\":{\"@id\":\"https:\\\/\\\/izsekosanasierices.lv\\\/#website\"},\"primaryImageOfPage\":{\"@id\":\"https:\\\/\\\/izsekosanasierices.lv\\\/produkts\\\/gps-izsekosanas-ierice-ar-loti-specigiem-magnetiem-un-aizsardzibu-pret-udeni\\\/#primaryimage\"},\"image\":{\"@id\":\"https:\\\/\\\/izsekosanasierices.lv\\\/produkts\\\/gps-izsekosanas-ierice-ar-loti-specigiem-magnetiem-un-aizsardzibu-pret-udeni\\\/#primaryimage\"},\"thumbnailUrl\":\"https:\\\/\\\/izsekosanasierices.lv\\\/wp-content\\\/uploads\\\/izsekosanasierices-gps-seklys-su-labai-galingais-magnetais-ir-ip65-apsauga.jpg\",\"datePublished\":\"2023-10-05T15:37:25+00:00\",\"dateModified\":\"2026-04-07T10:11:54+00:00\",\"description\":\"GPS izseko\u0161anas ier\u012bce tiek darbin\u0101ta ar akumulatoru Regul\u0113jams laiks, izseko\u0161ana tie\u0161saist\u0113, mobil\u0101 t\u0101lru\u0146a lietotnes Viegla uzst\u0101d\u012b\u0161ana. Eiropas serveris\",\"breadcrumb\":{\"@id\":\"https:\\\/\\\/izsekosanasierices.lv\\\/produkts\\\/gps-izsekosanas-ierice-ar-loti-specigiem-magnetiem-un-aizsardzibu-pret-udeni\\\/#breadcrumb\"},\"inLanguage\":\"et\",\"potentialAction\":[{\"@type\":\"ReadAction\",\"target\":[\"https:\\\/\\\/izsekosanasierices.lv\\\/produkts\\\/gps-izsekosanas-ierice-ar-loti-specigiem-magnetiem-un-aizsardzibu-pret-udeni\\\/\"]}]},{\"@type\":\"ImageObject\",\"inLanguage\":\"et\",\"@id\":\"https:\\\/\\\/izsekosanasierices.lv\\\/produkts\\\/gps-izsekosanas-ierice-ar-loti-specigiem-magnetiem-un-aizsardzibu-pret-udeni\\\/#primaryimage\",\"url\":\"https:\\\/\\\/izsekosanasierices.lv\\\/wp-content\\\/uploads\\\/izsekosanasierices-gps-seklys-su-labai-galingais-magnetais-ir-ip65-apsauga.jpg\",\"contentUrl\":\"https:\\\/\\\/izsekosanasierices.lv\\\/wp-content\\\/uploads\\\/izsekosanasierices-gps-seklys-su-labai-galingais-magnetais-ir-ip65-apsauga.jpg\",\"width\":800,\"height\":800,\"caption\":\"Automobilin\u0117 palydovin\u0117 sekimo \u012franga gps\"},{\"@type\":\"BreadcrumbList\",\"@id\":\"https:\\\/\\\/izsekosanasierices.lv\\\/produkts\\\/gps-izsekosanas-ierice-ar-loti-specigiem-magnetiem-un-aizsardzibu-pret-udeni\\\/#breadcrumb\",\"itemListElement\":[{\"@type\":\"ListItem\",\"position\":1,\"name\":\"S\u0101kums\",\"item\":\"https:\\\/\\\/izsekosanasierices.lv\\\/\"},{\"@type\":\"ListItem\",\"position\":2,\"name\":\"Veikals\",\"item\":\"https:\\\/\\\/izsekosanasierices.lv\\\/veikals\\\/\"},{\"@type\":\"ListItem\",\"position\":3,\"name\":\"GPS izseko\u0161anas ier\u012bce ar \u013coti sp\u0113c\u012bgiem magn\u0113tiem un aizsardz\u012bbu pret \u016bdeni\"}]},{\"@type\":\"WebSite\",\"@id\":\"https:\\\/\\\/izsekosanasierices.lv\\\/#website\",\"url\":\"https:\\\/\\\/izsekosanasierices.lv\\\/\",\"name\":\"Nr1 Izseko\u0161anas ier\u012bces gps izseko\u0161anas iek\u0101rtas, klaus\u012b\u0161an\u0101s iek\u0101rtas\",\"description\":\"\",\"potentialAction\":[{\"@type\":\"SearchAction\",\"target\":{\"@type\":\"EntryPoint\",\"urlTemplate\":\"https:\\\/\\\/izsekosanasierices.lv\\\/?s={search_term_string}\"},\"query-input\":{\"@type\":\"PropertyValueSpecification\",\"valueRequired\":true,\"valueName\":\"search_term_string\"}}],\"inLanguage\":\"et\"}]}<\/script>\n<!-- \/ Yoast SEO plugin. -->","yoast_head_json":{"title":"GPS izseko\u0161anas ier\u012bce ar \u013coti sp\u0113c\u012bgiem magn\u0113tiem GPS trekeri","description":"GPS izseko\u0161anas ier\u012bce tiek darbin\u0101ta ar akumulatoru Regul\u0113jams laiks, izseko\u0161ana tie\u0161saist\u0113, mobil\u0101 t\u0101lru\u0146a lietotnes Viegla uzst\u0101d\u012b\u0161ana. Eiropas serveris","robots":{"index":"index","follow":"follow","max-snippet":"max-snippet:-1","max-image-preview":"max-image-preview:large","max-video-preview":"max-video-preview:-1"},"canonical":"https:\/\/izsekosanasierices.lv\/et\/produkts\/gps-jalgimisseade-vaga-eriliste-magnetitega-ja-kaitsega-labiloogi-eest\/","og_locale":"et_EE","og_type":"article","og_title":"GPS izsekot\u0101js ar jaud\u012bgiem magn\u0113tiem un bezmaksas izseko\u0161anas serveri","og_description":"GPS izseko\u0161anas iek\u0101rta ar \u013coti sp\u0113c\u012bgu magn\u0113tu. Viegli piestiprin\u0101ms pie automa\u0161\u012bnas apak\u0161\u0113j\u0101s da\u013cas. Tas nebaid\u0101s no mitruma un nerada ska\u0146as. Bezmaksas pieg\u0101de","og_url":"https:\/\/izsekosanasierices.lv\/et\/produkts\/gps-jalgimisseade-vaga-eriliste-magnetitega-ja-kaitsega-labiloogi-eest\/","og_site_name":"Nr1 Izseko\u0161anas ier\u012bces gps izseko\u0161anas iek\u0101rtas, klaus\u012b\u0161an\u0101s iek\u0101rtas","article_modified_time":"2026-04-07T10:11:54+00:00","og_image":[{"url":"https:\/\/rvnski.dev\/sekimoiranga\/wp-content\/uploads\/izsekosanasierices.webp","type":"","width":"","height":""}],"twitter_card":"summary_large_image","twitter_title":"GPS izsekot\u0101js ar jaud\u012bgiem magn\u0113tiem un bezmaksas izseko\u0161anas serveri","twitter_description":"GPS izseko\u0161anas iek\u0101rta ar \u013coti sp\u0113c\u012bgu magn\u0113tu. Viegli piestiprin\u0101ms pie automa\u0161\u012bnas apak\u0161\u0113j\u0101s da\u013cas. Tas nebaid\u0101s no mitruma un nerada ska\u0146as. Bezmaksas pieg\u0101de","twitter_misc":{"Est. reading time":"4 minutit"},"schema":{"@context":"https:\/\/schema.org","@graph":[{"@type":"WebPage","@id":"https:\/\/izsekosanasierices.lv\/produkts\/gps-izsekosanas-ierice-ar-loti-specigiem-magnetiem-un-aizsardzibu-pret-udeni\/","url":"https:\/\/izsekosanasierices.lv\/produkts\/gps-izsekosanas-ierice-ar-loti-specigiem-magnetiem-un-aizsardzibu-pret-udeni\/","name":"GPS izseko\u0161anas ier\u012bce ar \u013coti sp\u0113c\u012bgiem magn\u0113tiem GPS trekeri","isPartOf":{"@id":"https:\/\/izsekosanasierices.lv\/#website"},"primaryImageOfPage":{"@id":"https:\/\/izsekosanasierices.lv\/produkts\/gps-izsekosanas-ierice-ar-loti-specigiem-magnetiem-un-aizsardzibu-pret-udeni\/#primaryimage"},"image":{"@id":"https:\/\/izsekosanasierices.lv\/produkts\/gps-izsekosanas-ierice-ar-loti-specigiem-magnetiem-un-aizsardzibu-pret-udeni\/#primaryimage"},"thumbnailUrl":"https:\/\/izsekosanasierices.lv\/wp-content\/uploads\/izsekosanasierices-gps-seklys-su-labai-galingais-magnetais-ir-ip65-apsauga.jpg","datePublished":"2023-10-05T15:37:25+00:00","dateModified":"2026-04-07T10:11:54+00:00","description":"GPS izseko\u0161anas ier\u012bce tiek darbin\u0101ta ar akumulatoru Regul\u0113jams laiks, izseko\u0161ana tie\u0161saist\u0113, mobil\u0101 t\u0101lru\u0146a lietotnes Viegla uzst\u0101d\u012b\u0161ana. Eiropas serveris","breadcrumb":{"@id":"https:\/\/izsekosanasierices.lv\/produkts\/gps-izsekosanas-ierice-ar-loti-specigiem-magnetiem-un-aizsardzibu-pret-udeni\/#breadcrumb"},"inLanguage":"et","potentialAction":[{"@type":"ReadAction","target":["https:\/\/izsekosanasierices.lv\/produkts\/gps-izsekosanas-ierice-ar-loti-specigiem-magnetiem-un-aizsardzibu-pret-udeni\/"]}]},{"@type":"ImageObject","inLanguage":"et","@id":"https:\/\/izsekosanasierices.lv\/produkts\/gps-izsekosanas-ierice-ar-loti-specigiem-magnetiem-un-aizsardzibu-pret-udeni\/#primaryimage","url":"https:\/\/izsekosanasierices.lv\/wp-content\/uploads\/izsekosanasierices-gps-seklys-su-labai-galingais-magnetais-ir-ip65-apsauga.jpg","contentUrl":"https:\/\/izsekosanasierices.lv\/wp-content\/uploads\/izsekosanasierices-gps-seklys-su-labai-galingais-magnetais-ir-ip65-apsauga.jpg","width":800,"height":800,"caption":"Automobilin\u0117 palydovin\u0117 sekimo \u012franga gps"},{"@type":"BreadcrumbList","@id":"https:\/\/izsekosanasierices.lv\/produkts\/gps-izsekosanas-ierice-ar-loti-specigiem-magnetiem-un-aizsardzibu-pret-udeni\/#breadcrumb","itemListElement":[{"@type":"ListItem","position":1,"name":"S\u0101kums","item":"https:\/\/izsekosanasierices.lv\/"},{"@type":"ListItem","position":2,"name":"Veikals","item":"https:\/\/izsekosanasierices.lv\/veikals\/"},{"@type":"ListItem","position":3,"name":"GPS izseko\u0161anas ier\u012bce ar \u013coti sp\u0113c\u012bgiem magn\u0113tiem un aizsardz\u012bbu pret \u016bdeni"}]},{"@type":"WebSite","@id":"https:\/\/izsekosanasierices.lv\/#website","url":"https:\/\/izsekosanasierices.lv\/","name":"Nr1 Izseko\u0161anas ier\u012bces gps izseko\u0161anas iek\u0101rtas, klaus\u012b\u0161an\u0101s iek\u0101rtas","description":"","potentialAction":[{"@type":"SearchAction","target":{"@type":"EntryPoint","urlTemplate":"https:\/\/izsekosanasierices.lv\/?s={search_term_string}"},"query-input":{"@type":"PropertyValueSpecification","valueRequired":true,"valueName":"search_term_string"}}],"inLanguage":"et"}]}},"_links":{"self":[{"href":"https:\/\/izsekosanasierices.lv\/et\/wp-json\/wp\/v2\/product\/1295","targetHints":{"allow":["GET"]}}],"collection":[{"href":"https:\/\/izsekosanasierices.lv\/et\/wp-json\/wp\/v2\/product"}],"about":[{"href":"https:\/\/izsekosanasierices.lv\/et\/wp-json\/wp\/v2\/types\/product"}],"wp:featuredmedia":[{"embeddable":true,"href":"https:\/\/izsekosanasierices.lv\/et\/wp-json\/wp\/v2\/media\/1775"}],"wp:attachment":[{"href":"https:\/\/izsekosanasierices.lv\/et\/wp-json\/wp\/v2\/media?parent=1295"}],"wp:term":[{"taxonomy":"product_brand","embeddable":true,"href":"https:\/\/izsekosanasierices.lv\/et\/wp-json\/wp\/v2\/product_brand?post=1295"},{"taxonomy":"product_cat","embeddable":true,"href":"https:\/\/izsekosanasierices.lv\/et\/wp-json\/wp\/v2\/product_cat?post=1295"},{"taxonomy":"product_tag","embeddable":true,"href":"https:\/\/izsekosanasierices.lv\/et\/wp-json\/wp\/v2\/product_tag?post=1295"}],"curies":[{"name":"wp","href":"https:\/\/api.w.org\/{rel}","templated":true}]}}