{"id":1296,"date":"2023-10-05T15:37:25","date_gmt":"2023-10-05T15:37:25","guid":{"rendered":"https:\/\/izsekosanasierices.lv\/produktas\/zadintuvas-su-slapta-kamera-ir-termometru-naktinis-matymas\/"},"modified":"2025-11-19T15:23:00","modified_gmt":"2025-11-19T13:23:00","slug":"modinatajpulkstenis-ar-slepeno-kameru-un-termometru-nakts-redzamibas-funkcija","status":"publish","type":"product","link":"https:\/\/izsekosanasierices.lv\/et\/produkts\/aratuskell-koos-salajase-kaamera-ja-termomeetri-oovaatlusfunktsiooniga\/","title":{"rendered":"\u00c4ratuskell koos salakaamera ja termomeetriga (\u00f6\u00f6vaatlusfunktsiooniga)"},"content":{"rendered":"<h3><strong>Tehnilised parameetrid:<\/strong><\/h3>\n<ul>\n<li>Kaugvideo vaatamine: jah<\/li>\n<li>Video salvestamine koos heliga<\/li>\n<li>\u00c4ratusk\u00f5ne funktsioon:jah<\/li>\n<li>Pildi kvaliteet: eelvaade - HD 1920*1080<\/li>\n<li>Foto resolutsioon: HD 1920*1080<\/li>\n<li>Vaatamisnurk: 120 kraadi<\/li>\n<li>Kaadrisagedus: 25FPS<\/li>\n<li><span style=\"font-style: normal !msorm;\"><em>Push<\/em><\/span> teadaanded<\/li>\n<li>M\u00e4lukaardi tugi: 4 GB kuni 128 GB (kaart ei kuulu komplekti)<\/li>\n<li>Videovalve: telefoni v\u00f5i arvutiga (otse\u00fclekanne internetis)<\/li>\n<li>Aku kestvus: umbes 3 tundi 24\/7 re\u017eiimis<\/li>\n<li>Aku mahutavus: 3000 mAh<\/li>\n<li>220v adapter (alaliseks \u00fchendamiseks vooluv\u00f5rku)<\/li>\n<li>Sisemine temperatuuriandur<\/li>\n<li>Liikumistuvastus: jah, digitaalselt<\/li>\n<li>Pakkimisformaat: avi H.264<\/li>\n<li>Video formaat: avi<\/li>\n<li>S\u00fcsteemid: iOS, Android, Windows<\/li>\n<li>\"TINY CAM\" programm<\/li>\n<li>Toiteallikas: vooluv\u00f5rk (pistikupesa) v\u00f5i sisemine aku<\/li>\n<li>Wi-Fi: jah<\/li>\n<li><strong>Garantii 12 kuud<\/strong><\/li>\n<\/ul>\n<p><strong>\u00a0<\/strong><\/p>\n<p><span style=\"color: #ff0000;\"><strong>Vajad kiiret sama p\u00e4eva (ja n\u00e4dalavahetuse) kohaletoimetamist?  Helistage +37120484176<\/strong><\/span><\/p>\n<p>&nbsp;<\/p>\n<p>Kasutamine: enda kaitseks, laste kaitseks.<\/p>\n<p><strong>\u00a0<\/strong><\/p>\n<p><strong>WiFi kaamera, mis on peidetud \u00e4ratuskellasse<\/strong><\/p>\n<p>Me k\u00f5ik tahame end oma kodus turvaliselt tunda, kuid sageli kahtleme mingil p\u00f5hjusel, kas k\u00f5ik on t\u00e4pselt nii, nagu me tahaksime. Seet\u00f5ttu on m\u00f5nikord vaja v\u00f5tta teatud meetmeid, et kahtlusi hajutada: kasutada salakaamerat, et selgitada v\u00e4lja, kas alaealised lapsed on turvaliselt, kas haiged vanemad on terved. \u00c4ratuskellasse ehitatud salakaamera ei tekita mingit kahtlust, et tuba v\u00f5idakse j\u00e4lgida, seega k\u00e4ituvad inimesed normaalselt. Varjatud kaamerate kasutamine aitab kiiresti ja vaevata kontrollida, kas lapsed ja kodud on turvaliselt ja kas haiged vanemad tunnevad end h\u00e4sti.<\/p>\n<p><strong>\u00a0<\/strong><\/p>\n<p><strong>Funktsionaalne seade<\/strong><\/p>\n<p><span style=\"font-style: normal !msorm;\"><em>Candid<\/em><\/span> Varjatud kaamera on funktsionaalne: seda saab kasutada iga p\u00e4ev v\u00f5i siis, kui soovite salaja videoid teha. Selline igap\u00e4evaselt kasutatav seade ei tekita mingit kahtlust, nii et saate salaja koguda vajalikku materjali ja kasutada seda eesm\u00e4rgip\u00e4raselt. N\u00e4iteks kui te ei ole kindel, kas teie koju tulev lapsehoidja kohtleb teie last korralikult, aitab see varjatud valvekaamera kindlasti teie kahtlusi hajutada. Laste turvalisus ja heaolu on k\u00f5igi vanemate jaoks esmat\u00e4htis, seega v\u00f5ib selline seade lihtsustada hinnangu andmist, kas lapsehoidja teeb oma t\u00f6\u00f6d h\u00e4sti. Peidetud kaameraga kell ei \u00fctle mitte ainult aega ja tegutseb \u00e4ratuskellana, vaid n\u00e4itab ka temperatuuri ruumis.<\/p>\n<p><strong>\u00a0<\/strong><\/p>\n<p><strong>Kaugvideovalve<\/strong><\/p>\n<p>H\u00e4irekella sisseehitatud peitkaamera v\u00f5imaldab tehtud pilte reaalajas j\u00e4lgida. WiFi-funktsioon v\u00f5imaldab teil luua \u00fchenduse veebisaidiga, kus saate j\u00e4lgida tehtud pilte ja videoid ning n\u00e4ha, mis ruumis toimub. Loomulikult ei ole alati vaja pidevalt kontrollida, kas j\u00e4lgitavas ruumis midagi toimub, seega on sellel seadmel veel \u00fcks kasulik funktsioon: see v\u00f5ib hakata videot tegema ainult siis, kui ruumis tuvastatakse liikumist, seega ei pea filmima siis, kui kedagi ei ole seal.<\/p>\n<p><strong>\u00a0<\/strong><\/p>\n<p><strong>\u00d6\u00f6vaatlusfunktsioon<\/strong><\/p>\n<p>Selle peidetud kaamera eeliseks on ka \u00f6\u00f6n\u00e4gemise funktsioon, mis tagab, et videosalvestus on v\u00f5imalik mitte ainult p\u00e4evavalguse ajal, vaid ka siis, kui ruum on pime. Loomulikult v\u00f5ib midagi olulist juhtuda ka siis, kui valgus on v\u00e4lja l\u00fclitatud, seega tagab see funktsioon, et te ei j\u00e4ta midagi olulist kahe silma vahele. Selle salakaamera seadistamine on v\u00e4ga lihtne, nii et saate seda kohe kasutama hakata.<\/p>\n<p><strong>\u00a0<\/strong><\/p>\n<p><strong>Lai valik rakendusi<\/strong><\/p>\n<p>Kella sisseehitatud valvekaamera v\u00f5ib olla kasulik mitmes olukorras: kuigi selliseid seadmeid kasutatakse k\u00f5ige sagedamini selleks, et v\u00e4lja selgitada, kas teatud isikud k\u00e4ituvad heauskselt, ei piirdu nad sellega. Salakaamera funktsiooniga kell on kasulik ka siis, kui soovite veenduda, et teatud inimesed on korras. N\u00e4iteks on see eriti oluline, kui soovite kontrollida, et eakad inimesed on turvaliselt ja ei vaja abi. Saate eemalt j\u00e4lgida, mida v\u00f5etakse <strong>videosalvestus<\/strong>et saaksite kiirustada appi, kui midagi ootamatut juhtub. See on suurep\u00e4rane ka selleks, et hoida silma peal oma lastel: salakaamera aitab teil teada, mida nad teevad, kui nad on \u00fcksi, nii et saate \u00f5igeaegselt reageerida. Varjatud kaameraga kellasid kasutatakse sageli ka siis, kui soovite end soovimatute k\u00fclaliste ja sissemurdjate eest kaitsta: \u00f6\u00f6n\u00e4gemise funktsioon ja liikumisandur aitavad teil reageerida teatud s\u00fcndmustele mis tahes kellaaegadel ja annavad vajaduse korral \u00fcmberl\u00fckkamatuid t\u00f5endeid.<\/p>","protected":false},"excerpt":{"rendered":"<p>Kaamera ei ole selles h\u00e4iresignaalis n\u00e4htav. Otsene kaugseire on saadaval. Tasuta tarne kogu Euroopas. Suur tootevalik<\/p>","protected":false},"featured_media":1779,"template":"","meta":[],"product_brand":[],"product_cat":[330,321,331],"product_tag":[332,325,23,333,334,328,29],"class_list":{"0":"post-1296","1":"product","2":"type-product","3":"status-publish","4":"has-post-thumbnail","6":"product_cat-masketas-kameras","7":"product_cat-sleptas-kameras","8":"product_cat-wi-fi-slepenas-kameras","9":"product_tag-izsekosanas-iekartas","10":"product_tag-izsekosanas-kamera","11":"product_tag-kamera","12":"product_tag-kameras-pulkstenis","13":"product_tag-masketa-kamera","14":"product_tag-slepena-kamera","15":"product_tag-wi-fi-kamera","17":"first","18":"outofstock","19":"taxable","20":"shipping-taxable","21":"purchasable","22":"product-type-simple"},"yoast_head":"<!-- This site is optimized with the Yoast SEO plugin v27.5 - https:\/\/yoast.com\/product\/yoast-seo-wordpress\/ -->\n<title>Modin\u0101t\u0101jpulkstenis ar kameru un termometru nakts redzam\u012bbas<\/title>\n<meta name=\"description\" content=\"\u0160aj\u0101 modin\u0101t\u0101jpulksten\u012b ieb\u016bv\u0113t\u0101 kamera nav redzama. Ir pieejama att\u0101lin\u0101tas uzraudz\u012bbas iesp\u0113ja tie\u0161raid\u0113. Bezmaksas pieg\u0101de. Liels produktu kl\u0101sts\" \/>\n<meta name=\"robots\" content=\"index, follow, max-snippet:-1, max-image-preview:large, max-video-preview:-1\" \/>\n<link rel=\"canonical\" href=\"https:\/\/izsekosanasierices.lv\/et\/produkts\/aratuskell-koos-salajase-kaamera-ja-termomeetri-oovaatlusfunktsiooniga\/\" \/>\n<meta property=\"og:locale\" content=\"et_EE\" \/>\n<meta property=\"og:type\" content=\"article\" \/>\n<meta property=\"og:title\" content=\"Modin\u0101t\u0101js ar slepeno kameru un termometru (nakts redzam\u012bbas) ATLAIDES\" \/>\n<meta property=\"og:description\" content=\"\u0160aj\u0101 trauksmes sign\u0101l\u0101 kamera nav redzama. Ir pieejama att\u0101lin\u0101t\u0101 uzraudz\u012bba tie\u0161raid\u0113. Bezmaksas pieg\u0101de vis\u0101 Eirop\u0101. Liels produktu kl\u0101sts\" \/>\n<meta property=\"og:url\" content=\"https:\/\/izsekosanasierices.lv\/et\/produkts\/aratuskell-koos-salajase-kaamera-ja-termomeetri-oovaatlusfunktsiooniga\/\" \/>\n<meta property=\"og:site_name\" content=\"Nr1 Izseko\u0161anas ier\u012bces gps izseko\u0161anas iek\u0101rtas, klaus\u012b\u0161an\u0101s iek\u0101rtas\" \/>\n<meta property=\"article:modified_time\" content=\"2025-11-19T13:23:00+00:00\" \/>\n<meta property=\"og:image\" content=\"https:\/\/rvnski.dev\/sekimoiranga\/wp-content\/uploads\/izsekosanasierices.webp\" \/>\n<meta name=\"twitter:card\" content=\"summary_large_image\" \/>\n<meta name=\"twitter:title\" content=\"Modin\u0101t\u0101js ar slepeno kameru un termometru (nakts redzam\u012bbas) ATLAIDES\" \/>\n<meta name=\"twitter:description\" content=\"\u0160aj\u0101 trauksmes sign\u0101l\u0101 kamera nav redzama. Ir pieejama att\u0101lin\u0101t\u0101 uzraudz\u012bba tie\u0161raid\u0113. Bezmaksas pieg\u0101de vis\u0101 Eirop\u0101. Liels produktu kl\u0101sts\" \/>\n<meta name=\"twitter:label1\" content=\"Est. reading time\" \/>\n\t<meta name=\"twitter:data1\" content=\"4 minutit\" \/>\n<script type=\"application\/ld+json\" class=\"yoast-schema-graph\">{\"@context\":\"https:\\\/\\\/schema.org\",\"@graph\":[{\"@type\":\"WebPage\",\"@id\":\"https:\\\/\\\/izsekosanasierices.lv\\\/produkts\\\/modinatajpulkstenis-ar-slepeno-kameru-un-termometru-nakts-redzamibas-funkcija\\\/\",\"url\":\"https:\\\/\\\/izsekosanasierices.lv\\\/produkts\\\/modinatajpulkstenis-ar-slepeno-kameru-un-termometru-nakts-redzamibas-funkcija\\\/\",\"name\":\"Modin\u0101t\u0101jpulkstenis ar kameru un termometru nakts redzam\u012bbas\",\"isPartOf\":{\"@id\":\"https:\\\/\\\/izsekosanasierices.lv\\\/#website\"},\"primaryImageOfPage\":{\"@id\":\"https:\\\/\\\/izsekosanasierices.lv\\\/produkts\\\/modinatajpulkstenis-ar-slepeno-kameru-un-termometru-nakts-redzamibas-funkcija\\\/#primaryimage\"},\"image\":{\"@id\":\"https:\\\/\\\/izsekosanasierices.lv\\\/produkts\\\/modinatajpulkstenis-ar-slepeno-kameru-un-termometru-nakts-redzamibas-funkcija\\\/#primaryimage\"},\"thumbnailUrl\":\"https:\\\/\\\/izsekosanasierices.lv\\\/wp-content\\\/uploads\\\/izsekosanasierices-zadintuvas-su-slapta-kamera-ir-termometru-naktinis-matymas.jpg\",\"datePublished\":\"2023-10-05T15:37:25+00:00\",\"dateModified\":\"2025-11-19T13:23:00+00:00\",\"description\":\"\u0160aj\u0101 modin\u0101t\u0101jpulksten\u012b ieb\u016bv\u0113t\u0101 kamera nav redzama. Ir pieejama att\u0101lin\u0101tas uzraudz\u012bbas iesp\u0113ja tie\u0161raid\u0113. Bezmaksas pieg\u0101de. Liels produktu kl\u0101sts\",\"breadcrumb\":{\"@id\":\"https:\\\/\\\/izsekosanasierices.lv\\\/produkts\\\/modinatajpulkstenis-ar-slepeno-kameru-un-termometru-nakts-redzamibas-funkcija\\\/#breadcrumb\"},\"inLanguage\":\"et\",\"potentialAction\":[{\"@type\":\"ReadAction\",\"target\":[\"https:\\\/\\\/izsekosanasierices.lv\\\/produkts\\\/modinatajpulkstenis-ar-slepeno-kameru-un-termometru-nakts-redzamibas-funkcija\\\/\"]}]},{\"@type\":\"ImageObject\",\"inLanguage\":\"et\",\"@id\":\"https:\\\/\\\/izsekosanasierices.lv\\\/produkts\\\/modinatajpulkstenis-ar-slepeno-kameru-un-termometru-nakts-redzamibas-funkcija\\\/#primaryimage\",\"url\":\"https:\\\/\\\/izsekosanasierices.lv\\\/wp-content\\\/uploads\\\/izsekosanasierices-zadintuvas-su-slapta-kamera-ir-termometru-naktinis-matymas.jpg\",\"contentUrl\":\"https:\\\/\\\/izsekosanasierices.lv\\\/wp-content\\\/uploads\\\/izsekosanasierices-zadintuvas-su-slapta-kamera-ir-termometru-naktinis-matymas.jpg\",\"width\":458,\"height\":458,\"caption\":\"\u017dadintuvas su slapta kamera ir termometru ( naktinis matymas)\"},{\"@type\":\"BreadcrumbList\",\"@id\":\"https:\\\/\\\/izsekosanasierices.lv\\\/produkts\\\/modinatajpulkstenis-ar-slepeno-kameru-un-termometru-nakts-redzamibas-funkcija\\\/#breadcrumb\",\"itemListElement\":[{\"@type\":\"ListItem\",\"position\":1,\"name\":\"S\u0101kums\",\"item\":\"https:\\\/\\\/izsekosanasierices.lv\\\/\"},{\"@type\":\"ListItem\",\"position\":2,\"name\":\"Veikals\",\"item\":\"https:\\\/\\\/izsekosanasierices.lv\\\/veikals\\\/\"},{\"@type\":\"ListItem\",\"position\":3,\"name\":\"Modin\u0101t\u0101jpulkstenis ar slepeno kameru un termometru (nakts redzam\u012bbas funkcija)\"}]},{\"@type\":\"WebSite\",\"@id\":\"https:\\\/\\\/izsekosanasierices.lv\\\/#website\",\"url\":\"https:\\\/\\\/izsekosanasierices.lv\\\/\",\"name\":\"Nr1 Izseko\u0161anas ier\u012bces gps izseko\u0161anas iek\u0101rtas, klaus\u012b\u0161an\u0101s iek\u0101rtas\",\"description\":\"\",\"potentialAction\":[{\"@type\":\"SearchAction\",\"target\":{\"@type\":\"EntryPoint\",\"urlTemplate\":\"https:\\\/\\\/izsekosanasierices.lv\\\/?s={search_term_string}\"},\"query-input\":{\"@type\":\"PropertyValueSpecification\",\"valueRequired\":true,\"valueName\":\"search_term_string\"}}],\"inLanguage\":\"et\"}]}<\/script>\n<!-- \/ Yoast SEO plugin. -->","yoast_head_json":{"title":"Modin\u0101t\u0101jpulkstenis ar kameru un termometru nakts redzam\u012bbas","description":"\u0160aj\u0101 modin\u0101t\u0101jpulksten\u012b ieb\u016bv\u0113t\u0101 kamera nav redzama. Ir pieejama att\u0101lin\u0101tas uzraudz\u012bbas iesp\u0113ja tie\u0161raid\u0113. Bezmaksas pieg\u0101de. Liels produktu kl\u0101sts","robots":{"index":"index","follow":"follow","max-snippet":"max-snippet:-1","max-image-preview":"max-image-preview:large","max-video-preview":"max-video-preview:-1"},"canonical":"https:\/\/izsekosanasierices.lv\/et\/produkts\/aratuskell-koos-salajase-kaamera-ja-termomeetri-oovaatlusfunktsiooniga\/","og_locale":"et_EE","og_type":"article","og_title":"Modin\u0101t\u0101js ar slepeno kameru un termometru (nakts redzam\u012bbas) ATLAIDES","og_description":"\u0160aj\u0101 trauksmes sign\u0101l\u0101 kamera nav redzama. Ir pieejama att\u0101lin\u0101t\u0101 uzraudz\u012bba tie\u0161raid\u0113. Bezmaksas pieg\u0101de vis\u0101 Eirop\u0101. Liels produktu kl\u0101sts","og_url":"https:\/\/izsekosanasierices.lv\/et\/produkts\/aratuskell-koos-salajase-kaamera-ja-termomeetri-oovaatlusfunktsiooniga\/","og_site_name":"Nr1 Izseko\u0161anas ier\u012bces gps izseko\u0161anas iek\u0101rtas, klaus\u012b\u0161an\u0101s iek\u0101rtas","article_modified_time":"2025-11-19T13:23:00+00:00","og_image":[{"url":"https:\/\/rvnski.dev\/sekimoiranga\/wp-content\/uploads\/izsekosanasierices.webp","type":"","width":"","height":""}],"twitter_card":"summary_large_image","twitter_title":"Modin\u0101t\u0101js ar slepeno kameru un termometru (nakts redzam\u012bbas) ATLAIDES","twitter_description":"\u0160aj\u0101 trauksmes sign\u0101l\u0101 kamera nav redzama. Ir pieejama att\u0101lin\u0101t\u0101 uzraudz\u012bba tie\u0161raid\u0113. Bezmaksas pieg\u0101de vis\u0101 Eirop\u0101. Liels produktu kl\u0101sts","twitter_misc":{"Est. reading time":"4 minutit"},"schema":{"@context":"https:\/\/schema.org","@graph":[{"@type":"WebPage","@id":"https:\/\/izsekosanasierices.lv\/produkts\/modinatajpulkstenis-ar-slepeno-kameru-un-termometru-nakts-redzamibas-funkcija\/","url":"https:\/\/izsekosanasierices.lv\/produkts\/modinatajpulkstenis-ar-slepeno-kameru-un-termometru-nakts-redzamibas-funkcija\/","name":"Modin\u0101t\u0101jpulkstenis ar kameru un termometru nakts redzam\u012bbas","isPartOf":{"@id":"https:\/\/izsekosanasierices.lv\/#website"},"primaryImageOfPage":{"@id":"https:\/\/izsekosanasierices.lv\/produkts\/modinatajpulkstenis-ar-slepeno-kameru-un-termometru-nakts-redzamibas-funkcija\/#primaryimage"},"image":{"@id":"https:\/\/izsekosanasierices.lv\/produkts\/modinatajpulkstenis-ar-slepeno-kameru-un-termometru-nakts-redzamibas-funkcija\/#primaryimage"},"thumbnailUrl":"https:\/\/izsekosanasierices.lv\/wp-content\/uploads\/izsekosanasierices-zadintuvas-su-slapta-kamera-ir-termometru-naktinis-matymas.jpg","datePublished":"2023-10-05T15:37:25+00:00","dateModified":"2025-11-19T13:23:00+00:00","description":"\u0160aj\u0101 modin\u0101t\u0101jpulksten\u012b ieb\u016bv\u0113t\u0101 kamera nav redzama. Ir pieejama att\u0101lin\u0101tas uzraudz\u012bbas iesp\u0113ja tie\u0161raid\u0113. Bezmaksas pieg\u0101de. Liels produktu kl\u0101sts","breadcrumb":{"@id":"https:\/\/izsekosanasierices.lv\/produkts\/modinatajpulkstenis-ar-slepeno-kameru-un-termometru-nakts-redzamibas-funkcija\/#breadcrumb"},"inLanguage":"et","potentialAction":[{"@type":"ReadAction","target":["https:\/\/izsekosanasierices.lv\/produkts\/modinatajpulkstenis-ar-slepeno-kameru-un-termometru-nakts-redzamibas-funkcija\/"]}]},{"@type":"ImageObject","inLanguage":"et","@id":"https:\/\/izsekosanasierices.lv\/produkts\/modinatajpulkstenis-ar-slepeno-kameru-un-termometru-nakts-redzamibas-funkcija\/#primaryimage","url":"https:\/\/izsekosanasierices.lv\/wp-content\/uploads\/izsekosanasierices-zadintuvas-su-slapta-kamera-ir-termometru-naktinis-matymas.jpg","contentUrl":"https:\/\/izsekosanasierices.lv\/wp-content\/uploads\/izsekosanasierices-zadintuvas-su-slapta-kamera-ir-termometru-naktinis-matymas.jpg","width":458,"height":458,"caption":"\u017dadintuvas su slapta kamera ir termometru ( naktinis matymas)"},{"@type":"BreadcrumbList","@id":"https:\/\/izsekosanasierices.lv\/produkts\/modinatajpulkstenis-ar-slepeno-kameru-un-termometru-nakts-redzamibas-funkcija\/#breadcrumb","itemListElement":[{"@type":"ListItem","position":1,"name":"S\u0101kums","item":"https:\/\/izsekosanasierices.lv\/"},{"@type":"ListItem","position":2,"name":"Veikals","item":"https:\/\/izsekosanasierices.lv\/veikals\/"},{"@type":"ListItem","position":3,"name":"Modin\u0101t\u0101jpulkstenis ar slepeno kameru un termometru (nakts redzam\u012bbas funkcija)"}]},{"@type":"WebSite","@id":"https:\/\/izsekosanasierices.lv\/#website","url":"https:\/\/izsekosanasierices.lv\/","name":"Nr1 Izseko\u0161anas ier\u012bces gps izseko\u0161anas iek\u0101rtas, klaus\u012b\u0161an\u0101s iek\u0101rtas","description":"","potentialAction":[{"@type":"SearchAction","target":{"@type":"EntryPoint","urlTemplate":"https:\/\/izsekosanasierices.lv\/?s={search_term_string}"},"query-input":{"@type":"PropertyValueSpecification","valueRequired":true,"valueName":"search_term_string"}}],"inLanguage":"et"}]}},"_links":{"self":[{"href":"https:\/\/izsekosanasierices.lv\/et\/wp-json\/wp\/v2\/product\/1296","targetHints":{"allow":["GET"]}}],"collection":[{"href":"https:\/\/izsekosanasierices.lv\/et\/wp-json\/wp\/v2\/product"}],"about":[{"href":"https:\/\/izsekosanasierices.lv\/et\/wp-json\/wp\/v2\/types\/product"}],"wp:featuredmedia":[{"embeddable":true,"href":"https:\/\/izsekosanasierices.lv\/et\/wp-json\/wp\/v2\/media\/1779"}],"wp:attachment":[{"href":"https:\/\/izsekosanasierices.lv\/et\/wp-json\/wp\/v2\/media?parent=1296"}],"wp:term":[{"taxonomy":"product_brand","embeddable":true,"href":"https:\/\/izsekosanasierices.lv\/et\/wp-json\/wp\/v2\/product_brand?post=1296"},{"taxonomy":"product_cat","embeddable":true,"href":"https:\/\/izsekosanasierices.lv\/et\/wp-json\/wp\/v2\/product_cat?post=1296"},{"taxonomy":"product_tag","embeddable":true,"href":"https:\/\/izsekosanasierices.lv\/et\/wp-json\/wp\/v2\/product_tag?post=1296"}],"curies":[{"name":"wp","href":"https:\/\/api.w.org\/{rel}","templated":true}]}}