{"id":1297,"date":"2023-10-05T15:37:25","date_gmt":"2023-10-05T15:37:25","guid":{"rendered":"https:\/\/izsekosanasierices.lv\/produktas\/stalinis-skaitmeninis-laikrodis-su-slapta-kamera\/"},"modified":"2025-11-19T16:00:21","modified_gmt":"2025-11-19T14:00:21","slug":"digitalais-galda-pulkstenis-ar-slepeno-kameru","status":"publish","type":"product","link":"https:\/\/izsekosanasierices.lv\/et\/produkts\/digitaalne-lauakell-koos-salajase-kaameraga\/","title":{"rendered":"Digitaalne lauakell koos salajase kaameraga"},"content":{"rendered":"<h3><strong>Tehnilised parameetrid:<\/strong><\/h3>\n<ul>\n<li>Kaugvideo vaatamine: jah<\/li>\n<li>Video salvestamine koos heliga<\/li>\n<li>Aja n\u00e4idik: 12\/24h<\/li>\n<li>\u00c4ratusk\u00f5ne: jah<\/li>\n<li>Pildi kvaliteet: eelvaade - HD 1920*1080<\/li>\n<li>Foto resolutsioon: 4032 * 3024<\/li>\n<li>Vaatamisnurk: 140 kraadi<\/li>\n<li>Kaadrisagedus: 25FPS<\/li>\n<li><em>Push<\/em> teadaanded<\/li>\n<li>M\u00e4lukaardi tugi: 16 GB kuni 128 GB (kaart ei kuulu komplekti)<\/li>\n<li>Videovalve: telefoni v\u00f5i arvutiga (otse\u00fclekanne internetis)<\/li>\n<li>Aku kestvus: umbes 3 tundi 24\/7 re\u017eiimis<\/li>\n<li>Aku mahutavus: 3000 mAh<\/li>\n<li>220v adapter (alaliseks \u00fchendamiseks vooluv\u00f5rku)<\/li>\n<li>Video salvestamine liikumisele reageerides<\/li>\n<li>Liikumistuvastus: jah, digitaalselt<\/li>\n<li>Pakkimisformaat: avi H.264<\/li>\n<li>Video formaat: avi<\/li>\n<li>S\u00fcsteemid: iOS, Android, Windows<\/li>\n<li>Toiteallikas: vooluv\u00f5rk (pistikupesa) v\u00f5i sisemine aku<\/li>\n<li>Aku kestvus 3 - 4 tundi elektrikatkestuse korral<\/li>\n<li>Wi-Fi: jah<\/li>\n<li><strong>Garantii 12 kuud<\/strong><\/li>\n<\/ul>\n<p><strong>\u00a0<\/strong><\/p>\n<p><span style=\"color: #ff0000;\"><strong>Vajad kiiret sama p\u00e4eva (ja n\u00e4dalavahetuse) kohaletoimetamist?  Helistage +37120484176<\/strong><\/span><\/p>\n<p>Kasutamine: enda kaitseks, laste kaitseks.<\/p>\n<p><strong>\u00a0<\/strong><\/p>\n<p><strong>Lauakellasse maskeeritud WiFi kaamera<\/strong><\/p>\n<p>T\u00e4nap\u00e4eval on peaaegu igas kodus videovalvekaamerad, et tagada alaealiste laste turvalisus. Paljudel juhtudel on kaamerad aga liiga n\u00e4htavad, nii et kui soovite videoid t\u00e4iesti salaja salvestada, siis on heaks lahenduseks teatud esemetele, mida kodus sageli kasutatakse, sisseehitatud varjatud videovalvekaamerad. \u00dcks selline v\u00f5imalus on kellasse maskeeritud kaamera. See seade ei r\u00f5\u00f5musta mitte ainult oma kvaliteetse video, vaid ka oma funktsionaalsusega: see toimib ka tavalise kellana. M\u00f5nikord valitakse kaameraid, mis lihtsalt imiteerivad majapidamises kasutatavat eset, kuid teatud olukordades v\u00f5ib see olla kahtlane. Kui valite just selle CCTV-kaamera, siis see nii ei ole, sest kell ei erine visuaalselt teistest sama eesm\u00e4rki t\u00e4itvatest esemetest teie kodus, mis teeb kahtluste hajutamise v\u00f5i vajalike t\u00f5endite hankimise veelgi lihtsamaks.<\/p>\n<p><strong>\u00a0<\/strong><\/p>\n<p><strong>\u00d6\u00f6vaatlusfunktsioon<\/strong><\/p>\n<p>Kellasse sisseehitatud kaamera ei saa videot mitte ainult siis, kui on valgustatud: \u00f6\u00f6n\u00e4gemise funktsioon tagab, et saate videot teha ka siis, kui ruum ei ole valgustatud. \u00d6\u00f6n\u00e4gemisfunktsioon v\u00f5imaldab videot teha kuni 5-6 meetri kauguselt, nii et sa saad olla kindel, et sa ei j\u00e4ta midagi olulist vahele. Kui kasutate oma kaamerat selleks, et h\u00f5lbustada varaste tabamist, v\u00f5ib \u00f6\u00f6n\u00e4gemise funktsioon olla eriti oluline: on naiivne oodata, et varas otsustab valgustuse sisse l\u00fclitada ja siis t\u00f6\u00f6le hakata.<\/p>\n<p><strong>\u00a0<\/strong><\/p>\n<p><strong>Lai vaatenurk<\/strong><\/p>\n<p>Sellel salakaameral on \u00e4\u00e4rmiselt lai vaatenurk: see suudab j\u00e4\u00e4dvustada pilte kuni 140 kraadi ulatuses ja aitab teil j\u00e4\u00e4dvustada kvaliteetseid ja selgeid pilte. Kui soovite head vaatenurka, kaaluge, kuhu seda sisseehitatud salakaameraga kella k\u00f5ige paremini paigutada. Kuigi tavaliselt paigutatakse need voodi k\u00f5rval asuvale \u00f6\u00f6kapile, ei tekita see kahtlusi, kui kella paigutada riiulile v\u00f5i mujale majja.<\/p>\n<p><strong>\u00a0<\/strong><\/p>\n<p><strong>Online-pildi j\u00e4lgimine<\/strong><\/p>\n<p>Kella kamuflokeeritud kaamera koos WiFi-\u00fchendusega v\u00f5imaldab reaalajas j\u00e4lgida tehtud pilte. Teil tuleb vaid luua \u00fchendus veebisaidiga, kus saate j\u00e4lgida salvestatud pilte v\u00f5i videoid ja kontrollida, mis toimub j\u00e4lgitavas keskkonnas. Pole t\u00e4htis, kus te olete: teil on vaja vaid toimivat interneti\u00fchendust. Sisseehitatud salakaameraga kella on v\u00e4ga lihtne kasutada: tehke vajalikud seaded ja v\u00f5tke video.<\/p>\n<p><strong>\u00a0<\/strong><\/p>\n<p><strong>Lai valik rakendusi<\/strong><\/p>\n<p>On palju olukordi, kus valvekaamera kasutamine v\u00f5ib olla kasulik: see v\u00f5ib olla kasulik, kui alaealised lapsed on \u00fcksi koju j\u00e4etud, laste v\u00f5i eakate ohutuse tagamiseks jne. N\u00e4iteks v\u00f5ib peidetud kaameratest olla kasu, kui soovite veenduda, et vanemad v\u00f5i vanavanemad on turvaliselt: kui n\u00e4ete midagi ebatavalist, saate neid kiiresti aidata. Kellaks maskeeritud kaamera v\u00f5ib olla abiks, kui murdvargad murravad teie koju sisse: alarmid aitavad tavaliselt vaid murdvargaid eemale peletada, kuid mitte neid tuvastada. Seep\u00e4rast v\u00f5ivad varjatud seadmed pakkuda palju suuremat kaitset: saate vajadusel politseile t\u00f5endusmaterjali esitada.<\/p>","protected":false},"excerpt":{"rendered":"<p>Digitaalne lauakell koos salakaamera ja \u00f6\u00f6n\u00e4gemise funktsiooniga Suurep\u00e4rane kodu turvamiseks, lapsehoidmiseks v\u00f5i laste j\u00e4lgimiseks Saage teada, mis kodus toimub. Allahindlus<\/p>","protected":false},"featured_media":1785,"template":"","meta":[],"product_brand":[],"product_cat":[330,321,331],"product_tag":[332,325,23,333,334,328,29],"class_list":{"0":"post-1297","1":"product","2":"type-product","3":"status-publish","4":"has-post-thumbnail","6":"product_cat-masketas-kameras","7":"product_cat-sleptas-kameras","8":"product_cat-wi-fi-slepenas-kameras","9":"product_tag-izsekosanas-iekartas","10":"product_tag-izsekosanas-kamera","11":"product_tag-kamera","12":"product_tag-kameras-pulkstenis","13":"product_tag-masketa-kamera","14":"product_tag-slepena-kamera","15":"product_tag-wi-fi-kamera","17":"first","18":"outofstock","19":"taxable","20":"shipping-taxable","21":"purchasable","22":"product-type-simple"},"yoast_head":"<!-- This site is optimized with the Yoast SEO plugin v27.5 - https:\/\/yoast.com\/product\/yoast-seo-wordpress\/ -->\n<title>Digit\u0101lais galda pulkstenis ar slepeno kameru un nakts redzam\u012bbu<\/title>\n<meta name=\"description\" content=\"Digit\u0101lais galda pulkstenis ar slepeno kameru un nakts redzam\u012bbas funkciju. Lieliski piem\u0113rots m\u0101jas dro\u0161\u012bbai, b\u0113rnu pieskat\u012b\u0161anai vai telpas uzraudz\u012bbai.\" \/>\n<meta name=\"robots\" content=\"index, follow, max-snippet:-1, max-image-preview:large, max-video-preview:-1\" \/>\n<link rel=\"canonical\" href=\"https:\/\/izsekosanasierices.lv\/et\/produkts\/digitaalne-lauakell-koos-salajase-kaameraga\/\" \/>\n<meta property=\"og:locale\" content=\"et_EE\" \/>\n<meta property=\"og:type\" content=\"article\" \/>\n<meta property=\"og:title\" content=\"Digit\u0101lais galda pulkstenis ar slepeno kameru un nakts redzam\u012bbu\" \/>\n<meta property=\"og:description\" content=\"Digit\u0101lais galda pulkstenis ar slepeno kameru un nakts redzam\u012bbas funkciju Lieliski piem\u0113rots m\u0101jas dro\u0161\u012bbai, b\u0113rnu pieskat\u012b\u0161anai vai b\u0113rnu uzraudz\u012bbai Uzziniet, kas notiek m\u0101j\u0101s. Atlaide\" \/>\n<meta property=\"og:url\" content=\"https:\/\/izsekosanasierices.lv\/et\/produkts\/digitaalne-lauakell-koos-salajase-kaameraga\/\" \/>\n<meta property=\"og:site_name\" content=\"Nr1 Izseko\u0161anas ier\u012bces gps izseko\u0161anas iek\u0101rtas, klaus\u012b\u0161an\u0101s iek\u0101rtas\" \/>\n<meta property=\"article:modified_time\" content=\"2025-11-19T14:00:21+00:00\" \/>\n<meta property=\"og:image\" content=\"https:\/\/rvnski.dev\/sekimoiranga\/wp-content\/uploads\/izsekosanasierices.webp\" \/>\n<meta name=\"twitter:card\" content=\"summary_large_image\" \/>\n<meta name=\"twitter:title\" content=\"Digit\u0101lais galda pulkstenis ar slepeno kameru un nakts redzam\u012bbu\" \/>\n<meta name=\"twitter:description\" content=\"Digit\u0101lais galda pulkstenis ar slepeno kameru un nakts redzam\u012bbas funkciju Lieliski piem\u0113rots m\u0101jas dro\u0161\u012bbai, b\u0113rnu pieskat\u012b\u0161anai vai b\u0113rnu uzraudz\u012bbai Uzziniet, kas notiek m\u0101j\u0101s. Atlaide\" \/>\n<meta name=\"twitter:label1\" content=\"Est. reading time\" \/>\n\t<meta name=\"twitter:data1\" content=\"4 minutit\" \/>\n<script type=\"application\/ld+json\" class=\"yoast-schema-graph\">{\"@context\":\"https:\\\/\\\/schema.org\",\"@graph\":[{\"@type\":\"WebPage\",\"@id\":\"https:\\\/\\\/izsekosanasierices.lv\\\/produkts\\\/digitalais-galda-pulkstenis-ar-slepeno-kameru\\\/\",\"url\":\"https:\\\/\\\/izsekosanasierices.lv\\\/produkts\\\/digitalais-galda-pulkstenis-ar-slepeno-kameru\\\/\",\"name\":\"Digit\u0101lais galda pulkstenis ar slepeno kameru un nakts redzam\u012bbu\",\"isPartOf\":{\"@id\":\"https:\\\/\\\/izsekosanasierices.lv\\\/#website\"},\"primaryImageOfPage\":{\"@id\":\"https:\\\/\\\/izsekosanasierices.lv\\\/produkts\\\/digitalais-galda-pulkstenis-ar-slepeno-kameru\\\/#primaryimage\"},\"image\":{\"@id\":\"https:\\\/\\\/izsekosanasierices.lv\\\/produkts\\\/digitalais-galda-pulkstenis-ar-slepeno-kameru\\\/#primaryimage\"},\"thumbnailUrl\":\"https:\\\/\\\/izsekosanasierices.lv\\\/wp-content\\\/uploads\\\/izsekosanasierices-stalinis-skaitmeninis-laikrodis-su-slapta-kamera.jpg\",\"datePublished\":\"2023-10-05T15:37:25+00:00\",\"dateModified\":\"2025-11-19T14:00:21+00:00\",\"description\":\"Digit\u0101lais galda pulkstenis ar slepeno kameru un nakts redzam\u012bbas funkciju. Lieliski piem\u0113rots m\u0101jas dro\u0161\u012bbai, b\u0113rnu pieskat\u012b\u0161anai vai telpas uzraudz\u012bbai.\",\"breadcrumb\":{\"@id\":\"https:\\\/\\\/izsekosanasierices.lv\\\/produkts\\\/digitalais-galda-pulkstenis-ar-slepeno-kameru\\\/#breadcrumb\"},\"inLanguage\":\"et\",\"potentialAction\":[{\"@type\":\"ReadAction\",\"target\":[\"https:\\\/\\\/izsekosanasierices.lv\\\/produkts\\\/digitalais-galda-pulkstenis-ar-slepeno-kameru\\\/\"]}]},{\"@type\":\"ImageObject\",\"inLanguage\":\"et\",\"@id\":\"https:\\\/\\\/izsekosanasierices.lv\\\/produkts\\\/digitalais-galda-pulkstenis-ar-slepeno-kameru\\\/#primaryimage\",\"url\":\"https:\\\/\\\/izsekosanasierices.lv\\\/wp-content\\\/uploads\\\/izsekosanasierices-stalinis-skaitmeninis-laikrodis-su-slapta-kamera.jpg\",\"contentUrl\":\"https:\\\/\\\/izsekosanasierices.lv\\\/wp-content\\\/uploads\\\/izsekosanasierices-stalinis-skaitmeninis-laikrodis-su-slapta-kamera.jpg\",\"width\":458,\"height\":458,\"caption\":\"Stalinis skaitmeninis laikrodis su slapta kamera\"},{\"@type\":\"BreadcrumbList\",\"@id\":\"https:\\\/\\\/izsekosanasierices.lv\\\/produkts\\\/digitalais-galda-pulkstenis-ar-slepeno-kameru\\\/#breadcrumb\",\"itemListElement\":[{\"@type\":\"ListItem\",\"position\":1,\"name\":\"S\u0101kums\",\"item\":\"https:\\\/\\\/izsekosanasierices.lv\\\/\"},{\"@type\":\"ListItem\",\"position\":2,\"name\":\"Veikals\",\"item\":\"https:\\\/\\\/izsekosanasierices.lv\\\/veikals\\\/\"},{\"@type\":\"ListItem\",\"position\":3,\"name\":\"Digit\u0101lais galda pulkstenis ar slepeno kameru\"}]},{\"@type\":\"WebSite\",\"@id\":\"https:\\\/\\\/izsekosanasierices.lv\\\/#website\",\"url\":\"https:\\\/\\\/izsekosanasierices.lv\\\/\",\"name\":\"Nr1 Izseko\u0161anas ier\u012bces gps izseko\u0161anas iek\u0101rtas, klaus\u012b\u0161an\u0101s iek\u0101rtas\",\"description\":\"\",\"potentialAction\":[{\"@type\":\"SearchAction\",\"target\":{\"@type\":\"EntryPoint\",\"urlTemplate\":\"https:\\\/\\\/izsekosanasierices.lv\\\/?s={search_term_string}\"},\"query-input\":{\"@type\":\"PropertyValueSpecification\",\"valueRequired\":true,\"valueName\":\"search_term_string\"}}],\"inLanguage\":\"et\"}]}<\/script>\n<!-- \/ Yoast SEO plugin. -->","yoast_head_json":{"title":"Digit\u0101lais galda pulkstenis ar slepeno kameru un nakts redzam\u012bbu","description":"Digit\u0101lais galda pulkstenis ar slepeno kameru un nakts redzam\u012bbas funkciju. Lieliski piem\u0113rots m\u0101jas dro\u0161\u012bbai, b\u0113rnu pieskat\u012b\u0161anai vai telpas uzraudz\u012bbai.","robots":{"index":"index","follow":"follow","max-snippet":"max-snippet:-1","max-image-preview":"max-image-preview:large","max-video-preview":"max-video-preview:-1"},"canonical":"https:\/\/izsekosanasierices.lv\/et\/produkts\/digitaalne-lauakell-koos-salajase-kaameraga\/","og_locale":"et_EE","og_type":"article","og_title":"Digit\u0101lais galda pulkstenis ar slepeno kameru un nakts redzam\u012bbu","og_description":"Digit\u0101lais galda pulkstenis ar slepeno kameru un nakts redzam\u012bbas funkciju Lieliski piem\u0113rots m\u0101jas dro\u0161\u012bbai, b\u0113rnu pieskat\u012b\u0161anai vai b\u0113rnu uzraudz\u012bbai Uzziniet, kas notiek m\u0101j\u0101s. Atlaide","og_url":"https:\/\/izsekosanasierices.lv\/et\/produkts\/digitaalne-lauakell-koos-salajase-kaameraga\/","og_site_name":"Nr1 Izseko\u0161anas ier\u012bces gps izseko\u0161anas iek\u0101rtas, klaus\u012b\u0161an\u0101s iek\u0101rtas","article_modified_time":"2025-11-19T14:00:21+00:00","og_image":[{"url":"https:\/\/rvnski.dev\/sekimoiranga\/wp-content\/uploads\/izsekosanasierices.webp","type":"","width":"","height":""}],"twitter_card":"summary_large_image","twitter_title":"Digit\u0101lais galda pulkstenis ar slepeno kameru un nakts redzam\u012bbu","twitter_description":"Digit\u0101lais galda pulkstenis ar slepeno kameru un nakts redzam\u012bbas funkciju Lieliski piem\u0113rots m\u0101jas dro\u0161\u012bbai, b\u0113rnu pieskat\u012b\u0161anai vai b\u0113rnu uzraudz\u012bbai Uzziniet, kas notiek m\u0101j\u0101s. Atlaide","twitter_misc":{"Est. reading time":"4 minutit"},"schema":{"@context":"https:\/\/schema.org","@graph":[{"@type":"WebPage","@id":"https:\/\/izsekosanasierices.lv\/produkts\/digitalais-galda-pulkstenis-ar-slepeno-kameru\/","url":"https:\/\/izsekosanasierices.lv\/produkts\/digitalais-galda-pulkstenis-ar-slepeno-kameru\/","name":"Digit\u0101lais galda pulkstenis ar slepeno kameru un nakts redzam\u012bbu","isPartOf":{"@id":"https:\/\/izsekosanasierices.lv\/#website"},"primaryImageOfPage":{"@id":"https:\/\/izsekosanasierices.lv\/produkts\/digitalais-galda-pulkstenis-ar-slepeno-kameru\/#primaryimage"},"image":{"@id":"https:\/\/izsekosanasierices.lv\/produkts\/digitalais-galda-pulkstenis-ar-slepeno-kameru\/#primaryimage"},"thumbnailUrl":"https:\/\/izsekosanasierices.lv\/wp-content\/uploads\/izsekosanasierices-stalinis-skaitmeninis-laikrodis-su-slapta-kamera.jpg","datePublished":"2023-10-05T15:37:25+00:00","dateModified":"2025-11-19T14:00:21+00:00","description":"Digit\u0101lais galda pulkstenis ar slepeno kameru un nakts redzam\u012bbas funkciju. Lieliski piem\u0113rots m\u0101jas dro\u0161\u012bbai, b\u0113rnu pieskat\u012b\u0161anai vai telpas uzraudz\u012bbai.","breadcrumb":{"@id":"https:\/\/izsekosanasierices.lv\/produkts\/digitalais-galda-pulkstenis-ar-slepeno-kameru\/#breadcrumb"},"inLanguage":"et","potentialAction":[{"@type":"ReadAction","target":["https:\/\/izsekosanasierices.lv\/produkts\/digitalais-galda-pulkstenis-ar-slepeno-kameru\/"]}]},{"@type":"ImageObject","inLanguage":"et","@id":"https:\/\/izsekosanasierices.lv\/produkts\/digitalais-galda-pulkstenis-ar-slepeno-kameru\/#primaryimage","url":"https:\/\/izsekosanasierices.lv\/wp-content\/uploads\/izsekosanasierices-stalinis-skaitmeninis-laikrodis-su-slapta-kamera.jpg","contentUrl":"https:\/\/izsekosanasierices.lv\/wp-content\/uploads\/izsekosanasierices-stalinis-skaitmeninis-laikrodis-su-slapta-kamera.jpg","width":458,"height":458,"caption":"Stalinis skaitmeninis laikrodis su slapta kamera"},{"@type":"BreadcrumbList","@id":"https:\/\/izsekosanasierices.lv\/produkts\/digitalais-galda-pulkstenis-ar-slepeno-kameru\/#breadcrumb","itemListElement":[{"@type":"ListItem","position":1,"name":"S\u0101kums","item":"https:\/\/izsekosanasierices.lv\/"},{"@type":"ListItem","position":2,"name":"Veikals","item":"https:\/\/izsekosanasierices.lv\/veikals\/"},{"@type":"ListItem","position":3,"name":"Digit\u0101lais galda pulkstenis ar slepeno kameru"}]},{"@type":"WebSite","@id":"https:\/\/izsekosanasierices.lv\/#website","url":"https:\/\/izsekosanasierices.lv\/","name":"Nr1 Izseko\u0161anas ier\u012bces gps izseko\u0161anas iek\u0101rtas, klaus\u012b\u0161an\u0101s iek\u0101rtas","description":"","potentialAction":[{"@type":"SearchAction","target":{"@type":"EntryPoint","urlTemplate":"https:\/\/izsekosanasierices.lv\/?s={search_term_string}"},"query-input":{"@type":"PropertyValueSpecification","valueRequired":true,"valueName":"search_term_string"}}],"inLanguage":"et"}]}},"_links":{"self":[{"href":"https:\/\/izsekosanasierices.lv\/et\/wp-json\/wp\/v2\/product\/1297","targetHints":{"allow":["GET"]}}],"collection":[{"href":"https:\/\/izsekosanasierices.lv\/et\/wp-json\/wp\/v2\/product"}],"about":[{"href":"https:\/\/izsekosanasierices.lv\/et\/wp-json\/wp\/v2\/types\/product"}],"wp:featuredmedia":[{"embeddable":true,"href":"https:\/\/izsekosanasierices.lv\/et\/wp-json\/wp\/v2\/media\/1785"}],"wp:attachment":[{"href":"https:\/\/izsekosanasierices.lv\/et\/wp-json\/wp\/v2\/media?parent=1297"}],"wp:term":[{"taxonomy":"product_brand","embeddable":true,"href":"https:\/\/izsekosanasierices.lv\/et\/wp-json\/wp\/v2\/product_brand?post=1297"},{"taxonomy":"product_cat","embeddable":true,"href":"https:\/\/izsekosanasierices.lv\/et\/wp-json\/wp\/v2\/product_cat?post=1297"},{"taxonomy":"product_tag","embeddable":true,"href":"https:\/\/izsekosanasierices.lv\/et\/wp-json\/wp\/v2\/product_tag?post=1297"}],"curies":[{"name":"wp","href":"https:\/\/api.w.org\/{rel}","templated":true}]}}