{"id":1300,"date":"2023-10-05T15:37:25","date_gmt":"2023-10-05T15:37:25","guid":{"rendered":"https:\/\/izsekosanasierices.lv\/produktas\/pakabukas-spynele-su-imontuotu-slaptu-diktofonu\/"},"modified":"2025-11-21T08:42:52","modified_gmt":"2025-11-21T06:42:52","slug":"atslegu-piekarins-sledzene-ar-iebuvetu-slepeno-audio-ierakstitaju","status":"publish","type":"product","link":"https:\/\/izsekosanasierices.lv\/et\/produkts\/sisseehitatud-salajase-helisalvestajaga-votmehoidja\/","title":{"rendered":"V\u00f5tmehoidja - sisseehitatud salajase helisalvestajaga lukk"},"content":{"rendered":"<h3>TEHNILISED N\u00c4ITAJAD<\/h3>\n<ul>\n<li>Vastuv\u00f5tu kaugus: umbes 8 m - 15 m<\/li>\n<li>Ei tekita heli ega valgust<\/li>\n<li>Salvestuskvaliteet: 192 kbps<\/li>\n<li>Salvestamine aktiveeritud 50 db juures<\/li>\n<li>Sisemine m\u00e4lu: 8 GB<\/li>\n<li>M\u00e4nguaeg: umbes 20 tundi<\/li>\n<li>H\u00e4\u00e4ltuvastus: jah<\/li>\n<li>Salvestusformaat: wav<\/li>\n<li>Aku mahutavus: 150 mAh<\/li>\n<li>S\u00fcsteem: Windows 7, 8, 10 \/ Mac OS<\/li>\n<li>Seadme suurus: 35 mm x 30 mm x 11 mm<\/li>\n<li><strong>Garantii 12 kuud<\/strong><\/li>\n<\/ul>\n<p><strong>\u00a0<\/strong><\/p>\n<p><span style=\"color: #ff0000;\"><strong>Vajad kiiret sama p\u00e4eva (ja n\u00e4dalavahetuse) kohaletoimetamist?  Helistage +37120484176<\/strong><\/span><\/p>\n<p><strong>\u00a0<\/strong><\/p>\n<p><strong>Lukukujuline v\u00f5tmehoidja koos varjatud diktofoniga<\/strong><\/p>\n<p>V\u00f5tmehoidjad on \u00fcks neist aksessuaaridest, mida peaaegu k\u00f5ik kasutavad. Seep\u00e4rast valitakse peidetud diktofonide puhul sageli maskeeritud seadmeid: v\u00f5tmehoidjad ei tekita \u00fchiskonnas kahtlust, mist\u00f5ttu on konfidentsiaalset teavet palju lihtsam salvestada. Kui soovite salaja salvestada vestlusi v\u00f5i muid helisid, on see kindlasti \u00fcks parimaid v\u00f5imalusi, seega tasub seda kaaluda.<\/p>\n<p><strong>\u00a0<\/strong><\/p>\n<p><strong>Lihtsalt kohandatav igap\u00e4evaeluga<\/strong><\/p>\n<p>V\u00f5tmed on meil alati kaasas, nii et teil on ka v\u00f5tmehoidja koos salajase salvestajaga k\u00e4ep\u00e4rast. Kui teil on ootamatult vaja teatud vestlusi salvestada, ei pea te selleks seadet otsima - \u00fche nupuvajutusega saate aktiveerida helisalvestusfunktsiooni, mis aitab teil koguda t\u00f5endeid v\u00f5i muud vajalikku teavet.<\/p>\n<p><strong>\u00a0<\/strong><\/p>\n<p><strong>Millal ma saan seda seadet kasutada?<\/strong><\/p>\n<p>On palju olukordi, kus salajane diktofon v\u00f5ib olla kasulik: see v\u00f5ib olla kasulik, kui soovite salvestada teavet, mis on kasulik kohtuprotsessis, kui soovite veenduda, et teie lapsed on turvaliselt jne. N\u00e4iteks kui te kahtlustate, et teie laps on koolis h\u00e4das (teda kiusatakse, \u00f5petajad kohtlevad teda halvasti jne), v\u00f5ite panna seadme oma lapse seljakotti ja kuulata hiljem helisalvestusi. Loomulikult on iga\u00fche eraelu puutumatus oluline ja teie laps ei ole siinkohal erand: helisalvestit peaksite kasutama ainult siis, kui olete mures oma lapse turvalisuse p\u00e4rast.<\/p>\n<p><strong>\u00a0<\/strong><\/p>\n<p><strong>Salvestusfunktsiooni automaatne aktiveerimine<\/strong><\/p>\n<p>M\u00f5nikord ei leia te toitenuppu ja teil on vaja v\u00f5imalikult kiiresti heli salvestada. Just siis saate kasutada automaatset helisalvestusfunktsiooni: niipea, kui \u00fcmbritsevas keskkonnas tuvastatakse m\u00fcra, salvestatakse heli kohe automaatselt, et te ei j\u00e4\u00e4ks millestki olulisest ilma. Kui otsustate j\u00e4tta v\u00f5tmehoidja kontorisse v\u00f5i m\u00f5nda teise ruumi, on see automaatne helisalvestusfunktsioon v\u00e4ga kasulik: niipea, kui m\u00fcra tuvastatakse, tehakse kohe helisalvestus, kui aga keskkond on vaikne, t\u00f6\u00f6tab salajane diktofon ootere\u017eiimil. See aitab mitte ainult s\u00e4\u00e4sta aku t\u00f6\u00f6aega, vaid v\u00e4ldib ka vaikseid salvestusi, mida hiljem v\u00f5ib olla \u00fcsna raske omandada.<\/p>\n<p><strong>\u00a0<\/strong><\/p>\n<p><strong>Andmete \u00fclekandmine arvutisse<\/strong><\/p>\n<p>K\u00f5iki helisalvestusi saab taasesitamiseks arvutisse \u00fcle kanda. See v\u00e4ike ja salajane seade salvestab kvaliteetset heli, nii et te ei pea muretsema, et see v\u00f5ib hiljem raskesti arusaadav olla. Kohtuprotsessi jaoks teabe kogumisel on v\u00e4ga oluline, et helisalvestised oleksid piisavalt kvaliteetsed ja selgelt arusaadavad, seega ei lase see salajase diktofoniga v\u00f5tmehoidja teid h\u00e4tta.<\/p>\n<p><strong>\u00a0<\/strong><\/p>\n<p><strong>V\u00e4ga pikk aku ooteaeg<\/strong><\/p>\n<p>Selle diktofoni puhul v\u00f5ite olla kindel, et aku ei t\u00fchjene halvimal v\u00f5imalikul hetkel. Kuni 20 tundi kestva helisalvestusajaga saate koguda palju kasulikku teavet. Kui helisalvestusfunktsioon on aktiveeritud ainult siis, kui soovite midagi olulist salvestada, on ootere\u017eiim v\u00e4ga pikk.<\/p>\n<p>&nbsp;<\/p>\n<p>Kui soovite koguda olulist teavet v\u00f5i lihtsalt veenduda, et teie j\u00e4reltulijad on turvaliselt, ostke v\u00f5tmehoidja koos salajase helisalvestajaga: v\u00f5ite olla kindel, et see seade tagab kvaliteetse helisalvestuse ja kui kogutud teave kantakse teie arvutisse, v\u00f5ib sellest saada isegi oluline t\u00f5end kohtuprotsessi jaoks.<\/p>","protected":false},"excerpt":{"rendered":"<p>\u00dclimalt v\u00e4ike salajane minidiktofon, mis on maskeeritud lukku. K\u00f5rge kvaliteediga salvestus. V\u00f5imalus salvestada ainult heli, vaikusperioodid on v\u00e4listatud. N\u00fc\u00fcd suurep\u00e4rase hinnaga.<\/p>","protected":false},"featured_media":1797,"template":"","meta":[],"product_brand":[],"product_cat":[342],"product_tag":[345,346,368,369,347],"class_list":{"0":"post-1300","1":"product","2":"type-product","3":"status-publish","4":"has-post-thumbnail","6":"product_cat-diktofoni","7":"product_tag-diktafons","8":"product_tag-mini-diktofons","9":"product_tag-profesionals-diktofons","10":"product_tag-sarunu-ierakstisana","11":"product_tag-slepenais-ierakstitajs","13":"first","14":"instock","15":"taxable","16":"shipping-taxable","17":"purchasable","18":"product-type-simple"},"yoast_head":"<!-- This site is optimized with the Yoast SEO plugin v27.5 - https:\/\/yoast.com\/product\/yoast-seo-wordpress\/ -->\n<title>Atsl\u0113gu piekari\u0146\u0161 - sl\u0113dzene ar ieb\u016bv\u0113tu slepeno audio ierakst\u012bt\u0101ju<\/title>\n<meta name=\"description\" content=\"\u012apa\u0161i maza izm\u0113ra slepens mini diktofons kas mask\u0113ts sl\u0113dzen\u0113 Augstas kvalit\u0101tes ieraksts. Iesp\u0113ja ierakst\u012bt tikai ska\u0146u, izsl\u0113dzot klusuma periodus\" \/>\n<meta name=\"robots\" content=\"index, follow, max-snippet:-1, max-image-preview:large, max-video-preview:-1\" \/>\n<link rel=\"canonical\" href=\"https:\/\/izsekosanasierices.lv\/et\/produkts\/sisseehitatud-salajase-helisalvestajaga-votmehoidja\/\" \/>\n<meta property=\"og:locale\" content=\"et_EE\" \/>\n<meta property=\"og:type\" content=\"article\" \/>\n<meta property=\"og:title\" content=\"Sl\u0113pts mini diktofons, kas sl\u0113pts sl\u0113dzen\u0113 laba cena\" \/>\n<meta property=\"og:description\" content=\"\u012apa\u0161i mazs slepens mini diktofons, kas mask\u0113ts sl\u0113dzen\u0113. Augstas kvalit\u0101tes ska\u0146a, var ierakst\u012bt tikai ska\u0146u, nav nepiecie\u0161ams klaus\u012bties klusumu. Tagad par \u012bpa\u0161i izdev\u012bgu cenu\" \/>\n<meta property=\"og:url\" content=\"https:\/\/izsekosanasierices.lv\/et\/produkts\/sisseehitatud-salajase-helisalvestajaga-votmehoidja\/\" \/>\n<meta property=\"og:site_name\" content=\"Nr1 Izseko\u0161anas ier\u012bces gps izseko\u0161anas iek\u0101rtas, klaus\u012b\u0161an\u0101s iek\u0101rtas\" \/>\n<meta property=\"article:modified_time\" content=\"2025-11-21T06:42:52+00:00\" \/>\n<meta property=\"og:image\" content=\"https:\/\/rvnski.dev\/sekimoiranga\/wp-content\/uploads\/izsekosanasierices.webp\" \/>\n<meta name=\"twitter:card\" content=\"summary_large_image\" \/>\n<meta name=\"twitter:title\" content=\"Sl\u0113pts mini diktofons, kas sl\u0113pts sl\u0113dzen\u0113 laba cena\" \/>\n<meta name=\"twitter:description\" content=\"\u012apa\u0161i mazs slepens mini diktofons, kas mask\u0113ts sl\u0113dzen\u0113. Augstas kvalit\u0101tes ska\u0146a, var ierakst\u012bt tikai ska\u0146u, nav nepiecie\u0161ams klaus\u012bties klusumu. Tagad par \u012bpa\u0161i izdev\u012bgu cenu\" \/>\n<meta name=\"twitter:label1\" content=\"Est. reading time\" \/>\n\t<meta name=\"twitter:data1\" content=\"4 minutit\" \/>\n<script type=\"application\/ld+json\" class=\"yoast-schema-graph\">{\"@context\":\"https:\\\/\\\/schema.org\",\"@graph\":[{\"@type\":\"WebPage\",\"@id\":\"https:\\\/\\\/izsekosanasierices.lv\\\/produkts\\\/atslegu-piekarins-sledzene-ar-iebuvetu-slepeno-audio-ierakstitaju\\\/\",\"url\":\"https:\\\/\\\/izsekosanasierices.lv\\\/produkts\\\/atslegu-piekarins-sledzene-ar-iebuvetu-slepeno-audio-ierakstitaju\\\/\",\"name\":\"Atsl\u0113gu piekari\u0146\u0161 - sl\u0113dzene ar ieb\u016bv\u0113tu slepeno audio ierakst\u012bt\u0101ju\",\"isPartOf\":{\"@id\":\"https:\\\/\\\/izsekosanasierices.lv\\\/#website\"},\"primaryImageOfPage\":{\"@id\":\"https:\\\/\\\/izsekosanasierices.lv\\\/produkts\\\/atslegu-piekarins-sledzene-ar-iebuvetu-slepeno-audio-ierakstitaju\\\/#primaryimage\"},\"image\":{\"@id\":\"https:\\\/\\\/izsekosanasierices.lv\\\/produkts\\\/atslegu-piekarins-sledzene-ar-iebuvetu-slepeno-audio-ierakstitaju\\\/#primaryimage\"},\"thumbnailUrl\":\"https:\\\/\\\/izsekosanasierices.lv\\\/wp-content\\\/uploads\\\/izsekosanasierices-pakabukas-spynele-su-imontuotu-slaptu-diktofonu.jpg\",\"datePublished\":\"2023-10-05T15:37:25+00:00\",\"dateModified\":\"2025-11-21T06:42:52+00:00\",\"description\":\"\u012apa\u0161i maza izm\u0113ra slepens mini diktofons kas mask\u0113ts sl\u0113dzen\u0113 Augstas kvalit\u0101tes ieraksts. Iesp\u0113ja ierakst\u012bt tikai ska\u0146u, izsl\u0113dzot klusuma periodus\",\"breadcrumb\":{\"@id\":\"https:\\\/\\\/izsekosanasierices.lv\\\/produkts\\\/atslegu-piekarins-sledzene-ar-iebuvetu-slepeno-audio-ierakstitaju\\\/#breadcrumb\"},\"inLanguage\":\"et\",\"potentialAction\":[{\"@type\":\"ReadAction\",\"target\":[\"https:\\\/\\\/izsekosanasierices.lv\\\/produkts\\\/atslegu-piekarins-sledzene-ar-iebuvetu-slepeno-audio-ierakstitaju\\\/\"]}]},{\"@type\":\"ImageObject\",\"inLanguage\":\"et\",\"@id\":\"https:\\\/\\\/izsekosanasierices.lv\\\/produkts\\\/atslegu-piekarins-sledzene-ar-iebuvetu-slepeno-audio-ierakstitaju\\\/#primaryimage\",\"url\":\"https:\\\/\\\/izsekosanasierices.lv\\\/wp-content\\\/uploads\\\/izsekosanasierices-pakabukas-spynele-su-imontuotu-slaptu-diktofonu.jpg\",\"contentUrl\":\"https:\\\/\\\/izsekosanasierices.lv\\\/wp-content\\\/uploads\\\/izsekosanasierices-pakabukas-spynele-su-imontuotu-slaptu-diktofonu.jpg\",\"width\":1200,\"height\":1200,\"caption\":\"Pakabukas \\\"spynel\u0117\\\" su \u012fmontuotu slaptu diktofonu\"},{\"@type\":\"BreadcrumbList\",\"@id\":\"https:\\\/\\\/izsekosanasierices.lv\\\/produkts\\\/atslegu-piekarins-sledzene-ar-iebuvetu-slepeno-audio-ierakstitaju\\\/#breadcrumb\",\"itemListElement\":[{\"@type\":\"ListItem\",\"position\":1,\"name\":\"S\u0101kums\",\"item\":\"https:\\\/\\\/izsekosanasierices.lv\\\/\"},{\"@type\":\"ListItem\",\"position\":2,\"name\":\"Veikals\",\"item\":\"https:\\\/\\\/izsekosanasierices.lv\\\/veikals\\\/\"},{\"@type\":\"ListItem\",\"position\":3,\"name\":\"Atsl\u0113gu piekari\u0146\u0161 &#8211; sl\u0113dzene ar ieb\u016bv\u0113tu slepeno audio ierakst\u012bt\u0101ju\"}]},{\"@type\":\"WebSite\",\"@id\":\"https:\\\/\\\/izsekosanasierices.lv\\\/#website\",\"url\":\"https:\\\/\\\/izsekosanasierices.lv\\\/\",\"name\":\"Nr1 Izseko\u0161anas ier\u012bces gps izseko\u0161anas iek\u0101rtas, klaus\u012b\u0161an\u0101s iek\u0101rtas\",\"description\":\"\",\"potentialAction\":[{\"@type\":\"SearchAction\",\"target\":{\"@type\":\"EntryPoint\",\"urlTemplate\":\"https:\\\/\\\/izsekosanasierices.lv\\\/?s={search_term_string}\"},\"query-input\":{\"@type\":\"PropertyValueSpecification\",\"valueRequired\":true,\"valueName\":\"search_term_string\"}}],\"inLanguage\":\"et\"}]}<\/script>\n<!-- \/ Yoast SEO plugin. -->","yoast_head_json":{"title":"Atsl\u0113gu piekari\u0146\u0161 - sl\u0113dzene ar ieb\u016bv\u0113tu slepeno audio ierakst\u012bt\u0101ju","description":"\u012apa\u0161i maza izm\u0113ra slepens mini diktofons kas mask\u0113ts sl\u0113dzen\u0113 Augstas kvalit\u0101tes ieraksts. Iesp\u0113ja ierakst\u012bt tikai ska\u0146u, izsl\u0113dzot klusuma periodus","robots":{"index":"index","follow":"follow","max-snippet":"max-snippet:-1","max-image-preview":"max-image-preview:large","max-video-preview":"max-video-preview:-1"},"canonical":"https:\/\/izsekosanasierices.lv\/et\/produkts\/sisseehitatud-salajase-helisalvestajaga-votmehoidja\/","og_locale":"et_EE","og_type":"article","og_title":"Sl\u0113pts mini diktofons, kas sl\u0113pts sl\u0113dzen\u0113 laba cena","og_description":"\u012apa\u0161i mazs slepens mini diktofons, kas mask\u0113ts sl\u0113dzen\u0113. Augstas kvalit\u0101tes ska\u0146a, var ierakst\u012bt tikai ska\u0146u, nav nepiecie\u0161ams klaus\u012bties klusumu. Tagad par \u012bpa\u0161i izdev\u012bgu cenu","og_url":"https:\/\/izsekosanasierices.lv\/et\/produkts\/sisseehitatud-salajase-helisalvestajaga-votmehoidja\/","og_site_name":"Nr1 Izseko\u0161anas ier\u012bces gps izseko\u0161anas iek\u0101rtas, klaus\u012b\u0161an\u0101s iek\u0101rtas","article_modified_time":"2025-11-21T06:42:52+00:00","og_image":[{"url":"https:\/\/rvnski.dev\/sekimoiranga\/wp-content\/uploads\/izsekosanasierices.webp","type":"","width":"","height":""}],"twitter_card":"summary_large_image","twitter_title":"Sl\u0113pts mini diktofons, kas sl\u0113pts sl\u0113dzen\u0113 laba cena","twitter_description":"\u012apa\u0161i mazs slepens mini diktofons, kas mask\u0113ts sl\u0113dzen\u0113. Augstas kvalit\u0101tes ska\u0146a, var ierakst\u012bt tikai ska\u0146u, nav nepiecie\u0161ams klaus\u012bties klusumu. Tagad par \u012bpa\u0161i izdev\u012bgu cenu","twitter_misc":{"Est. reading time":"4 minutit"},"schema":{"@context":"https:\/\/schema.org","@graph":[{"@type":"WebPage","@id":"https:\/\/izsekosanasierices.lv\/produkts\/atslegu-piekarins-sledzene-ar-iebuvetu-slepeno-audio-ierakstitaju\/","url":"https:\/\/izsekosanasierices.lv\/produkts\/atslegu-piekarins-sledzene-ar-iebuvetu-slepeno-audio-ierakstitaju\/","name":"Atsl\u0113gu piekari\u0146\u0161 - sl\u0113dzene ar ieb\u016bv\u0113tu slepeno audio ierakst\u012bt\u0101ju","isPartOf":{"@id":"https:\/\/izsekosanasierices.lv\/#website"},"primaryImageOfPage":{"@id":"https:\/\/izsekosanasierices.lv\/produkts\/atslegu-piekarins-sledzene-ar-iebuvetu-slepeno-audio-ierakstitaju\/#primaryimage"},"image":{"@id":"https:\/\/izsekosanasierices.lv\/produkts\/atslegu-piekarins-sledzene-ar-iebuvetu-slepeno-audio-ierakstitaju\/#primaryimage"},"thumbnailUrl":"https:\/\/izsekosanasierices.lv\/wp-content\/uploads\/izsekosanasierices-pakabukas-spynele-su-imontuotu-slaptu-diktofonu.jpg","datePublished":"2023-10-05T15:37:25+00:00","dateModified":"2025-11-21T06:42:52+00:00","description":"\u012apa\u0161i maza izm\u0113ra slepens mini diktofons kas mask\u0113ts sl\u0113dzen\u0113 Augstas kvalit\u0101tes ieraksts. Iesp\u0113ja ierakst\u012bt tikai ska\u0146u, izsl\u0113dzot klusuma periodus","breadcrumb":{"@id":"https:\/\/izsekosanasierices.lv\/produkts\/atslegu-piekarins-sledzene-ar-iebuvetu-slepeno-audio-ierakstitaju\/#breadcrumb"},"inLanguage":"et","potentialAction":[{"@type":"ReadAction","target":["https:\/\/izsekosanasierices.lv\/produkts\/atslegu-piekarins-sledzene-ar-iebuvetu-slepeno-audio-ierakstitaju\/"]}]},{"@type":"ImageObject","inLanguage":"et","@id":"https:\/\/izsekosanasierices.lv\/produkts\/atslegu-piekarins-sledzene-ar-iebuvetu-slepeno-audio-ierakstitaju\/#primaryimage","url":"https:\/\/izsekosanasierices.lv\/wp-content\/uploads\/izsekosanasierices-pakabukas-spynele-su-imontuotu-slaptu-diktofonu.jpg","contentUrl":"https:\/\/izsekosanasierices.lv\/wp-content\/uploads\/izsekosanasierices-pakabukas-spynele-su-imontuotu-slaptu-diktofonu.jpg","width":1200,"height":1200,"caption":"Pakabukas \"spynel\u0117\" su \u012fmontuotu slaptu diktofonu"},{"@type":"BreadcrumbList","@id":"https:\/\/izsekosanasierices.lv\/produkts\/atslegu-piekarins-sledzene-ar-iebuvetu-slepeno-audio-ierakstitaju\/#breadcrumb","itemListElement":[{"@type":"ListItem","position":1,"name":"S\u0101kums","item":"https:\/\/izsekosanasierices.lv\/"},{"@type":"ListItem","position":2,"name":"Veikals","item":"https:\/\/izsekosanasierices.lv\/veikals\/"},{"@type":"ListItem","position":3,"name":"Atsl\u0113gu piekari\u0146\u0161 &#8211; sl\u0113dzene ar ieb\u016bv\u0113tu slepeno audio ierakst\u012bt\u0101ju"}]},{"@type":"WebSite","@id":"https:\/\/izsekosanasierices.lv\/#website","url":"https:\/\/izsekosanasierices.lv\/","name":"Nr1 Izseko\u0161anas ier\u012bces gps izseko\u0161anas iek\u0101rtas, klaus\u012b\u0161an\u0101s iek\u0101rtas","description":"","potentialAction":[{"@type":"SearchAction","target":{"@type":"EntryPoint","urlTemplate":"https:\/\/izsekosanasierices.lv\/?s={search_term_string}"},"query-input":{"@type":"PropertyValueSpecification","valueRequired":true,"valueName":"search_term_string"}}],"inLanguage":"et"}]}},"_links":{"self":[{"href":"https:\/\/izsekosanasierices.lv\/et\/wp-json\/wp\/v2\/product\/1300","targetHints":{"allow":["GET"]}}],"collection":[{"href":"https:\/\/izsekosanasierices.lv\/et\/wp-json\/wp\/v2\/product"}],"about":[{"href":"https:\/\/izsekosanasierices.lv\/et\/wp-json\/wp\/v2\/types\/product"}],"wp:featuredmedia":[{"embeddable":true,"href":"https:\/\/izsekosanasierices.lv\/et\/wp-json\/wp\/v2\/media\/1797"}],"wp:attachment":[{"href":"https:\/\/izsekosanasierices.lv\/et\/wp-json\/wp\/v2\/media?parent=1300"}],"wp:term":[{"taxonomy":"product_brand","embeddable":true,"href":"https:\/\/izsekosanasierices.lv\/et\/wp-json\/wp\/v2\/product_brand?post=1300"},{"taxonomy":"product_cat","embeddable":true,"href":"https:\/\/izsekosanasierices.lv\/et\/wp-json\/wp\/v2\/product_cat?post=1300"},{"taxonomy":"product_tag","embeddable":true,"href":"https:\/\/izsekosanasierices.lv\/et\/wp-json\/wp\/v2\/product_tag?post=1300"}],"curies":[{"name":"wp","href":"https:\/\/api.w.org\/{rel}","templated":true}]}}