{"id":1301,"date":"2023-10-05T15:37:25","date_gmt":"2023-10-05T15:37:25","guid":{"rendered":"https:\/\/izsekosanasierices.lv\/produktas\/powerbank-5000mah-su-imontuota-slapta-kamera-wi-fi\/"},"modified":"2025-11-19T17:58:26","modified_gmt":"2025-11-19T15:58:26","slug":"powerbank-5000mah-ar-iebuvetu-slepeno-kameru-wi-fi","status":"publish","type":"product","link":"https:\/\/izsekosanasierices.lv\/et\/produkts\/powerbank-5000mah-sisseehitatud-salajase-kaameraga-wi-fi\/","title":{"rendered":"Powerbank 5000Mah sisseehitatud salajase kaameraga Wi fi"},"content":{"rendered":"<h3><strong>Tehnilised parameetrid:<\/strong><\/h3>\n<ul>\n<li>Kaugvideo vaatamine: jah<\/li>\n<li>Video on salvestatud koos heliga (ilma helita)<\/li>\n<li>Protsessor: GM8135<\/li>\n<li>Optika: 1\/3 CMOS<\/li>\n<li>3 \u00f6ise n\u00e4gemise LED-i<\/li>\n<li>Pildi kvaliteet: eelvaade: HD 1920*1080<\/li>\n<li>Vaatamisnurk: 120 kraadi<\/li>\n<li>Kaadrisagedus: 15 FPS<\/li>\n<li><span style=\"font-style: normal !msorm;\"><em>Push<\/em><\/span> teadaanded<\/li>\n<li>M\u00e4lukaardi tugi: 4 GB kuni 128 GB (kaart ei kuulu komplekti)<\/li>\n<li>Videovalve: telefoni v\u00f5i arvutiga (otse\u00fclekanne internetis)<\/li>\n<li>Mobiiltelefoni laadimisfunktsioon on saadaval<\/li>\n<li>Video salvestamine liikumisele reageerides<\/li>\n<li>Liikumistuvastus: jah, digitaalselt<\/li>\n<li>Pakkimisformaat: avi H.264<\/li>\n<li>Video formaat: avi<\/li>\n<li>iOS, Android, Windows, Windows 7\/8\/10<\/li>\n<li>Taotlus: saadaval<\/li>\n<li>Toiteallikas: vooluv\u00f5rk (pistikupesa) v\u00f5i sisemine aku<\/li>\n<li>Kuni 10 tundi ilma toiteallikata<\/li>\n<li>Wi-Fi: jah<\/li>\n<li><strong>Garantii 12 kuud<\/strong><\/li>\n<\/ul>\n<p><strong>\u00a0<\/strong><\/p>\n<p><span style=\"color: #ff0000;\"><strong>Vajad kiiret sama p\u00e4eva (ja n\u00e4dalavahetuse) kohaletoimetamist?  Helistage +37120484176<\/strong><\/span><\/p>\n<p><strong>\u00a0<\/strong><\/p>\n<p><strong>PowerBank koos salajase kaamera ja <\/strong>WiFi <strong>funktsioon<\/strong><\/p>\n<p>PowerBank on v\u00e4line aku, mis aitab teil laadida erinevaid seadmeid, kui teil ei ole juurdep\u00e4\u00e4su pistikupesale. Seda seadet kasutatakse \u00fcha enam igap\u00e4evaelus, nii et kui soovite kasutada peidetud kaamerat, on see v\u00e4line aku koos peidetud kaameraga kindlasti \u00fcks parimaid valikuid. Sellist seadet saab kasutada paljudes erinevates olukordades, kui soovite saada t\u00f5endeid v\u00f5i hajutada kahtlusi.<\/p>\n<p><strong>Piltide ja video reaalajas j\u00e4lgimine<\/strong><\/p>\n<p>Kaamera WiFi-\u00fchendus v\u00f5imaldab j\u00e4lgida toimuvat reaalajas, nii et olenemata sellest, kus te olete, peate vaid \u00fchenduma internetti ja n\u00e4ete, mis kaamera \u00fcmber toimub. Loomulikult ei pea te alati j\u00e4lgitavat keskkonda kontrollima, seega on sellel salajasel kaameral ka teine v\u00e4ga oluline funktsioon - liikumistuvastus. See funktsioon tuvastab liikumise j\u00e4lgitavas keskkonnas ja teavitab teid s\u00f5numi saatmisega, nii et v\u00f5ite olla kindel, et te ei j\u00e4ta midagi olulist kahe silma vahele. Kui saate teate oma telefoni, saate kohe kontrollida, mis toimub j\u00e4lgitavas ruumis, ja aktiveerida videovalve, kui seda k\u00f5ige rohkem vajate.<\/p>\n<p><strong>Kvaliteetne video j\u00e4\u00e4dvustamine<\/strong><\/p>\n<p><strong>Video<\/strong> Pildistamine on alati seotud kvaliteediga, seega ei lase see v\u00e4lise akuga integreeritud salajane kaamera sind h\u00e4tta. See ei suuda mitte ainult toota kvaliteetset videot heas valguses, vaid sellel on ka \u00f6\u00f6n\u00e4gemise funktsioon, mis v\u00f5imaldab teil pildistada ja videoid j\u00e4\u00e4dvustada mis tahes p\u00e4eva- v\u00f5i \u00f6\u00f6ajal. Kuigi m\u00f5ned peidetud kaamerad suudavad pilte ja videot j\u00e4\u00e4dvustada ainult heas valguses, peate meeles pidama, et midagi olulist v\u00f5ib juhtuda ka pimedal ajal ja see CCTV-kaamera suudab videot j\u00e4\u00e4dvustada \u00f6\u00f6p\u00e4evaringselt.<\/p>\n<p><strong>Pikk aku kasutusiga<\/strong><\/p>\n<p>Selle kaamera aku kestab t\u00f5epoolest v\u00e4ga kaua. Varjatud kaamera suudab pidevalt salvestada kuni 8 tundi - selle aja jooksul saab palju teavet. Mida iganes te selle salajase seadmega teha otsustate, v\u00f5ite olla kindel, et see aitab teie kahtlusi hajutada. M\u00f5nikord katkestab kaamera videosalvestuse aku t\u00fchjenemine, kuid see ei ole kindlasti nii.<\/p>\n<p><strong>Laiad rakendusv\u00f5imalused<\/strong><\/p>\n<p>Erinevatesse igap\u00e4evastesse esemetesse paigaldatud salakaamerad v\u00f5ivad olla kasulikud paljudes olukordades, nii et v\u00f5imalused s\u00f5ltuvad t\u00e4ielikult teie vajadustest ja kujutlusv\u00f5imest. N\u00e4iteks saab kontoris kasutada peidetud kaameraga v\u00e4list akut: selle seadme abil saate teada, kas teie t\u00f6\u00f6tajad on t\u00f5esti ausad. Samuti v\u00f5ite kasutada peidetud kaamerat oma kodus, et v\u00e4lja selgitada, kas teie teine pool on usaldusv\u00e4\u00e4rne, ja hajutada kahtlused teie koju sisenevate t\u00f6\u00f6tajate (lapsehoidjad, majapidajad jne) aususes. K\u00f5ik vanemad tahavad tagada oma laste turvalisuse, seega annab see salakaamera teile teada ka seda, mida nad teevad, kui nad \u00fcksi j\u00e4etakse.<\/p>\n<p><strong>Funktsionaalne seade<\/strong><\/p>\n<p>Peidetud kaameraga v\u00e4line aku ei toimi mitte ainult salajase filmimisseadmena, vaid ka tavalise PowerBank'ina - see on kasulik mitte ainult siis, kui soovite salaja videoid filmida, vaid ka siis, kui teil on vaja laadida oma telefoni v\u00f5i muid igap\u00e4evaselt kasutatavaid seadmeid.<\/p>","protected":false},"excerpt":{"rendered":"<p>PowerBanki kaasaskantaval akul on sisseehitatud salajane CCTV-kaamera. Otse\u00fclekanne. Ilma helita. Kiire tarne<\/p>","protected":false},"featured_media":1803,"template":"","meta":[],"product_brand":[],"product_cat":[330,321,331],"product_tag":[332,325,23,333,334,328,29],"class_list":{"0":"post-1301","1":"product","2":"type-product","3":"status-publish","4":"has-post-thumbnail","6":"product_cat-masketas-kameras","7":"product_cat-sleptas-kameras","8":"product_cat-wi-fi-slepenas-kameras","9":"product_tag-izsekosanas-iekartas","10":"product_tag-izsekosanas-kamera","11":"product_tag-kamera","12":"product_tag-kameras-pulkstenis","13":"product_tag-masketa-kamera","14":"product_tag-slepena-kamera","15":"product_tag-wi-fi-kamera","17":"first","18":"instock","19":"taxable","20":"shipping-taxable","21":"purchasable","22":"product-type-simple"},"yoast_head":"<!-- This site is optimized with the Yoast SEO plugin v27.6 - https:\/\/yoast.com\/product\/yoast-seo-wordpress\/ -->\n<title>Powerbank 5000Mah ar ieb\u016bv\u0113tu slepeno kameru Wi fi<\/title>\n<meta name=\"description\" content=\"PowerBank portat\u012bvaj\u0101 akumulator\u0101 ieb\u016bv\u0113ta slepena videonov\u0113ro\u0161anas kamera. Tie\u0161raide tie\u0161raid\u0113 internet\u0101. Neizdod ska\u0146as. \u0100tra pieg\u0101de\" \/>\n<meta name=\"robots\" content=\"index, follow, max-snippet:-1, max-image-preview:large, max-video-preview:-1\" \/>\n<link rel=\"canonical\" href=\"https:\/\/izsekosanasierices.lv\/et\/produkts\/powerbank-5000mah-sisseehitatud-salajase-kaameraga-wi-fi\/\" \/>\n<meta property=\"og:locale\" content=\"et_EE\" \/>\n<meta property=\"og:type\" content=\"article\" \/>\n<meta property=\"og:title\" content=\"Powerbank 5000Mah ar ieb\u016bv\u0113tu slepeno kameru Wi fi - Sekimoiranga.lt\" \/>\n<meta property=\"og:description\" content=\"Powerbank portat\u012bvaj\u0101 akumulator\u0101 ir ieb\u016bv\u0113ta slepena videonov\u0113ro\u0161anas kamera. Tie\u0161raide tie\u0161raid\u0113 internet\u0101 Bez ska\u0146as. \u0100tra pieg\u0101de\" \/>\n<meta property=\"og:url\" content=\"https:\/\/izsekosanasierices.lv\/et\/produkts\/powerbank-5000mah-sisseehitatud-salajase-kaameraga-wi-fi\/\" \/>\n<meta property=\"og:site_name\" content=\"Nr1 Izseko\u0161anas ier\u012bces gps izseko\u0161anas iek\u0101rtas, klaus\u012b\u0161an\u0101s iek\u0101rtas\" \/>\n<meta property=\"article:modified_time\" content=\"2025-11-19T15:58:26+00:00\" \/>\n<meta property=\"og:image\" content=\"https:\/\/rvnski.dev\/sekimoiranga\/wp-content\/uploads\/izsekosanasierices.webp\" \/>\n<meta name=\"twitter:card\" content=\"summary_large_image\" \/>\n<meta name=\"twitter:title\" content=\"Powerbank 5000Mah ar ieb\u016bv\u0113tu slepeno kameru Wi fi - Sekimoiranga.lt\" \/>\n<meta name=\"twitter:description\" content=\"Powerbank portat\u012bvaj\u0101 akumulator\u0101 ir ieb\u016bv\u0113ta slepena videonov\u0113ro\u0161anas kamera. Tie\u0161raide tie\u0161raid\u0113 internet\u0101 Bez ska\u0146as. \u0100tra pieg\u0101de\" \/>\n<meta name=\"twitter:label1\" content=\"Est. reading time\" \/>\n\t<meta name=\"twitter:data1\" content=\"4 minutit\" \/>\n<script type=\"application\/ld+json\" class=\"yoast-schema-graph\">{\"@context\":\"https:\\\/\\\/schema.org\",\"@graph\":[{\"@type\":\"WebPage\",\"@id\":\"https:\\\/\\\/izsekosanasierices.lv\\\/produkts\\\/powerbank-5000mah-ar-iebuvetu-slepeno-kameru-wi-fi\\\/\",\"url\":\"https:\\\/\\\/izsekosanasierices.lv\\\/produkts\\\/powerbank-5000mah-ar-iebuvetu-slepeno-kameru-wi-fi\\\/\",\"name\":\"Powerbank 5000Mah ar ieb\u016bv\u0113tu slepeno kameru Wi fi\",\"isPartOf\":{\"@id\":\"https:\\\/\\\/izsekosanasierices.lv\\\/#website\"},\"primaryImageOfPage\":{\"@id\":\"https:\\\/\\\/izsekosanasierices.lv\\\/produkts\\\/powerbank-5000mah-ar-iebuvetu-slepeno-kameru-wi-fi\\\/#primaryimage\"},\"image\":{\"@id\":\"https:\\\/\\\/izsekosanasierices.lv\\\/produkts\\\/powerbank-5000mah-ar-iebuvetu-slepeno-kameru-wi-fi\\\/#primaryimage\"},\"thumbnailUrl\":\"https:\\\/\\\/izsekosanasierices.lv\\\/wp-content\\\/uploads\\\/izsekosanasierices-powerbank-5000mah-su-imontuota-slapta-kamera-wi-fi.jpg\",\"datePublished\":\"2023-10-05T15:37:25+00:00\",\"dateModified\":\"2025-11-19T15:58:26+00:00\",\"description\":\"PowerBank portat\u012bvaj\u0101 akumulator\u0101 ieb\u016bv\u0113ta slepena videonov\u0113ro\u0161anas kamera. Tie\u0161raide tie\u0161raid\u0113 internet\u0101. Neizdod ska\u0146as. \u0100tra pieg\u0101de\",\"breadcrumb\":{\"@id\":\"https:\\\/\\\/izsekosanasierices.lv\\\/produkts\\\/powerbank-5000mah-ar-iebuvetu-slepeno-kameru-wi-fi\\\/#breadcrumb\"},\"inLanguage\":\"et\",\"potentialAction\":[{\"@type\":\"ReadAction\",\"target\":[\"https:\\\/\\\/izsekosanasierices.lv\\\/produkts\\\/powerbank-5000mah-ar-iebuvetu-slepeno-kameru-wi-fi\\\/\"]}]},{\"@type\":\"ImageObject\",\"inLanguage\":\"et\",\"@id\":\"https:\\\/\\\/izsekosanasierices.lv\\\/produkts\\\/powerbank-5000mah-ar-iebuvetu-slepeno-kameru-wi-fi\\\/#primaryimage\",\"url\":\"https:\\\/\\\/izsekosanasierices.lv\\\/wp-content\\\/uploads\\\/izsekosanasierices-powerbank-5000mah-su-imontuota-slapta-kamera-wi-fi.jpg\",\"contentUrl\":\"https:\\\/\\\/izsekosanasierices.lv\\\/wp-content\\\/uploads\\\/izsekosanasierices-powerbank-5000mah-su-imontuota-slapta-kamera-wi-fi.jpg\",\"width\":458,\"height\":458,\"caption\":\"Powerbank 5000Mah su \u012fmontuota slapta kamera Wi fi\"},{\"@type\":\"BreadcrumbList\",\"@id\":\"https:\\\/\\\/izsekosanasierices.lv\\\/produkts\\\/powerbank-5000mah-ar-iebuvetu-slepeno-kameru-wi-fi\\\/#breadcrumb\",\"itemListElement\":[{\"@type\":\"ListItem\",\"position\":1,\"name\":\"S\u0101kums\",\"item\":\"https:\\\/\\\/izsekosanasierices.lv\\\/\"},{\"@type\":\"ListItem\",\"position\":2,\"name\":\"Veikals\",\"item\":\"https:\\\/\\\/izsekosanasierices.lv\\\/veikals\\\/\"},{\"@type\":\"ListItem\",\"position\":3,\"name\":\"Powerbank 5000Mah ar ieb\u016bv\u0113tu slepeno kameru Wi fi\"}]},{\"@type\":\"WebSite\",\"@id\":\"https:\\\/\\\/izsekosanasierices.lv\\\/#website\",\"url\":\"https:\\\/\\\/izsekosanasierices.lv\\\/\",\"name\":\"Nr1 Izseko\u0161anas ier\u012bces gps izseko\u0161anas iek\u0101rtas, klaus\u012b\u0161an\u0101s iek\u0101rtas\",\"description\":\"\",\"potentialAction\":[{\"@type\":\"SearchAction\",\"target\":{\"@type\":\"EntryPoint\",\"urlTemplate\":\"https:\\\/\\\/izsekosanasierices.lv\\\/?s={search_term_string}\"},\"query-input\":{\"@type\":\"PropertyValueSpecification\",\"valueRequired\":true,\"valueName\":\"search_term_string\"}}],\"inLanguage\":\"et\"}]}<\/script>\n<!-- \/ Yoast SEO plugin. -->","yoast_head_json":{"title":"Powerbank 5000Mah ar ieb\u016bv\u0113tu slepeno kameru Wi fi","description":"PowerBank portat\u012bvaj\u0101 akumulator\u0101 ieb\u016bv\u0113ta slepena videonov\u0113ro\u0161anas kamera. Tie\u0161raide tie\u0161raid\u0113 internet\u0101. Neizdod ska\u0146as. \u0100tra pieg\u0101de","robots":{"index":"index","follow":"follow","max-snippet":"max-snippet:-1","max-image-preview":"max-image-preview:large","max-video-preview":"max-video-preview:-1"},"canonical":"https:\/\/izsekosanasierices.lv\/et\/produkts\/powerbank-5000mah-sisseehitatud-salajase-kaameraga-wi-fi\/","og_locale":"et_EE","og_type":"article","og_title":"Powerbank 5000Mah ar ieb\u016bv\u0113tu slepeno kameru Wi fi - Sekimoiranga.lt","og_description":"Powerbank portat\u012bvaj\u0101 akumulator\u0101 ir ieb\u016bv\u0113ta slepena videonov\u0113ro\u0161anas kamera. Tie\u0161raide tie\u0161raid\u0113 internet\u0101 Bez ska\u0146as. \u0100tra pieg\u0101de","og_url":"https:\/\/izsekosanasierices.lv\/et\/produkts\/powerbank-5000mah-sisseehitatud-salajase-kaameraga-wi-fi\/","og_site_name":"Nr1 Izseko\u0161anas ier\u012bces gps izseko\u0161anas iek\u0101rtas, klaus\u012b\u0161an\u0101s iek\u0101rtas","article_modified_time":"2025-11-19T15:58:26+00:00","og_image":[{"url":"https:\/\/rvnski.dev\/sekimoiranga\/wp-content\/uploads\/izsekosanasierices.webp","type":"","width":"","height":""}],"twitter_card":"summary_large_image","twitter_title":"Powerbank 5000Mah ar ieb\u016bv\u0113tu slepeno kameru Wi fi - Sekimoiranga.lt","twitter_description":"Powerbank portat\u012bvaj\u0101 akumulator\u0101 ir ieb\u016bv\u0113ta slepena videonov\u0113ro\u0161anas kamera. Tie\u0161raide tie\u0161raid\u0113 internet\u0101 Bez ska\u0146as. \u0100tra pieg\u0101de","twitter_misc":{"Est. reading time":"4 minutit"},"schema":{"@context":"https:\/\/schema.org","@graph":[{"@type":"WebPage","@id":"https:\/\/izsekosanasierices.lv\/produkts\/powerbank-5000mah-ar-iebuvetu-slepeno-kameru-wi-fi\/","url":"https:\/\/izsekosanasierices.lv\/produkts\/powerbank-5000mah-ar-iebuvetu-slepeno-kameru-wi-fi\/","name":"Powerbank 5000Mah ar ieb\u016bv\u0113tu slepeno kameru Wi fi","isPartOf":{"@id":"https:\/\/izsekosanasierices.lv\/#website"},"primaryImageOfPage":{"@id":"https:\/\/izsekosanasierices.lv\/produkts\/powerbank-5000mah-ar-iebuvetu-slepeno-kameru-wi-fi\/#primaryimage"},"image":{"@id":"https:\/\/izsekosanasierices.lv\/produkts\/powerbank-5000mah-ar-iebuvetu-slepeno-kameru-wi-fi\/#primaryimage"},"thumbnailUrl":"https:\/\/izsekosanasierices.lv\/wp-content\/uploads\/izsekosanasierices-powerbank-5000mah-su-imontuota-slapta-kamera-wi-fi.jpg","datePublished":"2023-10-05T15:37:25+00:00","dateModified":"2025-11-19T15:58:26+00:00","description":"PowerBank portat\u012bvaj\u0101 akumulator\u0101 ieb\u016bv\u0113ta slepena videonov\u0113ro\u0161anas kamera. Tie\u0161raide tie\u0161raid\u0113 internet\u0101. Neizdod ska\u0146as. \u0100tra pieg\u0101de","breadcrumb":{"@id":"https:\/\/izsekosanasierices.lv\/produkts\/powerbank-5000mah-ar-iebuvetu-slepeno-kameru-wi-fi\/#breadcrumb"},"inLanguage":"et","potentialAction":[{"@type":"ReadAction","target":["https:\/\/izsekosanasierices.lv\/produkts\/powerbank-5000mah-ar-iebuvetu-slepeno-kameru-wi-fi\/"]}]},{"@type":"ImageObject","inLanguage":"et","@id":"https:\/\/izsekosanasierices.lv\/produkts\/powerbank-5000mah-ar-iebuvetu-slepeno-kameru-wi-fi\/#primaryimage","url":"https:\/\/izsekosanasierices.lv\/wp-content\/uploads\/izsekosanasierices-powerbank-5000mah-su-imontuota-slapta-kamera-wi-fi.jpg","contentUrl":"https:\/\/izsekosanasierices.lv\/wp-content\/uploads\/izsekosanasierices-powerbank-5000mah-su-imontuota-slapta-kamera-wi-fi.jpg","width":458,"height":458,"caption":"Powerbank 5000Mah su \u012fmontuota slapta kamera Wi fi"},{"@type":"BreadcrumbList","@id":"https:\/\/izsekosanasierices.lv\/produkts\/powerbank-5000mah-ar-iebuvetu-slepeno-kameru-wi-fi\/#breadcrumb","itemListElement":[{"@type":"ListItem","position":1,"name":"S\u0101kums","item":"https:\/\/izsekosanasierices.lv\/"},{"@type":"ListItem","position":2,"name":"Veikals","item":"https:\/\/izsekosanasierices.lv\/veikals\/"},{"@type":"ListItem","position":3,"name":"Powerbank 5000Mah ar ieb\u016bv\u0113tu slepeno kameru Wi fi"}]},{"@type":"WebSite","@id":"https:\/\/izsekosanasierices.lv\/#website","url":"https:\/\/izsekosanasierices.lv\/","name":"Nr1 Izseko\u0161anas ier\u012bces gps izseko\u0161anas iek\u0101rtas, klaus\u012b\u0161an\u0101s iek\u0101rtas","description":"","potentialAction":[{"@type":"SearchAction","target":{"@type":"EntryPoint","urlTemplate":"https:\/\/izsekosanasierices.lv\/?s={search_term_string}"},"query-input":{"@type":"PropertyValueSpecification","valueRequired":true,"valueName":"search_term_string"}}],"inLanguage":"et"}]}},"_links":{"self":[{"href":"https:\/\/izsekosanasierices.lv\/et\/wp-json\/wp\/v2\/product\/1301","targetHints":{"allow":["GET"]}}],"collection":[{"href":"https:\/\/izsekosanasierices.lv\/et\/wp-json\/wp\/v2\/product"}],"about":[{"href":"https:\/\/izsekosanasierices.lv\/et\/wp-json\/wp\/v2\/types\/product"}],"wp:featuredmedia":[{"embeddable":true,"href":"https:\/\/izsekosanasierices.lv\/et\/wp-json\/wp\/v2\/media\/1803"}],"wp:attachment":[{"href":"https:\/\/izsekosanasierices.lv\/et\/wp-json\/wp\/v2\/media?parent=1301"}],"wp:term":[{"taxonomy":"product_brand","embeddable":true,"href":"https:\/\/izsekosanasierices.lv\/et\/wp-json\/wp\/v2\/product_brand?post=1301"},{"taxonomy":"product_cat","embeddable":true,"href":"https:\/\/izsekosanasierices.lv\/et\/wp-json\/wp\/v2\/product_cat?post=1301"},{"taxonomy":"product_tag","embeddable":true,"href":"https:\/\/izsekosanasierices.lv\/et\/wp-json\/wp\/v2\/product_tag?post=1301"}],"curies":[{"name":"wp","href":"https:\/\/api.w.org\/{rel}","templated":true}]}}