{"id":1303,"date":"2023-10-05T15:37:25","date_gmt":"2023-10-05T15:37:25","guid":{"rendered":"https:\/\/izsekosanasierices.lv\/produktas\/rankinis-laikrodis-su-aukstos-kokybes-kamera-ir-diktofonu\/"},"modified":"2025-11-19T17:45:11","modified_gmt":"2025-11-19T15:45:11","slug":"rokas-pulkstenis-ar-augstas-kvalitates-kameru-un-diktofonu","status":"publish","type":"product","link":"https:\/\/izsekosanasierices.lv\/et\/produkts\/kvaliteetse-kaamera-ja-helisalvestiga-kaekell\/","title":{"rendered":"Kvaliteetse kaamera ja helisalvestiga k\u00e4ekell"},"content":{"rendered":"<h3>Tehnilised parameetrid:<\/h3>\n<ul>\n<li>Sisemine m\u00e4lu: 8 gb, kuni 240 minutit<\/li>\n<li>Helisalvestus filmimise ajal<\/li>\n<li>Saab kasutada diktofonina<\/li>\n<li>LED-ekraan<\/li>\n<li>Video resolutsioon: Full-HD 1920 x 1080PX<\/li>\n<li>Videoformaat: avi, 30 kaadrit sekundis<\/li>\n<li>Sisseehitatud aku: 200 mAh (laetav)<\/li>\n<li>Video salvestamise aeg: umbes 90 minutit<\/li>\n<li>Helisalvestuse aeg: umbes 20 tundi<\/li>\n<li>Laadimine: USB-port v\u00f5i 5V laadija<\/li>\n<li>Vaatamisnurk: 75\u00b0<\/li>\n<li>Foto resolutsioon: HD 1280 x 720PX<\/li>\n<li>Kaal ja m\u00f5\u00f5tmed: 26 g; 46 mm x 20 mm x 12 mm<\/li>\n<li>V\u00e4rv: must<\/li>\n<li><strong>Garantii 12 kuud.<\/strong><strong>\u00a0<\/strong><\/li>\n<\/ul>\n<p><span style=\"color: #ff0000;\"><strong>Vajad kiiret sama p\u00e4eva (ja n\u00e4dalavahetuse) kohaletoimetamist? Helistage <\/strong><strong>+<\/strong><strong>37120484176<\/strong><\/span><\/p>\n<p><strong>Sisseehitatud salajase kaamera ja diktofoniga k\u00e4ekell<\/strong><\/p>\n<p>K\u00e4ekell on \u00fcks neist aksessuaaridest, mille valivad sageli nii mehed kui ka naised. Kuigi aega saab vaadata ka telefonist, on moodsatel kelladel hulk lisafunktsioone, mis v\u00f5ivad olla v\u00e4ga kasulikud. Kui soovite salvestada tundlikku teavet, on sisseehitatud salajase kaamera ja helisalvestajaga k\u00e4ekell kindlasti \u00fcks parimaid valikuid, sest see j\u00e4\u00e4b m\u00e4rkamatuks ja aitab teil koguda vajalikke t\u00f5endeid.<\/p>\n<p><strong>Ulatuslikud kohandamisv\u00f5imalused<\/strong><\/p>\n<p>Kella saab kanda nii igap\u00e4evaselt kui ka pidulikel puhkudel. See on aksessuaar, mis ei paista liiga palju silma ja ei tekita kindlasti kahtlust. Miks mitte kasutada seda? Kui soovite salvestada huvipakkuvat teavet, proovige seda salajast seadet - see ei valmista pettumust. Selliseid varjatud j\u00e4lgimis- ja pealtkuulamisseadmeid kasutatakse sageli selleks, et saada t\u00f5endeid teatud pettuste kohta, registreerida \u00f5igusrikkumisi jne. Isegi kui te ei pea seda hetkel oluliseks, v\u00f5ite olla kindel, et see salajane seade on kasulik igap\u00e4evastes olukordades, n\u00e4iteks kui soovite midagi kiiresti ja diskreetselt filmida.<\/p>\n<p><strong>Kvaliteetsed helisalvestised<\/strong><\/p>\n<p>M\u00f5nikord arvatakse, et v\u00e4ikesed seadmed on heli v\u00f5i video j\u00e4\u00e4dvustamiseks ebapiisavad, kuid see seade t\u00f5estab vastupidist. M\u00fcrasummutustehnoloogia v\u00f5imaldab salvestada \u00fclikvaliteetset heli, nii et te ei pea pingutama, et kuulda, mis toimub.<\/p>\n<p><strong>V\u00e4ga lihtne kasutada<\/strong><\/p>\n<p>Isegi kui uusim tehnoloogia ei ole sinu asi, ei ole vaja muretseda, et selle kella kasutamine on liiga keeruline. Piisab vaid sellest, kui l\u00fclitate salvestaja v\u00f5i kaamera \u00fche nupuvajutusega sisse ja heli- v\u00f5i videomaterjal hakkab kohe salvestama. Sa ei pea kulutama aega selle salajase seadme aktiveerimise v\u00e4ljaselgitamisele, nii et keegi sinu \u00fcmber ei saa isegi teada, et oled alustanud video v\u00f5i heli salvestamist. Heli- v\u00f5i videosalvestuse funktsiooni saab aktiveerida hetkega, nii et see on ideaalne, kui teil pole aega v\u00f5i v\u00f5imalusi telefoni v\u00e4lja v\u00f5tta. N\u00e4iteks kui n\u00e4ete, et keegi rammib teie naabri autot ja \u00fcritab s\u00fcndmuskohalt minema s\u00f5ita, saate seda vaevata j\u00e4\u00e4dvustada. Seej\u00e4rel saate k\u00f5ik j\u00e4\u00e4dvustatud pildid ja heli USB-kaabli kaudu arvutisse edastada.<\/p>\n<p><strong>Kerge, kuid funktsionaalne<\/strong><\/p>\n<p>Hoolimata sisseehitatud helisalvestajast ja salakaamerast, saate seda kasutada ka tavalise kellana, nii et see \u00fcletab kindlasti teie ootusi. Kuna see kaalub vaid 23 grammi, ei sega see teie igap\u00e4evast rutiini. See sobib h\u00e4sti randmele ja on mugav. Salakaamera ja helisalvestajaga seade n\u00e4eb v\u00e4lja nagu sammuloendur v\u00f5i tavaline k\u00e4ekell. See n\u00e4itab aega ja aku laetust, nii et saate seda kasutada ka siis, kui te ei kavatse videot v\u00f5i heli filmida.<\/p>\n<p><strong>Seade ei tekita mingit kahtlust<\/strong><\/p>\n<p>Kuigi sellel on salajane kaamera ja diktofon, ei tee see soovimatuid h\u00e4\u00e4li (isegi kui aku on peaaegu t\u00fchi), nii et keegi teie \u00fcmber ei kahtle, et nende vestlusi v\u00f5i tegevusi salvestatakse. Delikaatsete andmete j\u00e4\u00e4dvustamine pole kunagi varem olnud lihtsam!<\/p>","protected":false},"excerpt":{"rendered":"<p>Kvaliteetse videokaamera ja helisalvestiga spordikell. Lihtne kasutada - aktiveeritakse \u00fche nupuvajutusega. Kuni 192 kbit\/s heli -<\/p>","protected":false},"featured_media":1819,"template":"","meta":[],"product_brand":[],"product_cat":[342,330,335,362,321],"product_tag":[345,36,328,347,396,377],"class_list":{"0":"post-1303","1":"product","2":"type-product","3":"status-publish","4":"has-post-thumbnail","6":"product_cat-diktofoni","7":"product_cat-masketas-kameras","8":"product_cat-noklausisanas-ierices","9":"product_cat-rokas-pulksteni-kameras","10":"product_cat-sleptas-kameras","11":"product_tag-diktafons","12":"product_tag-mini-kamera","13":"product_tag-slepena-kamera","14":"product_tag-slepenais-ierakstitajs","15":"product_tag-sleptais-balss-ierakstitajs","16":"product_tag-spiegprogrammatura","18":"first","19":"instock","20":"taxable","21":"shipping-taxable","22":"purchasable","23":"product-type-simple"},"yoast_head":"<!-- This site is optimized with the Yoast SEO plugin v27.4 - https:\/\/yoast.com\/product\/yoast-seo-wordpress\/ -->\n<title>Rokas pulkstenis ar augstas kvalit\u0101tes kameru un diktofonu<\/title>\n<meta name=\"description\" content=\"Sporta pulkstenis ar integr\u0113tu augstas kvalit\u0101tes videokameru un diktofonu. Viegli lietojams \u2013 aktiviz\u0113 ar vienu piesk\u0101rienu. audio kvalit\u0101te 192 kbps.\" \/>\n<meta name=\"robots\" content=\"index, follow, max-snippet:-1, max-image-preview:large, max-video-preview:-1\" \/>\n<link rel=\"canonical\" href=\"https:\/\/izsekosanasierices.lv\/et\/produkts\/kvaliteetse-kaamera-ja-helisalvestiga-kaekell\/\" \/>\n<meta property=\"og:locale\" content=\"et_EE\" \/>\n<meta property=\"og:type\" content=\"article\" \/>\n<meta property=\"og:title\" content=\"Sporta pulkstenis ar augstas kvalit\u0101tes kameru un diktofonu\" \/>\n<meta property=\"og:description\" content=\"Sporta pulkstenis ar augstas kvalit\u0101tes videokameru un diktofonu. Viegli lietojams - aktiviz\u0113 ar vienu pogas piesk\u0101rienu. Pat 192 kbps audio -\" \/>\n<meta property=\"og:url\" content=\"https:\/\/izsekosanasierices.lv\/et\/produkts\/kvaliteetse-kaamera-ja-helisalvestiga-kaekell\/\" \/>\n<meta property=\"og:site_name\" content=\"Nr1 Izseko\u0161anas ier\u012bces gps izseko\u0161anas iek\u0101rtas, klaus\u012b\u0161an\u0101s iek\u0101rtas\" \/>\n<meta property=\"article:modified_time\" content=\"2025-11-19T15:45:11+00:00\" \/>\n<meta property=\"og:image\" content=\"https:\/\/rvnski.dev\/sekimoiranga\/wp-content\/uploads\/izsekosanasierices.webp\" \/>\n<meta name=\"twitter:card\" content=\"summary_large_image\" \/>\n<meta name=\"twitter:title\" content=\"Sporta pulkstenis ar augstas kvalit\u0101tes kameru un diktofonu\" \/>\n<meta name=\"twitter:description\" content=\"Sporta pulkstenis ar augstas kvalit\u0101tes videokameru un diktofonu. Viegli lietojams - aktiviz\u0113 ar vienu pogas piesk\u0101rienu. Pat 192 kbps audio -\" \/>\n<meta name=\"twitter:label1\" content=\"Est. reading time\" \/>\n\t<meta name=\"twitter:data1\" content=\"4 minutit\" \/>\n<script type=\"application\/ld+json\" class=\"yoast-schema-graph\">{\"@context\":\"https:\\\/\\\/schema.org\",\"@graph\":[{\"@type\":\"WebPage\",\"@id\":\"https:\\\/\\\/izsekosanasierices.lv\\\/produkts\\\/rokas-pulkstenis-ar-augstas-kvalitates-kameru-un-diktofonu\\\/\",\"url\":\"https:\\\/\\\/izsekosanasierices.lv\\\/produkts\\\/rokas-pulkstenis-ar-augstas-kvalitates-kameru-un-diktofonu\\\/\",\"name\":\"Rokas pulkstenis ar augstas kvalit\u0101tes kameru un diktofonu\",\"isPartOf\":{\"@id\":\"https:\\\/\\\/izsekosanasierices.lv\\\/#website\"},\"primaryImageOfPage\":{\"@id\":\"https:\\\/\\\/izsekosanasierices.lv\\\/produkts\\\/rokas-pulkstenis-ar-augstas-kvalitates-kameru-un-diktofonu\\\/#primaryimage\"},\"image\":{\"@id\":\"https:\\\/\\\/izsekosanasierices.lv\\\/produkts\\\/rokas-pulkstenis-ar-augstas-kvalitates-kameru-un-diktofonu\\\/#primaryimage\"},\"thumbnailUrl\":\"https:\\\/\\\/izsekosanasierices.lv\\\/wp-content\\\/uploads\\\/izsekosanasierices-rankinis-laikrodis-su-aukstos-kokybes-kamera-ir-diktofonu.jpg\",\"datePublished\":\"2023-10-05T15:37:25+00:00\",\"dateModified\":\"2025-11-19T15:45:11+00:00\",\"description\":\"Sporta pulkstenis ar integr\u0113tu augstas kvalit\u0101tes videokameru un diktofonu. Viegli lietojams \u2013 aktiviz\u0113 ar vienu piesk\u0101rienu. audio kvalit\u0101te 192 kbps.\",\"breadcrumb\":{\"@id\":\"https:\\\/\\\/izsekosanasierices.lv\\\/produkts\\\/rokas-pulkstenis-ar-augstas-kvalitates-kameru-un-diktofonu\\\/#breadcrumb\"},\"inLanguage\":\"et\",\"potentialAction\":[{\"@type\":\"ReadAction\",\"target\":[\"https:\\\/\\\/izsekosanasierices.lv\\\/produkts\\\/rokas-pulkstenis-ar-augstas-kvalitates-kameru-un-diktofonu\\\/\"]}]},{\"@type\":\"ImageObject\",\"inLanguage\":\"et\",\"@id\":\"https:\\\/\\\/izsekosanasierices.lv\\\/produkts\\\/rokas-pulkstenis-ar-augstas-kvalitates-kameru-un-diktofonu\\\/#primaryimage\",\"url\":\"https:\\\/\\\/izsekosanasierices.lv\\\/wp-content\\\/uploads\\\/izsekosanasierices-rankinis-laikrodis-su-aukstos-kokybes-kamera-ir-diktofonu.jpg\",\"contentUrl\":\"https:\\\/\\\/izsekosanasierices.lv\\\/wp-content\\\/uploads\\\/izsekosanasierices-rankinis-laikrodis-su-aukstos-kokybes-kamera-ir-diktofonu.jpg\",\"width\":1000,\"height\":1000,\"caption\":\"Rankinis laikrodis su auk\u0161tos kokyb\u0117s kamera ir diktofonu\"},{\"@type\":\"BreadcrumbList\",\"@id\":\"https:\\\/\\\/izsekosanasierices.lv\\\/produkts\\\/rokas-pulkstenis-ar-augstas-kvalitates-kameru-un-diktofonu\\\/#breadcrumb\",\"itemListElement\":[{\"@type\":\"ListItem\",\"position\":1,\"name\":\"S\u0101kums\",\"item\":\"https:\\\/\\\/izsekosanasierices.lv\\\/\"},{\"@type\":\"ListItem\",\"position\":2,\"name\":\"Veikals\",\"item\":\"https:\\\/\\\/izsekosanasierices.lv\\\/veikals\\\/\"},{\"@type\":\"ListItem\",\"position\":3,\"name\":\"Rokas pulkstenis ar augstas kvalit\u0101tes kameru un diktofonu\"}]},{\"@type\":\"WebSite\",\"@id\":\"https:\\\/\\\/izsekosanasierices.lv\\\/#website\",\"url\":\"https:\\\/\\\/izsekosanasierices.lv\\\/\",\"name\":\"Nr1 Izseko\u0161anas ier\u012bces gps izseko\u0161anas iek\u0101rtas, klaus\u012b\u0161an\u0101s iek\u0101rtas\",\"description\":\"\",\"potentialAction\":[{\"@type\":\"SearchAction\",\"target\":{\"@type\":\"EntryPoint\",\"urlTemplate\":\"https:\\\/\\\/izsekosanasierices.lv\\\/?s={search_term_string}\"},\"query-input\":{\"@type\":\"PropertyValueSpecification\",\"valueRequired\":true,\"valueName\":\"search_term_string\"}}],\"inLanguage\":\"et\"}]}<\/script>\n<!-- \/ Yoast SEO plugin. -->","yoast_head_json":{"title":"Rokas pulkstenis ar augstas kvalit\u0101tes kameru un diktofonu","description":"Sporta pulkstenis ar integr\u0113tu augstas kvalit\u0101tes videokameru un diktofonu. Viegli lietojams \u2013 aktiviz\u0113 ar vienu piesk\u0101rienu. audio kvalit\u0101te 192 kbps.","robots":{"index":"index","follow":"follow","max-snippet":"max-snippet:-1","max-image-preview":"max-image-preview:large","max-video-preview":"max-video-preview:-1"},"canonical":"https:\/\/izsekosanasierices.lv\/et\/produkts\/kvaliteetse-kaamera-ja-helisalvestiga-kaekell\/","og_locale":"et_EE","og_type":"article","og_title":"Sporta pulkstenis ar augstas kvalit\u0101tes kameru un diktofonu","og_description":"Sporta pulkstenis ar augstas kvalit\u0101tes videokameru un diktofonu. Viegli lietojams - aktiviz\u0113 ar vienu pogas piesk\u0101rienu. Pat 192 kbps audio -","og_url":"https:\/\/izsekosanasierices.lv\/et\/produkts\/kvaliteetse-kaamera-ja-helisalvestiga-kaekell\/","og_site_name":"Nr1 Izseko\u0161anas ier\u012bces gps izseko\u0161anas iek\u0101rtas, klaus\u012b\u0161an\u0101s iek\u0101rtas","article_modified_time":"2025-11-19T15:45:11+00:00","og_image":[{"url":"https:\/\/rvnski.dev\/sekimoiranga\/wp-content\/uploads\/izsekosanasierices.webp","type":"","width":"","height":""}],"twitter_card":"summary_large_image","twitter_title":"Sporta pulkstenis ar augstas kvalit\u0101tes kameru un diktofonu","twitter_description":"Sporta pulkstenis ar augstas kvalit\u0101tes videokameru un diktofonu. Viegli lietojams - aktiviz\u0113 ar vienu pogas piesk\u0101rienu. Pat 192 kbps audio -","twitter_misc":{"Est. reading time":"4 minutit"},"schema":{"@context":"https:\/\/schema.org","@graph":[{"@type":"WebPage","@id":"https:\/\/izsekosanasierices.lv\/produkts\/rokas-pulkstenis-ar-augstas-kvalitates-kameru-un-diktofonu\/","url":"https:\/\/izsekosanasierices.lv\/produkts\/rokas-pulkstenis-ar-augstas-kvalitates-kameru-un-diktofonu\/","name":"Rokas pulkstenis ar augstas kvalit\u0101tes kameru un diktofonu","isPartOf":{"@id":"https:\/\/izsekosanasierices.lv\/#website"},"primaryImageOfPage":{"@id":"https:\/\/izsekosanasierices.lv\/produkts\/rokas-pulkstenis-ar-augstas-kvalitates-kameru-un-diktofonu\/#primaryimage"},"image":{"@id":"https:\/\/izsekosanasierices.lv\/produkts\/rokas-pulkstenis-ar-augstas-kvalitates-kameru-un-diktofonu\/#primaryimage"},"thumbnailUrl":"https:\/\/izsekosanasierices.lv\/wp-content\/uploads\/izsekosanasierices-rankinis-laikrodis-su-aukstos-kokybes-kamera-ir-diktofonu.jpg","datePublished":"2023-10-05T15:37:25+00:00","dateModified":"2025-11-19T15:45:11+00:00","description":"Sporta pulkstenis ar integr\u0113tu augstas kvalit\u0101tes videokameru un diktofonu. Viegli lietojams \u2013 aktiviz\u0113 ar vienu piesk\u0101rienu. audio kvalit\u0101te 192 kbps.","breadcrumb":{"@id":"https:\/\/izsekosanasierices.lv\/produkts\/rokas-pulkstenis-ar-augstas-kvalitates-kameru-un-diktofonu\/#breadcrumb"},"inLanguage":"et","potentialAction":[{"@type":"ReadAction","target":["https:\/\/izsekosanasierices.lv\/produkts\/rokas-pulkstenis-ar-augstas-kvalitates-kameru-un-diktofonu\/"]}]},{"@type":"ImageObject","inLanguage":"et","@id":"https:\/\/izsekosanasierices.lv\/produkts\/rokas-pulkstenis-ar-augstas-kvalitates-kameru-un-diktofonu\/#primaryimage","url":"https:\/\/izsekosanasierices.lv\/wp-content\/uploads\/izsekosanasierices-rankinis-laikrodis-su-aukstos-kokybes-kamera-ir-diktofonu.jpg","contentUrl":"https:\/\/izsekosanasierices.lv\/wp-content\/uploads\/izsekosanasierices-rankinis-laikrodis-su-aukstos-kokybes-kamera-ir-diktofonu.jpg","width":1000,"height":1000,"caption":"Rankinis laikrodis su auk\u0161tos kokyb\u0117s kamera ir diktofonu"},{"@type":"BreadcrumbList","@id":"https:\/\/izsekosanasierices.lv\/produkts\/rokas-pulkstenis-ar-augstas-kvalitates-kameru-un-diktofonu\/#breadcrumb","itemListElement":[{"@type":"ListItem","position":1,"name":"S\u0101kums","item":"https:\/\/izsekosanasierices.lv\/"},{"@type":"ListItem","position":2,"name":"Veikals","item":"https:\/\/izsekosanasierices.lv\/veikals\/"},{"@type":"ListItem","position":3,"name":"Rokas pulkstenis ar augstas kvalit\u0101tes kameru un diktofonu"}]},{"@type":"WebSite","@id":"https:\/\/izsekosanasierices.lv\/#website","url":"https:\/\/izsekosanasierices.lv\/","name":"Nr1 Izseko\u0161anas ier\u012bces gps izseko\u0161anas iek\u0101rtas, klaus\u012b\u0161an\u0101s iek\u0101rtas","description":"","potentialAction":[{"@type":"SearchAction","target":{"@type":"EntryPoint","urlTemplate":"https:\/\/izsekosanasierices.lv\/?s={search_term_string}"},"query-input":{"@type":"PropertyValueSpecification","valueRequired":true,"valueName":"search_term_string"}}],"inLanguage":"et"}]}},"_links":{"self":[{"href":"https:\/\/izsekosanasierices.lv\/et\/wp-json\/wp\/v2\/product\/1303","targetHints":{"allow":["GET"]}}],"collection":[{"href":"https:\/\/izsekosanasierices.lv\/et\/wp-json\/wp\/v2\/product"}],"about":[{"href":"https:\/\/izsekosanasierices.lv\/et\/wp-json\/wp\/v2\/types\/product"}],"wp:featuredmedia":[{"embeddable":true,"href":"https:\/\/izsekosanasierices.lv\/et\/wp-json\/wp\/v2\/media\/1819"}],"wp:attachment":[{"href":"https:\/\/izsekosanasierices.lv\/et\/wp-json\/wp\/v2\/media?parent=1303"}],"wp:term":[{"taxonomy":"product_brand","embeddable":true,"href":"https:\/\/izsekosanasierices.lv\/et\/wp-json\/wp\/v2\/product_brand?post=1303"},{"taxonomy":"product_cat","embeddable":true,"href":"https:\/\/izsekosanasierices.lv\/et\/wp-json\/wp\/v2\/product_cat?post=1303"},{"taxonomy":"product_tag","embeddable":true,"href":"https:\/\/izsekosanasierices.lv\/et\/wp-json\/wp\/v2\/product_tag?post=1303"}],"curies":[{"name":"wp","href":"https:\/\/api.w.org\/{rel}","templated":true}]}}