{"id":1305,"date":"2023-10-05T15:37:25","date_gmt":"2023-10-05T15:37:25","guid":{"rendered":"https:\/\/izsekosanasierices.lv\/produktas\/ziebtuvelis-su-slapta-kamera-galima-stebeti-gyvai-per-wifi-vaizda\/"},"modified":"2026-01-20T10:11:01","modified_gmt":"2026-01-20T08:11:01","slug":"skiltavas-ar-slepeno-kameru-kas-pieejama-tiesraidei-izmantojot-wifi","status":"publish","type":"product","link":"https:\/\/izsekosanasierices.lv\/et\/produkts\/tulemasin-koos-salajase-kaameraga-mis-on-saadaval-wifi-voogedastuseks\/","title":{"rendered":"WiFi kaudu otse\u00fclekandeks saadaval oleva salakaameraga tulemasin"},"content":{"rendered":"<h3><strong>Tehnilised parameetrid:<\/strong><\/h3>\n<ul>\n<li>Kaugvideo vaatamine: JAH<\/li>\n<li>Video\u00fclekanne kuni 30 m kaugusel s\u00fc\u00fcteseadmest<\/li>\n<li>Saate sigareti s\u00fc\u00fcdata<\/li>\n<li>Video on salvestatud koos heliga (ilma helita)<\/li>\n<li>Optika: 1\/3 CMOS<\/li>\n<li>Pildi kvaliteet: eelvaade: HD 1920*1080<\/li>\n<li>Vaatamisnurk: 90 kraadi<\/li>\n<li>Kaadrisagedus : 18 FPS<\/li>\n<li>Push-teatised ( Push-teatised )<\/li>\n<li>Kaarditoetus: 4 GB kuni 128 GB (kaart ei kuulu komplekti)<\/li>\n<li>Videovalve: telefoni v\u00f5i arvuti kaudu (otse\u00fclekanne internetis)<\/li>\n<li>Liikumisvideo salvestamine<\/li>\n<li>Liikumistuvastus: JAH, digitaalne<\/li>\n<li>Pakkimisformaat: avi H.264<\/li>\n<li>1h. 180mb rekord<\/li>\n<li>Video formaat: avi<\/li>\n<li>iOS, Android, Windows, Windows 7\/8\/10<\/li>\n<li>Taotlus:saadaval<\/li>\n<li>umbes 45 min sisemise akuga (WIFI videovalve)<\/li>\n<li>Wi-Fi : Jah<\/li>\n<li><strong>Garantii 12 kuud<\/strong><\/li>\n<\/ul>\n<p><span style=\"color: #d0121a;\"><strong>Kas vajate kiiret sama p\u00e4eva kohaletoimetamist? (ja n\u00e4dalavahetustel)- helista +37068411114<\/strong><\/span><\/p>\n<p>Kasutamine: enda kaitseks, laste kaitseks.<\/p>\n<p><strong>S\u00fc\u00fctajasse sisseehitatud Wi-fi funktsiooniga peidetud kaamera<\/strong><\/p>\n<p>Kui tegemist on alaealiste laste salajase j\u00e4\u00e4dvustamisega, siis on sageli valikuks maskeeritud kaamerad, mida on t\u00e4nap\u00e4eval saadaval suures valikus. Sageli on eesm\u00e4rk hoida varjatud kaamera t\u00e4iesti m\u00e4rkamatuna, nii et m\u00f5nele igap\u00e4evasele esemele paigaldatud kaamerad v\u00f5ivad olla heaks lahenduseks t\u00e4iesti m\u00e4rkamatul viisil video j\u00e4\u00e4dvustamiseks. Sigaretis\u00fc\u00fctajasse peidetud wi-fi-v\u00f5imeline salakaamera on kindlasti \u00fcks parimaid valikuid, kui tegemist on salvestamisega: see ei tekita lastes mingit kahtlust, nii et nad saavad siseruumides normaalselt k\u00e4ituda.<\/p>\n<p><strong>Kaugseire<\/strong><\/p>\n<p>Kui j\u00e4tate oma tulemasinat lauale v\u00f5i mujale konkreetses ruumis, v\u00f5ite olla kindel, et keegi ei kahtle midagi. See salajane seade ei erine v\u00e4limuselt teistest tavaliselt kasutatavatest tulemasinatest, nii et saate salaja salvestada kontorit\u00f6\u00f6tajate v\u00f5i teiste inimeste k\u00e4itumist. Salakaameral on Wi-fi funktsioon, mis v\u00f5imaldab teil j\u00e4lgida pilte eemalt, nii et saate igal ajal kontrollida, mis toimub j\u00e4lgitavas keskkonnas, olenemata sellest, kus te viibite.<\/p>\n<p><strong>Funktsionaalne seade<\/strong><\/p>\n<p>Sisseehitatud salakaameraga tulemasinad ei v\u00f5imalda mitte ainult m\u00e4rkamatult videot teha, vaid ka sigaretti s\u00fc\u00fcdata, k\u00fc\u00fcnalt s\u00fc\u00fcdata v\u00f5i teha muid tavalisi tegevusi, milleks v\u00f5ib olla vaja tulemasinat. M\u00f5nikord on teatud seadmete varjatud kaamerad lihtsalt teatud esemete imitatsioonid, kuid sel juhul saab tulemasinat kasutada samaks otstarbeks nagu iga teist seadet.<\/p>\n<p><strong>Ulatuslikud kohandamisv\u00f5imalused<\/strong><\/p>\n<p>On palju olukordi, kus peidetud kaamera v\u00f5ib olla kasulik, nii et selle seadme kasutamine v\u00f5ib osutuda \u00fcsna sageli kasulikuks. N\u00e4iteks aitab kontorisse s\u00fc\u00fctevaatleja j\u00e4tmine v\u00e4lja selgitada, kas kontorit\u00f6\u00f6tajad on ausad, kodus laua v\u00f5i riiulile s\u00fc\u00fctevaatleja j\u00e4tmine aitab v\u00e4lja selgitada, kas teie abikaasa on teile truu jne. Salakaamerad v\u00f5ivad olla kasulikud ka laste turvalisuse tagamisel: saate teada, mida lapsed teevad, kui nad \u00fcksi koju j\u00e4etakse, saate teada, kas lapsehoidja v\u00f5i majahoidja teeb \u00f5igesti jne. Valvekaameral on palju kasutusv\u00f5imalusi, seega s\u00f5ltub see teie vajadustest.<\/p>\n<p><strong>Kvaliteetne pilt<\/strong><\/p>\n<p>Kuigi peidetud kaamerad on tavaliselt v\u00e4ga v\u00e4ikesed, ei t\u00e4henda see, et nad ei suudaks pakkuda piisavat pildikvaliteeti. Kui otsustate valida selle kergemini maskeeritud varjatud kaamera, v\u00f5ite olla kindel, et pildikvaliteet on t\u00f5esti k\u00f5rge, nii et tehtud pildid on selged ja arusaadavad. Varjatud videosalvestus h\u00f5lbustab m\u00f5nikord teabe kogumist kohtuasjades, seega ei ole \u00fcllatav, et k\u00f5rge videokvaliteet on tavaliselt \u00fcks olulisemaid kriteeriume.<\/p>\n<p><strong>Aku ooteaeg<\/strong><\/p>\n<p>Varjatud kaamerate aku kestab tavaliselt kuni 45 minutit, mis on tavaliselt piisavalt pikk, et saada vajalikku teavet. Salvestatud videod saab seej\u00e4rel vaadata ja valida arvutisse. Seda salakaamerat, mis on kamuflokeeritud tulemasinasse, kasutatakse koos micro SD-kaardiga: \u00fche tunni videosalvestuse jaoks kulub umbes 180 MB m\u00e4lu (seadet saab kasutada kuni 128 GB suuruste kaartidega).<\/p>\n<p>Kui soovite hajutada kahtlusi ja saada vajalikku teavet, v\u00f5ib tulemasinaks maskeeritud salakaamera kindlasti vastata teie ootustele. Seda seadet saab kasutada ka tavalise tulemasinana, seega hoidke seda alati kaasas ja kasutage seda salakaamerana kahtluste hajutamiseks v\u00f5i vihjete kogumiseks.<\/p>","protected":false},"excerpt":{"rendered":"<p>Kergema, salakaamera ja WiFI-ga saate vaadata otse\u00fclekannet kuni 30 meetri kauguselt. Kui see on \u00fchendatud WI-Fi ruuteriga, on vahemaa piiramatu. Tasuta saatmine<\/p>","protected":false},"featured_media":1828,"template":"","meta":[],"product_brand":[],"product_cat":[330,321,331],"product_tag":[332,325,23,333,334,328,29],"class_list":{"0":"post-1305","1":"product","2":"type-product","3":"status-publish","4":"has-post-thumbnail","6":"product_cat-masketas-kameras","7":"product_cat-sleptas-kameras","8":"product_cat-wi-fi-slepenas-kameras","9":"product_tag-izsekosanas-iekartas","10":"product_tag-izsekosanas-kamera","11":"product_tag-kamera","12":"product_tag-kameras-pulkstenis","13":"product_tag-masketa-kamera","14":"product_tag-slepena-kamera","15":"product_tag-wi-fi-kamera","17":"first","18":"instock","19":"sale","20":"taxable","21":"shipping-taxable","22":"purchasable","23":"product-type-simple"},"yoast_head":"<!-- This site is optimized with the Yoast SEO plugin v27.3 - https:\/\/yoast.com\/product\/yoast-seo-wordpress\/ -->\n<title>\u0160\u0137iltavas ar slepeno kameru tie\u0161raidei WiFI videonov\u0113ro\u0161anai<\/title>\n<meta name=\"description\" content=\"Viegl\u0101ks ar slepeno kameru un WiFI varat skat\u012bties video tie\u0161raidi no att\u0101luma l\u012bdz pat 30 m Ja tas ir savienots ar WIFi mar\u0161rut\u0113t\u0101ju, att\u0101lums ir neierobe\u017eots Bezmaksas pieg\u0101de\" \/>\n<meta name=\"robots\" content=\"index, follow, max-snippet:-1, max-image-preview:large, max-video-preview:-1\" \/>\n<link rel=\"canonical\" href=\"https:\/\/izsekosanasierices.lv\/et\/produkts\/tulemasin-koos-salajase-kaameraga-mis-on-saadaval-wifi-voogedastuseks\/\" \/>\n<meta property=\"og:locale\" content=\"et_EE\" \/>\n<meta property=\"og:type\" content=\"article\" \/>\n<meta property=\"og:title\" content=\"\u0160\u0137iltavas ar slepeno kameru tie\u0161raidei WiFI videonov\u0113ro\u0161anai\" \/>\n<meta property=\"og:description\" content=\"Viegl\u0101ks, ar slepeno kameru un WiFI, varat skat\u012bties video tie\u0161raidi no att\u0101luma l\u012bdz pat 30 metriem. Ja tas ir savienots ar WI-Fi mar\u0161rut\u0113t\u0101ju, att\u0101lums ir neierobe\u017eots. Bezmaksas pieg\u0101de\" \/>\n<meta property=\"og:url\" content=\"https:\/\/izsekosanasierices.lv\/et\/produkts\/tulemasin-koos-salajase-kaameraga-mis-on-saadaval-wifi-voogedastuseks\/\" \/>\n<meta property=\"og:site_name\" content=\"Nr1 Izseko\u0161anas ier\u012bces gps izseko\u0161anas iek\u0101rtas, klaus\u012b\u0161an\u0101s iek\u0101rtas\" \/>\n<meta property=\"article:modified_time\" content=\"2026-01-20T08:11:01+00:00\" \/>\n<meta property=\"og:image\" content=\"https:\/\/rvnski.dev\/sekimoiranga\/wp-content\/uploads\/izsekosanasierices.webp\" \/>\n<meta name=\"twitter:card\" content=\"summary_large_image\" \/>\n<meta name=\"twitter:title\" content=\"\u0160\u0137iltavas ar slepeno kameru tie\u0161raidei WiFI videonov\u0113ro\u0161anai\" \/>\n<meta name=\"twitter:description\" content=\"Viegl\u0101ks, ar slepeno kameru un WiFI, varat skat\u012bties video tie\u0161raidi no att\u0101luma l\u012bdz pat 30 metriem. Ja tas ir savienots ar WI-Fi mar\u0161rut\u0113t\u0101ju, att\u0101lums ir neierobe\u017eots. Bezmaksas pieg\u0101de\" \/>\n<meta name=\"twitter:label1\" content=\"Est. reading time\" \/>\n\t<meta name=\"twitter:data1\" content=\"4 minutit\" \/>\n<script type=\"application\/ld+json\" class=\"yoast-schema-graph\">{\"@context\":\"https:\\\/\\\/schema.org\",\"@graph\":[{\"@type\":\"WebPage\",\"@id\":\"https:\\\/\\\/izsekosanasierices.lv\\\/produkts\\\/skiltavas-ar-slepeno-kameru-kas-pieejama-tiesraidei-izmantojot-wifi\\\/\",\"url\":\"https:\\\/\\\/izsekosanasierices.lv\\\/produkts\\\/skiltavas-ar-slepeno-kameru-kas-pieejama-tiesraidei-izmantojot-wifi\\\/\",\"name\":\"\u0160\u0137iltavas ar slepeno kameru tie\u0161raidei WiFI videonov\u0113ro\u0161anai\",\"isPartOf\":{\"@id\":\"https:\\\/\\\/izsekosanasierices.lv\\\/#website\"},\"primaryImageOfPage\":{\"@id\":\"https:\\\/\\\/izsekosanasierices.lv\\\/produkts\\\/skiltavas-ar-slepeno-kameru-kas-pieejama-tiesraidei-izmantojot-wifi\\\/#primaryimage\"},\"image\":{\"@id\":\"https:\\\/\\\/izsekosanasierices.lv\\\/produkts\\\/skiltavas-ar-slepeno-kameru-kas-pieejama-tiesraidei-izmantojot-wifi\\\/#primaryimage\"},\"thumbnailUrl\":\"https:\\\/\\\/izsekosanasierices.lv\\\/wp-content\\\/uploads\\\/izsekosanasierices-ziebtuvelis-su-slapta-kamera-galima-stebeti-gyvai-per-wifi-vaizda.jpg\",\"datePublished\":\"2023-10-05T15:37:25+00:00\",\"dateModified\":\"2026-01-20T08:11:01+00:00\",\"description\":\"Viegl\u0101ks ar slepeno kameru un WiFI varat skat\u012bties video tie\u0161raidi no att\u0101luma l\u012bdz pat 30 m Ja tas ir savienots ar WIFi mar\u0161rut\u0113t\u0101ju, att\u0101lums ir neierobe\u017eots Bezmaksas pieg\u0101de\",\"breadcrumb\":{\"@id\":\"https:\\\/\\\/izsekosanasierices.lv\\\/produkts\\\/skiltavas-ar-slepeno-kameru-kas-pieejama-tiesraidei-izmantojot-wifi\\\/#breadcrumb\"},\"inLanguage\":\"et\",\"potentialAction\":[{\"@type\":\"ReadAction\",\"target\":[\"https:\\\/\\\/izsekosanasierices.lv\\\/produkts\\\/skiltavas-ar-slepeno-kameru-kas-pieejama-tiesraidei-izmantojot-wifi\\\/\"]}]},{\"@type\":\"ImageObject\",\"inLanguage\":\"et\",\"@id\":\"https:\\\/\\\/izsekosanasierices.lv\\\/produkts\\\/skiltavas-ar-slepeno-kameru-kas-pieejama-tiesraidei-izmantojot-wifi\\\/#primaryimage\",\"url\":\"https:\\\/\\\/izsekosanasierices.lv\\\/wp-content\\\/uploads\\\/izsekosanasierices-ziebtuvelis-su-slapta-kamera-galima-stebeti-gyvai-per-wifi-vaizda.jpg\",\"contentUrl\":\"https:\\\/\\\/izsekosanasierices.lv\\\/wp-content\\\/uploads\\\/izsekosanasierices-ziebtuvelis-su-slapta-kamera-galima-stebeti-gyvai-per-wifi-vaizda.jpg\",\"width\":458,\"height\":458,\"caption\":\"\u017diebtuv\u0117lis su slapta kamera galima steb\u0117ti gyvai per WiFI vaizd\u0105\"},{\"@type\":\"BreadcrumbList\",\"@id\":\"https:\\\/\\\/izsekosanasierices.lv\\\/produkts\\\/skiltavas-ar-slepeno-kameru-kas-pieejama-tiesraidei-izmantojot-wifi\\\/#breadcrumb\",\"itemListElement\":[{\"@type\":\"ListItem\",\"position\":1,\"name\":\"S\u0101kums\",\"item\":\"https:\\\/\\\/izsekosanasierices.lv\\\/\"},{\"@type\":\"ListItem\",\"position\":2,\"name\":\"Veikals\",\"item\":\"https:\\\/\\\/izsekosanasierices.lv\\\/veikals\\\/\"},{\"@type\":\"ListItem\",\"position\":3,\"name\":\"\u0160\u0137iltavas ar slepeno kameru, kas pieejama tie\u0161raidei, izmantojot WiFi\"}]},{\"@type\":\"WebSite\",\"@id\":\"https:\\\/\\\/izsekosanasierices.lv\\\/#website\",\"url\":\"https:\\\/\\\/izsekosanasierices.lv\\\/\",\"name\":\"Nr1 Izseko\u0161anas ier\u012bces gps izseko\u0161anas iek\u0101rtas, klaus\u012b\u0161an\u0101s iek\u0101rtas\",\"description\":\"\",\"potentialAction\":[{\"@type\":\"SearchAction\",\"target\":{\"@type\":\"EntryPoint\",\"urlTemplate\":\"https:\\\/\\\/izsekosanasierices.lv\\\/?s={search_term_string}\"},\"query-input\":{\"@type\":\"PropertyValueSpecification\",\"valueRequired\":true,\"valueName\":\"search_term_string\"}}],\"inLanguage\":\"et\"}]}<\/script>\n<!-- \/ Yoast SEO plugin. -->","yoast_head_json":{"title":"\u0160\u0137iltavas ar slepeno kameru tie\u0161raidei WiFI videonov\u0113ro\u0161anai","description":"Viegl\u0101ks ar slepeno kameru un WiFI varat skat\u012bties video tie\u0161raidi no att\u0101luma l\u012bdz pat 30 m Ja tas ir savienots ar WIFi mar\u0161rut\u0113t\u0101ju, att\u0101lums ir neierobe\u017eots Bezmaksas pieg\u0101de","robots":{"index":"index","follow":"follow","max-snippet":"max-snippet:-1","max-image-preview":"max-image-preview:large","max-video-preview":"max-video-preview:-1"},"canonical":"https:\/\/izsekosanasierices.lv\/et\/produkts\/tulemasin-koos-salajase-kaameraga-mis-on-saadaval-wifi-voogedastuseks\/","og_locale":"et_EE","og_type":"article","og_title":"\u0160\u0137iltavas ar slepeno kameru tie\u0161raidei WiFI videonov\u0113ro\u0161anai","og_description":"Viegl\u0101ks, ar slepeno kameru un WiFI, varat skat\u012bties video tie\u0161raidi no att\u0101luma l\u012bdz pat 30 metriem. Ja tas ir savienots ar WI-Fi mar\u0161rut\u0113t\u0101ju, att\u0101lums ir neierobe\u017eots. Bezmaksas pieg\u0101de","og_url":"https:\/\/izsekosanasierices.lv\/et\/produkts\/tulemasin-koos-salajase-kaameraga-mis-on-saadaval-wifi-voogedastuseks\/","og_site_name":"Nr1 Izseko\u0161anas ier\u012bces gps izseko\u0161anas iek\u0101rtas, klaus\u012b\u0161an\u0101s iek\u0101rtas","article_modified_time":"2026-01-20T08:11:01+00:00","og_image":[{"url":"https:\/\/rvnski.dev\/sekimoiranga\/wp-content\/uploads\/izsekosanasierices.webp","type":"","width":"","height":""}],"twitter_card":"summary_large_image","twitter_title":"\u0160\u0137iltavas ar slepeno kameru tie\u0161raidei WiFI videonov\u0113ro\u0161anai","twitter_description":"Viegl\u0101ks, ar slepeno kameru un WiFI, varat skat\u012bties video tie\u0161raidi no att\u0101luma l\u012bdz pat 30 metriem. Ja tas ir savienots ar WI-Fi mar\u0161rut\u0113t\u0101ju, att\u0101lums ir neierobe\u017eots. Bezmaksas pieg\u0101de","twitter_misc":{"Est. reading time":"4 minutit"},"schema":{"@context":"https:\/\/schema.org","@graph":[{"@type":"WebPage","@id":"https:\/\/izsekosanasierices.lv\/produkts\/skiltavas-ar-slepeno-kameru-kas-pieejama-tiesraidei-izmantojot-wifi\/","url":"https:\/\/izsekosanasierices.lv\/produkts\/skiltavas-ar-slepeno-kameru-kas-pieejama-tiesraidei-izmantojot-wifi\/","name":"\u0160\u0137iltavas ar slepeno kameru tie\u0161raidei WiFI videonov\u0113ro\u0161anai","isPartOf":{"@id":"https:\/\/izsekosanasierices.lv\/#website"},"primaryImageOfPage":{"@id":"https:\/\/izsekosanasierices.lv\/produkts\/skiltavas-ar-slepeno-kameru-kas-pieejama-tiesraidei-izmantojot-wifi\/#primaryimage"},"image":{"@id":"https:\/\/izsekosanasierices.lv\/produkts\/skiltavas-ar-slepeno-kameru-kas-pieejama-tiesraidei-izmantojot-wifi\/#primaryimage"},"thumbnailUrl":"https:\/\/izsekosanasierices.lv\/wp-content\/uploads\/izsekosanasierices-ziebtuvelis-su-slapta-kamera-galima-stebeti-gyvai-per-wifi-vaizda.jpg","datePublished":"2023-10-05T15:37:25+00:00","dateModified":"2026-01-20T08:11:01+00:00","description":"Viegl\u0101ks ar slepeno kameru un WiFI varat skat\u012bties video tie\u0161raidi no att\u0101luma l\u012bdz pat 30 m Ja tas ir savienots ar WIFi mar\u0161rut\u0113t\u0101ju, att\u0101lums ir neierobe\u017eots Bezmaksas pieg\u0101de","breadcrumb":{"@id":"https:\/\/izsekosanasierices.lv\/produkts\/skiltavas-ar-slepeno-kameru-kas-pieejama-tiesraidei-izmantojot-wifi\/#breadcrumb"},"inLanguage":"et","potentialAction":[{"@type":"ReadAction","target":["https:\/\/izsekosanasierices.lv\/produkts\/skiltavas-ar-slepeno-kameru-kas-pieejama-tiesraidei-izmantojot-wifi\/"]}]},{"@type":"ImageObject","inLanguage":"et","@id":"https:\/\/izsekosanasierices.lv\/produkts\/skiltavas-ar-slepeno-kameru-kas-pieejama-tiesraidei-izmantojot-wifi\/#primaryimage","url":"https:\/\/izsekosanasierices.lv\/wp-content\/uploads\/izsekosanasierices-ziebtuvelis-su-slapta-kamera-galima-stebeti-gyvai-per-wifi-vaizda.jpg","contentUrl":"https:\/\/izsekosanasierices.lv\/wp-content\/uploads\/izsekosanasierices-ziebtuvelis-su-slapta-kamera-galima-stebeti-gyvai-per-wifi-vaizda.jpg","width":458,"height":458,"caption":"\u017diebtuv\u0117lis su slapta kamera galima steb\u0117ti gyvai per WiFI vaizd\u0105"},{"@type":"BreadcrumbList","@id":"https:\/\/izsekosanasierices.lv\/produkts\/skiltavas-ar-slepeno-kameru-kas-pieejama-tiesraidei-izmantojot-wifi\/#breadcrumb","itemListElement":[{"@type":"ListItem","position":1,"name":"S\u0101kums","item":"https:\/\/izsekosanasierices.lv\/"},{"@type":"ListItem","position":2,"name":"Veikals","item":"https:\/\/izsekosanasierices.lv\/veikals\/"},{"@type":"ListItem","position":3,"name":"\u0160\u0137iltavas ar slepeno kameru, kas pieejama tie\u0161raidei, izmantojot WiFi"}]},{"@type":"WebSite","@id":"https:\/\/izsekosanasierices.lv\/#website","url":"https:\/\/izsekosanasierices.lv\/","name":"Nr1 Izseko\u0161anas ier\u012bces gps izseko\u0161anas iek\u0101rtas, klaus\u012b\u0161an\u0101s iek\u0101rtas","description":"","potentialAction":[{"@type":"SearchAction","target":{"@type":"EntryPoint","urlTemplate":"https:\/\/izsekosanasierices.lv\/?s={search_term_string}"},"query-input":{"@type":"PropertyValueSpecification","valueRequired":true,"valueName":"search_term_string"}}],"inLanguage":"et"}]}},"_links":{"self":[{"href":"https:\/\/izsekosanasierices.lv\/et\/wp-json\/wp\/v2\/product\/1305","targetHints":{"allow":["GET"]}}],"collection":[{"href":"https:\/\/izsekosanasierices.lv\/et\/wp-json\/wp\/v2\/product"}],"about":[{"href":"https:\/\/izsekosanasierices.lv\/et\/wp-json\/wp\/v2\/types\/product"}],"wp:featuredmedia":[{"embeddable":true,"href":"https:\/\/izsekosanasierices.lv\/et\/wp-json\/wp\/v2\/media\/1828"}],"wp:attachment":[{"href":"https:\/\/izsekosanasierices.lv\/et\/wp-json\/wp\/v2\/media?parent=1305"}],"wp:term":[{"taxonomy":"product_brand","embeddable":true,"href":"https:\/\/izsekosanasierices.lv\/et\/wp-json\/wp\/v2\/product_brand?post=1305"},{"taxonomy":"product_cat","embeddable":true,"href":"https:\/\/izsekosanasierices.lv\/et\/wp-json\/wp\/v2\/product_cat?post=1305"},{"taxonomy":"product_tag","embeddable":true,"href":"https:\/\/izsekosanasierices.lv\/et\/wp-json\/wp\/v2\/product_tag?post=1305"}],"curies":[{"name":"wp","href":"https:\/\/api.w.org\/{rel}","templated":true}]}}