{"id":1306,"date":"2023-10-05T15:37:25","date_gmt":"2023-10-05T15:37:25","guid":{"rendered":"https:\/\/izsekosanasierices.lv\/produktas\/mobilaus-telefono-pakrovejas-ikroviklis-su-slapta-pasiklausymo-iranga\/"},"modified":"2026-04-23T08:21:57","modified_gmt":"2026-04-23T05:21:57","slug":"mobilo-talrunu-ladetajs-ar-iebuvetu-noklausisanas-iekartu","status":"publish","type":"product","link":"https:\/\/izsekosanasierices.lv\/et\/produkts\/sisseehitatud-pealtkuulamisseadmega-mobiiltelefoni-tuuner\/","title":{"rendered":"Sisseehitatud pealtkuulamisseadmega mobiiltelefoni laadija"},"content":{"rendered":"<h3><strong>Tehnilised parameetrid:<\/strong><\/h3>\n<ul>\n<li>Sagedused: neli, saadaval kogu maailmas (850 MHz \/ 900M Hz \/ 1800 MHz \/ 1900 MHz)<\/li>\n<li>Sobib laadimiseks: telefonid, tahvelarvutid, kaamerad ja muud seadmed<\/li>\n<li>Heliedastus: GSM-i kaudu<\/li>\n<li>Mikrofon: k\u00f5rge kvaliteet; selge heli<\/li>\n<li>Aku: sisemine (liitium-ioon). T\u00f6\u00f6tab, kui seade on vooluv\u00f5rgust lahti \u00fchendatud.<\/li>\n<li>Saate kuulata otse\u00fclekandeid<\/li>\n<li>Saate teateid, kui laadija on sisse- v\u00f5i v\u00e4ljal\u00fclitatud.<\/li>\n<li>Visuaalselt eristamatu tavalisest laadijast<\/li>\n<li>Ei mingeid helisid ega tuled<\/li>\n<li><strong>Garantii 12 kuud<\/strong><\/li>\n<\/ul>\n<p><span style=\"color: #ff0000;\"><strong>Vajad kiiret sama p\u00e4eva (ja n\u00e4dalavahetuse) kohaletoimetamist? Helistage +371-20484176<\/strong><\/span><\/p>\n<p>Kasutamine: enda kaitseks, laste kaitseks.<\/p>\n<p><strong>Sisaldab:<\/strong><\/p>\n<ul>\n<li>laadija;<\/li>\n<li>juhised<\/li>\n<\/ul>\n<p>USB-laadija mobiiltelefoni v\u00f5i muude seadmete jaoks. Ideaalne alaealiste laste kauglugemiseks. T\u00e4nap\u00e4eval laetakse 90 % k\u00f5igist mobiiltelefonidest iga p\u00e4ev ja inimesed ei \u00fchenda laadimisseadmeid vooluv\u00f5rgust lahti. Saate kuulata, mida teie \u00fcmber r\u00e4\u00e4gitakse.<\/p>\n<p>Seadet on lihtne kasutada, lihtsalt sisestage SIM-kaart ja saate helistada ning kuulata vestlusi.<\/p>\n<p>Seade t\u00f6\u00f6tab kogu maailmas, nii et saate kuulata ka v\u00e4lismaalt - kauguse piiranguid ei ole.<\/p>\n<p>Kuulake, mida teie lapsed r\u00e4\u00e4givad kodus, kui te olete t\u00f6\u00f6l. Lapsehoidjad kohtlevad sageli v\u00e4ikeseid lapsi halvasti, sest nad ei oska veel r\u00e4\u00e4kida ja ei oska seda vanematele \u00f6elda. V\u00f5ib-olla kahtlustate oma abikaasa k\u00e4itumist? See kuulamisvahend on suurep\u00e4rane v\u00f5imalus t\u00f5e v\u00e4ljaselgitamiseks.<\/p>\n<p>See laadija sobib k\u00f5ikidele seadmetele.<\/p>","protected":false},"excerpt":{"rendered":"<p>Kvaliteetne kuulamise seade - mobiiltelefoni laadija (sobib k\u00f5ikidele seadmetele). V\u00f5imalus kuulata vestlusi eemalt. Tasuta saatmine.<\/p>","protected":false},"featured_media":1834,"template":"","meta":[],"product_brand":[],"product_cat":[336,335,337],"product_tag":[62,424,425,338,339,340,341],"class_list":{"0":"post-1306","1":"product","2":"type-product","3":"status-publish","4":"has-post-thumbnail","6":"product_cat-gsm-noklausisanas-iekartas-blakes","7":"product_cat-noklausisanas-ierices","8":"product_cat-profesionals-noklausisanas-aprikojums","9":"product_tag-gsm-blake","10":"product_tag-ladetajs-slepeni-novers-uzmanibu","11":"product_tag-mni-noklausisanas-blusa","12":"product_tag-noklausisanas-iekartas","13":"product_tag-noklausisanas-kluda","14":"product_tag-profesionalas-noklausisanas-iekartas","15":"product_tag-sarunu-noklausisanas","17":"first","18":"instock","19":"taxable","20":"shipping-taxable","21":"purchasable","22":"product-type-simple"},"yoast_head":"<!-- This site is optimized with the Yoast SEO plugin v27.5 - https:\/\/yoast.com\/product\/yoast-seo-wordpress\/ -->\n<title>Mobilo t\u0101lru\u0146u l\u0101d\u0113t\u0101js ar ieb\u016bv\u0113tu noklaus\u012b\u0161an\u0101s iek\u0101rtu<\/title>\n<meta name=\"description\" content=\"Augstas kvalit\u0101tes noklaus\u012b\u0161an\u0101s iek\u0101rta \u2013 mobilo t\u0101lru\u0146u l\u0101d\u0113t\u0101js (piem\u0113rots vis\u0101m ier\u012bc\u0113m). Iesp\u0113ja noklaus\u012bties sarunas att\u0101lin\u0101ti. Bezmaksas pieg\u0101de.\" \/>\n<meta name=\"robots\" content=\"index, follow, max-snippet:-1, max-image-preview:large, max-video-preview:-1\" \/>\n<link rel=\"canonical\" href=\"https:\/\/izsekosanasierices.lv\/et\/produkts\/sisseehitatud-pealtkuulamisseadmega-mobiiltelefoni-tuuner\/\" \/>\n<meta property=\"og:locale\" content=\"et_EE\" \/>\n<meta property=\"og:type\" content=\"article\" \/>\n<meta property=\"og:title\" content=\"USB l\u0101d\u0113t\u0101js ar ieb\u016bv\u0113tu noklaus\u012b\u0161an\u0101s iek\u0101rtu (GSM bug)\" \/>\n<meta property=\"og:description\" content=\"Augstas kvalit\u0101tes noklaus\u012b\u0161an\u0101s iek\u0101rta - mobilo t\u0101lru\u0146u l\u0101d\u0113t\u0101js (piem\u0113rots vis\u0101m ier\u012bc\u0113m) Iesp\u0113ja noklaus\u012bties sarunas att\u0101lin\u0101ti Bezmaksas pieg\u0101de\" \/>\n<meta property=\"og:url\" content=\"https:\/\/izsekosanasierices.lv\/et\/produkts\/sisseehitatud-pealtkuulamisseadmega-mobiiltelefoni-tuuner\/\" \/>\n<meta property=\"og:site_name\" content=\"Nr1 Izseko\u0161anas ier\u012bces gps izseko\u0161anas iek\u0101rtas, klaus\u012b\u0161an\u0101s iek\u0101rtas\" \/>\n<meta property=\"article:modified_time\" content=\"2026-04-23T05:21:57+00:00\" \/>\n<meta property=\"og:image\" content=\"https:\/\/rvnski.dev\/sekimoiranga\/wp-content\/uploads\/izsekosanasierices.webp\" \/>\n<meta name=\"twitter:card\" content=\"summary_large_image\" \/>\n<meta name=\"twitter:title\" content=\"USB l\u0101d\u0113t\u0101js ar ieb\u016bv\u0113tu noklaus\u012b\u0161an\u0101s iek\u0101rtu (GSM bug)\" \/>\n<meta name=\"twitter:description\" content=\"Augstas kvalit\u0101tes noklaus\u012b\u0161an\u0101s iek\u0101rta - mobilo t\u0101lru\u0146u l\u0101d\u0113t\u0101js (piem\u0113rots vis\u0101m ier\u012bc\u0113m) Iesp\u0113ja noklaus\u012bties sarunas att\u0101lin\u0101ti Bezmaksas pieg\u0101de\" \/>\n<meta name=\"twitter:label1\" content=\"Est. reading time\" \/>\n\t<meta name=\"twitter:data1\" content=\"2 minutit\" \/>\n<script type=\"application\/ld+json\" class=\"yoast-schema-graph\">{\"@context\":\"https:\\\/\\\/schema.org\",\"@graph\":[{\"@type\":\"WebPage\",\"@id\":\"https:\\\/\\\/izsekosanasierices.lv\\\/produkts\\\/mobilo-talrunu-ladetajs-ar-iebuvetu-noklausisanas-iekartu\\\/\",\"url\":\"https:\\\/\\\/izsekosanasierices.lv\\\/produkts\\\/mobilo-talrunu-ladetajs-ar-iebuvetu-noklausisanas-iekartu\\\/\",\"name\":\"Mobilo t\u0101lru\u0146u l\u0101d\u0113t\u0101js ar ieb\u016bv\u0113tu noklaus\u012b\u0161an\u0101s iek\u0101rtu\",\"isPartOf\":{\"@id\":\"https:\\\/\\\/izsekosanasierices.lv\\\/#website\"},\"primaryImageOfPage\":{\"@id\":\"https:\\\/\\\/izsekosanasierices.lv\\\/produkts\\\/mobilo-talrunu-ladetajs-ar-iebuvetu-noklausisanas-iekartu\\\/#primaryimage\"},\"image\":{\"@id\":\"https:\\\/\\\/izsekosanasierices.lv\\\/produkts\\\/mobilo-talrunu-ladetajs-ar-iebuvetu-noklausisanas-iekartu\\\/#primaryimage\"},\"thumbnailUrl\":\"https:\\\/\\\/izsekosanasierices.lv\\\/wp-content\\\/uploads\\\/izsekosanasierices-mobilaus-telefono-pakrovejas-su-slapta-pasiklausymo-iranga.jpg\",\"datePublished\":\"2023-10-05T15:37:25+00:00\",\"dateModified\":\"2026-04-23T05:21:57+00:00\",\"description\":\"Augstas kvalit\u0101tes noklaus\u012b\u0161an\u0101s iek\u0101rta \u2013 mobilo t\u0101lru\u0146u l\u0101d\u0113t\u0101js (piem\u0113rots vis\u0101m ier\u012bc\u0113m). Iesp\u0113ja noklaus\u012bties sarunas att\u0101lin\u0101ti. Bezmaksas pieg\u0101de.\",\"breadcrumb\":{\"@id\":\"https:\\\/\\\/izsekosanasierices.lv\\\/produkts\\\/mobilo-talrunu-ladetajs-ar-iebuvetu-noklausisanas-iekartu\\\/#breadcrumb\"},\"inLanguage\":\"et\",\"potentialAction\":[{\"@type\":\"ReadAction\",\"target\":[\"https:\\\/\\\/izsekosanasierices.lv\\\/produkts\\\/mobilo-talrunu-ladetajs-ar-iebuvetu-noklausisanas-iekartu\\\/\"]}]},{\"@type\":\"ImageObject\",\"inLanguage\":\"et\",\"@id\":\"https:\\\/\\\/izsekosanasierices.lv\\\/produkts\\\/mobilo-talrunu-ladetajs-ar-iebuvetu-noklausisanas-iekartu\\\/#primaryimage\",\"url\":\"https:\\\/\\\/izsekosanasierices.lv\\\/wp-content\\\/uploads\\\/izsekosanasierices-mobilaus-telefono-pakrovejas-su-slapta-pasiklausymo-iranga.jpg\",\"contentUrl\":\"https:\\\/\\\/izsekosanasierices.lv\\\/wp-content\\\/uploads\\\/izsekosanasierices-mobilaus-telefono-pakrovejas-su-slapta-pasiklausymo-iranga.jpg\",\"width\":1000,\"height\":1000,\"caption\":\"Mobilaus telefono pakrov\u0117jas su slapta pasiklausymo \u012franga\"},{\"@type\":\"BreadcrumbList\",\"@id\":\"https:\\\/\\\/izsekosanasierices.lv\\\/produkts\\\/mobilo-talrunu-ladetajs-ar-iebuvetu-noklausisanas-iekartu\\\/#breadcrumb\",\"itemListElement\":[{\"@type\":\"ListItem\",\"position\":1,\"name\":\"S\u0101kums\",\"item\":\"https:\\\/\\\/izsekosanasierices.lv\\\/\"},{\"@type\":\"ListItem\",\"position\":2,\"name\":\"Veikals\",\"item\":\"https:\\\/\\\/izsekosanasierices.lv\\\/veikals\\\/\"},{\"@type\":\"ListItem\",\"position\":3,\"name\":\"Mobilo t\u0101lru\u0146u l\u0101d\u0113t\u0101js ar ieb\u016bv\u0113tu noklaus\u012b\u0161an\u0101s iek\u0101rtu\"}]},{\"@type\":\"WebSite\",\"@id\":\"https:\\\/\\\/izsekosanasierices.lv\\\/#website\",\"url\":\"https:\\\/\\\/izsekosanasierices.lv\\\/\",\"name\":\"Nr1 Izseko\u0161anas ier\u012bces gps izseko\u0161anas iek\u0101rtas, klaus\u012b\u0161an\u0101s iek\u0101rtas\",\"description\":\"\",\"potentialAction\":[{\"@type\":\"SearchAction\",\"target\":{\"@type\":\"EntryPoint\",\"urlTemplate\":\"https:\\\/\\\/izsekosanasierices.lv\\\/?s={search_term_string}\"},\"query-input\":{\"@type\":\"PropertyValueSpecification\",\"valueRequired\":true,\"valueName\":\"search_term_string\"}}],\"inLanguage\":\"et\"}]}<\/script>\n<!-- \/ Yoast SEO plugin. -->","yoast_head_json":{"title":"Mobilo t\u0101lru\u0146u l\u0101d\u0113t\u0101js ar ieb\u016bv\u0113tu noklaus\u012b\u0161an\u0101s iek\u0101rtu","description":"Augstas kvalit\u0101tes noklaus\u012b\u0161an\u0101s iek\u0101rta \u2013 mobilo t\u0101lru\u0146u l\u0101d\u0113t\u0101js (piem\u0113rots vis\u0101m ier\u012bc\u0113m). Iesp\u0113ja noklaus\u012bties sarunas att\u0101lin\u0101ti. Bezmaksas pieg\u0101de.","robots":{"index":"index","follow":"follow","max-snippet":"max-snippet:-1","max-image-preview":"max-image-preview:large","max-video-preview":"max-video-preview:-1"},"canonical":"https:\/\/izsekosanasierices.lv\/et\/produkts\/sisseehitatud-pealtkuulamisseadmega-mobiiltelefoni-tuuner\/","og_locale":"et_EE","og_type":"article","og_title":"USB l\u0101d\u0113t\u0101js ar ieb\u016bv\u0113tu noklaus\u012b\u0161an\u0101s iek\u0101rtu (GSM bug)","og_description":"Augstas kvalit\u0101tes noklaus\u012b\u0161an\u0101s iek\u0101rta - mobilo t\u0101lru\u0146u l\u0101d\u0113t\u0101js (piem\u0113rots vis\u0101m ier\u012bc\u0113m) Iesp\u0113ja noklaus\u012bties sarunas att\u0101lin\u0101ti Bezmaksas pieg\u0101de","og_url":"https:\/\/izsekosanasierices.lv\/et\/produkts\/sisseehitatud-pealtkuulamisseadmega-mobiiltelefoni-tuuner\/","og_site_name":"Nr1 Izseko\u0161anas ier\u012bces gps izseko\u0161anas iek\u0101rtas, klaus\u012b\u0161an\u0101s iek\u0101rtas","article_modified_time":"2026-04-23T05:21:57+00:00","og_image":[{"url":"https:\/\/rvnski.dev\/sekimoiranga\/wp-content\/uploads\/izsekosanasierices.webp","type":"","width":"","height":""}],"twitter_card":"summary_large_image","twitter_title":"USB l\u0101d\u0113t\u0101js ar ieb\u016bv\u0113tu noklaus\u012b\u0161an\u0101s iek\u0101rtu (GSM bug)","twitter_description":"Augstas kvalit\u0101tes noklaus\u012b\u0161an\u0101s iek\u0101rta - mobilo t\u0101lru\u0146u l\u0101d\u0113t\u0101js (piem\u0113rots vis\u0101m ier\u012bc\u0113m) Iesp\u0113ja noklaus\u012bties sarunas att\u0101lin\u0101ti Bezmaksas pieg\u0101de","twitter_misc":{"Est. reading time":"2 minutit"},"schema":{"@context":"https:\/\/schema.org","@graph":[{"@type":"WebPage","@id":"https:\/\/izsekosanasierices.lv\/produkts\/mobilo-talrunu-ladetajs-ar-iebuvetu-noklausisanas-iekartu\/","url":"https:\/\/izsekosanasierices.lv\/produkts\/mobilo-talrunu-ladetajs-ar-iebuvetu-noklausisanas-iekartu\/","name":"Mobilo t\u0101lru\u0146u l\u0101d\u0113t\u0101js ar ieb\u016bv\u0113tu noklaus\u012b\u0161an\u0101s iek\u0101rtu","isPartOf":{"@id":"https:\/\/izsekosanasierices.lv\/#website"},"primaryImageOfPage":{"@id":"https:\/\/izsekosanasierices.lv\/produkts\/mobilo-talrunu-ladetajs-ar-iebuvetu-noklausisanas-iekartu\/#primaryimage"},"image":{"@id":"https:\/\/izsekosanasierices.lv\/produkts\/mobilo-talrunu-ladetajs-ar-iebuvetu-noklausisanas-iekartu\/#primaryimage"},"thumbnailUrl":"https:\/\/izsekosanasierices.lv\/wp-content\/uploads\/izsekosanasierices-mobilaus-telefono-pakrovejas-su-slapta-pasiklausymo-iranga.jpg","datePublished":"2023-10-05T15:37:25+00:00","dateModified":"2026-04-23T05:21:57+00:00","description":"Augstas kvalit\u0101tes noklaus\u012b\u0161an\u0101s iek\u0101rta \u2013 mobilo t\u0101lru\u0146u l\u0101d\u0113t\u0101js (piem\u0113rots vis\u0101m ier\u012bc\u0113m). Iesp\u0113ja noklaus\u012bties sarunas att\u0101lin\u0101ti. Bezmaksas pieg\u0101de.","breadcrumb":{"@id":"https:\/\/izsekosanasierices.lv\/produkts\/mobilo-talrunu-ladetajs-ar-iebuvetu-noklausisanas-iekartu\/#breadcrumb"},"inLanguage":"et","potentialAction":[{"@type":"ReadAction","target":["https:\/\/izsekosanasierices.lv\/produkts\/mobilo-talrunu-ladetajs-ar-iebuvetu-noklausisanas-iekartu\/"]}]},{"@type":"ImageObject","inLanguage":"et","@id":"https:\/\/izsekosanasierices.lv\/produkts\/mobilo-talrunu-ladetajs-ar-iebuvetu-noklausisanas-iekartu\/#primaryimage","url":"https:\/\/izsekosanasierices.lv\/wp-content\/uploads\/izsekosanasierices-mobilaus-telefono-pakrovejas-su-slapta-pasiklausymo-iranga.jpg","contentUrl":"https:\/\/izsekosanasierices.lv\/wp-content\/uploads\/izsekosanasierices-mobilaus-telefono-pakrovejas-su-slapta-pasiklausymo-iranga.jpg","width":1000,"height":1000,"caption":"Mobilaus telefono pakrov\u0117jas su slapta pasiklausymo \u012franga"},{"@type":"BreadcrumbList","@id":"https:\/\/izsekosanasierices.lv\/produkts\/mobilo-talrunu-ladetajs-ar-iebuvetu-noklausisanas-iekartu\/#breadcrumb","itemListElement":[{"@type":"ListItem","position":1,"name":"S\u0101kums","item":"https:\/\/izsekosanasierices.lv\/"},{"@type":"ListItem","position":2,"name":"Veikals","item":"https:\/\/izsekosanasierices.lv\/veikals\/"},{"@type":"ListItem","position":3,"name":"Mobilo t\u0101lru\u0146u l\u0101d\u0113t\u0101js ar ieb\u016bv\u0113tu noklaus\u012b\u0161an\u0101s iek\u0101rtu"}]},{"@type":"WebSite","@id":"https:\/\/izsekosanasierices.lv\/#website","url":"https:\/\/izsekosanasierices.lv\/","name":"Nr1 Izseko\u0161anas ier\u012bces gps izseko\u0161anas iek\u0101rtas, klaus\u012b\u0161an\u0101s iek\u0101rtas","description":"","potentialAction":[{"@type":"SearchAction","target":{"@type":"EntryPoint","urlTemplate":"https:\/\/izsekosanasierices.lv\/?s={search_term_string}"},"query-input":{"@type":"PropertyValueSpecification","valueRequired":true,"valueName":"search_term_string"}}],"inLanguage":"et"}]}},"_links":{"self":[{"href":"https:\/\/izsekosanasierices.lv\/et\/wp-json\/wp\/v2\/product\/1306","targetHints":{"allow":["GET"]}}],"collection":[{"href":"https:\/\/izsekosanasierices.lv\/et\/wp-json\/wp\/v2\/product"}],"about":[{"href":"https:\/\/izsekosanasierices.lv\/et\/wp-json\/wp\/v2\/types\/product"}],"wp:featuredmedia":[{"embeddable":true,"href":"https:\/\/izsekosanasierices.lv\/et\/wp-json\/wp\/v2\/media\/1834"}],"wp:attachment":[{"href":"https:\/\/izsekosanasierices.lv\/et\/wp-json\/wp\/v2\/media?parent=1306"}],"wp:term":[{"taxonomy":"product_brand","embeddable":true,"href":"https:\/\/izsekosanasierices.lv\/et\/wp-json\/wp\/v2\/product_brand?post=1306"},{"taxonomy":"product_cat","embeddable":true,"href":"https:\/\/izsekosanasierices.lv\/et\/wp-json\/wp\/v2\/product_cat?post=1306"},{"taxonomy":"product_tag","embeddable":true,"href":"https:\/\/izsekosanasierices.lv\/et\/wp-json\/wp\/v2\/product_tag?post=1306"}],"curies":[{"name":"wp","href":"https:\/\/api.w.org\/{rel}","templated":true}]}}