{"id":1308,"date":"2023-10-05T15:37:43","date_gmt":"2023-10-05T15:37:43","guid":{"rendered":"https:\/\/izsekosanasierices.lv\/produktas\/wi-fi-marsrutizatoriaus-imitacija-su-slapta-kamera\/"},"modified":"2025-11-19T15:34:31","modified_gmt":"2025-11-19T13:34:31","slug":"wifi-marsrutetaja-imitacija-ar-iebuvetu-kameru","status":"publish","type":"product","link":"https:\/\/izsekosanasierices.lv\/et\/produkts\/wifi-ruuteri-simulatsioon-koos-sisseehitatud-kaameraga\/","title":{"rendered":"WiFi ruuteri simulatsioon koos sisseehitatud kaameraga"},"content":{"rendered":"<p><strong>PROMOTION: 32 GB micro SD kingitusena <\/strong><\/p>\n<p><strong>Tehnilised parameetrid:<\/strong><\/p>\n<ul>\n<li>M\u00e4lukaardi tugi: micro SD\/SDHC kuni 64 GB (ei kuulu komplekti)<\/li>\n<li>Video salvestamine koos heliga<\/li>\n<li>Salvestuslahutus: Full HD 1920 x 1080 px<\/li>\n<li>Aku kestvus: kuni 2 aastat ilma laadimiseta (ootere\u017eiim)<\/li>\n<li>Videoformaat: avi | max 25 fps<\/li>\n<li>Pildi resolutsioon: 1920 x 1080 px<\/li>\n<li>Vaatamisnurk: 145\u00b0 v\u00e4ga lai<\/li>\n<li>Heli: m\u00fcrasummutusmikrofon<\/li>\n<li>\u00dchendusstandard: USB<\/li>\n<li>\u00d6ine n\u00e4htavus 6 meetrit<\/li>\n<li>Online-seire (mobiilirakenduse kaudu)<\/li>\n<li>Liikumisandur (PIR)<\/li>\n<li>Pidev videosalvestus<\/li>\n<li>Videokodeerimine: H264<\/li>\n<li>Sisaldab kaamerat koos <strong>WiFi<\/strong> (imitatsioon), micro SD kaardilugeja, USB-kaabel, toiteallikas<\/li>\n<li>M\u00f5\u00f5tmed: 53 x 36 x 34cm<\/li>\n<li><strong>Garantii 12 kuud<\/strong><\/li>\n<\/ul>\n<p><span style=\"color: #ff0000;\"><strong>Vajad kiiret sama p\u00e4eva (ja n\u00e4dalavahetuse) kohaletoimetamist?  Helistage +37120484176<\/strong><\/span><\/p>\n<p><strong>WiFi<\/strong><strong>Ruuteri simulatsioon salajase kaameraga<\/strong><\/p>\n<p>Peidetud kaamera v\u00f5ib olla kasulik peaaegu igas ruumis: seda kasutatakse \u00fcha enam mitte ainult kodudes, vaid ka kontorites, kauplustes ja muudes kohtades. Kui soovite midagi teada saada, mis teid h\u00e4irib, on hea m\u00f5te kaaluda salakaamera kasutamist: see aitab teil kiiremini ja lihtsamalt vastuseid leida ning motiveerib teid tegutsema. Ruuter on \u00fcks neist seadmetest, mida saab kasutada peaaegu igas ruumis, nii et see ei tekita kindlasti kahtlust ja aitab teil veelgi kiiremini teavet leida.<\/p>\n<p><strong>Millal on asjakohane valida salajane kaamera?<\/strong><\/p>\n<p>On palju olukordi, kus salakaamera kasutamine v\u00f5ib olla \u00f5igustatud. Sageli on see nii, kui soovite ennetada ebaseaduslikku tegevust: avastada h\u00e4kkerid, kontrollida, kas k\u00f5ik t\u00f6\u00f6tajad t\u00f6\u00f6kohal tegutsevad ausalt jne. Enamasti aitavad imitatsioonikaamerad lihtsalt \u00e4ra hoida teatud tegevusi, samas kui varjatud kaamerad ei tekita mingit kahtlust, nii et j\u00e4lgitavad isikud k\u00e4ituvad tavap\u00e4raselt. Marsruuterisse ehitatud peitkaamerad v\u00f5ivad tagada ka laste v\u00f5i eakate inimeste turvalisuse, seega on need kasulikud olukordades, kus soovite teada, kuidas teie pereliikmetel l\u00e4heb, kui teid ei ole kohal.<\/p>\n<p><strong>Juurdep\u00e4\u00e4s rakendusele<\/strong><\/p>\n<p><strong>WiFi <\/strong>Ruuteri peidetud kaamera v\u00f5imaldab teil j\u00e4lgida oma pilte reaalajas: \u00fchendage oma nutiseadmega rakendus ja n\u00e4ete koheselt j\u00e4\u00e4dvustatud pilte. T\u00e4nu rakendustele nii Apple'i nutiseadmetele kui ka Android-telefonidele saab seda kaamerat kasutada peaaegu iga\u00fcks. Kus iganes sa ka ei viibiks, on vaja vaid interneti\u00fchendust ja sa saad salvestatud videoid igal ajal vaadata.<\/p>\n<p><strong>Liikumisanduri funktsioon<\/strong><\/p>\n<p>Liikumisanduri funktsioon annab teile teada, kui siseruumides toimub midagi. Kui ruum on t\u00fchi, ei ole vaja pidevalt salvestusi kontrollida, nii et liikumisandur hoiab teid kursis. Kui tuvastatakse liikumine, saate rakenduses teate, et saaksite kohe kontrollida, mis siseruumides toimub.<\/p>\n<p><strong>Kvaliteetne pilt ja heli<\/strong><\/p>\n<p>See kaamera on v\u00f5imeline j\u00e4\u00e4dvustama kvaliteetset videot, nii et saate alati ja \u00fcksikasjalikult n\u00e4ha, mis ruumis toimub. Video salvestatakse koos heliga, nii et kui vestluste kuulamine on teile oluline, v\u00f5ib see kaamera funktsioon olla v\u00e4ga kasulik. M\u00f5ned peidetud kaamerad salvestavad pilti ilma helita, kuid nii l\u00e4heb osa t\u00e4htsast teabest kaduma. Kui soovite, et teie salvestused oleksid v\u00f5imalikult informatiivsed, v\u00f5ib see ruuterisse ehitatud kaamera olla kindlasti \u00fcks parimaid lahendusi.<\/p>\n<p><strong>\u00c4\u00e4rmiselt pikk aku kasutusiga<\/strong><\/p>\n<p>Selle kaamera teine eelis on eriti pikk aku kestvus. Ootere\u017eiimil v\u00f5ib kaamera ilma laadimiseta vastu pidada 1-2 aastat: selle aja jooksul ei pea te muretsema kaamera laadimise p\u00e4rast.<\/p>\n<p><strong>\u00d6\u00f6vaatlusfunktsioon<\/strong><\/p>\n<p>M\u00f5ned kaamerad suudavad videot teha ainult p\u00e4evasel ajal, kuid see maskeeritud kaamera t\u00f6\u00f6tab korralikult \u00f6\u00f6p\u00e4evaringselt. \u00d6\u00f6vaatlusfunktsioon v\u00f5imaldab teil pidevalt videot teha, et te ei j\u00e4\u00e4ks ka k\u00f5ige pimedamal ajal millestki olulisest ilma.<\/p>","protected":false},"excerpt":{"rendered":"<p>24\/7 videovalve k\u00f5ikjal maailmas. Liikumistuvastuse hoiatused. Lihtne kasutada. K\u00f5rge pildikvaliteet.<\/p>","protected":false},"featured_media":1838,"template":"","meta":[],"product_brand":[],"product_cat":[330,321,331],"product_tag":[332,325,23,333,334,328,29],"class_list":{"0":"post-1308","1":"product","2":"type-product","3":"status-publish","4":"has-post-thumbnail","6":"product_cat-masketas-kameras","7":"product_cat-sleptas-kameras","8":"product_cat-wi-fi-slepenas-kameras","9":"product_tag-izsekosanas-iekartas","10":"product_tag-izsekosanas-kamera","11":"product_tag-kamera","12":"product_tag-kameras-pulkstenis","13":"product_tag-masketa-kamera","14":"product_tag-slepena-kamera","15":"product_tag-wi-fi-kamera","17":"first","18":"outofstock","19":"taxable","20":"shipping-taxable","21":"purchasable","22":"product-type-simple"},"yoast_head":"<!-- This site is optimized with the Yoast SEO plugin v27.6 - https:\/\/yoast.com\/product\/yoast-seo-wordpress\/ -->\n<title>WiFi mar\u0161rut\u0113t\u0101ja imit\u0101cija ar ieb\u016bv\u0113tu kameru<\/title>\n<meta name=\"description\" content=\"Iesp\u0113ja veikt videonov\u0113ro\u0161anu 24\/7 dienas ned\u0113\u013c\u0101 no jebkuras vietas pasaul\u0113. Br\u012bdin\u0101jumi par kust\u012bbu konstat\u0113\u0161anu. Viegla lieto\u0161ana. Augsta att\u0113la kvalit\u0101te\" \/>\n<meta name=\"robots\" content=\"index, follow, max-snippet:-1, max-image-preview:large, max-video-preview:-1\" \/>\n<link rel=\"canonical\" href=\"https:\/\/izsekosanasierices.lv\/et\/produkts\/wifi-ruuteri-simulatsioon-koos-sisseehitatud-kaameraga\/\" \/>\n<meta property=\"og:locale\" content=\"et_EE\" \/>\n<meta property=\"og:type\" content=\"article\" \/>\n<meta property=\"og:title\" content=\"l\u0101d\u0113t\u0101js ar WI FI mask\u0113tu slepeno kameru - tie\u0161raide telefon\u0101\" \/>\n<meta property=\"og:description\" content=\"Tie\u0161\u0101 apskate mobilaj\u0101 t\u0101lrun\u012b. t\u0101lruni ( no jebkuras pasaules valsts. Br\u012bdin\u0101jumi par j\u016bdzes noteik\u0161anu. Viegla lieto\u0161ana, augsta att\u0113la kvalit\u0101te\" \/>\n<meta property=\"og:url\" content=\"https:\/\/izsekosanasierices.lv\/et\/produkts\/wifi-ruuteri-simulatsioon-koos-sisseehitatud-kaameraga\/\" \/>\n<meta property=\"og:site_name\" content=\"Nr1 Izseko\u0161anas ier\u012bces gps izseko\u0161anas iek\u0101rtas, klaus\u012b\u0161an\u0101s iek\u0101rtas\" \/>\n<meta property=\"article:modified_time\" content=\"2025-11-19T13:34:31+00:00\" \/>\n<meta property=\"og:image\" content=\"https:\/\/rvnski.dev\/sekimoiranga\/wp-content\/uploads\/izsekosanasierices.webp\" \/>\n<meta name=\"twitter:card\" content=\"summary_large_image\" \/>\n<meta name=\"twitter:title\" content=\"l\u0101d\u0113t\u0101js ar WI FI mask\u0113tu slepeno kameru - tie\u0161raide telefon\u0101\" \/>\n<meta name=\"twitter:description\" content=\"Tie\u0161\u0101 apskate mobilaj\u0101 t\u0101lrun\u012b. t\u0101lruni ( no jebkuras pasaules valsts. Br\u012bdin\u0101jumi par j\u016bdzes noteik\u0161anu. Viegla lieto\u0161ana, augsta att\u0113la kvalit\u0101te\" \/>\n<meta name=\"twitter:label1\" content=\"Est. reading time\" \/>\n\t<meta name=\"twitter:data1\" content=\"4 minutit\" \/>\n<script type=\"application\/ld+json\" class=\"yoast-schema-graph\">{\"@context\":\"https:\\\/\\\/schema.org\",\"@graph\":[{\"@type\":\"WebPage\",\"@id\":\"https:\\\/\\\/izsekosanasierices.lv\\\/produkts\\\/wifi-marsrutetaja-imitacija-ar-iebuvetu-kameru\\\/\",\"url\":\"https:\\\/\\\/izsekosanasierices.lv\\\/produkts\\\/wifi-marsrutetaja-imitacija-ar-iebuvetu-kameru\\\/\",\"name\":\"WiFi mar\u0161rut\u0113t\u0101ja imit\u0101cija ar ieb\u016bv\u0113tu kameru\",\"isPartOf\":{\"@id\":\"https:\\\/\\\/izsekosanasierices.lv\\\/#website\"},\"primaryImageOfPage\":{\"@id\":\"https:\\\/\\\/izsekosanasierices.lv\\\/produkts\\\/wifi-marsrutetaja-imitacija-ar-iebuvetu-kameru\\\/#primaryimage\"},\"image\":{\"@id\":\"https:\\\/\\\/izsekosanasierices.lv\\\/produkts\\\/wifi-marsrutetaja-imitacija-ar-iebuvetu-kameru\\\/#primaryimage\"},\"thumbnailUrl\":\"https:\\\/\\\/izsekosanasierices.lv\\\/wp-content\\\/uploads\\\/izsekosanasierices-wi-fi-marsrutizatoriaus-imitacija-su-slapta-kamera.jpg\",\"datePublished\":\"2023-10-05T15:37:43+00:00\",\"dateModified\":\"2025-11-19T13:34:31+00:00\",\"description\":\"Iesp\u0113ja veikt videonov\u0113ro\u0161anu 24\\\/7 dienas ned\u0113\u013c\u0101 no jebkuras vietas pasaul\u0113. Br\u012bdin\u0101jumi par kust\u012bbu konstat\u0113\u0161anu. Viegla lieto\u0161ana. Augsta att\u0113la kvalit\u0101te\",\"breadcrumb\":{\"@id\":\"https:\\\/\\\/izsekosanasierices.lv\\\/produkts\\\/wifi-marsrutetaja-imitacija-ar-iebuvetu-kameru\\\/#breadcrumb\"},\"inLanguage\":\"et\",\"potentialAction\":[{\"@type\":\"ReadAction\",\"target\":[\"https:\\\/\\\/izsekosanasierices.lv\\\/produkts\\\/wifi-marsrutetaja-imitacija-ar-iebuvetu-kameru\\\/\"]}]},{\"@type\":\"ImageObject\",\"inLanguage\":\"et\",\"@id\":\"https:\\\/\\\/izsekosanasierices.lv\\\/produkts\\\/wifi-marsrutetaja-imitacija-ar-iebuvetu-kameru\\\/#primaryimage\",\"url\":\"https:\\\/\\\/izsekosanasierices.lv\\\/wp-content\\\/uploads\\\/izsekosanasierices-wi-fi-marsrutizatoriaus-imitacija-su-slapta-kamera.jpg\",\"contentUrl\":\"https:\\\/\\\/izsekosanasierices.lv\\\/wp-content\\\/uploads\\\/izsekosanasierices-wi-fi-marsrutizatoriaus-imitacija-su-slapta-kamera.jpg\",\"width\":800,\"height\":800,\"caption\":\"wi f routeris su slapta steb\u0117jimo kamera\"},{\"@type\":\"BreadcrumbList\",\"@id\":\"https:\\\/\\\/izsekosanasierices.lv\\\/produkts\\\/wifi-marsrutetaja-imitacija-ar-iebuvetu-kameru\\\/#breadcrumb\",\"itemListElement\":[{\"@type\":\"ListItem\",\"position\":1,\"name\":\"S\u0101kums\",\"item\":\"https:\\\/\\\/izsekosanasierices.lv\\\/\"},{\"@type\":\"ListItem\",\"position\":2,\"name\":\"Veikals\",\"item\":\"https:\\\/\\\/izsekosanasierices.lv\\\/veikals\\\/\"},{\"@type\":\"ListItem\",\"position\":3,\"name\":\"WiFi mar\u0161rut\u0113t\u0101ja imit\u0101cija ar ieb\u016bv\u0113tu kameru\"}]},{\"@type\":\"WebSite\",\"@id\":\"https:\\\/\\\/izsekosanasierices.lv\\\/#website\",\"url\":\"https:\\\/\\\/izsekosanasierices.lv\\\/\",\"name\":\"Nr1 Izseko\u0161anas ier\u012bces gps izseko\u0161anas iek\u0101rtas, klaus\u012b\u0161an\u0101s iek\u0101rtas\",\"description\":\"\",\"potentialAction\":[{\"@type\":\"SearchAction\",\"target\":{\"@type\":\"EntryPoint\",\"urlTemplate\":\"https:\\\/\\\/izsekosanasierices.lv\\\/?s={search_term_string}\"},\"query-input\":{\"@type\":\"PropertyValueSpecification\",\"valueRequired\":true,\"valueName\":\"search_term_string\"}}],\"inLanguage\":\"et\"}]}<\/script>\n<!-- \/ Yoast SEO plugin. -->","yoast_head_json":{"title":"WiFi mar\u0161rut\u0113t\u0101ja imit\u0101cija ar ieb\u016bv\u0113tu kameru","description":"Iesp\u0113ja veikt videonov\u0113ro\u0161anu 24\/7 dienas ned\u0113\u013c\u0101 no jebkuras vietas pasaul\u0113. Br\u012bdin\u0101jumi par kust\u012bbu konstat\u0113\u0161anu. Viegla lieto\u0161ana. Augsta att\u0113la kvalit\u0101te","robots":{"index":"index","follow":"follow","max-snippet":"max-snippet:-1","max-image-preview":"max-image-preview:large","max-video-preview":"max-video-preview:-1"},"canonical":"https:\/\/izsekosanasierices.lv\/et\/produkts\/wifi-ruuteri-simulatsioon-koos-sisseehitatud-kaameraga\/","og_locale":"et_EE","og_type":"article","og_title":"l\u0101d\u0113t\u0101js ar WI FI mask\u0113tu slepeno kameru - tie\u0161raide telefon\u0101","og_description":"Tie\u0161\u0101 apskate mobilaj\u0101 t\u0101lrun\u012b. t\u0101lruni ( no jebkuras pasaules valsts. Br\u012bdin\u0101jumi par j\u016bdzes noteik\u0161anu. Viegla lieto\u0161ana, augsta att\u0113la kvalit\u0101te","og_url":"https:\/\/izsekosanasierices.lv\/et\/produkts\/wifi-ruuteri-simulatsioon-koos-sisseehitatud-kaameraga\/","og_site_name":"Nr1 Izseko\u0161anas ier\u012bces gps izseko\u0161anas iek\u0101rtas, klaus\u012b\u0161an\u0101s iek\u0101rtas","article_modified_time":"2025-11-19T13:34:31+00:00","og_image":[{"url":"https:\/\/rvnski.dev\/sekimoiranga\/wp-content\/uploads\/izsekosanasierices.webp","type":"","width":"","height":""}],"twitter_card":"summary_large_image","twitter_title":"l\u0101d\u0113t\u0101js ar WI FI mask\u0113tu slepeno kameru - tie\u0161raide telefon\u0101","twitter_description":"Tie\u0161\u0101 apskate mobilaj\u0101 t\u0101lrun\u012b. t\u0101lruni ( no jebkuras pasaules valsts. Br\u012bdin\u0101jumi par j\u016bdzes noteik\u0161anu. Viegla lieto\u0161ana, augsta att\u0113la kvalit\u0101te","twitter_misc":{"Est. reading time":"4 minutit"},"schema":{"@context":"https:\/\/schema.org","@graph":[{"@type":"WebPage","@id":"https:\/\/izsekosanasierices.lv\/produkts\/wifi-marsrutetaja-imitacija-ar-iebuvetu-kameru\/","url":"https:\/\/izsekosanasierices.lv\/produkts\/wifi-marsrutetaja-imitacija-ar-iebuvetu-kameru\/","name":"WiFi mar\u0161rut\u0113t\u0101ja imit\u0101cija ar ieb\u016bv\u0113tu kameru","isPartOf":{"@id":"https:\/\/izsekosanasierices.lv\/#website"},"primaryImageOfPage":{"@id":"https:\/\/izsekosanasierices.lv\/produkts\/wifi-marsrutetaja-imitacija-ar-iebuvetu-kameru\/#primaryimage"},"image":{"@id":"https:\/\/izsekosanasierices.lv\/produkts\/wifi-marsrutetaja-imitacija-ar-iebuvetu-kameru\/#primaryimage"},"thumbnailUrl":"https:\/\/izsekosanasierices.lv\/wp-content\/uploads\/izsekosanasierices-wi-fi-marsrutizatoriaus-imitacija-su-slapta-kamera.jpg","datePublished":"2023-10-05T15:37:43+00:00","dateModified":"2025-11-19T13:34:31+00:00","description":"Iesp\u0113ja veikt videonov\u0113ro\u0161anu 24\/7 dienas ned\u0113\u013c\u0101 no jebkuras vietas pasaul\u0113. Br\u012bdin\u0101jumi par kust\u012bbu konstat\u0113\u0161anu. Viegla lieto\u0161ana. Augsta att\u0113la kvalit\u0101te","breadcrumb":{"@id":"https:\/\/izsekosanasierices.lv\/produkts\/wifi-marsrutetaja-imitacija-ar-iebuvetu-kameru\/#breadcrumb"},"inLanguage":"et","potentialAction":[{"@type":"ReadAction","target":["https:\/\/izsekosanasierices.lv\/produkts\/wifi-marsrutetaja-imitacija-ar-iebuvetu-kameru\/"]}]},{"@type":"ImageObject","inLanguage":"et","@id":"https:\/\/izsekosanasierices.lv\/produkts\/wifi-marsrutetaja-imitacija-ar-iebuvetu-kameru\/#primaryimage","url":"https:\/\/izsekosanasierices.lv\/wp-content\/uploads\/izsekosanasierices-wi-fi-marsrutizatoriaus-imitacija-su-slapta-kamera.jpg","contentUrl":"https:\/\/izsekosanasierices.lv\/wp-content\/uploads\/izsekosanasierices-wi-fi-marsrutizatoriaus-imitacija-su-slapta-kamera.jpg","width":800,"height":800,"caption":"wi f routeris su slapta steb\u0117jimo kamera"},{"@type":"BreadcrumbList","@id":"https:\/\/izsekosanasierices.lv\/produkts\/wifi-marsrutetaja-imitacija-ar-iebuvetu-kameru\/#breadcrumb","itemListElement":[{"@type":"ListItem","position":1,"name":"S\u0101kums","item":"https:\/\/izsekosanasierices.lv\/"},{"@type":"ListItem","position":2,"name":"Veikals","item":"https:\/\/izsekosanasierices.lv\/veikals\/"},{"@type":"ListItem","position":3,"name":"WiFi mar\u0161rut\u0113t\u0101ja imit\u0101cija ar ieb\u016bv\u0113tu kameru"}]},{"@type":"WebSite","@id":"https:\/\/izsekosanasierices.lv\/#website","url":"https:\/\/izsekosanasierices.lv\/","name":"Nr1 Izseko\u0161anas ier\u012bces gps izseko\u0161anas iek\u0101rtas, klaus\u012b\u0161an\u0101s iek\u0101rtas","description":"","potentialAction":[{"@type":"SearchAction","target":{"@type":"EntryPoint","urlTemplate":"https:\/\/izsekosanasierices.lv\/?s={search_term_string}"},"query-input":{"@type":"PropertyValueSpecification","valueRequired":true,"valueName":"search_term_string"}}],"inLanguage":"et"}]}},"_links":{"self":[{"href":"https:\/\/izsekosanasierices.lv\/et\/wp-json\/wp\/v2\/product\/1308","targetHints":{"allow":["GET"]}}],"collection":[{"href":"https:\/\/izsekosanasierices.lv\/et\/wp-json\/wp\/v2\/product"}],"about":[{"href":"https:\/\/izsekosanasierices.lv\/et\/wp-json\/wp\/v2\/types\/product"}],"wp:featuredmedia":[{"embeddable":true,"href":"https:\/\/izsekosanasierices.lv\/et\/wp-json\/wp\/v2\/media\/1838"}],"wp:attachment":[{"href":"https:\/\/izsekosanasierices.lv\/et\/wp-json\/wp\/v2\/media?parent=1308"}],"wp:term":[{"taxonomy":"product_brand","embeddable":true,"href":"https:\/\/izsekosanasierices.lv\/et\/wp-json\/wp\/v2\/product_brand?post=1308"},{"taxonomy":"product_cat","embeddable":true,"href":"https:\/\/izsekosanasierices.lv\/et\/wp-json\/wp\/v2\/product_cat?post=1308"},{"taxonomy":"product_tag","embeddable":true,"href":"https:\/\/izsekosanasierices.lv\/et\/wp-json\/wp\/v2\/product_tag?post=1308"}],"curies":[{"name":"wp","href":"https:\/\/api.w.org\/{rel}","templated":true}]}}