{"id":1309,"date":"2023-10-05T15:37:43","date_gmt":"2023-10-05T15:37:43","guid":{"rendered":"https:\/\/izsekosanasierices.lv\/produktas\/dumu-daviklio-imitacija-su-wi-fi-veikia-iki-2ju-metu-be-pakrovimo\/"},"modified":"2026-03-19T08:10:35","modified_gmt":"2026-03-19T06:10:35","slug":"dumu-detektora-imitacija-iebuveta-slepta-kamera-ar-wifi-darbibas-laiks-bez-uzlades-lidz-pat-2-gadiem","status":"publish","type":"product","link":"https:\/\/izsekosanasierices.lv\/et\/produkts\/suitsuanduri-simulatsioon-sisseehitatud-salajane-kaamera-wifi-tooaeg-kuni-2-aastat-ilma-haalestuseta\/","title":{"rendered":"Suitsuanduri simulatsiooni sisseehitatud WiFi peidetud kaamera | Kuni 2 aastat ilma laadimiseta t\u00f6\u00f6tamine"},"content":{"rendered":"<p><strong>PROMOTION: 32 GB micro SD kingitusena <\/strong><\/p>\n<p><strong>Tehnilised parameetrid:<\/strong><\/p>\n<ul>\n<li>M\u00e4lukaardi tugi: micro SD\/SDHC kuni 64 GB (ei kuulu komplekti)<\/li>\n<li>Video salvestamine koos heliga<\/li>\n<li>Salvestuslahutus: Full HD 1920 x 1080px<\/li>\n<li>Suitsuanduri simulatsioon<\/li>\n<li>Aku kestvus: kuni 2 aastat ilma laadimiseta (ootere\u017eiim)<\/li>\n<li>Videoformaat: avi | max 25 fps<\/li>\n<li>Pildi resolutsioon: 1920 x 1080 px<\/li>\n<li>Vaatev\u00e4li: 145\u00b0, v\u00e4ga lai<\/li>\n<li>Heli: m\u00fcrasummutusmikrofon<\/li>\n<li>\u00dchendusstandard: USB<\/li>\n<li>\u00d6ine n\u00e4htavus 5 meetrit<\/li>\n<li>Online-seire (mobiilirakenduse kaudu)<\/li>\n<li>Liikumisandur (PIR)<\/li>\n<li>Video kodeerimine : H264<\/li>\n<li>Sisaldab: kaamera koos <strong>WiFi<\/strong> (imitatsioon), micro SD kaardilugeja, USB-kaabel, toiteallikas<\/li>\n<li>M\u00f5\u00f5tmed: 11,6\u00d75,2cm<\/li>\n<li><strong>Garantii 12 kuud<\/strong><\/li>\n<\/ul>\n<p><span style=\"color: #ff0000;\"><strong>Vajad kiiret sama p\u00e4eva (ja n\u00e4dalavahetuse) kohaletoimetamist?  Helistage +37120484176<\/strong><\/span><\/p>\n<p><strong>Simuleeritud suitsuandur koos sisseehitatud peidetud kaamera, liikumisanduri ja \u00f6\u00f6n\u00e4gemise funktsiooniga.<\/strong><\/p>\n<p>Suitsuandur on \u00fcks neist seadmetest, mis on peaaegu igas kodus. Sellised seadmed annavad tulekahjust varajase hoiatuse ja aitavad \u00e4ra hoida suurt katastroofi. Keegi ei imestaks, kui taolist seadet n\u00e4eks k\u00fclalistetoas, kontoris v\u00f5i asutuses, mist\u00f5ttu varjatud kaameraid hakatakse \u00fcha sagedamini sellistesse seadmetesse maskeerima. Suitsuandur ei tekita kindlasti mingit kahtlust, seega v\u00f5ime olla kindlad, et sellisesse seadmesse paigutatud peidetud kaamera t\u00e4idab oma p\u00f5hifunktsiooni. Inimesed k\u00e4ituvad ruumis pigem tavap\u00e4raselt, mis t\u00e4hendab, et teatud korrarikkumisi on v\u00f5imalik \u00f5igeaegselt m\u00e4rgata ja ennetada.<\/p>\n<p><strong>Lai valik rakendusi<\/strong><\/p>\n<p>Varjatud kaameraga suitsuandurit saab kasutada mitmesugustes olukordades. Selline seade v\u00f5ib kaitsta teie kodu sissemurdjate eest, tagada laste v\u00f5i eakate turvalisuse jne. Kui kahtlustate, et teie abikaasa ei ole teile truu, v\u00f5ib varjatud kaamera aidata teie kahtlusi hajutada. Suitsuanduri varjatud kaamerat saab kasutada ka t\u00f6\u00f6kohal, et veenduda, et k\u00f5ik t\u00f6\u00f6tajad k\u00e4ituvad \u00f5igesti. Kui m\u00e4rkate varakult teatud eeskirjade eiramisi, saate kohe tegutseda, seega v\u00f5ib varjatud kaamera olla \u00fcks parimaid lahendusi.<\/p>\n<p><strong>Pikk kaamera eluiga<\/strong><\/p>\n<p>Suitsuanduri maskeeritud kamber v\u00f5ib t\u00f6\u00f6tada aastaid. Kui valite ootere\u017eiimi, v\u00f5ib kaamera t\u00f6\u00f6tada \u00fcks kuni kaks aastat, nii et te ei pea muretsema selle p\u00e4rast, et kaamera lihtsalt t\u00fchjaks saab. Liikumisanduri funktsioon annab teile reaalajas teada, et ruumis toimub midagi: saate rakenduses teate, nii et saate valveseadme kohe aktiveerida. Kui m\u00e4rkate teatud ebaseaduslikku tegevust, saate helistada politseisse ja kurjategijad tabatakse. CCTV-kaamerad on sageli t\u00f5husamad kui alarmid: kaamerad aitavad avastada ebaseaduslikku tegevust, samas kui alarmid enamasti ainult heidutavad vargaid.<\/p>\n<p><strong>Taotlus erinevate telefonide jaoks<\/strong><\/p>\n<p>Suitsuanduri salakaamera abil saate \u00fchendada nutitelefoni rakendusega ja teostada videovalvet k\u00f5ikjal maailmas. Mobiilirakendus on saadaval nii Androidi kui ka Apple'i nutitelefonidele.<\/p>\n<p><strong>K\u00f5rge pildikvaliteet<\/strong><\/p>\n<p>Suitsuandurisse peidetud kaamera annab kvaliteetset pilti, nii et te ei pea muretsema, et ei saa aru, mida n\u00e4ete. Kuigi see maskeeritud kaamera on suhteliselt v\u00e4ike, v\u00f5ite olla kindel, et pilt, mida n\u00e4ete, on kristallselge ja aitab teil v\u00e4lja selgitada vajalikke \u00fcksikasju. Rakendusse sisse logides n\u00e4ete reaalajas, mis siseruumides toimub. Kui teil on vaja teatud s\u00fcndmustele kiiresti reageerida, aitab see peidetud kaamera teil toimuvat \u00f5igeaegselt j\u00e4\u00e4dvustada.<\/p>\n<p><strong>\u00d6\u00f6vaatlusfunktsioon<\/strong><\/p>\n<p>Selle varjatud filmimisseadmega ei saa te n\u00e4ha ainult p\u00e4eval tehtud pilte: sellel kaameral on \u00f6\u00f6n\u00e4gemise funktsioon, mis v\u00f5imaldab j\u00e4\u00e4dvustada pilte kuni 5 meetri kauguselt. Sa ei pea muretsema, et pimedus v\u00f5iks midagi olulist j\u00e4\u00e4dvustada, seega on see kaamera kindlasti \u00fcks parimaid valikuid.<\/p>\n<p><strong>Taskukohane seadme hind<\/strong><\/p>\n<p>Kuigi sageli arvatakse, et kodumasinatesse maskeeritud peidetud kaamerad v\u00f5ivad olla liiga kallid, n\u00e4ete, et see ei ole nii. T\u00e4nap\u00e4eval on sellised seadmed saadaval atraktiivse hinnaga, nii et kui soovite oma kodu v\u00f5i pereliikmete turvalisust parandada, vastab peidetud kaamera kindlasti teie ootustele.<\/p>","protected":false},"excerpt":{"rendered":"<p>Simuleeritud suitsuandur koos sisseehitatud salajase valvekaameraga - n\u00e4ete vaateid \u00fcksk\u00f5ik millisest kohast maailmas Sellel on PIR-andur (liikumisandur) Eriti kvaliteetne<\/p>","protected":false},"featured_media":1850,"template":"","meta":[],"product_brand":[],"product_cat":[330,321,331],"product_tag":[332,325,23,333,334,328,29],"class_list":{"0":"post-1309","1":"product","2":"type-product","3":"status-publish","4":"has-post-thumbnail","6":"product_cat-masketas-kameras","7":"product_cat-sleptas-kameras","8":"product_cat-wi-fi-slepenas-kameras","9":"product_tag-izsekosanas-iekartas","10":"product_tag-izsekosanas-kamera","11":"product_tag-kamera","12":"product_tag-kameras-pulkstenis","13":"product_tag-masketa-kamera","14":"product_tag-slepena-kamera","15":"product_tag-wi-fi-kamera","17":"first","18":"instock","19":"sale","20":"taxable","21":"shipping-taxable","22":"purchasable","23":"product-type-simple"},"yoast_head":"<!-- This site is optimized with the Yoast SEO plugin v27.3 - https:\/\/yoast.com\/product\/yoast-seo-wordpress\/ -->\n<title>D\u016bmu detektora imit\u0101cij\u0101 ieb\u016bv\u0113ta sl\u0113pt\u0101 kamera darb\u012bbas laiks 2ga<\/title>\n<meta name=\"description\" content=\"D\u016bmu detektora imit\u0101cija ar ieb\u016bv\u0113tu slepeno nov\u0113ro\u0161anas kameru Nov\u0113ro\u0161anu varat veikt no jebkuras vietas pasaul\u0113 pir sensors kust\u012bbas detektors \u012apa\u0161i\" \/>\n<meta name=\"robots\" content=\"index, follow, max-snippet:-1, max-image-preview:large, max-video-preview:-1\" \/>\n<link rel=\"canonical\" href=\"https:\/\/izsekosanasierices.lv\/et\/produkts\/suitsuanduri-simulatsioon-sisseehitatud-salajane-kaamera-wifi-tooaeg-kuni-2-aastat-ilma-haalestuseta\/\" \/>\n<meta property=\"og:locale\" content=\"et_EE\" \/>\n<meta property=\"og:type\" content=\"article\" \/>\n<meta property=\"og:title\" content=\"D\u016bmu detektora simul\u0101cija ar Wi fi l\u012bdz pat 2 gadiem bez uzl\u0101des\" \/>\n<meta property=\"og:description\" content=\"D\u016bmu detektora imit\u0101cija ar ieb\u016bv\u0113tu slepeno nov\u0113ro\u0161anas kameru - varat redz\u0113t skatu no jebkuras vietas pasaul\u0113 Tai ir PIR sensors (kust\u012bbas detektors) \u012apa\u0161i augsta kvalit\u0101te\" \/>\n<meta property=\"og:url\" content=\"https:\/\/izsekosanasierices.lv\/et\/produkts\/suitsuanduri-simulatsioon-sisseehitatud-salajane-kaamera-wifi-tooaeg-kuni-2-aastat-ilma-haalestuseta\/\" \/>\n<meta property=\"og:site_name\" content=\"Nr1 Izseko\u0161anas ier\u012bces gps izseko\u0161anas iek\u0101rtas, klaus\u012b\u0161an\u0101s iek\u0101rtas\" \/>\n<meta property=\"article:modified_time\" content=\"2026-03-19T06:10:35+00:00\" \/>\n<meta property=\"og:image\" content=\"https:\/\/rvnski.dev\/sekimoiranga\/wp-content\/uploads\/izsekosanasierices.webp\" \/>\n<meta name=\"twitter:card\" content=\"summary_large_image\" \/>\n<meta name=\"twitter:title\" content=\"D\u016bmu detektora simul\u0101cija ar Wi fi l\u012bdz pat 2 gadiem bez uzl\u0101des\" \/>\n<meta name=\"twitter:description\" content=\"D\u016bmu detektora imit\u0101cija ar ieb\u016bv\u0113tu slepeno nov\u0113ro\u0161anas kameru - varat redz\u0113t skatu no jebkuras vietas pasaul\u0113 Tai ir PIR sensors (kust\u012bbas detektors) \u012apa\u0161i augsta kvalit\u0101te\" \/>\n<meta name=\"twitter:label1\" content=\"Est. reading time\" \/>\n\t<meta name=\"twitter:data1\" content=\"4 minutit\" \/>\n<script type=\"application\/ld+json\" class=\"yoast-schema-graph\">{\"@context\":\"https:\\\/\\\/schema.org\",\"@graph\":[{\"@type\":\"WebPage\",\"@id\":\"https:\\\/\\\/izsekosanasierices.lv\\\/produkts\\\/dumu-detektora-imitacija-iebuveta-slepta-kamera-ar-wifi-darbibas-laiks-bez-uzlades-lidz-pat-2-gadiem\\\/\",\"url\":\"https:\\\/\\\/izsekosanasierices.lv\\\/produkts\\\/dumu-detektora-imitacija-iebuveta-slepta-kamera-ar-wifi-darbibas-laiks-bez-uzlades-lidz-pat-2-gadiem\\\/\",\"name\":\"D\u016bmu detektora imit\u0101cij\u0101 ieb\u016bv\u0113ta sl\u0113pt\u0101 kamera darb\u012bbas laiks 2ga\",\"isPartOf\":{\"@id\":\"https:\\\/\\\/izsekosanasierices.lv\\\/#website\"},\"primaryImageOfPage\":{\"@id\":\"https:\\\/\\\/izsekosanasierices.lv\\\/produkts\\\/dumu-detektora-imitacija-iebuveta-slepta-kamera-ar-wifi-darbibas-laiks-bez-uzlades-lidz-pat-2-gadiem\\\/#primaryimage\"},\"image\":{\"@id\":\"https:\\\/\\\/izsekosanasierices.lv\\\/produkts\\\/dumu-detektora-imitacija-iebuveta-slepta-kamera-ar-wifi-darbibas-laiks-bez-uzlades-lidz-pat-2-gadiem\\\/#primaryimage\"},\"thumbnailUrl\":\"https:\\\/\\\/izsekosanasierices.lv\\\/wp-content\\\/uploads\\\/izsekosanasierices-dumu-daviklio-imitacija-su-wi-fi-veikia-iki-2ju-metu-be-pakrovimo.jpg\",\"datePublished\":\"2023-10-05T15:37:43+00:00\",\"dateModified\":\"2026-03-19T06:10:35+00:00\",\"description\":\"D\u016bmu detektora imit\u0101cija ar ieb\u016bv\u0113tu slepeno nov\u0113ro\u0161anas kameru Nov\u0113ro\u0161anu varat veikt no jebkuras vietas pasaul\u0113 pir sensors kust\u012bbas detektors \u012apa\u0161i\",\"breadcrumb\":{\"@id\":\"https:\\\/\\\/izsekosanasierices.lv\\\/produkts\\\/dumu-detektora-imitacija-iebuveta-slepta-kamera-ar-wifi-darbibas-laiks-bez-uzlades-lidz-pat-2-gadiem\\\/#breadcrumb\"},\"inLanguage\":\"et\",\"potentialAction\":[{\"@type\":\"ReadAction\",\"target\":[\"https:\\\/\\\/izsekosanasierices.lv\\\/produkts\\\/dumu-detektora-imitacija-iebuveta-slepta-kamera-ar-wifi-darbibas-laiks-bez-uzlades-lidz-pat-2-gadiem\\\/\"]}]},{\"@type\":\"ImageObject\",\"inLanguage\":\"et\",\"@id\":\"https:\\\/\\\/izsekosanasierices.lv\\\/produkts\\\/dumu-detektora-imitacija-iebuveta-slepta-kamera-ar-wifi-darbibas-laiks-bez-uzlades-lidz-pat-2-gadiem\\\/#primaryimage\",\"url\":\"https:\\\/\\\/izsekosanasierices.lv\\\/wp-content\\\/uploads\\\/izsekosanasierices-dumu-daviklio-imitacija-su-wi-fi-veikia-iki-2ju-metu-be-pakrovimo.jpg\",\"contentUrl\":\"https:\\\/\\\/izsekosanasierices.lv\\\/wp-content\\\/uploads\\\/izsekosanasierices-dumu-daviklio-imitacija-su-wi-fi-veikia-iki-2ju-metu-be-pakrovimo.jpg\",\"width\":800,\"height\":800,\"caption\":\"Mini kamera\"},{\"@type\":\"BreadcrumbList\",\"@id\":\"https:\\\/\\\/izsekosanasierices.lv\\\/produkts\\\/dumu-detektora-imitacija-iebuveta-slepta-kamera-ar-wifi-darbibas-laiks-bez-uzlades-lidz-pat-2-gadiem\\\/#breadcrumb\",\"itemListElement\":[{\"@type\":\"ListItem\",\"position\":1,\"name\":\"S\u0101kums\",\"item\":\"https:\\\/\\\/izsekosanasierices.lv\\\/\"},{\"@type\":\"ListItem\",\"position\":2,\"name\":\"Veikals\",\"item\":\"https:\\\/\\\/izsekosanasierices.lv\\\/veikals\\\/\"},{\"@type\":\"ListItem\",\"position\":3,\"name\":\"D\u016bmu detektora imit\u0101cij\u0101 ieb\u016bv\u0113ta sl\u0113pt\u0101 kamera ar WiFi | Darb\u012bbas laiks bez uzl\u0101des l\u012bdz pat 2 gadiem\"}]},{\"@type\":\"WebSite\",\"@id\":\"https:\\\/\\\/izsekosanasierices.lv\\\/#website\",\"url\":\"https:\\\/\\\/izsekosanasierices.lv\\\/\",\"name\":\"Nr1 Izseko\u0161anas ier\u012bces gps izseko\u0161anas iek\u0101rtas, klaus\u012b\u0161an\u0101s iek\u0101rtas\",\"description\":\"\",\"potentialAction\":[{\"@type\":\"SearchAction\",\"target\":{\"@type\":\"EntryPoint\",\"urlTemplate\":\"https:\\\/\\\/izsekosanasierices.lv\\\/?s={search_term_string}\"},\"query-input\":{\"@type\":\"PropertyValueSpecification\",\"valueRequired\":true,\"valueName\":\"search_term_string\"}}],\"inLanguage\":\"et\"}]}<\/script>\n<!-- \/ Yoast SEO plugin. -->","yoast_head_json":{"title":"D\u016bmu detektora imit\u0101cij\u0101 ieb\u016bv\u0113ta sl\u0113pt\u0101 kamera darb\u012bbas laiks 2ga","description":"D\u016bmu detektora imit\u0101cija ar ieb\u016bv\u0113tu slepeno nov\u0113ro\u0161anas kameru Nov\u0113ro\u0161anu varat veikt no jebkuras vietas pasaul\u0113 pir sensors kust\u012bbas detektors \u012apa\u0161i","robots":{"index":"index","follow":"follow","max-snippet":"max-snippet:-1","max-image-preview":"max-image-preview:large","max-video-preview":"max-video-preview:-1"},"canonical":"https:\/\/izsekosanasierices.lv\/et\/produkts\/suitsuanduri-simulatsioon-sisseehitatud-salajane-kaamera-wifi-tooaeg-kuni-2-aastat-ilma-haalestuseta\/","og_locale":"et_EE","og_type":"article","og_title":"D\u016bmu detektora simul\u0101cija ar Wi fi l\u012bdz pat 2 gadiem bez uzl\u0101des","og_description":"D\u016bmu detektora imit\u0101cija ar ieb\u016bv\u0113tu slepeno nov\u0113ro\u0161anas kameru - varat redz\u0113t skatu no jebkuras vietas pasaul\u0113 Tai ir PIR sensors (kust\u012bbas detektors) \u012apa\u0161i augsta kvalit\u0101te","og_url":"https:\/\/izsekosanasierices.lv\/et\/produkts\/suitsuanduri-simulatsioon-sisseehitatud-salajane-kaamera-wifi-tooaeg-kuni-2-aastat-ilma-haalestuseta\/","og_site_name":"Nr1 Izseko\u0161anas ier\u012bces gps izseko\u0161anas iek\u0101rtas, klaus\u012b\u0161an\u0101s iek\u0101rtas","article_modified_time":"2026-03-19T06:10:35+00:00","og_image":[{"url":"https:\/\/rvnski.dev\/sekimoiranga\/wp-content\/uploads\/izsekosanasierices.webp","type":"","width":"","height":""}],"twitter_card":"summary_large_image","twitter_title":"D\u016bmu detektora simul\u0101cija ar Wi fi l\u012bdz pat 2 gadiem bez uzl\u0101des","twitter_description":"D\u016bmu detektora imit\u0101cija ar ieb\u016bv\u0113tu slepeno nov\u0113ro\u0161anas kameru - varat redz\u0113t skatu no jebkuras vietas pasaul\u0113 Tai ir PIR sensors (kust\u012bbas detektors) \u012apa\u0161i augsta kvalit\u0101te","twitter_misc":{"Est. reading time":"4 minutit"},"schema":{"@context":"https:\/\/schema.org","@graph":[{"@type":"WebPage","@id":"https:\/\/izsekosanasierices.lv\/produkts\/dumu-detektora-imitacija-iebuveta-slepta-kamera-ar-wifi-darbibas-laiks-bez-uzlades-lidz-pat-2-gadiem\/","url":"https:\/\/izsekosanasierices.lv\/produkts\/dumu-detektora-imitacija-iebuveta-slepta-kamera-ar-wifi-darbibas-laiks-bez-uzlades-lidz-pat-2-gadiem\/","name":"D\u016bmu detektora imit\u0101cij\u0101 ieb\u016bv\u0113ta sl\u0113pt\u0101 kamera darb\u012bbas laiks 2ga","isPartOf":{"@id":"https:\/\/izsekosanasierices.lv\/#website"},"primaryImageOfPage":{"@id":"https:\/\/izsekosanasierices.lv\/produkts\/dumu-detektora-imitacija-iebuveta-slepta-kamera-ar-wifi-darbibas-laiks-bez-uzlades-lidz-pat-2-gadiem\/#primaryimage"},"image":{"@id":"https:\/\/izsekosanasierices.lv\/produkts\/dumu-detektora-imitacija-iebuveta-slepta-kamera-ar-wifi-darbibas-laiks-bez-uzlades-lidz-pat-2-gadiem\/#primaryimage"},"thumbnailUrl":"https:\/\/izsekosanasierices.lv\/wp-content\/uploads\/izsekosanasierices-dumu-daviklio-imitacija-su-wi-fi-veikia-iki-2ju-metu-be-pakrovimo.jpg","datePublished":"2023-10-05T15:37:43+00:00","dateModified":"2026-03-19T06:10:35+00:00","description":"D\u016bmu detektora imit\u0101cija ar ieb\u016bv\u0113tu slepeno nov\u0113ro\u0161anas kameru Nov\u0113ro\u0161anu varat veikt no jebkuras vietas pasaul\u0113 pir sensors kust\u012bbas detektors \u012apa\u0161i","breadcrumb":{"@id":"https:\/\/izsekosanasierices.lv\/produkts\/dumu-detektora-imitacija-iebuveta-slepta-kamera-ar-wifi-darbibas-laiks-bez-uzlades-lidz-pat-2-gadiem\/#breadcrumb"},"inLanguage":"et","potentialAction":[{"@type":"ReadAction","target":["https:\/\/izsekosanasierices.lv\/produkts\/dumu-detektora-imitacija-iebuveta-slepta-kamera-ar-wifi-darbibas-laiks-bez-uzlades-lidz-pat-2-gadiem\/"]}]},{"@type":"ImageObject","inLanguage":"et","@id":"https:\/\/izsekosanasierices.lv\/produkts\/dumu-detektora-imitacija-iebuveta-slepta-kamera-ar-wifi-darbibas-laiks-bez-uzlades-lidz-pat-2-gadiem\/#primaryimage","url":"https:\/\/izsekosanasierices.lv\/wp-content\/uploads\/izsekosanasierices-dumu-daviklio-imitacija-su-wi-fi-veikia-iki-2ju-metu-be-pakrovimo.jpg","contentUrl":"https:\/\/izsekosanasierices.lv\/wp-content\/uploads\/izsekosanasierices-dumu-daviklio-imitacija-su-wi-fi-veikia-iki-2ju-metu-be-pakrovimo.jpg","width":800,"height":800,"caption":"Mini kamera"},{"@type":"BreadcrumbList","@id":"https:\/\/izsekosanasierices.lv\/produkts\/dumu-detektora-imitacija-iebuveta-slepta-kamera-ar-wifi-darbibas-laiks-bez-uzlades-lidz-pat-2-gadiem\/#breadcrumb","itemListElement":[{"@type":"ListItem","position":1,"name":"S\u0101kums","item":"https:\/\/izsekosanasierices.lv\/"},{"@type":"ListItem","position":2,"name":"Veikals","item":"https:\/\/izsekosanasierices.lv\/veikals\/"},{"@type":"ListItem","position":3,"name":"D\u016bmu detektora imit\u0101cij\u0101 ieb\u016bv\u0113ta sl\u0113pt\u0101 kamera ar WiFi | Darb\u012bbas laiks bez uzl\u0101des l\u012bdz pat 2 gadiem"}]},{"@type":"WebSite","@id":"https:\/\/izsekosanasierices.lv\/#website","url":"https:\/\/izsekosanasierices.lv\/","name":"Nr1 Izseko\u0161anas ier\u012bces gps izseko\u0161anas iek\u0101rtas, klaus\u012b\u0161an\u0101s iek\u0101rtas","description":"","potentialAction":[{"@type":"SearchAction","target":{"@type":"EntryPoint","urlTemplate":"https:\/\/izsekosanasierices.lv\/?s={search_term_string}"},"query-input":{"@type":"PropertyValueSpecification","valueRequired":true,"valueName":"search_term_string"}}],"inLanguage":"et"}]}},"_links":{"self":[{"href":"https:\/\/izsekosanasierices.lv\/et\/wp-json\/wp\/v2\/product\/1309","targetHints":{"allow":["GET"]}}],"collection":[{"href":"https:\/\/izsekosanasierices.lv\/et\/wp-json\/wp\/v2\/product"}],"about":[{"href":"https:\/\/izsekosanasierices.lv\/et\/wp-json\/wp\/v2\/types\/product"}],"wp:featuredmedia":[{"embeddable":true,"href":"https:\/\/izsekosanasierices.lv\/et\/wp-json\/wp\/v2\/media\/1850"}],"wp:attachment":[{"href":"https:\/\/izsekosanasierices.lv\/et\/wp-json\/wp\/v2\/media?parent=1309"}],"wp:term":[{"taxonomy":"product_brand","embeddable":true,"href":"https:\/\/izsekosanasierices.lv\/et\/wp-json\/wp\/v2\/product_brand?post=1309"},{"taxonomy":"product_cat","embeddable":true,"href":"https:\/\/izsekosanasierices.lv\/et\/wp-json\/wp\/v2\/product_cat?post=1309"},{"taxonomy":"product_tag","embeddable":true,"href":"https:\/\/izsekosanasierices.lv\/et\/wp-json\/wp\/v2\/product_tag?post=1309"}],"curies":[{"name":"wp","href":"https:\/\/api.w.org\/{rel}","templated":true}]}}