{"id":1310,"date":"2023-10-05T15:37:43","date_gmt":"2023-10-05T15:37:43","guid":{"rendered":"https:\/\/izsekosanasierices.lv\/produktas\/slapta-kamera-be-pakrovimo-veikia-iki-180-dienu-online-stebejimas\/"},"modified":"2025-11-19T18:01:51","modified_gmt":"2025-11-19T16:01:51","slug":"slepena-kamera-ar-darbibas-laiku-bez-uzlades-lidz-180-dienam-tiessaistes-uzraudziba","status":"publish","type":"product","link":"https:\/\/izsekosanasierices.lv\/et\/produkts\/varjatud-kaamera-mis-voimaldab-kuni-180-paeva-jarelevalveta-toimida-online-jalgimise-eesmargil\/","title":{"rendered":"Salajane kaamera, mis t\u00f6\u00f6tab kuni 180 p\u00e4eva ilma laadimiseta (online j\u00e4lgimine)."},"content":{"rendered":"<p><strong>PROMOTION: 32 GB micro SD kingitusena <\/strong><\/p>\n<p><strong>\u00a0<\/strong><\/p>\n<p><strong>Tehnilised parameetrid:<\/strong><\/p>\n<ul>\n<li>M\u00e4lukaardi tugi: micro SD\/SDHC kuni 64 GB (ei kuulu komplekti)<\/li>\n<li>Video salvestamine koos heliga<\/li>\n<li>Salvestuslahutus: Full HD 1920 x 1080 px<\/li>\n<li>Kuni 180 p\u00e4eva ilma laadimiseta (ootere\u017eiim)<\/li>\n<li>Videoformaat: avi | max 25 fps<\/li>\n<li>Pildi resolutsioon: 1920 x 1080 px<\/li>\n<li>Vaatamisnurk: 145\u00b0 v\u00e4ga lai<\/li>\n<li>Heli: m\u00fcrasummutusmikrofon<\/li>\n<li>\u00dchendusstandard: USB<\/li>\n<li>\u00d6ine n\u00e4htavus 5 meetrit<\/li>\n<li>Online-seire (mobiilirakenduse kaudu)<\/li>\n<li>Liikumisandur (PIR)<\/li>\n<li>Pidev videosalvestus<\/li>\n<li>Videokodeerimine: H264<\/li>\n<li>Sisaldab kaamerat koos <strong>WiFi<\/strong> (imitatsioon), micro SD kaardilugeja, USB-kaabel, toiteallikas<\/li>\n<li>M\u00f5\u00f5tmed: 41 x 38 x 33 cm<\/li>\n<li><strong>Garantii 12 kuud<\/strong><\/li>\n<\/ul>\n<p><span style=\"color: #ff0000;\"><strong>Vajad kiiret sama p\u00e4eva (ja n\u00e4dalavahetuse) kohaletoimetamist?  Helistage +37120484176<\/strong><\/span><\/p>\n<p><strong>Siseruumide kaamera koos <\/strong><strong>WiFi<\/strong><strong> \u00a0ja lai (145\u00b0) vaatenurk<\/strong><\/p>\n<p><strong>WiFi<\/strong> Kaamerad on viimasel ajal muutunud tavalisemaks. Selleks on mitmeid p\u00f5hjusi: vara kaitsmiseks, ruumide k\u00fclastajate ausa k\u00e4itumise kontrollimiseks jne. Selline seade muudab kogu vajaliku teabe saamise palju kiiremaks ja lihtsamaks, nii et kaamera ostmisel ei ole vaja k\u00f5hklema j\u00e4\u00e4da: see v\u00f5ib alati aidata kahtlusi hajutada ja tegevust soodustada.<\/p>\n<p><strong>Mis on <\/strong><strong>WiFi<\/strong><strong> Kaamerarakendused?<\/strong><\/p>\n<p>Sellistel kaameratel on palju erinevaid rakendusi: nendega saab kontrollida, kas t\u00f6\u00f6tajad k\u00e4ituvad ausalt, kas partner on usaldusv\u00e4\u00e4rne jne. Kui te ei ole kindel, kas teie koju tulevad t\u00f6\u00f6tajad on t\u00f5esti ausad, <strong>WiFi<\/strong> Kaamera aitab teil seda v\u00e4lja selgitada. Sellised seadmed aitavad alati kahtlusi hajutada, nii et kui teil on v\u00e4himgi kahtlus, tasub kindlasti kaaluda selle ostmist. Valvekaamera koos <strong>WiFi<\/strong> saab kasutada ka lemmikloomade, laste v\u00f5i eakate j\u00e4lgimiseks. Viimane on \u00fcks levinumaid p\u00f5hjusi: \u00f5nnetuse korral on v\u00f5imalik kiiresti reageerida. See valvekaamera v\u00f5imaldab teil r\u00e4\u00e4kida ka ruumis viibivate inimestega: saate k\u00fcsida, kuidas nad end tunnevad, ja vajadusel kohe abi kutsuda.<\/p>\n<p><strong>Lai vaatenurk<\/strong><\/p>\n<p>Shai <strong>WiFi<\/strong> Kaameral on eriti lai (kuni 145 kraadi) vaatenurk, nii et v\u00f5ite olla kindel, et see j\u00e4\u00e4dvustab k\u00f5ik olulise, mis ruumis toimub. Selle kaamera poolt j\u00e4\u00e4dvustatud materjali kvaliteet ja detailsus v\u00f5imaldab teil h\u00f5lpsasti aru saada, mis juhtus teie \u00e4raolekul. Sellel kaameral on ka \u00f6\u00f6n\u00e4gemise funktsioon, mis v\u00f5imaldab teil j\u00e4\u00e4dvustada pilte kuni 5 meetri kauguselt. Kvaliteetne videosalvestus on saadaval igal p\u00e4eva- ja \u00f6\u00f6ajal, nii et te ei j\u00e4\u00e4ks millestki olulisest ilma.<\/p>\n<p><strong>Liikumisandur<\/strong><\/p>\n<p>PIR-andur tuvastab liikumist ruumis, nii et saate kohe kontrollida, mis toimub j\u00e4lgitavas ruumis. Kui liikumine tuvastatakse, saadetakse teile rakendusesisene teade, et saaksite vastavalt reageerida. Liikumisandur aitab teil v\u00e4ltida \"t\u00fchje\" salvestusi, kui ruumis ei toimu midagi, muutes teabe t\u00f6\u00f6tlemise palju lihtsamaks.<\/p>\n<p><strong>Vaadake oma pilte ja videoid k\u00f5ikjal maailmas<\/strong><\/p>\n<p>Saate j\u00e4lgida seda, mida kaamera j\u00e4\u00e4dvustab, piiramatust kaugusest: isegi kui olete v\u00e4lismaal, saate teada, kui ruumis on tuvastatud liikumine, ja saate kontrollida, mis toimub j\u00e4lgitavas keskkonnas. Kaamera funktsioonid on v\u00e4ga lihtsad ja h\u00f5lpsasti kasutatavad, mist\u00f5ttu on see ideaalne k\u00f5igile, kes soovivad teostada videovalvet.<\/p>\n<p><strong>Pikk aku kasutusiga<\/strong><\/p>\n<p>Kui kaamera on ootere\u017eiimil (hakkab filmima ainult siis, kui tuvastatakse liikumine), v\u00f5ib aku t\u00f6\u00f6iga olla kuni \u00fcks aasta. Loomulikult s\u00f5ltub aku kestus alati sellest, kui palju kaamerat kasutatakse: kui liikumist tuvastatakse v\u00e4ga tihti, siis t\u00fchjeneb aku loomulikult palju kiiremini.<\/p>\n<p><strong>Funktsionaalne seade madala hinnaga<\/strong><\/p>\n<p>Kuigi sageli eeldatakse, et hea kvaliteediga <strong>WiFi<\/strong> kaamera v\u00f5ib olla \u00fcsna suur investeering, n\u00e4ete, et see ei ole t\u00f5si. <strong>WiFi<\/strong> Laiaulatusliku kaamera saab osta t\u00f5eliselt soodsa hinnaga ja garantii tagab, et see kestab kaua. Kui te ei ole kindel, kas just see valvekaamera on teie individuaalsete vajaduste jaoks parim, konsulteerige meie ekspertidega, kes annavad teile kindlasti kasulikke n\u00f5uandeid.<\/p>","protected":false},"excerpt":{"rendered":"<p>PIR-anduriga peidetud valvekaamera. Kuni 180 p\u00e4eva ilma laadimiseta. Otseseire mobiiltelefoni kaudu. Videosalvestus koos heliga.<\/p>","protected":false},"featured_media":1859,"template":"","meta":[],"product_brand":[],"product_cat":[330,321,331],"product_tag":[332,325,23,333,334,328,29],"class_list":{"0":"post-1310","1":"product","2":"type-product","3":"status-publish","4":"has-post-thumbnail","6":"product_cat-masketas-kameras","7":"product_cat-sleptas-kameras","8":"product_cat-wi-fi-slepenas-kameras","9":"product_tag-izsekosanas-iekartas","10":"product_tag-izsekosanas-kamera","11":"product_tag-kamera","12":"product_tag-kameras-pulkstenis","13":"product_tag-masketa-kamera","14":"product_tag-slepena-kamera","15":"product_tag-wi-fi-kamera","17":"first","18":"instock","19":"taxable","20":"shipping-taxable","21":"purchasable","22":"product-type-simple"},"yoast_head":"<!-- This site is optimized with the Yoast SEO plugin v27.5 - https:\/\/yoast.com\/product\/yoast-seo-wordpress\/ -->\n<title>Slepena kamera ar darb\u012bbas laiku bez uzl\u0101des l\u012bdz 180 dien\u0101m<\/title>\n<meta name=\"description\" content=\"Sl\u0113pta nov\u0113ro\u0161anas kamera ar PIR sensoru. Darb\u012bbas laiks l\u012bdz 180 dien\u0101m bez uzl\u0101des. Tie\u0161raides uzraudz\u012bba mobilaj\u0101 t\u0101lrun\u012b. Video ierakst\u012b\u0161ana ar ska\u0146u.\" \/>\n<meta name=\"robots\" content=\"index, follow, max-snippet:-1, max-image-preview:large, max-video-preview:-1\" \/>\n<link rel=\"canonical\" href=\"https:\/\/izsekosanasierices.lv\/et\/produkts\/varjatud-kaamera-mis-voimaldab-kuni-180-paeva-jarelevalveta-toimida-online-jalgimise-eesmargil\/\" \/>\n<meta property=\"og:locale\" content=\"et_EE\" \/>\n<meta property=\"og:type\" content=\"article\" \/>\n<meta property=\"og:title\" content=\"Slepena kamera bez uzl\u0101des l\u012bdz 180 dien\u0101m (tie\u0161saistes uzraudz\u012bba)\" \/>\n<meta property=\"og:description\" content=\"Sl\u0113pta nov\u0113ro\u0161anas kamera ar PIR sensoru. L\u012bdz 180 dien\u0101m ab\u0101m uzl\u0101d\u0113m, tie\u0161raide mobilaj\u0101 t\u0101lrun\u012b un l\u012bdz 180 dien\u0101m darb\u012bbas. lietotne. Video ierakst\u012b\u0161ana ar ska\u0146u\" \/>\n<meta property=\"og:url\" content=\"https:\/\/izsekosanasierices.lv\/et\/produkts\/varjatud-kaamera-mis-voimaldab-kuni-180-paeva-jarelevalveta-toimida-online-jalgimise-eesmargil\/\" \/>\n<meta property=\"og:site_name\" content=\"Nr1 Izseko\u0161anas ier\u012bces gps izseko\u0161anas iek\u0101rtas, klaus\u012b\u0161an\u0101s iek\u0101rtas\" \/>\n<meta property=\"article:modified_time\" content=\"2025-11-19T16:01:51+00:00\" \/>\n<meta property=\"og:image\" content=\"https:\/\/rvnski.dev\/sekimoiranga\/wp-content\/uploads\/izsekosanasierices.webp\" \/>\n<meta name=\"twitter:card\" content=\"summary_large_image\" \/>\n<meta name=\"twitter:title\" content=\"Slepena kamera bez uzl\u0101des l\u012bdz 180 dien\u0101m (tie\u0161saistes uzraudz\u012bba)\" \/>\n<meta name=\"twitter:description\" content=\"Sl\u0113pta nov\u0113ro\u0161anas kamera ar PIR sensoru. L\u012bdz 180 dien\u0101m ab\u0101m uzl\u0101d\u0113m, tie\u0161raide mobilaj\u0101 t\u0101lrun\u012b un l\u012bdz 180 dien\u0101m darb\u012bbas. lietotne. Video ierakst\u012b\u0161ana ar ska\u0146u\" \/>\n<meta name=\"twitter:label1\" content=\"Est. reading time\" \/>\n\t<meta name=\"twitter:data1\" content=\"4 minutit\" \/>\n<script type=\"application\/ld+json\" class=\"yoast-schema-graph\">{\"@context\":\"https:\\\/\\\/schema.org\",\"@graph\":[{\"@type\":\"WebPage\",\"@id\":\"https:\\\/\\\/izsekosanasierices.lv\\\/produkts\\\/slepena-kamera-ar-darbibas-laiku-bez-uzlades-lidz-180-dienam-tiessaistes-uzraudziba\\\/\",\"url\":\"https:\\\/\\\/izsekosanasierices.lv\\\/produkts\\\/slepena-kamera-ar-darbibas-laiku-bez-uzlades-lidz-180-dienam-tiessaistes-uzraudziba\\\/\",\"name\":\"Slepena kamera ar darb\u012bbas laiku bez uzl\u0101des l\u012bdz 180 dien\u0101m\",\"isPartOf\":{\"@id\":\"https:\\\/\\\/izsekosanasierices.lv\\\/#website\"},\"primaryImageOfPage\":{\"@id\":\"https:\\\/\\\/izsekosanasierices.lv\\\/produkts\\\/slepena-kamera-ar-darbibas-laiku-bez-uzlades-lidz-180-dienam-tiessaistes-uzraudziba\\\/#primaryimage\"},\"image\":{\"@id\":\"https:\\\/\\\/izsekosanasierices.lv\\\/produkts\\\/slepena-kamera-ar-darbibas-laiku-bez-uzlades-lidz-180-dienam-tiessaistes-uzraudziba\\\/#primaryimage\"},\"thumbnailUrl\":\"https:\\\/\\\/izsekosanasierices.lv\\\/wp-content\\\/uploads\\\/izsekosanasierices-slapta-kamera-be-pakrovimo-veikia-iki-180-dienu-online-stebejimas.jpg\",\"datePublished\":\"2023-10-05T15:37:43+00:00\",\"dateModified\":\"2025-11-19T16:01:51+00:00\",\"description\":\"Sl\u0113pta nov\u0113ro\u0161anas kamera ar PIR sensoru. Darb\u012bbas laiks l\u012bdz 180 dien\u0101m bez uzl\u0101des. Tie\u0161raides uzraudz\u012bba mobilaj\u0101 t\u0101lrun\u012b. Video ierakst\u012b\u0161ana ar ska\u0146u.\",\"breadcrumb\":{\"@id\":\"https:\\\/\\\/izsekosanasierices.lv\\\/produkts\\\/slepena-kamera-ar-darbibas-laiku-bez-uzlades-lidz-180-dienam-tiessaistes-uzraudziba\\\/#breadcrumb\"},\"inLanguage\":\"et\",\"potentialAction\":[{\"@type\":\"ReadAction\",\"target\":[\"https:\\\/\\\/izsekosanasierices.lv\\\/produkts\\\/slepena-kamera-ar-darbibas-laiku-bez-uzlades-lidz-180-dienam-tiessaistes-uzraudziba\\\/\"]}]},{\"@type\":\"ImageObject\",\"inLanguage\":\"et\",\"@id\":\"https:\\\/\\\/izsekosanasierices.lv\\\/produkts\\\/slepena-kamera-ar-darbibas-laiku-bez-uzlades-lidz-180-dienam-tiessaistes-uzraudziba\\\/#primaryimage\",\"url\":\"https:\\\/\\\/izsekosanasierices.lv\\\/wp-content\\\/uploads\\\/izsekosanasierices-slapta-kamera-be-pakrovimo-veikia-iki-180-dienu-online-stebejimas.jpg\",\"contentUrl\":\"https:\\\/\\\/izsekosanasierices.lv\\\/wp-content\\\/uploads\\\/izsekosanasierices-slapta-kamera-be-pakrovimo-veikia-iki-180-dienu-online-stebejimas.jpg\",\"width\":459,\"height\":457,\"caption\":\"Slapta kamera be pakrovimo veikia iki 180 dien\u0173 ( online steb\u0117jimas)\"},{\"@type\":\"BreadcrumbList\",\"@id\":\"https:\\\/\\\/izsekosanasierices.lv\\\/produkts\\\/slepena-kamera-ar-darbibas-laiku-bez-uzlades-lidz-180-dienam-tiessaistes-uzraudziba\\\/#breadcrumb\",\"itemListElement\":[{\"@type\":\"ListItem\",\"position\":1,\"name\":\"S\u0101kums\",\"item\":\"https:\\\/\\\/izsekosanasierices.lv\\\/\"},{\"@type\":\"ListItem\",\"position\":2,\"name\":\"Veikals\",\"item\":\"https:\\\/\\\/izsekosanasierices.lv\\\/veikals\\\/\"},{\"@type\":\"ListItem\",\"position\":3,\"name\":\"Slepena kamera ar darb\u012bbas laiku bez uzl\u0101des l\u012bdz 180 dien\u0101m (tie\u0161saistes uzraudz\u012bba)\"}]},{\"@type\":\"WebSite\",\"@id\":\"https:\\\/\\\/izsekosanasierices.lv\\\/#website\",\"url\":\"https:\\\/\\\/izsekosanasierices.lv\\\/\",\"name\":\"Nr1 Izseko\u0161anas ier\u012bces gps izseko\u0161anas iek\u0101rtas, klaus\u012b\u0161an\u0101s iek\u0101rtas\",\"description\":\"\",\"potentialAction\":[{\"@type\":\"SearchAction\",\"target\":{\"@type\":\"EntryPoint\",\"urlTemplate\":\"https:\\\/\\\/izsekosanasierices.lv\\\/?s={search_term_string}\"},\"query-input\":{\"@type\":\"PropertyValueSpecification\",\"valueRequired\":true,\"valueName\":\"search_term_string\"}}],\"inLanguage\":\"et\"}]}<\/script>\n<!-- \/ Yoast SEO plugin. -->","yoast_head_json":{"title":"Slepena kamera ar darb\u012bbas laiku bez uzl\u0101des l\u012bdz 180 dien\u0101m","description":"Sl\u0113pta nov\u0113ro\u0161anas kamera ar PIR sensoru. Darb\u012bbas laiks l\u012bdz 180 dien\u0101m bez uzl\u0101des. Tie\u0161raides uzraudz\u012bba mobilaj\u0101 t\u0101lrun\u012b. Video ierakst\u012b\u0161ana ar ska\u0146u.","robots":{"index":"index","follow":"follow","max-snippet":"max-snippet:-1","max-image-preview":"max-image-preview:large","max-video-preview":"max-video-preview:-1"},"canonical":"https:\/\/izsekosanasierices.lv\/et\/produkts\/varjatud-kaamera-mis-voimaldab-kuni-180-paeva-jarelevalveta-toimida-online-jalgimise-eesmargil\/","og_locale":"et_EE","og_type":"article","og_title":"Slepena kamera bez uzl\u0101des l\u012bdz 180 dien\u0101m (tie\u0161saistes uzraudz\u012bba)","og_description":"Sl\u0113pta nov\u0113ro\u0161anas kamera ar PIR sensoru. L\u012bdz 180 dien\u0101m ab\u0101m uzl\u0101d\u0113m, tie\u0161raide mobilaj\u0101 t\u0101lrun\u012b un l\u012bdz 180 dien\u0101m darb\u012bbas. lietotne. Video ierakst\u012b\u0161ana ar ska\u0146u","og_url":"https:\/\/izsekosanasierices.lv\/et\/produkts\/varjatud-kaamera-mis-voimaldab-kuni-180-paeva-jarelevalveta-toimida-online-jalgimise-eesmargil\/","og_site_name":"Nr1 Izseko\u0161anas ier\u012bces gps izseko\u0161anas iek\u0101rtas, klaus\u012b\u0161an\u0101s iek\u0101rtas","article_modified_time":"2025-11-19T16:01:51+00:00","og_image":[{"url":"https:\/\/rvnski.dev\/sekimoiranga\/wp-content\/uploads\/izsekosanasierices.webp","type":"","width":"","height":""}],"twitter_card":"summary_large_image","twitter_title":"Slepena kamera bez uzl\u0101des l\u012bdz 180 dien\u0101m (tie\u0161saistes uzraudz\u012bba)","twitter_description":"Sl\u0113pta nov\u0113ro\u0161anas kamera ar PIR sensoru. L\u012bdz 180 dien\u0101m ab\u0101m uzl\u0101d\u0113m, tie\u0161raide mobilaj\u0101 t\u0101lrun\u012b un l\u012bdz 180 dien\u0101m darb\u012bbas. lietotne. Video ierakst\u012b\u0161ana ar ska\u0146u","twitter_misc":{"Est. reading time":"4 minutit"},"schema":{"@context":"https:\/\/schema.org","@graph":[{"@type":"WebPage","@id":"https:\/\/izsekosanasierices.lv\/produkts\/slepena-kamera-ar-darbibas-laiku-bez-uzlades-lidz-180-dienam-tiessaistes-uzraudziba\/","url":"https:\/\/izsekosanasierices.lv\/produkts\/slepena-kamera-ar-darbibas-laiku-bez-uzlades-lidz-180-dienam-tiessaistes-uzraudziba\/","name":"Slepena kamera ar darb\u012bbas laiku bez uzl\u0101des l\u012bdz 180 dien\u0101m","isPartOf":{"@id":"https:\/\/izsekosanasierices.lv\/#website"},"primaryImageOfPage":{"@id":"https:\/\/izsekosanasierices.lv\/produkts\/slepena-kamera-ar-darbibas-laiku-bez-uzlades-lidz-180-dienam-tiessaistes-uzraudziba\/#primaryimage"},"image":{"@id":"https:\/\/izsekosanasierices.lv\/produkts\/slepena-kamera-ar-darbibas-laiku-bez-uzlades-lidz-180-dienam-tiessaistes-uzraudziba\/#primaryimage"},"thumbnailUrl":"https:\/\/izsekosanasierices.lv\/wp-content\/uploads\/izsekosanasierices-slapta-kamera-be-pakrovimo-veikia-iki-180-dienu-online-stebejimas.jpg","datePublished":"2023-10-05T15:37:43+00:00","dateModified":"2025-11-19T16:01:51+00:00","description":"Sl\u0113pta nov\u0113ro\u0161anas kamera ar PIR sensoru. Darb\u012bbas laiks l\u012bdz 180 dien\u0101m bez uzl\u0101des. Tie\u0161raides uzraudz\u012bba mobilaj\u0101 t\u0101lrun\u012b. Video ierakst\u012b\u0161ana ar ska\u0146u.","breadcrumb":{"@id":"https:\/\/izsekosanasierices.lv\/produkts\/slepena-kamera-ar-darbibas-laiku-bez-uzlades-lidz-180-dienam-tiessaistes-uzraudziba\/#breadcrumb"},"inLanguage":"et","potentialAction":[{"@type":"ReadAction","target":["https:\/\/izsekosanasierices.lv\/produkts\/slepena-kamera-ar-darbibas-laiku-bez-uzlades-lidz-180-dienam-tiessaistes-uzraudziba\/"]}]},{"@type":"ImageObject","inLanguage":"et","@id":"https:\/\/izsekosanasierices.lv\/produkts\/slepena-kamera-ar-darbibas-laiku-bez-uzlades-lidz-180-dienam-tiessaistes-uzraudziba\/#primaryimage","url":"https:\/\/izsekosanasierices.lv\/wp-content\/uploads\/izsekosanasierices-slapta-kamera-be-pakrovimo-veikia-iki-180-dienu-online-stebejimas.jpg","contentUrl":"https:\/\/izsekosanasierices.lv\/wp-content\/uploads\/izsekosanasierices-slapta-kamera-be-pakrovimo-veikia-iki-180-dienu-online-stebejimas.jpg","width":459,"height":457,"caption":"Slapta kamera be pakrovimo veikia iki 180 dien\u0173 ( online steb\u0117jimas)"},{"@type":"BreadcrumbList","@id":"https:\/\/izsekosanasierices.lv\/produkts\/slepena-kamera-ar-darbibas-laiku-bez-uzlades-lidz-180-dienam-tiessaistes-uzraudziba\/#breadcrumb","itemListElement":[{"@type":"ListItem","position":1,"name":"S\u0101kums","item":"https:\/\/izsekosanasierices.lv\/"},{"@type":"ListItem","position":2,"name":"Veikals","item":"https:\/\/izsekosanasierices.lv\/veikals\/"},{"@type":"ListItem","position":3,"name":"Slepena kamera ar darb\u012bbas laiku bez uzl\u0101des l\u012bdz 180 dien\u0101m (tie\u0161saistes uzraudz\u012bba)"}]},{"@type":"WebSite","@id":"https:\/\/izsekosanasierices.lv\/#website","url":"https:\/\/izsekosanasierices.lv\/","name":"Nr1 Izseko\u0161anas ier\u012bces gps izseko\u0161anas iek\u0101rtas, klaus\u012b\u0161an\u0101s iek\u0101rtas","description":"","potentialAction":[{"@type":"SearchAction","target":{"@type":"EntryPoint","urlTemplate":"https:\/\/izsekosanasierices.lv\/?s={search_term_string}"},"query-input":{"@type":"PropertyValueSpecification","valueRequired":true,"valueName":"search_term_string"}}],"inLanguage":"et"}]}},"_links":{"self":[{"href":"https:\/\/izsekosanasierices.lv\/et\/wp-json\/wp\/v2\/product\/1310","targetHints":{"allow":["GET"]}}],"collection":[{"href":"https:\/\/izsekosanasierices.lv\/et\/wp-json\/wp\/v2\/product"}],"about":[{"href":"https:\/\/izsekosanasierices.lv\/et\/wp-json\/wp\/v2\/types\/product"}],"wp:featuredmedia":[{"embeddable":true,"href":"https:\/\/izsekosanasierices.lv\/et\/wp-json\/wp\/v2\/media\/1859"}],"wp:attachment":[{"href":"https:\/\/izsekosanasierices.lv\/et\/wp-json\/wp\/v2\/media?parent=1310"}],"wp:term":[{"taxonomy":"product_brand","embeddable":true,"href":"https:\/\/izsekosanasierices.lv\/et\/wp-json\/wp\/v2\/product_brand?post=1310"},{"taxonomy":"product_cat","embeddable":true,"href":"https:\/\/izsekosanasierices.lv\/et\/wp-json\/wp\/v2\/product_cat?post=1310"},{"taxonomy":"product_tag","embeddable":true,"href":"https:\/\/izsekosanasierices.lv\/et\/wp-json\/wp\/v2\/product_tag?post=1310"}],"curies":[{"name":"wp","href":"https:\/\/api.w.org\/{rel}","templated":true}]}}