{"id":1311,"date":"2023-10-05T15:37:43","date_gmt":"2023-10-05T15:37:43","guid":{"rendered":"https:\/\/izsekosanasierices.lv\/produktas\/stalinis-laikrodis-su-slapta-kamera-145-laipsniu-matymo-kampas\/"},"modified":"2025-11-19T16:01:52","modified_gmt":"2025-11-19T14:01:52","slug":"galda-pulkstenis-ar-slepto-kameru-145-gradu-skata-lenkis","status":"publish","type":"product","link":"https:\/\/izsekosanasierices.lv\/et\/produkts\/peidetud-kaameraga-lauakell-145-graduga-numbrikell\/","title":{"rendered":"Lauakell koos peidetud kaameraga (145-kraadise vaatenurgaga)"},"content":{"rendered":"<p><strong><span style=\"color: #ff0000;\">PROMOTION: 32 GB micro SD kingitusena<\/span> <\/strong><\/p>\n<p><strong>Tehnilised parameetrid:<\/strong><\/p>\n<ul>\n<li>M\u00e4lukaardi tugi: micro SD 16 kuni 128 GB<\/li>\n<li>Kaugvideovalve mobiiltelefoni kaudu<\/li>\n<li>Kell n\u00e4itab aega, kui \u00fclemist nuppu vajutatakse.<\/li>\n<li>Video salvestamine koos heliga<\/li>\n<li>Kaamera 2 mpx<\/li>\n<li>Salvestuslahutus: Full HD 1920 x 1080 px<\/li>\n<li>Ootere\u017eiim: kuni 360 p\u00e4eva<\/li>\n<li>Videoformaat: avi | max 25 fps<\/li>\n<li>Pildi resolutsioon: 1920 x 1080 px<\/li>\n<li>Vaatev\u00e4li: 145\u00b0, v\u00e4ga lai<\/li>\n<li>Heli: m\u00fcrasummutusmikrofon<\/li>\n<li>\u00d6ine n\u00e4htavus: 5 meetrit<\/li>\n<li>Online-seire (mobiilirakenduse kaudu)<\/li>\n<li>Liikumisandur (PIR)<\/li>\n<li>Pidev videosalvestus<\/li>\n<li>Video kodeerimine : H264<\/li>\n<li>Sisaldab WiFi kaamerat, micro SD kaardilugejat, USB-kaablit, toiteallikat.<\/li>\n<li><strong>Garantii 12 kuud<\/strong><\/li>\n<\/ul>\n<p><span style=\"color: #ff0000;\"><strong>Vajad kiiret sama p\u00e4eva (ja n\u00e4dalavahetuse) kohaletoimetamist?  Helistage +37120484176<\/strong><\/span><\/p>\n<p>&nbsp;<\/p>\n<p><strong>Lauakell koos peidetud kaameraga (145-kraadise vaatenurgaga)<\/strong><\/p>\n<p>Salakaamera kasutamine v\u00f5ib paljudes olukordades olla k\u00f5ige kuluefektiivsem lahendus. Kui eesm\u00e4rk on panna inimesed k\u00e4ituma nii, nagu nad tavaliselt k\u00e4ituksid, on salakaamera kasutamine kiirem ja lihtsam, et saada kogu soovitud teave. Lauakell on \u00fcks neist seadmetest, mida v\u00f5ib leida peaaegu igast kodust, mist\u00f5ttu tootjad otsustavad neisse seadmetesse varjatud kaameraid peita. Lauakell ei tekita kindlasti kahtlusi, seega saate probleemideta koguda olulist teavet.<\/p>\n<p><strong>Millal peaksin kaaluma salakaamera kasutamist?<\/strong><\/p>\n<p>On palju olukordi, kus salajane kaamera v\u00f5ib olla kasulik. N\u00e4iteks v\u00f5ib see aidata teil v\u00e4lja selgitada, kas teie koju tulev lapsehoidja kohtleb teie lapsi korralikult. Peidetud kaameraga lauakaamera v\u00f5ib olla kasulik ka siis, kui soovite teada saada, kas teie partner on truu, v\u00f5i kui soovite kontrollida, mida lapsed teevad. Lemmikloomade omanikud saavad kaamera abil teada, kas koer haugub, kas ta haugub, kui ta kuuleb teatavaid helisid, kas ta tunneb end rahutuna, kui omanikud ei ole kodus jne. Teatud olukordades v\u00f5ib salakaamera aidata kodu kaitsta: kui kutsumata inimesed sisenevad ruumidesse, v\u00f5ib salakaamera nende tegevust j\u00e4\u00e4dvustada. Tasub meeles pidada, et h\u00e4iresignaalid peletavad tavaliselt vaid v\u00f5imalikke murdvargaid, samas kui kaamera poolt j\u00e4\u00e4dvustatud pildid v\u00f5i videomaterjalid v\u00f5ivad olla kasulikuks vihjeks.<\/p>\n<p><strong>Funktsionaalne seade<\/strong><\/p>\n<p>Lauakellaks maskeeritud salakaamera on funktsionaalne seade, mis mitte ainult ei salvesta videot, vaid n\u00e4itab ka kellaaega, kuup\u00e4eva jne. M\u00f5ned turul olevad CCTV-seadmed imiteerivad ainult teatavaid majapidamises kasutatavaid esemeid, kuid see seade toimib ka kellana.<\/p>\n<p><strong>Lai vaatenurk<\/strong><\/p>\n<p>Lauakellasse peidetud kaameral on lai vaatenurk - see suudab j\u00e4\u00e4dvustada kuni 145 kraadi. Asetage see lihtsalt tuppa lauale ja saate ilma suurema vaevata koguda piisavalt teavet oma vajaduste rahuldamiseks.<\/p>\n<p><strong>Pikk ooteaeg aku kestab kaua<\/strong><\/p>\n<p>Seadme aku v\u00f5ib ootere\u017eiimis olla kuni aasta, nii et te ei pea muretsema, et aku t\u00fchjenemise t\u00f5ttu j\u00e4\u00e4b midagi olulist vahele. Alternatiivselt saab valvekaameraga lauakella \u00fchendada pistikupessa, mis annab seadmele piiramatu t\u00f6\u00f6aja.<\/p>\n<p><strong>Liikumise tuvastamise funktsioon<\/strong><\/p>\n<p>Pole vaja pidevalt kontrollida, mis toimub j\u00e4lgitavas keskkonnas: salakaameraga lauakell on varustatud liikumistuvastuse funktsiooniga, mis tagab, et liikumise tuvastamise korral saate teate (teated saadetakse seadmes olevasse rakendusse). See funktsioon on eriti kasulik, kui te ei soovi, et teie kodus viibiksid inimesed: liikumise tuvastamise korral saate teate, et teie kodus toimub midagi ebatavalist, nii et saate kohe reageerida.<\/p>\n<p><strong>Lihtne kasutada<\/strong><\/p>\n<p>Seda peidetud kaamerat on v\u00e4ga lihtne kasutada: teil on vaja vaid laadida oma nutiseadmesse rakendus, mis v\u00f5imaldab teil j\u00e4lgida pilte reaalajas. \u00dcksk\u00f5ik, kus te ka ei viibiksite, kas t\u00f6\u00f6l v\u00f5i v\u00e4lismaal, saate rakendusse sisse logida ja kontrollida, kas kodus on k\u00f5ik korras. Kui m\u00e4rkate midagi ebatavalist v\u00f5i valesti, saate vastavalt reageerida, v\u00e4ltides nii materiaalset v\u00f5i moraalset kahju. Saate vaadata salajasi kaadreid oma nutitelefonist - CCTV rakendused on saadaval Androidile ja iOSile.<\/p>\n<p><strong>Hajutage oma kahtlused<\/strong><\/p>\n<p>Kui teil on v\u00e4himgi kahtlus teatud isikute tegevuse suhtes, \u00e4rge k\u00f5hkle ostma seda lauaarvutikellaks maskeeritud kaamerat. See aitab teil koguda teavet ja lihtsustab vastuste saamist k\u00f5ikidele k\u00fcsimustele. T\u00e4na saate seda peidetud kaamerat osta t\u00f5eliselt soodsa hinnaga, seega kasutage seda v\u00f5imalust!<\/p>\n<p>&nbsp;<\/p>","protected":false},"excerpt":{"rendered":"<p>\u00c4ratuskell koos salajase kaameraga. Suurep\u00e4rane pildikvaliteet. Otse online mobiiltelefoni kaudu. Videosalvestus koos heliga. Liikumistuvastuse andur.<\/p>","protected":false},"featured_media":1870,"template":"","meta":[],"product_brand":[],"product_cat":[330,321,331],"product_tag":[332,325,23,333,334,328,29],"class_list":{"0":"post-1311","1":"product","2":"type-product","3":"status-publish","4":"has-post-thumbnail","6":"product_cat-masketas-kameras","7":"product_cat-sleptas-kameras","8":"product_cat-wi-fi-slepenas-kameras","9":"product_tag-izsekosanas-iekartas","10":"product_tag-izsekosanas-kamera","11":"product_tag-kamera","12":"product_tag-kameras-pulkstenis","13":"product_tag-masketa-kamera","14":"product_tag-slepena-kamera","15":"product_tag-wi-fi-kamera","17":"first","18":"outofstock","19":"taxable","20":"shipping-taxable","21":"purchasable","22":"product-type-simple"},"yoast_head":"<!-- This site is optimized with the Yoast SEO plugin v27.5 - https:\/\/yoast.com\/product\/yoast-seo-wordpress\/ -->\n<title>Slepena kamera m\u0101jas nov\u0113ro\u0161anai | aukles vai \u0123imenes locek\u013ci<\/title>\n<meta name=\"description\" content=\"Modin\u0101t\u0101js ar slepeno kameru Izcila att\u0113la kvalit\u0101te Tie\u0161raide tie\u0161saist\u0113 izmantojot mobilo t\u0101lruni Video ierakst\u012b\u0161ana ar ska\u0146u Kust\u012bbu noteik\u0161anas sensors\" \/>\n<meta name=\"robots\" content=\"index, follow, max-snippet:-1, max-image-preview:large, max-video-preview:-1\" \/>\n<link rel=\"canonical\" href=\"https:\/\/izsekosanasierices.lv\/et\/produkts\/peidetud-kaameraga-lauakell-145-graduga-numbrikell\/\" \/>\n<meta property=\"og:locale\" content=\"et_EE\" \/>\n<meta property=\"og:type\" content=\"article\" \/>\n<meta property=\"og:title\" content=\"Slepena kamera m\u0101jas nov\u0113ro\u0161anai | aukles vai \u0123imenes locek\u013ci\" \/>\n<meta property=\"og:description\" content=\"Modin\u0101t\u0101js ar slepeno kameru - izcila att\u0113la kvalit\u0101te, tie\u0161raide tie\u0161saist\u0113, izmantojot mobilo t\u0101lruni. Video ierakst\u012b\u0161ana ar ska\u0146u, kust\u012bbas sensors\" \/>\n<meta property=\"og:url\" content=\"https:\/\/izsekosanasierices.lv\/et\/produkts\/peidetud-kaameraga-lauakell-145-graduga-numbrikell\/\" \/>\n<meta property=\"og:site_name\" content=\"Nr1 Izseko\u0161anas ier\u012bces gps izseko\u0161anas iek\u0101rtas, klaus\u012b\u0161an\u0101s iek\u0101rtas\" \/>\n<meta property=\"article:modified_time\" content=\"2025-11-19T14:01:52+00:00\" \/>\n<meta property=\"og:image\" content=\"https:\/\/rvnski.dev\/sekimoiranga\/wp-content\/uploads\/izsekosanasierices.webp\" \/>\n<meta name=\"twitter:card\" content=\"summary_large_image\" \/>\n<meta name=\"twitter:title\" content=\"Slepena kamera m\u0101jas nov\u0113ro\u0161anai | aukles vai \u0123imenes locek\u013ci\" \/>\n<meta name=\"twitter:description\" content=\"Modin\u0101t\u0101js ar slepeno kameru - izcila att\u0113la kvalit\u0101te, tie\u0161raide tie\u0161saist\u0113, izmantojot mobilo t\u0101lruni. Video ierakst\u012b\u0161ana ar ska\u0146u, kust\u012bbas sensors\" \/>\n<meta name=\"twitter:label1\" content=\"Est. reading time\" \/>\n\t<meta name=\"twitter:data1\" content=\"4 minutit\" \/>\n<script type=\"application\/ld+json\" class=\"yoast-schema-graph\">{\"@context\":\"https:\\\/\\\/schema.org\",\"@graph\":[{\"@type\":\"WebPage\",\"@id\":\"https:\\\/\\\/izsekosanasierices.lv\\\/produkts\\\/galda-pulkstenis-ar-slepto-kameru-145-gradu-skata-lenkis\\\/\",\"url\":\"https:\\\/\\\/izsekosanasierices.lv\\\/produkts\\\/galda-pulkstenis-ar-slepto-kameru-145-gradu-skata-lenkis\\\/\",\"name\":\"Slepena kamera m\u0101jas nov\u0113ro\u0161anai | aukles vai \u0123imenes locek\u013ci\",\"isPartOf\":{\"@id\":\"https:\\\/\\\/izsekosanasierices.lv\\\/#website\"},\"primaryImageOfPage\":{\"@id\":\"https:\\\/\\\/izsekosanasierices.lv\\\/produkts\\\/galda-pulkstenis-ar-slepto-kameru-145-gradu-skata-lenkis\\\/#primaryimage\"},\"image\":{\"@id\":\"https:\\\/\\\/izsekosanasierices.lv\\\/produkts\\\/galda-pulkstenis-ar-slepto-kameru-145-gradu-skata-lenkis\\\/#primaryimage\"},\"thumbnailUrl\":\"https:\\\/\\\/izsekosanasierices.lv\\\/wp-content\\\/uploads\\\/izsekosanasierices-stalinis-laikrodis-su-slapta-kamera-145-laipsniu-matymo-kampas.jpg\",\"datePublished\":\"2023-10-05T15:37:43+00:00\",\"dateModified\":\"2025-11-19T14:01:52+00:00\",\"description\":\"Modin\u0101t\u0101js ar slepeno kameru Izcila att\u0113la kvalit\u0101te Tie\u0161raide tie\u0161saist\u0113 izmantojot mobilo t\u0101lruni Video ierakst\u012b\u0161ana ar ska\u0146u Kust\u012bbu noteik\u0161anas sensors\",\"breadcrumb\":{\"@id\":\"https:\\\/\\\/izsekosanasierices.lv\\\/produkts\\\/galda-pulkstenis-ar-slepto-kameru-145-gradu-skata-lenkis\\\/#breadcrumb\"},\"inLanguage\":\"et\",\"potentialAction\":[{\"@type\":\"ReadAction\",\"target\":[\"https:\\\/\\\/izsekosanasierices.lv\\\/produkts\\\/galda-pulkstenis-ar-slepto-kameru-145-gradu-skata-lenkis\\\/\"]}]},{\"@type\":\"ImageObject\",\"inLanguage\":\"et\",\"@id\":\"https:\\\/\\\/izsekosanasierices.lv\\\/produkts\\\/galda-pulkstenis-ar-slepto-kameru-145-gradu-skata-lenkis\\\/#primaryimage\",\"url\":\"https:\\\/\\\/izsekosanasierices.lv\\\/wp-content\\\/uploads\\\/izsekosanasierices-stalinis-laikrodis-su-slapta-kamera-145-laipsniu-matymo-kampas.jpg\",\"contentUrl\":\"https:\\\/\\\/izsekosanasierices.lv\\\/wp-content\\\/uploads\\\/izsekosanasierices-stalinis-laikrodis-su-slapta-kamera-145-laipsniu-matymo-kampas.jpg\",\"width\":800,\"height\":800,\"caption\":\"Slapta kamera be pakrovimo veikia iki 180 dien\u0173 ( online steb\u0117jimas)\"},{\"@type\":\"BreadcrumbList\",\"@id\":\"https:\\\/\\\/izsekosanasierices.lv\\\/produkts\\\/galda-pulkstenis-ar-slepto-kameru-145-gradu-skata-lenkis\\\/#breadcrumb\",\"itemListElement\":[{\"@type\":\"ListItem\",\"position\":1,\"name\":\"S\u0101kums\",\"item\":\"https:\\\/\\\/izsekosanasierices.lv\\\/\"},{\"@type\":\"ListItem\",\"position\":2,\"name\":\"Veikals\",\"item\":\"https:\\\/\\\/izsekosanasierices.lv\\\/veikals\\\/\"},{\"@type\":\"ListItem\",\"position\":3,\"name\":\"Galda pulkstenis ar sl\u0113pto kameru (145 gr\u0101du skata le\u0146\u0137is)\"}]},{\"@type\":\"WebSite\",\"@id\":\"https:\\\/\\\/izsekosanasierices.lv\\\/#website\",\"url\":\"https:\\\/\\\/izsekosanasierices.lv\\\/\",\"name\":\"Nr1 Izseko\u0161anas ier\u012bces gps izseko\u0161anas iek\u0101rtas, klaus\u012b\u0161an\u0101s iek\u0101rtas\",\"description\":\"\",\"potentialAction\":[{\"@type\":\"SearchAction\",\"target\":{\"@type\":\"EntryPoint\",\"urlTemplate\":\"https:\\\/\\\/izsekosanasierices.lv\\\/?s={search_term_string}\"},\"query-input\":{\"@type\":\"PropertyValueSpecification\",\"valueRequired\":true,\"valueName\":\"search_term_string\"}}],\"inLanguage\":\"et\"}]}<\/script>\n<!-- \/ Yoast SEO plugin. -->","yoast_head_json":{"title":"Slepena kamera m\u0101jas nov\u0113ro\u0161anai | aukles vai \u0123imenes locek\u013ci","description":"Modin\u0101t\u0101js ar slepeno kameru Izcila att\u0113la kvalit\u0101te Tie\u0161raide tie\u0161saist\u0113 izmantojot mobilo t\u0101lruni Video ierakst\u012b\u0161ana ar ska\u0146u Kust\u012bbu noteik\u0161anas sensors","robots":{"index":"index","follow":"follow","max-snippet":"max-snippet:-1","max-image-preview":"max-image-preview:large","max-video-preview":"max-video-preview:-1"},"canonical":"https:\/\/izsekosanasierices.lv\/et\/produkts\/peidetud-kaameraga-lauakell-145-graduga-numbrikell\/","og_locale":"et_EE","og_type":"article","og_title":"Slepena kamera m\u0101jas nov\u0113ro\u0161anai | aukles vai \u0123imenes locek\u013ci","og_description":"Modin\u0101t\u0101js ar slepeno kameru - izcila att\u0113la kvalit\u0101te, tie\u0161raide tie\u0161saist\u0113, izmantojot mobilo t\u0101lruni. Video ierakst\u012b\u0161ana ar ska\u0146u, kust\u012bbas sensors","og_url":"https:\/\/izsekosanasierices.lv\/et\/produkts\/peidetud-kaameraga-lauakell-145-graduga-numbrikell\/","og_site_name":"Nr1 Izseko\u0161anas ier\u012bces gps izseko\u0161anas iek\u0101rtas, klaus\u012b\u0161an\u0101s iek\u0101rtas","article_modified_time":"2025-11-19T14:01:52+00:00","og_image":[{"url":"https:\/\/rvnski.dev\/sekimoiranga\/wp-content\/uploads\/izsekosanasierices.webp","type":"","width":"","height":""}],"twitter_card":"summary_large_image","twitter_title":"Slepena kamera m\u0101jas nov\u0113ro\u0161anai | aukles vai \u0123imenes locek\u013ci","twitter_description":"Modin\u0101t\u0101js ar slepeno kameru - izcila att\u0113la kvalit\u0101te, tie\u0161raide tie\u0161saist\u0113, izmantojot mobilo t\u0101lruni. Video ierakst\u012b\u0161ana ar ska\u0146u, kust\u012bbas sensors","twitter_misc":{"Est. reading time":"4 minutit"},"schema":{"@context":"https:\/\/schema.org","@graph":[{"@type":"WebPage","@id":"https:\/\/izsekosanasierices.lv\/produkts\/galda-pulkstenis-ar-slepto-kameru-145-gradu-skata-lenkis\/","url":"https:\/\/izsekosanasierices.lv\/produkts\/galda-pulkstenis-ar-slepto-kameru-145-gradu-skata-lenkis\/","name":"Slepena kamera m\u0101jas nov\u0113ro\u0161anai | aukles vai \u0123imenes locek\u013ci","isPartOf":{"@id":"https:\/\/izsekosanasierices.lv\/#website"},"primaryImageOfPage":{"@id":"https:\/\/izsekosanasierices.lv\/produkts\/galda-pulkstenis-ar-slepto-kameru-145-gradu-skata-lenkis\/#primaryimage"},"image":{"@id":"https:\/\/izsekosanasierices.lv\/produkts\/galda-pulkstenis-ar-slepto-kameru-145-gradu-skata-lenkis\/#primaryimage"},"thumbnailUrl":"https:\/\/izsekosanasierices.lv\/wp-content\/uploads\/izsekosanasierices-stalinis-laikrodis-su-slapta-kamera-145-laipsniu-matymo-kampas.jpg","datePublished":"2023-10-05T15:37:43+00:00","dateModified":"2025-11-19T14:01:52+00:00","description":"Modin\u0101t\u0101js ar slepeno kameru Izcila att\u0113la kvalit\u0101te Tie\u0161raide tie\u0161saist\u0113 izmantojot mobilo t\u0101lruni Video ierakst\u012b\u0161ana ar ska\u0146u Kust\u012bbu noteik\u0161anas sensors","breadcrumb":{"@id":"https:\/\/izsekosanasierices.lv\/produkts\/galda-pulkstenis-ar-slepto-kameru-145-gradu-skata-lenkis\/#breadcrumb"},"inLanguage":"et","potentialAction":[{"@type":"ReadAction","target":["https:\/\/izsekosanasierices.lv\/produkts\/galda-pulkstenis-ar-slepto-kameru-145-gradu-skata-lenkis\/"]}]},{"@type":"ImageObject","inLanguage":"et","@id":"https:\/\/izsekosanasierices.lv\/produkts\/galda-pulkstenis-ar-slepto-kameru-145-gradu-skata-lenkis\/#primaryimage","url":"https:\/\/izsekosanasierices.lv\/wp-content\/uploads\/izsekosanasierices-stalinis-laikrodis-su-slapta-kamera-145-laipsniu-matymo-kampas.jpg","contentUrl":"https:\/\/izsekosanasierices.lv\/wp-content\/uploads\/izsekosanasierices-stalinis-laikrodis-su-slapta-kamera-145-laipsniu-matymo-kampas.jpg","width":800,"height":800,"caption":"Slapta kamera be pakrovimo veikia iki 180 dien\u0173 ( online steb\u0117jimas)"},{"@type":"BreadcrumbList","@id":"https:\/\/izsekosanasierices.lv\/produkts\/galda-pulkstenis-ar-slepto-kameru-145-gradu-skata-lenkis\/#breadcrumb","itemListElement":[{"@type":"ListItem","position":1,"name":"S\u0101kums","item":"https:\/\/izsekosanasierices.lv\/"},{"@type":"ListItem","position":2,"name":"Veikals","item":"https:\/\/izsekosanasierices.lv\/veikals\/"},{"@type":"ListItem","position":3,"name":"Galda pulkstenis ar sl\u0113pto kameru (145 gr\u0101du skata le\u0146\u0137is)"}]},{"@type":"WebSite","@id":"https:\/\/izsekosanasierices.lv\/#website","url":"https:\/\/izsekosanasierices.lv\/","name":"Nr1 Izseko\u0161anas ier\u012bces gps izseko\u0161anas iek\u0101rtas, klaus\u012b\u0161an\u0101s iek\u0101rtas","description":"","potentialAction":[{"@type":"SearchAction","target":{"@type":"EntryPoint","urlTemplate":"https:\/\/izsekosanasierices.lv\/?s={search_term_string}"},"query-input":{"@type":"PropertyValueSpecification","valueRequired":true,"valueName":"search_term_string"}}],"inLanguage":"et"}]}},"_links":{"self":[{"href":"https:\/\/izsekosanasierices.lv\/et\/wp-json\/wp\/v2\/product\/1311","targetHints":{"allow":["GET"]}}],"collection":[{"href":"https:\/\/izsekosanasierices.lv\/et\/wp-json\/wp\/v2\/product"}],"about":[{"href":"https:\/\/izsekosanasierices.lv\/et\/wp-json\/wp\/v2\/types\/product"}],"wp:featuredmedia":[{"embeddable":true,"href":"https:\/\/izsekosanasierices.lv\/et\/wp-json\/wp\/v2\/media\/1870"}],"wp:attachment":[{"href":"https:\/\/izsekosanasierices.lv\/et\/wp-json\/wp\/v2\/media?parent=1311"}],"wp:term":[{"taxonomy":"product_brand","embeddable":true,"href":"https:\/\/izsekosanasierices.lv\/et\/wp-json\/wp\/v2\/product_brand?post=1311"},{"taxonomy":"product_cat","embeddable":true,"href":"https:\/\/izsekosanasierices.lv\/et\/wp-json\/wp\/v2\/product_cat?post=1311"},{"taxonomy":"product_tag","embeddable":true,"href":"https:\/\/izsekosanasierices.lv\/et\/wp-json\/wp\/v2\/product_tag?post=1311"}],"curies":[{"name":"wp","href":"https:\/\/api.w.org\/{rel}","templated":true}]}}