{"id":1312,"date":"2023-10-05T15:37:43","date_gmt":"2023-10-05T15:37:43","guid":{"rendered":"https:\/\/izsekosanasierices.lv\/produktas\/vidaus-kamera-su-wi-fi-pakabinama-ant-sienos\/"},"modified":"2025-11-19T15:57:54","modified_gmt":"2025-11-19T13:57:54","slug":"iekstelpas-izmantojama-slepta-kamera-ar-wifi-uzstadama-pie-sienas","status":"publish","type":"product","link":"https:\/\/izsekosanasierices.lv\/et\/produkts\/seinale-paigaldatud-wifiga-peidetud-kaamera-kasutamine-ruumis\/","title":{"rendered":"WiFi-ga peidetud sisekaamera, seinale paigaldatav"},"content":{"rendered":"<h3><strong>Tehnilised parameetrid:<\/strong><\/h3>\n<ul>\n<li>M\u00e4lukaardi tugi: micro SD\/SDHC kuni 64 GB (ei kuulu komplekti)<\/li>\n<li>Video salvestamine koos heliga<\/li>\n<li>Kaamera 2 mpx<\/li>\n<li>Salvestuslahutus: Full HD 1920 x 1080 px<\/li>\n<li>Kuni 180 p\u00e4eva ilma laadimiseta (ootere\u017eiim)<\/li>\n<li>Videoformaat: avi | max 25 fps<\/li>\n<li>Pildi resolutsioon: 1920 x 1080 px<\/li>\n<li>Vaatamisnurk: 145\u00b0 v\u00e4ga lai<\/li>\n<li>Heli: m\u00fcrasummutusmikrofon<\/li>\n<li>\u00dchendusstandard: USB<\/li>\n<li>\u00d6ine n\u00e4htavus 5 meetrit<\/li>\n<li>Online-seire (mobiilirakenduse kaudu)<\/li>\n<li>Liikumisandur (PIR)<\/li>\n<li>Pidev videosalvestus<\/li>\n<li>Videokodeerimine: H264<\/li>\n<li>Sisaldab kaamerat koos <strong>WiFi<\/strong> (imitatsioon), micro SD kaardilugeja, USB-kaabel, toiteallikas<\/li>\n<li>M\u00f5\u00f5tmed: 41 x 38 x 33 cm<\/li>\n<li><strong>Garantii 12 kuud<\/strong><\/li>\n<\/ul>\n<p><span style=\"color: #ff0000;\"><strong>Kas vajate n\u00f5u v\u00f5i ei saa broneeringut? <\/strong><strong>Helista <\/strong><strong>+37120484176<\/strong><\/span><\/p>\n<p><strong>\u00a0<\/strong><strong>Peidetud kaamera koos <\/strong><strong>WiFi<\/strong><strong> ja liikumisandur<\/strong><\/p>\n<p>Salakaamerate kasutamine on viimastel aastatel m\u00e4rkimisv\u00e4\u00e4rselt suurenenud. See ei ole \u00fcllatav - tootjad pakuvad \u00fcha enam varjatud videovalvekaameraid kasutamiseks kodus ja t\u00f6\u00f6kohal. On \u00fctlematagi selge, et meie turvalisus peab olema esikohal ning salakaamera kasutamine aitab koguda kogu asjakohast teavet ebaseadusliku tegevuse kohta ja v\u00f5ib olla t\u00f5eliselt kindel t\u00f5end konkreetsete isikute tegevuse kohta. Kuigi siseruumide turvalisuse tagamiseks valitakse ikka veel \u00fcsna sageli h\u00e4ireid, tuleb meeles pidada, et need aitavad lihtsalt peletada \u00e4ra kurjategijaid, keda sageli ei tabata. Kui soovite olla kindel, et kogutud t\u00f5endusmaterjal on piisavalt veenev, on peidetud kaamera koos <strong>WiFi<\/strong>.<\/p>\n<p><strong>Millal v\u00f5iks selline seade olla parim valik?<\/strong><\/p>\n<p>Varjatud kaamerad v\u00f5ivad olla kasulikud v\u00e4ga tavalistes olukordades, kus soovite saada teatud teavet. Kui teil on kahtlusi, kas teie koju tulev lapsehoidja kohtleb teie lapsi korralikult, siis salakaamera kasutamine muudab nende professionaalsuse hindamise palju lihtsamaks. Lastel ei ole alati v\u00f5imalust r\u00e4\u00e4kida sellest, kuidas \u00f5petajad v\u00f5i lapsehoidjad neid kohtlevad, nii et salakaamera paigaldamine v\u00f5ib lihtsustada parimate spetsialistide v\u00e4ljaselgitamist. Kui m\u00e4rkate ebaregulaarset tegevust, saate kohe tegutseda. Salakaameraid kasutatakse m\u00f5nikord ka siis, kui on kahtlusi partneri usaldusv\u00e4\u00e4rsuses. Paigaldage salakaamera teatud piirkonda majas ja saate kiiresti juurdep\u00e4\u00e4su vajalikule teabele.<\/p>\n<p><strong>Lihtne peita<\/strong><\/p>\n<p>Peidetud kaamera koos <strong>WiFi<\/strong> on v\u00e4ike, nii et seda on lihtne . V\u00f5ite olla kindel, et ruumis viibivad inimesed ei saa isegi aru, et neid v\u00f5idakse j\u00e4lgida, nii et nad j\u00e4tkavad tavap\u00e4raselt. Meedias on palju lugusid sellest, kuidas salakaamera on aidanud asju v\u00e4lja selgitada, nii et kes teab, v\u00f5ib-olla saate vajaliku teabe kiiresti ja lihtsalt k\u00e4tte.<\/p>\n<p><strong>Liikumisanduri funktsioon<\/strong><\/p>\n<p>Ei ole vaja pidevalt kontrollida, kas ruumis toimub midagi: peidetud kaamera on varustatud PIR-liikumisanduriga, mis teavitab kasutajat, kui ruumis avastatakse liikumist. Saate valvekaamera aktiveerida ainult siis, kui seda vajate, nii et te ei pea raiskama aega \"t\u00fchjade\" videomaterjalide l\u00e4bit\u00f6\u00f6tamisele. Kaamera t\u00f6\u00f6tab ootere\u017eiimis, kui keegi ei viibi ruumis. See aitab ka seadme akut s\u00e4\u00e4sta.<\/p>\n<p><strong>Pikk aku ooteaeg<\/strong><\/p>\n<p>Wi-fi <em>stealth <\/em>kaamera aku ei t\u00fchjene kuni 180 p\u00e4eva ootere\u017eiimis. Te ei pea muretsema selle p\u00e4rast, et <em>stealth<\/em> kaamera aku saab t\u00fchjaks k\u00f5ige halvemal v\u00f5imalikul hetkel: akus\u00e4\u00e4stlik ootere\u017eiim t\u00e4hendab, et te ei pea p\u00e4evade jooksul m\u00f5tlema seadme laadimisele.<\/p>\n<p><strong>Kvaliteetne pilt koos heliga<\/strong><\/p>\n<p>M\u00f5ned peidetud kaamerad suudavad j\u00e4\u00e4dvustada ainult visuaalset salvestust, kuid mitte heli. Selle peidetud kaameraga saate aga palju rohkem teavet: te ei n\u00e4e mitte ainult seda, mis ruumis toimub, vaid saate ka vestlusi pealt kuulata. Selle kaamera teeb suurep\u00e4raseks see, et see j\u00e4\u00e4dvustab kvaliteetseid pilte, mis v\u00f5imaldab teil saada v\u00e4ga \u00fcksikasjalikku videomaterjali.<\/p>\n<p><strong>Lihtsalt kasutatav kaamera<\/strong><\/p>\n<p>Seda salakaamerat on lihtne kasutada: laadige alla rakendus, mis teavitab teid liikumise tuvastamisest, ja saate j\u00e4lgida ruumi reaalajas. \u00dcksk\u00f5ik, kus maailmas te ka ei viibiksite, saate igal ajal rakendusele ligi ja n\u00e4ha, mis toimub teid huvitavas ruumis. Kaamerarakendus on saadaval k\u00f5igis nutiseadmetes, mis toetavad Android- v\u00f5i iOS-tarkvara. Kui j\u00e4rgite juhiseid, saate oma salakaamera v\u00e4ga kiiresti \u00fchendada ja kohe salvestama hakata.<\/p>\n<p><strong>\u00c4ra lase enesekindlusel end piinata!<\/strong><\/p>\n<p>M\u00f5nda teavet ei pruugi te kunagi teada, nii et kui kahtlete, ostke lihtsalt salajane kaamera koos <strong>WiFi<\/strong>mis aitab k\u00f5rvaldada kahtlused ja muudab otsustusprotsessi palju lihtsamaks. N\u00fc\u00fcd on v\u00f5imalik osta varjatud kaamera v\u00e4ga soodsa hinnaga, nii et t\u00f5esti ei ole vaja muretseda, et selline seade v\u00f5ib n\u00f5uda liigset investeeringut. Kui kahtlete, kas see kaamera v\u00f5iks olla teie jaoks parim valik, konsulteerige meie ekspertidega, kes annavad teile kasulikke n\u00f5uandeid.<\/p>","protected":false},"excerpt":{"rendered":"<p>Seinale paigaldatav videokaamera koos <strong>WiFi<\/strong>. 24\/7 videovalve k\u00f5ikjal maailmas. K\u00f5rge pildikvaliteet. PIR liikumisandur saadab liikumise tuvastamisel teate.<\/p>","protected":false},"featured_media":1881,"template":"","meta":[],"product_brand":[],"product_cat":[330,321,331],"product_tag":[332,325,23,333,334,328,29],"class_list":{"0":"post-1312","1":"product","2":"type-product","3":"status-publish","4":"has-post-thumbnail","6":"product_cat-masketas-kameras","7":"product_cat-sleptas-kameras","8":"product_cat-wi-fi-slepenas-kameras","9":"product_tag-izsekosanas-iekartas","10":"product_tag-izsekosanas-kamera","11":"product_tag-kamera","12":"product_tag-kameras-pulkstenis","13":"product_tag-masketa-kamera","14":"product_tag-slepena-kamera","15":"product_tag-wi-fi-kamera","17":"first","18":"outofstock","19":"taxable","20":"shipping-taxable","21":"purchasable","22":"product-type-simple"},"yoast_head":"<!-- This site is optimized with the Yoast SEO plugin v27.5 - https:\/\/yoast.com\/product\/yoast-seo-wordpress\/ -->\n<title>Sl\u0113pta videokamera ar PIR sensoru nakts redzam\u012bbas nov\u0113ro\u0161anai<\/title>\n<meta name=\"description\" content=\"Pie sienas uzst\u0101d\u0101ma videokamera ar wifi Iesp\u0113ja veikt videonov\u0113ro\u0161anu 24\/7 jebkuras vietas pasaul\u0113 pir kust\u012bbas sensors s\u016bta zi\u0146ojumu par konstat\u0113to kust\u012bbu\" \/>\n<meta name=\"robots\" content=\"index, follow, max-snippet:-1, max-image-preview:large, max-video-preview:-1\" \/>\n<link rel=\"canonical\" href=\"https:\/\/izsekosanasierices.lv\/et\/produkts\/seinale-paigaldatud-wifiga-peidetud-kaamera-kasutamine-ruumis\/\" \/>\n<meta property=\"og:locale\" content=\"et_EE\" \/>\n<meta property=\"og:type\" content=\"article\" \/>\n<meta property=\"og:title\" content=\"Sl\u0113pta videokamera ar PIR sensoru nakts redzam\u012bbas nov\u0113ro\u0161anai ONLINE\" \/>\n<meta property=\"og:description\" content=\"Pie sienas uzst\u0101d\u0101ma videokamera ar wi fi - skatieties no jebkuras vietas pasaul\u0113. Augstas kvalit\u0101tes att\u0113ls, PIR kust\u012bbas sensors - zi\u0146o par kust\u012bbu\" \/>\n<meta property=\"og:url\" content=\"https:\/\/izsekosanasierices.lv\/et\/produkts\/seinale-paigaldatud-wifiga-peidetud-kaamera-kasutamine-ruumis\/\" \/>\n<meta property=\"og:site_name\" content=\"Nr1 Izseko\u0161anas ier\u012bces gps izseko\u0161anas iek\u0101rtas, klaus\u012b\u0161an\u0101s iek\u0101rtas\" \/>\n<meta property=\"article:modified_time\" content=\"2025-11-19T13:57:54+00:00\" \/>\n<meta property=\"og:image\" content=\"https:\/\/rvnski.dev\/sekimoiranga\/wp-content\/uploads\/izsekosanasierices.webp\" \/>\n<meta name=\"twitter:card\" content=\"summary_large_image\" \/>\n<meta name=\"twitter:title\" content=\"Sl\u0113pta videokamera ar PIR sensoru nakts redzam\u012bbas nov\u0113ro\u0161anai ONLINE\" \/>\n<meta name=\"twitter:description\" content=\"Pie sienas uzst\u0101d\u0101ma videokamera ar wi fi - skatieties no jebkuras vietas pasaul\u0113. Augstas kvalit\u0101tes att\u0113ls, PIR kust\u012bbas sensors - zi\u0146o par kust\u012bbu\" \/>\n<meta name=\"twitter:label1\" content=\"Est. reading time\" \/>\n\t<meta name=\"twitter:data1\" content=\"4 minutit\" \/>\n<script type=\"application\/ld+json\" class=\"yoast-schema-graph\">{\"@context\":\"https:\\\/\\\/schema.org\",\"@graph\":[{\"@type\":\"WebPage\",\"@id\":\"https:\\\/\\\/izsekosanasierices.lv\\\/produkts\\\/iekstelpas-izmantojama-slepta-kamera-ar-wifi-uzstadama-pie-sienas\\\/\",\"url\":\"https:\\\/\\\/izsekosanasierices.lv\\\/produkts\\\/iekstelpas-izmantojama-slepta-kamera-ar-wifi-uzstadama-pie-sienas\\\/\",\"name\":\"Sl\u0113pta videokamera ar PIR sensoru nakts redzam\u012bbas nov\u0113ro\u0161anai\",\"isPartOf\":{\"@id\":\"https:\\\/\\\/izsekosanasierices.lv\\\/#website\"},\"primaryImageOfPage\":{\"@id\":\"https:\\\/\\\/izsekosanasierices.lv\\\/produkts\\\/iekstelpas-izmantojama-slepta-kamera-ar-wifi-uzstadama-pie-sienas\\\/#primaryimage\"},\"image\":{\"@id\":\"https:\\\/\\\/izsekosanasierices.lv\\\/produkts\\\/iekstelpas-izmantojama-slepta-kamera-ar-wifi-uzstadama-pie-sienas\\\/#primaryimage\"},\"thumbnailUrl\":\"https:\\\/\\\/izsekosanasierices.lv\\\/wp-content\\\/uploads\\\/izsekosanasierices-vidaus-kamera-su-wi-fi-pakabinama-ant-sienos.jpg\",\"datePublished\":\"2023-10-05T15:37:43+00:00\",\"dateModified\":\"2025-11-19T13:57:54+00:00\",\"description\":\"Pie sienas uzst\u0101d\u0101ma videokamera ar wifi Iesp\u0113ja veikt videonov\u0113ro\u0161anu 24\\\/7 jebkuras vietas pasaul\u0113 pir kust\u012bbas sensors s\u016bta zi\u0146ojumu par konstat\u0113to kust\u012bbu\",\"breadcrumb\":{\"@id\":\"https:\\\/\\\/izsekosanasierices.lv\\\/produkts\\\/iekstelpas-izmantojama-slepta-kamera-ar-wifi-uzstadama-pie-sienas\\\/#breadcrumb\"},\"inLanguage\":\"et\",\"potentialAction\":[{\"@type\":\"ReadAction\",\"target\":[\"https:\\\/\\\/izsekosanasierices.lv\\\/produkts\\\/iekstelpas-izmantojama-slepta-kamera-ar-wifi-uzstadama-pie-sienas\\\/\"]}]},{\"@type\":\"ImageObject\",\"inLanguage\":\"et\",\"@id\":\"https:\\\/\\\/izsekosanasierices.lv\\\/produkts\\\/iekstelpas-izmantojama-slepta-kamera-ar-wifi-uzstadama-pie-sienas\\\/#primaryimage\",\"url\":\"https:\\\/\\\/izsekosanasierices.lv\\\/wp-content\\\/uploads\\\/izsekosanasierices-vidaus-kamera-su-wi-fi-pakabinama-ant-sienos.jpg\",\"contentUrl\":\"https:\\\/\\\/izsekosanasierices.lv\\\/wp-content\\\/uploads\\\/izsekosanasierices-vidaus-kamera-su-wi-fi-pakabinama-ant-sienos.jpg\",\"width\":448,\"height\":455,\"caption\":\"Vaizdo steb\u0117jimo kameros su wi fi ir PIR davikliu\"},{\"@type\":\"BreadcrumbList\",\"@id\":\"https:\\\/\\\/izsekosanasierices.lv\\\/produkts\\\/iekstelpas-izmantojama-slepta-kamera-ar-wifi-uzstadama-pie-sienas\\\/#breadcrumb\",\"itemListElement\":[{\"@type\":\"ListItem\",\"position\":1,\"name\":\"S\u0101kums\",\"item\":\"https:\\\/\\\/izsekosanasierices.lv\\\/\"},{\"@type\":\"ListItem\",\"position\":2,\"name\":\"Veikals\",\"item\":\"https:\\\/\\\/izsekosanasierices.lv\\\/veikals\\\/\"},{\"@type\":\"ListItem\",\"position\":3,\"name\":\"Iek\u0161telp\u0101s izmantojama sl\u0113pt\u0101 kamera ar WiFi, uzst\u0101d\u0101ma pie sienas\"}]},{\"@type\":\"WebSite\",\"@id\":\"https:\\\/\\\/izsekosanasierices.lv\\\/#website\",\"url\":\"https:\\\/\\\/izsekosanasierices.lv\\\/\",\"name\":\"Nr1 Izseko\u0161anas ier\u012bces gps izseko\u0161anas iek\u0101rtas, klaus\u012b\u0161an\u0101s iek\u0101rtas\",\"description\":\"\",\"potentialAction\":[{\"@type\":\"SearchAction\",\"target\":{\"@type\":\"EntryPoint\",\"urlTemplate\":\"https:\\\/\\\/izsekosanasierices.lv\\\/?s={search_term_string}\"},\"query-input\":{\"@type\":\"PropertyValueSpecification\",\"valueRequired\":true,\"valueName\":\"search_term_string\"}}],\"inLanguage\":\"et\"}]}<\/script>\n<!-- \/ Yoast SEO plugin. -->","yoast_head_json":{"title":"Sl\u0113pta videokamera ar PIR sensoru nakts redzam\u012bbas nov\u0113ro\u0161anai","description":"Pie sienas uzst\u0101d\u0101ma videokamera ar wifi Iesp\u0113ja veikt videonov\u0113ro\u0161anu 24\/7 jebkuras vietas pasaul\u0113 pir kust\u012bbas sensors s\u016bta zi\u0146ojumu par konstat\u0113to kust\u012bbu","robots":{"index":"index","follow":"follow","max-snippet":"max-snippet:-1","max-image-preview":"max-image-preview:large","max-video-preview":"max-video-preview:-1"},"canonical":"https:\/\/izsekosanasierices.lv\/et\/produkts\/seinale-paigaldatud-wifiga-peidetud-kaamera-kasutamine-ruumis\/","og_locale":"et_EE","og_type":"article","og_title":"Sl\u0113pta videokamera ar PIR sensoru nakts redzam\u012bbas nov\u0113ro\u0161anai ONLINE","og_description":"Pie sienas uzst\u0101d\u0101ma videokamera ar wi fi - skatieties no jebkuras vietas pasaul\u0113. Augstas kvalit\u0101tes att\u0113ls, PIR kust\u012bbas sensors - zi\u0146o par kust\u012bbu","og_url":"https:\/\/izsekosanasierices.lv\/et\/produkts\/seinale-paigaldatud-wifiga-peidetud-kaamera-kasutamine-ruumis\/","og_site_name":"Nr1 Izseko\u0161anas ier\u012bces gps izseko\u0161anas iek\u0101rtas, klaus\u012b\u0161an\u0101s iek\u0101rtas","article_modified_time":"2025-11-19T13:57:54+00:00","og_image":[{"url":"https:\/\/rvnski.dev\/sekimoiranga\/wp-content\/uploads\/izsekosanasierices.webp","type":"","width":"","height":""}],"twitter_card":"summary_large_image","twitter_title":"Sl\u0113pta videokamera ar PIR sensoru nakts redzam\u012bbas nov\u0113ro\u0161anai ONLINE","twitter_description":"Pie sienas uzst\u0101d\u0101ma videokamera ar wi fi - skatieties no jebkuras vietas pasaul\u0113. Augstas kvalit\u0101tes att\u0113ls, PIR kust\u012bbas sensors - zi\u0146o par kust\u012bbu","twitter_misc":{"Est. reading time":"4 minutit"},"schema":{"@context":"https:\/\/schema.org","@graph":[{"@type":"WebPage","@id":"https:\/\/izsekosanasierices.lv\/produkts\/iekstelpas-izmantojama-slepta-kamera-ar-wifi-uzstadama-pie-sienas\/","url":"https:\/\/izsekosanasierices.lv\/produkts\/iekstelpas-izmantojama-slepta-kamera-ar-wifi-uzstadama-pie-sienas\/","name":"Sl\u0113pta videokamera ar PIR sensoru nakts redzam\u012bbas nov\u0113ro\u0161anai","isPartOf":{"@id":"https:\/\/izsekosanasierices.lv\/#website"},"primaryImageOfPage":{"@id":"https:\/\/izsekosanasierices.lv\/produkts\/iekstelpas-izmantojama-slepta-kamera-ar-wifi-uzstadama-pie-sienas\/#primaryimage"},"image":{"@id":"https:\/\/izsekosanasierices.lv\/produkts\/iekstelpas-izmantojama-slepta-kamera-ar-wifi-uzstadama-pie-sienas\/#primaryimage"},"thumbnailUrl":"https:\/\/izsekosanasierices.lv\/wp-content\/uploads\/izsekosanasierices-vidaus-kamera-su-wi-fi-pakabinama-ant-sienos.jpg","datePublished":"2023-10-05T15:37:43+00:00","dateModified":"2025-11-19T13:57:54+00:00","description":"Pie sienas uzst\u0101d\u0101ma videokamera ar wifi Iesp\u0113ja veikt videonov\u0113ro\u0161anu 24\/7 jebkuras vietas pasaul\u0113 pir kust\u012bbas sensors s\u016bta zi\u0146ojumu par konstat\u0113to kust\u012bbu","breadcrumb":{"@id":"https:\/\/izsekosanasierices.lv\/produkts\/iekstelpas-izmantojama-slepta-kamera-ar-wifi-uzstadama-pie-sienas\/#breadcrumb"},"inLanguage":"et","potentialAction":[{"@type":"ReadAction","target":["https:\/\/izsekosanasierices.lv\/produkts\/iekstelpas-izmantojama-slepta-kamera-ar-wifi-uzstadama-pie-sienas\/"]}]},{"@type":"ImageObject","inLanguage":"et","@id":"https:\/\/izsekosanasierices.lv\/produkts\/iekstelpas-izmantojama-slepta-kamera-ar-wifi-uzstadama-pie-sienas\/#primaryimage","url":"https:\/\/izsekosanasierices.lv\/wp-content\/uploads\/izsekosanasierices-vidaus-kamera-su-wi-fi-pakabinama-ant-sienos.jpg","contentUrl":"https:\/\/izsekosanasierices.lv\/wp-content\/uploads\/izsekosanasierices-vidaus-kamera-su-wi-fi-pakabinama-ant-sienos.jpg","width":448,"height":455,"caption":"Vaizdo steb\u0117jimo kameros su wi fi ir PIR davikliu"},{"@type":"BreadcrumbList","@id":"https:\/\/izsekosanasierices.lv\/produkts\/iekstelpas-izmantojama-slepta-kamera-ar-wifi-uzstadama-pie-sienas\/#breadcrumb","itemListElement":[{"@type":"ListItem","position":1,"name":"S\u0101kums","item":"https:\/\/izsekosanasierices.lv\/"},{"@type":"ListItem","position":2,"name":"Veikals","item":"https:\/\/izsekosanasierices.lv\/veikals\/"},{"@type":"ListItem","position":3,"name":"Iek\u0161telp\u0101s izmantojama sl\u0113pt\u0101 kamera ar WiFi, uzst\u0101d\u0101ma pie sienas"}]},{"@type":"WebSite","@id":"https:\/\/izsekosanasierices.lv\/#website","url":"https:\/\/izsekosanasierices.lv\/","name":"Nr1 Izseko\u0161anas ier\u012bces gps izseko\u0161anas iek\u0101rtas, klaus\u012b\u0161an\u0101s iek\u0101rtas","description":"","potentialAction":[{"@type":"SearchAction","target":{"@type":"EntryPoint","urlTemplate":"https:\/\/izsekosanasierices.lv\/?s={search_term_string}"},"query-input":{"@type":"PropertyValueSpecification","valueRequired":true,"valueName":"search_term_string"}}],"inLanguage":"et"}]}},"_links":{"self":[{"href":"https:\/\/izsekosanasierices.lv\/et\/wp-json\/wp\/v2\/product\/1312","targetHints":{"allow":["GET"]}}],"collection":[{"href":"https:\/\/izsekosanasierices.lv\/et\/wp-json\/wp\/v2\/product"}],"about":[{"href":"https:\/\/izsekosanasierices.lv\/et\/wp-json\/wp\/v2\/types\/product"}],"wp:featuredmedia":[{"embeddable":true,"href":"https:\/\/izsekosanasierices.lv\/et\/wp-json\/wp\/v2\/media\/1881"}],"wp:attachment":[{"href":"https:\/\/izsekosanasierices.lv\/et\/wp-json\/wp\/v2\/media?parent=1312"}],"wp:term":[{"taxonomy":"product_brand","embeddable":true,"href":"https:\/\/izsekosanasierices.lv\/et\/wp-json\/wp\/v2\/product_brand?post=1312"},{"taxonomy":"product_cat","embeddable":true,"href":"https:\/\/izsekosanasierices.lv\/et\/wp-json\/wp\/v2\/product_cat?post=1312"},{"taxonomy":"product_tag","embeddable":true,"href":"https:\/\/izsekosanasierices.lv\/et\/wp-json\/wp\/v2\/product_tag?post=1312"}],"curies":[{"name":"wp","href":"https:\/\/api.w.org\/{rel}","templated":true}]}}