{"id":1313,"date":"2023-10-05T15:37:43","date_gmt":"2023-10-05T15:37:43","guid":{"rendered":"https:\/\/izsekosanasierices.lv\/produktas\/gps-seklys-su-galingais-magnetais-ir-nebijo-vandens\/"},"modified":"2026-04-01T15:39:37","modified_gmt":"2026-04-01T12:39:37","slug":"udens-izturiga-gps-izsekosanas-ierice-ar-specigiem-magnetiem","status":"publish","type":"product","link":"https:\/\/izsekosanasierices.lv\/et\/produkts\/vastupidav-gps-jalgimisseade-spetsiaalsete-magnetitega\/","title":{"rendered":"Tugevate magnetitega veekindel GPS-j\u00e4lgimisseade"},"content":{"rendered":"<h3><strong>Tehnilised parameetrid:<\/strong><\/h3>\n<ul>\n<li>T\u00f6\u00f6temperatuur: -30 C - +65 C<\/li>\n<li>Euroopa seireserver (mitte hiina)<\/li>\n<li>Pealtkuulamine: saadaval (otse\u00fclekanne)<\/li>\n<li>Eemaldamisandur (saate tekstis\u00f5numi, kui seade on eemaldatud)<\/li>\n<li>Seade ei tekita helisid ja tuled<\/li>\n<li>Sisse: 45 s (k\u00fclm), 35 s (soe), 1 s (kuum)<\/li>\n<li>GPS-moodul: U-blox\u00a0<a href=\"https:\/\/www.u-blox.com\/en\/positioning-chips-and-modules\">https:\/\/www.u-blox.com\/en\/positioning-chips-and-modules<\/a><\/li>\n<li>GSM\/GPRS-moodul: jah<\/li>\n<li>Niiskuskaitse: IP65<\/li>\n<li>Aku: liitium-ioon (3,7 V 5200 Ah)<\/li>\n<li>Pealtkuulamisfunktsioon (v\u00f5ime kuulata otse\u00fclekandeid)<\/li>\n<li>Kuni 3 kuud kestev t\u00f6\u00f6aeg (GSM puhkere\u017eiim)<\/li>\n<li>Tundlikkus: -159 dBm<\/li>\n<li>Koordinaatide viga: mitte rohkem kui 5 meetrit<\/li>\n<li>M\u00f5\u00f5tmed: 70 mm x 20 mm x 80 mm<\/li>\n<li>Kaal: 200 g<\/li>\n<li>Tasuta veebip\u00f5hine seire<\/li>\n<li>Tasuta j\u00e4lgimisrakendus (mobiilirakendus)<\/li>\n<li>Kiirushoiatus: jah<\/li>\n<li>Liikumisandur: jah<\/li>\n<li>Vibratsiooniandur: jah<\/li>\n<li>S\u00fcgav uni: jah<\/li>\n<\/ul>\n<p><strong>Sisaldab:<\/strong><\/p>\n<ul>\n<li>GPS-j\u00e4lgimisseade;<\/li>\n<li>USB-kaabel;<\/li>\n<li>juhised EN<\/li>\n<li>Logi sisse oma profiili (kasutajanimi + parool)<\/li>\n<li><strong>Garantii 12 kuud<\/strong><\/li>\n<li><strong>Vajad kiiret sama p\u00e4eva (ja n\u00e4dalavahetuse) kohaletoimetamist? Helistage +37<\/strong><strong>120484176<\/strong><strong>!<\/strong><\/li>\n<\/ul>\n<p>&nbsp;<\/p>\n<p>GPS-j\u00e4lgimisseade on v\u00e4ike, nii et seda saab paigutada auto alla.<\/p>","protected":false},"excerpt":{"rendered":"<p>See magnetitega GPS-seireseade sobib ideaalselt auto alla kinnitamiseks. Pikk eluiga ja usaldusv\u00e4\u00e4rne j\u00e4lgimistarkvara (Euroopa, mitte Hiina). K\u00f5rge kvaliteet.<\/p>","protected":false},"featured_media":1891,"template":"","meta":[],"product_brand":[],"product_cat":[357],"product_tag":[370,371,372,373,374],"class_list":{"0":"post-1313","1":"product","2":"type-product","3":"status-publish","4":"has-post-thumbnail","6":"product_cat-gps-izsekosanas-ierice","7":"product_tag-automasinas-gps-izsekotajs","8":"product_tag-gps-izsekosanas-iekartas","9":"product_tag-gps-izsekotajs","10":"product_tag-gps-izsekotajs-ar-magnetu","11":"product_tag-gps-izsekotajs-automasinai","13":"first","14":"instock","15":"taxable","16":"shipping-taxable","17":"purchasable","18":"product-type-simple"},"yoast_head":"<!-- This site is optimized with the Yoast SEO plugin v27.3 - https:\/\/yoast.com\/product\/yoast-seo-wordpress\/ -->\n<title>\u016adens iztur\u012bga GPS izseko\u0161anas ier\u012bce ar sp\u0113c\u012bgiem magn\u0113tiem<\/title>\n<meta name=\"description\" content=\"\u0160\u012b GPS izseko\u0161anas ier\u012bce ar magn\u0113tiem ir lieliski piem\u0113rota piestiprin\u0101\u0161anai zem automa\u0161\u012bnas. Ilgs kalpo\u0161anas laiks un uzticama uzraudz\u012bbas programmat\u016bra\" \/>\n<meta name=\"robots\" content=\"index, follow, max-snippet:-1, max-image-preview:large, max-video-preview:-1\" \/>\n<link rel=\"canonical\" href=\"https:\/\/izsekosanasierices.lv\/et\/produkts\/vastupidav-gps-jalgimisseade-spetsiaalsete-magnetitega\/\" \/>\n<meta property=\"og:locale\" content=\"et_EE\" \/>\n<meta property=\"og:type\" content=\"article\" \/>\n<meta property=\"og:title\" content=\"GPS izsekot\u0101js (tracker ) ar magn\u0113tiem, kas novietoti zem ma\u0161\u012bnas apak\u0161as, nebaid\u0101s no \u016bdens\" \/>\n<meta property=\"og:description\" content=\"\u0160is GPS izsekot\u0101js ar magn\u0113tiem ir lieliski piem\u0113rots piestiprin\u0101\u0161anai zem automa\u0161\u012bnas apak\u0161\u0113j\u0101s da\u013cas. Ilgs kalpo\u0161anas laiks un uzticama uzraudz\u012bbas programmat\u016bra (Eiropas, nevis \u0136\u012bnas) Augsta kvalit\u0101te\" \/>\n<meta property=\"og:url\" content=\"https:\/\/izsekosanasierices.lv\/et\/produkts\/vastupidav-gps-jalgimisseade-spetsiaalsete-magnetitega\/\" \/>\n<meta property=\"og:site_name\" content=\"Nr1 Izseko\u0161anas ier\u012bces gps izseko\u0161anas iek\u0101rtas, klaus\u012b\u0161an\u0101s iek\u0101rtas\" \/>\n<meta property=\"article:modified_time\" content=\"2026-04-01T12:39:37+00:00\" \/>\n<meta property=\"og:image\" content=\"https:\/\/rvnski.dev\/sekimoiranga\/wp-content\/uploads\/izsekosanasierices.webp\" \/>\n<meta name=\"twitter:card\" content=\"summary_large_image\" \/>\n<meta name=\"twitter:title\" content=\"GPS izsekot\u0101js (tracker ) ar magn\u0113tiem, kas novietoti zem ma\u0161\u012bnas apak\u0161as, nebaid\u0101s no \u016bdens\" \/>\n<meta name=\"twitter:description\" content=\"\u0160is GPS izsekot\u0101js ar magn\u0113tiem ir lieliski piem\u0113rots piestiprin\u0101\u0161anai zem automa\u0161\u012bnas apak\u0161\u0113j\u0101s da\u013cas. Ilgs kalpo\u0161anas laiks un uzticama uzraudz\u012bbas programmat\u016bra (Eiropas, nevis \u0136\u012bnas) Augsta kvalit\u0101te\" \/>\n<meta name=\"twitter:label1\" content=\"Est. reading time\" \/>\n\t<meta name=\"twitter:data1\" content=\"2 minutit\" \/>\n<script type=\"application\/ld+json\" class=\"yoast-schema-graph\">{\"@context\":\"https:\\\/\\\/schema.org\",\"@graph\":[{\"@type\":\"WebPage\",\"@id\":\"https:\\\/\\\/izsekosanasierices.lv\\\/produkts\\\/udens-izturiga-gps-izsekosanas-ierice-ar-specigiem-magnetiem\\\/\",\"url\":\"https:\\\/\\\/izsekosanasierices.lv\\\/produkts\\\/udens-izturiga-gps-izsekosanas-ierice-ar-specigiem-magnetiem\\\/\",\"name\":\"\u016adens iztur\u012bga GPS izseko\u0161anas ier\u012bce ar sp\u0113c\u012bgiem magn\u0113tiem\",\"isPartOf\":{\"@id\":\"https:\\\/\\\/izsekosanasierices.lv\\\/#website\"},\"primaryImageOfPage\":{\"@id\":\"https:\\\/\\\/izsekosanasierices.lv\\\/produkts\\\/udens-izturiga-gps-izsekosanas-ierice-ar-specigiem-magnetiem\\\/#primaryimage\"},\"image\":{\"@id\":\"https:\\\/\\\/izsekosanasierices.lv\\\/produkts\\\/udens-izturiga-gps-izsekosanas-ierice-ar-specigiem-magnetiem\\\/#primaryimage\"},\"thumbnailUrl\":\"https:\\\/\\\/izsekosanasierices.lv\\\/wp-content\\\/uploads\\\/izsekosanasierices-gps-seklys-su-magnetais-padedamas-po-masinos-dugnu-nebijo-vandens.jpg\",\"datePublished\":\"2023-10-05T15:37:43+00:00\",\"dateModified\":\"2026-04-01T12:39:37+00:00\",\"description\":\"\u0160\u012b GPS izseko\u0161anas ier\u012bce ar magn\u0113tiem ir lieliski piem\u0113rota piestiprin\u0101\u0161anai zem automa\u0161\u012bnas. Ilgs kalpo\u0161anas laiks un uzticama uzraudz\u012bbas programmat\u016bra\",\"breadcrumb\":{\"@id\":\"https:\\\/\\\/izsekosanasierices.lv\\\/produkts\\\/udens-izturiga-gps-izsekosanas-ierice-ar-specigiem-magnetiem\\\/#breadcrumb\"},\"inLanguage\":\"et\",\"potentialAction\":[{\"@type\":\"ReadAction\",\"target\":[\"https:\\\/\\\/izsekosanasierices.lv\\\/produkts\\\/udens-izturiga-gps-izsekosanas-ierice-ar-specigiem-magnetiem\\\/\"]}]},{\"@type\":\"ImageObject\",\"inLanguage\":\"et\",\"@id\":\"https:\\\/\\\/izsekosanasierices.lv\\\/produkts\\\/udens-izturiga-gps-izsekosanas-ierice-ar-specigiem-magnetiem\\\/#primaryimage\",\"url\":\"https:\\\/\\\/izsekosanasierices.lv\\\/wp-content\\\/uploads\\\/izsekosanasierices-gps-seklys-su-magnetais-padedamas-po-masinos-dugnu-nebijo-vandens.jpg\",\"contentUrl\":\"https:\\\/\\\/izsekosanasierices.lv\\\/wp-content\\\/uploads\\\/izsekosanasierices-gps-seklys-su-magnetais-padedamas-po-masinos-dugnu-nebijo-vandens.jpg\",\"width\":666,\"height\":375,\"caption\":\"Nedid\u0117lis gps seklys u galingais magnetais dedamas po ma\u0161ina\"},{\"@type\":\"BreadcrumbList\",\"@id\":\"https:\\\/\\\/izsekosanasierices.lv\\\/produkts\\\/udens-izturiga-gps-izsekosanas-ierice-ar-specigiem-magnetiem\\\/#breadcrumb\",\"itemListElement\":[{\"@type\":\"ListItem\",\"position\":1,\"name\":\"S\u0101kums\",\"item\":\"https:\\\/\\\/izsekosanasierices.lv\\\/\"},{\"@type\":\"ListItem\",\"position\":2,\"name\":\"Veikals\",\"item\":\"https:\\\/\\\/izsekosanasierices.lv\\\/veikals\\\/\"},{\"@type\":\"ListItem\",\"position\":3,\"name\":\"\u016adens iztur\u012bga GPS izseko\u0161anas ier\u012bce ar sp\u0113c\u012bgiem magn\u0113tiem\"}]},{\"@type\":\"WebSite\",\"@id\":\"https:\\\/\\\/izsekosanasierices.lv\\\/#website\",\"url\":\"https:\\\/\\\/izsekosanasierices.lv\\\/\",\"name\":\"Nr1 Izseko\u0161anas ier\u012bces gps izseko\u0161anas iek\u0101rtas, klaus\u012b\u0161an\u0101s iek\u0101rtas\",\"description\":\"\",\"potentialAction\":[{\"@type\":\"SearchAction\",\"target\":{\"@type\":\"EntryPoint\",\"urlTemplate\":\"https:\\\/\\\/izsekosanasierices.lv\\\/?s={search_term_string}\"},\"query-input\":{\"@type\":\"PropertyValueSpecification\",\"valueRequired\":true,\"valueName\":\"search_term_string\"}}],\"inLanguage\":\"et\"}]}<\/script>\n<!-- \/ Yoast SEO plugin. -->","yoast_head_json":{"title":"\u016adens iztur\u012bga GPS izseko\u0161anas ier\u012bce ar sp\u0113c\u012bgiem magn\u0113tiem","description":"\u0160\u012b GPS izseko\u0161anas ier\u012bce ar magn\u0113tiem ir lieliski piem\u0113rota piestiprin\u0101\u0161anai zem automa\u0161\u012bnas. Ilgs kalpo\u0161anas laiks un uzticama uzraudz\u012bbas programmat\u016bra","robots":{"index":"index","follow":"follow","max-snippet":"max-snippet:-1","max-image-preview":"max-image-preview:large","max-video-preview":"max-video-preview:-1"},"canonical":"https:\/\/izsekosanasierices.lv\/et\/produkts\/vastupidav-gps-jalgimisseade-spetsiaalsete-magnetitega\/","og_locale":"et_EE","og_type":"article","og_title":"GPS izsekot\u0101js (tracker ) ar magn\u0113tiem, kas novietoti zem ma\u0161\u012bnas apak\u0161as, nebaid\u0101s no \u016bdens","og_description":"\u0160is GPS izsekot\u0101js ar magn\u0113tiem ir lieliski piem\u0113rots piestiprin\u0101\u0161anai zem automa\u0161\u012bnas apak\u0161\u0113j\u0101s da\u013cas. Ilgs kalpo\u0161anas laiks un uzticama uzraudz\u012bbas programmat\u016bra (Eiropas, nevis \u0136\u012bnas) Augsta kvalit\u0101te","og_url":"https:\/\/izsekosanasierices.lv\/et\/produkts\/vastupidav-gps-jalgimisseade-spetsiaalsete-magnetitega\/","og_site_name":"Nr1 Izseko\u0161anas ier\u012bces gps izseko\u0161anas iek\u0101rtas, klaus\u012b\u0161an\u0101s iek\u0101rtas","article_modified_time":"2026-04-01T12:39:37+00:00","og_image":[{"url":"https:\/\/rvnski.dev\/sekimoiranga\/wp-content\/uploads\/izsekosanasierices.webp","type":"","width":"","height":""}],"twitter_card":"summary_large_image","twitter_title":"GPS izsekot\u0101js (tracker ) ar magn\u0113tiem, kas novietoti zem ma\u0161\u012bnas apak\u0161as, nebaid\u0101s no \u016bdens","twitter_description":"\u0160is GPS izsekot\u0101js ar magn\u0113tiem ir lieliski piem\u0113rots piestiprin\u0101\u0161anai zem automa\u0161\u012bnas apak\u0161\u0113j\u0101s da\u013cas. Ilgs kalpo\u0161anas laiks un uzticama uzraudz\u012bbas programmat\u016bra (Eiropas, nevis \u0136\u012bnas) Augsta kvalit\u0101te","twitter_misc":{"Est. reading time":"2 minutit"},"schema":{"@context":"https:\/\/schema.org","@graph":[{"@type":"WebPage","@id":"https:\/\/izsekosanasierices.lv\/produkts\/udens-izturiga-gps-izsekosanas-ierice-ar-specigiem-magnetiem\/","url":"https:\/\/izsekosanasierices.lv\/produkts\/udens-izturiga-gps-izsekosanas-ierice-ar-specigiem-magnetiem\/","name":"\u016adens iztur\u012bga GPS izseko\u0161anas ier\u012bce ar sp\u0113c\u012bgiem magn\u0113tiem","isPartOf":{"@id":"https:\/\/izsekosanasierices.lv\/#website"},"primaryImageOfPage":{"@id":"https:\/\/izsekosanasierices.lv\/produkts\/udens-izturiga-gps-izsekosanas-ierice-ar-specigiem-magnetiem\/#primaryimage"},"image":{"@id":"https:\/\/izsekosanasierices.lv\/produkts\/udens-izturiga-gps-izsekosanas-ierice-ar-specigiem-magnetiem\/#primaryimage"},"thumbnailUrl":"https:\/\/izsekosanasierices.lv\/wp-content\/uploads\/izsekosanasierices-gps-seklys-su-magnetais-padedamas-po-masinos-dugnu-nebijo-vandens.jpg","datePublished":"2023-10-05T15:37:43+00:00","dateModified":"2026-04-01T12:39:37+00:00","description":"\u0160\u012b GPS izseko\u0161anas ier\u012bce ar magn\u0113tiem ir lieliski piem\u0113rota piestiprin\u0101\u0161anai zem automa\u0161\u012bnas. Ilgs kalpo\u0161anas laiks un uzticama uzraudz\u012bbas programmat\u016bra","breadcrumb":{"@id":"https:\/\/izsekosanasierices.lv\/produkts\/udens-izturiga-gps-izsekosanas-ierice-ar-specigiem-magnetiem\/#breadcrumb"},"inLanguage":"et","potentialAction":[{"@type":"ReadAction","target":["https:\/\/izsekosanasierices.lv\/produkts\/udens-izturiga-gps-izsekosanas-ierice-ar-specigiem-magnetiem\/"]}]},{"@type":"ImageObject","inLanguage":"et","@id":"https:\/\/izsekosanasierices.lv\/produkts\/udens-izturiga-gps-izsekosanas-ierice-ar-specigiem-magnetiem\/#primaryimage","url":"https:\/\/izsekosanasierices.lv\/wp-content\/uploads\/izsekosanasierices-gps-seklys-su-magnetais-padedamas-po-masinos-dugnu-nebijo-vandens.jpg","contentUrl":"https:\/\/izsekosanasierices.lv\/wp-content\/uploads\/izsekosanasierices-gps-seklys-su-magnetais-padedamas-po-masinos-dugnu-nebijo-vandens.jpg","width":666,"height":375,"caption":"Nedid\u0117lis gps seklys u galingais magnetais dedamas po ma\u0161ina"},{"@type":"BreadcrumbList","@id":"https:\/\/izsekosanasierices.lv\/produkts\/udens-izturiga-gps-izsekosanas-ierice-ar-specigiem-magnetiem\/#breadcrumb","itemListElement":[{"@type":"ListItem","position":1,"name":"S\u0101kums","item":"https:\/\/izsekosanasierices.lv\/"},{"@type":"ListItem","position":2,"name":"Veikals","item":"https:\/\/izsekosanasierices.lv\/veikals\/"},{"@type":"ListItem","position":3,"name":"\u016adens iztur\u012bga GPS izseko\u0161anas ier\u012bce ar sp\u0113c\u012bgiem magn\u0113tiem"}]},{"@type":"WebSite","@id":"https:\/\/izsekosanasierices.lv\/#website","url":"https:\/\/izsekosanasierices.lv\/","name":"Nr1 Izseko\u0161anas ier\u012bces gps izseko\u0161anas iek\u0101rtas, klaus\u012b\u0161an\u0101s iek\u0101rtas","description":"","potentialAction":[{"@type":"SearchAction","target":{"@type":"EntryPoint","urlTemplate":"https:\/\/izsekosanasierices.lv\/?s={search_term_string}"},"query-input":{"@type":"PropertyValueSpecification","valueRequired":true,"valueName":"search_term_string"}}],"inLanguage":"et"}]}},"_links":{"self":[{"href":"https:\/\/izsekosanasierices.lv\/et\/wp-json\/wp\/v2\/product\/1313","targetHints":{"allow":["GET"]}}],"collection":[{"href":"https:\/\/izsekosanasierices.lv\/et\/wp-json\/wp\/v2\/product"}],"about":[{"href":"https:\/\/izsekosanasierices.lv\/et\/wp-json\/wp\/v2\/types\/product"}],"wp:featuredmedia":[{"embeddable":true,"href":"https:\/\/izsekosanasierices.lv\/et\/wp-json\/wp\/v2\/media\/1891"}],"wp:attachment":[{"href":"https:\/\/izsekosanasierices.lv\/et\/wp-json\/wp\/v2\/media?parent=1313"}],"wp:term":[{"taxonomy":"product_brand","embeddable":true,"href":"https:\/\/izsekosanasierices.lv\/et\/wp-json\/wp\/v2\/product_brand?post=1313"},{"taxonomy":"product_cat","embeddable":true,"href":"https:\/\/izsekosanasierices.lv\/et\/wp-json\/wp\/v2\/product_cat?post=1313"},{"taxonomy":"product_tag","embeddable":true,"href":"https:\/\/izsekosanasierices.lv\/et\/wp-json\/wp\/v2\/product_tag?post=1313"}],"curies":[{"name":"wp","href":"https:\/\/api.w.org\/{rel}","templated":true}]}}