{"id":1314,"date":"2023-10-05T15:37:43","date_gmt":"2023-10-05T15:37:43","guid":{"rendered":"https:\/\/izsekosanasierices.lv\/produktas\/judesio-daviklis-su-slapta-kamera-ir-pir-davikliu-veikimas-iki-1-metu\/"},"modified":"2026-01-20T10:05:33","modified_gmt":"2026-01-20T08:05:33","slug":"kustibas-sensors-ar-slepto-kameru-un-pir-sensoru-ar-darbibas-laiku-lidz-1-gadam","status":"publish","type":"product","link":"https:\/\/izsekosanasierices.lv\/et\/produkts\/liikumisandur-koos-varjatu-kaamera-ja-pir-anduriga-mille-eluiga-on-kuni-1-aasta\/","title":{"rendered":"Liikumisandur koos peidetud kaamera ja PIR-anduriga, mille eluiga on kuni 1 aasta."},"content":{"rendered":"<h3><strong>Tehnilised parameetrid:<\/strong><\/h3>\n<ul>\n<li>M\u00e4lukaardi tugi: micro SD\/SDHC kuni 64 GB (ei kuulu komplekti)<\/li>\n<li>2mpx kaamera sensor<\/li>\n<li>Video salvestamine koos heliga<\/li>\n<li>Video salvestamise resolutsioon: Full HD 1920 x 1080px<\/li>\n<li>Liikumisanduriga ventilatsioon<\/li>\n<li>Kuni 1 aasta ilma laadimiseta (ootere\u017eiim)<\/li>\n<li>Videoformaat: avi | max 25 fps<\/li>\n<li>Pildi resolutsioon: 1920 x 1080 px<\/li>\n<li>Vaatev\u00e4li: 145\u00b0, v\u00e4ga lai<\/li>\n<li>Heli: m\u00fcrasummutusmikrofon<\/li>\n<li>\u00d6ine n\u00e4htavus: 5 meetrit<\/li>\n<li>Otse online (mobiilirakenduse kaudu) k\u00f5ikjal maailmas<\/li>\n<li>Liikumistuvastus, rakendusesisene teade, kui keegi siseneb tuppa.<\/li>\n<li>Laadimisaeg: umbes 10 tundi<\/li>\n<li>Sisemine aku 4500 mAh<\/li>\n<li>Liikumisandur (PIR)<\/li>\n<li>Pidev videosalvestus<\/li>\n<li>Video kodeerimine : H264<\/li>\n<li>Sisaldab sisseehitatud salajase kaameraga sensori j\u00e4ljendit, micro SD-kaardi lugejat, USB-kaablit, toiteallikat.<\/li>\n<li>M\u00f5\u00f5tmed: 6,5 \u00d7 3,7 \u00d7 10,7 cm.<\/li>\n<li><strong>Garantii 12 kuud<\/strong><\/li>\n<\/ul>\n<p><span style=\"color: #ff0000;\"><strong>Vajad kiiret sama p\u00e4eva (ja n\u00e4dalavahetuse) kohaletoimetamist?  Helistage +37120484176<\/strong><\/span><\/p>","protected":false},"excerpt":{"rendered":"<p>Tippkvaliteediga peidetud kaamera, mis on sisse ehitatud liikumisanduriga. \u00dchendatud <strong>WiFi<\/strong>. Vaadake otse\u00fclekannet \u00fcksk\u00f5ik kus maailmas. Kuni 1 aasta.<\/p>","protected":false},"featured_media":1893,"template":"","meta":[],"product_brand":[],"product_cat":[330,321,331],"product_tag":[332,325,23,333,334,328,29],"class_list":{"0":"post-1314","1":"product","2":"type-product","3":"status-publish","4":"has-post-thumbnail","6":"product_cat-masketas-kameras","7":"product_cat-sleptas-kameras","8":"product_cat-wi-fi-slepenas-kameras","9":"product_tag-izsekosanas-iekartas","10":"product_tag-izsekosanas-kamera","11":"product_tag-kamera","12":"product_tag-kameras-pulkstenis","13":"product_tag-masketa-kamera","14":"product_tag-slepena-kamera","15":"product_tag-wi-fi-kamera","17":"first","18":"instock","19":"taxable","20":"shipping-taxable","21":"purchasable","22":"product-type-simple"},"yoast_head":"<!-- This site is optimized with the Yoast SEO plugin v27.3 - https:\/\/yoast.com\/product\/yoast-seo-wordpress\/ -->\n<title>Kust\u012bbas sensors ar ieb\u016bv\u0113tu sl\u0113ptu mini WI fi kameru l\u012bdz 1 m.<\/title>\n<meta name=\"description\" content=\"Augst\u0101k\u0101s kvalit\u0101tes sl\u0113pt\u0101 kamera kas ieb\u016bv\u0113ta kust\u012bbas sensor\u0101 avienota ar wifi Iesp\u0113ja skat\u012bties tie\u0161raidi no jebkuras vietas pasaul\u0113 Darb\u012bbas laiks 1gad\" \/>\n<meta name=\"robots\" content=\"index, follow, max-snippet:-1, max-image-preview:large, max-video-preview:-1\" \/>\n<link rel=\"canonical\" href=\"https:\/\/izsekosanasierices.lv\/et\/produkts\/liikumisandur-koos-varjatu-kaamera-ja-pir-anduriga-mille-eluiga-on-kuni-1-aasta\/\" \/>\n<meta property=\"og:locale\" content=\"et_EE\" \/>\n<meta property=\"og:type\" content=\"article\" \/>\n<meta property=\"og:title\" content=\"Kust\u012bbas sensors ar ieb\u016bv\u0113tu sl\u0113ptu mini WI fi kameru l\u012bdz 1 m.\" \/>\n<meta property=\"og:description\" content=\"Augst\u0101k\u0101s kvalit\u0101tes sl\u0113pta kamera, kas ieb\u016bv\u0113ta kust\u012bbas sensor\u0101 Savienota ar WI fi, j\u016bs varat v\u0113rot tie\u0161raidi no jebkuras vietas pasaul\u0113 Darbojas l\u012bdz 1 gadam.\" \/>\n<meta property=\"og:url\" content=\"https:\/\/izsekosanasierices.lv\/et\/produkts\/liikumisandur-koos-varjatu-kaamera-ja-pir-anduriga-mille-eluiga-on-kuni-1-aasta\/\" \/>\n<meta property=\"og:site_name\" content=\"Nr1 Izseko\u0161anas ier\u012bces gps izseko\u0161anas iek\u0101rtas, klaus\u012b\u0161an\u0101s iek\u0101rtas\" \/>\n<meta property=\"article:modified_time\" content=\"2026-01-20T08:05:33+00:00\" \/>\n<meta property=\"og:image\" content=\"https:\/\/rvnski.dev\/sekimoiranga\/wp-content\/uploads\/izsekosanasierices.webp\" \/>\n<meta name=\"twitter:card\" content=\"summary_large_image\" \/>\n<meta name=\"twitter:title\" content=\"Kust\u012bbas sensors ar ieb\u016bv\u0113tu sl\u0113ptu mini WI fi kameru l\u012bdz 1 m.\" \/>\n<meta name=\"twitter:description\" content=\"Augst\u0101k\u0101s kvalit\u0101tes sl\u0113pta kamera, kas ieb\u016bv\u0113ta kust\u012bbas sensor\u0101 Savienota ar WI fi, j\u016bs varat v\u0113rot tie\u0161raidi no jebkuras vietas pasaul\u0113 Darbojas l\u012bdz 1 gadam.\" \/>\n<meta name=\"twitter:label1\" content=\"Est. reading time\" \/>\n\t<meta name=\"twitter:data1\" content=\"1 minut\" \/>\n<script type=\"application\/ld+json\" class=\"yoast-schema-graph\">{\"@context\":\"https:\\\/\\\/schema.org\",\"@graph\":[{\"@type\":\"WebPage\",\"@id\":\"https:\\\/\\\/izsekosanasierices.lv\\\/produkts\\\/kustibas-sensors-ar-slepto-kameru-un-pir-sensoru-ar-darbibas-laiku-lidz-1-gadam\\\/\",\"url\":\"https:\\\/\\\/izsekosanasierices.lv\\\/produkts\\\/kustibas-sensors-ar-slepto-kameru-un-pir-sensoru-ar-darbibas-laiku-lidz-1-gadam\\\/\",\"name\":\"Kust\u012bbas sensors ar ieb\u016bv\u0113tu sl\u0113ptu mini WI fi kameru l\u012bdz 1 m.\",\"isPartOf\":{\"@id\":\"https:\\\/\\\/izsekosanasierices.lv\\\/#website\"},\"primaryImageOfPage\":{\"@id\":\"https:\\\/\\\/izsekosanasierices.lv\\\/produkts\\\/kustibas-sensors-ar-slepto-kameru-un-pir-sensoru-ar-darbibas-laiku-lidz-1-gadam\\\/#primaryimage\"},\"image\":{\"@id\":\"https:\\\/\\\/izsekosanasierices.lv\\\/produkts\\\/kustibas-sensors-ar-slepto-kameru-un-pir-sensoru-ar-darbibas-laiku-lidz-1-gadam\\\/#primaryimage\"},\"thumbnailUrl\":\"https:\\\/\\\/izsekosanasierices.lv\\\/wp-content\\\/uploads\\\/izsekosanasierices-judesio-daviklis-su-slapta-kamera-ir-pir-davikliu-veikimas-iki-1-metu.jpg\",\"datePublished\":\"2023-10-05T15:37:43+00:00\",\"dateModified\":\"2026-01-20T08:05:33+00:00\",\"description\":\"Augst\u0101k\u0101s kvalit\u0101tes sl\u0113pt\u0101 kamera kas ieb\u016bv\u0113ta kust\u012bbas sensor\u0101 avienota ar wifi Iesp\u0113ja skat\u012bties tie\u0161raidi no jebkuras vietas pasaul\u0113 Darb\u012bbas laiks 1gad\",\"breadcrumb\":{\"@id\":\"https:\\\/\\\/izsekosanasierices.lv\\\/produkts\\\/kustibas-sensors-ar-slepto-kameru-un-pir-sensoru-ar-darbibas-laiku-lidz-1-gadam\\\/#breadcrumb\"},\"inLanguage\":\"et\",\"potentialAction\":[{\"@type\":\"ReadAction\",\"target\":[\"https:\\\/\\\/izsekosanasierices.lv\\\/produkts\\\/kustibas-sensors-ar-slepto-kameru-un-pir-sensoru-ar-darbibas-laiku-lidz-1-gadam\\\/\"]}]},{\"@type\":\"ImageObject\",\"inLanguage\":\"et\",\"@id\":\"https:\\\/\\\/izsekosanasierices.lv\\\/produkts\\\/kustibas-sensors-ar-slepto-kameru-un-pir-sensoru-ar-darbibas-laiku-lidz-1-gadam\\\/#primaryimage\",\"url\":\"https:\\\/\\\/izsekosanasierices.lv\\\/wp-content\\\/uploads\\\/izsekosanasierices-judesio-daviklis-su-slapta-kamera-ir-pir-davikliu-veikimas-iki-1-metu.jpg\",\"contentUrl\":\"https:\\\/\\\/izsekosanasierices.lv\\\/wp-content\\\/uploads\\\/izsekosanasierices-judesio-daviklis-su-slapta-kamera-ir-pir-davikliu-veikimas-iki-1-metu.jpg\",\"width\":458,\"height\":458,\"caption\":\"judesio daviklio imitacija su wi fi kamera\"},{\"@type\":\"BreadcrumbList\",\"@id\":\"https:\\\/\\\/izsekosanasierices.lv\\\/produkts\\\/kustibas-sensors-ar-slepto-kameru-un-pir-sensoru-ar-darbibas-laiku-lidz-1-gadam\\\/#breadcrumb\",\"itemListElement\":[{\"@type\":\"ListItem\",\"position\":1,\"name\":\"S\u0101kums\",\"item\":\"https:\\\/\\\/izsekosanasierices.lv\\\/\"},{\"@type\":\"ListItem\",\"position\":2,\"name\":\"Veikals\",\"item\":\"https:\\\/\\\/izsekosanasierices.lv\\\/veikals\\\/\"},{\"@type\":\"ListItem\",\"position\":3,\"name\":\"Kust\u012bbas sensors ar sl\u0113pto kameru un PIR sensoru ar darb\u012bbas laiku l\u012bdz 1 gadam\"}]},{\"@type\":\"WebSite\",\"@id\":\"https:\\\/\\\/izsekosanasierices.lv\\\/#website\",\"url\":\"https:\\\/\\\/izsekosanasierices.lv\\\/\",\"name\":\"Nr1 Izseko\u0161anas ier\u012bces gps izseko\u0161anas iek\u0101rtas, klaus\u012b\u0161an\u0101s iek\u0101rtas\",\"description\":\"\",\"potentialAction\":[{\"@type\":\"SearchAction\",\"target\":{\"@type\":\"EntryPoint\",\"urlTemplate\":\"https:\\\/\\\/izsekosanasierices.lv\\\/?s={search_term_string}\"},\"query-input\":{\"@type\":\"PropertyValueSpecification\",\"valueRequired\":true,\"valueName\":\"search_term_string\"}}],\"inLanguage\":\"et\"}]}<\/script>\n<!-- \/ Yoast SEO plugin. -->","yoast_head_json":{"title":"Kust\u012bbas sensors ar ieb\u016bv\u0113tu sl\u0113ptu mini WI fi kameru l\u012bdz 1 m.","description":"Augst\u0101k\u0101s kvalit\u0101tes sl\u0113pt\u0101 kamera kas ieb\u016bv\u0113ta kust\u012bbas sensor\u0101 avienota ar wifi Iesp\u0113ja skat\u012bties tie\u0161raidi no jebkuras vietas pasaul\u0113 Darb\u012bbas laiks 1gad","robots":{"index":"index","follow":"follow","max-snippet":"max-snippet:-1","max-image-preview":"max-image-preview:large","max-video-preview":"max-video-preview:-1"},"canonical":"https:\/\/izsekosanasierices.lv\/et\/produkts\/liikumisandur-koos-varjatu-kaamera-ja-pir-anduriga-mille-eluiga-on-kuni-1-aasta\/","og_locale":"et_EE","og_type":"article","og_title":"Kust\u012bbas sensors ar ieb\u016bv\u0113tu sl\u0113ptu mini WI fi kameru l\u012bdz 1 m.","og_description":"Augst\u0101k\u0101s kvalit\u0101tes sl\u0113pta kamera, kas ieb\u016bv\u0113ta kust\u012bbas sensor\u0101 Savienota ar WI fi, j\u016bs varat v\u0113rot tie\u0161raidi no jebkuras vietas pasaul\u0113 Darbojas l\u012bdz 1 gadam.","og_url":"https:\/\/izsekosanasierices.lv\/et\/produkts\/liikumisandur-koos-varjatu-kaamera-ja-pir-anduriga-mille-eluiga-on-kuni-1-aasta\/","og_site_name":"Nr1 Izseko\u0161anas ier\u012bces gps izseko\u0161anas iek\u0101rtas, klaus\u012b\u0161an\u0101s iek\u0101rtas","article_modified_time":"2026-01-20T08:05:33+00:00","og_image":[{"url":"https:\/\/rvnski.dev\/sekimoiranga\/wp-content\/uploads\/izsekosanasierices.webp","type":"","width":"","height":""}],"twitter_card":"summary_large_image","twitter_title":"Kust\u012bbas sensors ar ieb\u016bv\u0113tu sl\u0113ptu mini WI fi kameru l\u012bdz 1 m.","twitter_description":"Augst\u0101k\u0101s kvalit\u0101tes sl\u0113pta kamera, kas ieb\u016bv\u0113ta kust\u012bbas sensor\u0101 Savienota ar WI fi, j\u016bs varat v\u0113rot tie\u0161raidi no jebkuras vietas pasaul\u0113 Darbojas l\u012bdz 1 gadam.","twitter_misc":{"Est. reading time":"1 minut"},"schema":{"@context":"https:\/\/schema.org","@graph":[{"@type":"WebPage","@id":"https:\/\/izsekosanasierices.lv\/produkts\/kustibas-sensors-ar-slepto-kameru-un-pir-sensoru-ar-darbibas-laiku-lidz-1-gadam\/","url":"https:\/\/izsekosanasierices.lv\/produkts\/kustibas-sensors-ar-slepto-kameru-un-pir-sensoru-ar-darbibas-laiku-lidz-1-gadam\/","name":"Kust\u012bbas sensors ar ieb\u016bv\u0113tu sl\u0113ptu mini WI fi kameru l\u012bdz 1 m.","isPartOf":{"@id":"https:\/\/izsekosanasierices.lv\/#website"},"primaryImageOfPage":{"@id":"https:\/\/izsekosanasierices.lv\/produkts\/kustibas-sensors-ar-slepto-kameru-un-pir-sensoru-ar-darbibas-laiku-lidz-1-gadam\/#primaryimage"},"image":{"@id":"https:\/\/izsekosanasierices.lv\/produkts\/kustibas-sensors-ar-slepto-kameru-un-pir-sensoru-ar-darbibas-laiku-lidz-1-gadam\/#primaryimage"},"thumbnailUrl":"https:\/\/izsekosanasierices.lv\/wp-content\/uploads\/izsekosanasierices-judesio-daviklis-su-slapta-kamera-ir-pir-davikliu-veikimas-iki-1-metu.jpg","datePublished":"2023-10-05T15:37:43+00:00","dateModified":"2026-01-20T08:05:33+00:00","description":"Augst\u0101k\u0101s kvalit\u0101tes sl\u0113pt\u0101 kamera kas ieb\u016bv\u0113ta kust\u012bbas sensor\u0101 avienota ar wifi Iesp\u0113ja skat\u012bties tie\u0161raidi no jebkuras vietas pasaul\u0113 Darb\u012bbas laiks 1gad","breadcrumb":{"@id":"https:\/\/izsekosanasierices.lv\/produkts\/kustibas-sensors-ar-slepto-kameru-un-pir-sensoru-ar-darbibas-laiku-lidz-1-gadam\/#breadcrumb"},"inLanguage":"et","potentialAction":[{"@type":"ReadAction","target":["https:\/\/izsekosanasierices.lv\/produkts\/kustibas-sensors-ar-slepto-kameru-un-pir-sensoru-ar-darbibas-laiku-lidz-1-gadam\/"]}]},{"@type":"ImageObject","inLanguage":"et","@id":"https:\/\/izsekosanasierices.lv\/produkts\/kustibas-sensors-ar-slepto-kameru-un-pir-sensoru-ar-darbibas-laiku-lidz-1-gadam\/#primaryimage","url":"https:\/\/izsekosanasierices.lv\/wp-content\/uploads\/izsekosanasierices-judesio-daviklis-su-slapta-kamera-ir-pir-davikliu-veikimas-iki-1-metu.jpg","contentUrl":"https:\/\/izsekosanasierices.lv\/wp-content\/uploads\/izsekosanasierices-judesio-daviklis-su-slapta-kamera-ir-pir-davikliu-veikimas-iki-1-metu.jpg","width":458,"height":458,"caption":"judesio daviklio imitacija su wi fi kamera"},{"@type":"BreadcrumbList","@id":"https:\/\/izsekosanasierices.lv\/produkts\/kustibas-sensors-ar-slepto-kameru-un-pir-sensoru-ar-darbibas-laiku-lidz-1-gadam\/#breadcrumb","itemListElement":[{"@type":"ListItem","position":1,"name":"S\u0101kums","item":"https:\/\/izsekosanasierices.lv\/"},{"@type":"ListItem","position":2,"name":"Veikals","item":"https:\/\/izsekosanasierices.lv\/veikals\/"},{"@type":"ListItem","position":3,"name":"Kust\u012bbas sensors ar sl\u0113pto kameru un PIR sensoru ar darb\u012bbas laiku l\u012bdz 1 gadam"}]},{"@type":"WebSite","@id":"https:\/\/izsekosanasierices.lv\/#website","url":"https:\/\/izsekosanasierices.lv\/","name":"Nr1 Izseko\u0161anas ier\u012bces gps izseko\u0161anas iek\u0101rtas, klaus\u012b\u0161an\u0101s iek\u0101rtas","description":"","potentialAction":[{"@type":"SearchAction","target":{"@type":"EntryPoint","urlTemplate":"https:\/\/izsekosanasierices.lv\/?s={search_term_string}"},"query-input":{"@type":"PropertyValueSpecification","valueRequired":true,"valueName":"search_term_string"}}],"inLanguage":"et"}]}},"_links":{"self":[{"href":"https:\/\/izsekosanasierices.lv\/et\/wp-json\/wp\/v2\/product\/1314","targetHints":{"allow":["GET"]}}],"collection":[{"href":"https:\/\/izsekosanasierices.lv\/et\/wp-json\/wp\/v2\/product"}],"about":[{"href":"https:\/\/izsekosanasierices.lv\/et\/wp-json\/wp\/v2\/types\/product"}],"wp:featuredmedia":[{"embeddable":true,"href":"https:\/\/izsekosanasierices.lv\/et\/wp-json\/wp\/v2\/media\/1893"}],"wp:attachment":[{"href":"https:\/\/izsekosanasierices.lv\/et\/wp-json\/wp\/v2\/media?parent=1314"}],"wp:term":[{"taxonomy":"product_brand","embeddable":true,"href":"https:\/\/izsekosanasierices.lv\/et\/wp-json\/wp\/v2\/product_brand?post=1314"},{"taxonomy":"product_cat","embeddable":true,"href":"https:\/\/izsekosanasierices.lv\/et\/wp-json\/wp\/v2\/product_cat?post=1314"},{"taxonomy":"product_tag","embeddable":true,"href":"https:\/\/izsekosanasierices.lv\/et\/wp-json\/wp\/v2\/product_tag?post=1314"}],"curies":[{"name":"wp","href":"https:\/\/api.w.org\/{rel}","templated":true}]}}