{"id":1315,"date":"2023-10-05T15:37:43","date_gmt":"2023-10-05T15:37:43","guid":{"rendered":"https:\/\/izsekosanasierices.lv\/produktas\/laikrodis-su-mobilaus-telefono-paroveju-x2-usb-kistukai-pakrovimui\/"},"modified":"2025-11-19T15:32:31","modified_gmt":"2025-11-19T13:32:31","slug":"pulksteni-masketa-slepta-kamera-2-usb-pieslegvietas","status":"publish","type":"product","link":"https:\/\/izsekosanasierices.lv\/et\/produkts\/vaata-maskott-salajane-kaamera-2-usb-porti\/","title":{"rendered":"Varjatud kaamera maskeeritud kellas 2 USB-porti"},"content":{"rendered":"<h3><strong>Tehnilised parameetrid:<\/strong><\/h3>\n<ul>\n<li>M\u00e4lukaardi tugi: micro SD\/SDHC kuni 128 GB (ei kuulu komplekti)<\/li>\n<li>2mpx kaamera sensor<\/li>\n<li>Video salvestamine koos heliga<\/li>\n<li>Salvestuslahutus: Full HD 1920 x 1080 px<\/li>\n<li>USB: 2 tk. 5V 1A<\/li>\n<li>Videoformaat: avi | max 25 fps<\/li>\n<li>Pildi resolutsioon: 1920 x 1080 px<\/li>\n<li>Vaatev\u00e4li: 140\u00b0 v\u00e4ga lai<\/li>\n<li>Heli: m\u00fcrasummutusmikrofon<\/li>\n<li>\u00d6ine n\u00e4htavus 5 meetrit; v\u00e4ga hea n\u00e4htavus \u00f6\u00f6sel<\/li>\n<li>Otse online (mobiilirakenduse kaudu) k\u00f5ikjal maailmas<\/li>\n<li>Liikumistuvastus, rakendusesisene teade, kui keegi siseneb tuppa.<\/li>\n<li>Pidev videosalvestus<\/li>\n<li>Videokodeerimine: H264<\/li>\n<li>Sisaldab kella, peidetud kaamerat, micro SD-kaardi lugejat, USB-kaablit, toiteallikat.<\/li>\n<li>M\u00f5\u00f5tmed: 17,5 x 7 x 7,3 cm<\/li>\n<li><strong>Garantii 12 kuud<\/strong><\/li>\n<\/ul>\n<p><span style=\"color: #ff0000;\"><strong>Vajad kiiret sama p\u00e4eva (ja n\u00e4dalavahetuse) kohaletoimetamist?  Helistage +37120484176!<\/strong><\/span><\/p>\n<p>Saate \u00f6\u00f6p\u00e4evaringselt toal silma peal hoida ja kui keegi siseneb tuppa, saate sellest mobiilirakenduses teate.<\/p>","protected":false},"excerpt":{"rendered":"<p>24\/7 videovalve k\u00f5ikjal maailmas. Hea \u00f6ine n\u00e4htavus parima v\u00f5imaliku kvaliteediga. Kahte mobiiltelefoni saab korraga laadida.<\/p>","protected":false},"featured_media":1897,"template":"","meta":[],"product_brand":[],"product_cat":[330,321,331],"product_tag":[332,325,23,333,334,328,29],"class_list":{"0":"post-1315","1":"product","2":"type-product","3":"status-publish","4":"has-post-thumbnail","6":"product_cat-masketas-kameras","7":"product_cat-sleptas-kameras","8":"product_cat-wi-fi-slepenas-kameras","9":"product_tag-izsekosanas-iekartas","10":"product_tag-izsekosanas-kamera","11":"product_tag-kamera","12":"product_tag-kameras-pulkstenis","13":"product_tag-masketa-kamera","14":"product_tag-slepena-kamera","15":"product_tag-wi-fi-kamera","17":"first","18":"outofstock","19":"taxable","20":"shipping-taxable","21":"purchasable","22":"product-type-simple"},"yoast_head":"<!-- This site is optimized with the Yoast SEO plugin v27.5 - https:\/\/yoast.com\/product\/yoast-seo-wordpress\/ -->\n<title>Pulksten\u012b mask\u0113ta sl\u0113pt\u0101 kamera 2 USB piesl\u0113gvietas<\/title>\n<meta name=\"description\" content=\"Iesp\u0113ja veikt videonov\u0113ro\u0161anu 24 stundas diennakt\u012b, 7 dienas ned\u0113\u013c\u0101 no jebkuras vietas pasaul\u0113. Laba nakts redzam\u012bba ar vislab\u0101ko iesp\u0113jamo kvalit\u0101ti.\" \/>\n<meta name=\"robots\" content=\"index, follow, max-snippet:-1, max-image-preview:large, max-video-preview:-1\" \/>\n<link rel=\"canonical\" href=\"https:\/\/izsekosanasierices.lv\/et\/produkts\/vaata-maskott-salajane-kaamera-2-usb-porti\/\" \/>\n<meta property=\"og:locale\" content=\"et_EE\" \/>\n<meta property=\"og:type\" content=\"article\" \/>\n<meta property=\"og:title\" content=\"Pulkstenis ar mobil\u0101 t\u0101lru\u0146a l\u0101d\u0113t\u0101ju 2x usb savienot\u0101js 5v. 1A\" \/>\n<meta property=\"og:description\" content=\"J\u016bs var\u0113siet skat\u012bties 24 stundas diennakt\u012b, 7 dienas ned\u0113\u013c\u0101, 7 dienas ned\u0113\u013c\u0101 no jebkuras vietas pasaul\u0113. Laba nakts redzam\u012bba ar vislab\u0101ko iesp\u0113jamo skatu. Uzl\u0101d\u0113jiet divus mobilos t\u0101lru\u0146us vienlaic\u012bgi\" \/>\n<meta property=\"og:url\" content=\"https:\/\/izsekosanasierices.lv\/et\/produkts\/vaata-maskott-salajane-kaamera-2-usb-porti\/\" \/>\n<meta property=\"og:site_name\" content=\"Nr1 Izseko\u0161anas ier\u012bces gps izseko\u0161anas iek\u0101rtas, klaus\u012b\u0161an\u0101s iek\u0101rtas\" \/>\n<meta property=\"article:modified_time\" content=\"2025-11-19T13:32:31+00:00\" \/>\n<meta property=\"og:image\" content=\"https:\/\/rvnski.dev\/sekimoiranga\/wp-content\/uploads\/izsekosanasierices.webp\" \/>\n<meta name=\"twitter:card\" content=\"summary_large_image\" \/>\n<meta name=\"twitter:title\" content=\"Pulkstenis ar mobil\u0101 t\u0101lru\u0146a l\u0101d\u0113t\u0101ju 2x usb savienot\u0101js 5v. 1A\" \/>\n<meta name=\"twitter:description\" content=\"J\u016bs var\u0113siet skat\u012bties 24 stundas diennakt\u012b, 7 dienas ned\u0113\u013c\u0101, 7 dienas ned\u0113\u013c\u0101 no jebkuras vietas pasaul\u0113. Laba nakts redzam\u012bba ar vislab\u0101ko iesp\u0113jamo skatu. Uzl\u0101d\u0113jiet divus mobilos t\u0101lru\u0146us vienlaic\u012bgi\" \/>\n<meta name=\"twitter:label1\" content=\"Est. reading time\" \/>\n\t<meta name=\"twitter:data1\" content=\"1 minut\" \/>\n<script type=\"application\/ld+json\" class=\"yoast-schema-graph\">{\"@context\":\"https:\\\/\\\/schema.org\",\"@graph\":[{\"@type\":\"WebPage\",\"@id\":\"https:\\\/\\\/izsekosanasierices.lv\\\/produkts\\\/pulksteni-masketa-slepta-kamera-2-usb-pieslegvietas\\\/\",\"url\":\"https:\\\/\\\/izsekosanasierices.lv\\\/produkts\\\/pulksteni-masketa-slepta-kamera-2-usb-pieslegvietas\\\/\",\"name\":\"Pulksten\u012b mask\u0113ta sl\u0113pt\u0101 kamera 2 USB piesl\u0113gvietas\",\"isPartOf\":{\"@id\":\"https:\\\/\\\/izsekosanasierices.lv\\\/#website\"},\"primaryImageOfPage\":{\"@id\":\"https:\\\/\\\/izsekosanasierices.lv\\\/produkts\\\/pulksteni-masketa-slepta-kamera-2-usb-pieslegvietas\\\/#primaryimage\"},\"image\":{\"@id\":\"https:\\\/\\\/izsekosanasierices.lv\\\/produkts\\\/pulksteni-masketa-slepta-kamera-2-usb-pieslegvietas\\\/#primaryimage\"},\"thumbnailUrl\":\"https:\\\/\\\/izsekosanasierices.lv\\\/wp-content\\\/uploads\\\/izsekosanasierices-judesio-daviklis-su-slapta-kamera-ir-pir-davikliu-veikimas-iki-1-metu-4.jpg\",\"datePublished\":\"2023-10-05T15:37:43+00:00\",\"dateModified\":\"2025-11-19T13:32:31+00:00\",\"description\":\"Iesp\u0113ja veikt videonov\u0113ro\u0161anu 24 stundas diennakt\u012b, 7 dienas ned\u0113\u013c\u0101 no jebkuras vietas pasaul\u0113. Laba nakts redzam\u012bba ar vislab\u0101ko iesp\u0113jamo kvalit\u0101ti.\",\"breadcrumb\":{\"@id\":\"https:\\\/\\\/izsekosanasierices.lv\\\/produkts\\\/pulksteni-masketa-slepta-kamera-2-usb-pieslegvietas\\\/#breadcrumb\"},\"inLanguage\":\"et\",\"potentialAction\":[{\"@type\":\"ReadAction\",\"target\":[\"https:\\\/\\\/izsekosanasierices.lv\\\/produkts\\\/pulksteni-masketa-slepta-kamera-2-usb-pieslegvietas\\\/\"]}]},{\"@type\":\"ImageObject\",\"inLanguage\":\"et\",\"@id\":\"https:\\\/\\\/izsekosanasierices.lv\\\/produkts\\\/pulksteni-masketa-slepta-kamera-2-usb-pieslegvietas\\\/#primaryimage\",\"url\":\"https:\\\/\\\/izsekosanasierices.lv\\\/wp-content\\\/uploads\\\/izsekosanasierices-judesio-daviklis-su-slapta-kamera-ir-pir-davikliu-veikimas-iki-1-metu-4.jpg\",\"contentUrl\":\"https:\\\/\\\/izsekosanasierices.lv\\\/wp-content\\\/uploads\\\/izsekosanasierices-judesio-daviklis-su-slapta-kamera-ir-pir-davikliu-veikimas-iki-1-metu-4.jpg\",\"width\":460,\"height\":462,\"caption\":\"judesio daviklio imitacija su wi fi kamera\"},{\"@type\":\"BreadcrumbList\",\"@id\":\"https:\\\/\\\/izsekosanasierices.lv\\\/produkts\\\/pulksteni-masketa-slepta-kamera-2-usb-pieslegvietas\\\/#breadcrumb\",\"itemListElement\":[{\"@type\":\"ListItem\",\"position\":1,\"name\":\"S\u0101kums\",\"item\":\"https:\\\/\\\/izsekosanasierices.lv\\\/\"},{\"@type\":\"ListItem\",\"position\":2,\"name\":\"Veikals\",\"item\":\"https:\\\/\\\/izsekosanasierices.lv\\\/veikals\\\/\"},{\"@type\":\"ListItem\",\"position\":3,\"name\":\"Pulksten\u012b mask\u0113ta sl\u0113pt\u0101 kamera 2 USB piesl\u0113gvietas\"}]},{\"@type\":\"WebSite\",\"@id\":\"https:\\\/\\\/izsekosanasierices.lv\\\/#website\",\"url\":\"https:\\\/\\\/izsekosanasierices.lv\\\/\",\"name\":\"Nr1 Izseko\u0161anas ier\u012bces gps izseko\u0161anas iek\u0101rtas, klaus\u012b\u0161an\u0101s iek\u0101rtas\",\"description\":\"\",\"potentialAction\":[{\"@type\":\"SearchAction\",\"target\":{\"@type\":\"EntryPoint\",\"urlTemplate\":\"https:\\\/\\\/izsekosanasierices.lv\\\/?s={search_term_string}\"},\"query-input\":{\"@type\":\"PropertyValueSpecification\",\"valueRequired\":true,\"valueName\":\"search_term_string\"}}],\"inLanguage\":\"et\"}]}<\/script>\n<!-- \/ Yoast SEO plugin. -->","yoast_head_json":{"title":"Pulksten\u012b mask\u0113ta sl\u0113pt\u0101 kamera 2 USB piesl\u0113gvietas","description":"Iesp\u0113ja veikt videonov\u0113ro\u0161anu 24 stundas diennakt\u012b, 7 dienas ned\u0113\u013c\u0101 no jebkuras vietas pasaul\u0113. Laba nakts redzam\u012bba ar vislab\u0101ko iesp\u0113jamo kvalit\u0101ti.","robots":{"index":"index","follow":"follow","max-snippet":"max-snippet:-1","max-image-preview":"max-image-preview:large","max-video-preview":"max-video-preview:-1"},"canonical":"https:\/\/izsekosanasierices.lv\/et\/produkts\/vaata-maskott-salajane-kaamera-2-usb-porti\/","og_locale":"et_EE","og_type":"article","og_title":"Pulkstenis ar mobil\u0101 t\u0101lru\u0146a l\u0101d\u0113t\u0101ju 2x usb savienot\u0101js 5v. 1A","og_description":"J\u016bs var\u0113siet skat\u012bties 24 stundas diennakt\u012b, 7 dienas ned\u0113\u013c\u0101, 7 dienas ned\u0113\u013c\u0101 no jebkuras vietas pasaul\u0113. Laba nakts redzam\u012bba ar vislab\u0101ko iesp\u0113jamo skatu. Uzl\u0101d\u0113jiet divus mobilos t\u0101lru\u0146us vienlaic\u012bgi","og_url":"https:\/\/izsekosanasierices.lv\/et\/produkts\/vaata-maskott-salajane-kaamera-2-usb-porti\/","og_site_name":"Nr1 Izseko\u0161anas ier\u012bces gps izseko\u0161anas iek\u0101rtas, klaus\u012b\u0161an\u0101s iek\u0101rtas","article_modified_time":"2025-11-19T13:32:31+00:00","og_image":[{"url":"https:\/\/rvnski.dev\/sekimoiranga\/wp-content\/uploads\/izsekosanasierices.webp","type":"","width":"","height":""}],"twitter_card":"summary_large_image","twitter_title":"Pulkstenis ar mobil\u0101 t\u0101lru\u0146a l\u0101d\u0113t\u0101ju 2x usb savienot\u0101js 5v. 1A","twitter_description":"J\u016bs var\u0113siet skat\u012bties 24 stundas diennakt\u012b, 7 dienas ned\u0113\u013c\u0101, 7 dienas ned\u0113\u013c\u0101 no jebkuras vietas pasaul\u0113. Laba nakts redzam\u012bba ar vislab\u0101ko iesp\u0113jamo skatu. Uzl\u0101d\u0113jiet divus mobilos t\u0101lru\u0146us vienlaic\u012bgi","twitter_misc":{"Est. reading time":"1 minut"},"schema":{"@context":"https:\/\/schema.org","@graph":[{"@type":"WebPage","@id":"https:\/\/izsekosanasierices.lv\/produkts\/pulksteni-masketa-slepta-kamera-2-usb-pieslegvietas\/","url":"https:\/\/izsekosanasierices.lv\/produkts\/pulksteni-masketa-slepta-kamera-2-usb-pieslegvietas\/","name":"Pulksten\u012b mask\u0113ta sl\u0113pt\u0101 kamera 2 USB piesl\u0113gvietas","isPartOf":{"@id":"https:\/\/izsekosanasierices.lv\/#website"},"primaryImageOfPage":{"@id":"https:\/\/izsekosanasierices.lv\/produkts\/pulksteni-masketa-slepta-kamera-2-usb-pieslegvietas\/#primaryimage"},"image":{"@id":"https:\/\/izsekosanasierices.lv\/produkts\/pulksteni-masketa-slepta-kamera-2-usb-pieslegvietas\/#primaryimage"},"thumbnailUrl":"https:\/\/izsekosanasierices.lv\/wp-content\/uploads\/izsekosanasierices-judesio-daviklis-su-slapta-kamera-ir-pir-davikliu-veikimas-iki-1-metu-4.jpg","datePublished":"2023-10-05T15:37:43+00:00","dateModified":"2025-11-19T13:32:31+00:00","description":"Iesp\u0113ja veikt videonov\u0113ro\u0161anu 24 stundas diennakt\u012b, 7 dienas ned\u0113\u013c\u0101 no jebkuras vietas pasaul\u0113. Laba nakts redzam\u012bba ar vislab\u0101ko iesp\u0113jamo kvalit\u0101ti.","breadcrumb":{"@id":"https:\/\/izsekosanasierices.lv\/produkts\/pulksteni-masketa-slepta-kamera-2-usb-pieslegvietas\/#breadcrumb"},"inLanguage":"et","potentialAction":[{"@type":"ReadAction","target":["https:\/\/izsekosanasierices.lv\/produkts\/pulksteni-masketa-slepta-kamera-2-usb-pieslegvietas\/"]}]},{"@type":"ImageObject","inLanguage":"et","@id":"https:\/\/izsekosanasierices.lv\/produkts\/pulksteni-masketa-slepta-kamera-2-usb-pieslegvietas\/#primaryimage","url":"https:\/\/izsekosanasierices.lv\/wp-content\/uploads\/izsekosanasierices-judesio-daviklis-su-slapta-kamera-ir-pir-davikliu-veikimas-iki-1-metu-4.jpg","contentUrl":"https:\/\/izsekosanasierices.lv\/wp-content\/uploads\/izsekosanasierices-judesio-daviklis-su-slapta-kamera-ir-pir-davikliu-veikimas-iki-1-metu-4.jpg","width":460,"height":462,"caption":"judesio daviklio imitacija su wi fi kamera"},{"@type":"BreadcrumbList","@id":"https:\/\/izsekosanasierices.lv\/produkts\/pulksteni-masketa-slepta-kamera-2-usb-pieslegvietas\/#breadcrumb","itemListElement":[{"@type":"ListItem","position":1,"name":"S\u0101kums","item":"https:\/\/izsekosanasierices.lv\/"},{"@type":"ListItem","position":2,"name":"Veikals","item":"https:\/\/izsekosanasierices.lv\/veikals\/"},{"@type":"ListItem","position":3,"name":"Pulksten\u012b mask\u0113ta sl\u0113pt\u0101 kamera 2 USB piesl\u0113gvietas"}]},{"@type":"WebSite","@id":"https:\/\/izsekosanasierices.lv\/#website","url":"https:\/\/izsekosanasierices.lv\/","name":"Nr1 Izseko\u0161anas ier\u012bces gps izseko\u0161anas iek\u0101rtas, klaus\u012b\u0161an\u0101s iek\u0101rtas","description":"","potentialAction":[{"@type":"SearchAction","target":{"@type":"EntryPoint","urlTemplate":"https:\/\/izsekosanasierices.lv\/?s={search_term_string}"},"query-input":{"@type":"PropertyValueSpecification","valueRequired":true,"valueName":"search_term_string"}}],"inLanguage":"et"}]}},"_links":{"self":[{"href":"https:\/\/izsekosanasierices.lv\/et\/wp-json\/wp\/v2\/product\/1315","targetHints":{"allow":["GET"]}}],"collection":[{"href":"https:\/\/izsekosanasierices.lv\/et\/wp-json\/wp\/v2\/product"}],"about":[{"href":"https:\/\/izsekosanasierices.lv\/et\/wp-json\/wp\/v2\/types\/product"}],"wp:featuredmedia":[{"embeddable":true,"href":"https:\/\/izsekosanasierices.lv\/et\/wp-json\/wp\/v2\/media\/1897"}],"wp:attachment":[{"href":"https:\/\/izsekosanasierices.lv\/et\/wp-json\/wp\/v2\/media?parent=1315"}],"wp:term":[{"taxonomy":"product_brand","embeddable":true,"href":"https:\/\/izsekosanasierices.lv\/et\/wp-json\/wp\/v2\/product_brand?post=1315"},{"taxonomy":"product_cat","embeddable":true,"href":"https:\/\/izsekosanasierices.lv\/et\/wp-json\/wp\/v2\/product_cat?post=1315"},{"taxonomy":"product_tag","embeddable":true,"href":"https:\/\/izsekosanasierices.lv\/et\/wp-json\/wp\/v2\/product_tag?post=1315"}],"curies":[{"name":"wp","href":"https:\/\/api.w.org\/{rel}","templated":true}]}}