{"id":1316,"date":"2023-10-05T15:37:43","date_gmt":"2023-10-05T15:37:43","guid":{"rendered":"https:\/\/izsekosanasierices.lv\/produktas\/nesiojamas-pakrovejas-powerbank-su-imontuota-kamera-ir-wi-fi\/"},"modified":"2025-11-19T18:06:32","modified_gmt":"2025-11-19T16:06:32","slug":"powerbank-portativais-ladetajs-ar-iebuvetu-kameru-un-wi-fi","status":"publish","type":"product","link":"https:\/\/izsekosanasierices.lv\/et\/produkts\/powerbank-kaasaskantav-raadio-koos-sisseehitatud-kaamera-ja-wifiga\/","title":{"rendered":"POWERBANK kaasaskantav laadija sisseehitatud kaamera ja Wi fi funktsiooniga"},"content":{"rendered":"<h3><strong>Tehnilised parameetrid:<\/strong><\/h3>\n<ul>\n<li>M\u00e4lukaardi tugi: micro SD\/SDHC kuni 128 GB (ei kuulu komplekti)<\/li>\n<li>2mpx kaamera sensor<\/li>\n<li>Video salvestamine koos heliga<\/li>\n<li>Salvestuslahutus: Full HD 1920 x 1080 px<\/li>\n<li>Videovalve kuni 30 m kaugusele<\/li>\n<li>Kui see on \u00fchendatud <strong>WiFi<\/strong>v\u00f5rk, j\u00e4lgimiskaugus on piiramatu<\/li>\n<li>Videoformaat: avi | max 20 fps<\/li>\n<li>Aku mahutavus 2800 mAh<\/li>\n<li>Vaatamisnurk: 120\u00b0<\/li>\n<li>LED m\u00e4rgutuli<\/li>\n<li>Heli: m\u00fcrasummutusmikrofon<\/li>\n<li>\u00d6ine n\u00e4htavus: puudub<\/li>\n<li>Otse online (mobiilirakenduse kaudu) k\u00f5ikjal maailmas<\/li>\n<li>Liikumistuvastus, rakendusesisene teade, kui keegi siseneb tuppa<\/li>\n<li>Pidev videosalvestus<\/li>\n<li>Videokodeerimine: H264<\/li>\n<li>Sisaldab PowerBank akut, peidetud kaamerat,<\/li>\n<li>M\u00f5\u00f5tmed: 11,3 x 6 x 1,4 cm<\/li>\n<li><strong>Garantii 12 kuud<\/strong><\/li>\n<\/ul>\n<p><span style=\"color: #ff0000;\"><strong>Vajad kiiret sama p\u00e4eva (ja n\u00e4dalavahetuse) kohaletoimetamist?  Helistage +37120484176<\/strong><\/span><\/p>","protected":false},"excerpt":{"rendered":"<p>24\/7 videovalve k\u00f5ikjal maailmas. Saadaval on ka mobiilne laadimine. 2mpx kaamera pakub h\u00e4id pilte. Kaasaskantaval laadijal on sisseehitatud LED-valgus.<\/p>","protected":false},"featured_media":1901,"template":"","meta":[],"product_brand":[],"product_cat":[330,321,331],"product_tag":[332,325,23,333,334,328,29],"class_list":{"0":"post-1316","1":"product","2":"type-product","3":"status-publish","4":"has-post-thumbnail","6":"product_cat-masketas-kameras","7":"product_cat-sleptas-kameras","8":"product_cat-wi-fi-slepenas-kameras","9":"product_tag-izsekosanas-iekartas","10":"product_tag-izsekosanas-kamera","11":"product_tag-kamera","12":"product_tag-kameras-pulkstenis","13":"product_tag-masketa-kamera","14":"product_tag-slepena-kamera","15":"product_tag-wi-fi-kamera","17":"first","18":"instock","19":"taxable","20":"shipping-taxable","21":"purchasable","22":"product-type-simple"},"yoast_head":"<!-- This site is optimized with the Yoast SEO plugin v27.5 - https:\/\/yoast.com\/product\/yoast-seo-wordpress\/ -->\n<title>POWERBANK portat\u012bvais l\u0101d\u0113t\u0101js ar ieb\u016bv\u0113tu kameru un Wi fi<\/title>\n<meta name=\"description\" content=\"Iesp\u0113ja veikt videonov\u0113ro\u0161anu 24 stundas diennakt\u012b, 7 dienas ned\u0113\u013c\u0101 no jebkuras vietas pasaul\u0113. Ir pieejama ar\u012b mobil\u0101 uzl\u0101de. 2mpx kamera nodro\u0161ina labu\" \/>\n<meta name=\"robots\" content=\"index, follow, max-snippet:-1, max-image-preview:large, max-video-preview:-1\" \/>\n<link rel=\"canonical\" href=\"https:\/\/izsekosanasierices.lv\/et\/produkts\/powerbank-kaasaskantav-raadio-koos-sisseehitatud-kaamera-ja-wifiga\/\" \/>\n<meta property=\"og:locale\" content=\"et_EE\" \/>\n<meta property=\"og:type\" content=\"article\" \/>\n<meta property=\"og:title\" content=\"Powerbanka ar slepeni ieb\u016bv\u0113tu kameru un wi fi moduli- Sekimoiranga.lt\" \/>\n<meta property=\"og:description\" content=\"Varat skat\u012bties tie\u0161raid\u0113 - jebkur\u0101 viet\u0101. Ir pieejama ar\u012b mobil\u0101 uzl\u0101de. t\u0101lrun\u012b ar 2mpx kameru, kas nodro\u0161ina labu att\u0113lu. l\u0101d\u0113t\u0101jam ir ieb\u016bv\u0113ts LED luktur\u012btis\" \/>\n<meta property=\"og:url\" content=\"https:\/\/izsekosanasierices.lv\/et\/produkts\/powerbank-kaasaskantav-raadio-koos-sisseehitatud-kaamera-ja-wifiga\/\" \/>\n<meta property=\"og:site_name\" content=\"Nr1 Izseko\u0161anas ier\u012bces gps izseko\u0161anas iek\u0101rtas, klaus\u012b\u0161an\u0101s iek\u0101rtas\" \/>\n<meta property=\"article:modified_time\" content=\"2025-11-19T16:06:32+00:00\" \/>\n<meta property=\"og:image\" content=\"https:\/\/rvnski.dev\/sekimoiranga\/wp-content\/uploads\/izsekosanasierices.webp\" \/>\n<meta name=\"twitter:card\" content=\"summary_large_image\" \/>\n<meta name=\"twitter:title\" content=\"Powerbanka ar slepeni ieb\u016bv\u0113tu kameru un wi fi moduli- Sekimoiranga.lt\" \/>\n<meta name=\"twitter:description\" content=\"Varat skat\u012bties tie\u0161raid\u0113 - jebkur\u0101 viet\u0101. Ir pieejama ar\u012b mobil\u0101 uzl\u0101de. t\u0101lrun\u012b ar 2mpx kameru, kas nodro\u0161ina labu att\u0113lu. l\u0101d\u0113t\u0101jam ir ieb\u016bv\u0113ts LED luktur\u012btis\" \/>\n<meta name=\"twitter:label1\" content=\"Est. reading time\" \/>\n\t<meta name=\"twitter:data1\" content=\"1 minut\" \/>\n<script type=\"application\/ld+json\" class=\"yoast-schema-graph\">{\"@context\":\"https:\\\/\\\/schema.org\",\"@graph\":[{\"@type\":\"WebPage\",\"@id\":\"https:\\\/\\\/izsekosanasierices.lv\\\/produkts\\\/powerbank-portativais-ladetajs-ar-iebuvetu-kameru-un-wi-fi\\\/\",\"url\":\"https:\\\/\\\/izsekosanasierices.lv\\\/produkts\\\/powerbank-portativais-ladetajs-ar-iebuvetu-kameru-un-wi-fi\\\/\",\"name\":\"POWERBANK portat\u012bvais l\u0101d\u0113t\u0101js ar ieb\u016bv\u0113tu kameru un Wi fi\",\"isPartOf\":{\"@id\":\"https:\\\/\\\/izsekosanasierices.lv\\\/#website\"},\"primaryImageOfPage\":{\"@id\":\"https:\\\/\\\/izsekosanasierices.lv\\\/produkts\\\/powerbank-portativais-ladetajs-ar-iebuvetu-kameru-un-wi-fi\\\/#primaryimage\"},\"image\":{\"@id\":\"https:\\\/\\\/izsekosanasierices.lv\\\/produkts\\\/powerbank-portativais-ladetajs-ar-iebuvetu-kameru-un-wi-fi\\\/#primaryimage\"},\"thumbnailUrl\":\"https:\\\/\\\/izsekosanasierices.lv\\\/wp-content\\\/uploads\\\/izsekosanasierices-nesiojamas-pakrovejas-powerbank-su-imontuota-kamera-ir-wi-fi.jpg\",\"datePublished\":\"2023-10-05T15:37:43+00:00\",\"dateModified\":\"2025-11-19T16:06:32+00:00\",\"description\":\"Iesp\u0113ja veikt videonov\u0113ro\u0161anu 24 stundas diennakt\u012b, 7 dienas ned\u0113\u013c\u0101 no jebkuras vietas pasaul\u0113. Ir pieejama ar\u012b mobil\u0101 uzl\u0101de. 2mpx kamera nodro\u0161ina labu\",\"breadcrumb\":{\"@id\":\"https:\\\/\\\/izsekosanasierices.lv\\\/produkts\\\/powerbank-portativais-ladetajs-ar-iebuvetu-kameru-un-wi-fi\\\/#breadcrumb\"},\"inLanguage\":\"et\",\"potentialAction\":[{\"@type\":\"ReadAction\",\"target\":[\"https:\\\/\\\/izsekosanasierices.lv\\\/produkts\\\/powerbank-portativais-ladetajs-ar-iebuvetu-kameru-un-wi-fi\\\/\"]}]},{\"@type\":\"ImageObject\",\"inLanguage\":\"et\",\"@id\":\"https:\\\/\\\/izsekosanasierices.lv\\\/produkts\\\/powerbank-portativais-ladetajs-ar-iebuvetu-kameru-un-wi-fi\\\/#primaryimage\",\"url\":\"https:\\\/\\\/izsekosanasierices.lv\\\/wp-content\\\/uploads\\\/izsekosanasierices-nesiojamas-pakrovejas-powerbank-su-imontuota-kamera-ir-wi-fi.jpg\",\"contentUrl\":\"https:\\\/\\\/izsekosanasierices.lv\\\/wp-content\\\/uploads\\\/izsekosanasierices-nesiojamas-pakrovejas-powerbank-su-imontuota-kamera-ir-wi-fi.jpg\",\"width\":424,\"height\":475,\"caption\":\"powerbank telefono pakrovejas su slapta kamera\"},{\"@type\":\"BreadcrumbList\",\"@id\":\"https:\\\/\\\/izsekosanasierices.lv\\\/produkts\\\/powerbank-portativais-ladetajs-ar-iebuvetu-kameru-un-wi-fi\\\/#breadcrumb\",\"itemListElement\":[{\"@type\":\"ListItem\",\"position\":1,\"name\":\"S\u0101kums\",\"item\":\"https:\\\/\\\/izsekosanasierices.lv\\\/\"},{\"@type\":\"ListItem\",\"position\":2,\"name\":\"Veikals\",\"item\":\"https:\\\/\\\/izsekosanasierices.lv\\\/veikals\\\/\"},{\"@type\":\"ListItem\",\"position\":3,\"name\":\"POWERBANK portat\u012bvais l\u0101d\u0113t\u0101js ar ieb\u016bv\u0113tu kameru un Wi fi\"}]},{\"@type\":\"WebSite\",\"@id\":\"https:\\\/\\\/izsekosanasierices.lv\\\/#website\",\"url\":\"https:\\\/\\\/izsekosanasierices.lv\\\/\",\"name\":\"Nr1 Izseko\u0161anas ier\u012bces gps izseko\u0161anas iek\u0101rtas, klaus\u012b\u0161an\u0101s iek\u0101rtas\",\"description\":\"\",\"potentialAction\":[{\"@type\":\"SearchAction\",\"target\":{\"@type\":\"EntryPoint\",\"urlTemplate\":\"https:\\\/\\\/izsekosanasierices.lv\\\/?s={search_term_string}\"},\"query-input\":{\"@type\":\"PropertyValueSpecification\",\"valueRequired\":true,\"valueName\":\"search_term_string\"}}],\"inLanguage\":\"et\"}]}<\/script>\n<!-- \/ Yoast SEO plugin. -->","yoast_head_json":{"title":"POWERBANK portat\u012bvais l\u0101d\u0113t\u0101js ar ieb\u016bv\u0113tu kameru un Wi fi","description":"Iesp\u0113ja veikt videonov\u0113ro\u0161anu 24 stundas diennakt\u012b, 7 dienas ned\u0113\u013c\u0101 no jebkuras vietas pasaul\u0113. Ir pieejama ar\u012b mobil\u0101 uzl\u0101de. 2mpx kamera nodro\u0161ina labu","robots":{"index":"index","follow":"follow","max-snippet":"max-snippet:-1","max-image-preview":"max-image-preview:large","max-video-preview":"max-video-preview:-1"},"canonical":"https:\/\/izsekosanasierices.lv\/et\/produkts\/powerbank-kaasaskantav-raadio-koos-sisseehitatud-kaamera-ja-wifiga\/","og_locale":"et_EE","og_type":"article","og_title":"Powerbanka ar slepeni ieb\u016bv\u0113tu kameru un wi fi moduli- Sekimoiranga.lt","og_description":"Varat skat\u012bties tie\u0161raid\u0113 - jebkur\u0101 viet\u0101. Ir pieejama ar\u012b mobil\u0101 uzl\u0101de. t\u0101lrun\u012b ar 2mpx kameru, kas nodro\u0161ina labu att\u0113lu. l\u0101d\u0113t\u0101jam ir ieb\u016bv\u0113ts LED luktur\u012btis","og_url":"https:\/\/izsekosanasierices.lv\/et\/produkts\/powerbank-kaasaskantav-raadio-koos-sisseehitatud-kaamera-ja-wifiga\/","og_site_name":"Nr1 Izseko\u0161anas ier\u012bces gps izseko\u0161anas iek\u0101rtas, klaus\u012b\u0161an\u0101s iek\u0101rtas","article_modified_time":"2025-11-19T16:06:32+00:00","og_image":[{"url":"https:\/\/rvnski.dev\/sekimoiranga\/wp-content\/uploads\/izsekosanasierices.webp","type":"","width":"","height":""}],"twitter_card":"summary_large_image","twitter_title":"Powerbanka ar slepeni ieb\u016bv\u0113tu kameru un wi fi moduli- Sekimoiranga.lt","twitter_description":"Varat skat\u012bties tie\u0161raid\u0113 - jebkur\u0101 viet\u0101. Ir pieejama ar\u012b mobil\u0101 uzl\u0101de. t\u0101lrun\u012b ar 2mpx kameru, kas nodro\u0161ina labu att\u0113lu. l\u0101d\u0113t\u0101jam ir ieb\u016bv\u0113ts LED luktur\u012btis","twitter_misc":{"Est. reading time":"1 minut"},"schema":{"@context":"https:\/\/schema.org","@graph":[{"@type":"WebPage","@id":"https:\/\/izsekosanasierices.lv\/produkts\/powerbank-portativais-ladetajs-ar-iebuvetu-kameru-un-wi-fi\/","url":"https:\/\/izsekosanasierices.lv\/produkts\/powerbank-portativais-ladetajs-ar-iebuvetu-kameru-un-wi-fi\/","name":"POWERBANK portat\u012bvais l\u0101d\u0113t\u0101js ar ieb\u016bv\u0113tu kameru un Wi fi","isPartOf":{"@id":"https:\/\/izsekosanasierices.lv\/#website"},"primaryImageOfPage":{"@id":"https:\/\/izsekosanasierices.lv\/produkts\/powerbank-portativais-ladetajs-ar-iebuvetu-kameru-un-wi-fi\/#primaryimage"},"image":{"@id":"https:\/\/izsekosanasierices.lv\/produkts\/powerbank-portativais-ladetajs-ar-iebuvetu-kameru-un-wi-fi\/#primaryimage"},"thumbnailUrl":"https:\/\/izsekosanasierices.lv\/wp-content\/uploads\/izsekosanasierices-nesiojamas-pakrovejas-powerbank-su-imontuota-kamera-ir-wi-fi.jpg","datePublished":"2023-10-05T15:37:43+00:00","dateModified":"2025-11-19T16:06:32+00:00","description":"Iesp\u0113ja veikt videonov\u0113ro\u0161anu 24 stundas diennakt\u012b, 7 dienas ned\u0113\u013c\u0101 no jebkuras vietas pasaul\u0113. Ir pieejama ar\u012b mobil\u0101 uzl\u0101de. 2mpx kamera nodro\u0161ina labu","breadcrumb":{"@id":"https:\/\/izsekosanasierices.lv\/produkts\/powerbank-portativais-ladetajs-ar-iebuvetu-kameru-un-wi-fi\/#breadcrumb"},"inLanguage":"et","potentialAction":[{"@type":"ReadAction","target":["https:\/\/izsekosanasierices.lv\/produkts\/powerbank-portativais-ladetajs-ar-iebuvetu-kameru-un-wi-fi\/"]}]},{"@type":"ImageObject","inLanguage":"et","@id":"https:\/\/izsekosanasierices.lv\/produkts\/powerbank-portativais-ladetajs-ar-iebuvetu-kameru-un-wi-fi\/#primaryimage","url":"https:\/\/izsekosanasierices.lv\/wp-content\/uploads\/izsekosanasierices-nesiojamas-pakrovejas-powerbank-su-imontuota-kamera-ir-wi-fi.jpg","contentUrl":"https:\/\/izsekosanasierices.lv\/wp-content\/uploads\/izsekosanasierices-nesiojamas-pakrovejas-powerbank-su-imontuota-kamera-ir-wi-fi.jpg","width":424,"height":475,"caption":"powerbank telefono pakrovejas su slapta kamera"},{"@type":"BreadcrumbList","@id":"https:\/\/izsekosanasierices.lv\/produkts\/powerbank-portativais-ladetajs-ar-iebuvetu-kameru-un-wi-fi\/#breadcrumb","itemListElement":[{"@type":"ListItem","position":1,"name":"S\u0101kums","item":"https:\/\/izsekosanasierices.lv\/"},{"@type":"ListItem","position":2,"name":"Veikals","item":"https:\/\/izsekosanasierices.lv\/veikals\/"},{"@type":"ListItem","position":3,"name":"POWERBANK portat\u012bvais l\u0101d\u0113t\u0101js ar ieb\u016bv\u0113tu kameru un Wi fi"}]},{"@type":"WebSite","@id":"https:\/\/izsekosanasierices.lv\/#website","url":"https:\/\/izsekosanasierices.lv\/","name":"Nr1 Izseko\u0161anas ier\u012bces gps izseko\u0161anas iek\u0101rtas, klaus\u012b\u0161an\u0101s iek\u0101rtas","description":"","potentialAction":[{"@type":"SearchAction","target":{"@type":"EntryPoint","urlTemplate":"https:\/\/izsekosanasierices.lv\/?s={search_term_string}"},"query-input":{"@type":"PropertyValueSpecification","valueRequired":true,"valueName":"search_term_string"}}],"inLanguage":"et"}]}},"_links":{"self":[{"href":"https:\/\/izsekosanasierices.lv\/et\/wp-json\/wp\/v2\/product\/1316","targetHints":{"allow":["GET"]}}],"collection":[{"href":"https:\/\/izsekosanasierices.lv\/et\/wp-json\/wp\/v2\/product"}],"about":[{"href":"https:\/\/izsekosanasierices.lv\/et\/wp-json\/wp\/v2\/types\/product"}],"wp:featuredmedia":[{"embeddable":true,"href":"https:\/\/izsekosanasierices.lv\/et\/wp-json\/wp\/v2\/media\/1901"}],"wp:attachment":[{"href":"https:\/\/izsekosanasierices.lv\/et\/wp-json\/wp\/v2\/media?parent=1316"}],"wp:term":[{"taxonomy":"product_brand","embeddable":true,"href":"https:\/\/izsekosanasierices.lv\/et\/wp-json\/wp\/v2\/product_brand?post=1316"},{"taxonomy":"product_cat","embeddable":true,"href":"https:\/\/izsekosanasierices.lv\/et\/wp-json\/wp\/v2\/product_cat?post=1316"},{"taxonomy":"product_tag","embeddable":true,"href":"https:\/\/izsekosanasierices.lv\/et\/wp-json\/wp\/v2\/product_tag?post=1316"}],"curies":[{"name":"wp","href":"https:\/\/api.w.org\/{rel}","templated":true}]}}