{"id":1317,"date":"2023-10-05T15:37:43","date_gmt":"2023-10-05T15:37:43","guid":{"rendered":"https:\/\/izsekosanasierices.lv\/produktas\/wi-fi-marsrutizatorius-su-kamera-veikia-iki-2ju-metu-stebejimas-24-7\/"},"modified":"2025-11-19T15:39:30","modified_gmt":"2025-11-19T13:39:30","slug":"wifi-marsrutetajs-ar-iebuvetu-kameru-darbibas-laiks-lidz-2-gadiem-24-7-uzraudziba","status":"publish","type":"product","link":"https:\/\/izsekosanasierices.lv\/et\/produkts\/wifi-ruuter-sisseehitatud-kaameraga-kuni-2-aastat-24-7-jalgimist\/","title":{"rendered":"WiFi ruuter sisseehitatud kaameraga | kuni 2 aastat kasutusaega | 24\/7 j\u00e4lgimine"},"content":{"rendered":"<h3><strong>Tehnilised parameetrid:<\/strong><\/h3>\n<ul>\n<li>M\u00e4lukaardi tugi: micro SD\/SDHC kuni 128 GB (ei kuulu komplekti)<\/li>\n<li>Marsruuteri simulatsioon<\/li>\n<li>2 mpx kaamera sensor<\/li>\n<li>Video salvestamine koos heliga<\/li>\n<li>Salvestuslahutus: Full HD 1920 x 1080 px<\/li>\n<li>Kuni 2 aastat ootere\u017eiimi ilma v\u00f5rgu\u00fchenduseta. Kui seade on \u00fchendatud 220 V vooluv\u00f5rku, t\u00f6\u00f6tab seade ilma ajapiiranguta.<\/li>\n<li>Kui seade on \u00fchendatud <strong>WiFi <\/strong>v\u00f5rk, j\u00e4lgimiskaugus on piiramatu<\/li>\n<li>Videoformaat: avi | max 20 fps<\/li>\n<li>Vaatamisnurk: 145\u00b0<\/li>\n<li>Heli: m\u00fcrasummutusmikrofon<\/li>\n<li>\u00d6\u00f6n\u00e4gemine: kvaliteetne ja selge pilt<\/li>\n<li>Otse online (mobiilirakenduse kaudu) k\u00f5ikjal maailmas<\/li>\n<li>Liikumistuvastus, rakendusesisene teade, kui keegi siseneb tuppa<\/li>\n<li>Pidev videosalvestus<\/li>\n<li>Video kodeerimine : H264<\/li>\n<li>Sisaldab <strong>WiFi<\/strong> marsruuteri j\u00e4ljend, micro SD kaardilugeja, USB-kaabel, toiteallikas<\/li>\n<li>M\u00f5\u00f5tmed: 17,8 \u00d7 13,4 \u00d7 4,2cm<\/li>\n<li><strong>Garantii 12 kuud<\/strong><\/li>\n<\/ul>\n<p><span style=\"color: #ff0000;\"><strong>Vajad kiiret sama p\u00e4eva (ja n\u00e4dalavahetuse) kohaletoimetamist?  Helistage +37120484176<\/strong><\/span><\/p>","protected":false},"excerpt":{"rendered":"<p><strong>WiFi <\/strong>sisseehitatud kaameraga ruuteri koopia. Pikk kasutusiga - kuni 2 aastat. Otse online k\u00f5ikjal maailmas 24 tundi \u00f6\u00f6p\u00e4evas. Minikaamerad.<\/p>","protected":false},"featured_media":1905,"template":"","meta":[],"product_brand":[],"product_cat":[330,321,331],"product_tag":[332,325,23,333,334,328,29],"class_list":{"0":"post-1317","1":"product","2":"type-product","3":"status-publish","4":"has-post-thumbnail","6":"product_cat-masketas-kameras","7":"product_cat-sleptas-kameras","8":"product_cat-wi-fi-slepenas-kameras","9":"product_tag-izsekosanas-iekartas","10":"product_tag-izsekosanas-kamera","11":"product_tag-kamera","12":"product_tag-kameras-pulkstenis","13":"product_tag-masketa-kamera","14":"product_tag-slepena-kamera","15":"product_tag-wi-fi-kamera","17":"first","18":"outofstock","19":"taxable","20":"shipping-taxable","21":"purchasable","22":"product-type-simple"},"yoast_head":"<!-- This site is optimized with the Yoast SEO plugin v27.5 - https:\/\/yoast.com\/product\/yoast-seo-wordpress\/ -->\n<title>Wi fi mar\u0161rut\u0113t\u0101js ar kameru darbojas l\u012bdz 2 gadiem 24\/7<\/title>\n<meta name=\"description\" content=\"WiFimar\u0161rut\u0113t\u0101ja imit\u0101cija ar ieb\u016bv\u0113tu kameru. Ilgs darb\u012bbas laiks \u2013 l\u012bdz 2 gadiem. Tie\u0161raide tie\u0161saist\u0113 no jebkuras vietas pasaul\u0113 24 stundas diennakt\u012b.\" \/>\n<meta name=\"robots\" content=\"index, follow, max-snippet:-1, max-image-preview:large, max-video-preview:-1\" \/>\n<link rel=\"canonical\" href=\"https:\/\/izsekosanasierices.lv\/et\/produkts\/wifi-ruuter-sisseehitatud-kaameraga-kuni-2-aastat-24-7-jalgimist\/\" \/>\n<meta property=\"og:locale\" content=\"et_EE\" \/>\n<meta property=\"og:type\" content=\"article\" \/>\n<meta property=\"og:title\" content=\"Wi fi mar\u0161rut\u0113t\u0101js ar kameru darbojas l\u012bdz 2 gadiem 24\/7 uzraudz\u012bba\" \/>\n<meta property=\"og:description\" content=\"Wi-Fi mar\u0161rut\u0113t\u0101ja imit\u0101cija ar ieb\u016bv\u0113tu kameru. Ilgs kalpo\u0161anas laiks - l\u012bdz 2 gadiem. Tie\u0161raides tie\u0161raide no jebkuras vietas pasaul\u0113 24\/7 stundas. dien\u0101. Mini kameras\" \/>\n<meta property=\"og:url\" content=\"https:\/\/izsekosanasierices.lv\/et\/produkts\/wifi-ruuter-sisseehitatud-kaameraga-kuni-2-aastat-24-7-jalgimist\/\" \/>\n<meta property=\"og:site_name\" content=\"Nr1 Izseko\u0161anas ier\u012bces gps izseko\u0161anas iek\u0101rtas, klaus\u012b\u0161an\u0101s iek\u0101rtas\" \/>\n<meta property=\"article:modified_time\" content=\"2025-11-19T13:39:30+00:00\" \/>\n<meta property=\"og:image\" content=\"https:\/\/rvnski.dev\/sekimoiranga\/wp-content\/uploads\/izsekosanasierices.webp\" \/>\n<meta name=\"twitter:card\" content=\"summary_large_image\" \/>\n<meta name=\"twitter:title\" content=\"Wi fi mar\u0161rut\u0113t\u0101js ar kameru darbojas l\u012bdz 2 gadiem 24\/7 uzraudz\u012bba\" \/>\n<meta name=\"twitter:description\" content=\"Wi-Fi mar\u0161rut\u0113t\u0101ja imit\u0101cija ar ieb\u016bv\u0113tu kameru. Ilgs kalpo\u0161anas laiks - l\u012bdz 2 gadiem. Tie\u0161raides tie\u0161raide no jebkuras vietas pasaul\u0113 24\/7 stundas. dien\u0101. Mini kameras\" \/>\n<meta name=\"twitter:label1\" content=\"Est. reading time\" \/>\n\t<meta name=\"twitter:data1\" content=\"1 minut\" \/>\n<script type=\"application\/ld+json\" class=\"yoast-schema-graph\">{\"@context\":\"https:\\\/\\\/schema.org\",\"@graph\":[{\"@type\":\"WebPage\",\"@id\":\"https:\\\/\\\/izsekosanasierices.lv\\\/produkts\\\/wifi-marsrutetajs-ar-iebuvetu-kameru-darbibas-laiks-lidz-2-gadiem-24-7-uzraudziba\\\/\",\"url\":\"https:\\\/\\\/izsekosanasierices.lv\\\/produkts\\\/wifi-marsrutetajs-ar-iebuvetu-kameru-darbibas-laiks-lidz-2-gadiem-24-7-uzraudziba\\\/\",\"name\":\"Wi fi mar\u0161rut\u0113t\u0101js ar kameru darbojas l\u012bdz 2 gadiem 24\\\/7\",\"isPartOf\":{\"@id\":\"https:\\\/\\\/izsekosanasierices.lv\\\/#website\"},\"primaryImageOfPage\":{\"@id\":\"https:\\\/\\\/izsekosanasierices.lv\\\/produkts\\\/wifi-marsrutetajs-ar-iebuvetu-kameru-darbibas-laiks-lidz-2-gadiem-24-7-uzraudziba\\\/#primaryimage\"},\"image\":{\"@id\":\"https:\\\/\\\/izsekosanasierices.lv\\\/produkts\\\/wifi-marsrutetajs-ar-iebuvetu-kameru-darbibas-laiks-lidz-2-gadiem-24-7-uzraudziba\\\/#primaryimage\"},\"thumbnailUrl\":\"https:\\\/\\\/izsekosanasierices.lv\\\/wp-content\\\/uploads\\\/izsekosanasierices-wi-fi-marsrutizatorius-su-kamera-veikia-iki-2ju-metu-stebejimas-247.jpg\",\"datePublished\":\"2023-10-05T15:37:43+00:00\",\"dateModified\":\"2025-11-19T13:39:30+00:00\",\"description\":\"WiFimar\u0161rut\u0113t\u0101ja imit\u0101cija ar ieb\u016bv\u0113tu kameru. Ilgs darb\u012bbas laiks \u2013 l\u012bdz 2 gadiem. Tie\u0161raide tie\u0161saist\u0113 no jebkuras vietas pasaul\u0113 24 stundas diennakt\u012b.\",\"breadcrumb\":{\"@id\":\"https:\\\/\\\/izsekosanasierices.lv\\\/produkts\\\/wifi-marsrutetajs-ar-iebuvetu-kameru-darbibas-laiks-lidz-2-gadiem-24-7-uzraudziba\\\/#breadcrumb\"},\"inLanguage\":\"et\",\"potentialAction\":[{\"@type\":\"ReadAction\",\"target\":[\"https:\\\/\\\/izsekosanasierices.lv\\\/produkts\\\/wifi-marsrutetajs-ar-iebuvetu-kameru-darbibas-laiks-lidz-2-gadiem-24-7-uzraudziba\\\/\"]}]},{\"@type\":\"ImageObject\",\"inLanguage\":\"et\",\"@id\":\"https:\\\/\\\/izsekosanasierices.lv\\\/produkts\\\/wifi-marsrutetajs-ar-iebuvetu-kameru-darbibas-laiks-lidz-2-gadiem-24-7-uzraudziba\\\/#primaryimage\",\"url\":\"https:\\\/\\\/izsekosanasierices.lv\\\/wp-content\\\/uploads\\\/izsekosanasierices-wi-fi-marsrutizatorius-su-kamera-veikia-iki-2ju-metu-stebejimas-247.jpg\",\"contentUrl\":\"https:\\\/\\\/izsekosanasierices.lv\\\/wp-content\\\/uploads\\\/izsekosanasierices-wi-fi-marsrutizatorius-su-kamera-veikia-iki-2ju-metu-stebejimas-247.jpg\",\"width\":481,\"height\":512,\"caption\":\"bevielis interneto marsrutizatorius su slapta kamera ( imitacija)\"},{\"@type\":\"BreadcrumbList\",\"@id\":\"https:\\\/\\\/izsekosanasierices.lv\\\/produkts\\\/wifi-marsrutetajs-ar-iebuvetu-kameru-darbibas-laiks-lidz-2-gadiem-24-7-uzraudziba\\\/#breadcrumb\",\"itemListElement\":[{\"@type\":\"ListItem\",\"position\":1,\"name\":\"S\u0101kums\",\"item\":\"https:\\\/\\\/izsekosanasierices.lv\\\/\"},{\"@type\":\"ListItem\",\"position\":2,\"name\":\"Veikals\",\"item\":\"https:\\\/\\\/izsekosanasierices.lv\\\/veikals\\\/\"},{\"@type\":\"ListItem\",\"position\":3,\"name\":\"WiFi mar\u0161rut\u0113t\u0101js ar ieb\u016bv\u0113tu kameru | darb\u012bbas laiks l\u012bdz 2 gadiem | 24 \\\/ 7 uzraudz\u012bba\"}]},{\"@type\":\"WebSite\",\"@id\":\"https:\\\/\\\/izsekosanasierices.lv\\\/#website\",\"url\":\"https:\\\/\\\/izsekosanasierices.lv\\\/\",\"name\":\"Nr1 Izseko\u0161anas ier\u012bces gps izseko\u0161anas iek\u0101rtas, klaus\u012b\u0161an\u0101s iek\u0101rtas\",\"description\":\"\",\"potentialAction\":[{\"@type\":\"SearchAction\",\"target\":{\"@type\":\"EntryPoint\",\"urlTemplate\":\"https:\\\/\\\/izsekosanasierices.lv\\\/?s={search_term_string}\"},\"query-input\":{\"@type\":\"PropertyValueSpecification\",\"valueRequired\":true,\"valueName\":\"search_term_string\"}}],\"inLanguage\":\"et\"}]}<\/script>\n<!-- \/ Yoast SEO plugin. -->","yoast_head_json":{"title":"Wi fi mar\u0161rut\u0113t\u0101js ar kameru darbojas l\u012bdz 2 gadiem 24\/7","description":"WiFimar\u0161rut\u0113t\u0101ja imit\u0101cija ar ieb\u016bv\u0113tu kameru. Ilgs darb\u012bbas laiks \u2013 l\u012bdz 2 gadiem. Tie\u0161raide tie\u0161saist\u0113 no jebkuras vietas pasaul\u0113 24 stundas diennakt\u012b.","robots":{"index":"index","follow":"follow","max-snippet":"max-snippet:-1","max-image-preview":"max-image-preview:large","max-video-preview":"max-video-preview:-1"},"canonical":"https:\/\/izsekosanasierices.lv\/et\/produkts\/wifi-ruuter-sisseehitatud-kaameraga-kuni-2-aastat-24-7-jalgimist\/","og_locale":"et_EE","og_type":"article","og_title":"Wi fi mar\u0161rut\u0113t\u0101js ar kameru darbojas l\u012bdz 2 gadiem 24\/7 uzraudz\u012bba","og_description":"Wi-Fi mar\u0161rut\u0113t\u0101ja imit\u0101cija ar ieb\u016bv\u0113tu kameru. Ilgs kalpo\u0161anas laiks - l\u012bdz 2 gadiem. Tie\u0161raides tie\u0161raide no jebkuras vietas pasaul\u0113 24\/7 stundas. dien\u0101. Mini kameras","og_url":"https:\/\/izsekosanasierices.lv\/et\/produkts\/wifi-ruuter-sisseehitatud-kaameraga-kuni-2-aastat-24-7-jalgimist\/","og_site_name":"Nr1 Izseko\u0161anas ier\u012bces gps izseko\u0161anas iek\u0101rtas, klaus\u012b\u0161an\u0101s iek\u0101rtas","article_modified_time":"2025-11-19T13:39:30+00:00","og_image":[{"url":"https:\/\/rvnski.dev\/sekimoiranga\/wp-content\/uploads\/izsekosanasierices.webp","type":"","width":"","height":""}],"twitter_card":"summary_large_image","twitter_title":"Wi fi mar\u0161rut\u0113t\u0101js ar kameru darbojas l\u012bdz 2 gadiem 24\/7 uzraudz\u012bba","twitter_description":"Wi-Fi mar\u0161rut\u0113t\u0101ja imit\u0101cija ar ieb\u016bv\u0113tu kameru. Ilgs kalpo\u0161anas laiks - l\u012bdz 2 gadiem. Tie\u0161raides tie\u0161raide no jebkuras vietas pasaul\u0113 24\/7 stundas. dien\u0101. Mini kameras","twitter_misc":{"Est. reading time":"1 minut"},"schema":{"@context":"https:\/\/schema.org","@graph":[{"@type":"WebPage","@id":"https:\/\/izsekosanasierices.lv\/produkts\/wifi-marsrutetajs-ar-iebuvetu-kameru-darbibas-laiks-lidz-2-gadiem-24-7-uzraudziba\/","url":"https:\/\/izsekosanasierices.lv\/produkts\/wifi-marsrutetajs-ar-iebuvetu-kameru-darbibas-laiks-lidz-2-gadiem-24-7-uzraudziba\/","name":"Wi fi mar\u0161rut\u0113t\u0101js ar kameru darbojas l\u012bdz 2 gadiem 24\/7","isPartOf":{"@id":"https:\/\/izsekosanasierices.lv\/#website"},"primaryImageOfPage":{"@id":"https:\/\/izsekosanasierices.lv\/produkts\/wifi-marsrutetajs-ar-iebuvetu-kameru-darbibas-laiks-lidz-2-gadiem-24-7-uzraudziba\/#primaryimage"},"image":{"@id":"https:\/\/izsekosanasierices.lv\/produkts\/wifi-marsrutetajs-ar-iebuvetu-kameru-darbibas-laiks-lidz-2-gadiem-24-7-uzraudziba\/#primaryimage"},"thumbnailUrl":"https:\/\/izsekosanasierices.lv\/wp-content\/uploads\/izsekosanasierices-wi-fi-marsrutizatorius-su-kamera-veikia-iki-2ju-metu-stebejimas-247.jpg","datePublished":"2023-10-05T15:37:43+00:00","dateModified":"2025-11-19T13:39:30+00:00","description":"WiFimar\u0161rut\u0113t\u0101ja imit\u0101cija ar ieb\u016bv\u0113tu kameru. Ilgs darb\u012bbas laiks \u2013 l\u012bdz 2 gadiem. Tie\u0161raide tie\u0161saist\u0113 no jebkuras vietas pasaul\u0113 24 stundas diennakt\u012b.","breadcrumb":{"@id":"https:\/\/izsekosanasierices.lv\/produkts\/wifi-marsrutetajs-ar-iebuvetu-kameru-darbibas-laiks-lidz-2-gadiem-24-7-uzraudziba\/#breadcrumb"},"inLanguage":"et","potentialAction":[{"@type":"ReadAction","target":["https:\/\/izsekosanasierices.lv\/produkts\/wifi-marsrutetajs-ar-iebuvetu-kameru-darbibas-laiks-lidz-2-gadiem-24-7-uzraudziba\/"]}]},{"@type":"ImageObject","inLanguage":"et","@id":"https:\/\/izsekosanasierices.lv\/produkts\/wifi-marsrutetajs-ar-iebuvetu-kameru-darbibas-laiks-lidz-2-gadiem-24-7-uzraudziba\/#primaryimage","url":"https:\/\/izsekosanasierices.lv\/wp-content\/uploads\/izsekosanasierices-wi-fi-marsrutizatorius-su-kamera-veikia-iki-2ju-metu-stebejimas-247.jpg","contentUrl":"https:\/\/izsekosanasierices.lv\/wp-content\/uploads\/izsekosanasierices-wi-fi-marsrutizatorius-su-kamera-veikia-iki-2ju-metu-stebejimas-247.jpg","width":481,"height":512,"caption":"bevielis interneto marsrutizatorius su slapta kamera ( imitacija)"},{"@type":"BreadcrumbList","@id":"https:\/\/izsekosanasierices.lv\/produkts\/wifi-marsrutetajs-ar-iebuvetu-kameru-darbibas-laiks-lidz-2-gadiem-24-7-uzraudziba\/#breadcrumb","itemListElement":[{"@type":"ListItem","position":1,"name":"S\u0101kums","item":"https:\/\/izsekosanasierices.lv\/"},{"@type":"ListItem","position":2,"name":"Veikals","item":"https:\/\/izsekosanasierices.lv\/veikals\/"},{"@type":"ListItem","position":3,"name":"WiFi mar\u0161rut\u0113t\u0101js ar ieb\u016bv\u0113tu kameru | darb\u012bbas laiks l\u012bdz 2 gadiem | 24 \/ 7 uzraudz\u012bba"}]},{"@type":"WebSite","@id":"https:\/\/izsekosanasierices.lv\/#website","url":"https:\/\/izsekosanasierices.lv\/","name":"Nr1 Izseko\u0161anas ier\u012bces gps izseko\u0161anas iek\u0101rtas, klaus\u012b\u0161an\u0101s iek\u0101rtas","description":"","potentialAction":[{"@type":"SearchAction","target":{"@type":"EntryPoint","urlTemplate":"https:\/\/izsekosanasierices.lv\/?s={search_term_string}"},"query-input":{"@type":"PropertyValueSpecification","valueRequired":true,"valueName":"search_term_string"}}],"inLanguage":"et"}]}},"_links":{"self":[{"href":"https:\/\/izsekosanasierices.lv\/et\/wp-json\/wp\/v2\/product\/1317","targetHints":{"allow":["GET"]}}],"collection":[{"href":"https:\/\/izsekosanasierices.lv\/et\/wp-json\/wp\/v2\/product"}],"about":[{"href":"https:\/\/izsekosanasierices.lv\/et\/wp-json\/wp\/v2\/types\/product"}],"wp:featuredmedia":[{"embeddable":true,"href":"https:\/\/izsekosanasierices.lv\/et\/wp-json\/wp\/v2\/media\/1905"}],"wp:attachment":[{"href":"https:\/\/izsekosanasierices.lv\/et\/wp-json\/wp\/v2\/media?parent=1317"}],"wp:term":[{"taxonomy":"product_brand","embeddable":true,"href":"https:\/\/izsekosanasierices.lv\/et\/wp-json\/wp\/v2\/product_brand?post=1317"},{"taxonomy":"product_cat","embeddable":true,"href":"https:\/\/izsekosanasierices.lv\/et\/wp-json\/wp\/v2\/product_cat?post=1317"},{"taxonomy":"product_tag","embeddable":true,"href":"https:\/\/izsekosanasierices.lv\/et\/wp-json\/wp\/v2\/product_tag?post=1317"}],"curies":[{"name":"wp","href":"https:\/\/api.w.org\/{rel}","templated":true}]}}