{"id":1318,"date":"2023-10-05T15:37:43","date_gmt":"2023-10-05T15:37:43","guid":{"rendered":"https:\/\/izsekosanasierices.lv\/produktas\/klasikinis-laikrodis-su-kamera-ir-naktiniu-matymu\/"},"modified":"2025-11-19T16:50:27","modified_gmt":"2025-11-19T14:50:27","slug":"klasisks-pulkstenis-ar-slepto-kameru-un-nakts-redzamibas-funkciju","status":"publish","type":"product","link":"https:\/\/izsekosanasierices.lv\/et\/produkts\/klassikaline-kell-koos-salakaamera-ja-oovaatlusfunktsiooniga\/","title":{"rendered":"Klassikaline kell koos peidetud kaamera ja \u00f6\u00f6vaatlusfunktsiooniga"},"content":{"rendered":"<h3><strong>Tehnilised parameetrid:<\/strong><\/h3>\n<ul>\n<li>Fotograafia: jah<\/li>\n<li>Salvestaja: jah<\/li>\n<li>Kuni 150 min ilma laadimiseta<\/li>\n<li>Video salvestamine koos heliga<\/li>\n<li>Sisseehitatud mikrofon<\/li>\n<li>Metallist korpus<\/li>\n<li>Sisemine m\u00e4lu: 32 GB, 30 fps<\/li>\n<li>Pildi kvaliteet: jpg 3840 x 2880 px<\/li>\n<li>Vaatamisnurk: 90\u00b0<\/li>\n<li>\u00d6\u00f6n\u00e4gemine (l\u00fclitub automaatselt sisse)<\/li>\n<li>\u00dchendused: USB<\/li>\n<li>Laadimine: USB kaudu<\/li>\n<li>T\u00f6\u00f6temperatuur: -10 kuni +60<\/li>\n<li>Komplektis: kellakaamera, USB-kaabel, karp.<\/li>\n<li><strong>Garantii 12 kuud<\/strong><\/li>\n<\/ul>\n<p><strong>\u00a0<\/strong><\/p>\n<p><span style=\"color: #ff0000;\"><strong>Vajad kiiret sama p\u00e4eva (ja n\u00e4dalavahetuse) kohaletoimetamist?  Helistage +37120484176<\/strong><\/span><\/p>\n<p>Kasutamine: teie ohutuse tagamiseks, laste ohutuse tagamiseks.<\/p>","protected":false},"excerpt":{"rendered":"<p>Salajase HD-kaameraga k\u00e4ekell. Kella saab kasutada fotode tegemiseks v\u00f5i helisalvestajana. Kaasaegne ja stiilne disain. Tasuta kohaletoimetamine.<\/p>","protected":false},"featured_media":1908,"template":"","meta":[],"product_brand":[],"product_cat":[330,362,321],"product_tag":[325,23,363,364,333,365,366,328],"class_list":{"0":"post-1318","1":"product","2":"type-product","3":"status-publish","4":"has-post-thumbnail","6":"product_cat-masketas-kameras","7":"product_cat-rokas-pulksteni-kameras","8":"product_cat-sleptas-kameras","9":"product_tag-izsekosanas-kamera","10":"product_tag-kamera","11":"product_tag-kamera-modinataja","12":"product_tag-kamera-pulkstena-kamera","13":"product_tag-kameras-pulkstenis","14":"product_tag-pulkstenis","15":"product_tag-skatities-kameru","16":"product_tag-slepena-kamera","18":"first","19":"instock","20":"taxable","21":"shipping-taxable","22":"purchasable","23":"product-type-simple"},"yoast_head":"<!-- This site is optimized with the Yoast SEO plugin v27.5 - https:\/\/yoast.com\/product\/yoast-seo-wordpress\/ -->\n<title>Klasisks pulkstenis ar sl\u0113pto kameru un nakts redzam\u012bbas funkciju<\/title>\n<meta name=\"description\" content=\"Rokas pulkstenis ar slepenu HD kameru. Pulksteni var izmantot, lai uz\u0146emtu fotoatt\u0113lus, vai k\u0101 diktofonu. Moderns un stil\u012bgs dizains. Bezmaksas pieg\u0101de.\" \/>\n<meta name=\"robots\" content=\"index, follow, max-snippet:-1, max-image-preview:large, max-video-preview:-1\" \/>\n<link rel=\"canonical\" href=\"https:\/\/izsekosanasierices.lv\/et\/produkts\/klassikaline-kell-koos-salakaamera-ja-oovaatlusfunktsiooniga\/\" \/>\n<meta property=\"og:locale\" content=\"et_EE\" \/>\n<meta property=\"og:type\" content=\"article\" \/>\n<meta property=\"og:title\" content=\"Pulkste\u0146a slepen\u0101 kamera HD film\u0113\u0161ana apm. 70 min. foto + ierakst\u012bt\u0101js\" \/>\n<meta property=\"og:description\" content=\"Rokas pulkstenis ar slepenu HD kameru Pulksteni var izmantot, lai uz\u0146emtu fotoatt\u0113lus vai k\u0101 diktofonu. Moderns un stil\u012bgs dizains Bezmaksas pieg\u0101de\" \/>\n<meta property=\"og:url\" content=\"https:\/\/izsekosanasierices.lv\/et\/produkts\/klassikaline-kell-koos-salakaamera-ja-oovaatlusfunktsiooniga\/\" \/>\n<meta property=\"og:site_name\" content=\"Nr1 Izseko\u0161anas ier\u012bces gps izseko\u0161anas iek\u0101rtas, klaus\u012b\u0161an\u0101s iek\u0101rtas\" \/>\n<meta property=\"article:modified_time\" content=\"2025-11-19T14:50:27+00:00\" \/>\n<meta property=\"og:image\" content=\"https:\/\/rvnski.dev\/sekimoiranga\/wp-content\/uploads\/izsekosanasierices.webp\" \/>\n<meta name=\"twitter:card\" content=\"summary_large_image\" \/>\n<meta name=\"twitter:title\" content=\"Pulkste\u0146a slepen\u0101 kamera HD film\u0113\u0161ana apm. 70 min. foto + ierakst\u012bt\u0101js\" \/>\n<meta name=\"twitter:description\" content=\"Rokas pulkstenis ar slepenu HD kameru Pulksteni var izmantot, lai uz\u0146emtu fotoatt\u0113lus vai k\u0101 diktofonu. Moderns un stil\u012bgs dizains Bezmaksas pieg\u0101de\" \/>\n<meta name=\"twitter:label1\" content=\"Est. reading time\" \/>\n\t<meta name=\"twitter:data1\" content=\"1 minut\" \/>\n<script type=\"application\/ld+json\" class=\"yoast-schema-graph\">{\"@context\":\"https:\\\/\\\/schema.org\",\"@graph\":[{\"@type\":\"WebPage\",\"@id\":\"https:\\\/\\\/izsekosanasierices.lv\\\/produkts\\\/klasisks-pulkstenis-ar-slepto-kameru-un-nakts-redzamibas-funkciju\\\/\",\"url\":\"https:\\\/\\\/izsekosanasierices.lv\\\/produkts\\\/klasisks-pulkstenis-ar-slepto-kameru-un-nakts-redzamibas-funkciju\\\/\",\"name\":\"Klasisks pulkstenis ar sl\u0113pto kameru un nakts redzam\u012bbas funkciju\",\"isPartOf\":{\"@id\":\"https:\\\/\\\/izsekosanasierices.lv\\\/#website\"},\"primaryImageOfPage\":{\"@id\":\"https:\\\/\\\/izsekosanasierices.lv\\\/produkts\\\/klasisks-pulkstenis-ar-slepto-kameru-un-nakts-redzamibas-funkciju\\\/#primaryimage\"},\"image\":{\"@id\":\"https:\\\/\\\/izsekosanasierices.lv\\\/produkts\\\/klasisks-pulkstenis-ar-slepto-kameru-un-nakts-redzamibas-funkciju\\\/#primaryimage\"},\"thumbnailUrl\":\"https:\\\/\\\/izsekosanasierices.lv\\\/wp-content\\\/uploads\\\/izsekosanasierices-laikrodis-kamera-hd-filmavimo-kokybe-3.jpg\",\"datePublished\":\"2023-10-05T15:37:43+00:00\",\"dateModified\":\"2025-11-19T14:50:27+00:00\",\"description\":\"Rokas pulkstenis ar slepenu HD kameru. Pulksteni var izmantot, lai uz\u0146emtu fotoatt\u0113lus, vai k\u0101 diktofonu. Moderns un stil\u012bgs dizains. Bezmaksas pieg\u0101de.\",\"breadcrumb\":{\"@id\":\"https:\\\/\\\/izsekosanasierices.lv\\\/produkts\\\/klasisks-pulkstenis-ar-slepto-kameru-un-nakts-redzamibas-funkciju\\\/#breadcrumb\"},\"inLanguage\":\"et\",\"potentialAction\":[{\"@type\":\"ReadAction\",\"target\":[\"https:\\\/\\\/izsekosanasierices.lv\\\/produkts\\\/klasisks-pulkstenis-ar-slepto-kameru-un-nakts-redzamibas-funkciju\\\/\"]}]},{\"@type\":\"ImageObject\",\"inLanguage\":\"et\",\"@id\":\"https:\\\/\\\/izsekosanasierices.lv\\\/produkts\\\/klasisks-pulkstenis-ar-slepto-kameru-un-nakts-redzamibas-funkciju\\\/#primaryimage\",\"url\":\"https:\\\/\\\/izsekosanasierices.lv\\\/wp-content\\\/uploads\\\/izsekosanasierices-laikrodis-kamera-hd-filmavimo-kokybe-3.jpg\",\"contentUrl\":\"https:\\\/\\\/izsekosanasierices.lv\\\/wp-content\\\/uploads\\\/izsekosanasierices-laikrodis-kamera-hd-filmavimo-kokybe-3.jpg\",\"width\":495,\"height\":528,\"caption\":\"Laikrodis rankinis su naktiniu matymu ir kamera\"},{\"@type\":\"BreadcrumbList\",\"@id\":\"https:\\\/\\\/izsekosanasierices.lv\\\/produkts\\\/klasisks-pulkstenis-ar-slepto-kameru-un-nakts-redzamibas-funkciju\\\/#breadcrumb\",\"itemListElement\":[{\"@type\":\"ListItem\",\"position\":1,\"name\":\"S\u0101kums\",\"item\":\"https:\\\/\\\/izsekosanasierices.lv\\\/\"},{\"@type\":\"ListItem\",\"position\":2,\"name\":\"Veikals\",\"item\":\"https:\\\/\\\/izsekosanasierices.lv\\\/veikals\\\/\"},{\"@type\":\"ListItem\",\"position\":3,\"name\":\"Klasisks pulkstenis ar sl\u0113pto kameru un nakts redzam\u012bbas funkciju\"}]},{\"@type\":\"WebSite\",\"@id\":\"https:\\\/\\\/izsekosanasierices.lv\\\/#website\",\"url\":\"https:\\\/\\\/izsekosanasierices.lv\\\/\",\"name\":\"Nr1 Izseko\u0161anas ier\u012bces gps izseko\u0161anas iek\u0101rtas, klaus\u012b\u0161an\u0101s iek\u0101rtas\",\"description\":\"\",\"potentialAction\":[{\"@type\":\"SearchAction\",\"target\":{\"@type\":\"EntryPoint\",\"urlTemplate\":\"https:\\\/\\\/izsekosanasierices.lv\\\/?s={search_term_string}\"},\"query-input\":{\"@type\":\"PropertyValueSpecification\",\"valueRequired\":true,\"valueName\":\"search_term_string\"}}],\"inLanguage\":\"et\"}]}<\/script>\n<!-- \/ Yoast SEO plugin. -->","yoast_head_json":{"title":"Klasisks pulkstenis ar sl\u0113pto kameru un nakts redzam\u012bbas funkciju","description":"Rokas pulkstenis ar slepenu HD kameru. Pulksteni var izmantot, lai uz\u0146emtu fotoatt\u0113lus, vai k\u0101 diktofonu. Moderns un stil\u012bgs dizains. Bezmaksas pieg\u0101de.","robots":{"index":"index","follow":"follow","max-snippet":"max-snippet:-1","max-image-preview":"max-image-preview:large","max-video-preview":"max-video-preview:-1"},"canonical":"https:\/\/izsekosanasierices.lv\/et\/produkts\/klassikaline-kell-koos-salakaamera-ja-oovaatlusfunktsiooniga\/","og_locale":"et_EE","og_type":"article","og_title":"Pulkste\u0146a slepen\u0101 kamera HD film\u0113\u0161ana apm. 70 min. foto + ierakst\u012bt\u0101js","og_description":"Rokas pulkstenis ar slepenu HD kameru Pulksteni var izmantot, lai uz\u0146emtu fotoatt\u0113lus vai k\u0101 diktofonu. Moderns un stil\u012bgs dizains Bezmaksas pieg\u0101de","og_url":"https:\/\/izsekosanasierices.lv\/et\/produkts\/klassikaline-kell-koos-salakaamera-ja-oovaatlusfunktsiooniga\/","og_site_name":"Nr1 Izseko\u0161anas ier\u012bces gps izseko\u0161anas iek\u0101rtas, klaus\u012b\u0161an\u0101s iek\u0101rtas","article_modified_time":"2025-11-19T14:50:27+00:00","og_image":[{"url":"https:\/\/rvnski.dev\/sekimoiranga\/wp-content\/uploads\/izsekosanasierices.webp","type":"","width":"","height":""}],"twitter_card":"summary_large_image","twitter_title":"Pulkste\u0146a slepen\u0101 kamera HD film\u0113\u0161ana apm. 70 min. foto + ierakst\u012bt\u0101js","twitter_description":"Rokas pulkstenis ar slepenu HD kameru Pulksteni var izmantot, lai uz\u0146emtu fotoatt\u0113lus vai k\u0101 diktofonu. Moderns un stil\u012bgs dizains Bezmaksas pieg\u0101de","twitter_misc":{"Est. reading time":"1 minut"},"schema":{"@context":"https:\/\/schema.org","@graph":[{"@type":"WebPage","@id":"https:\/\/izsekosanasierices.lv\/produkts\/klasisks-pulkstenis-ar-slepto-kameru-un-nakts-redzamibas-funkciju\/","url":"https:\/\/izsekosanasierices.lv\/produkts\/klasisks-pulkstenis-ar-slepto-kameru-un-nakts-redzamibas-funkciju\/","name":"Klasisks pulkstenis ar sl\u0113pto kameru un nakts redzam\u012bbas funkciju","isPartOf":{"@id":"https:\/\/izsekosanasierices.lv\/#website"},"primaryImageOfPage":{"@id":"https:\/\/izsekosanasierices.lv\/produkts\/klasisks-pulkstenis-ar-slepto-kameru-un-nakts-redzamibas-funkciju\/#primaryimage"},"image":{"@id":"https:\/\/izsekosanasierices.lv\/produkts\/klasisks-pulkstenis-ar-slepto-kameru-un-nakts-redzamibas-funkciju\/#primaryimage"},"thumbnailUrl":"https:\/\/izsekosanasierices.lv\/wp-content\/uploads\/izsekosanasierices-laikrodis-kamera-hd-filmavimo-kokybe-3.jpg","datePublished":"2023-10-05T15:37:43+00:00","dateModified":"2025-11-19T14:50:27+00:00","description":"Rokas pulkstenis ar slepenu HD kameru. Pulksteni var izmantot, lai uz\u0146emtu fotoatt\u0113lus, vai k\u0101 diktofonu. Moderns un stil\u012bgs dizains. Bezmaksas pieg\u0101de.","breadcrumb":{"@id":"https:\/\/izsekosanasierices.lv\/produkts\/klasisks-pulkstenis-ar-slepto-kameru-un-nakts-redzamibas-funkciju\/#breadcrumb"},"inLanguage":"et","potentialAction":[{"@type":"ReadAction","target":["https:\/\/izsekosanasierices.lv\/produkts\/klasisks-pulkstenis-ar-slepto-kameru-un-nakts-redzamibas-funkciju\/"]}]},{"@type":"ImageObject","inLanguage":"et","@id":"https:\/\/izsekosanasierices.lv\/produkts\/klasisks-pulkstenis-ar-slepto-kameru-un-nakts-redzamibas-funkciju\/#primaryimage","url":"https:\/\/izsekosanasierices.lv\/wp-content\/uploads\/izsekosanasierices-laikrodis-kamera-hd-filmavimo-kokybe-3.jpg","contentUrl":"https:\/\/izsekosanasierices.lv\/wp-content\/uploads\/izsekosanasierices-laikrodis-kamera-hd-filmavimo-kokybe-3.jpg","width":495,"height":528,"caption":"Laikrodis rankinis su naktiniu matymu ir kamera"},{"@type":"BreadcrumbList","@id":"https:\/\/izsekosanasierices.lv\/produkts\/klasisks-pulkstenis-ar-slepto-kameru-un-nakts-redzamibas-funkciju\/#breadcrumb","itemListElement":[{"@type":"ListItem","position":1,"name":"S\u0101kums","item":"https:\/\/izsekosanasierices.lv\/"},{"@type":"ListItem","position":2,"name":"Veikals","item":"https:\/\/izsekosanasierices.lv\/veikals\/"},{"@type":"ListItem","position":3,"name":"Klasisks pulkstenis ar sl\u0113pto kameru un nakts redzam\u012bbas funkciju"}]},{"@type":"WebSite","@id":"https:\/\/izsekosanasierices.lv\/#website","url":"https:\/\/izsekosanasierices.lv\/","name":"Nr1 Izseko\u0161anas ier\u012bces gps izseko\u0161anas iek\u0101rtas, klaus\u012b\u0161an\u0101s iek\u0101rtas","description":"","potentialAction":[{"@type":"SearchAction","target":{"@type":"EntryPoint","urlTemplate":"https:\/\/izsekosanasierices.lv\/?s={search_term_string}"},"query-input":{"@type":"PropertyValueSpecification","valueRequired":true,"valueName":"search_term_string"}}],"inLanguage":"et"}]}},"_links":{"self":[{"href":"https:\/\/izsekosanasierices.lv\/et\/wp-json\/wp\/v2\/product\/1318","targetHints":{"allow":["GET"]}}],"collection":[{"href":"https:\/\/izsekosanasierices.lv\/et\/wp-json\/wp\/v2\/product"}],"about":[{"href":"https:\/\/izsekosanasierices.lv\/et\/wp-json\/wp\/v2\/types\/product"}],"wp:featuredmedia":[{"embeddable":true,"href":"https:\/\/izsekosanasierices.lv\/et\/wp-json\/wp\/v2\/media\/1908"}],"wp:attachment":[{"href":"https:\/\/izsekosanasierices.lv\/et\/wp-json\/wp\/v2\/media?parent=1318"}],"wp:term":[{"taxonomy":"product_brand","embeddable":true,"href":"https:\/\/izsekosanasierices.lv\/et\/wp-json\/wp\/v2\/product_brand?post=1318"},{"taxonomy":"product_cat","embeddable":true,"href":"https:\/\/izsekosanasierices.lv\/et\/wp-json\/wp\/v2\/product_cat?post=1318"},{"taxonomy":"product_tag","embeddable":true,"href":"https:\/\/izsekosanasierices.lv\/et\/wp-json\/wp\/v2\/product_tag?post=1318"}],"curies":[{"name":"wp","href":"https:\/\/api.w.org\/{rel}","templated":true}]}}