{"id":1320,"date":"2023-10-05T15:37:43","date_gmt":"2023-10-05T15:37:43","guid":{"rendered":"https:\/\/izsekosanasierices.lv\/produktas\/metalinis-laikrodis-su-kamera-32gb-naktiniu-matymu\/"},"modified":"2025-11-19T16:50:44","modified_gmt":"2025-11-19T14:50:44","slug":"metala-rokas-pulkstenis-ar-slepto-kameru-32-gb-atmina-nakts-redzamibas-funkcija","status":"publish","type":"product","link":"https:\/\/izsekosanasierices.lv\/et\/produkts\/metallist-kaekell-koos-salakaamera-32-gb-malu-oovaatlusfunktsiooniga\/","title":{"rendered":"Metallkell koos peidetud kaameraga | 32 gb m\u00e4lu | \u00f6\u00f6n\u00e4gemise funktsioon"},"content":{"rendered":"<h3><strong>Tehnilised parameetrid:<\/strong><\/h3>\n<ul>\n<li>Fotograafia: jah<\/li>\n<li>Metallist k\u00e4ev\u00f5ru<\/li>\n<li>Salvestaja: jah<\/li>\n<li>T\u00f6\u00f6aeg: kuni 150 min ilma laadimiseta<\/li>\n<li>Video salvestamine koos heliga<\/li>\n<li>Sisseehitatud mikrofon<\/li>\n<li>Metallist korpus<\/li>\n<li>Sisemine m\u00e4lu: 32 GB, 30 fps<\/li>\n<li>Pildi kvaliteet: jpg 3840 x 2880 px<\/li>\n<li>Vaatamisnurk: 90\u00b0<\/li>\n<li>\u00d6\u00f6n\u00e4gemine (l\u00fclitub automaatselt sisse)<\/li>\n<li>\u00dchendused: USB<\/li>\n<li>Laadimine: USB kaudu<\/li>\n<li>T\u00f6\u00f6temperatuur: -10 kuni +60<\/li>\n<li>Komplektis: kell koos kaameraga, USB-kaabel, pakend.<\/li>\n<li><strong>Garantii 12 kuud<\/strong><\/li>\n<\/ul>\n<p>&nbsp;<\/p>\n<p><span style=\"color: #ff0000;\"><strong>Vajad kiiret sama p\u00e4eva (ja n\u00e4dalavahetuse) kohaletoimetamist?  Helistage +37120484176!<\/strong><\/span><\/p>\n<p>Kasutamine: teie ohutuse tagamiseks, laste ohutuse tagamiseks.<\/p>\n<p>Seadet on lihtne kasutada, vaid m\u00f5ne nupuga saab vajalikke funktsioone aktiveerida.<\/p>\n<p>&nbsp;<\/p>","protected":false},"excerpt":{"rendered":"<p>H\u00f5bedast k\u00e4ekell salakambriga. Kuni 32 gb m\u00e4lumaht. \u00d6\u00f6n\u00e4gemise funktsioon. Lai valik kaameraid. Ainult k\u00f5rgeima kvaliteediga j\u00e4lgimisseadmed.<\/p>","protected":false},"featured_media":1912,"template":"","meta":[],"product_brand":[],"product_cat":[330,362,321],"product_tag":[325,23,363,364,333,365,366,328],"class_list":{"0":"post-1320","1":"product","2":"type-product","3":"status-publish","4":"has-post-thumbnail","6":"product_cat-masketas-kameras","7":"product_cat-rokas-pulksteni-kameras","8":"product_cat-sleptas-kameras","9":"product_tag-izsekosanas-kamera","10":"product_tag-kamera","11":"product_tag-kamera-modinataja","12":"product_tag-kamera-pulkstena-kamera","13":"product_tag-kameras-pulkstenis","14":"product_tag-pulkstenis","15":"product_tag-skatities-kameru","16":"product_tag-slepena-kamera","18":"first","19":"instock","20":"taxable","21":"shipping-taxable","22":"purchasable","23":"product-type-simple"},"yoast_head":"<!-- This site is optimized with the Yoast SEO plugin v27.5 - https:\/\/yoast.com\/product\/yoast-seo-wordpress\/ -->\n<title>Met\u0101la rokas pulkstenis ar sl\u0113pto kameru 32 gb nakts funkcija<\/title>\n<meta name=\"description\" content=\"Slepena kameras rokas pulkstenis sudraba kr\u0101s\u0101. Pat 32 gb atmi\u0146a - nakts redzam\u012bba. Pla\u0161a kameru izv\u0113le. Tikai augst\u0101k\u0101s kvalit\u0101tes izseko\u0161anas apr\u012bkojums\" \/>\n<meta name=\"robots\" content=\"index, follow, max-snippet:-1, max-image-preview:large, max-video-preview:-1\" \/>\n<link rel=\"canonical\" href=\"https:\/\/izsekosanasierices.lv\/et\/produkts\/metallist-kaekell-koos-salakaamera-32-gb-malu-oovaatlusfunktsiooniga\/\" \/>\n<meta property=\"og:locale\" content=\"et_EE\" \/>\n<meta property=\"og:type\" content=\"article\" \/>\n<meta property=\"og:title\" content=\"Met\u0101la rokas pulkstenis ar nakts redzam\u012bbas 32gb sekot\u0101js\" \/>\n<meta property=\"og:description\" content=\"Slepena kameras rokas pulkstenis sudraba kr\u0101s\u0101. Pat 32 gb atmi\u0146a - nakts redzam\u012bba. Pla\u0161a kameru izv\u0113le. Tikai augst\u0101k\u0101s kvalit\u0101tes izseko\u0161anas apr\u012bkojums\" \/>\n<meta property=\"og:url\" content=\"https:\/\/izsekosanasierices.lv\/et\/produkts\/metallist-kaekell-koos-salakaamera-32-gb-malu-oovaatlusfunktsiooniga\/\" \/>\n<meta property=\"og:site_name\" content=\"Nr1 Izseko\u0161anas ier\u012bces gps izseko\u0161anas iek\u0101rtas, klaus\u012b\u0161an\u0101s iek\u0101rtas\" \/>\n<meta property=\"article:modified_time\" content=\"2025-11-19T14:50:44+00:00\" \/>\n<meta property=\"og:image\" content=\"https:\/\/rvnski.dev\/sekimoiranga\/wp-content\/uploads\/izsekosanasierices.webp\" \/>\n<meta name=\"twitter:card\" content=\"summary_large_image\" \/>\n<meta name=\"twitter:title\" content=\"Met\u0101la rokas pulkstenis ar nakts redzam\u012bbas 32gb sekot\u0101js\" \/>\n<meta name=\"twitter:description\" content=\"Slepena kameras rokas pulkstenis sudraba kr\u0101s\u0101. Pat 32 gb atmi\u0146a - nakts redzam\u012bba. Pla\u0161a kameru izv\u0113le. Tikai augst\u0101k\u0101s kvalit\u0101tes izseko\u0161anas apr\u012bkojums\" \/>\n<meta name=\"twitter:label1\" content=\"Est. reading time\" \/>\n\t<meta name=\"twitter:data1\" content=\"1 minut\" \/>\n<script type=\"application\/ld+json\" class=\"yoast-schema-graph\">{\"@context\":\"https:\\\/\\\/schema.org\",\"@graph\":[{\"@type\":\"WebPage\",\"@id\":\"https:\\\/\\\/izsekosanasierices.lv\\\/produkts\\\/metala-rokas-pulkstenis-ar-slepto-kameru-32-gb-atmina-nakts-redzamibas-funkcija\\\/\",\"url\":\"https:\\\/\\\/izsekosanasierices.lv\\\/produkts\\\/metala-rokas-pulkstenis-ar-slepto-kameru-32-gb-atmina-nakts-redzamibas-funkcija\\\/\",\"name\":\"Met\u0101la rokas pulkstenis ar sl\u0113pto kameru 32 gb nakts funkcija\",\"isPartOf\":{\"@id\":\"https:\\\/\\\/izsekosanasierices.lv\\\/#website\"},\"primaryImageOfPage\":{\"@id\":\"https:\\\/\\\/izsekosanasierices.lv\\\/produkts\\\/metala-rokas-pulkstenis-ar-slepto-kameru-32-gb-atmina-nakts-redzamibas-funkcija\\\/#primaryimage\"},\"image\":{\"@id\":\"https:\\\/\\\/izsekosanasierices.lv\\\/produkts\\\/metala-rokas-pulkstenis-ar-slepto-kameru-32-gb-atmina-nakts-redzamibas-funkcija\\\/#primaryimage\"},\"thumbnailUrl\":\"https:\\\/\\\/izsekosanasierices.lv\\\/wp-content\\\/uploads\\\/izsekosanasierices-metalinis-laikrodis-su-kamera-32gb-naktiniu-matymu.jpg\",\"datePublished\":\"2023-10-05T15:37:43+00:00\",\"dateModified\":\"2025-11-19T14:50:44+00:00\",\"description\":\"Slepena kameras rokas pulkstenis sudraba kr\u0101s\u0101. Pat 32 gb atmi\u0146a - nakts redzam\u012bba. Pla\u0161a kameru izv\u0113le. Tikai augst\u0101k\u0101s kvalit\u0101tes izseko\u0161anas apr\u012bkojums\",\"breadcrumb\":{\"@id\":\"https:\\\/\\\/izsekosanasierices.lv\\\/produkts\\\/metala-rokas-pulkstenis-ar-slepto-kameru-32-gb-atmina-nakts-redzamibas-funkcija\\\/#breadcrumb\"},\"inLanguage\":\"et\",\"potentialAction\":[{\"@type\":\"ReadAction\",\"target\":[\"https:\\\/\\\/izsekosanasierices.lv\\\/produkts\\\/metala-rokas-pulkstenis-ar-slepto-kameru-32-gb-atmina-nakts-redzamibas-funkcija\\\/\"]}]},{\"@type\":\"ImageObject\",\"inLanguage\":\"et\",\"@id\":\"https:\\\/\\\/izsekosanasierices.lv\\\/produkts\\\/metala-rokas-pulkstenis-ar-slepto-kameru-32-gb-atmina-nakts-redzamibas-funkcija\\\/#primaryimage\",\"url\":\"https:\\\/\\\/izsekosanasierices.lv\\\/wp-content\\\/uploads\\\/izsekosanasierices-metalinis-laikrodis-su-kamera-32gb-naktiniu-matymu.jpg\",\"contentUrl\":\"https:\\\/\\\/izsekosanasierices.lv\\\/wp-content\\\/uploads\\\/izsekosanasierices-metalinis-laikrodis-su-kamera-32gb-naktiniu-matymu.jpg\",\"width\":305,\"height\":511,\"caption\":\"Metalinis rankinis laikrodis su kamera 32gb naktiniu matymu\"},{\"@type\":\"BreadcrumbList\",\"@id\":\"https:\\\/\\\/izsekosanasierices.lv\\\/produkts\\\/metala-rokas-pulkstenis-ar-slepto-kameru-32-gb-atmina-nakts-redzamibas-funkcija\\\/#breadcrumb\",\"itemListElement\":[{\"@type\":\"ListItem\",\"position\":1,\"name\":\"S\u0101kums\",\"item\":\"https:\\\/\\\/izsekosanasierices.lv\\\/\"},{\"@type\":\"ListItem\",\"position\":2,\"name\":\"Veikals\",\"item\":\"https:\\\/\\\/izsekosanasierices.lv\\\/veikals\\\/\"},{\"@type\":\"ListItem\",\"position\":3,\"name\":\"Met\u0101la rokas pulkstenis ar sl\u0113pto kameru | 32 gb atmi\u0146a | nakts redzam\u012bbas funkcija\"}]},{\"@type\":\"WebSite\",\"@id\":\"https:\\\/\\\/izsekosanasierices.lv\\\/#website\",\"url\":\"https:\\\/\\\/izsekosanasierices.lv\\\/\",\"name\":\"Nr1 Izseko\u0161anas ier\u012bces gps izseko\u0161anas iek\u0101rtas, klaus\u012b\u0161an\u0101s iek\u0101rtas\",\"description\":\"\",\"potentialAction\":[{\"@type\":\"SearchAction\",\"target\":{\"@type\":\"EntryPoint\",\"urlTemplate\":\"https:\\\/\\\/izsekosanasierices.lv\\\/?s={search_term_string}\"},\"query-input\":{\"@type\":\"PropertyValueSpecification\",\"valueRequired\":true,\"valueName\":\"search_term_string\"}}],\"inLanguage\":\"et\"}]}<\/script>\n<!-- \/ Yoast SEO plugin. -->","yoast_head_json":{"title":"Met\u0101la rokas pulkstenis ar sl\u0113pto kameru 32 gb nakts funkcija","description":"Slepena kameras rokas pulkstenis sudraba kr\u0101s\u0101. Pat 32 gb atmi\u0146a - nakts redzam\u012bba. Pla\u0161a kameru izv\u0113le. Tikai augst\u0101k\u0101s kvalit\u0101tes izseko\u0161anas apr\u012bkojums","robots":{"index":"index","follow":"follow","max-snippet":"max-snippet:-1","max-image-preview":"max-image-preview:large","max-video-preview":"max-video-preview:-1"},"canonical":"https:\/\/izsekosanasierices.lv\/et\/produkts\/metallist-kaekell-koos-salakaamera-32-gb-malu-oovaatlusfunktsiooniga\/","og_locale":"et_EE","og_type":"article","og_title":"Met\u0101la rokas pulkstenis ar nakts redzam\u012bbas 32gb sekot\u0101js","og_description":"Slepena kameras rokas pulkstenis sudraba kr\u0101s\u0101. Pat 32 gb atmi\u0146a - nakts redzam\u012bba. Pla\u0161a kameru izv\u0113le. Tikai augst\u0101k\u0101s kvalit\u0101tes izseko\u0161anas apr\u012bkojums","og_url":"https:\/\/izsekosanasierices.lv\/et\/produkts\/metallist-kaekell-koos-salakaamera-32-gb-malu-oovaatlusfunktsiooniga\/","og_site_name":"Nr1 Izseko\u0161anas ier\u012bces gps izseko\u0161anas iek\u0101rtas, klaus\u012b\u0161an\u0101s iek\u0101rtas","article_modified_time":"2025-11-19T14:50:44+00:00","og_image":[{"url":"https:\/\/rvnski.dev\/sekimoiranga\/wp-content\/uploads\/izsekosanasierices.webp","type":"","width":"","height":""}],"twitter_card":"summary_large_image","twitter_title":"Met\u0101la rokas pulkstenis ar nakts redzam\u012bbas 32gb sekot\u0101js","twitter_description":"Slepena kameras rokas pulkstenis sudraba kr\u0101s\u0101. Pat 32 gb atmi\u0146a - nakts redzam\u012bba. Pla\u0161a kameru izv\u0113le. Tikai augst\u0101k\u0101s kvalit\u0101tes izseko\u0161anas apr\u012bkojums","twitter_misc":{"Est. reading time":"1 minut"},"schema":{"@context":"https:\/\/schema.org","@graph":[{"@type":"WebPage","@id":"https:\/\/izsekosanasierices.lv\/produkts\/metala-rokas-pulkstenis-ar-slepto-kameru-32-gb-atmina-nakts-redzamibas-funkcija\/","url":"https:\/\/izsekosanasierices.lv\/produkts\/metala-rokas-pulkstenis-ar-slepto-kameru-32-gb-atmina-nakts-redzamibas-funkcija\/","name":"Met\u0101la rokas pulkstenis ar sl\u0113pto kameru 32 gb nakts funkcija","isPartOf":{"@id":"https:\/\/izsekosanasierices.lv\/#website"},"primaryImageOfPage":{"@id":"https:\/\/izsekosanasierices.lv\/produkts\/metala-rokas-pulkstenis-ar-slepto-kameru-32-gb-atmina-nakts-redzamibas-funkcija\/#primaryimage"},"image":{"@id":"https:\/\/izsekosanasierices.lv\/produkts\/metala-rokas-pulkstenis-ar-slepto-kameru-32-gb-atmina-nakts-redzamibas-funkcija\/#primaryimage"},"thumbnailUrl":"https:\/\/izsekosanasierices.lv\/wp-content\/uploads\/izsekosanasierices-metalinis-laikrodis-su-kamera-32gb-naktiniu-matymu.jpg","datePublished":"2023-10-05T15:37:43+00:00","dateModified":"2025-11-19T14:50:44+00:00","description":"Slepena kameras rokas pulkstenis sudraba kr\u0101s\u0101. Pat 32 gb atmi\u0146a - nakts redzam\u012bba. Pla\u0161a kameru izv\u0113le. Tikai augst\u0101k\u0101s kvalit\u0101tes izseko\u0161anas apr\u012bkojums","breadcrumb":{"@id":"https:\/\/izsekosanasierices.lv\/produkts\/metala-rokas-pulkstenis-ar-slepto-kameru-32-gb-atmina-nakts-redzamibas-funkcija\/#breadcrumb"},"inLanguage":"et","potentialAction":[{"@type":"ReadAction","target":["https:\/\/izsekosanasierices.lv\/produkts\/metala-rokas-pulkstenis-ar-slepto-kameru-32-gb-atmina-nakts-redzamibas-funkcija\/"]}]},{"@type":"ImageObject","inLanguage":"et","@id":"https:\/\/izsekosanasierices.lv\/produkts\/metala-rokas-pulkstenis-ar-slepto-kameru-32-gb-atmina-nakts-redzamibas-funkcija\/#primaryimage","url":"https:\/\/izsekosanasierices.lv\/wp-content\/uploads\/izsekosanasierices-metalinis-laikrodis-su-kamera-32gb-naktiniu-matymu.jpg","contentUrl":"https:\/\/izsekosanasierices.lv\/wp-content\/uploads\/izsekosanasierices-metalinis-laikrodis-su-kamera-32gb-naktiniu-matymu.jpg","width":305,"height":511,"caption":"Metalinis rankinis laikrodis su kamera 32gb naktiniu matymu"},{"@type":"BreadcrumbList","@id":"https:\/\/izsekosanasierices.lv\/produkts\/metala-rokas-pulkstenis-ar-slepto-kameru-32-gb-atmina-nakts-redzamibas-funkcija\/#breadcrumb","itemListElement":[{"@type":"ListItem","position":1,"name":"S\u0101kums","item":"https:\/\/izsekosanasierices.lv\/"},{"@type":"ListItem","position":2,"name":"Veikals","item":"https:\/\/izsekosanasierices.lv\/veikals\/"},{"@type":"ListItem","position":3,"name":"Met\u0101la rokas pulkstenis ar sl\u0113pto kameru | 32 gb atmi\u0146a | nakts redzam\u012bbas funkcija"}]},{"@type":"WebSite","@id":"https:\/\/izsekosanasierices.lv\/#website","url":"https:\/\/izsekosanasierices.lv\/","name":"Nr1 Izseko\u0161anas ier\u012bces gps izseko\u0161anas iek\u0101rtas, klaus\u012b\u0161an\u0101s iek\u0101rtas","description":"","potentialAction":[{"@type":"SearchAction","target":{"@type":"EntryPoint","urlTemplate":"https:\/\/izsekosanasierices.lv\/?s={search_term_string}"},"query-input":{"@type":"PropertyValueSpecification","valueRequired":true,"valueName":"search_term_string"}}],"inLanguage":"et"}]}},"_links":{"self":[{"href":"https:\/\/izsekosanasierices.lv\/et\/wp-json\/wp\/v2\/product\/1320","targetHints":{"allow":["GET"]}}],"collection":[{"href":"https:\/\/izsekosanasierices.lv\/et\/wp-json\/wp\/v2\/product"}],"about":[{"href":"https:\/\/izsekosanasierices.lv\/et\/wp-json\/wp\/v2\/types\/product"}],"wp:featuredmedia":[{"embeddable":true,"href":"https:\/\/izsekosanasierices.lv\/et\/wp-json\/wp\/v2\/media\/1912"}],"wp:attachment":[{"href":"https:\/\/izsekosanasierices.lv\/et\/wp-json\/wp\/v2\/media?parent=1320"}],"wp:term":[{"taxonomy":"product_brand","embeddable":true,"href":"https:\/\/izsekosanasierices.lv\/et\/wp-json\/wp\/v2\/product_brand?post=1320"},{"taxonomy":"product_cat","embeddable":true,"href":"https:\/\/izsekosanasierices.lv\/et\/wp-json\/wp\/v2\/product_cat?post=1320"},{"taxonomy":"product_tag","embeddable":true,"href":"https:\/\/izsekosanasierices.lv\/et\/wp-json\/wp\/v2\/product_tag?post=1320"}],"curies":[{"name":"wp","href":"https:\/\/api.w.org\/{rel}","templated":true}]}}