{"id":1326,"date":"2023-10-05T15:37:43","date_gmt":"2023-10-05T15:37:43","guid":{"rendered":"https:\/\/izsekosanasierices.lv\/produktas\/4g-kamera-galima-naudoti-lauke-su-naktiniu-matymu\/"},"modified":"2025-11-29T12:34:37","modified_gmt":"2025-11-29T10:34:37","slug":"4g-kamera-lietosanai-arpus-telpam-ar-nakts-redzamibas-funkciju","status":"publish","type":"product","link":"https:\/\/izsekosanasierices.lv\/et\/produkts\/4g-kaamera-siseruumides-kasutamiseks-koos-oovaatlusega\/","title":{"rendered":"4G v\u00e4likaamera \u00f6\u00f6n\u00e4gemisega"},"content":{"rendered":"<h3>Tehnilised parameetrid:<\/h3>\n<ul>\n<li>Kaugvaatamine: jah<\/li>\n<li>Video salvestamine koos heliga<\/li>\n<li>Pildi kvaliteet: eelvaade - FULL HD 1080P<\/li>\n<li>Piltide vaatamine telefonis, arvutis ja tahvelarvutis<\/li>\n<li>Optika: 3,7 mm<\/li>\n<li>Telefoniteated: jah<\/li>\n<li>SIM-kaardi pesa: jah<\/li>\n<li>\u00d6ine salvestusfunktsioon: jah<\/li>\n<li>Liikumistuvastuse re\u017eiim: jah (digitaalne)<\/li>\n<li>Vaatamisnurk: 90\u00b0<\/li>\n<li>M\u00e4lukaardi tugi: kuni 128 gb (ilma kaardita)<\/li>\n<li>Pakkimisformaat: avi H.264<\/li>\n<li>Toetatud s\u00fcsteemid: iOS, Android, Windows (Windows 7 \/ Windows 8 \/ Windows 10)<\/li>\n<li>Mobiilirakenduse toide: 24 - 12 V (sobib autole v\u00f5i rasketele masinatele)<\/li>\n<li>Wi-Fi: jah<\/li>\n<li>Salvestuse juhtimine: mis tahes nutiseadmest (telefon, arvuti v\u00f5i tahvelarvuti)<\/li>\n<li>Garantii 12 kuud<\/li>\n<\/ul>\n<p><span style=\"color: #ff0000;\"><strong>Vajad kiiret sama p\u00e4eva (ja n\u00e4dalavahetuse) kohaletoimetamist?  Helistage +37120484176<\/strong><\/span><\/p>\n<p><strong>Neid kaameraid v\u00f5ib n\u00e4ha politseiautodel (katusel, tagantvaates)<\/strong><\/p>\n<p><strong>4G videosalvesti<\/strong><\/p>\n<p>Turvalisus on k\u00f5igi jaoks oluline, mist\u00f5ttu j\u00e4relevalvekaamerate kasutamine muutub \u00fcha populaarsemaks. Valvekaameratel on palju erinevaid rakendusi: need v\u00f5ivad olla kasulikud paljudes olukordades. Kaamerat saab kasutada peaaegu igas ruumis ja selle v\u00f5ib paigaldada ka autosse (nt kaubik v\u00f5i muu veoauto).<\/p>\n<p><strong>K\u00f5ik SIM-kaardid sobivad kaamera jaoks<\/strong><\/p>\n<p>Viimasel ajal on kasvanud huvi kaamerate SIM-kaartide vastu, mida on v\u00e4ga lihtne ja mugav kasutada: valige konkreetse operaatori SIM-kaart ja alustage videovalvet. Seda kaamerat saab kasutada ka kohtades, kus puudub <strong>WiFi<\/strong> \u00fchendus - oluline on veenduda, et teie valitud SIM-kaardi operaator pakub mobiilset internetti.<\/p>\n<p><strong>Lihtne kaamera ettevalmistamine<\/strong><\/p>\n<p>\u00c4rge muretsege, et kaamera sissel\u00fclitamine v\u00f5tab liiga kaua aega: sisestage valitud operaatori SIM-kaart ja nautige kaamera eeliseid.<\/p>\n<p><strong>Piiramatu valikuv\u00f5imalus<\/strong><\/p>\n<p>4G-kaameral on ka piiramatu leviala: kus iganes sa ka ei viibiks, saad alati rakendusse sisse logida ja n\u00e4ha, mis toimub j\u00e4lgitavas ruumis. Pilte saab vaadata \u00fcksk\u00f5ik millisest maailma paigast, seega ei pea muretsema, et teises riigis puhkusel olles j\u00e4\u00e4b midagi olulist kahe silma vahele.<\/p>\n<p><strong>Liikumise tuvastamise funktsioon<\/strong><\/p>\n<p>Selleks, et mitte kulutada palju aega kogu videomaterjali l\u00e4bivaatamisele, on soovitatav valida liikumistuvastusega salakaamerad. See 4G-kaamera saadab teateid, kui ruumis tuvastatakse liikumist: te ei pea pidevalt kontrollima, kas sel hetkel toimub midagi, mis s\u00e4\u00e4stab palju aega.<\/p>\n<p><strong>V\u00f5imalus valida suure mahutavusega m\u00e4lukaart<\/strong><\/p>\n<p>Valvekaamera valimisel on sageli oluline kriteerium maksimaalse mahutavusega m\u00e4lukaardi toetus. See 4G <em>stealth<\/em> Kaamera toetab kuni 128 gigabaidi suuruseid micro SD-m\u00e4lukaarte, mis v\u00f5imaldab j\u00e4\u00e4dvustada v\u00e4ga suurt hulka videomaterjali, mida saab arvutisse edastada.<\/p>","protected":false},"excerpt":{"rendered":"<p>4G-kaamera koos SIM-kaardiga. K\u00f5rge pildikvaliteet. Otse vaatere\u017eiim. \u00d6\u00f6n\u00e4gemine kuni 15 meetri kaugusele. Kaamerat saab kasutada nii sise- kui ka v\u00e4listingimustes.<\/p>","protected":false},"featured_media":1931,"template":"","meta":[],"product_brand":[],"product_cat":[322,321,331],"product_tag":[324,325,326,36,327,328,329,32],"class_list":{"0":"post-1326","1":"product","2":"type-product","3":"status-publish","4":"has-post-thumbnail","6":"product_cat-4g-kameras","7":"product_cat-sleptas-kameras","8":"product_cat-wi-fi-slepenas-kameras","9":"product_tag-izlukosanas-kamera","10":"product_tag-izsekosanas-kamera","11":"product_tag-maskesanas-kamera","12":"product_tag-mini-kamera","13":"product_tag-noverosanas-kamera","14":"product_tag-slepena-kamera","15":"product_tag-slepta-noverosanas-kamera","16":"product_tag-wifi-kamera","18":"first","19":"instock","20":"taxable","21":"shipping-taxable","22":"purchasable","23":"product-type-simple"},"yoast_head":"<!-- This site is optimized with the Yoast SEO plugin v27.5 - https:\/\/yoast.com\/product\/yoast-seo-wordpress\/ -->\n<title>4G kamera lieto\u0161anai \u0101rpus telp\u0101m ar nakts redzam\u012bbas funkciju<\/title>\n<meta name=\"description\" content=\"4G kamera ar SIM karti. Augsta att\u0113la kvalit\u0101te. Tie\u0161\u0101 skata re\u017e\u012bms. Nakts redzam\u012bba l\u012bdz 15 metriem. Kameru var izmantot gan iek\u0161telp\u0101s, gan \u0101rtelp\u0101s.\" \/>\n<meta name=\"robots\" content=\"index, follow, max-snippet:-1, max-image-preview:large, max-video-preview:-1\" \/>\n<link rel=\"canonical\" href=\"https:\/\/izsekosanasierices.lv\/et\/produkts\/4g-kaamera-siseruumides-kasutamiseks-koos-oovaatlusega\/\" \/>\n<meta property=\"og:locale\" content=\"et_EE\" \/>\n<meta property=\"og:type\" content=\"article\" \/>\n<meta property=\"og:title\" content=\"4G \u0101ra kamera ar SIM karti (var izmantot automa\u0161\u012bn\u0101)\" \/>\n<meta property=\"og:description\" content=\"4g kamera ar sim karti, augsta att\u0113la kvalit\u0101te, tie\u0161\u0101 skata re\u017e\u012bms. Nakts redzam\u012bba l\u012bdz 15 metriem Kameru var izmantot gan telp\u0101s, gan \u0101rpus telp\u0101m.\" \/>\n<meta property=\"og:url\" content=\"https:\/\/izsekosanasierices.lv\/et\/produkts\/4g-kaamera-siseruumides-kasutamiseks-koos-oovaatlusega\/\" \/>\n<meta property=\"og:site_name\" content=\"Nr1 Izseko\u0161anas ier\u012bces gps izseko\u0161anas iek\u0101rtas, klaus\u012b\u0161an\u0101s iek\u0101rtas\" \/>\n<meta property=\"article:modified_time\" content=\"2025-11-29T10:34:37+00:00\" \/>\n<meta property=\"og:image\" content=\"https:\/\/rvnski.dev\/sekimoiranga\/wp-content\/uploads\/izsekosanasierices.webp\" \/>\n<meta name=\"twitter:card\" content=\"summary_large_image\" \/>\n<meta name=\"twitter:title\" content=\"4G \u0101ra kamera ar SIM karti (var izmantot automa\u0161\u012bn\u0101)\" \/>\n<meta name=\"twitter:description\" content=\"4g kamera ar sim karti, augsta att\u0113la kvalit\u0101te, tie\u0161\u0101 skata re\u017e\u012bms. Nakts redzam\u012bba l\u012bdz 15 metriem Kameru var izmantot gan telp\u0101s, gan \u0101rpus telp\u0101m.\" \/>\n<meta name=\"twitter:label1\" content=\"Est. reading time\" \/>\n\t<meta name=\"twitter:data1\" content=\"3 minutit\" \/>\n<script type=\"application\/ld+json\" class=\"yoast-schema-graph\">{\"@context\":\"https:\\\/\\\/schema.org\",\"@graph\":[{\"@type\":\"WebPage\",\"@id\":\"https:\\\/\\\/izsekosanasierices.lv\\\/produkts\\\/4g-kamera-lietosanai-arpus-telpam-ar-nakts-redzamibas-funkciju\\\/\",\"url\":\"https:\\\/\\\/izsekosanasierices.lv\\\/produkts\\\/4g-kamera-lietosanai-arpus-telpam-ar-nakts-redzamibas-funkciju\\\/\",\"name\":\"4G kamera lieto\u0161anai \u0101rpus telp\u0101m ar nakts redzam\u012bbas funkciju\",\"isPartOf\":{\"@id\":\"https:\\\/\\\/izsekosanasierices.lv\\\/#website\"},\"primaryImageOfPage\":{\"@id\":\"https:\\\/\\\/izsekosanasierices.lv\\\/produkts\\\/4g-kamera-lietosanai-arpus-telpam-ar-nakts-redzamibas-funkciju\\\/#primaryimage\"},\"image\":{\"@id\":\"https:\\\/\\\/izsekosanasierices.lv\\\/produkts\\\/4g-kamera-lietosanai-arpus-telpam-ar-nakts-redzamibas-funkciju\\\/#primaryimage\"},\"thumbnailUrl\":\"https:\\\/\\\/izsekosanasierices.lv\\\/wp-content\\\/uploads\\\/izsekosanasierices-4g-kamera-galima-naudoti-lauke-su-naktiniu-matymu.jpg\",\"datePublished\":\"2023-10-05T15:37:43+00:00\",\"dateModified\":\"2025-11-29T10:34:37+00:00\",\"description\":\"4G kamera ar SIM karti. Augsta att\u0113la kvalit\u0101te. Tie\u0161\u0101 skata re\u017e\u012bms. Nakts redzam\u012bba l\u012bdz 15 metriem. Kameru var izmantot gan iek\u0161telp\u0101s, gan \u0101rtelp\u0101s.\",\"breadcrumb\":{\"@id\":\"https:\\\/\\\/izsekosanasierices.lv\\\/produkts\\\/4g-kamera-lietosanai-arpus-telpam-ar-nakts-redzamibas-funkciju\\\/#breadcrumb\"},\"inLanguage\":\"et\",\"potentialAction\":[{\"@type\":\"ReadAction\",\"target\":[\"https:\\\/\\\/izsekosanasierices.lv\\\/produkts\\\/4g-kamera-lietosanai-arpus-telpam-ar-nakts-redzamibas-funkciju\\\/\"]}]},{\"@type\":\"ImageObject\",\"inLanguage\":\"et\",\"@id\":\"https:\\\/\\\/izsekosanasierices.lv\\\/produkts\\\/4g-kamera-lietosanai-arpus-telpam-ar-nakts-redzamibas-funkciju\\\/#primaryimage\",\"url\":\"https:\\\/\\\/izsekosanasierices.lv\\\/wp-content\\\/uploads\\\/izsekosanasierices-4g-kamera-galima-naudoti-lauke-su-naktiniu-matymu.jpg\",\"contentUrl\":\"https:\\\/\\\/izsekosanasierices.lv\\\/wp-content\\\/uploads\\\/izsekosanasierices-4g-kamera-galima-naudoti-lauke-su-naktiniu-matymu.jpg\",\"width\":458,\"height\":458,\"caption\":\"4g kamera galima naudoti lauke su naktiniu matymu\"},{\"@type\":\"BreadcrumbList\",\"@id\":\"https:\\\/\\\/izsekosanasierices.lv\\\/produkts\\\/4g-kamera-lietosanai-arpus-telpam-ar-nakts-redzamibas-funkciju\\\/#breadcrumb\",\"itemListElement\":[{\"@type\":\"ListItem\",\"position\":1,\"name\":\"S\u0101kums\",\"item\":\"https:\\\/\\\/izsekosanasierices.lv\\\/\"},{\"@type\":\"ListItem\",\"position\":2,\"name\":\"Veikals\",\"item\":\"https:\\\/\\\/izsekosanasierices.lv\\\/veikals\\\/\"},{\"@type\":\"ListItem\",\"position\":3,\"name\":\"4G kamera lieto\u0161anai \u0101rpus telp\u0101m ar nakts redzam\u012bbas funkciju\"}]},{\"@type\":\"WebSite\",\"@id\":\"https:\\\/\\\/izsekosanasierices.lv\\\/#website\",\"url\":\"https:\\\/\\\/izsekosanasierices.lv\\\/\",\"name\":\"Nr1 Izseko\u0161anas ier\u012bces gps izseko\u0161anas iek\u0101rtas, klaus\u012b\u0161an\u0101s iek\u0101rtas\",\"description\":\"\",\"potentialAction\":[{\"@type\":\"SearchAction\",\"target\":{\"@type\":\"EntryPoint\",\"urlTemplate\":\"https:\\\/\\\/izsekosanasierices.lv\\\/?s={search_term_string}\"},\"query-input\":{\"@type\":\"PropertyValueSpecification\",\"valueRequired\":true,\"valueName\":\"search_term_string\"}}],\"inLanguage\":\"et\"}]}<\/script>\n<!-- \/ Yoast SEO plugin. -->","yoast_head_json":{"title":"4G kamera lieto\u0161anai \u0101rpus telp\u0101m ar nakts redzam\u012bbas funkciju","description":"4G kamera ar SIM karti. Augsta att\u0113la kvalit\u0101te. Tie\u0161\u0101 skata re\u017e\u012bms. Nakts redzam\u012bba l\u012bdz 15 metriem. Kameru var izmantot gan iek\u0161telp\u0101s, gan \u0101rtelp\u0101s.","robots":{"index":"index","follow":"follow","max-snippet":"max-snippet:-1","max-image-preview":"max-image-preview:large","max-video-preview":"max-video-preview:-1"},"canonical":"https:\/\/izsekosanasierices.lv\/et\/produkts\/4g-kaamera-siseruumides-kasutamiseks-koos-oovaatlusega\/","og_locale":"et_EE","og_type":"article","og_title":"4G \u0101ra kamera ar SIM karti (var izmantot automa\u0161\u012bn\u0101)","og_description":"4g kamera ar sim karti, augsta att\u0113la kvalit\u0101te, tie\u0161\u0101 skata re\u017e\u012bms. Nakts redzam\u012bba l\u012bdz 15 metriem Kameru var izmantot gan telp\u0101s, gan \u0101rpus telp\u0101m.","og_url":"https:\/\/izsekosanasierices.lv\/et\/produkts\/4g-kaamera-siseruumides-kasutamiseks-koos-oovaatlusega\/","og_site_name":"Nr1 Izseko\u0161anas ier\u012bces gps izseko\u0161anas iek\u0101rtas, klaus\u012b\u0161an\u0101s iek\u0101rtas","article_modified_time":"2025-11-29T10:34:37+00:00","og_image":[{"url":"https:\/\/rvnski.dev\/sekimoiranga\/wp-content\/uploads\/izsekosanasierices.webp","type":"","width":"","height":""}],"twitter_card":"summary_large_image","twitter_title":"4G \u0101ra kamera ar SIM karti (var izmantot automa\u0161\u012bn\u0101)","twitter_description":"4g kamera ar sim karti, augsta att\u0113la kvalit\u0101te, tie\u0161\u0101 skata re\u017e\u012bms. Nakts redzam\u012bba l\u012bdz 15 metriem Kameru var izmantot gan telp\u0101s, gan \u0101rpus telp\u0101m.","twitter_misc":{"Est. reading time":"3 minutit"},"schema":{"@context":"https:\/\/schema.org","@graph":[{"@type":"WebPage","@id":"https:\/\/izsekosanasierices.lv\/produkts\/4g-kamera-lietosanai-arpus-telpam-ar-nakts-redzamibas-funkciju\/","url":"https:\/\/izsekosanasierices.lv\/produkts\/4g-kamera-lietosanai-arpus-telpam-ar-nakts-redzamibas-funkciju\/","name":"4G kamera lieto\u0161anai \u0101rpus telp\u0101m ar nakts redzam\u012bbas funkciju","isPartOf":{"@id":"https:\/\/izsekosanasierices.lv\/#website"},"primaryImageOfPage":{"@id":"https:\/\/izsekosanasierices.lv\/produkts\/4g-kamera-lietosanai-arpus-telpam-ar-nakts-redzamibas-funkciju\/#primaryimage"},"image":{"@id":"https:\/\/izsekosanasierices.lv\/produkts\/4g-kamera-lietosanai-arpus-telpam-ar-nakts-redzamibas-funkciju\/#primaryimage"},"thumbnailUrl":"https:\/\/izsekosanasierices.lv\/wp-content\/uploads\/izsekosanasierices-4g-kamera-galima-naudoti-lauke-su-naktiniu-matymu.jpg","datePublished":"2023-10-05T15:37:43+00:00","dateModified":"2025-11-29T10:34:37+00:00","description":"4G kamera ar SIM karti. Augsta att\u0113la kvalit\u0101te. Tie\u0161\u0101 skata re\u017e\u012bms. Nakts redzam\u012bba l\u012bdz 15 metriem. Kameru var izmantot gan iek\u0161telp\u0101s, gan \u0101rtelp\u0101s.","breadcrumb":{"@id":"https:\/\/izsekosanasierices.lv\/produkts\/4g-kamera-lietosanai-arpus-telpam-ar-nakts-redzamibas-funkciju\/#breadcrumb"},"inLanguage":"et","potentialAction":[{"@type":"ReadAction","target":["https:\/\/izsekosanasierices.lv\/produkts\/4g-kamera-lietosanai-arpus-telpam-ar-nakts-redzamibas-funkciju\/"]}]},{"@type":"ImageObject","inLanguage":"et","@id":"https:\/\/izsekosanasierices.lv\/produkts\/4g-kamera-lietosanai-arpus-telpam-ar-nakts-redzamibas-funkciju\/#primaryimage","url":"https:\/\/izsekosanasierices.lv\/wp-content\/uploads\/izsekosanasierices-4g-kamera-galima-naudoti-lauke-su-naktiniu-matymu.jpg","contentUrl":"https:\/\/izsekosanasierices.lv\/wp-content\/uploads\/izsekosanasierices-4g-kamera-galima-naudoti-lauke-su-naktiniu-matymu.jpg","width":458,"height":458,"caption":"4g kamera galima naudoti lauke su naktiniu matymu"},{"@type":"BreadcrumbList","@id":"https:\/\/izsekosanasierices.lv\/produkts\/4g-kamera-lietosanai-arpus-telpam-ar-nakts-redzamibas-funkciju\/#breadcrumb","itemListElement":[{"@type":"ListItem","position":1,"name":"S\u0101kums","item":"https:\/\/izsekosanasierices.lv\/"},{"@type":"ListItem","position":2,"name":"Veikals","item":"https:\/\/izsekosanasierices.lv\/veikals\/"},{"@type":"ListItem","position":3,"name":"4G kamera lieto\u0161anai \u0101rpus telp\u0101m ar nakts redzam\u012bbas funkciju"}]},{"@type":"WebSite","@id":"https:\/\/izsekosanasierices.lv\/#website","url":"https:\/\/izsekosanasierices.lv\/","name":"Nr1 Izseko\u0161anas ier\u012bces gps izseko\u0161anas iek\u0101rtas, klaus\u012b\u0161an\u0101s iek\u0101rtas","description":"","potentialAction":[{"@type":"SearchAction","target":{"@type":"EntryPoint","urlTemplate":"https:\/\/izsekosanasierices.lv\/?s={search_term_string}"},"query-input":{"@type":"PropertyValueSpecification","valueRequired":true,"valueName":"search_term_string"}}],"inLanguage":"et"}]}},"_links":{"self":[{"href":"https:\/\/izsekosanasierices.lv\/et\/wp-json\/wp\/v2\/product\/1326","targetHints":{"allow":["GET"]}}],"collection":[{"href":"https:\/\/izsekosanasierices.lv\/et\/wp-json\/wp\/v2\/product"}],"about":[{"href":"https:\/\/izsekosanasierices.lv\/et\/wp-json\/wp\/v2\/types\/product"}],"wp:featuredmedia":[{"embeddable":true,"href":"https:\/\/izsekosanasierices.lv\/et\/wp-json\/wp\/v2\/media\/1931"}],"wp:attachment":[{"href":"https:\/\/izsekosanasierices.lv\/et\/wp-json\/wp\/v2\/media?parent=1326"}],"wp:term":[{"taxonomy":"product_brand","embeddable":true,"href":"https:\/\/izsekosanasierices.lv\/et\/wp-json\/wp\/v2\/product_brand?post=1326"},{"taxonomy":"product_cat","embeddable":true,"href":"https:\/\/izsekosanasierices.lv\/et\/wp-json\/wp\/v2\/product_cat?post=1326"},{"taxonomy":"product_tag","embeddable":true,"href":"https:\/\/izsekosanasierices.lv\/et\/wp-json\/wp\/v2\/product_tag?post=1326"}],"curies":[{"name":"wp","href":"https:\/\/api.w.org\/{rel}","templated":true}]}}