{"id":1327,"date":"2023-10-05T15:37:43","date_gmt":"2023-10-05T15:37:43","guid":{"rendered":"https:\/\/izsekosanasierices.lv\/produktas\/pultelis-su-imontuotu-diktofonu-aktyvuojasi-nuo-balso-8gb-veikia-48val\/"},"modified":"2025-11-21T08:43:59","modified_gmt":"2025-11-21T06:43:59","slug":"talvadibas-pults-ar-iebuvetu-diktofonu-aktivizacija-ar-balsi-8gb-atmina-48h-darbibas-laiks","status":"publish","type":"product","link":"https:\/\/izsekosanasierices.lv\/et\/produkts\/kaugjuhtimispult-sisseehitatud-haaleaktiveerimisega-8gb-malu-48h-aku-kestvusega\/","title":{"rendered":"Kaugjuhtimispult koos sisseehitatud h\u00e4\u00e4lega dikteerimisega 8gb m\u00e4lu 48h t\u00f6\u00f6aeg"},"content":{"rendered":"<h3>TEHNILISED N\u00c4ITAJAD<\/h3>\n<ul>\n<li>Vastuv\u00f5tu kaugus: umbes 8 m - 15 m<\/li>\n<li>Ei tekita mingit heli<\/li>\n<li>Salvestuskvaliteet: 192 kbps<\/li>\n<li>Salvestamine aktiveeritud 45 db juures<\/li>\n<li>Sisemine m\u00e4lu: 8 GB<\/li>\n<li>M\u00e4nguaeg: umbes 48 tundi<\/li>\n<li>H\u00e4\u00e4ltuvastus: jah<\/li>\n<li>Salvestusformaat: wav<\/li>\n<li>Aku mahutavus: 220 mAh<\/li>\n<li>S\u00fcsteem: Windows \/ Mac OS<\/li>\n<li>Seadme suurus: 45 mm x 16 mm<\/li>\n<li>Kaal: 18 g<\/li>\n<li><strong>Garantii 12 kuud<\/strong><\/li>\n<\/ul>\n<p><strong>\u00a0<\/strong><\/p>\n<p><span style=\"color: #ff0000;\"><strong>Vajad kiiret sama p\u00e4eva (ja n\u00e4dalavahetuse) kohaletoimetamist?  Helistage +37120484176<\/strong><\/span><\/p>\n<p>&nbsp;<\/p>\n<p>Kasutamine: enda kaitseks, laste kaitseks.<\/p>\n<p><strong>\u00a0<\/strong><\/p>\n<p><strong>Kasutage diktofoni alati, kui seda vajate<\/strong><\/p>\n<p>Paljudel inimestel on v\u00f5tmed kaasas, nii et salajane helisalvesti on alati k\u00e4ep\u00e4rast. Salvestit saab kasutada siis, kui olete seda planeerinud v\u00f5i kui teil on vaja ootamatult vestlusi salvestada. Kui inimesed teavad, et nende vestlusi salvestatakse, ei k\u00e4itu nad kunagi nii, nagu nad on harjunud, kuid varjatud seadme kasutamine on teistsugune, nii et see v\u00f5ib aidata teil saada vajalikku teavet. See diktofon ei erine v\u00e4limuselt tavalistest autov\u00f5tmetest, seega ei tekita see t\u00f5en\u00e4oliselt kahtlust.<\/p>\n<p>\u00dche puudutusega sissel\u00fclitamine.<\/p>","protected":false},"excerpt":{"rendered":"<p>Kaugjuhtimispult on paigaldatud v\u00f5tmehoidjale, millel on sisseehitatud salajane diktofon ja mis v\u00f5ib salvestada heli. K\u00f5rge helikvaliteet - kuni 48 tundi salvestamist ilma laadimiseta 8 GB on piisav 14 p\u00e4evaks<\/p>","protected":false},"featured_media":1935,"template":"","meta":[],"product_brand":[],"product_cat":[342],"product_tag":[345,346,368,369,347],"class_list":{"0":"post-1327","1":"product","2":"type-product","3":"status-publish","4":"has-post-thumbnail","6":"product_cat-diktofoni","7":"product_tag-diktafons","8":"product_tag-mini-diktofons","9":"product_tag-profesionals-diktofons","10":"product_tag-sarunu-ierakstisana","11":"product_tag-slepenais-ierakstitajs","13":"first","14":"instock","15":"taxable","16":"shipping-taxable","17":"purchasable","18":"product-type-simple"},"yoast_head":"<!-- This site is optimized with the Yoast SEO plugin v27.3 - https:\/\/yoast.com\/product\/yoast-seo-wordpress\/ -->\n<title>T\u0101lvad\u012bbas pults ar ieb\u016bv\u0113tu diktofonu aktiviz\u0101cija ar balsi 8gb<\/title>\n<meta name=\"description\" content=\"T\u0101lvad\u012bbas pults k\u0101 atsl\u0113gu piekari\u0146\u0161 ar ieb\u016bv\u0113tu slepenu audio ierakst\u012b\u0161anas ier\u012bci. Augsta ska\u0146as kvalit\u0101te. L\u012bdz 48h ilgs ieraksts bez uzl\u0101des. 8 GB\" \/>\n<meta name=\"robots\" content=\"index, follow, max-snippet:-1, max-image-preview:large, max-video-preview:-1\" \/>\n<link rel=\"canonical\" href=\"https:\/\/izsekosanasierices.lv\/et\/produkts\/kaugjuhtimispult-sisseehitatud-haaleaktiveerimisega-8gb-malu-48h-aku-kestvusega\/\" \/>\n<meta property=\"og:locale\" content=\"et_EE\" \/>\n<meta property=\"og:type\" content=\"article\" \/>\n<meta property=\"og:title\" content=\"T\u0101lvad\u012bbas pults ar ieb\u016bv\u0113tu slepenu balss aktiviz\u0113tu ierakst\u012bt\u0101ju 8gb 48h\" \/>\n<meta property=\"og:description\" content=\"T\u0101lvad\u012bbas pults ir uzst\u0101d\u012bta uz atsl\u0113gas pults ar ieb\u016bv\u0113tu slepenu ierakst\u012b\u0161anas ier\u012bci, un t\u0101 var ierakst\u012bt ska\u0146u. Augsta ska\u0146as kvalit\u0101te - l\u012bdz 48 stund\u0101m ieraksta bez uzl\u0101des 8 GB pietiek 14 dien\u0101m\" \/>\n<meta property=\"og:url\" content=\"https:\/\/izsekosanasierices.lv\/et\/produkts\/kaugjuhtimispult-sisseehitatud-haaleaktiveerimisega-8gb-malu-48h-aku-kestvusega\/\" \/>\n<meta property=\"og:site_name\" content=\"Nr1 Izseko\u0161anas ier\u012bces gps izseko\u0161anas iek\u0101rtas, klaus\u012b\u0161an\u0101s iek\u0101rtas\" \/>\n<meta property=\"article:modified_time\" content=\"2025-11-21T06:43:59+00:00\" \/>\n<meta property=\"og:image\" content=\"https:\/\/rvnski.dev\/sekimoiranga\/wp-content\/uploads\/izsekosanasierices.webp\" \/>\n<meta name=\"twitter:card\" content=\"summary_large_image\" \/>\n<meta name=\"twitter:title\" content=\"T\u0101lvad\u012bbas pults ar ieb\u016bv\u0113tu slepenu balss aktiviz\u0113tu ierakst\u012bt\u0101ju 8gb 48h\" \/>\n<meta name=\"twitter:description\" content=\"T\u0101lvad\u012bbas pults ir uzst\u0101d\u012bta uz atsl\u0113gas pults ar ieb\u016bv\u0113tu slepenu ierakst\u012b\u0161anas ier\u012bci, un t\u0101 var ierakst\u012bt ska\u0146u. Augsta ska\u0146as kvalit\u0101te - l\u012bdz 48 stund\u0101m ieraksta bez uzl\u0101des 8 GB pietiek 14 dien\u0101m\" \/>\n<meta name=\"twitter:label1\" content=\"Est. reading time\" \/>\n\t<meta name=\"twitter:data1\" content=\"2 minutit\" \/>\n<script type=\"application\/ld+json\" class=\"yoast-schema-graph\">{\"@context\":\"https:\\\/\\\/schema.org\",\"@graph\":[{\"@type\":\"WebPage\",\"@id\":\"https:\\\/\\\/izsekosanasierices.lv\\\/produkts\\\/talvadibas-pults-ar-iebuvetu-diktofonu-aktivizacija-ar-balsi-8gb-atmina-48h-darbibas-laiks\\\/\",\"url\":\"https:\\\/\\\/izsekosanasierices.lv\\\/produkts\\\/talvadibas-pults-ar-iebuvetu-diktofonu-aktivizacija-ar-balsi-8gb-atmina-48h-darbibas-laiks\\\/\",\"name\":\"T\u0101lvad\u012bbas pults ar ieb\u016bv\u0113tu diktofonu aktiviz\u0101cija ar balsi 8gb\",\"isPartOf\":{\"@id\":\"https:\\\/\\\/izsekosanasierices.lv\\\/#website\"},\"primaryImageOfPage\":{\"@id\":\"https:\\\/\\\/izsekosanasierices.lv\\\/produkts\\\/talvadibas-pults-ar-iebuvetu-diktofonu-aktivizacija-ar-balsi-8gb-atmina-48h-darbibas-laiks\\\/#primaryimage\"},\"image\":{\"@id\":\"https:\\\/\\\/izsekosanasierices.lv\\\/produkts\\\/talvadibas-pults-ar-iebuvetu-diktofonu-aktivizacija-ar-balsi-8gb-atmina-48h-darbibas-laiks\\\/#primaryimage\"},\"thumbnailUrl\":\"https:\\\/\\\/izsekosanasierices.lv\\\/wp-content\\\/uploads\\\/izsekosanasierices-pultelis-su-imontuotu-diktofonu-aktyvuojasi-nuo-balso-8gb-veikia-48val.jpg\",\"datePublished\":\"2023-10-05T15:37:43+00:00\",\"dateModified\":\"2025-11-21T06:43:59+00:00\",\"description\":\"T\u0101lvad\u012bbas pults k\u0101 atsl\u0113gu piekari\u0146\u0161 ar ieb\u016bv\u0113tu slepenu audio ierakst\u012b\u0161anas ier\u012bci. Augsta ska\u0146as kvalit\u0101te. L\u012bdz 48h ilgs ieraksts bez uzl\u0101des. 8 GB\",\"breadcrumb\":{\"@id\":\"https:\\\/\\\/izsekosanasierices.lv\\\/produkts\\\/talvadibas-pults-ar-iebuvetu-diktofonu-aktivizacija-ar-balsi-8gb-atmina-48h-darbibas-laiks\\\/#breadcrumb\"},\"inLanguage\":\"et\",\"potentialAction\":[{\"@type\":\"ReadAction\",\"target\":[\"https:\\\/\\\/izsekosanasierices.lv\\\/produkts\\\/talvadibas-pults-ar-iebuvetu-diktofonu-aktivizacija-ar-balsi-8gb-atmina-48h-darbibas-laiks\\\/\"]}]},{\"@type\":\"ImageObject\",\"inLanguage\":\"et\",\"@id\":\"https:\\\/\\\/izsekosanasierices.lv\\\/produkts\\\/talvadibas-pults-ar-iebuvetu-diktofonu-aktivizacija-ar-balsi-8gb-atmina-48h-darbibas-laiks\\\/#primaryimage\",\"url\":\"https:\\\/\\\/izsekosanasierices.lv\\\/wp-content\\\/uploads\\\/izsekosanasierices-pultelis-su-imontuotu-diktofonu-aktyvuojasi-nuo-balso-8gb-veikia-48val.jpg\",\"contentUrl\":\"https:\\\/\\\/izsekosanasierices.lv\\\/wp-content\\\/uploads\\\/izsekosanasierices-pultelis-su-imontuotu-diktofonu-aktyvuojasi-nuo-balso-8gb-veikia-48val.jpg\",\"width\":417,\"height\":418,\"caption\":\"Pultelis su diktfonu uzmaskuotas slaptas\"},{\"@type\":\"BreadcrumbList\",\"@id\":\"https:\\\/\\\/izsekosanasierices.lv\\\/produkts\\\/talvadibas-pults-ar-iebuvetu-diktofonu-aktivizacija-ar-balsi-8gb-atmina-48h-darbibas-laiks\\\/#breadcrumb\",\"itemListElement\":[{\"@type\":\"ListItem\",\"position\":1,\"name\":\"S\u0101kums\",\"item\":\"https:\\\/\\\/izsekosanasierices.lv\\\/\"},{\"@type\":\"ListItem\",\"position\":2,\"name\":\"Veikals\",\"item\":\"https:\\\/\\\/izsekosanasierices.lv\\\/veikals\\\/\"},{\"@type\":\"ListItem\",\"position\":3,\"name\":\"T\u0101lvad\u012bbas pults ar ieb\u016bv\u0113tu diktofonu aktiviz\u0101cija ar balsi 8gb atmi\u0146a 48h darb\u012bbas laiks\"}]},{\"@type\":\"WebSite\",\"@id\":\"https:\\\/\\\/izsekosanasierices.lv\\\/#website\",\"url\":\"https:\\\/\\\/izsekosanasierices.lv\\\/\",\"name\":\"Nr1 Izseko\u0161anas ier\u012bces gps izseko\u0161anas iek\u0101rtas, klaus\u012b\u0161an\u0101s iek\u0101rtas\",\"description\":\"\",\"potentialAction\":[{\"@type\":\"SearchAction\",\"target\":{\"@type\":\"EntryPoint\",\"urlTemplate\":\"https:\\\/\\\/izsekosanasierices.lv\\\/?s={search_term_string}\"},\"query-input\":{\"@type\":\"PropertyValueSpecification\",\"valueRequired\":true,\"valueName\":\"search_term_string\"}}],\"inLanguage\":\"et\"}]}<\/script>\n<!-- \/ Yoast SEO plugin. -->","yoast_head_json":{"title":"T\u0101lvad\u012bbas pults ar ieb\u016bv\u0113tu diktofonu aktiviz\u0101cija ar balsi 8gb","description":"T\u0101lvad\u012bbas pults k\u0101 atsl\u0113gu piekari\u0146\u0161 ar ieb\u016bv\u0113tu slepenu audio ierakst\u012b\u0161anas ier\u012bci. Augsta ska\u0146as kvalit\u0101te. L\u012bdz 48h ilgs ieraksts bez uzl\u0101des. 8 GB","robots":{"index":"index","follow":"follow","max-snippet":"max-snippet:-1","max-image-preview":"max-image-preview:large","max-video-preview":"max-video-preview:-1"},"canonical":"https:\/\/izsekosanasierices.lv\/et\/produkts\/kaugjuhtimispult-sisseehitatud-haaleaktiveerimisega-8gb-malu-48h-aku-kestvusega\/","og_locale":"et_EE","og_type":"article","og_title":"T\u0101lvad\u012bbas pults ar ieb\u016bv\u0113tu slepenu balss aktiviz\u0113tu ierakst\u012bt\u0101ju 8gb 48h","og_description":"T\u0101lvad\u012bbas pults ir uzst\u0101d\u012bta uz atsl\u0113gas pults ar ieb\u016bv\u0113tu slepenu ierakst\u012b\u0161anas ier\u012bci, un t\u0101 var ierakst\u012bt ska\u0146u. Augsta ska\u0146as kvalit\u0101te - l\u012bdz 48 stund\u0101m ieraksta bez uzl\u0101des 8 GB pietiek 14 dien\u0101m","og_url":"https:\/\/izsekosanasierices.lv\/et\/produkts\/kaugjuhtimispult-sisseehitatud-haaleaktiveerimisega-8gb-malu-48h-aku-kestvusega\/","og_site_name":"Nr1 Izseko\u0161anas ier\u012bces gps izseko\u0161anas iek\u0101rtas, klaus\u012b\u0161an\u0101s iek\u0101rtas","article_modified_time":"2025-11-21T06:43:59+00:00","og_image":[{"url":"https:\/\/rvnski.dev\/sekimoiranga\/wp-content\/uploads\/izsekosanasierices.webp","type":"","width":"","height":""}],"twitter_card":"summary_large_image","twitter_title":"T\u0101lvad\u012bbas pults ar ieb\u016bv\u0113tu slepenu balss aktiviz\u0113tu ierakst\u012bt\u0101ju 8gb 48h","twitter_description":"T\u0101lvad\u012bbas pults ir uzst\u0101d\u012bta uz atsl\u0113gas pults ar ieb\u016bv\u0113tu slepenu ierakst\u012b\u0161anas ier\u012bci, un t\u0101 var ierakst\u012bt ska\u0146u. Augsta ska\u0146as kvalit\u0101te - l\u012bdz 48 stund\u0101m ieraksta bez uzl\u0101des 8 GB pietiek 14 dien\u0101m","twitter_misc":{"Est. reading time":"2 minutit"},"schema":{"@context":"https:\/\/schema.org","@graph":[{"@type":"WebPage","@id":"https:\/\/izsekosanasierices.lv\/produkts\/talvadibas-pults-ar-iebuvetu-diktofonu-aktivizacija-ar-balsi-8gb-atmina-48h-darbibas-laiks\/","url":"https:\/\/izsekosanasierices.lv\/produkts\/talvadibas-pults-ar-iebuvetu-diktofonu-aktivizacija-ar-balsi-8gb-atmina-48h-darbibas-laiks\/","name":"T\u0101lvad\u012bbas pults ar ieb\u016bv\u0113tu diktofonu aktiviz\u0101cija ar balsi 8gb","isPartOf":{"@id":"https:\/\/izsekosanasierices.lv\/#website"},"primaryImageOfPage":{"@id":"https:\/\/izsekosanasierices.lv\/produkts\/talvadibas-pults-ar-iebuvetu-diktofonu-aktivizacija-ar-balsi-8gb-atmina-48h-darbibas-laiks\/#primaryimage"},"image":{"@id":"https:\/\/izsekosanasierices.lv\/produkts\/talvadibas-pults-ar-iebuvetu-diktofonu-aktivizacija-ar-balsi-8gb-atmina-48h-darbibas-laiks\/#primaryimage"},"thumbnailUrl":"https:\/\/izsekosanasierices.lv\/wp-content\/uploads\/izsekosanasierices-pultelis-su-imontuotu-diktofonu-aktyvuojasi-nuo-balso-8gb-veikia-48val.jpg","datePublished":"2023-10-05T15:37:43+00:00","dateModified":"2025-11-21T06:43:59+00:00","description":"T\u0101lvad\u012bbas pults k\u0101 atsl\u0113gu piekari\u0146\u0161 ar ieb\u016bv\u0113tu slepenu audio ierakst\u012b\u0161anas ier\u012bci. Augsta ska\u0146as kvalit\u0101te. L\u012bdz 48h ilgs ieraksts bez uzl\u0101des. 8 GB","breadcrumb":{"@id":"https:\/\/izsekosanasierices.lv\/produkts\/talvadibas-pults-ar-iebuvetu-diktofonu-aktivizacija-ar-balsi-8gb-atmina-48h-darbibas-laiks\/#breadcrumb"},"inLanguage":"et","potentialAction":[{"@type":"ReadAction","target":["https:\/\/izsekosanasierices.lv\/produkts\/talvadibas-pults-ar-iebuvetu-diktofonu-aktivizacija-ar-balsi-8gb-atmina-48h-darbibas-laiks\/"]}]},{"@type":"ImageObject","inLanguage":"et","@id":"https:\/\/izsekosanasierices.lv\/produkts\/talvadibas-pults-ar-iebuvetu-diktofonu-aktivizacija-ar-balsi-8gb-atmina-48h-darbibas-laiks\/#primaryimage","url":"https:\/\/izsekosanasierices.lv\/wp-content\/uploads\/izsekosanasierices-pultelis-su-imontuotu-diktofonu-aktyvuojasi-nuo-balso-8gb-veikia-48val.jpg","contentUrl":"https:\/\/izsekosanasierices.lv\/wp-content\/uploads\/izsekosanasierices-pultelis-su-imontuotu-diktofonu-aktyvuojasi-nuo-balso-8gb-veikia-48val.jpg","width":417,"height":418,"caption":"Pultelis su diktfonu uzmaskuotas slaptas"},{"@type":"BreadcrumbList","@id":"https:\/\/izsekosanasierices.lv\/produkts\/talvadibas-pults-ar-iebuvetu-diktofonu-aktivizacija-ar-balsi-8gb-atmina-48h-darbibas-laiks\/#breadcrumb","itemListElement":[{"@type":"ListItem","position":1,"name":"S\u0101kums","item":"https:\/\/izsekosanasierices.lv\/"},{"@type":"ListItem","position":2,"name":"Veikals","item":"https:\/\/izsekosanasierices.lv\/veikals\/"},{"@type":"ListItem","position":3,"name":"T\u0101lvad\u012bbas pults ar ieb\u016bv\u0113tu diktofonu aktiviz\u0101cija ar balsi 8gb atmi\u0146a 48h darb\u012bbas laiks"}]},{"@type":"WebSite","@id":"https:\/\/izsekosanasierices.lv\/#website","url":"https:\/\/izsekosanasierices.lv\/","name":"Nr1 Izseko\u0161anas ier\u012bces gps izseko\u0161anas iek\u0101rtas, klaus\u012b\u0161an\u0101s iek\u0101rtas","description":"","potentialAction":[{"@type":"SearchAction","target":{"@type":"EntryPoint","urlTemplate":"https:\/\/izsekosanasierices.lv\/?s={search_term_string}"},"query-input":{"@type":"PropertyValueSpecification","valueRequired":true,"valueName":"search_term_string"}}],"inLanguage":"et"}]}},"_links":{"self":[{"href":"https:\/\/izsekosanasierices.lv\/et\/wp-json\/wp\/v2\/product\/1327","targetHints":{"allow":["GET"]}}],"collection":[{"href":"https:\/\/izsekosanasierices.lv\/et\/wp-json\/wp\/v2\/product"}],"about":[{"href":"https:\/\/izsekosanasierices.lv\/et\/wp-json\/wp\/v2\/types\/product"}],"wp:featuredmedia":[{"embeddable":true,"href":"https:\/\/izsekosanasierices.lv\/et\/wp-json\/wp\/v2\/media\/1935"}],"wp:attachment":[{"href":"https:\/\/izsekosanasierices.lv\/et\/wp-json\/wp\/v2\/media?parent=1327"}],"wp:term":[{"taxonomy":"product_brand","embeddable":true,"href":"https:\/\/izsekosanasierices.lv\/et\/wp-json\/wp\/v2\/product_brand?post=1327"},{"taxonomy":"product_cat","embeddable":true,"href":"https:\/\/izsekosanasierices.lv\/et\/wp-json\/wp\/v2\/product_cat?post=1327"},{"taxonomy":"product_tag","embeddable":true,"href":"https:\/\/izsekosanasierices.lv\/et\/wp-json\/wp\/v2\/product_tag?post=1327"}],"curies":[{"name":"wp","href":"https:\/\/api.w.org\/{rel}","templated":true}]}}