{"id":1330,"date":"2023-10-05T15:37:43","date_gmt":"2023-10-05T15:37:43","guid":{"rendered":"https:\/\/izsekosanasierices.lv\/produktas\/pasiklausymo-blake-veikianti-nepertraukiamai-nuo-12v\/"},"modified":"2025-12-03T11:16:51","modified_gmt":"2025-12-03T09:16:51","slug":"noklausisanas-iekarta-var-pievienot-tiesi-akumulatoram-12-24v","status":"publish","type":"product","link":"https:\/\/izsekosanasierices.lv\/et\/produkts\/kuulamisplaadi-saab-uhendada-otse-12-24v-akuga\/","title":{"rendered":"Kuulamisseadme saab \u00fchendada otse 12- 24v akuga."},"content":{"rendered":"<h3><strong>Tehnilised parameetrid:<\/strong><\/h3>\n<ul>\n<li>Automaatne m\u00fcra tuvastamine<\/li>\n<li>Helituvastuse funktsioon<\/li>\n<li>T\u00f6\u00f6aeg: ootere\u017eiim 2 p\u00e4eva, kuulamisre\u017eiim umbes 1,5 tundi.<\/li>\n<li>Pidev t\u00f6\u00f6, kui seade on \u00fchendatud toiteallikaga<\/li>\n<li>GSM-\u00fchenduvus: k\u00f5ik SIM-kaardid sobivad<\/li>\n<li>L\u00fclitatav: 12 kuni 96 V (nt aku)<\/li>\n<li>Aku: 3,7 V 500 mAh liitium-ioon aku<\/li>\n<li>T\u00f6\u00f6temperatuur: -20 kuni +55 kraadi Celsiuse j\u00e4rgi.<\/li>\n<li>Kaal: 38 g<\/li>\n<li>Seadmed, 1 m pikkune kaabel koos kaitsmega<\/li>\n<li><strong>Garantii 12 kuud<\/strong><\/li>\n<\/ul>\n<p><span style=\"color: #ff0000;\"><strong>Vajad kiiret sama p\u00e4eva (ja n\u00e4dalavahetuse) kohaletoimetamist? Helistage +371-20484176<\/strong><\/span><\/p>\n<p>Kasutamine: enda ja laste kaitse<\/p>\n<p>Lihtne kasutada, lihtsalt sisestage SIM-kaart ja seade on kasutusvalmis. Saate m\u00e4\u00e4rata administraatori numbri ja keegi peale teie ei saa sellele varjatud pealtkuulamisseadmele helistada. Seadistada saab 3 erinevat numbrit. Seade suudab tuvastada m\u00fcra ja sellel on tagasikutsumise funktsioon, nii et kui keegi hakkab r\u00e4\u00e4kima, helistab seade teie telefoninumbrile, nii et te ei j\u00e4\u00e4 olulistest vestlustest ilma. Komplektis on 1 m pikkune kaitsekaabel, mida saab \u00fchendada otse akuga.<\/p>","protected":false},"excerpt":{"rendered":"<p>Lihtne kasutada, lihtsalt sisestage SIM-kaart ja seade on kasutusvalmis. Saate m\u00e4\u00e4rata administraatori numbri ja keegi teine ei saa seda kasutada peale teie.<\/p>","protected":false},"featured_media":1946,"template":"","meta":[],"product_brand":[],"product_cat":[336,335,337],"product_tag":[62,376,110,338,339,377,378],"class_list":{"0":"post-1330","1":"product","2":"type-product","3":"status-publish","4":"has-post-thumbnail","6":"product_cat-gsm-noklausisanas-iekartas-blakes","7":"product_cat-noklausisanas-ierices","8":"product_cat-profesionals-noklausisanas-aprikojums","9":"product_tag-gsm-blake","10":"product_tag-gsm-mini-bugs","11":"product_tag-n9-blake","12":"product_tag-noklausisanas-iekartas","13":"product_tag-noklausisanas-kluda","14":"product_tag-spiegprogrammatura","15":"product_tag-telefonsarunu-noklausisanas","17":"first","18":"instock","19":"taxable","20":"shipping-taxable","21":"purchasable","22":"product-type-simple"},"yoast_head":"<!-- This site is optimized with the Yoast SEO plugin v27.5 - https:\/\/yoast.com\/product\/yoast-seo-wordpress\/ -->\n<title>Noklaus\u012b\u0161an\u0101s iek\u0101rta var pievienot tie\u0161i akumulatoram 12- 24v<\/title>\n<meta name=\"description\" content=\"Viegli lietojams, vienk\u0101r\u0161i ievietojiet SIM karti, un iek\u0101rta ir gatava lieto\u0161anai. Varat iestat\u012bt administratora numuru, un neviens cits iz\u0146emot j\u016bs\" \/>\n<meta name=\"robots\" content=\"index, follow, max-snippet:-1, max-image-preview:large, max-video-preview:-1\" \/>\n<link rel=\"canonical\" href=\"https:\/\/izsekosanasierices.lv\/et\/produkts\/kuulamisplaadi-saab-uhendada-otse-12-24v-akuga\/\" \/>\n<meta property=\"og:locale\" content=\"et_EE\" \/>\n<meta property=\"og:type\" content=\"article\" \/>\n<meta property=\"og:title\" content=\"GSM asmens darbojas ar 12V l\u012bdz 96V akumulatoru\" \/>\n<meta property=\"og:description\" content=\"\u012apa\u0161i mazs N9 ori\u0123in\u0101ls ( gsm) ar atpaka\u013csaukuma funkciju. Viegli nosl\u0113pjams, gaid\u012b\u0161anas laiks ir aptuveni 4 dienas. Blusa darbojas k\u0101 t\u0101lrunis\" \/>\n<meta property=\"og:url\" content=\"https:\/\/izsekosanasierices.lv\/et\/produkts\/kuulamisplaadi-saab-uhendada-otse-12-24v-akuga\/\" \/>\n<meta property=\"og:site_name\" content=\"Nr1 Izseko\u0161anas ier\u012bces gps izseko\u0161anas iek\u0101rtas, klaus\u012b\u0161an\u0101s iek\u0101rtas\" \/>\n<meta property=\"article:modified_time\" content=\"2025-12-03T09:16:51+00:00\" \/>\n<meta property=\"og:image\" content=\"https:\/\/rvnski.dev\/sekimoiranga\/wp-content\/uploads\/izsekosanasierices.webp\" \/>\n<meta name=\"twitter:card\" content=\"summary_large_image\" \/>\n<meta name=\"twitter:title\" content=\"GSM asmens darbojas ar 12V l\u012bdz 96V akumulatoru\" \/>\n<meta name=\"twitter:description\" content=\"\u012apa\u0161i mazs N9 ori\u0123in\u0101ls ( gsm) ar atpaka\u013csaukuma funkciju. Viegli nosl\u0113pjams, gaid\u012b\u0161anas laiks ir aptuveni 4 dienas. Blusa darbojas k\u0101 t\u0101lrunis\" \/>\n<meta name=\"twitter:label1\" content=\"Est. reading time\" \/>\n\t<meta name=\"twitter:data1\" content=\"2 minutit\" \/>\n<script type=\"application\/ld+json\" class=\"yoast-schema-graph\">{\"@context\":\"https:\\\/\\\/schema.org\",\"@graph\":[{\"@type\":\"WebPage\",\"@id\":\"https:\\\/\\\/izsekosanasierices.lv\\\/produkts\\\/noklausisanas-iekarta-var-pievienot-tiesi-akumulatoram-12-24v\\\/\",\"url\":\"https:\\\/\\\/izsekosanasierices.lv\\\/produkts\\\/noklausisanas-iekarta-var-pievienot-tiesi-akumulatoram-12-24v\\\/\",\"name\":\"Noklaus\u012b\u0161an\u0101s iek\u0101rta var pievienot tie\u0161i akumulatoram 12- 24v\",\"isPartOf\":{\"@id\":\"https:\\\/\\\/izsekosanasierices.lv\\\/#website\"},\"primaryImageOfPage\":{\"@id\":\"https:\\\/\\\/izsekosanasierices.lv\\\/produkts\\\/noklausisanas-iekarta-var-pievienot-tiesi-akumulatoram-12-24v\\\/#primaryimage\"},\"image\":{\"@id\":\"https:\\\/\\\/izsekosanasierices.lv\\\/produkts\\\/noklausisanas-iekarta-var-pievienot-tiesi-akumulatoram-12-24v\\\/#primaryimage\"},\"thumbnailUrl\":\"https:\\\/\\\/izsekosanasierices.lv\\\/wp-content\\\/uploads\\\/izsekosanasierices-pasiklausymo-blake-veikianti-nepertraukiamai-nuo-12v.jpg\",\"datePublished\":\"2023-10-05T15:37:43+00:00\",\"dateModified\":\"2025-12-03T09:16:51+00:00\",\"description\":\"Viegli lietojams, vienk\u0101r\u0161i ievietojiet SIM karti, un iek\u0101rta ir gatava lieto\u0161anai. Varat iestat\u012bt administratora numuru, un neviens cits iz\u0146emot j\u016bs\",\"breadcrumb\":{\"@id\":\"https:\\\/\\\/izsekosanasierices.lv\\\/produkts\\\/noklausisanas-iekarta-var-pievienot-tiesi-akumulatoram-12-24v\\\/#breadcrumb\"},\"inLanguage\":\"et\",\"potentialAction\":[{\"@type\":\"ReadAction\",\"target\":[\"https:\\\/\\\/izsekosanasierices.lv\\\/produkts\\\/noklausisanas-iekarta-var-pievienot-tiesi-akumulatoram-12-24v\\\/\"]}]},{\"@type\":\"ImageObject\",\"inLanguage\":\"et\",\"@id\":\"https:\\\/\\\/izsekosanasierices.lv\\\/produkts\\\/noklausisanas-iekarta-var-pievienot-tiesi-akumulatoram-12-24v\\\/#primaryimage\",\"url\":\"https:\\\/\\\/izsekosanasierices.lv\\\/wp-content\\\/uploads\\\/izsekosanasierices-pasiklausymo-blake-veikianti-nepertraukiamai-nuo-12v.jpg\",\"contentUrl\":\"https:\\\/\\\/izsekosanasierices.lv\\\/wp-content\\\/uploads\\\/izsekosanasierices-pasiklausymo-blake-veikianti-nepertraukiamai-nuo-12v.jpg\",\"width\":577,\"height\":433,\"caption\":\"gsm blak\u0117 pajungiama nuo akumuliatoriaus\"},{\"@type\":\"BreadcrumbList\",\"@id\":\"https:\\\/\\\/izsekosanasierices.lv\\\/produkts\\\/noklausisanas-iekarta-var-pievienot-tiesi-akumulatoram-12-24v\\\/#breadcrumb\",\"itemListElement\":[{\"@type\":\"ListItem\",\"position\":1,\"name\":\"S\u0101kums\",\"item\":\"https:\\\/\\\/izsekosanasierices.lv\\\/\"},{\"@type\":\"ListItem\",\"position\":2,\"name\":\"Veikals\",\"item\":\"https:\\\/\\\/izsekosanasierices.lv\\\/veikals\\\/\"},{\"@type\":\"ListItem\",\"position\":3,\"name\":\"Noklaus\u012b\u0161an\u0101s iek\u0101rta var pievienot tie\u0161i akumulatoram 12- 24v\"}]},{\"@type\":\"WebSite\",\"@id\":\"https:\\\/\\\/izsekosanasierices.lv\\\/#website\",\"url\":\"https:\\\/\\\/izsekosanasierices.lv\\\/\",\"name\":\"Nr1 Izseko\u0161anas ier\u012bces gps izseko\u0161anas iek\u0101rtas, klaus\u012b\u0161an\u0101s iek\u0101rtas\",\"description\":\"\",\"potentialAction\":[{\"@type\":\"SearchAction\",\"target\":{\"@type\":\"EntryPoint\",\"urlTemplate\":\"https:\\\/\\\/izsekosanasierices.lv\\\/?s={search_term_string}\"},\"query-input\":{\"@type\":\"PropertyValueSpecification\",\"valueRequired\":true,\"valueName\":\"search_term_string\"}}],\"inLanguage\":\"et\"}]}<\/script>\n<!-- \/ Yoast SEO plugin. -->","yoast_head_json":{"title":"Noklaus\u012b\u0161an\u0101s iek\u0101rta var pievienot tie\u0161i akumulatoram 12- 24v","description":"Viegli lietojams, vienk\u0101r\u0161i ievietojiet SIM karti, un iek\u0101rta ir gatava lieto\u0161anai. Varat iestat\u012bt administratora numuru, un neviens cits iz\u0146emot j\u016bs","robots":{"index":"index","follow":"follow","max-snippet":"max-snippet:-1","max-image-preview":"max-image-preview:large","max-video-preview":"max-video-preview:-1"},"canonical":"https:\/\/izsekosanasierices.lv\/et\/produkts\/kuulamisplaadi-saab-uhendada-otse-12-24v-akuga\/","og_locale":"et_EE","og_type":"article","og_title":"GSM asmens darbojas ar 12V l\u012bdz 96V akumulatoru","og_description":"\u012apa\u0161i mazs N9 ori\u0123in\u0101ls ( gsm) ar atpaka\u013csaukuma funkciju. Viegli nosl\u0113pjams, gaid\u012b\u0161anas laiks ir aptuveni 4 dienas. Blusa darbojas k\u0101 t\u0101lrunis","og_url":"https:\/\/izsekosanasierices.lv\/et\/produkts\/kuulamisplaadi-saab-uhendada-otse-12-24v-akuga\/","og_site_name":"Nr1 Izseko\u0161anas ier\u012bces gps izseko\u0161anas iek\u0101rtas, klaus\u012b\u0161an\u0101s iek\u0101rtas","article_modified_time":"2025-12-03T09:16:51+00:00","og_image":[{"url":"https:\/\/rvnski.dev\/sekimoiranga\/wp-content\/uploads\/izsekosanasierices.webp","type":"","width":"","height":""}],"twitter_card":"summary_large_image","twitter_title":"GSM asmens darbojas ar 12V l\u012bdz 96V akumulatoru","twitter_description":"\u012apa\u0161i mazs N9 ori\u0123in\u0101ls ( gsm) ar atpaka\u013csaukuma funkciju. Viegli nosl\u0113pjams, gaid\u012b\u0161anas laiks ir aptuveni 4 dienas. Blusa darbojas k\u0101 t\u0101lrunis","twitter_misc":{"Est. reading time":"2 minutit"},"schema":{"@context":"https:\/\/schema.org","@graph":[{"@type":"WebPage","@id":"https:\/\/izsekosanasierices.lv\/produkts\/noklausisanas-iekarta-var-pievienot-tiesi-akumulatoram-12-24v\/","url":"https:\/\/izsekosanasierices.lv\/produkts\/noklausisanas-iekarta-var-pievienot-tiesi-akumulatoram-12-24v\/","name":"Noklaus\u012b\u0161an\u0101s iek\u0101rta var pievienot tie\u0161i akumulatoram 12- 24v","isPartOf":{"@id":"https:\/\/izsekosanasierices.lv\/#website"},"primaryImageOfPage":{"@id":"https:\/\/izsekosanasierices.lv\/produkts\/noklausisanas-iekarta-var-pievienot-tiesi-akumulatoram-12-24v\/#primaryimage"},"image":{"@id":"https:\/\/izsekosanasierices.lv\/produkts\/noklausisanas-iekarta-var-pievienot-tiesi-akumulatoram-12-24v\/#primaryimage"},"thumbnailUrl":"https:\/\/izsekosanasierices.lv\/wp-content\/uploads\/izsekosanasierices-pasiklausymo-blake-veikianti-nepertraukiamai-nuo-12v.jpg","datePublished":"2023-10-05T15:37:43+00:00","dateModified":"2025-12-03T09:16:51+00:00","description":"Viegli lietojams, vienk\u0101r\u0161i ievietojiet SIM karti, un iek\u0101rta ir gatava lieto\u0161anai. Varat iestat\u012bt administratora numuru, un neviens cits iz\u0146emot j\u016bs","breadcrumb":{"@id":"https:\/\/izsekosanasierices.lv\/produkts\/noklausisanas-iekarta-var-pievienot-tiesi-akumulatoram-12-24v\/#breadcrumb"},"inLanguage":"et","potentialAction":[{"@type":"ReadAction","target":["https:\/\/izsekosanasierices.lv\/produkts\/noklausisanas-iekarta-var-pievienot-tiesi-akumulatoram-12-24v\/"]}]},{"@type":"ImageObject","inLanguage":"et","@id":"https:\/\/izsekosanasierices.lv\/produkts\/noklausisanas-iekarta-var-pievienot-tiesi-akumulatoram-12-24v\/#primaryimage","url":"https:\/\/izsekosanasierices.lv\/wp-content\/uploads\/izsekosanasierices-pasiklausymo-blake-veikianti-nepertraukiamai-nuo-12v.jpg","contentUrl":"https:\/\/izsekosanasierices.lv\/wp-content\/uploads\/izsekosanasierices-pasiklausymo-blake-veikianti-nepertraukiamai-nuo-12v.jpg","width":577,"height":433,"caption":"gsm blak\u0117 pajungiama nuo akumuliatoriaus"},{"@type":"BreadcrumbList","@id":"https:\/\/izsekosanasierices.lv\/produkts\/noklausisanas-iekarta-var-pievienot-tiesi-akumulatoram-12-24v\/#breadcrumb","itemListElement":[{"@type":"ListItem","position":1,"name":"S\u0101kums","item":"https:\/\/izsekosanasierices.lv\/"},{"@type":"ListItem","position":2,"name":"Veikals","item":"https:\/\/izsekosanasierices.lv\/veikals\/"},{"@type":"ListItem","position":3,"name":"Noklaus\u012b\u0161an\u0101s iek\u0101rta var pievienot tie\u0161i akumulatoram 12- 24v"}]},{"@type":"WebSite","@id":"https:\/\/izsekosanasierices.lv\/#website","url":"https:\/\/izsekosanasierices.lv\/","name":"Nr1 Izseko\u0161anas ier\u012bces gps izseko\u0161anas iek\u0101rtas, klaus\u012b\u0161an\u0101s iek\u0101rtas","description":"","potentialAction":[{"@type":"SearchAction","target":{"@type":"EntryPoint","urlTemplate":"https:\/\/izsekosanasierices.lv\/?s={search_term_string}"},"query-input":{"@type":"PropertyValueSpecification","valueRequired":true,"valueName":"search_term_string"}}],"inLanguage":"et"}]}},"_links":{"self":[{"href":"https:\/\/izsekosanasierices.lv\/et\/wp-json\/wp\/v2\/product\/1330","targetHints":{"allow":["GET"]}}],"collection":[{"href":"https:\/\/izsekosanasierices.lv\/et\/wp-json\/wp\/v2\/product"}],"about":[{"href":"https:\/\/izsekosanasierices.lv\/et\/wp-json\/wp\/v2\/types\/product"}],"wp:featuredmedia":[{"embeddable":true,"href":"https:\/\/izsekosanasierices.lv\/et\/wp-json\/wp\/v2\/media\/1946"}],"wp:attachment":[{"href":"https:\/\/izsekosanasierices.lv\/et\/wp-json\/wp\/v2\/media?parent=1330"}],"wp:term":[{"taxonomy":"product_brand","embeddable":true,"href":"https:\/\/izsekosanasierices.lv\/et\/wp-json\/wp\/v2\/product_brand?post=1330"},{"taxonomy":"product_cat","embeddable":true,"href":"https:\/\/izsekosanasierices.lv\/et\/wp-json\/wp\/v2\/product_cat?post=1330"},{"taxonomy":"product_tag","embeddable":true,"href":"https:\/\/izsekosanasierices.lv\/et\/wp-json\/wp\/v2\/product_tag?post=1330"}],"curies":[{"name":"wp","href":"https:\/\/api.w.org\/{rel}","templated":true}]}}