{"id":1331,"date":"2023-10-05T15:37:43","date_gmt":"2023-10-05T15:37:43","guid":{"rendered":"https:\/\/izsekosanasierices.lv\/produktas\/antkaklis-gps-seklys-sunims-katems-ir-kitiems-gyvunams\/"},"modified":"2026-04-04T08:06:05","modified_gmt":"2026-04-04T05:06:05","slug":"kakla-siksnas-gps-izsekotajs-suniem-kakiem-un-citiem-dzivniekiem","status":"publish","type":"product","link":"https:\/\/izsekosanasierices.lv\/et\/produkts\/gps-tracker-koerte-kaka-ja-teiste-loomade-jaoks\/","title":{"rendered":"Kaelarihoidja GPS j\u00e4lgimisseadmed koertele, kassidele ja teistele loomadele"},"content":{"rendered":"<h3>TASUTA SIM-kaart koos interneti\u00fchendusega<\/h3>\n<h2><strong>Tehnilised omadused:<\/strong><\/h2>\n<ul>\n<li>V\u00f5rgud: GSM \/ GPRS \/ 4G<\/li>\n<li>Sobib v\u00e4ikestele ja suurtele loomadele<\/li>\n<li>Nahast krae<\/li>\n<li>GPS j\u00e4lgimisseadme kaal ilma pakendita: 65 g<\/li>\n<li>M\u00f5\u00f5tmed: pikkus 5cm x laius 3cm x paksus 1cm<\/li>\n<li>Toetatavad sagedused: 850 \/ 900 \/ 1800 \/ 1900 MHz (k\u00f5ik SIM-kaardid toetatud)<\/li>\n<li>GPS kiip: SIRF3 kiip<\/li>\n<li>GPS-tundlikkus: 159 dBm<\/li>\n<li>GPS t\u00e4psus: 5 - 10 m<\/li>\n<li>Aku: 3,7 V 1000 mAh<\/li>\n<li>Aku kestvus: 19 tundi kuni 20 p\u00e4eva (s\u00f5ltuvalt sellest, kui tihti GPS-andmeid uuendatakse).<\/li>\n<li>Online-seire: saadaval<\/li>\n<li>Tasuta veebip\u00f5hine seire<\/li>\n<li>Tasuta j\u00e4lgimisrakendus<\/li>\n<\/ul>\n<p><strong>Sisaldab:<\/strong><\/p>\n<ul>\n<li>GPS-j\u00e4lgimisseade;<\/li>\n<li>USB-kaabel;<\/li>\n<li>omanik;<\/li>\n<li>nahast krae;<\/li>\n<li>juhised EN<\/li>\n<li>Logi sisse oma profiili (kasutajanimi + parool)<\/li>\n<li><strong>Garantii 12 kuud.<\/strong><\/li>\n<\/ul>\n<p><strong>Vajad kiiret sama p\u00e4eva (ja n\u00e4dalavahetuse) kohaletoimetamist? Helistage +37<\/strong><strong>120484176<\/strong><strong>!<\/strong><\/p>\n<h3>Kasutamine: teie lemmikloomade ohutuse tagamiseks<\/h3>\n<p>Seda GPS-kaelarihma on v\u00e4ga lihtne kasutada ja seda saab kasutada iga\u00fcks. Kui vajate abi, oleme alati abiks. \u00c4rge kartke oma lemmiklooma, olgu see siis koer v\u00f5i kass. N\u00e4ete alati, kus teie lemmikloom on ja saate j\u00e4lgida tema liikumist. See GPS-iga kaelarihm tuleb kasuks metsas v\u00f5i tundmatul maastikul jalutades. Sageli juhtub, et metsas jalutades n\u00e4evad koerad metsloomi ja ajavad neid taga, mis tekitab omanikele palju stressi, sest koer eksib \u00e4ra ja nad peavad sageli tundide kaupa otsima. Sageli jooksevad koerad \u00e4ra, sest nad ehmatavad plahvatavatest ilutulestikest.<\/p>","protected":false},"excerpt":{"rendered":"<p>\u00dclikerge GPS-kaelarihm koertele, kassidele ja teistele lemmikloomadele. See GPS-kaelarihm v\u00f5imaldab teil j\u00e4lgida oma lemmiklooma otse\u00fclekandes oma telefonist. Niiskuskindel, lihtne kasutada.<\/p>","protected":false},"featured_media":1950,"template":"","meta":[],"product_brand":[],"product_cat":[357],"product_tag":[130,371,372,386,387,388,389,332],"class_list":{"0":"post-1331","1":"product","2":"type-product","3":"status-publish","4":"has-post-thumbnail","6":"product_cat-gps-izsekosanas-ierice","7":"product_tag-gps","8":"product_tag-gps-izsekosanas-iekartas","9":"product_tag-gps-izsekotajs","10":"product_tag-gps-izsekotajs-dzivniekiem","11":"product_tag-gps-izsekotajs-kakim","12":"product_tag-gps-izsekotajs-majdzivniekiem","13":"product_tag-gps-sunu-izsekotajs","14":"product_tag-izsekosanas-iekartas","16":"first","17":"instock","18":"taxable","19":"shipping-taxable","20":"purchasable","21":"product-type-simple"},"yoast_head":"<!-- This site is optimized with the Yoast SEO plugin v27.4 - https:\/\/yoast.com\/product\/yoast-seo-wordpress\/ -->\n<title>Kakla siksnas GPS izsekot\u0101js su\u0146iem ka\u0137iem un citiem dz\u012bvniekiem<\/title>\n<meta name=\"description\" content=\"\u012apa\u0161i viegla GPS kakla siksna su\u0146iem ka\u0137iem un citiem m\u0101jdz\u012bvniekiem \u0160\u012b GPS kakla siksna \u013cauj uzraudz\u012bt savu m\u012bluli tie\u0161raid\u0113 sav\u0101 telefon\u0101 zemu cenu\" \/>\n<meta name=\"robots\" content=\"index, follow, max-snippet:-1, max-image-preview:large, max-video-preview:-1\" \/>\n<link rel=\"canonical\" href=\"https:\/\/izsekosanasierices.lv\/et\/produkts\/gps-tracker-koerte-kaka-ja-teiste-loomade-jaoks\/\" \/>\n<meta property=\"og:locale\" content=\"et_EE\" \/>\n<meta property=\"og:type\" content=\"article\" \/>\n<meta property=\"og:title\" content=\"GPS apkakle su\u0146iem, ka\u0137iem un citiem dz\u012bvniekiem tikai 45 grami\" \/>\n<meta property=\"og:description\" content=\"\u012apa\u0161i viegla GPS apkakle su\u0146iem, ka\u0137iem un citiem su\u0146iem GPS apkakle su\u0146iem \u013cauj uzraudz\u012bt savu m\u012bluli tie\u0161raid\u0113 telefon\u0101 Mitrumiztur\u012bga, viegli lietojama.\" \/>\n<meta property=\"og:url\" content=\"https:\/\/izsekosanasierices.lv\/et\/produkts\/gps-tracker-koerte-kaka-ja-teiste-loomade-jaoks\/\" \/>\n<meta property=\"og:site_name\" content=\"Nr1 Izseko\u0161anas ier\u012bces gps izseko\u0161anas iek\u0101rtas, klaus\u012b\u0161an\u0101s iek\u0101rtas\" \/>\n<meta property=\"article:modified_time\" content=\"2026-04-04T05:06:05+00:00\" \/>\n<meta property=\"og:image\" content=\"https:\/\/rvnski.dev\/sekimoiranga\/wp-content\/uploads\/izsekosanasierices.webp\" \/>\n<meta name=\"twitter:card\" content=\"summary_large_image\" \/>\n<meta name=\"twitter:title\" content=\"GPS apkakle su\u0146iem, ka\u0137iem un citiem dz\u012bvniekiem tikai 45 grami\" \/>\n<meta name=\"twitter:description\" content=\"\u012apa\u0161i viegla GPS apkakle su\u0146iem, ka\u0137iem un citiem su\u0146iem GPS apkakle su\u0146iem \u013cauj uzraudz\u012bt savu m\u012bluli tie\u0161raid\u0113 telefon\u0101 Mitrumiztur\u012bga, viegli lietojama.\" \/>\n<meta name=\"twitter:label1\" content=\"Est. reading time\" \/>\n\t<meta name=\"twitter:data1\" content=\"2 minutit\" \/>\n<script type=\"application\/ld+json\" class=\"yoast-schema-graph\">{\"@context\":\"https:\\\/\\\/schema.org\",\"@graph\":[{\"@type\":\"WebPage\",\"@id\":\"https:\\\/\\\/izsekosanasierices.lv\\\/produkts\\\/kakla-siksnas-gps-izsekotajs-suniem-kakiem-un-citiem-dzivniekiem\\\/\",\"url\":\"https:\\\/\\\/izsekosanasierices.lv\\\/produkts\\\/kakla-siksnas-gps-izsekotajs-suniem-kakiem-un-citiem-dzivniekiem\\\/\",\"name\":\"Kakla siksnas GPS izsekot\u0101js su\u0146iem ka\u0137iem un citiem dz\u012bvniekiem\",\"isPartOf\":{\"@id\":\"https:\\\/\\\/izsekosanasierices.lv\\\/#website\"},\"primaryImageOfPage\":{\"@id\":\"https:\\\/\\\/izsekosanasierices.lv\\\/produkts\\\/kakla-siksnas-gps-izsekotajs-suniem-kakiem-un-citiem-dzivniekiem\\\/#primaryimage\"},\"image\":{\"@id\":\"https:\\\/\\\/izsekosanasierices.lv\\\/produkts\\\/kakla-siksnas-gps-izsekotajs-suniem-kakiem-un-citiem-dzivniekiem\\\/#primaryimage\"},\"thumbnailUrl\":\"https:\\\/\\\/izsekosanasierices.lv\\\/wp-content\\\/uploads\\\/izsekosanasierices-gps-seklys-sunims-katems-ir-kitiems-gyvunams.jpg\",\"datePublished\":\"2023-10-05T15:37:43+00:00\",\"dateModified\":\"2026-04-04T05:06:05+00:00\",\"description\":\"\u012apa\u0161i viegla GPS kakla siksna su\u0146iem ka\u0137iem un citiem m\u0101jdz\u012bvniekiem \u0160\u012b GPS kakla siksna \u013cauj uzraudz\u012bt savu m\u012bluli tie\u0161raid\u0113 sav\u0101 telefon\u0101 zemu cenu\",\"breadcrumb\":{\"@id\":\"https:\\\/\\\/izsekosanasierices.lv\\\/produkts\\\/kakla-siksnas-gps-izsekotajs-suniem-kakiem-un-citiem-dzivniekiem\\\/#breadcrumb\"},\"inLanguage\":\"et\",\"potentialAction\":[{\"@type\":\"ReadAction\",\"target\":[\"https:\\\/\\\/izsekosanasierices.lv\\\/produkts\\\/kakla-siksnas-gps-izsekotajs-suniem-kakiem-un-citiem-dzivniekiem\\\/\"]}]},{\"@type\":\"ImageObject\",\"inLanguage\":\"et\",\"@id\":\"https:\\\/\\\/izsekosanasierices.lv\\\/produkts\\\/kakla-siksnas-gps-izsekotajs-suniem-kakiem-un-citiem-dzivniekiem\\\/#primaryimage\",\"url\":\"https:\\\/\\\/izsekosanasierices.lv\\\/wp-content\\\/uploads\\\/izsekosanasierices-gps-seklys-sunims-katems-ir-kitiems-gyvunams.jpg\",\"contentUrl\":\"https:\\\/\\\/izsekosanasierices.lv\\\/wp-content\\\/uploads\\\/izsekosanasierices-gps-seklys-sunims-katems-ir-kitiems-gyvunams.jpg\",\"width\":750,\"height\":750,\"caption\":\"gps seklys antkaklis su gps gps sunimis\"},{\"@type\":\"BreadcrumbList\",\"@id\":\"https:\\\/\\\/izsekosanasierices.lv\\\/produkts\\\/kakla-siksnas-gps-izsekotajs-suniem-kakiem-un-citiem-dzivniekiem\\\/#breadcrumb\",\"itemListElement\":[{\"@type\":\"ListItem\",\"position\":1,\"name\":\"S\u0101kums\",\"item\":\"https:\\\/\\\/izsekosanasierices.lv\\\/\"},{\"@type\":\"ListItem\",\"position\":2,\"name\":\"Veikals\",\"item\":\"https:\\\/\\\/izsekosanasierices.lv\\\/veikals\\\/\"},{\"@type\":\"ListItem\",\"position\":3,\"name\":\"Kakla siksnas GPS izsekot\u0101js su\u0146iem, ka\u0137iem un citiem dz\u012bvniekiem\"}]},{\"@type\":\"WebSite\",\"@id\":\"https:\\\/\\\/izsekosanasierices.lv\\\/#website\",\"url\":\"https:\\\/\\\/izsekosanasierices.lv\\\/\",\"name\":\"Nr1 Izseko\u0161anas ier\u012bces gps izseko\u0161anas iek\u0101rtas, klaus\u012b\u0161an\u0101s iek\u0101rtas\",\"description\":\"\",\"potentialAction\":[{\"@type\":\"SearchAction\",\"target\":{\"@type\":\"EntryPoint\",\"urlTemplate\":\"https:\\\/\\\/izsekosanasierices.lv\\\/?s={search_term_string}\"},\"query-input\":{\"@type\":\"PropertyValueSpecification\",\"valueRequired\":true,\"valueName\":\"search_term_string\"}}],\"inLanguage\":\"et\"}]}<\/script>\n<!-- \/ Yoast SEO plugin. -->","yoast_head_json":{"title":"Kakla siksnas GPS izsekot\u0101js su\u0146iem ka\u0137iem un citiem dz\u012bvniekiem","description":"\u012apa\u0161i viegla GPS kakla siksna su\u0146iem ka\u0137iem un citiem m\u0101jdz\u012bvniekiem \u0160\u012b GPS kakla siksna \u013cauj uzraudz\u012bt savu m\u012bluli tie\u0161raid\u0113 sav\u0101 telefon\u0101 zemu cenu","robots":{"index":"index","follow":"follow","max-snippet":"max-snippet:-1","max-image-preview":"max-image-preview:large","max-video-preview":"max-video-preview:-1"},"canonical":"https:\/\/izsekosanasierices.lv\/et\/produkts\/gps-tracker-koerte-kaka-ja-teiste-loomade-jaoks\/","og_locale":"et_EE","og_type":"article","og_title":"GPS apkakle su\u0146iem, ka\u0137iem un citiem dz\u012bvniekiem tikai 45 grami","og_description":"\u012apa\u0161i viegla GPS apkakle su\u0146iem, ka\u0137iem un citiem su\u0146iem GPS apkakle su\u0146iem \u013cauj uzraudz\u012bt savu m\u012bluli tie\u0161raid\u0113 telefon\u0101 Mitrumiztur\u012bga, viegli lietojama.","og_url":"https:\/\/izsekosanasierices.lv\/et\/produkts\/gps-tracker-koerte-kaka-ja-teiste-loomade-jaoks\/","og_site_name":"Nr1 Izseko\u0161anas ier\u012bces gps izseko\u0161anas iek\u0101rtas, klaus\u012b\u0161an\u0101s iek\u0101rtas","article_modified_time":"2026-04-04T05:06:05+00:00","og_image":[{"url":"https:\/\/rvnski.dev\/sekimoiranga\/wp-content\/uploads\/izsekosanasierices.webp","type":"","width":"","height":""}],"twitter_card":"summary_large_image","twitter_title":"GPS apkakle su\u0146iem, ka\u0137iem un citiem dz\u012bvniekiem tikai 45 grami","twitter_description":"\u012apa\u0161i viegla GPS apkakle su\u0146iem, ka\u0137iem un citiem su\u0146iem GPS apkakle su\u0146iem \u013cauj uzraudz\u012bt savu m\u012bluli tie\u0161raid\u0113 telefon\u0101 Mitrumiztur\u012bga, viegli lietojama.","twitter_misc":{"Est. reading time":"2 minutit"},"schema":{"@context":"https:\/\/schema.org","@graph":[{"@type":"WebPage","@id":"https:\/\/izsekosanasierices.lv\/produkts\/kakla-siksnas-gps-izsekotajs-suniem-kakiem-un-citiem-dzivniekiem\/","url":"https:\/\/izsekosanasierices.lv\/produkts\/kakla-siksnas-gps-izsekotajs-suniem-kakiem-un-citiem-dzivniekiem\/","name":"Kakla siksnas GPS izsekot\u0101js su\u0146iem ka\u0137iem un citiem dz\u012bvniekiem","isPartOf":{"@id":"https:\/\/izsekosanasierices.lv\/#website"},"primaryImageOfPage":{"@id":"https:\/\/izsekosanasierices.lv\/produkts\/kakla-siksnas-gps-izsekotajs-suniem-kakiem-un-citiem-dzivniekiem\/#primaryimage"},"image":{"@id":"https:\/\/izsekosanasierices.lv\/produkts\/kakla-siksnas-gps-izsekotajs-suniem-kakiem-un-citiem-dzivniekiem\/#primaryimage"},"thumbnailUrl":"https:\/\/izsekosanasierices.lv\/wp-content\/uploads\/izsekosanasierices-gps-seklys-sunims-katems-ir-kitiems-gyvunams.jpg","datePublished":"2023-10-05T15:37:43+00:00","dateModified":"2026-04-04T05:06:05+00:00","description":"\u012apa\u0161i viegla GPS kakla siksna su\u0146iem ka\u0137iem un citiem m\u0101jdz\u012bvniekiem \u0160\u012b GPS kakla siksna \u013cauj uzraudz\u012bt savu m\u012bluli tie\u0161raid\u0113 sav\u0101 telefon\u0101 zemu cenu","breadcrumb":{"@id":"https:\/\/izsekosanasierices.lv\/produkts\/kakla-siksnas-gps-izsekotajs-suniem-kakiem-un-citiem-dzivniekiem\/#breadcrumb"},"inLanguage":"et","potentialAction":[{"@type":"ReadAction","target":["https:\/\/izsekosanasierices.lv\/produkts\/kakla-siksnas-gps-izsekotajs-suniem-kakiem-un-citiem-dzivniekiem\/"]}]},{"@type":"ImageObject","inLanguage":"et","@id":"https:\/\/izsekosanasierices.lv\/produkts\/kakla-siksnas-gps-izsekotajs-suniem-kakiem-un-citiem-dzivniekiem\/#primaryimage","url":"https:\/\/izsekosanasierices.lv\/wp-content\/uploads\/izsekosanasierices-gps-seklys-sunims-katems-ir-kitiems-gyvunams.jpg","contentUrl":"https:\/\/izsekosanasierices.lv\/wp-content\/uploads\/izsekosanasierices-gps-seklys-sunims-katems-ir-kitiems-gyvunams.jpg","width":750,"height":750,"caption":"gps seklys antkaklis su gps gps sunimis"},{"@type":"BreadcrumbList","@id":"https:\/\/izsekosanasierices.lv\/produkts\/kakla-siksnas-gps-izsekotajs-suniem-kakiem-un-citiem-dzivniekiem\/#breadcrumb","itemListElement":[{"@type":"ListItem","position":1,"name":"S\u0101kums","item":"https:\/\/izsekosanasierices.lv\/"},{"@type":"ListItem","position":2,"name":"Veikals","item":"https:\/\/izsekosanasierices.lv\/veikals\/"},{"@type":"ListItem","position":3,"name":"Kakla siksnas GPS izsekot\u0101js su\u0146iem, ka\u0137iem un citiem dz\u012bvniekiem"}]},{"@type":"WebSite","@id":"https:\/\/izsekosanasierices.lv\/#website","url":"https:\/\/izsekosanasierices.lv\/","name":"Nr1 Izseko\u0161anas ier\u012bces gps izseko\u0161anas iek\u0101rtas, klaus\u012b\u0161an\u0101s iek\u0101rtas","description":"","potentialAction":[{"@type":"SearchAction","target":{"@type":"EntryPoint","urlTemplate":"https:\/\/izsekosanasierices.lv\/?s={search_term_string}"},"query-input":{"@type":"PropertyValueSpecification","valueRequired":true,"valueName":"search_term_string"}}],"inLanguage":"et"}]}},"_links":{"self":[{"href":"https:\/\/izsekosanasierices.lv\/et\/wp-json\/wp\/v2\/product\/1331","targetHints":{"allow":["GET"]}}],"collection":[{"href":"https:\/\/izsekosanasierices.lv\/et\/wp-json\/wp\/v2\/product"}],"about":[{"href":"https:\/\/izsekosanasierices.lv\/et\/wp-json\/wp\/v2\/types\/product"}],"wp:featuredmedia":[{"embeddable":true,"href":"https:\/\/izsekosanasierices.lv\/et\/wp-json\/wp\/v2\/media\/1950"}],"wp:attachment":[{"href":"https:\/\/izsekosanasierices.lv\/et\/wp-json\/wp\/v2\/media?parent=1331"}],"wp:term":[{"taxonomy":"product_brand","embeddable":true,"href":"https:\/\/izsekosanasierices.lv\/et\/wp-json\/wp\/v2\/product_brand?post=1331"},{"taxonomy":"product_cat","embeddable":true,"href":"https:\/\/izsekosanasierices.lv\/et\/wp-json\/wp\/v2\/product_cat?post=1331"},{"taxonomy":"product_tag","embeddable":true,"href":"https:\/\/izsekosanasierices.lv\/et\/wp-json\/wp\/v2\/product_tag?post=1331"}],"curies":[{"name":"wp","href":"https:\/\/api.w.org\/{rel}","templated":true}]}}