{"id":1332,"date":"2023-10-05T15:37:43","date_gmt":"2023-10-05T15:37:43","guid":{"rendered":"https:\/\/izsekosanasierices.lv\/produktas\/slapta-kamera-ip-55-elektros-paskirstymo-dezuteje-su-wi-fi\/"},"modified":"2026-01-19T14:13:30","modified_gmt":"2026-01-19T12:13:30","slug":"ip-55-elektribas-sadales-kaste-paslepta-noverosanas-kamera-ar-wifi","status":"publish","type":"product","link":"https:\/\/izsekosanasierices.lv\/et\/produkts\/ip-55-elektrijaotuskasti-peidetud-kaamera-koos-wifiga\/","title":{"rendered":"IP 55 - elektrilise \u00fchenduskarbi sisse peidetud valvekaamera koos WiFi-\u00fchendusega"},"content":{"rendered":"<p><strong><span style=\"color: #ff0000;\">PROMOTION: 32 GB micro SD kingitusena<\/span> <\/strong><\/p>\n<p>Tehnilised parameetrid:<\/p>\n<ul>\n<li>Kaugvaatamine: jah, telefonis oleva rakenduse kaudu.<\/li>\n<li>Video salvestamine koos heliga<\/li>\n<li>Kinnitatakse seinale seinakleebisega (lisatud)<\/li>\n<li>Pildi kvaliteet: FULL HD 1080P,<\/li>\n<li>Piltide vaatamine telefonis, arvutis ja tahvelarvutis<\/li>\n<li>Aku kestvus: kuni 48 tundi ilma laadimiseta (10 000 mAh aku kaasas).<\/li>\n<li>Liikumistuvastuse re\u017eiim: jah (digitaalne)<\/li>\n<li>Vaatamisnurk: 90\u00b0<\/li>\n<li>Kaarditugi: 8 - 128 GB (kaart ei kuulu komplekti)<\/li>\n<li>1 ingliskeelne video 310 m<\/li>\n<li>Pakkimisformaat: avi H.264<\/li>\n<li>Rakendused Androidile \/ iPhone'ile<\/li>\n<li>Toiteallikas: patarei v\u00f5i vooluv\u00f5rk (5 V)<\/li>\n<li>Wi-Fi \u00fchenduvus: IEEE802.11 b\/g\/n<\/li>\n<li>Pakendi m\u00f5\u00f5tmed: 80 mm x 80 mm x 45 mm<\/li>\n<li>Salvestuse juhtimine: mis tahes nutiseadmest (telefon, arvuti v\u00f5i tahvelarvuti)<\/li>\n<li><strong>Garantii 24 kuud<\/strong><\/li>\n<\/ul>\n<p><strong>\u00a0<\/strong><\/p>\n<p><span style=\"color: #ff0000;\"><strong>Vajad kiiret sama p\u00e4eva (ja n\u00e4dalavahetuse) kohaletoimetamist?  Helistage +37120484176!<\/strong><\/span><\/p>\n<p>Kasutamine: teie ohutuse tagamiseks, laste ohutuse tagamiseks.<\/p>\n<p><strong>Kaamerat on lihtne kasutada - n\u00e4iteks saab selle paigaldada diskreetselt oma \u00f5ue v\u00f5i trepikotta, et kaitsta end varaste eest v\u00f5i j\u00e4\u00e4dvustada, kes teie \u00f5ues v\u00f5i kinnistul ringi k\u00e4ivad. Kaamera ja aku on paigutatud raami sisse. Lihtne kinnitada, sest kaasas on kahepoolne kleebis - kaamerat on lihtne kinnitada ja ka kergesti eemaldada. See elektriline sad<\/strong><\/p>\n<p><strong>Saate otse\u00fclekannet vaadata oma telefonist ja kaamera saab liikvel olles salvestada.<\/strong><\/p>\n<p><strong>Kaitske oma vara selle tipptasemel kaameraga!<\/strong><\/p>\n<p>&nbsp;<\/p>","protected":false},"excerpt":{"rendered":"<p>Seda kaamerat on lihtne peita ja seda saab h\u00f5lpsasti seinale paigaldada. Videosalvestusi saab j\u00e4lgida eemalt. Suur valik salakaameraid. Allahindlused.<\/p>","protected":false},"featured_media":1954,"template":"","meta":[],"product_brand":[],"product_cat":[330,321,331],"product_tag":[324,325,326,36,327,328,329,32],"class_list":{"0":"post-1332","1":"product","2":"type-product","3":"status-publish","4":"has-post-thumbnail","6":"product_cat-masketas-kameras","7":"product_cat-sleptas-kameras","8":"product_cat-wi-fi-slepenas-kameras","9":"product_tag-izlukosanas-kamera","10":"product_tag-izsekosanas-kamera","11":"product_tag-maskesanas-kamera","12":"product_tag-mini-kamera","13":"product_tag-noverosanas-kamera","14":"product_tag-slepena-kamera","15":"product_tag-slepta-noverosanas-kamera","16":"product_tag-wifi-kamera","18":"first","19":"instock","20":"taxable","21":"shipping-taxable","22":"purchasable","23":"product-type-simple"},"yoast_head":"<!-- This site is optimized with the Yoast SEO plugin v27.5 - https:\/\/yoast.com\/product\/yoast-seo-wordpress\/ -->\n<title>IP55 elektr\u012bbas sadales kast\u0113 pasl\u0113pta nov\u0113ro\u0161anas kamera ar wifi<\/title>\n<meta name=\"description\" content=\"\u0160o kameru ir viegli pasl\u0113pt, un to var viegli piestiprin\u0101t pie sienas. Videoierakstus var p\u0101rraudz\u012bt att\u0101lin\u0101ti. Liels slepeno kameru kl\u0101sts. Atlaides.\" \/>\n<meta name=\"robots\" content=\"index, follow, max-snippet:-1, max-image-preview:large, max-video-preview:-1\" \/>\n<link rel=\"canonical\" href=\"https:\/\/izsekosanasierices.lv\/et\/produkts\/ip-55-elektrijaotuskasti-peidetud-kaamera-koos-wifiga\/\" \/>\n<meta property=\"og:locale\" content=\"et_EE\" \/>\n<meta property=\"og:type\" content=\"article\" \/>\n<meta property=\"og:title\" content=\"Slepeni mask\u0113ta mini wifi kamera elektr\u012bbas sadales kast\u0113\" \/>\n<meta property=\"og:description\" content=\"\u0160o kameru ir viegli pasl\u0113pt, un to var viegli piestiprin\u0101t pie sienas. Varat att\u0101lin\u0101ti p\u0101rraudz\u012bt videoklipu. Liels slepeno kameru kl\u0101sts, atlaides\" \/>\n<meta property=\"og:url\" content=\"https:\/\/izsekosanasierices.lv\/et\/produkts\/ip-55-elektrijaotuskasti-peidetud-kaamera-koos-wifiga\/\" \/>\n<meta property=\"og:site_name\" content=\"Nr1 Izseko\u0161anas ier\u012bces gps izseko\u0161anas iek\u0101rtas, klaus\u012b\u0161an\u0101s iek\u0101rtas\" \/>\n<meta property=\"article:modified_time\" content=\"2026-01-19T12:13:30+00:00\" \/>\n<meta property=\"og:image\" content=\"https:\/\/rvnski.dev\/sekimoiranga\/wp-content\/uploads\/izsekosanasierices.webp\" \/>\n<meta name=\"twitter:card\" content=\"summary_large_image\" \/>\n<meta name=\"twitter:title\" content=\"Slepeni mask\u0113ta mini wifi kamera elektr\u012bbas sadales kast\u0113\" \/>\n<meta name=\"twitter:description\" content=\"\u0160o kameru ir viegli pasl\u0113pt, un to var viegli piestiprin\u0101t pie sienas. Varat att\u0101lin\u0101ti p\u0101rraudz\u012bt videoklipu. Liels slepeno kameru kl\u0101sts, atlaides\" \/>\n<meta name=\"twitter:label1\" content=\"Est. reading time\" \/>\n\t<meta name=\"twitter:data1\" content=\"2 minutit\" \/>\n<script type=\"application\/ld+json\" class=\"yoast-schema-graph\">{\"@context\":\"https:\\\/\\\/schema.org\",\"@graph\":[{\"@type\":\"WebPage\",\"@id\":\"https:\\\/\\\/izsekosanasierices.lv\\\/produkts\\\/ip-55-elektribas-sadales-kaste-paslepta-noverosanas-kamera-ar-wifi\\\/\",\"url\":\"https:\\\/\\\/izsekosanasierices.lv\\\/produkts\\\/ip-55-elektribas-sadales-kaste-paslepta-noverosanas-kamera-ar-wifi\\\/\",\"name\":\"IP55 elektr\u012bbas sadales kast\u0113 pasl\u0113pta nov\u0113ro\u0161anas kamera ar wifi\",\"isPartOf\":{\"@id\":\"https:\\\/\\\/izsekosanasierices.lv\\\/#website\"},\"primaryImageOfPage\":{\"@id\":\"https:\\\/\\\/izsekosanasierices.lv\\\/produkts\\\/ip-55-elektribas-sadales-kaste-paslepta-noverosanas-kamera-ar-wifi\\\/#primaryimage\"},\"image\":{\"@id\":\"https:\\\/\\\/izsekosanasierices.lv\\\/produkts\\\/ip-55-elektribas-sadales-kaste-paslepta-noverosanas-kamera-ar-wifi\\\/#primaryimage\"},\"thumbnailUrl\":\"https:\\\/\\\/izsekosanasierices.lv\\\/wp-content\\\/uploads\\\/izsekosanasierices-slapta-kamera-ip-55-elektros-paskirstymo-dezuteje-su-wi-fi.jpg\",\"datePublished\":\"2023-10-05T15:37:43+00:00\",\"dateModified\":\"2026-01-19T12:13:30+00:00\",\"description\":\"\u0160o kameru ir viegli pasl\u0113pt, un to var viegli piestiprin\u0101t pie sienas. Videoierakstus var p\u0101rraudz\u012bt att\u0101lin\u0101ti. Liels slepeno kameru kl\u0101sts. Atlaides.\",\"breadcrumb\":{\"@id\":\"https:\\\/\\\/izsekosanasierices.lv\\\/produkts\\\/ip-55-elektribas-sadales-kaste-paslepta-noverosanas-kamera-ar-wifi\\\/#breadcrumb\"},\"inLanguage\":\"et\",\"potentialAction\":[{\"@type\":\"ReadAction\",\"target\":[\"https:\\\/\\\/izsekosanasierices.lv\\\/produkts\\\/ip-55-elektribas-sadales-kaste-paslepta-noverosanas-kamera-ar-wifi\\\/\"]}]},{\"@type\":\"ImageObject\",\"inLanguage\":\"et\",\"@id\":\"https:\\\/\\\/izsekosanasierices.lv\\\/produkts\\\/ip-55-elektribas-sadales-kaste-paslepta-noverosanas-kamera-ar-wifi\\\/#primaryimage\",\"url\":\"https:\\\/\\\/izsekosanasierices.lv\\\/wp-content\\\/uploads\\\/izsekosanasierices-slapta-kamera-ip-55-elektros-paskirstymo-dezuteje-su-wi-fi.jpg\",\"contentUrl\":\"https:\\\/\\\/izsekosanasierices.lv\\\/wp-content\\\/uploads\\\/izsekosanasierices-slapta-kamera-ip-55-elektros-paskirstymo-dezuteje-su-wi-fi.jpg\",\"width\":800,\"height\":800,\"caption\":\"Slapta kamera paskirstymo dezute naudoti laiptineje\"},{\"@type\":\"BreadcrumbList\",\"@id\":\"https:\\\/\\\/izsekosanasierices.lv\\\/produkts\\\/ip-55-elektribas-sadales-kaste-paslepta-noverosanas-kamera-ar-wifi\\\/#breadcrumb\",\"itemListElement\":[{\"@type\":\"ListItem\",\"position\":1,\"name\":\"S\u0101kums\",\"item\":\"https:\\\/\\\/izsekosanasierices.lv\\\/\"},{\"@type\":\"ListItem\",\"position\":2,\"name\":\"Veikals\",\"item\":\"https:\\\/\\\/izsekosanasierices.lv\\\/veikals\\\/\"},{\"@type\":\"ListItem\",\"position\":3,\"name\":\"IP 55 \u2013 elektr\u012bbas sadales kast\u0113 pasl\u0113pta nov\u0113ro\u0161anas kamera ar WiFi\"}]},{\"@type\":\"WebSite\",\"@id\":\"https:\\\/\\\/izsekosanasierices.lv\\\/#website\",\"url\":\"https:\\\/\\\/izsekosanasierices.lv\\\/\",\"name\":\"Nr1 Izseko\u0161anas ier\u012bces gps izseko\u0161anas iek\u0101rtas, klaus\u012b\u0161an\u0101s iek\u0101rtas\",\"description\":\"\",\"potentialAction\":[{\"@type\":\"SearchAction\",\"target\":{\"@type\":\"EntryPoint\",\"urlTemplate\":\"https:\\\/\\\/izsekosanasierices.lv\\\/?s={search_term_string}\"},\"query-input\":{\"@type\":\"PropertyValueSpecification\",\"valueRequired\":true,\"valueName\":\"search_term_string\"}}],\"inLanguage\":\"et\"}]}<\/script>\n<!-- \/ Yoast SEO plugin. -->","yoast_head_json":{"title":"IP55 elektr\u012bbas sadales kast\u0113 pasl\u0113pta nov\u0113ro\u0161anas kamera ar wifi","description":"\u0160o kameru ir viegli pasl\u0113pt, un to var viegli piestiprin\u0101t pie sienas. Videoierakstus var p\u0101rraudz\u012bt att\u0101lin\u0101ti. Liels slepeno kameru kl\u0101sts. Atlaides.","robots":{"index":"index","follow":"follow","max-snippet":"max-snippet:-1","max-image-preview":"max-image-preview:large","max-video-preview":"max-video-preview:-1"},"canonical":"https:\/\/izsekosanasierices.lv\/et\/produkts\/ip-55-elektrijaotuskasti-peidetud-kaamera-koos-wifiga\/","og_locale":"et_EE","og_type":"article","og_title":"Slepeni mask\u0113ta mini wifi kamera elektr\u012bbas sadales kast\u0113","og_description":"\u0160o kameru ir viegli pasl\u0113pt, un to var viegli piestiprin\u0101t pie sienas. Varat att\u0101lin\u0101ti p\u0101rraudz\u012bt videoklipu. Liels slepeno kameru kl\u0101sts, atlaides","og_url":"https:\/\/izsekosanasierices.lv\/et\/produkts\/ip-55-elektrijaotuskasti-peidetud-kaamera-koos-wifiga\/","og_site_name":"Nr1 Izseko\u0161anas ier\u012bces gps izseko\u0161anas iek\u0101rtas, klaus\u012b\u0161an\u0101s iek\u0101rtas","article_modified_time":"2026-01-19T12:13:30+00:00","og_image":[{"url":"https:\/\/rvnski.dev\/sekimoiranga\/wp-content\/uploads\/izsekosanasierices.webp","type":"","width":"","height":""}],"twitter_card":"summary_large_image","twitter_title":"Slepeni mask\u0113ta mini wifi kamera elektr\u012bbas sadales kast\u0113","twitter_description":"\u0160o kameru ir viegli pasl\u0113pt, un to var viegli piestiprin\u0101t pie sienas. Varat att\u0101lin\u0101ti p\u0101rraudz\u012bt videoklipu. Liels slepeno kameru kl\u0101sts, atlaides","twitter_misc":{"Est. reading time":"2 minutit"},"schema":{"@context":"https:\/\/schema.org","@graph":[{"@type":"WebPage","@id":"https:\/\/izsekosanasierices.lv\/produkts\/ip-55-elektribas-sadales-kaste-paslepta-noverosanas-kamera-ar-wifi\/","url":"https:\/\/izsekosanasierices.lv\/produkts\/ip-55-elektribas-sadales-kaste-paslepta-noverosanas-kamera-ar-wifi\/","name":"IP55 elektr\u012bbas sadales kast\u0113 pasl\u0113pta nov\u0113ro\u0161anas kamera ar wifi","isPartOf":{"@id":"https:\/\/izsekosanasierices.lv\/#website"},"primaryImageOfPage":{"@id":"https:\/\/izsekosanasierices.lv\/produkts\/ip-55-elektribas-sadales-kaste-paslepta-noverosanas-kamera-ar-wifi\/#primaryimage"},"image":{"@id":"https:\/\/izsekosanasierices.lv\/produkts\/ip-55-elektribas-sadales-kaste-paslepta-noverosanas-kamera-ar-wifi\/#primaryimage"},"thumbnailUrl":"https:\/\/izsekosanasierices.lv\/wp-content\/uploads\/izsekosanasierices-slapta-kamera-ip-55-elektros-paskirstymo-dezuteje-su-wi-fi.jpg","datePublished":"2023-10-05T15:37:43+00:00","dateModified":"2026-01-19T12:13:30+00:00","description":"\u0160o kameru ir viegli pasl\u0113pt, un to var viegli piestiprin\u0101t pie sienas. Videoierakstus var p\u0101rraudz\u012bt att\u0101lin\u0101ti. Liels slepeno kameru kl\u0101sts. Atlaides.","breadcrumb":{"@id":"https:\/\/izsekosanasierices.lv\/produkts\/ip-55-elektribas-sadales-kaste-paslepta-noverosanas-kamera-ar-wifi\/#breadcrumb"},"inLanguage":"et","potentialAction":[{"@type":"ReadAction","target":["https:\/\/izsekosanasierices.lv\/produkts\/ip-55-elektribas-sadales-kaste-paslepta-noverosanas-kamera-ar-wifi\/"]}]},{"@type":"ImageObject","inLanguage":"et","@id":"https:\/\/izsekosanasierices.lv\/produkts\/ip-55-elektribas-sadales-kaste-paslepta-noverosanas-kamera-ar-wifi\/#primaryimage","url":"https:\/\/izsekosanasierices.lv\/wp-content\/uploads\/izsekosanasierices-slapta-kamera-ip-55-elektros-paskirstymo-dezuteje-su-wi-fi.jpg","contentUrl":"https:\/\/izsekosanasierices.lv\/wp-content\/uploads\/izsekosanasierices-slapta-kamera-ip-55-elektros-paskirstymo-dezuteje-su-wi-fi.jpg","width":800,"height":800,"caption":"Slapta kamera paskirstymo dezute naudoti laiptineje"},{"@type":"BreadcrumbList","@id":"https:\/\/izsekosanasierices.lv\/produkts\/ip-55-elektribas-sadales-kaste-paslepta-noverosanas-kamera-ar-wifi\/#breadcrumb","itemListElement":[{"@type":"ListItem","position":1,"name":"S\u0101kums","item":"https:\/\/izsekosanasierices.lv\/"},{"@type":"ListItem","position":2,"name":"Veikals","item":"https:\/\/izsekosanasierices.lv\/veikals\/"},{"@type":"ListItem","position":3,"name":"IP 55 \u2013 elektr\u012bbas sadales kast\u0113 pasl\u0113pta nov\u0113ro\u0161anas kamera ar WiFi"}]},{"@type":"WebSite","@id":"https:\/\/izsekosanasierices.lv\/#website","url":"https:\/\/izsekosanasierices.lv\/","name":"Nr1 Izseko\u0161anas ier\u012bces gps izseko\u0161anas iek\u0101rtas, klaus\u012b\u0161an\u0101s iek\u0101rtas","description":"","potentialAction":[{"@type":"SearchAction","target":{"@type":"EntryPoint","urlTemplate":"https:\/\/izsekosanasierices.lv\/?s={search_term_string}"},"query-input":{"@type":"PropertyValueSpecification","valueRequired":true,"valueName":"search_term_string"}}],"inLanguage":"et"}]}},"_links":{"self":[{"href":"https:\/\/izsekosanasierices.lv\/et\/wp-json\/wp\/v2\/product\/1332","targetHints":{"allow":["GET"]}}],"collection":[{"href":"https:\/\/izsekosanasierices.lv\/et\/wp-json\/wp\/v2\/product"}],"about":[{"href":"https:\/\/izsekosanasierices.lv\/et\/wp-json\/wp\/v2\/types\/product"}],"wp:featuredmedia":[{"embeddable":true,"href":"https:\/\/izsekosanasierices.lv\/et\/wp-json\/wp\/v2\/media\/1954"}],"wp:attachment":[{"href":"https:\/\/izsekosanasierices.lv\/et\/wp-json\/wp\/v2\/media?parent=1332"}],"wp:term":[{"taxonomy":"product_brand","embeddable":true,"href":"https:\/\/izsekosanasierices.lv\/et\/wp-json\/wp\/v2\/product_brand?post=1332"},{"taxonomy":"product_cat","embeddable":true,"href":"https:\/\/izsekosanasierices.lv\/et\/wp-json\/wp\/v2\/product_cat?post=1332"},{"taxonomy":"product_tag","embeddable":true,"href":"https:\/\/izsekosanasierices.lv\/et\/wp-json\/wp\/v2\/product_tag?post=1332"}],"curies":[{"name":"wp","href":"https:\/\/api.w.org\/{rel}","templated":true}]}}