{"id":1333,"date":"2023-10-05T15:37:43","date_gmt":"2023-10-05T15:37:43","guid":{"rendered":"https:\/\/izsekosanasierices.lv\/produktas\/naujiena-pro-prailgintuvas-su-imontuota-pasiklausymo-iranga-wi-fi\/"},"modified":"2026-01-24T11:03:13","modified_gmt":"2026-01-24T09:03:13","slug":"jaunums-pagarinatajs-ar-iebuvetu-wi-fi-pro-noklausisanas-funkciju","status":"publish","type":"product","link":"https:\/\/izsekosanasierices.lv\/et\/produkts\/uus-laiendus-sisseehitatud-wi-fi-pro-kuulamisfunktsiooniga\/","title":{"rendered":"UUS - Extender sisseehitatud WI-FI PRO pealtkuulamisfunktsiooniga"},"content":{"rendered":"<h3><strong>Tehnilised parameetrid:<\/strong><\/h3>\n<ul>\n<li>Heli: parim WiFi helikvaliteet<\/li>\n<li>T\u00f6\u00f6tab nagu diktofon (salvestab heliseadmesse, salvestusi saab eemalt alla laadida)<\/li>\n<li>Ei tekita mingit heli<\/li>\n<li>Pikkus 1,5 m<\/li>\n<li>32 gb sisem\u00e4lu salvestuste jaoks (kauglaadimine)<\/li>\n<li>Mobiilirakendus<\/li>\n<li>Mikrofon: k\u00f5rge helikvaliteet<\/li>\n<li>Toimimine: 24\/7<\/li>\n<li>Seade v\u00f5ib saata teate ja teha automaatse helisalvestuse (kui ta saab heli 50db, 60db v\u00f5i 70db).<\/li>\n<li>M\u00f5\u00f5tmed: 80 mm x 395 mm x 64 mm<\/li>\n<li>Kui ostate toote, peate teadma Wifi v\u00f5rgu nime ja parooli (me konfigureerime selle teie jaoks, teil on vaja lihtsalt \u00fchendada see pistikupessa).<\/li>\n<li><strong>Garantii 12 kuud<\/strong><\/li>\n<\/ul>\n<p><span style=\"color: #ff0000;\"><strong>Vajad kiiret sama p\u00e4eva (ja n\u00e4dalavahetuse) kohaletoimetamist? Helistage +371-20484176<\/strong><\/span><\/p>\n<p>Kasutamine: teie ohutuse tagamiseks, laste ohutuse tagamiseks.<\/p>\n<p><strong>Sisaldab:<\/strong><\/p>\n<ul>\n<li>WiFi pikendusjuhe;<\/li>\n<li>juhised<\/li>\n<\/ul>\n<p><strong>Kasutage enda ja oma laste ohutuse tagamiseks.<\/strong><\/p>\n<p>WiFi Extender koos kuulamisseadmega on uus toode turul, millel puudub analoog: tegemist on tippkvaliteediga. Selle ekstenderiga saate kvaliteetse heli, saate audioseadmetele eemalt ligi (ei pea kogu aeg kuulama) ja saate salvestusi rakenduse kaudu mobiiltelefoni alla laadida. Sisemine m\u00e4lu on 32 GB. Seade salvestab heli automaatselt. N\u00e4iteks kui inimesed hakkavad r\u00e4\u00e4kima, saate oma telefoni teate. Kui te saate seda sel ajal teha, saate kuulata reaalajas, kuid kui te ei saa sel ajal kuulata, salvestatakse toimuv seadme sisem\u00e4llu ja salvestused on teile eemalt k\u00e4ttesaadavad.<\/p>\n<p><strong>Mille poolest on see kuulamise seade parem kui GSM?<\/strong><\/p>\n<ul>\n<li>See salvestab salvestused sisem\u00e4llu;<\/li>\n<li>kirjed on k\u00e4ttesaadavad eemalt;<\/li>\n<li>k\u00f5rgem helikvaliteet.<\/li>\n<\/ul>\n<p>Kas otsite k\u00f5rgekvaliteedilist helisalvestajat, millel on sisseehitatud pealtkuulamisfunktsioon?<\/p>\n<p>Siis vajate UUT WiFi PRO Extenderit koos sisseehitatud kuulamisseadmega! See revolutsiooniline seade ei ole v\u00f5rreldav \u00fchegi teise turul oleva seadmega, pakkudes kvaliteetset heli ilma reaalajas kuulamise vajaduseta. Seadmel on 32 GB sisem\u00e4lu. Mobiilirakenduse abil saate kaugjuurdep\u00e4\u00e4su salvestustele ja teateid, kui inimesed hakkavad r\u00e4\u00e4kima, nii et saate kuulata toimuvat kohe v\u00f5i salvestada heli hilisemaks kuulamiseks. Mille poolest on see laiendaja parem kui GSM-mudelid? See salvestab heli otse sisem\u00e4llu, andes teile kaugjuurdep\u00e4\u00e4su salvestustele ja suurep\u00e4rase helikvaliteedi.<\/p>\n<h3>FUNKTSIOONID<\/h3>\n<p>K\u00f5rge helikvaliteet.<\/p>\n<p>&nbsp;<\/p>","protected":false},"excerpt":{"rendered":"<p>WiFi Extender koos kuulamisseadmega on uus toode turul, millel puudub analoog: see on tippkvaliteediga seade.<\/p>","protected":false},"featured_media":1956,"template":"","meta":[],"product_brand":[],"product_cat":[335,351,337,352],"product_tag":[62,338,339,340,341],"class_list":{"0":"post-1333","1":"product","2":"type-product","3":"status-publish","4":"has-post-thumbnail","6":"product_cat-noklausisanas-ierices","7":"product_cat-pagarinatajs-ar-iebuvetu-noklausisanas-iekartu","8":"product_cat-profesionals-noklausisanas-aprikojums","9":"product_cat-wi-fi-noklausisanas-iekartas-jaunums","10":"product_tag-gsm-blake","11":"product_tag-noklausisanas-iekartas","12":"product_tag-noklausisanas-kluda","13":"product_tag-profesionalas-noklausisanas-iekartas","14":"product_tag-sarunu-noklausisanas","16":"first","17":"instock","18":"taxable","19":"shipping-taxable","20":"purchasable","21":"product-type-simple"},"yoast_head":"<!-- This site is optimized with the Yoast SEO plugin v27.3 - https:\/\/yoast.com\/product\/yoast-seo-wordpress\/ -->\n<title>Jaunums pagarin\u0101t\u0101js ar ieb\u016bv\u0113tu WIFI Pro noklaus\u012b\u0161an\u0101s funkciju<\/title>\n<meta name=\"description\" content=\"WiFi pagarin\u0101t\u0101js ar noklaus\u012b\u0161an\u0101s ier\u012bci ir jauns produkts tirg\u016b, kam nav analogu: tas ir augst\u0101k\u0101s kvalit\u0101tes apr\u012bkojums. Zema cena Iek\u0161\u0113j\u0101 atmi\u0146a 32 GB\" \/>\n<meta name=\"robots\" content=\"index, follow, max-snippet:-1, max-image-preview:large, max-video-preview:-1\" \/>\n<link rel=\"canonical\" href=\"https:\/\/izsekosanasierices.lv\/et\/produkts\/uus-laiendus-sisseehitatud-wi-fi-pro-kuulamisfunktsiooniga\/\" \/>\n<meta property=\"og:locale\" content=\"et_EE\" \/>\n<meta property=\"og:type\" content=\"article\" \/>\n<meta property=\"og:title\" content=\"PRO Extender ar WI FI noklaus\u012b\u0161an\u0101s iek\u0101rt\u0101m - jaun\u0101kais tirg\u016b\" \/>\n<meta property=\"og:description\" content=\"Profesion\u0101la GSM noklaus\u012b\u0161an\u0101s iek\u0101rta, kas lieliski piem\u0113rota sarunu ierakst\u012b\u0161anai. Lab\u0101k\u0101 kvalit\u0101te tirg\u016b ar l\u012bdz pat 10 dien\u0101m ilgu akumulatora darb\u012bbas laiku. VOX - zvana ar ska\u0146u\" \/>\n<meta property=\"og:url\" content=\"https:\/\/izsekosanasierices.lv\/et\/produkts\/uus-laiendus-sisseehitatud-wi-fi-pro-kuulamisfunktsiooniga\/\" \/>\n<meta property=\"og:site_name\" content=\"Nr1 Izseko\u0161anas ier\u012bces gps izseko\u0161anas iek\u0101rtas, klaus\u012b\u0161an\u0101s iek\u0101rtas\" \/>\n<meta property=\"article:modified_time\" content=\"2026-01-24T09:03:13+00:00\" \/>\n<meta property=\"og:image\" content=\"https:\/\/rvnski.dev\/sekimoiranga\/wp-content\/uploads\/izsekosanasierices.webp\" \/>\n<meta name=\"twitter:card\" content=\"summary_large_image\" \/>\n<meta name=\"twitter:title\" content=\"PRO Extender ar WI FI noklaus\u012b\u0161an\u0101s iek\u0101rt\u0101m - jaun\u0101kais tirg\u016b\" \/>\n<meta name=\"twitter:description\" content=\"Profesion\u0101la GSM noklaus\u012b\u0161an\u0101s iek\u0101rta, kas lieliski piem\u0113rota sarunu ierakst\u012b\u0161anai. Lab\u0101k\u0101 kvalit\u0101te tirg\u016b ar l\u012bdz pat 10 dien\u0101m ilgu akumulatora darb\u012bbas laiku. VOX - zvana ar ska\u0146u\" \/>\n<meta name=\"twitter:label1\" content=\"Est. reading time\" \/>\n\t<meta name=\"twitter:data1\" content=\"3 minutit\" \/>\n<script type=\"application\/ld+json\" class=\"yoast-schema-graph\">{\"@context\":\"https:\\\/\\\/schema.org\",\"@graph\":[{\"@type\":\"WebPage\",\"@id\":\"https:\\\/\\\/izsekosanasierices.lv\\\/produkts\\\/jaunums-pagarinatajs-ar-iebuvetu-wi-fi-pro-noklausisanas-funkciju\\\/\",\"url\":\"https:\\\/\\\/izsekosanasierices.lv\\\/produkts\\\/jaunums-pagarinatajs-ar-iebuvetu-wi-fi-pro-noklausisanas-funkciju\\\/\",\"name\":\"Jaunums pagarin\u0101t\u0101js ar ieb\u016bv\u0113tu WIFI Pro noklaus\u012b\u0161an\u0101s funkciju\",\"isPartOf\":{\"@id\":\"https:\\\/\\\/izsekosanasierices.lv\\\/#website\"},\"primaryImageOfPage\":{\"@id\":\"https:\\\/\\\/izsekosanasierices.lv\\\/produkts\\\/jaunums-pagarinatajs-ar-iebuvetu-wi-fi-pro-noklausisanas-funkciju\\\/#primaryimage\"},\"image\":{\"@id\":\"https:\\\/\\\/izsekosanasierices.lv\\\/produkts\\\/jaunums-pagarinatajs-ar-iebuvetu-wi-fi-pro-noklausisanas-funkciju\\\/#primaryimage\"},\"thumbnailUrl\":\"https:\\\/\\\/izsekosanasierices.lv\\\/wp-content\\\/uploads\\\/izsekosanasierices-naujiena-pro-prailgintuvas-su-imontuota-pasiklausymo-iranga-wi-fi.jpg\",\"datePublished\":\"2023-10-05T15:37:43+00:00\",\"dateModified\":\"2026-01-24T09:03:13+00:00\",\"description\":\"WiFi pagarin\u0101t\u0101js ar noklaus\u012b\u0161an\u0101s ier\u012bci ir jauns produkts tirg\u016b, kam nav analogu: tas ir augst\u0101k\u0101s kvalit\u0101tes apr\u012bkojums. Zema cena Iek\u0161\u0113j\u0101 atmi\u0146a 32 GB\",\"breadcrumb\":{\"@id\":\"https:\\\/\\\/izsekosanasierices.lv\\\/produkts\\\/jaunums-pagarinatajs-ar-iebuvetu-wi-fi-pro-noklausisanas-funkciju\\\/#breadcrumb\"},\"inLanguage\":\"et\",\"potentialAction\":[{\"@type\":\"ReadAction\",\"target\":[\"https:\\\/\\\/izsekosanasierices.lv\\\/produkts\\\/jaunums-pagarinatajs-ar-iebuvetu-wi-fi-pro-noklausisanas-funkciju\\\/\"]}]},{\"@type\":\"ImageObject\",\"inLanguage\":\"et\",\"@id\":\"https:\\\/\\\/izsekosanasierices.lv\\\/produkts\\\/jaunums-pagarinatajs-ar-iebuvetu-wi-fi-pro-noklausisanas-funkciju\\\/#primaryimage\",\"url\":\"https:\\\/\\\/izsekosanasierices.lv\\\/wp-content\\\/uploads\\\/izsekosanasierices-naujiena-pro-prailgintuvas-su-imontuota-pasiklausymo-iranga-wi-fi.jpg\",\"contentUrl\":\"https:\\\/\\\/izsekosanasierices.lv\\\/wp-content\\\/uploads\\\/izsekosanasierices-naujiena-pro-prailgintuvas-su-imontuota-pasiklausymo-iranga-wi-fi.jpg\",\"width\":620,\"height\":466,\"caption\":\"NAUJIENA PRO prailgintuvas su \u012fmontuota pasiklausymo \u012franga WI FI\"},{\"@type\":\"BreadcrumbList\",\"@id\":\"https:\\\/\\\/izsekosanasierices.lv\\\/produkts\\\/jaunums-pagarinatajs-ar-iebuvetu-wi-fi-pro-noklausisanas-funkciju\\\/#breadcrumb\",\"itemListElement\":[{\"@type\":\"ListItem\",\"position\":1,\"name\":\"S\u0101kums\",\"item\":\"https:\\\/\\\/izsekosanasierices.lv\\\/\"},{\"@type\":\"ListItem\",\"position\":2,\"name\":\"Veikals\",\"item\":\"https:\\\/\\\/izsekosanasierices.lv\\\/veikals\\\/\"},{\"@type\":\"ListItem\",\"position\":3,\"name\":\"JAUNUMS \u2013pagarin\u0101t\u0101js ar ieb\u016bv\u0113tu WI-FI PRO noklaus\u012b\u0161an\u0101s funkciju\"}]},{\"@type\":\"WebSite\",\"@id\":\"https:\\\/\\\/izsekosanasierices.lv\\\/#website\",\"url\":\"https:\\\/\\\/izsekosanasierices.lv\\\/\",\"name\":\"Nr1 Izseko\u0161anas ier\u012bces gps izseko\u0161anas iek\u0101rtas, klaus\u012b\u0161an\u0101s iek\u0101rtas\",\"description\":\"\",\"potentialAction\":[{\"@type\":\"SearchAction\",\"target\":{\"@type\":\"EntryPoint\",\"urlTemplate\":\"https:\\\/\\\/izsekosanasierices.lv\\\/?s={search_term_string}\"},\"query-input\":{\"@type\":\"PropertyValueSpecification\",\"valueRequired\":true,\"valueName\":\"search_term_string\"}}],\"inLanguage\":\"et\"}]}<\/script>\n<!-- \/ Yoast SEO plugin. -->","yoast_head_json":{"title":"Jaunums pagarin\u0101t\u0101js ar ieb\u016bv\u0113tu WIFI Pro noklaus\u012b\u0161an\u0101s funkciju","description":"WiFi pagarin\u0101t\u0101js ar noklaus\u012b\u0161an\u0101s ier\u012bci ir jauns produkts tirg\u016b, kam nav analogu: tas ir augst\u0101k\u0101s kvalit\u0101tes apr\u012bkojums. Zema cena Iek\u0161\u0113j\u0101 atmi\u0146a 32 GB","robots":{"index":"index","follow":"follow","max-snippet":"max-snippet:-1","max-image-preview":"max-image-preview:large","max-video-preview":"max-video-preview:-1"},"canonical":"https:\/\/izsekosanasierices.lv\/et\/produkts\/uus-laiendus-sisseehitatud-wi-fi-pro-kuulamisfunktsiooniga\/","og_locale":"et_EE","og_type":"article","og_title":"PRO Extender ar WI FI noklaus\u012b\u0161an\u0101s iek\u0101rt\u0101m - jaun\u0101kais tirg\u016b","og_description":"Profesion\u0101la GSM noklaus\u012b\u0161an\u0101s iek\u0101rta, kas lieliski piem\u0113rota sarunu ierakst\u012b\u0161anai. Lab\u0101k\u0101 kvalit\u0101te tirg\u016b ar l\u012bdz pat 10 dien\u0101m ilgu akumulatora darb\u012bbas laiku. VOX - zvana ar ska\u0146u","og_url":"https:\/\/izsekosanasierices.lv\/et\/produkts\/uus-laiendus-sisseehitatud-wi-fi-pro-kuulamisfunktsiooniga\/","og_site_name":"Nr1 Izseko\u0161anas ier\u012bces gps izseko\u0161anas iek\u0101rtas, klaus\u012b\u0161an\u0101s iek\u0101rtas","article_modified_time":"2026-01-24T09:03:13+00:00","og_image":[{"url":"https:\/\/rvnski.dev\/sekimoiranga\/wp-content\/uploads\/izsekosanasierices.webp","type":"","width":"","height":""}],"twitter_card":"summary_large_image","twitter_title":"PRO Extender ar WI FI noklaus\u012b\u0161an\u0101s iek\u0101rt\u0101m - jaun\u0101kais tirg\u016b","twitter_description":"Profesion\u0101la GSM noklaus\u012b\u0161an\u0101s iek\u0101rta, kas lieliski piem\u0113rota sarunu ierakst\u012b\u0161anai. Lab\u0101k\u0101 kvalit\u0101te tirg\u016b ar l\u012bdz pat 10 dien\u0101m ilgu akumulatora darb\u012bbas laiku. VOX - zvana ar ska\u0146u","twitter_misc":{"Est. reading time":"3 minutit"},"schema":{"@context":"https:\/\/schema.org","@graph":[{"@type":"WebPage","@id":"https:\/\/izsekosanasierices.lv\/produkts\/jaunums-pagarinatajs-ar-iebuvetu-wi-fi-pro-noklausisanas-funkciju\/","url":"https:\/\/izsekosanasierices.lv\/produkts\/jaunums-pagarinatajs-ar-iebuvetu-wi-fi-pro-noklausisanas-funkciju\/","name":"Jaunums pagarin\u0101t\u0101js ar ieb\u016bv\u0113tu WIFI Pro noklaus\u012b\u0161an\u0101s funkciju","isPartOf":{"@id":"https:\/\/izsekosanasierices.lv\/#website"},"primaryImageOfPage":{"@id":"https:\/\/izsekosanasierices.lv\/produkts\/jaunums-pagarinatajs-ar-iebuvetu-wi-fi-pro-noklausisanas-funkciju\/#primaryimage"},"image":{"@id":"https:\/\/izsekosanasierices.lv\/produkts\/jaunums-pagarinatajs-ar-iebuvetu-wi-fi-pro-noklausisanas-funkciju\/#primaryimage"},"thumbnailUrl":"https:\/\/izsekosanasierices.lv\/wp-content\/uploads\/izsekosanasierices-naujiena-pro-prailgintuvas-su-imontuota-pasiklausymo-iranga-wi-fi.jpg","datePublished":"2023-10-05T15:37:43+00:00","dateModified":"2026-01-24T09:03:13+00:00","description":"WiFi pagarin\u0101t\u0101js ar noklaus\u012b\u0161an\u0101s ier\u012bci ir jauns produkts tirg\u016b, kam nav analogu: tas ir augst\u0101k\u0101s kvalit\u0101tes apr\u012bkojums. Zema cena Iek\u0161\u0113j\u0101 atmi\u0146a 32 GB","breadcrumb":{"@id":"https:\/\/izsekosanasierices.lv\/produkts\/jaunums-pagarinatajs-ar-iebuvetu-wi-fi-pro-noklausisanas-funkciju\/#breadcrumb"},"inLanguage":"et","potentialAction":[{"@type":"ReadAction","target":["https:\/\/izsekosanasierices.lv\/produkts\/jaunums-pagarinatajs-ar-iebuvetu-wi-fi-pro-noklausisanas-funkciju\/"]}]},{"@type":"ImageObject","inLanguage":"et","@id":"https:\/\/izsekosanasierices.lv\/produkts\/jaunums-pagarinatajs-ar-iebuvetu-wi-fi-pro-noklausisanas-funkciju\/#primaryimage","url":"https:\/\/izsekosanasierices.lv\/wp-content\/uploads\/izsekosanasierices-naujiena-pro-prailgintuvas-su-imontuota-pasiklausymo-iranga-wi-fi.jpg","contentUrl":"https:\/\/izsekosanasierices.lv\/wp-content\/uploads\/izsekosanasierices-naujiena-pro-prailgintuvas-su-imontuota-pasiklausymo-iranga-wi-fi.jpg","width":620,"height":466,"caption":"NAUJIENA PRO prailgintuvas su \u012fmontuota pasiklausymo \u012franga WI FI"},{"@type":"BreadcrumbList","@id":"https:\/\/izsekosanasierices.lv\/produkts\/jaunums-pagarinatajs-ar-iebuvetu-wi-fi-pro-noklausisanas-funkciju\/#breadcrumb","itemListElement":[{"@type":"ListItem","position":1,"name":"S\u0101kums","item":"https:\/\/izsekosanasierices.lv\/"},{"@type":"ListItem","position":2,"name":"Veikals","item":"https:\/\/izsekosanasierices.lv\/veikals\/"},{"@type":"ListItem","position":3,"name":"JAUNUMS \u2013pagarin\u0101t\u0101js ar ieb\u016bv\u0113tu WI-FI PRO noklaus\u012b\u0161an\u0101s funkciju"}]},{"@type":"WebSite","@id":"https:\/\/izsekosanasierices.lv\/#website","url":"https:\/\/izsekosanasierices.lv\/","name":"Nr1 Izseko\u0161anas ier\u012bces gps izseko\u0161anas iek\u0101rtas, klaus\u012b\u0161an\u0101s iek\u0101rtas","description":"","potentialAction":[{"@type":"SearchAction","target":{"@type":"EntryPoint","urlTemplate":"https:\/\/izsekosanasierices.lv\/?s={search_term_string}"},"query-input":{"@type":"PropertyValueSpecification","valueRequired":true,"valueName":"search_term_string"}}],"inLanguage":"et"}]}},"_links":{"self":[{"href":"https:\/\/izsekosanasierices.lv\/et\/wp-json\/wp\/v2\/product\/1333","targetHints":{"allow":["GET"]}}],"collection":[{"href":"https:\/\/izsekosanasierices.lv\/et\/wp-json\/wp\/v2\/product"}],"about":[{"href":"https:\/\/izsekosanasierices.lv\/et\/wp-json\/wp\/v2\/types\/product"}],"wp:featuredmedia":[{"embeddable":true,"href":"https:\/\/izsekosanasierices.lv\/et\/wp-json\/wp\/v2\/media\/1956"}],"wp:attachment":[{"href":"https:\/\/izsekosanasierices.lv\/et\/wp-json\/wp\/v2\/media?parent=1333"}],"wp:term":[{"taxonomy":"product_brand","embeddable":true,"href":"https:\/\/izsekosanasierices.lv\/et\/wp-json\/wp\/v2\/product_brand?post=1333"},{"taxonomy":"product_cat","embeddable":true,"href":"https:\/\/izsekosanasierices.lv\/et\/wp-json\/wp\/v2\/product_cat?post=1333"},{"taxonomy":"product_tag","embeddable":true,"href":"https:\/\/izsekosanasierices.lv\/et\/wp-json\/wp\/v2\/product_tag?post=1333"}],"curies":[{"name":"wp","href":"https:\/\/api.w.org\/{rel}","templated":true}]}}