{"id":1334,"date":"2023-10-05T15:37:43","date_gmt":"2023-10-05T15:37:43","guid":{"rendered":"https:\/\/izsekosanasierices.lv\/produktas\/pro-prailgntuvas-ilgiklis-su-gsm-blake-imontuota\/"},"modified":"2025-11-19T17:00:06","modified_gmt":"2025-11-19T15:00:06","slug":"pagarinatajs-ar-iebuvetu-pro-gsm-noklausisanas-ierice","status":"publish","type":"product","link":"https:\/\/izsekosanasierices.lv\/et\/produkts\/laiendus-koos-pro-gsm-kuulamisseadmega\/","title":{"rendered":"Extender koos sisseehitatud PRO GSM-kuulamisseadmega"},"content":{"rendered":"<h3><strong>Tehnilised parameetrid:<\/strong><\/h3>\n<ul>\n<li>Heliedastus: GSM-\u00fchendus<\/li>\n<li>Ei tekita mingit heli<\/li>\n<li>Juhtme pikkus: 1,5 m<\/li>\n<li>V\u00f5imalik otse\u00fclekannete pealtkuulamine<\/li>\n<li>Mobiilirakendus<\/li>\n<li>Mikrofon: k\u00f5rge helikvaliteet<\/li>\n<li>Toimimine: 24\/7<\/li>\n<li>M\u00f5\u00f5tmed: 50 mm x 290 mm x 35 mm<\/li>\n<li><strong>SIM-kaart lisatud<\/strong><\/li>\n<li><strong>Garantii 12 kuud<\/strong><\/li>\n<\/ul>\n<p><span style=\"color: #ff0000;\"><strong>Vajad kiiret sama p\u00e4eva (ja n\u00e4dalavahetuse) kohaletoimetamist? Helistage +371-20484176<\/strong><\/span><\/p>\n<p>Kasutamine: teie ohutuse tagamiseks, laste ohutuse tagamiseks.<\/p>\n<p><strong>Sisaldab:<\/strong><\/p>\n<ul>\n<li>Pikendusjuhe sisseehitatud kuulamisseadmega;<\/li>\n<li>juhised<\/li>\n<\/ul>\n<p>Kasutage enda ja oma laste ohutuse tagamiseks.<\/p>\n<p>Saate seadmed, mis on kasutusvalmis. See ei tekita heli ega valgust. Seadme kasutamiseks peate \u00fchenduma v\u00f5rku ja saate kuulata otse\u00fclekandeid.<\/p>\n<p>Kvaliteetne HQ-mikrofon hea heli tagamiseks. P\u00e4rast laiendaja vooluv\u00f5rgust lahti\u00fchendamist t\u00f6\u00f6tab see umbes 3 tundi ilma laadimiseta. Tasuta kohaletoimetamine kogu Euroopas.<\/p>\n<p>Me t\u00f6\u00f6tame ilma puhkuseta.<\/p>","protected":false},"excerpt":{"rendered":"<p>Pikendusjuhtmel on sisseehitatud kuulamise seade. Vestluste pealtkuulamine. Kvaliteetne heli. Lihtne kasutada. Lai valik j\u00e4lgimisseadmeid.<\/p>","protected":false},"featured_media":1959,"template":"","meta":[],"product_brand":[],"product_cat":[336,335,351,337],"product_tag":[62,338,339,340,341],"class_list":{"0":"post-1334","1":"product","2":"type-product","3":"status-publish","4":"has-post-thumbnail","6":"product_cat-gsm-noklausisanas-iekartas-blakes","7":"product_cat-noklausisanas-ierices","8":"product_cat-pagarinatajs-ar-iebuvetu-noklausisanas-iekartu","9":"product_cat-profesionals-noklausisanas-aprikojums","10":"product_tag-gsm-blake","11":"product_tag-noklausisanas-iekartas","12":"product_tag-noklausisanas-kluda","13":"product_tag-profesionalas-noklausisanas-iekartas","14":"product_tag-sarunu-noklausisanas","16":"first","17":"instock","18":"taxable","19":"shipping-taxable","20":"purchasable","21":"product-type-simple"},"yoast_head":"<!-- This site is optimized with the Yoast SEO plugin v27.5 - https:\/\/yoast.com\/product\/yoast-seo-wordpress\/ -->\n<title>Pagarin\u0101t\u0101js ar ieb\u016bv\u0113tu PRO GSM noklaus\u012b\u0161an\u0101s ier\u012bce<\/title>\n<meta name=\"description\" content=\"Pagarin\u0101t\u0101j\u0101 ieb\u016bv\u0113ta noklaus\u012b\u0161an\u0101s iek\u0101rta. Iesp\u0113ja noklaus\u012bties sarunas. Augstas kvalit\u0101tes ska\u0146a. Viegli lietojams. Pla\u0161a izseko\u0161anas apr\u012bkojuma izv\u0113le.\" \/>\n<meta name=\"robots\" content=\"index, follow, max-snippet:-1, max-image-preview:large, max-video-preview:-1\" \/>\n<link rel=\"canonical\" href=\"https:\/\/izsekosanasierices.lv\/et\/produkts\/laiendus-koos-pro-gsm-kuulamisseadmega\/\" \/>\n<meta property=\"og:locale\" content=\"et_EE\" \/>\n<meta property=\"og:type\" content=\"article\" \/>\n<meta property=\"og:title\" content=\"Papla\u0161in\u0101t\u0101js ar ieb\u016bv\u0113tu noklaus\u012b\u0161an\u0101s ier\u012bci GSM pagarin\u0101t\u0101js\" \/>\n<meta property=\"og:description\" content=\"Pagarin\u0101t\u0101js ar ieb\u016bv\u0113tu noklaus\u012b\u0161an\u0101s iek\u0101rtu. Lai klaus\u012btos sarun\u0101s. Augstas kvalit\u0101tes ska\u0146a, viegli lietojams. Pla\u0161a izseko\u0161anas apr\u012bkojuma izv\u0113le.\" \/>\n<meta property=\"og:url\" content=\"https:\/\/izsekosanasierices.lv\/et\/produkts\/laiendus-koos-pro-gsm-kuulamisseadmega\/\" \/>\n<meta property=\"og:site_name\" content=\"Nr1 Izseko\u0161anas ier\u012bces gps izseko\u0161anas iek\u0101rtas, klaus\u012b\u0161an\u0101s iek\u0101rtas\" \/>\n<meta property=\"article:modified_time\" content=\"2025-11-19T15:00:06+00:00\" \/>\n<meta property=\"og:image\" content=\"https:\/\/rvnski.dev\/sekimoiranga\/wp-content\/uploads\/izsekosanasierices.webp\" \/>\n<meta name=\"twitter:card\" content=\"summary_large_image\" \/>\n<meta name=\"twitter:title\" content=\"Papla\u0161in\u0101t\u0101js ar ieb\u016bv\u0113tu noklaus\u012b\u0161an\u0101s ier\u012bci GSM pagarin\u0101t\u0101js\" \/>\n<meta name=\"twitter:description\" content=\"Pagarin\u0101t\u0101js ar ieb\u016bv\u0113tu noklaus\u012b\u0161an\u0101s iek\u0101rtu. Lai klaus\u012btos sarun\u0101s. Augstas kvalit\u0101tes ska\u0146a, viegli lietojams. Pla\u0161a izseko\u0161anas apr\u012bkojuma izv\u0113le.\" \/>\n<meta name=\"twitter:label1\" content=\"Est. reading time\" \/>\n\t<meta name=\"twitter:data1\" content=\"1 minut\" \/>\n<script type=\"application\/ld+json\" class=\"yoast-schema-graph\">{\"@context\":\"https:\\\/\\\/schema.org\",\"@graph\":[{\"@type\":\"WebPage\",\"@id\":\"https:\\\/\\\/izsekosanasierices.lv\\\/produkts\\\/pagarinatajs-ar-iebuvetu-pro-gsm-noklausisanas-ierice\\\/\",\"url\":\"https:\\\/\\\/izsekosanasierices.lv\\\/produkts\\\/pagarinatajs-ar-iebuvetu-pro-gsm-noklausisanas-ierice\\\/\",\"name\":\"Pagarin\u0101t\u0101js ar ieb\u016bv\u0113tu PRO GSM noklaus\u012b\u0161an\u0101s ier\u012bce\",\"isPartOf\":{\"@id\":\"https:\\\/\\\/izsekosanasierices.lv\\\/#website\"},\"primaryImageOfPage\":{\"@id\":\"https:\\\/\\\/izsekosanasierices.lv\\\/produkts\\\/pagarinatajs-ar-iebuvetu-pro-gsm-noklausisanas-ierice\\\/#primaryimage\"},\"image\":{\"@id\":\"https:\\\/\\\/izsekosanasierices.lv\\\/produkts\\\/pagarinatajs-ar-iebuvetu-pro-gsm-noklausisanas-ierice\\\/#primaryimage\"},\"thumbnailUrl\":\"https:\\\/\\\/izsekosanasierices.lv\\\/wp-content\\\/uploads\\\/izsekosanasierices-pro-prailgntuvas-ilgiklis-su-gsm-blake-imontuota.jpg\",\"datePublished\":\"2023-10-05T15:37:43+00:00\",\"dateModified\":\"2025-11-19T15:00:06+00:00\",\"description\":\"Pagarin\u0101t\u0101j\u0101 ieb\u016bv\u0113ta noklaus\u012b\u0161an\u0101s iek\u0101rta. Iesp\u0113ja noklaus\u012bties sarunas. Augstas kvalit\u0101tes ska\u0146a. Viegli lietojams. Pla\u0161a izseko\u0161anas apr\u012bkojuma izv\u0113le.\",\"breadcrumb\":{\"@id\":\"https:\\\/\\\/izsekosanasierices.lv\\\/produkts\\\/pagarinatajs-ar-iebuvetu-pro-gsm-noklausisanas-ierice\\\/#breadcrumb\"},\"inLanguage\":\"et\",\"potentialAction\":[{\"@type\":\"ReadAction\",\"target\":[\"https:\\\/\\\/izsekosanasierices.lv\\\/produkts\\\/pagarinatajs-ar-iebuvetu-pro-gsm-noklausisanas-ierice\\\/\"]}]},{\"@type\":\"ImageObject\",\"inLanguage\":\"et\",\"@id\":\"https:\\\/\\\/izsekosanasierices.lv\\\/produkts\\\/pagarinatajs-ar-iebuvetu-pro-gsm-noklausisanas-ierice\\\/#primaryimage\",\"url\":\"https:\\\/\\\/izsekosanasierices.lv\\\/wp-content\\\/uploads\\\/izsekosanasierices-pro-prailgntuvas-ilgiklis-su-gsm-blake-imontuota.jpg\",\"contentUrl\":\"https:\\\/\\\/izsekosanasierices.lv\\\/wp-content\\\/uploads\\\/izsekosanasierices-pro-prailgntuvas-ilgiklis-su-gsm-blake-imontuota.jpg\",\"width\":800,\"height\":800,\"caption\":\"ilgiklis su slapta pasiklausymo \u012franga\"},{\"@type\":\"BreadcrumbList\",\"@id\":\"https:\\\/\\\/izsekosanasierices.lv\\\/produkts\\\/pagarinatajs-ar-iebuvetu-pro-gsm-noklausisanas-ierice\\\/#breadcrumb\",\"itemListElement\":[{\"@type\":\"ListItem\",\"position\":1,\"name\":\"S\u0101kums\",\"item\":\"https:\\\/\\\/izsekosanasierices.lv\\\/\"},{\"@type\":\"ListItem\",\"position\":2,\"name\":\"Veikals\",\"item\":\"https:\\\/\\\/izsekosanasierices.lv\\\/veikals\\\/\"},{\"@type\":\"ListItem\",\"position\":3,\"name\":\"Pagarin\u0101t\u0101js ar ieb\u016bv\u0113tu PRO GSM noklaus\u012b\u0161an\u0101s ier\u012bce\"}]},{\"@type\":\"WebSite\",\"@id\":\"https:\\\/\\\/izsekosanasierices.lv\\\/#website\",\"url\":\"https:\\\/\\\/izsekosanasierices.lv\\\/\",\"name\":\"Nr1 Izseko\u0161anas ier\u012bces gps izseko\u0161anas iek\u0101rtas, klaus\u012b\u0161an\u0101s iek\u0101rtas\",\"description\":\"\",\"potentialAction\":[{\"@type\":\"SearchAction\",\"target\":{\"@type\":\"EntryPoint\",\"urlTemplate\":\"https:\\\/\\\/izsekosanasierices.lv\\\/?s={search_term_string}\"},\"query-input\":{\"@type\":\"PropertyValueSpecification\",\"valueRequired\":true,\"valueName\":\"search_term_string\"}}],\"inLanguage\":\"et\"}]}<\/script>\n<!-- \/ Yoast SEO plugin. -->","yoast_head_json":{"title":"Pagarin\u0101t\u0101js ar ieb\u016bv\u0113tu PRO GSM noklaus\u012b\u0161an\u0101s ier\u012bce","description":"Pagarin\u0101t\u0101j\u0101 ieb\u016bv\u0113ta noklaus\u012b\u0161an\u0101s iek\u0101rta. Iesp\u0113ja noklaus\u012bties sarunas. Augstas kvalit\u0101tes ska\u0146a. Viegli lietojams. Pla\u0161a izseko\u0161anas apr\u012bkojuma izv\u0113le.","robots":{"index":"index","follow":"follow","max-snippet":"max-snippet:-1","max-image-preview":"max-image-preview:large","max-video-preview":"max-video-preview:-1"},"canonical":"https:\/\/izsekosanasierices.lv\/et\/produkts\/laiendus-koos-pro-gsm-kuulamisseadmega\/","og_locale":"et_EE","og_type":"article","og_title":"Papla\u0161in\u0101t\u0101js ar ieb\u016bv\u0113tu noklaus\u012b\u0161an\u0101s ier\u012bci GSM pagarin\u0101t\u0101js","og_description":"Pagarin\u0101t\u0101js ar ieb\u016bv\u0113tu noklaus\u012b\u0161an\u0101s iek\u0101rtu. Lai klaus\u012btos sarun\u0101s. Augstas kvalit\u0101tes ska\u0146a, viegli lietojams. Pla\u0161a izseko\u0161anas apr\u012bkojuma izv\u0113le.","og_url":"https:\/\/izsekosanasierices.lv\/et\/produkts\/laiendus-koos-pro-gsm-kuulamisseadmega\/","og_site_name":"Nr1 Izseko\u0161anas ier\u012bces gps izseko\u0161anas iek\u0101rtas, klaus\u012b\u0161an\u0101s iek\u0101rtas","article_modified_time":"2025-11-19T15:00:06+00:00","og_image":[{"url":"https:\/\/rvnski.dev\/sekimoiranga\/wp-content\/uploads\/izsekosanasierices.webp","type":"","width":"","height":""}],"twitter_card":"summary_large_image","twitter_title":"Papla\u0161in\u0101t\u0101js ar ieb\u016bv\u0113tu noklaus\u012b\u0161an\u0101s ier\u012bci GSM pagarin\u0101t\u0101js","twitter_description":"Pagarin\u0101t\u0101js ar ieb\u016bv\u0113tu noklaus\u012b\u0161an\u0101s iek\u0101rtu. Lai klaus\u012btos sarun\u0101s. Augstas kvalit\u0101tes ska\u0146a, viegli lietojams. Pla\u0161a izseko\u0161anas apr\u012bkojuma izv\u0113le.","twitter_misc":{"Est. reading time":"1 minut"},"schema":{"@context":"https:\/\/schema.org","@graph":[{"@type":"WebPage","@id":"https:\/\/izsekosanasierices.lv\/produkts\/pagarinatajs-ar-iebuvetu-pro-gsm-noklausisanas-ierice\/","url":"https:\/\/izsekosanasierices.lv\/produkts\/pagarinatajs-ar-iebuvetu-pro-gsm-noklausisanas-ierice\/","name":"Pagarin\u0101t\u0101js ar ieb\u016bv\u0113tu PRO GSM noklaus\u012b\u0161an\u0101s ier\u012bce","isPartOf":{"@id":"https:\/\/izsekosanasierices.lv\/#website"},"primaryImageOfPage":{"@id":"https:\/\/izsekosanasierices.lv\/produkts\/pagarinatajs-ar-iebuvetu-pro-gsm-noklausisanas-ierice\/#primaryimage"},"image":{"@id":"https:\/\/izsekosanasierices.lv\/produkts\/pagarinatajs-ar-iebuvetu-pro-gsm-noklausisanas-ierice\/#primaryimage"},"thumbnailUrl":"https:\/\/izsekosanasierices.lv\/wp-content\/uploads\/izsekosanasierices-pro-prailgntuvas-ilgiklis-su-gsm-blake-imontuota.jpg","datePublished":"2023-10-05T15:37:43+00:00","dateModified":"2025-11-19T15:00:06+00:00","description":"Pagarin\u0101t\u0101j\u0101 ieb\u016bv\u0113ta noklaus\u012b\u0161an\u0101s iek\u0101rta. Iesp\u0113ja noklaus\u012bties sarunas. Augstas kvalit\u0101tes ska\u0146a. Viegli lietojams. Pla\u0161a izseko\u0161anas apr\u012bkojuma izv\u0113le.","breadcrumb":{"@id":"https:\/\/izsekosanasierices.lv\/produkts\/pagarinatajs-ar-iebuvetu-pro-gsm-noklausisanas-ierice\/#breadcrumb"},"inLanguage":"et","potentialAction":[{"@type":"ReadAction","target":["https:\/\/izsekosanasierices.lv\/produkts\/pagarinatajs-ar-iebuvetu-pro-gsm-noklausisanas-ierice\/"]}]},{"@type":"ImageObject","inLanguage":"et","@id":"https:\/\/izsekosanasierices.lv\/produkts\/pagarinatajs-ar-iebuvetu-pro-gsm-noklausisanas-ierice\/#primaryimage","url":"https:\/\/izsekosanasierices.lv\/wp-content\/uploads\/izsekosanasierices-pro-prailgntuvas-ilgiklis-su-gsm-blake-imontuota.jpg","contentUrl":"https:\/\/izsekosanasierices.lv\/wp-content\/uploads\/izsekosanasierices-pro-prailgntuvas-ilgiklis-su-gsm-blake-imontuota.jpg","width":800,"height":800,"caption":"ilgiklis su slapta pasiklausymo \u012franga"},{"@type":"BreadcrumbList","@id":"https:\/\/izsekosanasierices.lv\/produkts\/pagarinatajs-ar-iebuvetu-pro-gsm-noklausisanas-ierice\/#breadcrumb","itemListElement":[{"@type":"ListItem","position":1,"name":"S\u0101kums","item":"https:\/\/izsekosanasierices.lv\/"},{"@type":"ListItem","position":2,"name":"Veikals","item":"https:\/\/izsekosanasierices.lv\/veikals\/"},{"@type":"ListItem","position":3,"name":"Pagarin\u0101t\u0101js ar ieb\u016bv\u0113tu PRO GSM noklaus\u012b\u0161an\u0101s ier\u012bce"}]},{"@type":"WebSite","@id":"https:\/\/izsekosanasierices.lv\/#website","url":"https:\/\/izsekosanasierices.lv\/","name":"Nr1 Izseko\u0161anas ier\u012bces gps izseko\u0161anas iek\u0101rtas, klaus\u012b\u0161an\u0101s iek\u0101rtas","description":"","potentialAction":[{"@type":"SearchAction","target":{"@type":"EntryPoint","urlTemplate":"https:\/\/izsekosanasierices.lv\/?s={search_term_string}"},"query-input":{"@type":"PropertyValueSpecification","valueRequired":true,"valueName":"search_term_string"}}],"inLanguage":"et"}]}},"_links":{"self":[{"href":"https:\/\/izsekosanasierices.lv\/et\/wp-json\/wp\/v2\/product\/1334","targetHints":{"allow":["GET"]}}],"collection":[{"href":"https:\/\/izsekosanasierices.lv\/et\/wp-json\/wp\/v2\/product"}],"about":[{"href":"https:\/\/izsekosanasierices.lv\/et\/wp-json\/wp\/v2\/types\/product"}],"wp:featuredmedia":[{"embeddable":true,"href":"https:\/\/izsekosanasierices.lv\/et\/wp-json\/wp\/v2\/media\/1959"}],"wp:attachment":[{"href":"https:\/\/izsekosanasierices.lv\/et\/wp-json\/wp\/v2\/media?parent=1334"}],"wp:term":[{"taxonomy":"product_brand","embeddable":true,"href":"https:\/\/izsekosanasierices.lv\/et\/wp-json\/wp\/v2\/product_brand?post=1334"},{"taxonomy":"product_cat","embeddable":true,"href":"https:\/\/izsekosanasierices.lv\/et\/wp-json\/wp\/v2\/product_cat?post=1334"},{"taxonomy":"product_tag","embeddable":true,"href":"https:\/\/izsekosanasierices.lv\/et\/wp-json\/wp\/v2\/product_tag?post=1334"}],"curies":[{"name":"wp","href":"https:\/\/api.w.org\/{rel}","templated":true}]}}